{"id":3285,"date":"2024-06-18T09:17:18","date_gmt":"2024-06-18T06:17:18","guid":{"rendered":"https:\/\/help.jamk.fi\/peppi\/?page_id=3285"},"modified":"2025-12-03T08:22:57","modified_gmt":"2025-12-03T06:22:57","slug":"opiskelijoiden-varattavat-tilat","status":"publish","type":"page","link":"https:\/\/help.jamk.fi\/peppi\/fi\/kalenteri\/opiskelijoiden-varattavat-tilat\/","title":{"rendered":"Opiskelijoiden varattavat tilat"},"content":{"rendered":"\n<p><\/p>\n\n\n\n<h2 class=\"wp-block-heading\">Tilojen varaaminen Pepist\u00e4 tai Tuudosta<\/h2>\n\n\n\n<p>Tiloja voi varata arkisin klo 8.00\u201316.00 lukuvuoden aikana. Loma-aikoina tiloja ei voi varata. Varauksen kesto voi olla korkeintaan 8 tuntia ja viikossa voi varata korkeintaan 10 tuntia tiloja. Varauksen voi tehd\u00e4 14 p\u00e4iv\u00e4n p\u00e4\u00e4h\u00e4n.<\/p>\n\n\n\n<p>Varattavat tilat P\u00e4\u00e4kampuksella ovat C-siivess\u00e4 tilat C127 ja C128 sek\u00e4 D125 IT- Helpdeskin takana. Lutakossa opiskelijat voivat varata 4. kerroksen tilaa D406.2. Tilojen ovet ovat auki. Tilat l\u00f6ytyv\u00e4t, kun kirjoitat tilat kohtaan tilojen nimet.<\/p>\n\n\n\n<p>Tilat varataan Pepin etusivun Tilavaraukset-painikkeen kautta. <a href=\"https:\/\/help.jamk.fi\/peppi\/fi\/kalenteri\/tuudon-kalenteritoiminnot\/tilojen-qr-koodit\/\">Tiloja voi my\u00f6s varata ovien pieliss\u00e4 olevista QR-koodeista<\/a> tai <a href=\"https:\/\/help.jamk.fi\/peppi\/fi\/kalenteri\/tuudon-kalenteritoiminnot\/tilojen-varaaminen-tuudosta\/\">varata suoraan Tuudosta<\/a>.<\/p>\n\n\n\n<p>Palautteen ja varausm\u00e4\u00e4rien perusteella tarkistetaan, onko tarve lis\u00e4t\u00e4 varausaikoja.<\/p>\n\n\n\n<p><a href=\"https:\/\/help.jamk.fi\/peppi\/fi\/kalenteri\/tilavaraukset\/varausten-tekeminen\/\">Tarkemmat ohjeet opiskelijoille tilojen varaamiseen ovat t\u00e4\u00e4ll\u00e4<\/a><\/p>\n\n\n\n<h2 class=\"wp-block-heading\">Ovenpielin\u00e4yt\u00f6t<\/h2>\n\n\n\n<p>P\u00e4\u00e4kampuksen B1-k\u00e4yt\u00e4v\u00e4ll\u00e4 B114- ja B117-luokkien vieress\u00e4 on kaksi pient\u00e4 ty\u00f6skentelytilaa, joita opiskelijat voivat varata tilojen ovenpielin\u00e4yt\u00f6ist\u00e4.<\/p>\n\n\n\n<p>Lutakossa D406-tilan Framerykoppi varataan my\u00f6s ovenpielin\u00e4yt\u00f6st\u00e4<\/p>\n\n\n\n<h2 class=\"wp-block-heading\">Muut opiskelijoiden ty\u00f6skentelytilat<\/h2>\n\n\n\n<p>Kampuksilla on my\u00f6s ty\u00f6skentelytilaa, joita ei tarvitse varata. <a href=\"https:\/\/jamkstudent.sharepoint.com\/sites\/Tilat-ja-turvallisuus-Elmo\/SitePages\/Jamk-Lounget.aspx\">Lis\u00e4tietoa vapaasti k\u00e4ytett\u00e4vist\u00e4 ty\u00f6skentelytiloista on intrassa.<\/a><\/p>\n","protected":false},"excerpt":{"rendered":"<p>Tilojen varaaminen Pepist\u00e4 tai Tuudosta Tiloja voi varata arkisin klo 8.00\u201316.00 lukuvuoden aikana. Loma-aikoina tiloja ei voi varata. Varauksen kesto voi olla korkeintaan 8 tuntia ja viikossa voi varata korkeintaan 10 tuntia tiloja. Varauksen voi tehd\u00e4 14 p\u00e4iv\u00e4n p\u00e4\u00e4h\u00e4n. Varattavat tilat P\u00e4\u00e4kampuksella ovat C-siivess\u00e4 tilat C127 ja C128 sek\u00e4 D125 IT- Helpdeskin takana. Lutakossa opiskelijat [&hellip;]<\/p>\n","protected":false},"author":76,"featured_media":0,"parent":2560,"menu_order":4,"comment_status":"closed","ping_status":"closed","template":"","meta":{"_acf_changed":false,"_relevanssi_hide_post":"","_relevanssi_hide_content":"","_relevanssi_pin_for_all":"","_relevanssi_pin_keywords":"","_relevanssi_unpin_keywords":"","_relevanssi_related_keywords":"","_relevanssi_related_include_ids":"","_relevanssi_related_exclude_ids":"","_relevanssi_related_no_append":"","_relevanssi_related_not_related":"","_relevanssi_related_posts":"","_relevanssi_noindex_reason":"","footnotes":""},"categories":[],"tags":[],"class_list":["post-3285","page","type-page","status-publish","hentry"],"acf":[],"yoast_head":"<!-- This site is optimized with the Yoast SEO plugin v27.4 - https:\/\/yoast.com\/product\/yoast-seo-wordpress\/ -->\n<title>Opiskelijoiden varattavat tilat - Peppi<\/title>\n<meta name=\"robots\" content=\"index, follow, max-snippet:-1, max-image-preview:large, max-video-preview:-1\" \/>\n<link rel=\"canonical\" href=\"https:\/\/help.jamk.fi\/peppi\/fi\/kalenteri\/opiskelijoiden-varattavat-tilat\/\" \/>\n<meta property=\"og:locale\" content=\"fi_FI\" \/>\n<meta property=\"og:type\" content=\"article\" \/>\n<meta property=\"og:title\" content=\"Opiskelijoiden varattavat tilat - Peppi\" \/>\n<meta property=\"og:description\" content=\"Tilojen varaaminen Pepist\u00e4 tai Tuudosta Tiloja voi varata arkisin klo 8.00\u201316.00 lukuvuoden aikana. Loma-aikoina tiloja ei voi varata. Varauksen kesto voi olla korkeintaan 8 tuntia ja viikossa voi varata korkeintaan 10 tuntia tiloja. Varauksen voi tehd\u00e4 14 p\u00e4iv\u00e4n p\u00e4\u00e4h\u00e4n. Varattavat tilat P\u00e4\u00e4kampuksella ovat C-siivess\u00e4 tilat C127 ja C128 sek\u00e4 D125 IT- Helpdeskin takana. Lutakossa opiskelijat [&hellip;]\" \/>\n<meta property=\"og:url\" content=\"https:\/\/help.jamk.fi\/peppi\/fi\/kalenteri\/opiskelijoiden-varattavat-tilat\/\" \/>\n<meta property=\"og:site_name\" content=\"Peppi\" \/>\n<meta property=\"article:modified_time\" content=\"2025-12-03T06:22:57+00:00\" \/>\n<meta name=\"twitter:card\" content=\"summary_large_image\" \/>\n<meta name=\"twitter:label1\" content=\"Arvioitu lukuaika\" \/>\n\t<meta name=\"twitter:data1\" content=\"1 minuutti\" \/>\n<script type=\"application\/ld+json\" class=\"yoast-schema-graph\">{\"@context\":\"https:\\\/\\\/schema.org\",\"@graph\":[{\"@type\":\"WebPage\",\"@id\":\"https:\\\/\\\/help.jamk.fi\\\/peppi\\\/fi\\\/kalenteri\\\/opiskelijoiden-varattavat-tilat\\\/\",\"url\":\"https:\\\/\\\/help.jamk.fi\\\/peppi\\\/fi\\\/kalenteri\\\/opiskelijoiden-varattavat-tilat\\\/\",\"name\":\"Opiskelijoiden varattavat tilat - Peppi\",\"isPartOf\":{\"@id\":\"https:\\\/\\\/help.jamk.fi\\\/peppi\\\/#website\"},\"datePublished\":\"2024-06-18T06:17:18+00:00\",\"dateModified\":\"2025-12-03T06:22:57+00:00\",\"breadcrumb\":{\"@id\":\"https:\\\/\\\/help.jamk.fi\\\/peppi\\\/fi\\\/kalenteri\\\/opiskelijoiden-varattavat-tilat\\\/#breadcrumb\"},\"inLanguage\":\"fi\",\"potentialAction\":[{\"@type\":\"ReadAction\",\"target\":[\"https:\\\/\\\/help.jamk.fi\\\/peppi\\\/fi\\\/kalenteri\\\/opiskelijoiden-varattavat-tilat\\\/\"]}]},{\"@type\":\"BreadcrumbList\",\"@id\":\"https:\\\/\\\/help.jamk.fi\\\/peppi\\\/fi\\\/kalenteri\\\/opiskelijoiden-varattavat-tilat\\\/#breadcrumb\",\"itemListElement\":[{\"@type\":\"ListItem\",\"position\":1,\"name\":\"Home\",\"item\":\"https:\\\/\\\/help.jamk.fi\\\/peppi\\\/fi\\\/\"},{\"@type\":\"ListItem\",\"position\":2,\"name\":\"Kalenteri\",\"item\":\"https:\\\/\\\/help.jamk.fi\\\/peppi\\\/fi\\\/kalenteri\\\/\"},{\"@type\":\"ListItem\",\"position\":3,\"name\":\"Opiskelijoiden varattavat tilat\"}]},{\"@type\":\"WebSite\",\"@id\":\"https:\\\/\\\/help.jamk.fi\\\/peppi\\\/#website\",\"url\":\"https:\\\/\\\/help.jamk.fi\\\/peppi\\\/\",\"name\":\"Peppi\",\"description\":\"\",\"potentialAction\":[{\"@type\":\"SearchAction\",\"target\":{\"@type\":\"EntryPoint\",\"urlTemplate\":\"https:\\\/\\\/help.jamk.fi\\\/peppi\\\/?s={search_term_string}\"},\"query-input\":{\"@type\":\"PropertyValueSpecification\",\"valueRequired\":true,\"valueName\":\"search_term_string\"}}],\"inLanguage\":\"fi\"}]}<\/script>\n<!-- \/ Yoast SEO plugin. -->","yoast_head_json":{"title":"Opiskelijoiden varattavat tilat - Peppi","robots":{"index":"index","follow":"follow","max-snippet":"max-snippet:-1","max-image-preview":"max-image-preview:large","max-video-preview":"max-video-preview:-1"},"canonical":"https:\/\/help.jamk.fi\/peppi\/fi\/kalenteri\/opiskelijoiden-varattavat-tilat\/","og_locale":"fi_FI","og_type":"article","og_title":"Opiskelijoiden varattavat tilat - Peppi","og_description":"Tilojen varaaminen Pepist\u00e4 tai Tuudosta Tiloja voi varata arkisin klo 8.00\u201316.00 lukuvuoden aikana. Loma-aikoina tiloja ei voi varata. Varauksen kesto voi olla korkeintaan 8 tuntia ja viikossa voi varata korkeintaan 10 tuntia tiloja. Varauksen voi tehd\u00e4 14 p\u00e4iv\u00e4n p\u00e4\u00e4h\u00e4n. Varattavat tilat P\u00e4\u00e4kampuksella ovat C-siivess\u00e4 tilat C127 ja C128 sek\u00e4 D125 IT- Helpdeskin takana. Lutakossa opiskelijat [&hellip;]","og_url":"https:\/\/help.jamk.fi\/peppi\/fi\/kalenteri\/opiskelijoiden-varattavat-tilat\/","og_site_name":"Peppi","article_modified_time":"2025-12-03T06:22:57+00:00","twitter_card":"summary_large_image","twitter_misc":{"Arvioitu lukuaika":"1 minuutti"},"schema":{"@context":"https:\/\/schema.org","@graph":[{"@type":"WebPage","@id":"https:\/\/help.jamk.fi\/peppi\/fi\/kalenteri\/opiskelijoiden-varattavat-tilat\/","url":"https:\/\/help.jamk.fi\/peppi\/fi\/kalenteri\/opiskelijoiden-varattavat-tilat\/","name":"Opiskelijoiden varattavat tilat - Peppi","isPartOf":{"@id":"https:\/\/help.jamk.fi\/peppi\/#website"},"datePublished":"2024-06-18T06:17:18+00:00","dateModified":"2025-12-03T06:22:57+00:00","breadcrumb":{"@id":"https:\/\/help.jamk.fi\/peppi\/fi\/kalenteri\/opiskelijoiden-varattavat-tilat\/#breadcrumb"},"inLanguage":"fi","potentialAction":[{"@type":"ReadAction","target":["https:\/\/help.jamk.fi\/peppi\/fi\/kalenteri\/opiskelijoiden-varattavat-tilat\/"]}]},{"@type":"BreadcrumbList","@id":"https:\/\/help.jamk.fi\/peppi\/fi\/kalenteri\/opiskelijoiden-varattavat-tilat\/#breadcrumb","itemListElement":[{"@type":"ListItem","position":1,"name":"Home","item":"https:\/\/help.jamk.fi\/peppi\/fi\/"},{"@type":"ListItem","position":2,"name":"Kalenteri","item":"https:\/\/help.jamk.fi\/peppi\/fi\/kalenteri\/"},{"@type":"ListItem","position":3,"name":"Opiskelijoiden varattavat tilat"}]},{"@type":"WebSite","@id":"https:\/\/help.jamk.fi\/peppi\/#website","url":"https:\/\/help.jamk.fi\/peppi\/","name":"Peppi","description":"","potentialAction":[{"@type":"SearchAction","target":{"@type":"EntryPoint","urlTemplate":"https:\/\/help.jamk.fi\/peppi\/?s={search_term_string}"},"query-input":{"@type":"PropertyValueSpecification","valueRequired":true,"valueName":"search_term_string"}}],"inLanguage":"fi"}]}},"_links":{"self":[{"href":"https:\/\/help.jamk.fi\/peppi\/wp-json\/wp\/v2\/pages\/3285","targetHints":{"allow":["GET"]}}],"collection":[{"href":"https:\/\/help.jamk.fi\/peppi\/wp-json\/wp\/v2\/pages"}],"about":[{"href":"https:\/\/help.jamk.fi\/peppi\/wp-json\/wp\/v2\/types\/page"}],"author":[{"embeddable":true,"href":"https:\/\/help.jamk.fi\/peppi\/wp-json\/wp\/v2\/users\/76"}],"replies":[{"embeddable":true,"href":"https:\/\/help.jamk.fi\/peppi\/wp-json\/wp\/v2\/comments?post=3285"}],"version-history":[{"count":13,"href":"https:\/\/help.jamk.fi\/peppi\/wp-json\/wp\/v2\/pages\/3285\/revisions"}],"predecessor-version":[{"id":3827,"href":"https:\/\/help.jamk.fi\/peppi\/wp-json\/wp\/v2\/pages\/3285\/revisions\/3827"}],"up":[{"embeddable":true,"href":"https:\/\/help.jamk.fi\/peppi\/wp-json\/wp\/v2\/pages\/2560"}],"wp:attachment":[{"href":"https:\/\/help.jamk.fi\/peppi\/wp-json\/wp\/v2\/media?parent=3285"}],"wp:term":[{"taxonomy":"category","embeddable":true,"href":"https:\/\/help.jamk.fi\/peppi\/wp-json\/wp\/v2\/categories?post=3285"},{"taxonomy":"post_tag","embeddable":true,"href":"https:\/\/help.jamk.fi\/peppi\/wp-json\/wp\/v2\/tags?post=3285"}],"curies":[{"name":"wp","href":"https:\/\/api.w.org\/{rel}","templated":true}]}}