{"id":3350,"date":"2024-10-28T13:01:39","date_gmt":"2024-10-28T11:01:39","guid":{"rendered":"https:\/\/help.jamk.fi\/peppi\/?page_id=3350"},"modified":"2026-01-30T14:43:51","modified_gmt":"2026-01-30T12:43:51","slug":"vapautuksen-hakeminen","status":"publish","type":"page","link":"https:\/\/help.jamk.fi\/peppi\/fi\/eahot-hyvaksilukeminen\/vapautuksen-hakeminen\/","title":{"rendered":"Vapautuksen hakeminen"},"content":{"rendered":"\n<p>Jamkissa voit hakea vapautusta joko <strong>kieliopinnoihin<\/strong> tai <strong>kypsyysn\u00e4ytteeseen<\/strong>. <a href=\"https:\/\/jamkstudent.sharepoint.com\/sites\/Kieli-ja-viestintaopinnot-Elmo\/SitePages\/Osaamisen-tunnistaminen.aspx?useTeamsAuth=true%C2%A0&amp;xsdata=MDV8MDJ8YW5uZS5sdXVra29uZW5AamFtay5maXxjYzhhNGQ2NGIwYjY0NDgwZWUwMDA4ZGNlZThjYjkyMXw2ZTllYWFmMDNmZjc0ZGU5OGNkNDFmZmJkNDU5NTFiOXwxfDB8NjM4NjQ3NTM1Mzc1NjMxMzI4fFVua25vd258VFdGcGJHWnNiM2Q4ZXlKV0lqb2lNQzR3TGpBd01EQWlMQ0pRSWpvaVYybHVNeklpTENKQlRpSTZJazFoYVd3aUxDSlhWQ0k2TW4wPXwwfHx8&amp;sdata=Q21ta011Tjl0b1lrSDROMDVTOUw3bEZ5b0RGaXRGNUVaeWZsempyTkd0VT0%3d&amp;clickparams=eyAiWC1BcHBOYW1lIiA6ICJNaWNyb3NvZnQgT3V0bG9vayIsICJYLUFwcFZlcnNpb24iIDogIjE2LjAuMTc5MjguMjAyMTYiLCAiT1MiIDogIldpbmRvd3MiIH0%3D\">Katso kieliopinnoista vapautumisen ohjeet intrasta (vaatii kirjautumisen)<\/a>. T\u00e4ss\u00e4 ohjeessa keskityt\u00e4\u00e4n vapautuksen hakemiseen kypsyysn\u00e4ytteest\u00e4. <strong>Muissa opinnoissa sinun tulee hakea joko <a href=\"https:\/\/help.jamk.fi\/peppi\/fi\/eahot-hyvaksilukeminen\/opintojen-hyvaksilukeminen\/\">korvaamista tai sis\u00e4llytt\u00e4mist\u00e4<\/a>.<\/strong><\/p>\n\n\n\n<p>Sinulle voidaan my\u00f6nt\u00e4\u00e4 vapautus kypsyysn\u00e4ytteest\u00e4, jos olet suorittanut koulusivistyksesi muulla kuin suomen tai ruotsin kielell\u00e4. <a href=\"https:\/\/www.jamk.fi\/fi\/opiskelijalle\/tutkinto-opiskelija\/saannot-ja-periaatteet\">Lue lis\u00e4\u00e4 tutkintos\u00e4\u00e4nn\u00f6st\u00e4 (Opiskelijalle-sivut)<\/a>.<\/p>\n\n\n\n<p>Hae vapautusta Pepiss\u00e4 &gt; eAHOT Hyv\u00e4ksilukeminen.<\/p>\n\n\n\n<ol class=\"wp-block-list\">\n<li>Aloita hakemuksen tekeminen kohdasta <strong>Uusi hakemus<\/strong>.<\/li>\n\n\n\n<li>T\u00e4yt\u00e4 ohjauskeskustelun tiedot. <a href=\"https:\/\/help.jamk.fi\/peppi\/fi\/eahot-hyvaksilukeminen\/nain-taytat-eahot-hakemuksen\/\">Katso ohje N\u00e4in t\u00e4yt\u00e4t eAHOT-hakemuksen -sivulta<\/a>.<\/li>\n\n\n\n<li>Vapautus-hakemus t\u00e4ytet\u00e4\u00e4n kohdasta <strong>Hae vapautusta opinnosta<\/strong> (kuvio 1).<\/li>\n\n\n\n<li>T\u00e4yt\u00e4 vapautettavan opinnon tiedot valitsemalla valikosta HOPSissasi oleva Kypsyysn\u00e4yte sek\u00e4 valitsemalla vapautuksen syyksi erityinen syy (kuvio 2).<\/li>\n\n\n\n<li>Kirjoita perustelut koulusivistyskielest\u00e4 hakemukselle. <\/li>\n\n\n\n<li>Valitse k\u00e4sittelij\u00e4ksi opinn\u00e4ytety\u00f6si p\u00e4\u00e4ohjaaja.<\/li>\n\n\n\n<li><strong>Liit\u00e4 hakemuksellesi<\/strong> kopiot peruskoulua tai lukiota vastaavista p\u00e4\u00e4tt\u00f6todistuksista. Esitt\u00e4mi\u00e4si dokumentteja k\u00e4ytet\u00e4\u00e4n vain p\u00e4\u00e4t\u00f6ksentekoa varten.<\/li>\n\n\n\n<li>Tallenna tiedot.<\/li>\n\n\n\n<li>L\u00e4het\u00e4 hakemus k\u00e4sitelt\u00e4v\u00e4ksi (kuvio 3).<\/li>\n<\/ol>\n\n\n\n<p><\/p>\n\n\n\n<p><\/p>\n\n\n\n<figure class=\"wp-block-image size-large\"><img loading=\"lazy\" decoding=\"async\" width=\"1024\" height=\"535\" src=\"https:\/\/help.jamk.fi\/peppi\/wp-content\/uploads\/sites\/130\/2024\/10\/Hae-vapautusta-opinnosta-painike-1024x535.png\" alt=\"Hae vapautusta opinnosta -painike\" class=\"wp-image-3351\" srcset=\"https:\/\/help.jamk.fi\/peppi\/wp-content\/uploads\/sites\/130\/2024\/10\/Hae-vapautusta-opinnosta-painike-1024x535.png 1024w, https:\/\/help.jamk.fi\/peppi\/wp-content\/uploads\/sites\/130\/2024\/10\/Hae-vapautusta-opinnosta-painike-300x157.png 300w, https:\/\/help.jamk.fi\/peppi\/wp-content\/uploads\/sites\/130\/2024\/10\/Hae-vapautusta-opinnosta-painike-768x402.png 768w, https:\/\/help.jamk.fi\/peppi\/wp-content\/uploads\/sites\/130\/2024\/10\/Hae-vapautusta-opinnosta-painike.png 1375w\" sizes=\"auto, (max-width: 1024px) 100vw, 1024px\" \/><figcaption class=\"wp-element-caption\">Kuvio 1. Hae vapautusta opinnosta -painike<\/figcaption><\/figure>\n\n\n\n<p><\/p>\n\n\n\n<figure class=\"wp-block-image size-full\"><img loading=\"lazy\" decoding=\"async\" width=\"580\" height=\"927\" src=\"https:\/\/help.jamk.fi\/peppi\/wp-content\/uploads\/sites\/130\/2025\/10\/Vapautushakemus.png\" alt=\"Vapautushakemuksen kenttien t\u00e4ytt\u00e4minen\" class=\"wp-image-3739\" srcset=\"https:\/\/help.jamk.fi\/peppi\/wp-content\/uploads\/sites\/130\/2025\/10\/Vapautushakemus.png 580w, https:\/\/help.jamk.fi\/peppi\/wp-content\/uploads\/sites\/130\/2025\/10\/Vapautushakemus-188x300.png 188w\" sizes=\"auto, (max-width: 580px) 100vw, 580px\" \/><figcaption class=\"wp-element-caption\">Kuvio 2. Vapautushakemuksen t\u00e4ytt\u00e4minen<\/figcaption><\/figure>\n\n\n\n<p><\/p>\n\n\n\n<figure class=\"wp-block-image size-large\"><img loading=\"lazy\" decoding=\"async\" width=\"1024\" height=\"315\" src=\"https:\/\/help.jamk.fi\/peppi\/wp-content\/uploads\/sites\/130\/2024\/10\/Hakemuksen-lahettaminen-1024x315.png\" alt=\"Hakemuksen l\u00e4hett\u00e4minen\" class=\"wp-image-3353\" srcset=\"https:\/\/help.jamk.fi\/peppi\/wp-content\/uploads\/sites\/130\/2024\/10\/Hakemuksen-lahettaminen-1024x315.png 1024w, https:\/\/help.jamk.fi\/peppi\/wp-content\/uploads\/sites\/130\/2024\/10\/Hakemuksen-lahettaminen-300x92.png 300w, https:\/\/help.jamk.fi\/peppi\/wp-content\/uploads\/sites\/130\/2024\/10\/Hakemuksen-lahettaminen-768x236.png 768w, https:\/\/help.jamk.fi\/peppi\/wp-content\/uploads\/sites\/130\/2024\/10\/Hakemuksen-lahettaminen-1536x473.png 1536w, https:\/\/help.jamk.fi\/peppi\/wp-content\/uploads\/sites\/130\/2024\/10\/Hakemuksen-lahettaminen.png 1900w\" sizes=\"auto, (max-width: 1024px) 100vw, 1024px\" \/><figcaption class=\"wp-element-caption\">Kuvio 3. Hakemuksen l\u00e4hett\u00e4minen<\/figcaption><\/figure>\n","protected":false},"excerpt":{"rendered":"<p>Jamkissa voit hakea vapautusta joko kieliopinnoihin tai kypsyysn\u00e4ytteeseen. Katso kieliopinnoista vapautumisen ohjeet intrasta (vaatii kirjautumisen). T\u00e4ss\u00e4 ohjeessa keskityt\u00e4\u00e4n vapautuksen hakemiseen kypsyysn\u00e4ytteest\u00e4. Muissa opinnoissa sinun tulee hakea joko korvaamista tai sis\u00e4llytt\u00e4mist\u00e4. Sinulle voidaan my\u00f6nt\u00e4\u00e4 vapautus kypsyysn\u00e4ytteest\u00e4, jos olet suorittanut koulusivistyksesi muulla kuin suomen tai ruotsin kielell\u00e4. Lue lis\u00e4\u00e4 tutkintos\u00e4\u00e4nn\u00f6st\u00e4 (Opiskelijalle-sivut). Hae vapautusta Pepiss\u00e4 &gt; eAHOT Hyv\u00e4ksilukeminen.<\/p>\n","protected":false},"author":79,"featured_media":0,"parent":2626,"menu_order":6,"comment_status":"closed","ping_status":"closed","template":"","meta":{"_acf_changed":false,"_relevanssi_hide_post":"","_relevanssi_hide_content":"","_relevanssi_pin_for_all":"","_relevanssi_pin_keywords":"","_relevanssi_unpin_keywords":"","_relevanssi_related_keywords":"","_relevanssi_related_include_ids":"","_relevanssi_related_exclude_ids":"","_relevanssi_related_no_append":"","_relevanssi_related_not_related":"","_relevanssi_related_posts":"","_relevanssi_noindex_reason":"","footnotes":""},"categories":[],"tags":[],"class_list":["post-3350","page","type-page","status-publish","hentry"],"acf":[],"yoast_head":"<!-- This site is optimized with the Yoast SEO plugin v27.4 - https:\/\/yoast.com\/product\/yoast-seo-wordpress\/ -->\n<title>Vapautuksen hakeminen - Peppi<\/title>\n<meta name=\"robots\" content=\"index, follow, max-snippet:-1, max-image-preview:large, max-video-preview:-1\" \/>\n<link rel=\"canonical\" href=\"https:\/\/help.jamk.fi\/peppi\/fi\/eahot-hyvaksilukeminen\/vapautuksen-hakeminen\/\" \/>\n<meta property=\"og:locale\" content=\"fi_FI\" \/>\n<meta property=\"og:type\" content=\"article\" \/>\n<meta property=\"og:title\" content=\"Vapautuksen hakeminen - Peppi\" \/>\n<meta property=\"og:description\" content=\"Jamkissa voit hakea vapautusta joko kieliopinnoihin tai kypsyysn\u00e4ytteeseen. Katso kieliopinnoista vapautumisen ohjeet intrasta (vaatii kirjautumisen). T\u00e4ss\u00e4 ohjeessa keskityt\u00e4\u00e4n vapautuksen hakemiseen kypsyysn\u00e4ytteest\u00e4. Muissa opinnoissa sinun tulee hakea joko korvaamista tai sis\u00e4llytt\u00e4mist\u00e4. Sinulle voidaan my\u00f6nt\u00e4\u00e4 vapautus kypsyysn\u00e4ytteest\u00e4, jos olet suorittanut koulusivistyksesi muulla kuin suomen tai ruotsin kielell\u00e4. Lue lis\u00e4\u00e4 tutkintos\u00e4\u00e4nn\u00f6st\u00e4 (Opiskelijalle-sivut). Hae vapautusta Pepiss\u00e4 &gt; eAHOT Hyv\u00e4ksilukeminen.\" \/>\n<meta property=\"og:url\" content=\"https:\/\/help.jamk.fi\/peppi\/fi\/eahot-hyvaksilukeminen\/vapautuksen-hakeminen\/\" \/>\n<meta property=\"og:site_name\" content=\"Peppi\" \/>\n<meta property=\"article:modified_time\" content=\"2026-01-30T12:43:51+00:00\" \/>\n<meta property=\"og:image\" content=\"https:\/\/help.jamk.fi\/peppi\/wp-content\/uploads\/sites\/130\/2024\/10\/Hae-vapautusta-opinnosta-painike.png\" \/>\n\t<meta property=\"og:image:width\" content=\"1375\" \/>\n\t<meta property=\"og:image:height\" content=\"719\" \/>\n\t<meta property=\"og:image:type\" content=\"image\/png\" \/>\n<meta name=\"twitter:card\" content=\"summary_large_image\" \/>\n<meta name=\"twitter:label1\" content=\"Arvioitu lukuaika\" \/>\n\t<meta name=\"twitter:data1\" content=\"2 minuuttia\" \/>\n<script type=\"application\/ld+json\" class=\"yoast-schema-graph\">{\"@context\":\"https:\\\/\\\/schema.org\",\"@graph\":[{\"@type\":\"WebPage\",\"@id\":\"https:\\\/\\\/help.jamk.fi\\\/peppi\\\/fi\\\/eahot-hyvaksilukeminen\\\/vapautuksen-hakeminen\\\/\",\"url\":\"https:\\\/\\\/help.jamk.fi\\\/peppi\\\/fi\\\/eahot-hyvaksilukeminen\\\/vapautuksen-hakeminen\\\/\",\"name\":\"Vapautuksen hakeminen - Peppi\",\"isPartOf\":{\"@id\":\"https:\\\/\\\/help.jamk.fi\\\/peppi\\\/#website\"},\"primaryImageOfPage\":{\"@id\":\"https:\\\/\\\/help.jamk.fi\\\/peppi\\\/fi\\\/eahot-hyvaksilukeminen\\\/vapautuksen-hakeminen\\\/#primaryimage\"},\"image\":{\"@id\":\"https:\\\/\\\/help.jamk.fi\\\/peppi\\\/fi\\\/eahot-hyvaksilukeminen\\\/vapautuksen-hakeminen\\\/#primaryimage\"},\"thumbnailUrl\":\"https:\\\/\\\/help.jamk.fi\\\/peppi\\\/wp-content\\\/uploads\\\/sites\\\/130\\\/2024\\\/10\\\/Hae-vapautusta-opinnosta-painike-1024x535.png\",\"datePublished\":\"2024-10-28T11:01:39+00:00\",\"dateModified\":\"2026-01-30T12:43:51+00:00\",\"breadcrumb\":{\"@id\":\"https:\\\/\\\/help.jamk.fi\\\/peppi\\\/fi\\\/eahot-hyvaksilukeminen\\\/vapautuksen-hakeminen\\\/#breadcrumb\"},\"inLanguage\":\"fi\",\"potentialAction\":[{\"@type\":\"ReadAction\",\"target\":[\"https:\\\/\\\/help.jamk.fi\\\/peppi\\\/fi\\\/eahot-hyvaksilukeminen\\\/vapautuksen-hakeminen\\\/\"]}]},{\"@type\":\"ImageObject\",\"inLanguage\":\"fi\",\"@id\":\"https:\\\/\\\/help.jamk.fi\\\/peppi\\\/fi\\\/eahot-hyvaksilukeminen\\\/vapautuksen-hakeminen\\\/#primaryimage\",\"url\":\"https:\\\/\\\/help.jamk.fi\\\/peppi\\\/wp-content\\\/uploads\\\/sites\\\/130\\\/2024\\\/10\\\/Hae-vapautusta-opinnosta-painike.png\",\"contentUrl\":\"https:\\\/\\\/help.jamk.fi\\\/peppi\\\/wp-content\\\/uploads\\\/sites\\\/130\\\/2024\\\/10\\\/Hae-vapautusta-opinnosta-painike.png\",\"width\":1375,\"height\":719,\"caption\":\"Kuvio 1. Hae vapautusta opinnosta -painike\"},{\"@type\":\"BreadcrumbList\",\"@id\":\"https:\\\/\\\/help.jamk.fi\\\/peppi\\\/fi\\\/eahot-hyvaksilukeminen\\\/vapautuksen-hakeminen\\\/#breadcrumb\",\"itemListElement\":[{\"@type\":\"ListItem\",\"position\":1,\"name\":\"Home\",\"item\":\"https:\\\/\\\/help.jamk.fi\\\/peppi\\\/fi\\\/\"},{\"@type\":\"ListItem\",\"position\":2,\"name\":\"eAHOT-hyv\u00e4ksilukeminen\",\"item\":\"https:\\\/\\\/help.jamk.fi\\\/peppi\\\/fi\\\/eahot-hyvaksilukeminen\\\/\"},{\"@type\":\"ListItem\",\"position\":3,\"name\":\"Vapautuksen hakeminen\"}]},{\"@type\":\"WebSite\",\"@id\":\"https:\\\/\\\/help.jamk.fi\\\/peppi\\\/#website\",\"url\":\"https:\\\/\\\/help.jamk.fi\\\/peppi\\\/\",\"name\":\"Peppi\",\"description\":\"\",\"potentialAction\":[{\"@type\":\"SearchAction\",\"target\":{\"@type\":\"EntryPoint\",\"urlTemplate\":\"https:\\\/\\\/help.jamk.fi\\\/peppi\\\/?s={search_term_string}\"},\"query-input\":{\"@type\":\"PropertyValueSpecification\",\"valueRequired\":true,\"valueName\":\"search_term_string\"}}],\"inLanguage\":\"fi\"}]}<\/script>\n<!-- \/ Yoast SEO plugin. -->","yoast_head_json":{"title":"Vapautuksen hakeminen - Peppi","robots":{"index":"index","follow":"follow","max-snippet":"max-snippet:-1","max-image-preview":"max-image-preview:large","max-video-preview":"max-video-preview:-1"},"canonical":"https:\/\/help.jamk.fi\/peppi\/fi\/eahot-hyvaksilukeminen\/vapautuksen-hakeminen\/","og_locale":"fi_FI","og_type":"article","og_title":"Vapautuksen hakeminen - Peppi","og_description":"Jamkissa voit hakea vapautusta joko kieliopinnoihin tai kypsyysn\u00e4ytteeseen. Katso kieliopinnoista vapautumisen ohjeet intrasta (vaatii kirjautumisen). T\u00e4ss\u00e4 ohjeessa keskityt\u00e4\u00e4n vapautuksen hakemiseen kypsyysn\u00e4ytteest\u00e4. Muissa opinnoissa sinun tulee hakea joko korvaamista tai sis\u00e4llytt\u00e4mist\u00e4. Sinulle voidaan my\u00f6nt\u00e4\u00e4 vapautus kypsyysn\u00e4ytteest\u00e4, jos olet suorittanut koulusivistyksesi muulla kuin suomen tai ruotsin kielell\u00e4. Lue lis\u00e4\u00e4 tutkintos\u00e4\u00e4nn\u00f6st\u00e4 (Opiskelijalle-sivut). Hae vapautusta Pepiss\u00e4 &gt; eAHOT Hyv\u00e4ksilukeminen.","og_url":"https:\/\/help.jamk.fi\/peppi\/fi\/eahot-hyvaksilukeminen\/vapautuksen-hakeminen\/","og_site_name":"Peppi","article_modified_time":"2026-01-30T12:43:51+00:00","og_image":[{"width":1375,"height":719,"url":"https:\/\/help.jamk.fi\/peppi\/wp-content\/uploads\/sites\/130\/2024\/10\/Hae-vapautusta-opinnosta-painike.png","type":"image\/png"}],"twitter_card":"summary_large_image","twitter_misc":{"Arvioitu lukuaika":"2 minuuttia"},"schema":{"@context":"https:\/\/schema.org","@graph":[{"@type":"WebPage","@id":"https:\/\/help.jamk.fi\/peppi\/fi\/eahot-hyvaksilukeminen\/vapautuksen-hakeminen\/","url":"https:\/\/help.jamk.fi\/peppi\/fi\/eahot-hyvaksilukeminen\/vapautuksen-hakeminen\/","name":"Vapautuksen hakeminen - Peppi","isPartOf":{"@id":"https:\/\/help.jamk.fi\/peppi\/#website"},"primaryImageOfPage":{"@id":"https:\/\/help.jamk.fi\/peppi\/fi\/eahot-hyvaksilukeminen\/vapautuksen-hakeminen\/#primaryimage"},"image":{"@id":"https:\/\/help.jamk.fi\/peppi\/fi\/eahot-hyvaksilukeminen\/vapautuksen-hakeminen\/#primaryimage"},"thumbnailUrl":"https:\/\/help.jamk.fi\/peppi\/wp-content\/uploads\/sites\/130\/2024\/10\/Hae-vapautusta-opinnosta-painike-1024x535.png","datePublished":"2024-10-28T11:01:39+00:00","dateModified":"2026-01-30T12:43:51+00:00","breadcrumb":{"@id":"https:\/\/help.jamk.fi\/peppi\/fi\/eahot-hyvaksilukeminen\/vapautuksen-hakeminen\/#breadcrumb"},"inLanguage":"fi","potentialAction":[{"@type":"ReadAction","target":["https:\/\/help.jamk.fi\/peppi\/fi\/eahot-hyvaksilukeminen\/vapautuksen-hakeminen\/"]}]},{"@type":"ImageObject","inLanguage":"fi","@id":"https:\/\/help.jamk.fi\/peppi\/fi\/eahot-hyvaksilukeminen\/vapautuksen-hakeminen\/#primaryimage","url":"https:\/\/help.jamk.fi\/peppi\/wp-content\/uploads\/sites\/130\/2024\/10\/Hae-vapautusta-opinnosta-painike.png","contentUrl":"https:\/\/help.jamk.fi\/peppi\/wp-content\/uploads\/sites\/130\/2024\/10\/Hae-vapautusta-opinnosta-painike.png","width":1375,"height":719,"caption":"Kuvio 1. Hae vapautusta opinnosta -painike"},{"@type":"BreadcrumbList","@id":"https:\/\/help.jamk.fi\/peppi\/fi\/eahot-hyvaksilukeminen\/vapautuksen-hakeminen\/#breadcrumb","itemListElement":[{"@type":"ListItem","position":1,"name":"Home","item":"https:\/\/help.jamk.fi\/peppi\/fi\/"},{"@type":"ListItem","position":2,"name":"eAHOT-hyv\u00e4ksilukeminen","item":"https:\/\/help.jamk.fi\/peppi\/fi\/eahot-hyvaksilukeminen\/"},{"@type":"ListItem","position":3,"name":"Vapautuksen hakeminen"}]},{"@type":"WebSite","@id":"https:\/\/help.jamk.fi\/peppi\/#website","url":"https:\/\/help.jamk.fi\/peppi\/","name":"Peppi","description":"","potentialAction":[{"@type":"SearchAction","target":{"@type":"EntryPoint","urlTemplate":"https:\/\/help.jamk.fi\/peppi\/?s={search_term_string}"},"query-input":{"@type":"PropertyValueSpecification","valueRequired":true,"valueName":"search_term_string"}}],"inLanguage":"fi"}]}},"_links":{"self":[{"href":"https:\/\/help.jamk.fi\/peppi\/wp-json\/wp\/v2\/pages\/3350","targetHints":{"allow":["GET"]}}],"collection":[{"href":"https:\/\/help.jamk.fi\/peppi\/wp-json\/wp\/v2\/pages"}],"about":[{"href":"https:\/\/help.jamk.fi\/peppi\/wp-json\/wp\/v2\/types\/page"}],"author":[{"embeddable":true,"href":"https:\/\/help.jamk.fi\/peppi\/wp-json\/wp\/v2\/users\/79"}],"replies":[{"embeddable":true,"href":"https:\/\/help.jamk.fi\/peppi\/wp-json\/wp\/v2\/comments?post=3350"}],"version-history":[{"count":10,"href":"https:\/\/help.jamk.fi\/peppi\/wp-json\/wp\/v2\/pages\/3350\/revisions"}],"predecessor-version":[{"id":3742,"href":"https:\/\/help.jamk.fi\/peppi\/wp-json\/wp\/v2\/pages\/3350\/revisions\/3742"}],"up":[{"embeddable":true,"href":"https:\/\/help.jamk.fi\/peppi\/wp-json\/wp\/v2\/pages\/2626"}],"wp:attachment":[{"href":"https:\/\/help.jamk.fi\/peppi\/wp-json\/wp\/v2\/media?parent=3350"}],"wp:term":[{"taxonomy":"category","embeddable":true,"href":"https:\/\/help.jamk.fi\/peppi\/wp-json\/wp\/v2\/categories?post=3350"},{"taxonomy":"post_tag","embeddable":true,"href":"https:\/\/help.jamk.fi\/peppi\/wp-json\/wp\/v2\/tags?post=3350"}],"curies":[{"name":"wp","href":"https:\/\/api.w.org\/{rel}","templated":true}]}}