{"id":3453,"date":"2025-05-08T13:45:19","date_gmt":"2025-05-08T10:45:19","guid":{"rendered":"https:\/\/help.jamk.fi\/peppi\/?page_id=3453"},"modified":"2026-04-02T10:20:15","modified_gmt":"2026-04-02T07:20:15","slug":"energiatekniikan-ja-sahko-ja-automaatiotekniikan-opiskelijoiden-varattavat-tilat","status":"publish","type":"page","link":"https:\/\/help.jamk.fi\/peppi\/fi\/kalenteri\/opiskelijoiden-varattavat-tilat\/energiatekniikan-ja-sahko-ja-automaatiotekniikan-opiskelijoiden-varattavat-tilat\/","title":{"rendered":"Energiatekniikan ja s\u00e4hk\u00f6- ja automaatiotekniikan opiskelijoiden varattavat tilat"},"content":{"rendered":"\n<p>Energiatekniikan ja s\u00e4hk\u00f6-ja automaatiotekniikan opiskelijat voivat varata P\u00e4\u00e4kampukselta opintoihinsa kuuluvia labratiloja Pepist\u00e4. <a href=\"https:\/\/help.jamk.fi\/peppi\/fi\/kalenteri\/tuudon-kalenteritoiminnot\/tilojen-qr-koodit\/\">Tiloja voi my\u00f6s varata ovien pieliss\u00e4 olevista QR-koodeista<\/a> tai <a href=\"https:\/\/help.jamk.fi\/peppi\/fi\/kalenteri\/tuudon-kalenteritoiminnot\/tilojen-varaaminen-tuudosta\/\">varata suoraan Tuudosta<\/a>.<\/p>\n\n\n\n<p>Opiskelijat varaavat tilat Pepin etusivun <em>Tilavaraukset<\/em>-painikkeen kautta. <a href=\"https:\/\/help.jamk.fi\/peppi\/kalenteri\/tilavaraukset\/varausten-tekeminen\/\">Tarkemmat ohjeet opiskelijoille tilojen varaamiseen ovat t\u00e4\u00e4ll\u00e4<\/a>.<\/p>\n\n\n\n<p>DP39.1-laboratoriotila on jaettu useampaan varattavaan osaan, ja opiskelijat voivat varata n\u00e4it\u00e4 tiloja arkisin kampuksen aukioloaikoina tunnin mittaisiksi ajoiksi, kun tiloissa on vapaata:<\/p>\n\n\n\n<ul class=\"wp-block-list\">\n<li>R35DP39.1H\u00f6yry H\u00f6yryprosessi<\/li>\n\n\n\n<li>R35DP39.1Pumppaus Pumppausmoduuli<\/li>\n\n\n\n<li>R35DP39.1Valmet ValmetDNA<\/li>\n\n\n\n<li>R35DP39.1Vesi Painevesimoduuli<\/li>\n\n\n\n<li>R35DP39.1RTKO07 RTKO-DP38-07 (tietokone)<\/li>\n\n\n\n<li>R35DP39.1RTKO08 RTKO-DP38-08 (tietokone)<\/li>\n\n\n\n<li>R35DP39.1RTKO09 RTKO-DP38-09 (tietokone)<\/li>\n\n\n\n<li>R35DP39.1RTKO10 RTKO-DP38-10 (tietokone)<\/li>\n<\/ul>\n\n\n\n<p>Tilat l\u00f6ytyv\u00e4t, kun kirjoittaa Tilat-kohtaan R35DP39.1<\/p>\n\n\n\n<p>Lis\u00e4ksi opiskelijat voivat varata tiloja<\/p>\n\n\n\n<ul class=\"wp-block-list\">\n<li><em>R35DP66A Automaatiolaboratorio OR &#8211; A-osa vesiprosessi <\/em>sek\u00e4 <em>R35DP66B OR &#8211; B-osa Muut laitteistot<\/em> arkisin kampuksen aukioloaikoina kahden tunnin mittaisiksi ajoiksi, kun tila on vapaana.<\/li>\n\n\n\n<li><em>R35DP66C ACS880 <\/em>sek\u00e4 <em>R35DP66D ET200S<\/em> laitteita arkisin kampuksen aukioloaikoina tunnin mittaisiksi ajoiksi, kun v\u00e4lineet ovat vapaana.<\/li>\n<\/ul>\n\n\n\n<h2 class=\"wp-block-heading\">Energialaboratorion turvallisuusm\u00e4\u00e4r\u00e4ykset ja operointik\u00e4yt\u00e4nteet<\/h2>\n\n\n\n<p><strong>Laboratoriolaitteistoa ei saa k\u00e4ytt\u00e4\u00e4 kukaan ilman n\u00e4ihin ohjeisiin perehtymist\u00e4 ja niiden ymm\u00e4rt\u00e4mist\u00e4.<\/strong><\/p>\n\n\n\n<p>Energiatekniikan laboratorion laitteisto on sellainen, ett\u00e4 sit\u00e4 v\u00e4\u00e4rin k\u00e4ytett\u00e4ess\u00e4 voidaan saada aikaan vaaratilanteita. Sill\u00e4 voidaan tehd\u00e4 vahinkoa sek\u00e4 ihmisille, ett\u00e4 itse laitteistolle. Jotta ymp\u00e4rist\u00f6 on turvallinen ja mukava, tulee kaikkien noudattaa n\u00e4it\u00e4 yksinkertaisia ja helppoja s\u00e4\u00e4nt\u00f6j\u00e4. S\u00e4\u00e4nt\u00f6jen laiminly\u00f6nti ja niist\u00e4 piittaamattomuus johtaa tapauskohtaisiin seuraamuksiin, esimerkiksi kurssisuorituksen hylk\u00e4\u00e4miseen.<\/p>\n\n\n\n<p>Tilassa on kytkent\u00e4koteloita, joissa on 400 VAC j\u00e4nnite. Mit\u00e4\u00e4n koteloa, jonka tunnuksessa ei ole kirjaimia JB (Junction Box), ei saa avata. Mit\u00e4\u00e4n kytkent\u00f6j\u00e4 ei saa purkaa tai tehd\u00e4 niihin mit\u00e4\u00e4n muutoksia ellei ty\u00f6ohje tai ohjaaja niin erikseen m\u00e4\u00e4r\u00e4\u00e4. Jos t\u00e4llainen ty\u00f6 on kyseess\u00e4, tulee erityisesti varmistaa, ett\u00e4 kytkenn\u00e4t palautetaan ennalleen ty\u00f6n p\u00e4\u00e4tytty\u00e4. Kunkin moduulin saa j\u00e4nnitteett\u00f6m\u00e4ksi irrottamalla kyseisen moduulin pistotulpan pistorasiasta (16A, 3-vaihe).<\/p>\n\n\n\n<p>Laitteistossa voi esiinty\u00e4 kuumia pintoja. Palovamman sattuessa ensiapuna on kylm\u00e4ll\u00e4 huuhtelu. L\u00e4himm\u00e4t vesipisteet sijaitsevat k\u00e4yt\u00e4v\u00e4n toisella puolella olevissa WC-tiloissa sek\u00e4 kemianlaboratoriossa (h\u00e4t\u00e4suihku).<\/p>\n\n\n\n<h3 class=\"wp-block-heading\">H\u00e4t\u00e4poistumistie<\/h3>\n\n\n\n<p>Tilasta poistutaan h\u00e4t\u00e4tilanteessa ovien p\u00e4\u00e4ll\u00e4 olevilla opasteilla merkitty\u00e4 reitti\u00e4 pitkin. S\u00e4hk\u00f6lukko avataan h\u00e4t\u00e4tilanteessa painamalla kuvan mukaista oven vieress\u00e4 olevaa painiketta<\/p>\n\n\n\n<figure class=\"wp-block-image size-full\"><img loading=\"lazy\" decoding=\"async\" width=\"362\" height=\"449\" src=\"https:\/\/help.jamk.fi\/peppi\/wp-content\/uploads\/sites\/130\/2025\/10\/Hatapoistumistie.jpg\" alt=\"\" class=\"wp-image-3751\" srcset=\"https:\/\/help.jamk.fi\/peppi\/wp-content\/uploads\/sites\/130\/2025\/10\/Hatapoistumistie.jpg 362w, https:\/\/help.jamk.fi\/peppi\/wp-content\/uploads\/sites\/130\/2025\/10\/Hatapoistumistie-242x300.jpg 242w\" sizes=\"auto, (max-width: 362px) 100vw, 362px\" \/><\/figure>\n\n\n\n<h3 class=\"wp-block-heading\">Ennen operointia<\/h3>\n\n\n\n<p>Selvit\u00e4 itsellesi, miten j\u00e4rjestelm\u00e4n paineilma, vesi ja s\u00e4hk\u00f6 voidaan katkaista.<\/p>\n\n\n\n<figure class=\"wp-block-image size-full\"><img loading=\"lazy\" decoding=\"async\" width=\"919\" height=\"689\" src=\"https:\/\/help.jamk.fi\/peppi\/wp-content\/uploads\/sites\/130\/2025\/05\/Ilmasulut.jpg\" alt=\"\" class=\"wp-image-3457\" srcset=\"https:\/\/help.jamk.fi\/peppi\/wp-content\/uploads\/sites\/130\/2025\/05\/Ilmasulut.jpg 919w, https:\/\/help.jamk.fi\/peppi\/wp-content\/uploads\/sites\/130\/2025\/05\/Ilmasulut-300x225.jpg 300w, https:\/\/help.jamk.fi\/peppi\/wp-content\/uploads\/sites\/130\/2025\/05\/Ilmasulut-768x576.jpg 768w\" sizes=\"auto, (max-width: 919px) 100vw, 919px\" \/><figcaption class=\"wp-element-caption\">Ilmasulut ovat painevesimoduulin takana sein\u00e4ll\u00e4. Ilma tulee valkoista putkea pitkin jakoryhm\u00e4lle. Vasemmanpuoleinen venttiili avaa paineen paines\u00e4il\u00f6\u00f6n. Se on syyt\u00e4 pit\u00e4\u00e4 kiinni normaalisti (sill\u00e4 voi paineistaa paines\u00e4ili\u00f6n 6 bar paineiseksi, mit\u00e4 ei saa tehd\u00e4). Keskell\u00e4 n\u00e4kyv\u00e4 punakahvainen venttiili p\u00e4\u00e4st\u00e4\u00e4 ilman jakotukille. Jakotukilla pienet venttiilit oikealla ovat moduulikohtaisia sulkuja. Vasemmanpuoleisella avataan paine lis\u00e4vesimoduulille, keskimm\u00e4inen avaa ilman painevesimoduulille ja oikeanpuoleisimmalla katkotaan j\u00e4\u00e4hdytysvesimoduulin (h\u00f6yrypannun toisella puolella oleva moduuli) ilmoja.<\/figcaption><\/figure>\n\n\n\n<figure class=\"wp-block-image size-full\"><img loading=\"lazy\" decoding=\"async\" width=\"630\" height=\"616\" src=\"https:\/\/help.jamk.fi\/peppi\/wp-content\/uploads\/sites\/130\/2025\/05\/Jakotukin-venttiili.jpg\" alt=\"\" class=\"wp-image-3458\" srcset=\"https:\/\/help.jamk.fi\/peppi\/wp-content\/uploads\/sites\/130\/2025\/05\/Jakotukin-venttiili.jpg 630w, https:\/\/help.jamk.fi\/peppi\/wp-content\/uploads\/sites\/130\/2025\/05\/Jakotukin-venttiili-300x293.jpg 300w\" sizes=\"auto, (max-width: 630px) 100vw, 630px\" \/><figcaption class=\"wp-element-caption\">Paineilman jakotukin magneettiventtiilin s\u00e4hk\u00f6inen ohjaus: jos edell\u00e4 esitetyn jakotukin kautta ei saada ilmoja moduuleille, on s\u00e4hk\u00f6inen magneettiventtiili kiinni. Sen saa avattua k\u00e4\u00e4nt\u00e4m\u00e4ll\u00e4 Valmetin kaapin vieress\u00e4 olevan katkaisijan toiseen asentoon.<\/figcaption><\/figure>\n\n\n\n<figure class=\"wp-block-image size-large\"><img loading=\"lazy\" decoding=\"async\" width=\"768\" height=\"1024\" src=\"https:\/\/help.jamk.fi\/peppi\/wp-content\/uploads\/sites\/130\/2025\/05\/Vesisulut-768x1024.jpg\" alt=\"\" class=\"wp-image-3459\" srcset=\"https:\/\/help.jamk.fi\/peppi\/wp-content\/uploads\/sites\/130\/2025\/05\/Vesisulut-768x1024.jpg 768w, https:\/\/help.jamk.fi\/peppi\/wp-content\/uploads\/sites\/130\/2025\/05\/Vesisulut-225x300.jpg 225w, https:\/\/help.jamk.fi\/peppi\/wp-content\/uploads\/sites\/130\/2025\/05\/Vesisulut.jpg 781w\" sizes=\"auto, (max-width: 768px) 100vw, 768px\" \/><figcaption class=\"wp-element-caption\">Vesisulut: jos tarvitset vett\u00e4 prosessiin (normaalisti t\u00e4lle on tarvetta vain lis\u00e4vesimoduulin isompaa pumppua k\u00e4ytett\u00e4ess\u00e4), k\u00e4\u00e4nnet\u00e4\u00e4n venttiilit kuvan osoittamaan asentoon. Ainoastaan siis vasemmanpuoleisin linja avataan. Venttiilit tulee ehdottomasti olla suljettu, kun tilasta poistutaan.<\/figcaption><\/figure>\n\n\n\n<figure class=\"wp-block-image size-full\"><img loading=\"lazy\" decoding=\"async\" width=\"697\" height=\"523\" src=\"https:\/\/help.jamk.fi\/peppi\/wp-content\/uploads\/sites\/130\/2025\/05\/Tiivisvesivirtaus.jpg\" alt=\"\" class=\"wp-image-3465\" srcset=\"https:\/\/help.jamk.fi\/peppi\/wp-content\/uploads\/sites\/130\/2025\/05\/Tiivisvesivirtaus.jpg 697w, https:\/\/help.jamk.fi\/peppi\/wp-content\/uploads\/sites\/130\/2025\/05\/Tiivisvesivirtaus-300x225.jpg 300w\" sizes=\"auto, (max-width: 697px) 100vw, 697px\" \/><figcaption class=\"wp-element-caption\">Tiivistevesivirtaus tarvitaan isommalle pumppausmoduulin pumpulle ennen kuin se voidaan k\u00e4ynnist\u00e4\u00e4. Jos k\u00e4yt\u00e4t tuota pumppua, tulee venttiilin LFA01AA025 olla auki kuten kuvassa.<\/figcaption><\/figure>\n\n\n\n<p>\u00c4l\u00e4 operoi laitteistoa mill\u00e4\u00e4n tavalla, ennen kuin olet selvitt\u00e4nyt, miten kyseinen operointi tulee prosessiin vaikuttamaan. V\u00e4\u00e4r\u00e4ll\u00e4 operoinnilla voidaan esim. rikkoa laitteita sek\u00e4 aiheuttaa vesi- tai henkil\u00f6vahinkoja.<\/p>\n\n\n\n<h3 class=\"wp-block-heading\">Operoinnin aikana<\/h3>\n\n\n\n<p>Jokainen vastaa omista toimistaan. Jos joku pyyt\u00e4\u00e4 sinua esim. avaamaan venttiilin, olet venttiili\u00e4 avatessasi itse vastuussa siit\u00e4 mit\u00e4 tuolloin tapahtuu. Jos et tied\u00e4 etuk\u00e4teen voiko jotain turvallisesti tehd\u00e4, \u00e4l\u00e4 tee sit\u00e4 ennen kuin olet siit\u00e4 tietoinen.<\/p>\n\n\n\n<p>Kun vett\u00e4 ajetaan viem\u00e4riin, tulee huolehtia, ett\u00e4 kaikki vesi todella menee viem\u00e4riin. T\u00e4t\u00e4 tulee seurata ajon aikana ja varsinkin viem\u00e4riajojen alkaessa tulee tarkistaa, ett\u00e4 vett\u00e4 ei mene mihink\u00e4\u00e4n muualle.<\/p>\n\n\n\n<p>H\u00f6yrymoduulia paikallisesti operoitaessa on k\u00e4ytett\u00e4v\u00e4 suojak\u00e4sineit\u00e4. Lis\u00e4ksi ulospuhalluksen ja n\u00e4ytteenoton yhteydess\u00e4 on k\u00e4ytett\u00e4v\u00e4 suojalaseja.<\/p>\n\n\n\n<h3 class=\"wp-block-heading\">Operoinnin j\u00e4lkeen<\/h3>\n\n\n\n<ul class=\"wp-block-list\">\n<li>Huolehdi, ett\u00e4 kaikki operoimasi venttiilit tulevat lopulta samaan alkuper\u00e4iseen asentoonsa.<\/li>\n\n\n\n<li>Huolehdi, ett\u00e4 kaikki operoimasi moottorit ovat oikeasti pys\u00e4htyneet kun ty\u00f6skentely loppuu. T\u00e4m\u00e4 ei ole itsest\u00e4\u00e4n selv\u00e4\u00e4, jos laitteiston ohjelmistoon on tehty muutoksia. Edes logiikan pist\u00e4minen stopille ei v\u00e4ltt\u00e4m\u00e4tt\u00e4 pys\u00e4yt\u00e4 k\u00e4yv\u00e4\u00e4 pumppua. Varmistu siis katsomalla ja kuuntelemalla, ett\u00e4 moottorit ovat oikeasti pys\u00e4htyneet.<\/li>\n\n\n\n<li>Ty\u00f6skentely\u00e4 lopetettaessa tulee huolehtia, ett\u00e4 sein\u00e4ll\u00e4 olevat venttiilit on suljettu (vesi ja ilma on katkaistu). S\u00e4hk\u00f6t saavat olla prosessissa aina p\u00e4\u00e4ll\u00e4.<\/li>\n\n\n\n<li>Huolehdi, ett\u00e4 ty\u00f6piste j\u00e4\u00e4 siistiin kuntoon. Kaikki k\u00e4ytt\u00e4m\u00e4nne tavarat palautetaan luonnollisesti niiden alkuper\u00e4isille paikoilleen.<\/li>\n\n\n\n<li>Poistuessasi tilasta viimeisen\u00e4 sammuta valot.<\/li>\n<\/ul>\n\n\n\n<p><strong>Olen lukenut ja ymm\u00e4rt\u00e4nyt yll\u00e4 olevat ohjeet. Tilavarauksen tekem\u00e4ll\u00e4 vakuutan n\u00e4it\u00e4 s\u00e4\u00e4nt\u00f6j\u00e4 ja ohjeita noudattavani.<\/strong><\/p>\n","protected":false},"excerpt":{"rendered":"<p>Energiatekniikan ja s\u00e4hk\u00f6-ja automaatiotekniikan opiskelijat voivat varata P\u00e4\u00e4kampukselta opintoihinsa kuuluvia labratiloja Pepist\u00e4. Tiloja voi my\u00f6s varata ovien pieliss\u00e4 olevista QR-koodeista tai varata suoraan Tuudosta. Opiskelijat varaavat tilat Pepin etusivun Tilavaraukset-painikkeen kautta. Tarkemmat ohjeet opiskelijoille tilojen varaamiseen ovat t\u00e4\u00e4ll\u00e4. DP39.1-laboratoriotila on jaettu useampaan varattavaan osaan, ja opiskelijat voivat varata n\u00e4it\u00e4 tiloja arkisin kampuksen aukioloaikoina tunnin mittaisiksi [&hellip;]<\/p>\n","protected":false},"author":76,"featured_media":0,"parent":3285,"menu_order":3,"comment_status":"closed","ping_status":"closed","template":"","meta":{"_acf_changed":false,"_relevanssi_hide_post":"","_relevanssi_hide_content":"","_relevanssi_pin_for_all":"","_relevanssi_pin_keywords":"","_relevanssi_unpin_keywords":"","_relevanssi_related_keywords":"","_relevanssi_related_include_ids":"","_relevanssi_related_exclude_ids":"","_relevanssi_related_no_append":"","_relevanssi_related_not_related":"","_relevanssi_related_posts":"","_relevanssi_noindex_reason":"","footnotes":""},"categories":[],"tags":[],"class_list":["post-3453","page","type-page","status-publish","hentry"],"acf":[],"yoast_head":"<!-- This site is optimized with the Yoast SEO plugin v27.3 - https:\/\/yoast.com\/product\/yoast-seo-wordpress\/ -->\n<title>Energiatekniikan ja s\u00e4hk\u00f6- ja automaatiotekniikan opiskelijoiden varattavat tilat - Peppi<\/title>\n<meta name=\"robots\" content=\"index, follow, max-snippet:-1, max-image-preview:large, max-video-preview:-1\" \/>\n<link rel=\"canonical\" href=\"https:\/\/help.jamk.fi\/peppi\/fi\/kalenteri\/opiskelijoiden-varattavat-tilat\/energiatekniikan-ja-sahko-ja-automaatiotekniikan-opiskelijoiden-varattavat-tilat\/\" \/>\n<meta property=\"og:locale\" content=\"fi_FI\" \/>\n<meta property=\"og:type\" content=\"article\" \/>\n<meta property=\"og:title\" content=\"Energiatekniikan ja s\u00e4hk\u00f6- ja automaatiotekniikan opiskelijoiden varattavat tilat - Peppi\" \/>\n<meta property=\"og:description\" content=\"Energiatekniikan ja s\u00e4hk\u00f6-ja automaatiotekniikan opiskelijat voivat varata P\u00e4\u00e4kampukselta opintoihinsa kuuluvia labratiloja Pepist\u00e4. Tiloja voi my\u00f6s varata ovien pieliss\u00e4 olevista QR-koodeista tai varata suoraan Tuudosta. Opiskelijat varaavat tilat Pepin etusivun Tilavaraukset-painikkeen kautta. Tarkemmat ohjeet opiskelijoille tilojen varaamiseen ovat t\u00e4\u00e4ll\u00e4. DP39.1-laboratoriotila on jaettu useampaan varattavaan osaan, ja opiskelijat voivat varata n\u00e4it\u00e4 tiloja arkisin kampuksen aukioloaikoina tunnin mittaisiksi [&hellip;]\" \/>\n<meta property=\"og:url\" content=\"https:\/\/help.jamk.fi\/peppi\/fi\/kalenteri\/opiskelijoiden-varattavat-tilat\/energiatekniikan-ja-sahko-ja-automaatiotekniikan-opiskelijoiden-varattavat-tilat\/\" \/>\n<meta property=\"og:site_name\" content=\"Peppi\" \/>\n<meta property=\"article:modified_time\" content=\"2026-04-02T07:20:15+00:00\" \/>\n<meta property=\"og:image\" content=\"https:\/\/help.jamk.fi\/peppi\/wp-content\/uploads\/sites\/130\/2025\/10\/Hatapoistumistie.jpg\" \/>\n\t<meta property=\"og:image:width\" content=\"362\" \/>\n\t<meta property=\"og:image:height\" content=\"449\" \/>\n\t<meta property=\"og:image:type\" content=\"image\/jpeg\" \/>\n<meta name=\"twitter:card\" content=\"summary_large_image\" \/>\n<meta name=\"twitter:label1\" content=\"Arvioitu lukuaika\" \/>\n\t<meta name=\"twitter:data1\" content=\"6 minuuttia\" \/>\n<script type=\"application\/ld+json\" class=\"yoast-schema-graph\">{\"@context\":\"https:\\\/\\\/schema.org\",\"@graph\":[{\"@type\":\"WebPage\",\"@id\":\"https:\\\/\\\/help.jamk.fi\\\/peppi\\\/fi\\\/kalenteri\\\/opiskelijoiden-varattavat-tilat\\\/energiatekniikan-ja-sahko-ja-automaatiotekniikan-opiskelijoiden-varattavat-tilat\\\/\",\"url\":\"https:\\\/\\\/help.jamk.fi\\\/peppi\\\/fi\\\/kalenteri\\\/opiskelijoiden-varattavat-tilat\\\/energiatekniikan-ja-sahko-ja-automaatiotekniikan-opiskelijoiden-varattavat-tilat\\\/\",\"name\":\"Energiatekniikan ja s\u00e4hk\u00f6- ja automaatiotekniikan opiskelijoiden varattavat tilat - Peppi\",\"isPartOf\":{\"@id\":\"https:\\\/\\\/help.jamk.fi\\\/peppi\\\/#website\"},\"primaryImageOfPage\":{\"@id\":\"https:\\\/\\\/help.jamk.fi\\\/peppi\\\/fi\\\/kalenteri\\\/opiskelijoiden-varattavat-tilat\\\/energiatekniikan-ja-sahko-ja-automaatiotekniikan-opiskelijoiden-varattavat-tilat\\\/#primaryimage\"},\"image\":{\"@id\":\"https:\\\/\\\/help.jamk.fi\\\/peppi\\\/fi\\\/kalenteri\\\/opiskelijoiden-varattavat-tilat\\\/energiatekniikan-ja-sahko-ja-automaatiotekniikan-opiskelijoiden-varattavat-tilat\\\/#primaryimage\"},\"thumbnailUrl\":\"https:\\\/\\\/help.jamk.fi\\\/peppi\\\/wp-content\\\/uploads\\\/sites\\\/130\\\/2025\\\/10\\\/Hatapoistumistie.jpg\",\"datePublished\":\"2025-05-08T10:45:19+00:00\",\"dateModified\":\"2026-04-02T07:20:15+00:00\",\"breadcrumb\":{\"@id\":\"https:\\\/\\\/help.jamk.fi\\\/peppi\\\/fi\\\/kalenteri\\\/opiskelijoiden-varattavat-tilat\\\/energiatekniikan-ja-sahko-ja-automaatiotekniikan-opiskelijoiden-varattavat-tilat\\\/#breadcrumb\"},\"inLanguage\":\"fi\",\"potentialAction\":[{\"@type\":\"ReadAction\",\"target\":[\"https:\\\/\\\/help.jamk.fi\\\/peppi\\\/fi\\\/kalenteri\\\/opiskelijoiden-varattavat-tilat\\\/energiatekniikan-ja-sahko-ja-automaatiotekniikan-opiskelijoiden-varattavat-tilat\\\/\"]}]},{\"@type\":\"ImageObject\",\"inLanguage\":\"fi\",\"@id\":\"https:\\\/\\\/help.jamk.fi\\\/peppi\\\/fi\\\/kalenteri\\\/opiskelijoiden-varattavat-tilat\\\/energiatekniikan-ja-sahko-ja-automaatiotekniikan-opiskelijoiden-varattavat-tilat\\\/#primaryimage\",\"url\":\"https:\\\/\\\/help.jamk.fi\\\/peppi\\\/wp-content\\\/uploads\\\/sites\\\/130\\\/2025\\\/10\\\/Hatapoistumistie.jpg\",\"contentUrl\":\"https:\\\/\\\/help.jamk.fi\\\/peppi\\\/wp-content\\\/uploads\\\/sites\\\/130\\\/2025\\\/10\\\/Hatapoistumistie.jpg\",\"width\":362,\"height\":449},{\"@type\":\"BreadcrumbList\",\"@id\":\"https:\\\/\\\/help.jamk.fi\\\/peppi\\\/fi\\\/kalenteri\\\/opiskelijoiden-varattavat-tilat\\\/energiatekniikan-ja-sahko-ja-automaatiotekniikan-opiskelijoiden-varattavat-tilat\\\/#breadcrumb\",\"itemListElement\":[{\"@type\":\"ListItem\",\"position\":1,\"name\":\"Home\",\"item\":\"https:\\\/\\\/help.jamk.fi\\\/peppi\\\/fi\\\/\"},{\"@type\":\"ListItem\",\"position\":2,\"name\":\"Kalenteri\",\"item\":\"https:\\\/\\\/help.jamk.fi\\\/peppi\\\/fi\\\/kalenteri\\\/\"},{\"@type\":\"ListItem\",\"position\":3,\"name\":\"Opiskelijoiden varattavat tilat\",\"item\":\"https:\\\/\\\/help.jamk.fi\\\/peppi\\\/fi\\\/kalenteri\\\/opiskelijoiden-varattavat-tilat\\\/\"},{\"@type\":\"ListItem\",\"position\":4,\"name\":\"Energiatekniikan ja s\u00e4hk\u00f6- ja automaatiotekniikan opiskelijoiden varattavat tilat\"}]},{\"@type\":\"WebSite\",\"@id\":\"https:\\\/\\\/help.jamk.fi\\\/peppi\\\/#website\",\"url\":\"https:\\\/\\\/help.jamk.fi\\\/peppi\\\/\",\"name\":\"Peppi\",\"description\":\"\",\"potentialAction\":[{\"@type\":\"SearchAction\",\"target\":{\"@type\":\"EntryPoint\",\"urlTemplate\":\"https:\\\/\\\/help.jamk.fi\\\/peppi\\\/?s={search_term_string}\"},\"query-input\":{\"@type\":\"PropertyValueSpecification\",\"valueRequired\":true,\"valueName\":\"search_term_string\"}}],\"inLanguage\":\"fi\"}]}<\/script>\n<!-- \/ Yoast SEO plugin. -->","yoast_head_json":{"title":"Energiatekniikan ja s\u00e4hk\u00f6- ja automaatiotekniikan opiskelijoiden varattavat tilat - Peppi","robots":{"index":"index","follow":"follow","max-snippet":"max-snippet:-1","max-image-preview":"max-image-preview:large","max-video-preview":"max-video-preview:-1"},"canonical":"https:\/\/help.jamk.fi\/peppi\/fi\/kalenteri\/opiskelijoiden-varattavat-tilat\/energiatekniikan-ja-sahko-ja-automaatiotekniikan-opiskelijoiden-varattavat-tilat\/","og_locale":"fi_FI","og_type":"article","og_title":"Energiatekniikan ja s\u00e4hk\u00f6- ja automaatiotekniikan opiskelijoiden varattavat tilat - Peppi","og_description":"Energiatekniikan ja s\u00e4hk\u00f6-ja automaatiotekniikan opiskelijat voivat varata P\u00e4\u00e4kampukselta opintoihinsa kuuluvia labratiloja Pepist\u00e4. Tiloja voi my\u00f6s varata ovien pieliss\u00e4 olevista QR-koodeista tai varata suoraan Tuudosta. Opiskelijat varaavat tilat Pepin etusivun Tilavaraukset-painikkeen kautta. Tarkemmat ohjeet opiskelijoille tilojen varaamiseen ovat t\u00e4\u00e4ll\u00e4. DP39.1-laboratoriotila on jaettu useampaan varattavaan osaan, ja opiskelijat voivat varata n\u00e4it\u00e4 tiloja arkisin kampuksen aukioloaikoina tunnin mittaisiksi [&hellip;]","og_url":"https:\/\/help.jamk.fi\/peppi\/fi\/kalenteri\/opiskelijoiden-varattavat-tilat\/energiatekniikan-ja-sahko-ja-automaatiotekniikan-opiskelijoiden-varattavat-tilat\/","og_site_name":"Peppi","article_modified_time":"2026-04-02T07:20:15+00:00","og_image":[{"width":362,"height":449,"url":"https:\/\/help.jamk.fi\/peppi\/wp-content\/uploads\/sites\/130\/2025\/10\/Hatapoistumistie.jpg","type":"image\/jpeg"}],"twitter_card":"summary_large_image","twitter_misc":{"Arvioitu lukuaika":"6 minuuttia"},"schema":{"@context":"https:\/\/schema.org","@graph":[{"@type":"WebPage","@id":"https:\/\/help.jamk.fi\/peppi\/fi\/kalenteri\/opiskelijoiden-varattavat-tilat\/energiatekniikan-ja-sahko-ja-automaatiotekniikan-opiskelijoiden-varattavat-tilat\/","url":"https:\/\/help.jamk.fi\/peppi\/fi\/kalenteri\/opiskelijoiden-varattavat-tilat\/energiatekniikan-ja-sahko-ja-automaatiotekniikan-opiskelijoiden-varattavat-tilat\/","name":"Energiatekniikan ja s\u00e4hk\u00f6- ja automaatiotekniikan opiskelijoiden varattavat tilat - Peppi","isPartOf":{"@id":"https:\/\/help.jamk.fi\/peppi\/#website"},"primaryImageOfPage":{"@id":"https:\/\/help.jamk.fi\/peppi\/fi\/kalenteri\/opiskelijoiden-varattavat-tilat\/energiatekniikan-ja-sahko-ja-automaatiotekniikan-opiskelijoiden-varattavat-tilat\/#primaryimage"},"image":{"@id":"https:\/\/help.jamk.fi\/peppi\/fi\/kalenteri\/opiskelijoiden-varattavat-tilat\/energiatekniikan-ja-sahko-ja-automaatiotekniikan-opiskelijoiden-varattavat-tilat\/#primaryimage"},"thumbnailUrl":"https:\/\/help.jamk.fi\/peppi\/wp-content\/uploads\/sites\/130\/2025\/10\/Hatapoistumistie.jpg","datePublished":"2025-05-08T10:45:19+00:00","dateModified":"2026-04-02T07:20:15+00:00","breadcrumb":{"@id":"https:\/\/help.jamk.fi\/peppi\/fi\/kalenteri\/opiskelijoiden-varattavat-tilat\/energiatekniikan-ja-sahko-ja-automaatiotekniikan-opiskelijoiden-varattavat-tilat\/#breadcrumb"},"inLanguage":"fi","potentialAction":[{"@type":"ReadAction","target":["https:\/\/help.jamk.fi\/peppi\/fi\/kalenteri\/opiskelijoiden-varattavat-tilat\/energiatekniikan-ja-sahko-ja-automaatiotekniikan-opiskelijoiden-varattavat-tilat\/"]}]},{"@type":"ImageObject","inLanguage":"fi","@id":"https:\/\/help.jamk.fi\/peppi\/fi\/kalenteri\/opiskelijoiden-varattavat-tilat\/energiatekniikan-ja-sahko-ja-automaatiotekniikan-opiskelijoiden-varattavat-tilat\/#primaryimage","url":"https:\/\/help.jamk.fi\/peppi\/wp-content\/uploads\/sites\/130\/2025\/10\/Hatapoistumistie.jpg","contentUrl":"https:\/\/help.jamk.fi\/peppi\/wp-content\/uploads\/sites\/130\/2025\/10\/Hatapoistumistie.jpg","width":362,"height":449},{"@type":"BreadcrumbList","@id":"https:\/\/help.jamk.fi\/peppi\/fi\/kalenteri\/opiskelijoiden-varattavat-tilat\/energiatekniikan-ja-sahko-ja-automaatiotekniikan-opiskelijoiden-varattavat-tilat\/#breadcrumb","itemListElement":[{"@type":"ListItem","position":1,"name":"Home","item":"https:\/\/help.jamk.fi\/peppi\/fi\/"},{"@type":"ListItem","position":2,"name":"Kalenteri","item":"https:\/\/help.jamk.fi\/peppi\/fi\/kalenteri\/"},{"@type":"ListItem","position":3,"name":"Opiskelijoiden varattavat tilat","item":"https:\/\/help.jamk.fi\/peppi\/fi\/kalenteri\/opiskelijoiden-varattavat-tilat\/"},{"@type":"ListItem","position":4,"name":"Energiatekniikan ja s\u00e4hk\u00f6- ja automaatiotekniikan opiskelijoiden varattavat tilat"}]},{"@type":"WebSite","@id":"https:\/\/help.jamk.fi\/peppi\/#website","url":"https:\/\/help.jamk.fi\/peppi\/","name":"Peppi","description":"","potentialAction":[{"@type":"SearchAction","target":{"@type":"EntryPoint","urlTemplate":"https:\/\/help.jamk.fi\/peppi\/?s={search_term_string}"},"query-input":{"@type":"PropertyValueSpecification","valueRequired":true,"valueName":"search_term_string"}}],"inLanguage":"fi"}]}},"_links":{"self":[{"href":"https:\/\/help.jamk.fi\/peppi\/wp-json\/wp\/v2\/pages\/3453","targetHints":{"allow":["GET"]}}],"collection":[{"href":"https:\/\/help.jamk.fi\/peppi\/wp-json\/wp\/v2\/pages"}],"about":[{"href":"https:\/\/help.jamk.fi\/peppi\/wp-json\/wp\/v2\/types\/page"}],"author":[{"embeddable":true,"href":"https:\/\/help.jamk.fi\/peppi\/wp-json\/wp\/v2\/users\/76"}],"replies":[{"embeddable":true,"href":"https:\/\/help.jamk.fi\/peppi\/wp-json\/wp\/v2\/comments?post=3453"}],"version-history":[{"count":12,"href":"https:\/\/help.jamk.fi\/peppi\/wp-json\/wp\/v2\/pages\/3453\/revisions"}],"predecessor-version":[{"id":4027,"href":"https:\/\/help.jamk.fi\/peppi\/wp-json\/wp\/v2\/pages\/3453\/revisions\/4027"}],"up":[{"embeddable":true,"href":"https:\/\/help.jamk.fi\/peppi\/wp-json\/wp\/v2\/pages\/3285"}],"wp:attachment":[{"href":"https:\/\/help.jamk.fi\/peppi\/wp-json\/wp\/v2\/media?parent=3453"}],"wp:term":[{"taxonomy":"category","embeddable":true,"href":"https:\/\/help.jamk.fi\/peppi\/wp-json\/wp\/v2\/categories?post=3453"},{"taxonomy":"post_tag","embeddable":true,"href":"https:\/\/help.jamk.fi\/peppi\/wp-json\/wp\/v2\/tags?post=3453"}],"curies":[{"name":"wp","href":"https:\/\/api.w.org\/{rel}","templated":true}]}}