{"id":107,"date":"2012-08-15T07:46:23","date_gmt":"2012-08-15T04:46:23","guid":{"rendered":"https:\/\/help.jamk.fi\/raportointiohje\/7-kirjallisen-tehtavan-ulkoasu\/"},"modified":"2025-07-17T10:14:17","modified_gmt":"2025-07-17T07:14:17","slug":"7-kirjallisen-tehtavan-ulkoasu","status":"publish","type":"page","link":"https:\/\/help.jamk.fi\/raportointiohje\/fi\/7-kirjallisen-tehtavan-ulkoasu\/","title":{"rendered":"7 Kirjallisen teht\u00e4v\u00e4n ulkoasu"},"content":{"rendered":"\n<p>Ennen kirjoittamaan ryhtymist\u00e4 on hyv\u00e4 tehd\u00e4 ohjeen mukaiset sivun asetukset. Ulkoasussa on otettava huomioon saavutettavuusohjeet, jotka l\u00f6ytyv\u00e4t <span style=\"color: #333399;\"><a style=\"color: #333399;\" href=\"https:\/\/submissions.theseus.fi\/saavutettavuusohjeet.htm\">Theseuksesta<\/a><\/span>.<\/p>\n\n\n\n<p>Raportin ulkoasun asetuksia ohjeistetaan muun muassa <strong>riviv\u00e4lin, kirjasinkoon<\/strong> ja <strong>reunusten <\/strong>osalta. Seuraavilla v\u00e4lilehdill\u00e4 k\u00e4sitell\u00e4\u00e4n ulkoasun ohjeita. <a href=\"https:\/\/help.jamk.fi\/raportointiohje\/7-kirjallisen-tehtavan-ulkoasu\/7-2-ulkoasun-muotoiluasetukset\/\"><span style=\"color: #333399;\">Asetusohjeet<\/span><\/a> on esitetty sivulla 7.2. Linkit raportin mallipohjiin ovat t\u00e4m\u00e4n ohjeen v\u00e4lilehdell\u00e4 <a href=\"https:\/\/help.jamk.fi\/raportointiohje\/mallipohjat\/\"><span style=\"color: #333399;\">Mallipohja<\/span>t<\/a>.<\/p>\n\n\n\n<h2 class=\"wp-block-heading\">Kirjoitustekniset seikat<\/h2>\n\n\n\n<p>Kirjoitustekniset seikat on syyt\u00e4 ottaa k\u00e4ytt\u00f6\u00f6n jo kirjoittaessaan (ks. taulukko 2). Ty\u00f6n valmistuttua teksti viimeistell\u00e4\u00e4n: tarkistetaan tyyli, oikeinkirjoitus ja merkint\u00e4tekniikka.<\/p>\n\n\n\n<p>Taulukko 1. Ohjeet tavallisia kirjoitusteknisi\u00e4 pulmakohtia varten<\/p>\n\n\n\n<table>\n<tbody>\n<tr>\n<td><strong>Ohje<\/strong><\/td>\n<td><strong>Esimerkki<\/strong><\/td>\n<\/tr>\n<tr>\n<td>V\u00e4limerkkien j\u00e4lkeen j\u00e4tet\u00e4\u00e4n yksi v\u00e4lily\u00f6nti.<br \/>V\u00e4limerkkien edelle ei tule v\u00e4lily\u00f6nti\u00e4.<\/td>\n<td>Helsinki: Otava.<br \/>Millainen on hyv\u00e4 opas?<\/td>\n<\/tr>\n<tr>\n<td>Numeron ja mittayksik\u00f6n v\u00e4liin tulee v\u00e4lily\u00f6nti.<\/td>\n<td>17 % haastatelluista<br \/>12 kg<\/td>\n<\/tr>\n<tr>\n<td>Rajakohtia osoittamaan k\u00e4ytet\u00e4\u00e4n painotekstiss\u00e4 ajatusviivaa (suluissa 5\u201310). <br \/>Ajatusviivan puuttuessa voidaan samaan tarkoitukseen k\u00e4ytt\u00e4\u00e4 yhdysviivaa, jonka molemmin puolin tulee v\u00e4lily\u00f6nti.<\/td>\n<td>Vuosina 2012\u20132016<br \/>(Hakanen 2013, 5\u20136.)<\/td>\n<\/tr>\n<tr>\n<td>Yhdysmerkkin\u00e4 on lyhyt viiva.<\/td>\n<td>1\u20136-vuotiaita p\u00e4iv\u00e4koti-ik\u00e4isi\u00e4<\/td>\n<\/tr>\n<tr>\n<td>Laskutoimitusmerkkien molemmin puolin tulee v\u00e4lily\u00f6nti.<\/td>\n<td>1 km = 1000 m<\/td>\n<\/tr>\n<tr>\n<td>Sulkumerkit ja lainausmerkit laitetaan kiinni sis\u00e4ll\u00e4 olevaan tekstiin (ei v\u00e4lily\u00f6ntej\u00e4 ensimm\u00e4isen merkin j\u00e4lkeen eik\u00e4 viimeist\u00e4 merkki\u00e4 ennen).<\/td>\n<td>(Aro 2012, 45.)<br \/>&#8221;huonontunut&#8221;, &#8221;pysynyt samana&#8221; tai &#8221;parantunut&#8221;<\/td>\n<\/tr>\n<tr>\n<td>Numerot ja mittayksik\u00f6n lyhenteet taivutetaan tarvittaessa.<\/td>\n<td>10 ml:aan asti<br \/>Yksin asutaan jopa yli <br \/>50 %:ssa asunnoista.<\/td>\n<\/tr>\n<\/tbody>\n<\/table>\n<p><a href=\"https:\/\/help.jamk.fi\/raportointiohje\/7-kirjallisen-tehtavan-ulkoasu\/\">Sivun alkuun<\/a><\/p>\n","protected":false},"excerpt":{"rendered":"<p>Ennen kirjoittamaan ryhtymist\u00e4 on hyv\u00e4 tehd\u00e4 ohjeen mukaiset sivun asetukset. Ulkoasussa on otettava huomioon saavutettavuusohjeet, jotka l\u00f6ytyv\u00e4t Theseuksesta. Raportin ulkoasun asetuksia ohjeistetaan muun muassa riviv\u00e4lin, kirjasinkoon ja reunusten osalta. Seuraavilla v\u00e4lilehdill\u00e4 k\u00e4sitell\u00e4\u00e4n ulkoasun ohjeita. Asetusohjeet on esitetty sivulla 7.2. Linkit raportin mallipohjiin ovat t\u00e4m\u00e4n ohjeen v\u00e4lilehdell\u00e4 Mallipohjat. Kirjoitustekniset seikat Kirjoitustekniset seikat on syyt\u00e4 ottaa k\u00e4ytt\u00f6\u00f6n [&hellip;]<\/p>\n","protected":false},"author":79,"featured_media":0,"parent":0,"menu_order":7,"comment_status":"closed","ping_status":"closed","template":"","meta":{"_acf_changed":false,"_relevanssi_hide_post":"","_relevanssi_hide_content":"","_relevanssi_pin_for_all":"","_relevanssi_pin_keywords":"mallipohja, ulkoasu, tyyli","_relevanssi_unpin_keywords":"","_relevanssi_related_keywords":"","_relevanssi_related_include_ids":"","_relevanssi_related_exclude_ids":"","_relevanssi_related_no_append":"","_relevanssi_related_not_related":"","_relevanssi_related_posts":"","_relevanssi_noindex_reason":"","footnotes":""},"categories":[],"tags":[329,335,341,347,353,359,365,371,377,383,389,395,401,407,113,215,413,419,425,431,437,443,233,449,245,455,461,467,473],"class_list":["post-107","page","type-page","status-publish","hentry","tag-ajatusviiva","tag-asemointi","tag-fontti","tag-kappalejako","tag-kappaleotsikko","tag-kirjasin","tag-kirjasintyyppi","tag-kirjoitustekniset-seikat","tag-korostukset","tag-lainausmerkit","tag-lihavointi","tag-luetelmat","tag-lyhenteet","tag-marginaalit","tag-oikeinkirjoitus","tag-otsikko","tag-rajakohtailmaukset","tag-reunukset","tag-rivivali","tag-sisennykset","tag-sivunumero","tag-sulkumerkit","tag-suuraakkoset","tag-tavutus","tag-tekstikappale","tag-ulkoasu","tag-valimerkit","tag-yhdysviiva","tag-yhtalaisyysmerkki"],"acf":[],"yoast_head":"<!-- This site is optimized with the Yoast SEO plugin v27.3 - https:\/\/yoast.com\/product\/yoast-seo-wordpress\/ -->\n<title>7 Kirjallisen teht\u00e4v\u00e4n ulkoasu - Opinn\u00e4ytety\u00f6n raportointiohje<\/title>\n<meta name=\"robots\" content=\"index, follow, max-snippet:-1, max-image-preview:large, max-video-preview:-1\" \/>\n<link rel=\"canonical\" href=\"https:\/\/help.jamk.fi\/raportointiohje\/fi\/7-kirjallisen-tehtavan-ulkoasu\/\" \/>\n<meta property=\"og:locale\" content=\"fi_FI\" \/>\n<meta property=\"og:type\" content=\"article\" \/>\n<meta property=\"og:title\" content=\"7 Kirjallisen teht\u00e4v\u00e4n ulkoasu - Opinn\u00e4ytety\u00f6n raportointiohje\" \/>\n<meta property=\"og:description\" content=\"Ennen kirjoittamaan ryhtymist\u00e4 on hyv\u00e4 tehd\u00e4 ohjeen mukaiset sivun asetukset. Ulkoasussa on otettava huomioon saavutettavuusohjeet, jotka l\u00f6ytyv\u00e4t Theseuksesta. Raportin ulkoasun asetuksia ohjeistetaan muun muassa riviv\u00e4lin, kirjasinkoon ja reunusten osalta. Seuraavilla v\u00e4lilehdill\u00e4 k\u00e4sitell\u00e4\u00e4n ulkoasun ohjeita. Asetusohjeet on esitetty sivulla 7.2. Linkit raportin mallipohjiin ovat t\u00e4m\u00e4n ohjeen v\u00e4lilehdell\u00e4 Mallipohjat. Kirjoitustekniset seikat Kirjoitustekniset seikat on syyt\u00e4 ottaa k\u00e4ytt\u00f6\u00f6n [&hellip;]\" \/>\n<meta property=\"og:url\" content=\"https:\/\/help.jamk.fi\/raportointiohje\/fi\/7-kirjallisen-tehtavan-ulkoasu\/\" \/>\n<meta property=\"og:site_name\" content=\"Opinn\u00e4ytety\u00f6n raportointiohje\" \/>\n<meta property=\"article:modified_time\" content=\"2025-07-17T07:14:17+00:00\" \/>\n<meta name=\"twitter:card\" content=\"summary_large_image\" \/>\n<meta name=\"twitter:label1\" content=\"Arvioitu lukuaika\" \/>\n\t<meta name=\"twitter:data1\" content=\"2 minuuttia\" \/>\n<script type=\"application\/ld+json\" class=\"yoast-schema-graph\">{\"@context\":\"https:\\\/\\\/schema.org\",\"@graph\":[{\"@type\":\"WebPage\",\"@id\":\"https:\\\/\\\/help.jamk.fi\\\/raportointiohje\\\/fi\\\/7-kirjallisen-tehtavan-ulkoasu\\\/\",\"url\":\"https:\\\/\\\/help.jamk.fi\\\/raportointiohje\\\/fi\\\/7-kirjallisen-tehtavan-ulkoasu\\\/\",\"name\":\"7 Kirjallisen teht\u00e4v\u00e4n ulkoasu - Opinn\u00e4ytety\u00f6n raportointiohje\",\"isPartOf\":{\"@id\":\"https:\\\/\\\/help.jamk.fi\\\/raportointiohje\\\/#website\"},\"datePublished\":\"2012-08-15T04:46:23+00:00\",\"dateModified\":\"2025-07-17T07:14:17+00:00\",\"breadcrumb\":{\"@id\":\"https:\\\/\\\/help.jamk.fi\\\/raportointiohje\\\/fi\\\/7-kirjallisen-tehtavan-ulkoasu\\\/#breadcrumb\"},\"inLanguage\":\"fi\",\"potentialAction\":[{\"@type\":\"ReadAction\",\"target\":[\"https:\\\/\\\/help.jamk.fi\\\/raportointiohje\\\/fi\\\/7-kirjallisen-tehtavan-ulkoasu\\\/\"]}]},{\"@type\":\"BreadcrumbList\",\"@id\":\"https:\\\/\\\/help.jamk.fi\\\/raportointiohje\\\/fi\\\/7-kirjallisen-tehtavan-ulkoasu\\\/#breadcrumb\",\"itemListElement\":[{\"@type\":\"ListItem\",\"position\":1,\"name\":\"Etusivu\",\"item\":\"https:\\\/\\\/help.jamk.fi\\\/raportointiohje\\\/fi\\\/\"},{\"@type\":\"ListItem\",\"position\":2,\"name\":\"7 Kirjallisen teht\u00e4v\u00e4n ulkoasu\"}]},{\"@type\":\"WebSite\",\"@id\":\"https:\\\/\\\/help.jamk.fi\\\/raportointiohje\\\/#website\",\"url\":\"https:\\\/\\\/help.jamk.fi\\\/raportointiohje\\\/\",\"name\":\"Opinn\u00e4ytety\u00f6n raportointiohje\",\"description\":\"\",\"potentialAction\":[{\"@type\":\"SearchAction\",\"target\":{\"@type\":\"EntryPoint\",\"urlTemplate\":\"https:\\\/\\\/help.jamk.fi\\\/raportointiohje\\\/?s={search_term_string}\"},\"query-input\":{\"@type\":\"PropertyValueSpecification\",\"valueRequired\":true,\"valueName\":\"search_term_string\"}}],\"inLanguage\":\"fi\"}]}<\/script>\n<!-- \/ Yoast SEO plugin. -->","yoast_head_json":{"title":"7 Kirjallisen teht\u00e4v\u00e4n ulkoasu - Opinn\u00e4ytety\u00f6n raportointiohje","robots":{"index":"index","follow":"follow","max-snippet":"max-snippet:-1","max-image-preview":"max-image-preview:large","max-video-preview":"max-video-preview:-1"},"canonical":"https:\/\/help.jamk.fi\/raportointiohje\/fi\/7-kirjallisen-tehtavan-ulkoasu\/","og_locale":"fi_FI","og_type":"article","og_title":"7 Kirjallisen teht\u00e4v\u00e4n ulkoasu - Opinn\u00e4ytety\u00f6n raportointiohje","og_description":"Ennen kirjoittamaan ryhtymist\u00e4 on hyv\u00e4 tehd\u00e4 ohjeen mukaiset sivun asetukset. Ulkoasussa on otettava huomioon saavutettavuusohjeet, jotka l\u00f6ytyv\u00e4t Theseuksesta. Raportin ulkoasun asetuksia ohjeistetaan muun muassa riviv\u00e4lin, kirjasinkoon ja reunusten osalta. Seuraavilla v\u00e4lilehdill\u00e4 k\u00e4sitell\u00e4\u00e4n ulkoasun ohjeita. Asetusohjeet on esitetty sivulla 7.2. Linkit raportin mallipohjiin ovat t\u00e4m\u00e4n ohjeen v\u00e4lilehdell\u00e4 Mallipohjat. Kirjoitustekniset seikat Kirjoitustekniset seikat on syyt\u00e4 ottaa k\u00e4ytt\u00f6\u00f6n [&hellip;]","og_url":"https:\/\/help.jamk.fi\/raportointiohje\/fi\/7-kirjallisen-tehtavan-ulkoasu\/","og_site_name":"Opinn\u00e4ytety\u00f6n raportointiohje","article_modified_time":"2025-07-17T07:14:17+00:00","twitter_card":"summary_large_image","twitter_misc":{"Arvioitu lukuaika":"2 minuuttia"},"schema":{"@context":"https:\/\/schema.org","@graph":[{"@type":"WebPage","@id":"https:\/\/help.jamk.fi\/raportointiohje\/fi\/7-kirjallisen-tehtavan-ulkoasu\/","url":"https:\/\/help.jamk.fi\/raportointiohje\/fi\/7-kirjallisen-tehtavan-ulkoasu\/","name":"7 Kirjallisen teht\u00e4v\u00e4n ulkoasu - Opinn\u00e4ytety\u00f6n raportointiohje","isPartOf":{"@id":"https:\/\/help.jamk.fi\/raportointiohje\/#website"},"datePublished":"2012-08-15T04:46:23+00:00","dateModified":"2025-07-17T07:14:17+00:00","breadcrumb":{"@id":"https:\/\/help.jamk.fi\/raportointiohje\/fi\/7-kirjallisen-tehtavan-ulkoasu\/#breadcrumb"},"inLanguage":"fi","potentialAction":[{"@type":"ReadAction","target":["https:\/\/help.jamk.fi\/raportointiohje\/fi\/7-kirjallisen-tehtavan-ulkoasu\/"]}]},{"@type":"BreadcrumbList","@id":"https:\/\/help.jamk.fi\/raportointiohje\/fi\/7-kirjallisen-tehtavan-ulkoasu\/#breadcrumb","itemListElement":[{"@type":"ListItem","position":1,"name":"Etusivu","item":"https:\/\/help.jamk.fi\/raportointiohje\/fi\/"},{"@type":"ListItem","position":2,"name":"7 Kirjallisen teht\u00e4v\u00e4n ulkoasu"}]},{"@type":"WebSite","@id":"https:\/\/help.jamk.fi\/raportointiohje\/#website","url":"https:\/\/help.jamk.fi\/raportointiohje\/","name":"Opinn\u00e4ytety\u00f6n raportointiohje","description":"","potentialAction":[{"@type":"SearchAction","target":{"@type":"EntryPoint","urlTemplate":"https:\/\/help.jamk.fi\/raportointiohje\/?s={search_term_string}"},"query-input":{"@type":"PropertyValueSpecification","valueRequired":true,"valueName":"search_term_string"}}],"inLanguage":"fi"}]}},"_links":{"self":[{"href":"https:\/\/help.jamk.fi\/raportointiohje\/wp-json\/wp\/v2\/pages\/107","targetHints":{"allow":["GET"]}}],"collection":[{"href":"https:\/\/help.jamk.fi\/raportointiohje\/wp-json\/wp\/v2\/pages"}],"about":[{"href":"https:\/\/help.jamk.fi\/raportointiohje\/wp-json\/wp\/v2\/types\/page"}],"author":[{"embeddable":true,"href":"https:\/\/help.jamk.fi\/raportointiohje\/wp-json\/wp\/v2\/users\/79"}],"replies":[{"embeddable":true,"href":"https:\/\/help.jamk.fi\/raportointiohje\/wp-json\/wp\/v2\/comments?post=107"}],"version-history":[{"count":10,"href":"https:\/\/help.jamk.fi\/raportointiohje\/wp-json\/wp\/v2\/pages\/107\/revisions"}],"predecessor-version":[{"id":1361,"href":"https:\/\/help.jamk.fi\/raportointiohje\/wp-json\/wp\/v2\/pages\/107\/revisions\/1361"}],"wp:attachment":[{"href":"https:\/\/help.jamk.fi\/raportointiohje\/wp-json\/wp\/v2\/media?parent=107"}],"wp:term":[{"taxonomy":"category","embeddable":true,"href":"https:\/\/help.jamk.fi\/raportointiohje\/wp-json\/wp\/v2\/categories?post=107"},{"taxonomy":"post_tag","embeddable":true,"href":"https:\/\/help.jamk.fi\/raportointiohje\/wp-json\/wp\/v2\/tags?post=107"}],"curies":[{"name":"wp","href":"https:\/\/api.w.org\/{rel}","templated":true}]}}