{"id":137,"date":"2012-08-15T07:46:39","date_gmt":"2012-08-15T04:46:39","guid":{"rendered":"https:\/\/help.jamk.fi\/raportointiohje\/lahteet\/"},"modified":"2026-03-20T08:27:38","modified_gmt":"2026-03-20T06:27:38","slug":"lahteet","status":"publish","type":"page","link":"https:\/\/help.jamk.fi\/raportointiohje\/fi\/lahteet\/","title":{"rendered":"L\u00e4hteet"},"content":{"rendered":"\n<p><strong>T\u00e4m\u00e4n sivun l\u00e4hdeluettelo on tehty raportointiohjeen luvun 5b ohjeiden mukaisesti.<\/strong> <br><br><br>Alasuutari, P. 2012. Laadullinen tutkimus 2.0. 4. uud. p. Tampere: Vastapaino. Viitattu 31.8.2016. <a href=\"https:\/\/janet.finna.fi\/\">https:\/\/janet.finna.fi\/<\/a>, Ellibs.<\/p>\n\n\n\n<p>Hakala, J. T. 2004. Opinn\u00e4yteopas ammattikorkeakouluille. Helsinki: Gaudeamus.<\/p>\n\n\n\n<p>Hardy, K.-M. 2012. Avioliittoleirilt\u00e4 palikoita parisuhteen arkeen. Opinn\u00e4ytety\u00f6, AMK. Jyv\u00e4skyl\u00e4n ammattikorkeakoulu, sosiaali-, terveys- ja liikunta-ala, sosiaalialan koulutusohjelma. Viitattu 2.8.2016. <a href=\"http:\/\/urn.fi\/URN:NBN:fi:amk-201203213629\">http:\/\/urn.fi\/URN:NBN:fi:amk-201203213629<\/a>.<\/p>\n\n\n\n<p>Hirsj\u00e4rvi, S., Remes, P. &amp; Sajavaara, P. 2015. Tutki ja kirjoita. 20. p. Helsinki: Tammi.<\/p>\n\n\n\n<p>ISO 7144:1986. Documentation: presentation of theses and similar documents. Geneve: International Organization for Standardization.<\/p>\n\n\n\n<p>Jahkola, E. 2015. Laulain ty\u00f6t\u00e4si tee! Kokonaisvaltaista hyvinvointia laulusta harrastajille. Opinn\u00e4ytety\u00f6, AMK. Jyv\u00e4skyl\u00e4n ammattikorkeakoulu, kulttuuriala, musiikin koulutusohjelma. Viitattu 9.6.2016. <a href=\"http:\/\/urn.fi\/URN:NBN:fi:amk-2016060712296\">http:\/\/urn.fi\/URN:NBN:fi:amk-2016060712296<\/a>.<\/p>\n\n\n\n<p>Kananen, J. 2008. Kvantti. Jyv\u00e4skyl\u00e4: Jyv\u00e4skyl\u00e4n ammattikorkeakoulu.<\/p>\n\n\n\n<p>Kananen, J. 2015. Opinn\u00e4ytety\u00f6n kirjoittajan opas. Jyv\u00e4skyl\u00e4: Jyv\u00e4skyl\u00e4n ammattikorkeakoulu.<\/p>\n\n\n\n<p>Kettukangas, J. &amp; Tirkkonen, A. 2001. KULKU. Kulttuuria Lasta Kuunnellen. Opinn\u00e4ytety\u00f6, AMK. Jyv\u00e4skyl\u00e4n ammattikorkeakoulu, matkailu-, ravitsemis- ja talousala.<\/p>\n\n\n\n<p>Kivikangas, S. 2015. Kiinte\u00e4n polttoaineen kattilan k\u00e4ytett\u00e4vyyden ja hy\u00f6tysuhteen parantaminen. Opinn\u00e4ytety\u00f6. Jyv\u00e4skyl\u00e4n ammattikorkeakoulu, tekniikan ja liikenteen ala, energiatekniikan koulutusohjelma.<\/p>\n\n\n\n<p>Korhonen, A. &amp; Nuutinen, I. 2009. Vaatemyyj\u00e4n tuotetietouden kehitt\u00e4minen. Opinn\u00e4ytety\u00f6, AMK. Jyv\u00e4skyl\u00e4n ammattikorkeakoulu, kulttuuriala, vaatetusalan koulutusohjelma.<\/p>\n\n\n\n<p>Lehtonen, T. 2012. Tiedonhankintaa Musiikkikampuksella. Tutkimus musiikkialan tiedonl\u00e4hteiden k\u00e4yt\u00f6st\u00e4 ja tiedonhankinnan ohjauksen kehitt\u00e4misest\u00e4. Opinn\u00e4ytety\u00f6, AMK. Jyv\u00e4skyl\u00e4n ammattikorkeakoulu, kulttuuriala, musiikin koulutusohjelma.<\/p>\n\n\n\n<p>Luukka, M.-R. 2012. Hyv\u00e4n tekstin olennaiset elementit. Kirjoita ja julkaise -seminaarin luento 3.2.2012 Jyv\u00e4skyl\u00e4n yliopistossa. Viitattu 31.8.2016. <a href=\"https:\/\/moniviestin.jyu.fi\/ohjelmat\/erillis\/kirjasto\/kirjoita-ja-julkaise\/osa1\">https:\/\/moniviestin.jyu.fi\/ohjelmat\/erillis\/kirjasto\/kirjoita-ja-julkaise\/osa1<\/a>.<\/p>\n\n\n\n<p>Mets\u00e4muuronen, J. 2011. Tutkimuksen tekemisen perusteet ihmistieteiss\u00e4. Opiskelijalaitos. Viitattu 31.8.2016.&nbsp; <a href=\"https:\/\/janet.finna.fi\/\">https:\/\/janet.finna.fi\/<\/a>, Booky.<\/p>\n\n\n\n<p>Niemel\u00e4, H. 2013. Ajoneuvotietokoneen tehokas hy\u00f6dynt\u00e4minen. Opinn\u00e4ytety\u00f6, AMK. Jyv\u00e4skyl\u00e4n ammattikorkeakoulu, tekniikan ja liikenteen ala, logistiikan koulutusohjelma. Viitattu 2.8.2016. <a href=\"http:\/\/urn.fi\/URN:NBN:fi:amk-201305199437\">http:\/\/urn.fi\/URN:NBN:fi:amk-201305199437<\/a>.<\/p>\n\n\n\n<p>Savolainen, L. &amp; Siekkinen, O. 2012. Lasten infektiot. Opas p\u00e4iv\u00e4hoitoon. Opinn\u00e4ytety\u00f6, AMK. Jyv\u00e4skyl\u00e4n ammattikorkeakoulu, sosiaali-, terveys- ja liikunta-ala, hoitoty\u00f6n koulutusohjelma. Viitattu 2.8.2016. <a href=\"http:\/\/urn.fi\/URN:NBN:fi:amk-2012060812273\">http:\/\/urn.fi\/URN:NBN:fi:amk-2012060812273<\/a>.<\/p>\n\n\n\n<p>SFS 3855:1978. Tiivistelmien laatiminen ja k\u00e4ytt\u00f6. Helsinki: Suomen Standardisoimisliitto SFS. Viitattu 13.11.2014. <a title=\"JAMKin kirjasto, uusi Janet\" href=\"https:\/\/janet.finna.fi\/\" target=\"_blank\" rel=\"noopener noreferrer\">https:\/\/janet.finna.fi\/<\/a>, SFS Online.<\/p>\n\n\n\n<p>SFS 4175:2006. Numeroiden ja merkkien kirjoittaminen. 5. p. Helsinki: Suomen Standardisoimisliitto SFS. Viitattu 13.11.2014. <a title=\"JAMKin kirjasto, uusi Janet\" href=\"https:\/\/janet.finna.fi\/\" target=\"_blank\" rel=\"noopener noreferrer\">https:\/\/janet.finna.fi\/<\/a>, SFS Online.<\/p>\n\n\n\n<p>SFS 5989:2012. L\u00e4hde- ja tekstiviitteit\u00e4 koskevat ohjeet. Julk. 13.8.2012. Helsinki: Suomen Standardisoimisliitto SFS. Perustuu kansainv\u00e4liseen standardiin ISO 690:2010 Information and documentation \u2013 Guidelines for bibliographic references and citations to information resources. Viitattu 13.11.2014. <a title=\"JAMKin kirjasto, uusi Janet\" href=\"https:\/\/janet.finna.fi\/\" target=\"_blank\" rel=\"noopener noreferrer\">https:\/\/janet.finna.fi\/<\/a>, SFS Online.<\/p>\n\n\n\n<p>Tuomi, S. &amp; Latvala, E. N.d. Opinn\u00e4ytety\u00f6n ohjaajan k\u00e4sikirja. Jyv\u00e4skyl\u00e4: Jyv\u00e4skyl\u00e4n ammattikorkeakoulu. Viitattu 16.8.2016. <a href=\"https:\/\/help.jamk.fi\/opinnaytetyon-ohjaus\/fi\/\">https:\/\/help.jamk.fi\/opinnaytetyon-ohjaus\/<\/a>.<\/p>\n","protected":false},"excerpt":{"rendered":"<p>T\u00e4m\u00e4n sivun l\u00e4hdeluettelo on tehty raportointiohjeen luvun 5b ohjeiden mukaisesti. Alasuutari, P. 2012. Laadullinen tutkimus 2.0. 4. uud. p. Tampere: Vastapaino. Viitattu 31.8.2016. https:\/\/janet.finna.fi\/, Ellibs. Hakala, J. T. 2004. Opinn\u00e4yteopas ammattikorkeakouluille. Helsinki: Gaudeamus. Hardy, K.-M. 2012. Avioliittoleirilt\u00e4 palikoita parisuhteen arkeen. Opinn\u00e4ytety\u00f6, AMK. Jyv\u00e4skyl\u00e4n ammattikorkeakoulu, sosiaali-, terveys- ja liikunta-ala, sosiaalialan koulutusohjelma. Viitattu 2.8.2016. http:\/\/urn.fi\/URN:NBN:fi:amk-201203213629. Hirsj\u00e4rvi, S., [&hellip;]<\/p>\n","protected":false},"author":79,"featured_media":0,"parent":0,"menu_order":9,"comment_status":"open","ping_status":"closed","template":"","meta":{"_acf_changed":false,"_relevanssi_hide_post":"","_relevanssi_hide_content":"","_relevanssi_pin_for_all":"","_relevanssi_pin_keywords":"l\u00e4hde, l\u00e4hteet, l\u00e4hdeluettelo, l\u00e4hdeluettelon, l\u00e4hteiden","_relevanssi_unpin_keywords":"","_relevanssi_related_keywords":"","_relevanssi_related_include_ids":"","_relevanssi_related_exclude_ids":"","_relevanssi_related_no_append":"","_relevanssi_related_not_related":"","_relevanssi_related_posts":"","_relevanssi_noindex_reason":"","footnotes":""},"categories":[],"tags":[257,41,479],"class_list":["post-137","page","type-page","status-publish","hentry","tag-lahdeluettelo","tag-lahteet","tag-lahteiden-merkinta"],"acf":[],"yoast_head":"<!-- This site is optimized with the Yoast SEO plugin v27.4 - https:\/\/yoast.com\/product\/yoast-seo-wordpress\/ -->\n<title>L\u00e4hteet - Opinn\u00e4ytety\u00f6n raportointiohje<\/title>\n<meta name=\"robots\" content=\"index, follow, max-snippet:-1, max-image-preview:large, max-video-preview:-1\" \/>\n<link rel=\"canonical\" href=\"https:\/\/help.jamk.fi\/raportointiohje\/fi\/lahteet\/\" \/>\n<meta property=\"og:locale\" content=\"fi_FI\" \/>\n<meta property=\"og:type\" content=\"article\" \/>\n<meta property=\"og:title\" content=\"L\u00e4hteet - Opinn\u00e4ytety\u00f6n raportointiohje\" \/>\n<meta property=\"og:description\" content=\"T\u00e4m\u00e4n sivun l\u00e4hdeluettelo on tehty raportointiohjeen luvun 5b ohjeiden mukaisesti. Alasuutari, P. 2012. Laadullinen tutkimus 2.0. 4. uud. p. Tampere: Vastapaino. Viitattu 31.8.2016. https:\/\/janet.finna.fi\/, Ellibs. Hakala, J. T. 2004. Opinn\u00e4yteopas ammattikorkeakouluille. Helsinki: Gaudeamus. Hardy, K.-M. 2012. Avioliittoleirilt\u00e4 palikoita parisuhteen arkeen. Opinn\u00e4ytety\u00f6, AMK. Jyv\u00e4skyl\u00e4n ammattikorkeakoulu, sosiaali-, terveys- ja liikunta-ala, sosiaalialan koulutusohjelma. Viitattu 2.8.2016. http:\/\/urn.fi\/URN:NBN:fi:amk-201203213629. Hirsj\u00e4rvi, S., [&hellip;]\" \/>\n<meta property=\"og:url\" content=\"https:\/\/help.jamk.fi\/raportointiohje\/fi\/lahteet\/\" \/>\n<meta property=\"og:site_name\" content=\"Opinn\u00e4ytety\u00f6n raportointiohje\" \/>\n<meta property=\"article:modified_time\" content=\"2026-03-20T06:27:38+00:00\" \/>\n<meta name=\"twitter:card\" content=\"summary_large_image\" \/>\n<meta name=\"twitter:label1\" content=\"Arvioitu lukuaika\" \/>\n\t<meta name=\"twitter:data1\" content=\"3 minuuttia\" \/>\n<script type=\"application\/ld+json\" class=\"yoast-schema-graph\">{\"@context\":\"https:\\\/\\\/schema.org\",\"@graph\":[{\"@type\":\"WebPage\",\"@id\":\"https:\\\/\\\/help.jamk.fi\\\/raportointiohje\\\/fi\\\/lahteet\\\/\",\"url\":\"https:\\\/\\\/help.jamk.fi\\\/raportointiohje\\\/fi\\\/lahteet\\\/\",\"name\":\"L\u00e4hteet - Opinn\u00e4ytety\u00f6n raportointiohje\",\"isPartOf\":{\"@id\":\"https:\\\/\\\/help.jamk.fi\\\/raportointiohje\\\/#website\"},\"datePublished\":\"2012-08-15T04:46:39+00:00\",\"dateModified\":\"2026-03-20T06:27:38+00:00\",\"breadcrumb\":{\"@id\":\"https:\\\/\\\/help.jamk.fi\\\/raportointiohje\\\/fi\\\/lahteet\\\/#breadcrumb\"},\"inLanguage\":\"fi\",\"potentialAction\":[{\"@type\":\"ReadAction\",\"target\":[\"https:\\\/\\\/help.jamk.fi\\\/raportointiohje\\\/fi\\\/lahteet\\\/\"]}]},{\"@type\":\"BreadcrumbList\",\"@id\":\"https:\\\/\\\/help.jamk.fi\\\/raportointiohje\\\/fi\\\/lahteet\\\/#breadcrumb\",\"itemListElement\":[{\"@type\":\"ListItem\",\"position\":1,\"name\":\"Etusivu\",\"item\":\"https:\\\/\\\/help.jamk.fi\\\/raportointiohje\\\/fi\\\/\"},{\"@type\":\"ListItem\",\"position\":2,\"name\":\"L\u00e4hteet\"}]},{\"@type\":\"WebSite\",\"@id\":\"https:\\\/\\\/help.jamk.fi\\\/raportointiohje\\\/#website\",\"url\":\"https:\\\/\\\/help.jamk.fi\\\/raportointiohje\\\/\",\"name\":\"Opinn\u00e4ytety\u00f6n raportointiohje\",\"description\":\"\",\"potentialAction\":[{\"@type\":\"SearchAction\",\"target\":{\"@type\":\"EntryPoint\",\"urlTemplate\":\"https:\\\/\\\/help.jamk.fi\\\/raportointiohje\\\/?s={search_term_string}\"},\"query-input\":{\"@type\":\"PropertyValueSpecification\",\"valueRequired\":true,\"valueName\":\"search_term_string\"}}],\"inLanguage\":\"fi\"}]}<\/script>\n<!-- \/ Yoast SEO plugin. -->","yoast_head_json":{"title":"L\u00e4hteet - Opinn\u00e4ytety\u00f6n raportointiohje","robots":{"index":"index","follow":"follow","max-snippet":"max-snippet:-1","max-image-preview":"max-image-preview:large","max-video-preview":"max-video-preview:-1"},"canonical":"https:\/\/help.jamk.fi\/raportointiohje\/fi\/lahteet\/","og_locale":"fi_FI","og_type":"article","og_title":"L\u00e4hteet - Opinn\u00e4ytety\u00f6n raportointiohje","og_description":"T\u00e4m\u00e4n sivun l\u00e4hdeluettelo on tehty raportointiohjeen luvun 5b ohjeiden mukaisesti. Alasuutari, P. 2012. Laadullinen tutkimus 2.0. 4. uud. p. Tampere: Vastapaino. Viitattu 31.8.2016. https:\/\/janet.finna.fi\/, Ellibs. Hakala, J. T. 2004. Opinn\u00e4yteopas ammattikorkeakouluille. Helsinki: Gaudeamus. Hardy, K.-M. 2012. Avioliittoleirilt\u00e4 palikoita parisuhteen arkeen. Opinn\u00e4ytety\u00f6, AMK. Jyv\u00e4skyl\u00e4n ammattikorkeakoulu, sosiaali-, terveys- ja liikunta-ala, sosiaalialan koulutusohjelma. Viitattu 2.8.2016. http:\/\/urn.fi\/URN:NBN:fi:amk-201203213629. Hirsj\u00e4rvi, S., [&hellip;]","og_url":"https:\/\/help.jamk.fi\/raportointiohje\/fi\/lahteet\/","og_site_name":"Opinn\u00e4ytety\u00f6n raportointiohje","article_modified_time":"2026-03-20T06:27:38+00:00","twitter_card":"summary_large_image","twitter_misc":{"Arvioitu lukuaika":"3 minuuttia"},"schema":{"@context":"https:\/\/schema.org","@graph":[{"@type":"WebPage","@id":"https:\/\/help.jamk.fi\/raportointiohje\/fi\/lahteet\/","url":"https:\/\/help.jamk.fi\/raportointiohje\/fi\/lahteet\/","name":"L\u00e4hteet - Opinn\u00e4ytety\u00f6n raportointiohje","isPartOf":{"@id":"https:\/\/help.jamk.fi\/raportointiohje\/#website"},"datePublished":"2012-08-15T04:46:39+00:00","dateModified":"2026-03-20T06:27:38+00:00","breadcrumb":{"@id":"https:\/\/help.jamk.fi\/raportointiohje\/fi\/lahteet\/#breadcrumb"},"inLanguage":"fi","potentialAction":[{"@type":"ReadAction","target":["https:\/\/help.jamk.fi\/raportointiohje\/fi\/lahteet\/"]}]},{"@type":"BreadcrumbList","@id":"https:\/\/help.jamk.fi\/raportointiohje\/fi\/lahteet\/#breadcrumb","itemListElement":[{"@type":"ListItem","position":1,"name":"Etusivu","item":"https:\/\/help.jamk.fi\/raportointiohje\/fi\/"},{"@type":"ListItem","position":2,"name":"L\u00e4hteet"}]},{"@type":"WebSite","@id":"https:\/\/help.jamk.fi\/raportointiohje\/#website","url":"https:\/\/help.jamk.fi\/raportointiohje\/","name":"Opinn\u00e4ytety\u00f6n raportointiohje","description":"","potentialAction":[{"@type":"SearchAction","target":{"@type":"EntryPoint","urlTemplate":"https:\/\/help.jamk.fi\/raportointiohje\/?s={search_term_string}"},"query-input":{"@type":"PropertyValueSpecification","valueRequired":true,"valueName":"search_term_string"}}],"inLanguage":"fi"}]}},"_links":{"self":[{"href":"https:\/\/help.jamk.fi\/raportointiohje\/wp-json\/wp\/v2\/pages\/137","targetHints":{"allow":["GET"]}}],"collection":[{"href":"https:\/\/help.jamk.fi\/raportointiohje\/wp-json\/wp\/v2\/pages"}],"about":[{"href":"https:\/\/help.jamk.fi\/raportointiohje\/wp-json\/wp\/v2\/types\/page"}],"author":[{"embeddable":true,"href":"https:\/\/help.jamk.fi\/raportointiohje\/wp-json\/wp\/v2\/users\/79"}],"replies":[{"embeddable":true,"href":"https:\/\/help.jamk.fi\/raportointiohje\/wp-json\/wp\/v2\/comments?post=137"}],"version-history":[{"count":6,"href":"https:\/\/help.jamk.fi\/raportointiohje\/wp-json\/wp\/v2\/pages\/137\/revisions"}],"predecessor-version":[{"id":1357,"href":"https:\/\/help.jamk.fi\/raportointiohje\/wp-json\/wp\/v2\/pages\/137\/revisions\/1357"}],"wp:attachment":[{"href":"https:\/\/help.jamk.fi\/raportointiohje\/wp-json\/wp\/v2\/media?parent=137"}],"wp:term":[{"taxonomy":"category","embeddable":true,"href":"https:\/\/help.jamk.fi\/raportointiohje\/wp-json\/wp\/v2\/categories?post=137"},{"taxonomy":"post_tag","embeddable":true,"href":"https:\/\/help.jamk.fi\/raportointiohje\/wp-json\/wp\/v2\/tags?post=137"}],"curies":[{"name":"wp","href":"https:\/\/api.w.org\/{rel}","templated":true}]}}