{"id":140,"date":"2012-08-15T07:46:12","date_gmt":"2012-08-15T04:46:12","guid":{"rendered":"https:\/\/help.jamk.fi\/raportointiohje\/5-lahteiden-kaytto\/5-3-lahdeluettelon-laatiminen\/"},"modified":"2025-11-07T09:31:26","modified_gmt":"2025-11-07T07:31:26","slug":"5-3-b-lahdeluettelon-laatiminen","status":"publish","type":"page","link":"https:\/\/help.jamk.fi\/raportointiohje\/fi\/5b-lahteiden-kaytto-2\/5-3-b-lahdeluettelon-laatiminen\/","title":{"rendered":"5.3b L\u00e4hdeluettelon laatiminen"},"content":{"rendered":"\n<p><strong>L\u00e4hdeluettelossa<\/strong> mainitaan jokainen l\u00e4hde, jota raportin tekstiss\u00e4 on k\u00e4ytetty. Tutkimusmateriaalia ei l\u00e4hdeluettelossa mainita, vaan se esitet\u00e4\u00e4n tekstiss\u00e4 siin\u00e4 kohdassa, joka k\u00e4sittelee tutkimuksen toteutusta, aineistoa ja menetelmi\u00e4 (ks. lis\u00e4\u00e4 luku 4.2.4). K\u00e4ytettyjen l\u00e4hteiden tulee olla ty\u00f6n kannalta relevantteja. Niiden k\u00e4ytt\u00f6 osoittaa lukeneisuuden ja tiet\u00e4misen laajuuden. Sek\u00e4 suomenkielisiss\u00e4 ett\u00e4 vieraskielisiss\u00e4 l\u00e4hteiss\u00e4 tulisi pyrki\u00e4 alkuper\u00e4isten julkaisujen k\u00e4ytt\u00f6\u00f6n.<\/p>\n\n\n\n<p>L\u00e4hdeluettelon\u00a0otsikoksi\u00a0merkit\u00e4\u00e4n <strong>L\u00e4hteet<\/strong>. (Ks. t\u00e4m\u00e4n sivuston <span style=\"color: #333399;\"><a href=\"https:\/\/help.jamk.fi\/raportointiohje\/fi\/lahteet\/\">L\u00e4hteet<\/a><\/span>\u00a0ja\u00a0<span style=\"color: #333399;\"><a href=\"https:\/\/help.jamk.fi\/raportointiohje\/fi\/5b-lahteiden-kaytto-2\/5-4-b-esimerkkeja-erilaisten-lahteiden-merkinnasta\/\">Esimerkkej\u00e4<\/a><\/span>\u00a0erilaisten l\u00e4hteiden merkinn\u00e4st\u00e4.)<\/p>\n\n\n\n<p>Tekstiviitteiden&nbsp;ja l\u00e4hdeluettelon&nbsp;tietojen on tarkasti vastattava toisiaan. L\u00e4hdeluettelo <strong>aakkostetaan<\/strong> merkinn\u00e4n ensimm\u00e4isen sanan mukaan. L\u00e4hdemerkinn\u00e4n yleisrakenne on neliosainen:<\/p>\n\n\n\n<p><strong>1) Kuka<\/strong> \u2013 kirjoittaja tai suullinen tietol\u00e4hde &#8211; aina henkil\u00f6, j\u00e4rjestyksess\u00e4 sukunimi, etunimen alkukirjain. Ellei henkil\u00f6tekij\u00e4\u00e4 ole, ensimm\u00e4iseksi tiedoksi siirtyy listan 3. kohta &#8221;Mit\u00e4<strong> &#8211; <\/strong> l\u00e4hteen nimi tai otsikko&#8221;.<\/p>\n\n\n\n<p><strong>2) Milloin<\/strong> \u2013 julkaisuvuosi (ellei tiedossa, k\u00e4ytet\u00e4\u00e4n lyhennett\u00e4 N.d. = no date, tekstiviitteess\u00e4 n.d. L\u00e4hdeluettelossa on iso N, koska se on pisteen j\u00e4ljess\u00e4, tekstiviitteess\u00e4 on pieni n.)<\/p>\n\n\n\n<p><strong>3) Mit\u00e4<\/strong> \u2013 l\u00e4hteen nimi tai otsikko<\/p>\n\n\n\n<p><strong>4) Miss\u00e4<\/strong> \u2013 tiedot julkaisusta, painoksesta, julkaisupaikasta ja kustantajasta, verkko-osoitteesta jne.<br>&#8211; Teoksen painos merkit\u00e4\u00e4n vain, jos se on muu kuin ensimm\u00e4inen. Painostiedot voi haluttaessa lyhent\u00e4\u00e4, esimerkiksi p. (painos), uud. p. (uudistettu painos) tai korj. p. (korjattu painos).<br>&#8211; Kustantajan tietoihin ei yleens\u00e4 lis\u00e4t\u00e4 yhti\u00f6muotoa (oy, ry, ky), poikkeuksena WSOY.<br>&#8211; Tarvittaessa ilmoitetaan my\u00f6s t\u00e4sm\u00e4llinen julkaisu- tai p\u00e4ivitysaika, esimerkiksi lehden tai radio-ohjelman julkaisup\u00e4iv\u00e4m\u00e4\u00e4r\u00e4. Viittausp\u00e4iv\u00e4m\u00e4\u00e4r\u00e4 verkkojulkaisuihin ilmoitetaan aina.<\/p>\n\n\n\n<p>L\u00e4hdemerkinn\u00e4n yleisrakenne on tiivistettyn\u00e4 kuviomuodossa pdf-dokumentissa <span style=\"color: #333399;\"><a style=\"color: #333399;\" href=\"https:\/\/help.jamk.fi\/raportointiohje\/wp-content\/uploads\/sites\/73\/2023\/07\/Pikaohje-2020.pdf\">Kuvio l\u00e4hdemerkinn\u00e4n rakenteesta.pdf.<\/a><\/span><\/p>\n\n\n\n<p>T\u00e4t\u00e4 perusperiaatetta sovelletaan erityyppisiin l\u00e4hteisiin esimerkkien avulla luvussa<a href=\"https:\/\/help.jamk.fi\/raportointiohje\/fi\/5b-lahteiden-kaytto-2\/5-4-b-esimerkkeja-erilaisten-lahteiden-merkinnasta\/\"> <span style=\"color: #333399;\">5.4b Esimerkkej\u00e4 erilaisten l\u00e4hteiden merkinn\u00e4st\u00e4<\/span><\/a>.<\/p>\n\n\n\n<div>\n<h2>S\u00e4hk\u00f6iset&nbsp;l\u00e4hteet<\/h2>\n<p>Perusidea s\u00e4hk\u00f6istenkin l\u00e4hteiden merkitsemisess\u00e4 on, ett\u00e4 lukija l\u00f6yt\u00e4\u00e4 halutessaan l\u00e4hteen, johon tekstiss\u00e4 viitataan. L\u00e4hteen luotettavuuden n\u00e4k\u00f6kulmasta on t\u00e4rke\u00e4\u00e4 merkit\u00e4 julkaisija. L\u00e4hdeluetteloon tulevat seuraavat tiedot s\u00e4hk\u00f6isist\u00e4 l\u00e4hteist\u00e4:<\/p>\n<ul>\n<li>henkil\u00f6tekij\u00e4 (jollei ole tiedossa, aloitetaan julkaisun nimell\u00e4, ei julkaisijan nimell\u00e4)<\/li>\n<li>julkaisuaika vuosilukuna<\/li>\n<li>teoksen nimi tai otsikko<\/li>\n<li>tiedot julkaisutyypist\u00e4 (opinn\u00e4ytety\u00f6, p\u00f6yt\u00e4kirja, jne.)<\/li>\n<li>muut julkaisua koskevat tiedot, mm. viestimen tyyppi (esimerkiksi s\u00e4hk\u00f6postiviesti, CD-levy, DVD), toimittajat, painostiedot , sivunumerot jne.<\/li>\n<li>julkaisija\/kustantaja tai muu julkaisijataho<\/li>\n<li>mahdolliset muut t\u00e4sment\u00e4v\u00e4t tiedot<\/li>\n<li>viittaamisen ajankohta p\u00e4iv\u00e4m\u00e4\u00e4r\u00e4n\u00e4<\/li>\n<li>verkko-osoite.<\/li>\n<\/ul>\n<p>Luettelon kaksi viimeist\u00e4 tietoa laitetaan aina merkinn\u00e4n loppuun.<\/p>\n<\/div>\n","protected":false},"excerpt":{"rendered":"<p>L\u00e4hdeluettelossa mainitaan jokainen l\u00e4hde, jota raportin tekstiss\u00e4 on k\u00e4ytetty. Tutkimusmateriaalia ei l\u00e4hdeluettelossa mainita, vaan se esitet\u00e4\u00e4n tekstiss\u00e4 siin\u00e4 kohdassa, joka k\u00e4sittelee tutkimuksen toteutusta, aineistoa ja menetelmi\u00e4 (ks. lis\u00e4\u00e4 luku 4.2.4). K\u00e4ytettyjen l\u00e4hteiden tulee olla ty\u00f6n kannalta relevantteja. Niiden k\u00e4ytt\u00f6 osoittaa lukeneisuuden ja tiet\u00e4misen laajuuden. Sek\u00e4 suomenkielisiss\u00e4 ett\u00e4 vieraskielisiss\u00e4 l\u00e4hteiss\u00e4 tulisi pyrki\u00e4 alkuper\u00e4isten julkaisujen k\u00e4ytt\u00f6\u00f6n. L\u00e4hdeluettelon\u00a0otsikoksi\u00a0merkit\u00e4\u00e4n [&hellip;]<\/p>\n","protected":false},"author":79,"featured_media":0,"parent":62,"menu_order":3,"comment_status":"closed","ping_status":"closed","template":"","meta":{"_acf_changed":false,"_relevanssi_hide_post":"","_relevanssi_hide_content":"","_relevanssi_pin_for_all":"","_relevanssi_pin_keywords":"","_relevanssi_unpin_keywords":"","_relevanssi_related_keywords":"","_relevanssi_related_include_ids":"","_relevanssi_related_exclude_ids":"","_relevanssi_related_no_append":"","_relevanssi_related_not_related":"","_relevanssi_related_posts":"","_relevanssi_noindex_reason":"","footnotes":""},"categories":[],"tags":[485,491,497,257,503,41,509,515,521],"class_list":["post-140","page","type-page","status-publish","hentry","tag-artikkelilahteet","tag-henkilokohtainen-tiedonanto","tag-kirjat","tag-lahdeluettelo","tag-lahdemerkinta","tag-lahteet","tag-sahkoiset-lahteet","tag-toissijainen-lahde","tag-verkkojulkaisut"],"acf":[],"yoast_head":"<!-- This site is optimized with the Yoast SEO plugin v27.4 - https:\/\/yoast.com\/product\/yoast-seo-wordpress\/ -->\n<title>5.3b L\u00e4hdeluettelon laatiminen - Opinn\u00e4ytety\u00f6n raportointiohje<\/title>\n<meta name=\"robots\" content=\"index, follow, max-snippet:-1, max-image-preview:large, max-video-preview:-1\" \/>\n<link rel=\"canonical\" href=\"https:\/\/help.jamk.fi\/raportointiohje\/fi\/5b-lahteiden-kaytto-2\/5-3-b-lahdeluettelon-laatiminen\/\" \/>\n<meta property=\"og:locale\" content=\"fi_FI\" \/>\n<meta property=\"og:type\" content=\"article\" \/>\n<meta property=\"og:title\" content=\"5.3b L\u00e4hdeluettelon laatiminen - Opinn\u00e4ytety\u00f6n raportointiohje\" \/>\n<meta property=\"og:description\" content=\"L\u00e4hdeluettelossa mainitaan jokainen l\u00e4hde, jota raportin tekstiss\u00e4 on k\u00e4ytetty. Tutkimusmateriaalia ei l\u00e4hdeluettelossa mainita, vaan se esitet\u00e4\u00e4n tekstiss\u00e4 siin\u00e4 kohdassa, joka k\u00e4sittelee tutkimuksen toteutusta, aineistoa ja menetelmi\u00e4 (ks. lis\u00e4\u00e4 luku 4.2.4). K\u00e4ytettyjen l\u00e4hteiden tulee olla ty\u00f6n kannalta relevantteja. Niiden k\u00e4ytt\u00f6 osoittaa lukeneisuuden ja tiet\u00e4misen laajuuden. Sek\u00e4 suomenkielisiss\u00e4 ett\u00e4 vieraskielisiss\u00e4 l\u00e4hteiss\u00e4 tulisi pyrki\u00e4 alkuper\u00e4isten julkaisujen k\u00e4ytt\u00f6\u00f6n. L\u00e4hdeluettelon\u00a0otsikoksi\u00a0merkit\u00e4\u00e4n [&hellip;]\" \/>\n<meta property=\"og:url\" content=\"https:\/\/help.jamk.fi\/raportointiohje\/fi\/5b-lahteiden-kaytto-2\/5-3-b-lahdeluettelon-laatiminen\/\" \/>\n<meta property=\"og:site_name\" content=\"Opinn\u00e4ytety\u00f6n raportointiohje\" \/>\n<meta property=\"article:modified_time\" content=\"2025-11-07T07:31:26+00:00\" \/>\n<meta name=\"twitter:card\" content=\"summary_large_image\" \/>\n<meta name=\"twitter:label1\" content=\"Arvioitu lukuaika\" \/>\n\t<meta name=\"twitter:data1\" content=\"2 minuuttia\" \/>\n<script type=\"application\/ld+json\" class=\"yoast-schema-graph\">{\"@context\":\"https:\\\/\\\/schema.org\",\"@graph\":[{\"@type\":\"WebPage\",\"@id\":\"https:\\\/\\\/help.jamk.fi\\\/raportointiohje\\\/fi\\\/5b-lahteiden-kaytto-2\\\/5-3-b-lahdeluettelon-laatiminen\\\/\",\"url\":\"https:\\\/\\\/help.jamk.fi\\\/raportointiohje\\\/fi\\\/5b-lahteiden-kaytto-2\\\/5-3-b-lahdeluettelon-laatiminen\\\/\",\"name\":\"5.3b L\u00e4hdeluettelon laatiminen - Opinn\u00e4ytety\u00f6n raportointiohje\",\"isPartOf\":{\"@id\":\"https:\\\/\\\/help.jamk.fi\\\/raportointiohje\\\/#website\"},\"datePublished\":\"2012-08-15T04:46:12+00:00\",\"dateModified\":\"2025-11-07T07:31:26+00:00\",\"breadcrumb\":{\"@id\":\"https:\\\/\\\/help.jamk.fi\\\/raportointiohje\\\/fi\\\/5b-lahteiden-kaytto-2\\\/5-3-b-lahdeluettelon-laatiminen\\\/#breadcrumb\"},\"inLanguage\":\"fi\",\"potentialAction\":[{\"@type\":\"ReadAction\",\"target\":[\"https:\\\/\\\/help.jamk.fi\\\/raportointiohje\\\/fi\\\/5b-lahteiden-kaytto-2\\\/5-3-b-lahdeluettelon-laatiminen\\\/\"]}]},{\"@type\":\"BreadcrumbList\",\"@id\":\"https:\\\/\\\/help.jamk.fi\\\/raportointiohje\\\/fi\\\/5b-lahteiden-kaytto-2\\\/5-3-b-lahdeluettelon-laatiminen\\\/#breadcrumb\",\"itemListElement\":[{\"@type\":\"ListItem\",\"position\":1,\"name\":\"Etusivu\",\"item\":\"https:\\\/\\\/help.jamk.fi\\\/raportointiohje\\\/fi\\\/\"},{\"@type\":\"ListItem\",\"position\":2,\"name\":\"5b L\u00e4hteiden k\u00e4ytt\u00f6 (ennen syksy\u00e4 2024 opintonsa aloittaneet)\",\"item\":\"https:\\\/\\\/help.jamk.fi\\\/raportointiohje\\\/fi\\\/5b-lahteiden-kaytto-2\\\/\"},{\"@type\":\"ListItem\",\"position\":3,\"name\":\"5.3b L\u00e4hdeluettelon laatiminen\"}]},{\"@type\":\"WebSite\",\"@id\":\"https:\\\/\\\/help.jamk.fi\\\/raportointiohje\\\/#website\",\"url\":\"https:\\\/\\\/help.jamk.fi\\\/raportointiohje\\\/\",\"name\":\"Opinn\u00e4ytety\u00f6n raportointiohje\",\"description\":\"\",\"potentialAction\":[{\"@type\":\"SearchAction\",\"target\":{\"@type\":\"EntryPoint\",\"urlTemplate\":\"https:\\\/\\\/help.jamk.fi\\\/raportointiohje\\\/?s={search_term_string}\"},\"query-input\":{\"@type\":\"PropertyValueSpecification\",\"valueRequired\":true,\"valueName\":\"search_term_string\"}}],\"inLanguage\":\"fi\"}]}<\/script>\n<!-- \/ Yoast SEO plugin. -->","yoast_head_json":{"title":"5.3b L\u00e4hdeluettelon laatiminen - Opinn\u00e4ytety\u00f6n raportointiohje","robots":{"index":"index","follow":"follow","max-snippet":"max-snippet:-1","max-image-preview":"max-image-preview:large","max-video-preview":"max-video-preview:-1"},"canonical":"https:\/\/help.jamk.fi\/raportointiohje\/fi\/5b-lahteiden-kaytto-2\/5-3-b-lahdeluettelon-laatiminen\/","og_locale":"fi_FI","og_type":"article","og_title":"5.3b L\u00e4hdeluettelon laatiminen - Opinn\u00e4ytety\u00f6n raportointiohje","og_description":"L\u00e4hdeluettelossa mainitaan jokainen l\u00e4hde, jota raportin tekstiss\u00e4 on k\u00e4ytetty. Tutkimusmateriaalia ei l\u00e4hdeluettelossa mainita, vaan se esitet\u00e4\u00e4n tekstiss\u00e4 siin\u00e4 kohdassa, joka k\u00e4sittelee tutkimuksen toteutusta, aineistoa ja menetelmi\u00e4 (ks. lis\u00e4\u00e4 luku 4.2.4). K\u00e4ytettyjen l\u00e4hteiden tulee olla ty\u00f6n kannalta relevantteja. Niiden k\u00e4ytt\u00f6 osoittaa lukeneisuuden ja tiet\u00e4misen laajuuden. Sek\u00e4 suomenkielisiss\u00e4 ett\u00e4 vieraskielisiss\u00e4 l\u00e4hteiss\u00e4 tulisi pyrki\u00e4 alkuper\u00e4isten julkaisujen k\u00e4ytt\u00f6\u00f6n. L\u00e4hdeluettelon\u00a0otsikoksi\u00a0merkit\u00e4\u00e4n [&hellip;]","og_url":"https:\/\/help.jamk.fi\/raportointiohje\/fi\/5b-lahteiden-kaytto-2\/5-3-b-lahdeluettelon-laatiminen\/","og_site_name":"Opinn\u00e4ytety\u00f6n raportointiohje","article_modified_time":"2025-11-07T07:31:26+00:00","twitter_card":"summary_large_image","twitter_misc":{"Arvioitu lukuaika":"2 minuuttia"},"schema":{"@context":"https:\/\/schema.org","@graph":[{"@type":"WebPage","@id":"https:\/\/help.jamk.fi\/raportointiohje\/fi\/5b-lahteiden-kaytto-2\/5-3-b-lahdeluettelon-laatiminen\/","url":"https:\/\/help.jamk.fi\/raportointiohje\/fi\/5b-lahteiden-kaytto-2\/5-3-b-lahdeluettelon-laatiminen\/","name":"5.3b L\u00e4hdeluettelon laatiminen - Opinn\u00e4ytety\u00f6n raportointiohje","isPartOf":{"@id":"https:\/\/help.jamk.fi\/raportointiohje\/#website"},"datePublished":"2012-08-15T04:46:12+00:00","dateModified":"2025-11-07T07:31:26+00:00","breadcrumb":{"@id":"https:\/\/help.jamk.fi\/raportointiohje\/fi\/5b-lahteiden-kaytto-2\/5-3-b-lahdeluettelon-laatiminen\/#breadcrumb"},"inLanguage":"fi","potentialAction":[{"@type":"ReadAction","target":["https:\/\/help.jamk.fi\/raportointiohje\/fi\/5b-lahteiden-kaytto-2\/5-3-b-lahdeluettelon-laatiminen\/"]}]},{"@type":"BreadcrumbList","@id":"https:\/\/help.jamk.fi\/raportointiohje\/fi\/5b-lahteiden-kaytto-2\/5-3-b-lahdeluettelon-laatiminen\/#breadcrumb","itemListElement":[{"@type":"ListItem","position":1,"name":"Etusivu","item":"https:\/\/help.jamk.fi\/raportointiohje\/fi\/"},{"@type":"ListItem","position":2,"name":"5b L\u00e4hteiden k\u00e4ytt\u00f6 (ennen syksy\u00e4 2024 opintonsa aloittaneet)","item":"https:\/\/help.jamk.fi\/raportointiohje\/fi\/5b-lahteiden-kaytto-2\/"},{"@type":"ListItem","position":3,"name":"5.3b L\u00e4hdeluettelon laatiminen"}]},{"@type":"WebSite","@id":"https:\/\/help.jamk.fi\/raportointiohje\/#website","url":"https:\/\/help.jamk.fi\/raportointiohje\/","name":"Opinn\u00e4ytety\u00f6n raportointiohje","description":"","potentialAction":[{"@type":"SearchAction","target":{"@type":"EntryPoint","urlTemplate":"https:\/\/help.jamk.fi\/raportointiohje\/?s={search_term_string}"},"query-input":{"@type":"PropertyValueSpecification","valueRequired":true,"valueName":"search_term_string"}}],"inLanguage":"fi"}]}},"_links":{"self":[{"href":"https:\/\/help.jamk.fi\/raportointiohje\/wp-json\/wp\/v2\/pages\/140","targetHints":{"allow":["GET"]}}],"collection":[{"href":"https:\/\/help.jamk.fi\/raportointiohje\/wp-json\/wp\/v2\/pages"}],"about":[{"href":"https:\/\/help.jamk.fi\/raportointiohje\/wp-json\/wp\/v2\/types\/page"}],"author":[{"embeddable":true,"href":"https:\/\/help.jamk.fi\/raportointiohje\/wp-json\/wp\/v2\/users\/79"}],"replies":[{"embeddable":true,"href":"https:\/\/help.jamk.fi\/raportointiohje\/wp-json\/wp\/v2\/comments?post=140"}],"version-history":[{"count":10,"href":"https:\/\/help.jamk.fi\/raportointiohje\/wp-json\/wp\/v2\/pages\/140\/revisions"}],"predecessor-version":[{"id":1387,"href":"https:\/\/help.jamk.fi\/raportointiohje\/wp-json\/wp\/v2\/pages\/140\/revisions\/1387"}],"up":[{"embeddable":true,"href":"https:\/\/help.jamk.fi\/raportointiohje\/wp-json\/wp\/v2\/pages\/62"}],"wp:attachment":[{"href":"https:\/\/help.jamk.fi\/raportointiohje\/wp-json\/wp\/v2\/media?parent=140"}],"wp:term":[{"taxonomy":"category","embeddable":true,"href":"https:\/\/help.jamk.fi\/raportointiohje\/wp-json\/wp\/v2\/categories?post=140"},{"taxonomy":"post_tag","embeddable":true,"href":"https:\/\/help.jamk.fi\/raportointiohje\/wp-json\/wp\/v2\/tags?post=140"}],"curies":[{"name":"wp","href":"https:\/\/api.w.org\/{rel}","templated":true}]}}