{"id":146,"date":"2012-08-15T07:39:21","date_gmt":"2012-08-15T04:39:21","guid":{"rendered":"https:\/\/help.jamk.fi\/raportointiohje\/4-1-2-kuvailulehti\/"},"modified":"2025-12-01T10:14:56","modified_gmt":"2025-12-01T08:14:56","slug":"4-1-2-kuvailulehti","status":"publish","type":"page","link":"https:\/\/help.jamk.fi\/raportointiohje\/fi\/4-opinnaytetyon-rakenne\/4-1-opinnaytetyon-alkuosa\/4-1-2-kuvailulehti\/","title":{"rendered":"4.1.2 Kuvailulehti"},"content":{"rendered":"\n<h2 class=\"wp-block-heading\">Kuvailulehden tiedot<\/h2>\n\n\n\n<p>Opinn\u00e4ytety\u00f6n kuvailulehti on yksisivuinen lomake, jonka tarkoituksena on antaa lukijalle j\u00e4sennellyt perustiedot ty\u00f6st\u00e4. Kuvailulehden tekstin riviv\u00e4lin\u00e4 k\u00e4ytet\u00e4\u00e4n riviaskelta 1.<\/p>\n\n\n\n<p>Kuvailulehdell\u00e4 <em>p\u00e4iv\u00e4m\u00e4\u00e4r\u00e4<\/em> on sama kuin kansilehdell\u00e4. Julkaisun lajina on <em>opinn\u00e4ytety\u00f6, AMK <\/em>tai<em> opinn\u00e4ytety\u00f6, ylempi AMK<\/em>. Mahdollinen tilaaja ilmoitetaan heti tiivistelm\u00e4n alussa.<\/p>\n\n\n\n<p><em>Sivum\u00e4\u00e4r\u00e4<\/em>-kohtaan laitetaan ty\u00f6n kokonaissivum\u00e4\u00e4r\u00e4. Jos <a href=\"https:\/\/help.jamk.fi\/raportointiohje\/fi\/4-opinnaytetyon-rakenne\/4-3-opinnaytetyon-loppuosa\/\"><span style=\"color: #333399;\">liitteiden<\/span><\/a> osuus ty\u00f6st\u00e4 on huomattava, kohdassa <em>Muita tietoja<\/em> mainitaan liitteiden laatu ja sivum\u00e4\u00e4r\u00e4 (esimerkiksi \u201dliitteen\u00e4 neuvontakansio, 30 sivua\u201d). Muissa tiedoissa ilmaistaan my\u00f6s, jos ty\u00f6n liitteen\u00e4 on esimerkiksi video, tietokoneohjelmat tai muu erillinen kokonaisuus, ja samoin, mik\u00e4li ty\u00f6 sis\u00e4ltyy suurempaan hankkeeseen, esimerkiksi monen tutkinto-ohjelman yhteishankkeeseen.<\/p>\n\n\n\n<p>Kuvailulehti laaditaan sek\u00e4 suomenkielisen\u00e4 ett\u00e4 englanninkielisen\u00e4 (description). Vieraskielinen tiivistelm\u00e4 ei koskaan voi olla sanatarkka k\u00e4\u00e4nn\u00f6s suomalaisesta, mutta siin\u00e4kin on esitett\u00e4v\u00e4 kaikki ty\u00f6n oleelliset tiedot. Asettelu on sama kuin suomenkielisess\u00e4 toteutuksessa.<\/p>\n\n\n\n<h2 class=\"wp-block-heading\">Tiivistelm\u00e4<\/h2>\n\n\n\n<p>Tiivistelm\u00e4 sis\u00e4lt\u00e4\u00e4 tiedot ty\u00f6n aihepiirist\u00e4, tavoitteista, k\u00e4ytetyist\u00e4 menetelmist\u00e4 ja tuloksista sek\u00e4 tulosten my\u00f6hemmist\u00e4 k\u00e4ytt\u00f6mahdollisuuksista. Selostava osa on hyv\u00e4 j\u00e4sennell\u00e4 selke\u00e4sti, ja siit\u00e4 tulee ilmet\u00e4 seuraavat asiat: <strong>Ty\u00f6n tavoite<\/strong> ja <strong>tutkimusteht\u00e4v\u00e4<\/strong> ilmoitetaan tiiviisti mutta tarpeeksi seikkaper\u00e4isesti. <strong>Ty\u00f6n toteutus<\/strong> selvitet\u00e4\u00e4n p\u00e4\u00e4piirteiss\u00e4\u00e4n ja vaihe vaiheelta. <strong>Tulokset<\/strong> kerrotaan tiiviin\u00e4 faktoina<strong>. Johtop\u00e4\u00e4t\u00f6kset<\/strong><strong> ja sovellukset<\/strong> esitet\u00e4\u00e4n viimeiseksi. My\u00f6s my\u00f6hemmist\u00e4 k\u00e4ytt\u00f6- ja kehittelymahdollisuuksista voidaan mainita.<\/p>\n\n\n\n<p>Tiivistelm\u00e4n perusteella lukija p\u00e4\u00e4tt\u00e4\u00e4, onko ty\u00f6 tarkemman perehtymisen arvoinen. Koska tiivistelm\u00e4 on lyhyt, on syyt\u00e4 keskitty\u00e4 kiintoisimpaan eli tuloksiin. Tiivistelm\u00e4 kirjoitetaan kokonaisin virkkein. Tyyli on toteavaa, passiivimuotoista ja aikamuotona on imperfekti. (Ks. Hirsj\u00e4rvi ym. 2010, 253.) Tiivistelm\u00e4n on oltava itsen\u00e4inen eik\u00e4 siin\u00e4 saa viitata k\u00e4sill\u00e4 olevaan ty\u00f6h\u00f6n (ei esimerkiksi \u201dT\u00e4m\u00e4 opinn\u00e4ytety\u00f6\u2026\u201d, vaan \u201dOpinn\u00e4ytety\u00f6\u2026\u201d).<\/p>\n\n\n\n<h2 class=\"wp-block-heading\">Avainsanat<\/h2>\n\n\n\n<p>Avainsanojen avulla tekij\u00e4 kuvaa opinn\u00e4ytety\u00f6ns\u00e4 sis\u00e4lt\u00f6\u00e4 siten, ett\u00e4 kiinnostuneet lukijat l\u00f6yt\u00e4v\u00e4t sen mahdollisimman helposti. Valinnan apuna k\u00e4ytet\u00e4\u00e4n <span style=\"color: #333399;\"><a style=\"color: #333399;\" title=\"Finto: Sanastot\" href=\"http:\/\/finto.fi\/fi\/\" target=\"_blank\" rel=\"noopener noreferrer\">Finton&nbsp;asiasanastoja<\/a><\/span> (ks. my\u00f6s <span style=\"color: #333399;\"><a href=\"https:\/\/help.jamk.fi\/raportointiohje\/fi\/2-tiedonhankinta-opinnaytetyohon\/\">luku <\/a><a href=\"https:\/\/help.jamk.fi\/raportointiohje\/fi\/2-tiedonhankinta-opinnaytetyohon\/\" target=\"_blank\" rel=\"noreferrer noopener\">2<\/a><\/span>). Jos valittu sana on asiasanastossa, sanasta k\u00e4ytet\u00e4\u00e4n samaa muotoa kuin asiasanastossa. Asiasanastosta n\u00e4kee paitsi suositeltavat kirjoitusmuodot my\u00f6s rinnakkaisia ja synonyymisi\u00e4 ilmaisuja. Esimerkiksi asiakaspalvelua k\u00e4sittelev\u00e4\u00e4n ty\u00f6h\u00f6n voi valita asiasanoiksi \u2019asiakaspalvelu\u2019-sanan lis\u00e4ksi vaikkapa \u2019asiakasl\u00e4ht\u00f6isyys\u2019 ja \u2019asiakassuhde\u2019. Tutkimusmenetelm\u00e4\u00e4 kuvailevat sanat, esimerkiksi \u2019haastattelututkimus\u2019, \u2019kyselytutkimus\u2019 tai \u2019toimintatutkimus\u2019 antavat lukijalle k\u00e4sityksen tutkimusaineiston hankintatavoista.<\/p>\n\n\n\n<p>Usein alan uusin terminologia ei ole viel\u00e4 asiasanastossa \u2013 silloin avainsanoina k\u00e4ytet\u00e4\u00e4n alan termej\u00e4. My\u00f6s esimerkiksi yritysten nimi\u00e4 ja paikannimi\u00e4 voi k\u00e4ytt\u00e4\u00e4 avainsanoina. Avainsanojen valintaa ja niiden kirjoitusmuotoa mietitt\u00e4ess\u00e4 voi ottaa yhteytt\u00e4 kirjastoon. Kirjaston <a href=\"https:\/\/infoguides.jamk.fi\/tiedonkompassi\/tarkenna\">tiedonhaun oppaissa<\/a> on linkit t\u00e4rkeimpiin asiasanastoihin. Yleisen suomalaisen asiasanaston lis\u00e4ksi on paljon eri alojen erikoissanastoja, esimerkiksi Musiikin asiasanasto ja hoitotieteen opiskelijoiden k\u00e4ytt\u00e4m\u00e4 MeSH.<\/p>\n\n\n\n<p>Kun opinn\u00e4ytety\u00f6 tallennetaan <span style=\"color: #333399;\"><a style=\"color: #333399;\" href=\"https:\/\/www.theseus.fi\/\"><strong>Theseus-julkaisuarkistoon<\/strong><\/a><\/span><strong>, sy\u00f6tt\u00f6lomakkeella ty\u00f6h\u00f6n voi liitt\u00e4\u00e4 ainoastaan <span style=\"color: #333399;\"><a style=\"color: #333399;\" href=\"https:\/\/finto.fi\/yso\/fi\/\">YSO-sanaston<\/a><\/span>&nbsp;mukaisia asiasanoja<\/strong>. Kaikki muutkin avain- ja&nbsp;asiasanat,&nbsp;joita&nbsp;opinn\u00e4ytety\u00f6n kuvailulehdell\u00e4 k\u00e4ytet\u00e4\u00e4n,&nbsp;ovat kuitenkin hakukoneiden indeksoitavissa. Opinn\u00e4ytety\u00f6 l\u00f6ytyy my\u00f6s sellaisilla sanoilla, joita kuvailulehdell\u00e4 on k\u00e4ytetty avainsanoina, vaikka niit\u00e4 kaikkia ei ole voinut tallentaa&nbsp;Theseuksen sy\u00f6tt\u00f6lomakkeella.<\/p>\n\n\n\n<h2 class=\"wp-block-heading\">Salassapitomerkinn\u00e4t<\/h2>\n\n\n\n<p>Tieto salassa pidett\u00e4vist\u00e4 liitteist\u00e4 tulee merkit\u00e4 selke\u00e4sti opinn\u00e4ytety\u00f6n kuvailulehdelle <em>Muut tiedot<\/em> -kohtaan. Merkint\u00e4 tulee tehd\u00e4 my\u00f6s opinn\u00e4ytety\u00f6n liitteeseen, joka on salassa pidett\u00e4v\u00e4.<\/p>\n\n\n\n<h2 class=\"wp-block-heading\">Kuvailulehti, Muut tiedot -kohta<\/h2>\n\n\n\n<p>Esimerkiksi<\/p>\n\n\n\n<p><em>Liitteet 1 ,4 ja 7 ovat salassa pidett\u00e4vi\u00e4, ja ne on poistettu julkisesta ty\u00f6st\u00e4. Salassapidon peruste on Julkisuuslain 621\/1999 24\u00a7, kohta 17, yrityksen liike\u2010 tai ammattisalaisuus. Salassapitoaika on viisi (5) vuotta, salassapito p\u00e4\u00e4ttyy 1.7.2025.<\/em><\/p>\n\n\n\n<p>Jos kuvailulehden Muut tiedot -kohtaan ei ole tulossa mit\u00e4\u00e4n tietoa tai merkint\u00f6j\u00e4, poista ohjeteksti ja merkitse siihen kohtaan vain viiva (-).<\/p>\n\n\n\n<h2 class=\"wp-block-heading\">Tiedon merkitseminen liitteeseen<\/h2>\n\n\n\n<p>Salassa pidett\u00e4v\u00e4n liitteen otsikon per\u00e4\u00e4n tehd\u00e4\u00e4n merkint\u00e4 (salassa pidett\u00e4v\u00e4).<\/p>\n\n\n\n<p>Esimerkiksi<\/p>\n\n\n\n<p><em>Liite 1. Potkukelkan rakettimoottorin kuvaus (salassa pidett\u00e4v\u00e4)<\/em><\/p>\n","protected":false},"excerpt":{"rendered":"<p>Kuvailulehden tiedot Opinn\u00e4ytety\u00f6n kuvailulehti on yksisivuinen lomake, jonka tarkoituksena on antaa lukijalle j\u00e4sennellyt perustiedot ty\u00f6st\u00e4. Kuvailulehden tekstin riviv\u00e4lin\u00e4 k\u00e4ytet\u00e4\u00e4n riviaskelta 1. Kuvailulehdell\u00e4 p\u00e4iv\u00e4m\u00e4\u00e4r\u00e4 on sama kuin kansilehdell\u00e4. Julkaisun lajina on opinn\u00e4ytety\u00f6, AMK tai opinn\u00e4ytety\u00f6, ylempi AMK. Mahdollinen tilaaja ilmoitetaan heti tiivistelm\u00e4n alussa. Sivum\u00e4\u00e4r\u00e4-kohtaan laitetaan ty\u00f6n kokonaissivum\u00e4\u00e4r\u00e4. Jos liitteiden osuus ty\u00f6st\u00e4 on huomattava, kohdassa Muita tietoja [&hellip;]<\/p>\n","protected":false},"author":79,"featured_media":0,"parent":198,"menu_order":4,"comment_status":"open","ping_status":"open","template":"","meta":{"_acf_changed":false,"_relevanssi_hide_post":"","_relevanssi_hide_content":"","_relevanssi_pin_for_all":"","_relevanssi_pin_keywords":"","_relevanssi_unpin_keywords":"","_relevanssi_related_keywords":"","_relevanssi_related_include_ids":"","_relevanssi_related_exclude_ids":"","_relevanssi_related_no_append":"","_relevanssi_related_not_related":"","_relevanssi_related_posts":"","_relevanssi_noindex_reason":"","footnotes":""},"categories":[],"tags":[527,533,539,545,551,209,425,557,563,569],"class_list":["post-146","page","type-page","status-publish","hentry","tag-asiasanasto","tag-avainsanat","tag-description","tag-englanninkielinen-kuvailulehti","tag-kuvailulehti","tag-liitteet","tag-rivivali","tag-tiivistelma","tag-toimeksiantaja","tag-vieraskielinen-kuvailulehti"],"acf":[],"yoast_head":"<!-- This site is optimized with the Yoast SEO plugin v27.3 - https:\/\/yoast.com\/product\/yoast-seo-wordpress\/ -->\n<title>4.1.2 Kuvailulehti - Opinn\u00e4ytety\u00f6n raportointiohje<\/title>\n<meta name=\"robots\" content=\"index, follow, max-snippet:-1, max-image-preview:large, max-video-preview:-1\" \/>\n<link rel=\"canonical\" href=\"https:\/\/help.jamk.fi\/raportointiohje\/fi\/4-opinnaytetyon-rakenne\/4-1-opinnaytetyon-alkuosa\/4-1-2-kuvailulehti\/\" \/>\n<meta property=\"og:locale\" content=\"fi_FI\" \/>\n<meta property=\"og:type\" content=\"article\" \/>\n<meta property=\"og:title\" content=\"4.1.2 Kuvailulehti - Opinn\u00e4ytety\u00f6n raportointiohje\" \/>\n<meta property=\"og:description\" content=\"Kuvailulehden tiedot Opinn\u00e4ytety\u00f6n kuvailulehti on yksisivuinen lomake, jonka tarkoituksena on antaa lukijalle j\u00e4sennellyt perustiedot ty\u00f6st\u00e4. Kuvailulehden tekstin riviv\u00e4lin\u00e4 k\u00e4ytet\u00e4\u00e4n riviaskelta 1. Kuvailulehdell\u00e4 p\u00e4iv\u00e4m\u00e4\u00e4r\u00e4 on sama kuin kansilehdell\u00e4. Julkaisun lajina on opinn\u00e4ytety\u00f6, AMK tai opinn\u00e4ytety\u00f6, ylempi AMK. Mahdollinen tilaaja ilmoitetaan heti tiivistelm\u00e4n alussa. Sivum\u00e4\u00e4r\u00e4-kohtaan laitetaan ty\u00f6n kokonaissivum\u00e4\u00e4r\u00e4. Jos liitteiden osuus ty\u00f6st\u00e4 on huomattava, kohdassa Muita tietoja [&hellip;]\" \/>\n<meta property=\"og:url\" content=\"https:\/\/help.jamk.fi\/raportointiohje\/fi\/4-opinnaytetyon-rakenne\/4-1-opinnaytetyon-alkuosa\/4-1-2-kuvailulehti\/\" \/>\n<meta property=\"og:site_name\" content=\"Opinn\u00e4ytety\u00f6n raportointiohje\" \/>\n<meta property=\"article:modified_time\" content=\"2025-12-01T08:14:56+00:00\" \/>\n<meta name=\"twitter:card\" content=\"summary_large_image\" \/>\n<meta name=\"twitter:label1\" content=\"Arvioitu lukuaika\" \/>\n\t<meta name=\"twitter:data1\" content=\"4 minuuttia\" \/>\n<script type=\"application\/ld+json\" class=\"yoast-schema-graph\">{\"@context\":\"https:\\\/\\\/schema.org\",\"@graph\":[{\"@type\":\"WebPage\",\"@id\":\"https:\\\/\\\/help.jamk.fi\\\/raportointiohje\\\/fi\\\/4-opinnaytetyon-rakenne\\\/4-1-opinnaytetyon-alkuosa\\\/4-1-2-kuvailulehti\\\/\",\"url\":\"https:\\\/\\\/help.jamk.fi\\\/raportointiohje\\\/fi\\\/4-opinnaytetyon-rakenne\\\/4-1-opinnaytetyon-alkuosa\\\/4-1-2-kuvailulehti\\\/\",\"name\":\"4.1.2 Kuvailulehti - Opinn\u00e4ytety\u00f6n raportointiohje\",\"isPartOf\":{\"@id\":\"https:\\\/\\\/help.jamk.fi\\\/raportointiohje\\\/#website\"},\"datePublished\":\"2012-08-15T04:39:21+00:00\",\"dateModified\":\"2025-12-01T08:14:56+00:00\",\"breadcrumb\":{\"@id\":\"https:\\\/\\\/help.jamk.fi\\\/raportointiohje\\\/fi\\\/4-opinnaytetyon-rakenne\\\/4-1-opinnaytetyon-alkuosa\\\/4-1-2-kuvailulehti\\\/#breadcrumb\"},\"inLanguage\":\"fi\",\"potentialAction\":[{\"@type\":\"ReadAction\",\"target\":[\"https:\\\/\\\/help.jamk.fi\\\/raportointiohje\\\/fi\\\/4-opinnaytetyon-rakenne\\\/4-1-opinnaytetyon-alkuosa\\\/4-1-2-kuvailulehti\\\/\"]}]},{\"@type\":\"BreadcrumbList\",\"@id\":\"https:\\\/\\\/help.jamk.fi\\\/raportointiohje\\\/fi\\\/4-opinnaytetyon-rakenne\\\/4-1-opinnaytetyon-alkuosa\\\/4-1-2-kuvailulehti\\\/#breadcrumb\",\"itemListElement\":[{\"@type\":\"ListItem\",\"position\":1,\"name\":\"Etusivu\",\"item\":\"https:\\\/\\\/help.jamk.fi\\\/raportointiohje\\\/fi\\\/\"},{\"@type\":\"ListItem\",\"position\":2,\"name\":\"4 Opinn\u00e4ytety\u00f6n rakenne\",\"item\":\"https:\\\/\\\/help.jamk.fi\\\/raportointiohje\\\/fi\\\/4-opinnaytetyon-rakenne\\\/\"},{\"@type\":\"ListItem\",\"position\":3,\"name\":\"4.1 Opinn\u00e4ytety\u00f6n alkuosa\",\"item\":\"https:\\\/\\\/help.jamk.fi\\\/raportointiohje\\\/fi\\\/4-opinnaytetyon-rakenne\\\/4-1-opinnaytetyon-alkuosa\\\/\"},{\"@type\":\"ListItem\",\"position\":4,\"name\":\"4.1.2 Kuvailulehti\"}]},{\"@type\":\"WebSite\",\"@id\":\"https:\\\/\\\/help.jamk.fi\\\/raportointiohje\\\/#website\",\"url\":\"https:\\\/\\\/help.jamk.fi\\\/raportointiohje\\\/\",\"name\":\"Opinn\u00e4ytety\u00f6n raportointiohje\",\"description\":\"\",\"potentialAction\":[{\"@type\":\"SearchAction\",\"target\":{\"@type\":\"EntryPoint\",\"urlTemplate\":\"https:\\\/\\\/help.jamk.fi\\\/raportointiohje\\\/?s={search_term_string}\"},\"query-input\":{\"@type\":\"PropertyValueSpecification\",\"valueRequired\":true,\"valueName\":\"search_term_string\"}}],\"inLanguage\":\"fi\"}]}<\/script>\n<!-- \/ Yoast SEO plugin. -->","yoast_head_json":{"title":"4.1.2 Kuvailulehti - Opinn\u00e4ytety\u00f6n raportointiohje","robots":{"index":"index","follow":"follow","max-snippet":"max-snippet:-1","max-image-preview":"max-image-preview:large","max-video-preview":"max-video-preview:-1"},"canonical":"https:\/\/help.jamk.fi\/raportointiohje\/fi\/4-opinnaytetyon-rakenne\/4-1-opinnaytetyon-alkuosa\/4-1-2-kuvailulehti\/","og_locale":"fi_FI","og_type":"article","og_title":"4.1.2 Kuvailulehti - Opinn\u00e4ytety\u00f6n raportointiohje","og_description":"Kuvailulehden tiedot Opinn\u00e4ytety\u00f6n kuvailulehti on yksisivuinen lomake, jonka tarkoituksena on antaa lukijalle j\u00e4sennellyt perustiedot ty\u00f6st\u00e4. Kuvailulehden tekstin riviv\u00e4lin\u00e4 k\u00e4ytet\u00e4\u00e4n riviaskelta 1. Kuvailulehdell\u00e4 p\u00e4iv\u00e4m\u00e4\u00e4r\u00e4 on sama kuin kansilehdell\u00e4. Julkaisun lajina on opinn\u00e4ytety\u00f6, AMK tai opinn\u00e4ytety\u00f6, ylempi AMK. Mahdollinen tilaaja ilmoitetaan heti tiivistelm\u00e4n alussa. Sivum\u00e4\u00e4r\u00e4-kohtaan laitetaan ty\u00f6n kokonaissivum\u00e4\u00e4r\u00e4. Jos liitteiden osuus ty\u00f6st\u00e4 on huomattava, kohdassa Muita tietoja [&hellip;]","og_url":"https:\/\/help.jamk.fi\/raportointiohje\/fi\/4-opinnaytetyon-rakenne\/4-1-opinnaytetyon-alkuosa\/4-1-2-kuvailulehti\/","og_site_name":"Opinn\u00e4ytety\u00f6n raportointiohje","article_modified_time":"2025-12-01T08:14:56+00:00","twitter_card":"summary_large_image","twitter_misc":{"Arvioitu lukuaika":"4 minuuttia"},"schema":{"@context":"https:\/\/schema.org","@graph":[{"@type":"WebPage","@id":"https:\/\/help.jamk.fi\/raportointiohje\/fi\/4-opinnaytetyon-rakenne\/4-1-opinnaytetyon-alkuosa\/4-1-2-kuvailulehti\/","url":"https:\/\/help.jamk.fi\/raportointiohje\/fi\/4-opinnaytetyon-rakenne\/4-1-opinnaytetyon-alkuosa\/4-1-2-kuvailulehti\/","name":"4.1.2 Kuvailulehti - Opinn\u00e4ytety\u00f6n raportointiohje","isPartOf":{"@id":"https:\/\/help.jamk.fi\/raportointiohje\/#website"},"datePublished":"2012-08-15T04:39:21+00:00","dateModified":"2025-12-01T08:14:56+00:00","breadcrumb":{"@id":"https:\/\/help.jamk.fi\/raportointiohje\/fi\/4-opinnaytetyon-rakenne\/4-1-opinnaytetyon-alkuosa\/4-1-2-kuvailulehti\/#breadcrumb"},"inLanguage":"fi","potentialAction":[{"@type":"ReadAction","target":["https:\/\/help.jamk.fi\/raportointiohje\/fi\/4-opinnaytetyon-rakenne\/4-1-opinnaytetyon-alkuosa\/4-1-2-kuvailulehti\/"]}]},{"@type":"BreadcrumbList","@id":"https:\/\/help.jamk.fi\/raportointiohje\/fi\/4-opinnaytetyon-rakenne\/4-1-opinnaytetyon-alkuosa\/4-1-2-kuvailulehti\/#breadcrumb","itemListElement":[{"@type":"ListItem","position":1,"name":"Etusivu","item":"https:\/\/help.jamk.fi\/raportointiohje\/fi\/"},{"@type":"ListItem","position":2,"name":"4 Opinn\u00e4ytety\u00f6n rakenne","item":"https:\/\/help.jamk.fi\/raportointiohje\/fi\/4-opinnaytetyon-rakenne\/"},{"@type":"ListItem","position":3,"name":"4.1 Opinn\u00e4ytety\u00f6n alkuosa","item":"https:\/\/help.jamk.fi\/raportointiohje\/fi\/4-opinnaytetyon-rakenne\/4-1-opinnaytetyon-alkuosa\/"},{"@type":"ListItem","position":4,"name":"4.1.2 Kuvailulehti"}]},{"@type":"WebSite","@id":"https:\/\/help.jamk.fi\/raportointiohje\/#website","url":"https:\/\/help.jamk.fi\/raportointiohje\/","name":"Opinn\u00e4ytety\u00f6n raportointiohje","description":"","potentialAction":[{"@type":"SearchAction","target":{"@type":"EntryPoint","urlTemplate":"https:\/\/help.jamk.fi\/raportointiohje\/?s={search_term_string}"},"query-input":{"@type":"PropertyValueSpecification","valueRequired":true,"valueName":"search_term_string"}}],"inLanguage":"fi"}]}},"_links":{"self":[{"href":"https:\/\/help.jamk.fi\/raportointiohje\/wp-json\/wp\/v2\/pages\/146","targetHints":{"allow":["GET"]}}],"collection":[{"href":"https:\/\/help.jamk.fi\/raportointiohje\/wp-json\/wp\/v2\/pages"}],"about":[{"href":"https:\/\/help.jamk.fi\/raportointiohje\/wp-json\/wp\/v2\/types\/page"}],"author":[{"embeddable":true,"href":"https:\/\/help.jamk.fi\/raportointiohje\/wp-json\/wp\/v2\/users\/79"}],"replies":[{"embeddable":true,"href":"https:\/\/help.jamk.fi\/raportointiohje\/wp-json\/wp\/v2\/comments?post=146"}],"version-history":[{"count":5,"href":"https:\/\/help.jamk.fi\/raportointiohje\/wp-json\/wp\/v2\/pages\/146\/revisions"}],"predecessor-version":[{"id":1397,"href":"https:\/\/help.jamk.fi\/raportointiohje\/wp-json\/wp\/v2\/pages\/146\/revisions\/1397"}],"up":[{"embeddable":true,"href":"https:\/\/help.jamk.fi\/raportointiohje\/wp-json\/wp\/v2\/pages\/198"}],"wp:attachment":[{"href":"https:\/\/help.jamk.fi\/raportointiohje\/wp-json\/wp\/v2\/media?parent=146"}],"wp:term":[{"taxonomy":"category","embeddable":true,"href":"https:\/\/help.jamk.fi\/raportointiohje\/wp-json\/wp\/v2\/categories?post=146"},{"taxonomy":"post_tag","embeddable":true,"href":"https:\/\/help.jamk.fi\/raportointiohje\/wp-json\/wp\/v2\/tags?post=146"}],"curies":[{"name":"wp","href":"https:\/\/api.w.org\/{rel}","templated":true}]}}