{"id":147,"date":"2012-08-15T06:04:13","date_gmt":"2012-08-15T03:04:13","guid":{"rendered":"https:\/\/help.jamk.fi\/raportointiohje\/4-1-1-kansilehti\/"},"modified":"2025-11-06T12:51:48","modified_gmt":"2025-11-06T10:51:48","slug":"4-1-1-kansilehti","status":"publish","type":"page","link":"https:\/\/help.jamk.fi\/raportointiohje\/fi\/4-opinnaytetyon-rakenne\/4-1-opinnaytetyon-alkuosa\/4-1-1-kansilehti\/","title":{"rendered":"4.1.1 Kansilehti"},"content":{"rendered":"\n<p>Kansilehdess\u00e4 ilmoitetaan opinn\u00e4ytety\u00f6n nimi ja tekij\u00e4 tai tekij\u00e4t. Lis\u00e4ksi siin\u00e4 kerrotaan, ett\u00e4 kyseess\u00e4 on opinn\u00e4ytety\u00f6. Kanteen merkit\u00e4\u00e4n kuukauden ja vuoden tarkkuudella se ajankohta, jolloin opinn\u00e4ytety\u00f6 j\u00e4tet\u00e4\u00e4n arvioitavaksi. My\u00f6s tiedot koulutusalan nimest\u00e4, tutkinto-ohjelman nimest\u00e4 ja mahdollisesta erikoistumisesta merkit\u00e4\u00e4n. Kansilehti on valmiina opinn\u00e4ytety\u00f6n mallipohjassa.<\/p>\n\n\n\n<h2 class=\"wp-block-heading\">Ty\u00f6n nimi<\/h2>\n\n\n\n<p>Opinn\u00e4ytety\u00f6n nimeen on syyt\u00e4 kiinnitt\u00e4\u00e4 erityist\u00e4 huomiota, sill\u00e4 sen t\u00e4ytyy olla sek\u00e4 informatiivinen ett\u00e4 kiinnostava. Tiivis ja havainnollinen nimi tai otsikko ei sis\u00e4ll\u00e4 yht\u00e4\u00e4n turhaa sanaa eik\u00e4 v\u00e4lji\u00e4 tai mutkikkaita rakenteita. Nimi voi olla kaksiosainen, niin ett\u00e4 p\u00e4\u00e4otsikko toimii k\u00e4ytt\u00f6nimen\u00e4 ja alaotsikko t\u00e4sment\u00e4\u00e4 sit\u00e4. Vaikkei aiheesta sanotakaan kaikkea, nime\u00e4&nbsp;ei laiteta tarpeettomasti ep\u00e4m\u00e4\u00e4r\u00e4iseen partitiivi- tai elatiivimuotoon (jotakin, jostakin). (Hirsj\u00e4rvi ym. 2010, 318.)<\/p>\n","protected":false},"excerpt":{"rendered":"<p>Kansilehdess\u00e4 ilmoitetaan opinn\u00e4ytety\u00f6n nimi ja tekij\u00e4 tai tekij\u00e4t. Lis\u00e4ksi siin\u00e4 kerrotaan, ett\u00e4 kyseess\u00e4 on opinn\u00e4ytety\u00f6. Kanteen merkit\u00e4\u00e4n kuukauden ja vuoden tarkkuudella se ajankohta, jolloin opinn\u00e4ytety\u00f6 j\u00e4tet\u00e4\u00e4n arvioitavaksi. My\u00f6s tiedot koulutusalan nimest\u00e4, tutkinto-ohjelman nimest\u00e4 ja mahdollisesta erikoistumisesta merkit\u00e4\u00e4n. Kansilehti on valmiina opinn\u00e4ytety\u00f6n mallipohjassa. Ty\u00f6n nimi Opinn\u00e4ytety\u00f6n nimeen on syyt\u00e4 kiinnitt\u00e4\u00e4 erityist\u00e4 huomiota, sill\u00e4 sen t\u00e4ytyy olla [&hellip;]<\/p>\n","protected":false},"author":79,"featured_media":0,"parent":198,"menu_order":1,"comment_status":"open","ping_status":"closed","template":"","meta":{"_acf_changed":false,"_relevanssi_hide_post":"","_relevanssi_hide_content":"","_relevanssi_pin_for_all":"","_relevanssi_pin_keywords":"","_relevanssi_unpin_keywords":"","_relevanssi_related_keywords":"","_relevanssi_related_include_ids":"","_relevanssi_related_exclude_ids":"","_relevanssi_related_no_append":"","_relevanssi_related_not_related":"","_relevanssi_related_posts":"","_relevanssi_noindex_reason":"","footnotes":""},"categories":[],"tags":[575,581,587,593,599,215,605,611],"class_list":["post-147","page","type-page","status-publish","hentry","tag-alaotsikko","tag-alat","tag-kansilehti","tag-koulutusalat","tag-mallipohja","tag-otsikko","tag-paaotsikko","tag-tyon-nimi"],"acf":[],"yoast_head":"<!-- This site is optimized with the Yoast SEO plugin v27.3 - https:\/\/yoast.com\/product\/yoast-seo-wordpress\/ -->\n<title>4.1.1 Kansilehti - Opinn\u00e4ytety\u00f6n raportointiohje<\/title>\n<meta name=\"robots\" content=\"index, follow, max-snippet:-1, max-image-preview:large, max-video-preview:-1\" \/>\n<link rel=\"canonical\" href=\"https:\/\/help.jamk.fi\/raportointiohje\/fi\/4-opinnaytetyon-rakenne\/4-1-opinnaytetyon-alkuosa\/4-1-1-kansilehti\/\" \/>\n<meta property=\"og:locale\" content=\"fi_FI\" \/>\n<meta property=\"og:type\" content=\"article\" \/>\n<meta property=\"og:title\" content=\"4.1.1 Kansilehti - Opinn\u00e4ytety\u00f6n raportointiohje\" \/>\n<meta property=\"og:description\" content=\"Kansilehdess\u00e4 ilmoitetaan opinn\u00e4ytety\u00f6n nimi ja tekij\u00e4 tai tekij\u00e4t. Lis\u00e4ksi siin\u00e4 kerrotaan, ett\u00e4 kyseess\u00e4 on opinn\u00e4ytety\u00f6. Kanteen merkit\u00e4\u00e4n kuukauden ja vuoden tarkkuudella se ajankohta, jolloin opinn\u00e4ytety\u00f6 j\u00e4tet\u00e4\u00e4n arvioitavaksi. My\u00f6s tiedot koulutusalan nimest\u00e4, tutkinto-ohjelman nimest\u00e4 ja mahdollisesta erikoistumisesta merkit\u00e4\u00e4n. Kansilehti on valmiina opinn\u00e4ytety\u00f6n mallipohjassa. Ty\u00f6n nimi Opinn\u00e4ytety\u00f6n nimeen on syyt\u00e4 kiinnitt\u00e4\u00e4 erityist\u00e4 huomiota, sill\u00e4 sen t\u00e4ytyy olla [&hellip;]\" \/>\n<meta property=\"og:url\" content=\"https:\/\/help.jamk.fi\/raportointiohje\/fi\/4-opinnaytetyon-rakenne\/4-1-opinnaytetyon-alkuosa\/4-1-1-kansilehti\/\" \/>\n<meta property=\"og:site_name\" content=\"Opinn\u00e4ytety\u00f6n raportointiohje\" \/>\n<meta property=\"article:modified_time\" content=\"2025-11-06T10:51:48+00:00\" \/>\n<meta name=\"twitter:card\" content=\"summary_large_image\" \/>\n<meta name=\"twitter:label1\" content=\"Arvioitu lukuaika\" \/>\n\t<meta name=\"twitter:data1\" content=\"1 minuutti\" \/>\n<script type=\"application\/ld+json\" class=\"yoast-schema-graph\">{\"@context\":\"https:\\\/\\\/schema.org\",\"@graph\":[{\"@type\":\"WebPage\",\"@id\":\"https:\\\/\\\/help.jamk.fi\\\/raportointiohje\\\/fi\\\/4-opinnaytetyon-rakenne\\\/4-1-opinnaytetyon-alkuosa\\\/4-1-1-kansilehti\\\/\",\"url\":\"https:\\\/\\\/help.jamk.fi\\\/raportointiohje\\\/fi\\\/4-opinnaytetyon-rakenne\\\/4-1-opinnaytetyon-alkuosa\\\/4-1-1-kansilehti\\\/\",\"name\":\"4.1.1 Kansilehti - Opinn\u00e4ytety\u00f6n raportointiohje\",\"isPartOf\":{\"@id\":\"https:\\\/\\\/help.jamk.fi\\\/raportointiohje\\\/#website\"},\"datePublished\":\"2012-08-15T03:04:13+00:00\",\"dateModified\":\"2025-11-06T10:51:48+00:00\",\"breadcrumb\":{\"@id\":\"https:\\\/\\\/help.jamk.fi\\\/raportointiohje\\\/fi\\\/4-opinnaytetyon-rakenne\\\/4-1-opinnaytetyon-alkuosa\\\/4-1-1-kansilehti\\\/#breadcrumb\"},\"inLanguage\":\"fi\",\"potentialAction\":[{\"@type\":\"ReadAction\",\"target\":[\"https:\\\/\\\/help.jamk.fi\\\/raportointiohje\\\/fi\\\/4-opinnaytetyon-rakenne\\\/4-1-opinnaytetyon-alkuosa\\\/4-1-1-kansilehti\\\/\"]}]},{\"@type\":\"BreadcrumbList\",\"@id\":\"https:\\\/\\\/help.jamk.fi\\\/raportointiohje\\\/fi\\\/4-opinnaytetyon-rakenne\\\/4-1-opinnaytetyon-alkuosa\\\/4-1-1-kansilehti\\\/#breadcrumb\",\"itemListElement\":[{\"@type\":\"ListItem\",\"position\":1,\"name\":\"Etusivu\",\"item\":\"https:\\\/\\\/help.jamk.fi\\\/raportointiohje\\\/fi\\\/\"},{\"@type\":\"ListItem\",\"position\":2,\"name\":\"4 Opinn\u00e4ytety\u00f6n rakenne\",\"item\":\"https:\\\/\\\/help.jamk.fi\\\/raportointiohje\\\/fi\\\/4-opinnaytetyon-rakenne\\\/\"},{\"@type\":\"ListItem\",\"position\":3,\"name\":\"4.1 Opinn\u00e4ytety\u00f6n alkuosa\",\"item\":\"https:\\\/\\\/help.jamk.fi\\\/raportointiohje\\\/fi\\\/4-opinnaytetyon-rakenne\\\/4-1-opinnaytetyon-alkuosa\\\/\"},{\"@type\":\"ListItem\",\"position\":4,\"name\":\"4.1.1 Kansilehti\"}]},{\"@type\":\"WebSite\",\"@id\":\"https:\\\/\\\/help.jamk.fi\\\/raportointiohje\\\/#website\",\"url\":\"https:\\\/\\\/help.jamk.fi\\\/raportointiohje\\\/\",\"name\":\"Opinn\u00e4ytety\u00f6n raportointiohje\",\"description\":\"\",\"potentialAction\":[{\"@type\":\"SearchAction\",\"target\":{\"@type\":\"EntryPoint\",\"urlTemplate\":\"https:\\\/\\\/help.jamk.fi\\\/raportointiohje\\\/?s={search_term_string}\"},\"query-input\":{\"@type\":\"PropertyValueSpecification\",\"valueRequired\":true,\"valueName\":\"search_term_string\"}}],\"inLanguage\":\"fi\"}]}<\/script>\n<!-- \/ Yoast SEO plugin. -->","yoast_head_json":{"title":"4.1.1 Kansilehti - Opinn\u00e4ytety\u00f6n raportointiohje","robots":{"index":"index","follow":"follow","max-snippet":"max-snippet:-1","max-image-preview":"max-image-preview:large","max-video-preview":"max-video-preview:-1"},"canonical":"https:\/\/help.jamk.fi\/raportointiohje\/fi\/4-opinnaytetyon-rakenne\/4-1-opinnaytetyon-alkuosa\/4-1-1-kansilehti\/","og_locale":"fi_FI","og_type":"article","og_title":"4.1.1 Kansilehti - Opinn\u00e4ytety\u00f6n raportointiohje","og_description":"Kansilehdess\u00e4 ilmoitetaan opinn\u00e4ytety\u00f6n nimi ja tekij\u00e4 tai tekij\u00e4t. Lis\u00e4ksi siin\u00e4 kerrotaan, ett\u00e4 kyseess\u00e4 on opinn\u00e4ytety\u00f6. Kanteen merkit\u00e4\u00e4n kuukauden ja vuoden tarkkuudella se ajankohta, jolloin opinn\u00e4ytety\u00f6 j\u00e4tet\u00e4\u00e4n arvioitavaksi. My\u00f6s tiedot koulutusalan nimest\u00e4, tutkinto-ohjelman nimest\u00e4 ja mahdollisesta erikoistumisesta merkit\u00e4\u00e4n. Kansilehti on valmiina opinn\u00e4ytety\u00f6n mallipohjassa. Ty\u00f6n nimi Opinn\u00e4ytety\u00f6n nimeen on syyt\u00e4 kiinnitt\u00e4\u00e4 erityist\u00e4 huomiota, sill\u00e4 sen t\u00e4ytyy olla [&hellip;]","og_url":"https:\/\/help.jamk.fi\/raportointiohje\/fi\/4-opinnaytetyon-rakenne\/4-1-opinnaytetyon-alkuosa\/4-1-1-kansilehti\/","og_site_name":"Opinn\u00e4ytety\u00f6n raportointiohje","article_modified_time":"2025-11-06T10:51:48+00:00","twitter_card":"summary_large_image","twitter_misc":{"Arvioitu lukuaika":"1 minuutti"},"schema":{"@context":"https:\/\/schema.org","@graph":[{"@type":"WebPage","@id":"https:\/\/help.jamk.fi\/raportointiohje\/fi\/4-opinnaytetyon-rakenne\/4-1-opinnaytetyon-alkuosa\/4-1-1-kansilehti\/","url":"https:\/\/help.jamk.fi\/raportointiohje\/fi\/4-opinnaytetyon-rakenne\/4-1-opinnaytetyon-alkuosa\/4-1-1-kansilehti\/","name":"4.1.1 Kansilehti - Opinn\u00e4ytety\u00f6n raportointiohje","isPartOf":{"@id":"https:\/\/help.jamk.fi\/raportointiohje\/#website"},"datePublished":"2012-08-15T03:04:13+00:00","dateModified":"2025-11-06T10:51:48+00:00","breadcrumb":{"@id":"https:\/\/help.jamk.fi\/raportointiohje\/fi\/4-opinnaytetyon-rakenne\/4-1-opinnaytetyon-alkuosa\/4-1-1-kansilehti\/#breadcrumb"},"inLanguage":"fi","potentialAction":[{"@type":"ReadAction","target":["https:\/\/help.jamk.fi\/raportointiohje\/fi\/4-opinnaytetyon-rakenne\/4-1-opinnaytetyon-alkuosa\/4-1-1-kansilehti\/"]}]},{"@type":"BreadcrumbList","@id":"https:\/\/help.jamk.fi\/raportointiohje\/fi\/4-opinnaytetyon-rakenne\/4-1-opinnaytetyon-alkuosa\/4-1-1-kansilehti\/#breadcrumb","itemListElement":[{"@type":"ListItem","position":1,"name":"Etusivu","item":"https:\/\/help.jamk.fi\/raportointiohje\/fi\/"},{"@type":"ListItem","position":2,"name":"4 Opinn\u00e4ytety\u00f6n rakenne","item":"https:\/\/help.jamk.fi\/raportointiohje\/fi\/4-opinnaytetyon-rakenne\/"},{"@type":"ListItem","position":3,"name":"4.1 Opinn\u00e4ytety\u00f6n alkuosa","item":"https:\/\/help.jamk.fi\/raportointiohje\/fi\/4-opinnaytetyon-rakenne\/4-1-opinnaytetyon-alkuosa\/"},{"@type":"ListItem","position":4,"name":"4.1.1 Kansilehti"}]},{"@type":"WebSite","@id":"https:\/\/help.jamk.fi\/raportointiohje\/#website","url":"https:\/\/help.jamk.fi\/raportointiohje\/","name":"Opinn\u00e4ytety\u00f6n raportointiohje","description":"","potentialAction":[{"@type":"SearchAction","target":{"@type":"EntryPoint","urlTemplate":"https:\/\/help.jamk.fi\/raportointiohje\/?s={search_term_string}"},"query-input":{"@type":"PropertyValueSpecification","valueRequired":true,"valueName":"search_term_string"}}],"inLanguage":"fi"}]}},"_links":{"self":[{"href":"https:\/\/help.jamk.fi\/raportointiohje\/wp-json\/wp\/v2\/pages\/147","targetHints":{"allow":["GET"]}}],"collection":[{"href":"https:\/\/help.jamk.fi\/raportointiohje\/wp-json\/wp\/v2\/pages"}],"about":[{"href":"https:\/\/help.jamk.fi\/raportointiohje\/wp-json\/wp\/v2\/types\/page"}],"author":[{"embeddable":true,"href":"https:\/\/help.jamk.fi\/raportointiohje\/wp-json\/wp\/v2\/users\/79"}],"replies":[{"embeddable":true,"href":"https:\/\/help.jamk.fi\/raportointiohje\/wp-json\/wp\/v2\/comments?post=147"}],"version-history":[{"count":4,"href":"https:\/\/help.jamk.fi\/raportointiohje\/wp-json\/wp\/v2\/pages\/147\/revisions"}],"predecessor-version":[{"id":1377,"href":"https:\/\/help.jamk.fi\/raportointiohje\/wp-json\/wp\/v2\/pages\/147\/revisions\/1377"}],"up":[{"embeddable":true,"href":"https:\/\/help.jamk.fi\/raportointiohje\/wp-json\/wp\/v2\/pages\/198"}],"wp:attachment":[{"href":"https:\/\/help.jamk.fi\/raportointiohje\/wp-json\/wp\/v2\/media?parent=147"}],"wp:term":[{"taxonomy":"category","embeddable":true,"href":"https:\/\/help.jamk.fi\/raportointiohje\/wp-json\/wp\/v2\/categories?post=147"},{"taxonomy":"post_tag","embeddable":true,"href":"https:\/\/help.jamk.fi\/raportointiohje\/wp-json\/wp\/v2\/tags?post=147"}],"curies":[{"name":"wp","href":"https:\/\/api.w.org\/{rel}","templated":true}]}}