{"id":168,"date":"2012-08-15T07:44:20","date_gmt":"2012-08-15T04:44:20","guid":{"rendered":"https:\/\/help.jamk.fi\/raportointiohje\/4-2-3-tietoperusta\/"},"modified":"2024-08-27T10:17:07","modified_gmt":"2024-08-27T07:17:07","slug":"4-2-3-tietoperusta","status":"publish","type":"page","link":"https:\/\/help.jamk.fi\/raportointiohje\/fi\/4-opinnaytetyon-rakenne\/4-2-opinnaytetyon-runko-osa\/4-2-3-tietoperusta\/","title":{"rendered":"4.2.2 Tietoperusta"},"content":{"rendered":"<p>Opinn\u00e4ytety\u00f6n tietoperusta j\u00e4sent\u00e4\u00e4 opinn\u00e4ytety\u00f6n tarkoitusta ja rajaa tutkimus- tai kehitt\u00e4misteht\u00e4v\u00e4\u00e4 . Tietoperusta muodostuu aiheeseen liittyv\u00e4st\u00e4 teoriasta. Jos aiheeseen ei l\u00f6ydy teoriapohjaa, pyrit\u00e4\u00e4n kuvaamaan asian tausta ja muotoilemaan teoriaa. Sen sis\u00e4lt\u00f6 ja laajuus riippuvat l\u00e4hestymistavasta ja siit\u00e4, miten paljon ilmi\u00f6t\u00e4 on tutkittu.<\/p>\n<p>Tietoperusta pohjautuu aikaisempaan tietoon, joka kehittyy opinn\u00e4ytety\u00f6n tekij\u00e4n analyysin pohjalta <strong>synteesiksi<\/strong>. Tekij\u00e4 kokoaa tietoperustaa aikaisempien tutkimusten, kirjallisuuden ja ty\u00f6el\u00e4m\u00e4kokemusten sek\u00e4 intuition perusteella. Aiempaa tietoa ja aiemmin saatuja tuloksia voidaan esitell\u00e4, ja samalla voidaan tarkastella niiden luotettavuutta, yleistett\u00e4vyytt\u00e4 ja suhdetta omaan opinn\u00e4ytety\u00f6h\u00f6n. Tutkimustietoa k\u00e4sitell\u00e4\u00e4n kriittisesti, vertaillen ja yhteenvetoja tehden. Aiheen kannalta keskeiset k\u00e4sitteet m\u00e4\u00e4ritell\u00e4\u00e4n teoreettisessa osassa. Muut k\u00e4sitteet voi m\u00e4\u00e4ritell\u00e4 siin\u00e4 yhteydess\u00e4, jossa ne tulevat esille.<\/p>\n<p>L\u00e4hdett\u00e4 <strong>referoidessaan<\/strong> kirjoittaja selostaa omin sanoin, mik\u00e4 l\u00e4hteess\u00e4 on tutkittavan ilmi\u00f6n kannalta olennaista yhdist\u00e4m\u00e4ll\u00e4 alkuper\u00e4isen tekstin ydinajatukset omin sanoin selkeiksi ja kokonaisiksi lauseiksi. L\u00e4hdeaineiston k\u00e4yt\u00f6ss\u00e4 tulisi n\u00e4ky\u00e4 tekij\u00e4n kyky itsen\u00e4iseen ajatteluun ja perehtyneisyys tutkimusalaan tai aiheeseen.<\/p>\n<p><strong>Siteeratessaan<\/strong> l\u00e4hdett\u00e4 tekij\u00e4 lainaa alkuper\u00e4isl\u00e4hdett\u00e4 sananmukaisesti eli suoraan. Suorien lainausten k\u00e4ytt\u00f6\u00e4 on harkittava tarkkaan, ja runsasta lainausta on v\u00e4ltett\u00e4v\u00e4, sill\u00e4 suorien lainausten k\u00e4ytt\u00f6 osoittaa omaper\u00e4isyyden ja analyyttisen otteen puuttumista. Siteeraus on perusteltua vain silloin, kun alkuper\u00e4isen tekstin sananmukaisen tarkka toistaminen on t\u00e4rke\u00e4\u00e4. (Ks. my\u00f6s luku 5 L\u00e4hteiden k\u00e4ytt\u00f6.)<\/p>\n<p>Ty\u00f6ss\u00e4 esitell\u00e4\u00e4n <strong>tutkimusteht\u00e4v\u00e4<\/strong> (ongelma, kysymykset) ja mahdolliset oletukset sen (niiden) toteutumisesta. Teht\u00e4v\u00e4 johdetaan teoriaosasta ja perustellaan siell\u00e4 esitetyill\u00e4 seikoilla. Ongelmat kirjoitetaan t\u00e4sm\u00e4lliseen kysymyksen muotoon. Jos niit\u00e4 on useita, ne numeroidaan ja voidaan esitt\u00e4\u00e4 p\u00e4\u00e4- ja alaongelmina.<\/p>\n","protected":false},"excerpt":{"rendered":"<p>Opinn\u00e4ytety\u00f6n tietoperusta j\u00e4sent\u00e4\u00e4 opinn\u00e4ytety\u00f6n tarkoitusta ja rajaa tutkimus- tai kehitt\u00e4misteht\u00e4v\u00e4\u00e4 . Tietoperusta muodostuu aiheeseen liittyv\u00e4st\u00e4 teoriasta. Jos aiheeseen ei l\u00f6ydy teoriapohjaa, pyrit\u00e4\u00e4n kuvaamaan asian tausta ja muotoilemaan teoriaa. Sen sis\u00e4lt\u00f6 ja laajuus riippuvat l\u00e4hestymistavasta ja siit\u00e4, miten paljon ilmi\u00f6t\u00e4 on tutkittu. Tietoperusta pohjautuu aikaisempaan tietoon, joka kehittyy opinn\u00e4ytety\u00f6n tekij\u00e4n analyysin pohjalta synteesiksi. Tekij\u00e4 kokoaa tietoperustaa [&hellip;]<\/p>\n","protected":false},"author":79,"featured_media":0,"parent":211,"menu_order":3,"comment_status":"open","ping_status":"closed","template":"","meta":{"_acf_changed":false,"_relevanssi_hide_post":"","_relevanssi_hide_content":"","_relevanssi_pin_for_all":"","_relevanssi_pin_keywords":"","_relevanssi_unpin_keywords":"","_relevanssi_related_keywords":"","_relevanssi_related_include_ids":"","_relevanssi_related_exclude_ids":"","_relevanssi_related_no_append":"","_relevanssi_related_not_related":"","_relevanssi_related_posts":"","_relevanssi_noindex_reason":"","footnotes":""},"categories":[],"tags":[65,35,635,275,641,647,653,59,143,629,659,665],"class_list":["post-168","page","type-page","status-publish","hentry","tag-analyysi","tag-kasitteet","tag-lahdeaineisto","tag-referointi","tag-siteeraaminen","tag-teoria","tag-tieto","tag-tietoperusta","tag-tutkimus","tag-tutkimuskysymys","tag-tutkimusongelma","tag-tutkimustieto"],"acf":[],"yoast_head":"<!-- This site is optimized with the Yoast SEO plugin v27.3 - https:\/\/yoast.com\/product\/yoast-seo-wordpress\/ -->\n<title>4.2.2 Tietoperusta - Opinn\u00e4ytety\u00f6n raportointiohje<\/title>\n<meta name=\"robots\" content=\"index, follow, max-snippet:-1, max-image-preview:large, max-video-preview:-1\" \/>\n<link rel=\"canonical\" href=\"https:\/\/help.jamk.fi\/raportointiohje\/fi\/4-opinnaytetyon-rakenne\/4-2-opinnaytetyon-runko-osa\/4-2-3-tietoperusta\/\" \/>\n<meta property=\"og:locale\" content=\"fi_FI\" \/>\n<meta property=\"og:type\" content=\"article\" \/>\n<meta property=\"og:title\" content=\"4.2.2 Tietoperusta - Opinn\u00e4ytety\u00f6n raportointiohje\" \/>\n<meta property=\"og:description\" content=\"Opinn\u00e4ytety\u00f6n tietoperusta j\u00e4sent\u00e4\u00e4 opinn\u00e4ytety\u00f6n tarkoitusta ja rajaa tutkimus- tai kehitt\u00e4misteht\u00e4v\u00e4\u00e4 . Tietoperusta muodostuu aiheeseen liittyv\u00e4st\u00e4 teoriasta. Jos aiheeseen ei l\u00f6ydy teoriapohjaa, pyrit\u00e4\u00e4n kuvaamaan asian tausta ja muotoilemaan teoriaa. Sen sis\u00e4lt\u00f6 ja laajuus riippuvat l\u00e4hestymistavasta ja siit\u00e4, miten paljon ilmi\u00f6t\u00e4 on tutkittu. Tietoperusta pohjautuu aikaisempaan tietoon, joka kehittyy opinn\u00e4ytety\u00f6n tekij\u00e4n analyysin pohjalta synteesiksi. Tekij\u00e4 kokoaa tietoperustaa [&hellip;]\" \/>\n<meta property=\"og:url\" content=\"https:\/\/help.jamk.fi\/raportointiohje\/fi\/4-opinnaytetyon-rakenne\/4-2-opinnaytetyon-runko-osa\/4-2-3-tietoperusta\/\" \/>\n<meta property=\"og:site_name\" content=\"Opinn\u00e4ytety\u00f6n raportointiohje\" \/>\n<meta property=\"article:modified_time\" content=\"2024-08-27T07:17:07+00:00\" \/>\n<meta name=\"twitter:card\" content=\"summary_large_image\" \/>\n<meta name=\"twitter:label1\" content=\"Arvioitu lukuaika\" \/>\n\t<meta name=\"twitter:data1\" content=\"2 minuuttia\" \/>\n<script type=\"application\/ld+json\" class=\"yoast-schema-graph\">{\"@context\":\"https:\\\/\\\/schema.org\",\"@graph\":[{\"@type\":\"WebPage\",\"@id\":\"https:\\\/\\\/help.jamk.fi\\\/raportointiohje\\\/fi\\\/4-opinnaytetyon-rakenne\\\/4-2-opinnaytetyon-runko-osa\\\/4-2-3-tietoperusta\\\/\",\"url\":\"https:\\\/\\\/help.jamk.fi\\\/raportointiohje\\\/fi\\\/4-opinnaytetyon-rakenne\\\/4-2-opinnaytetyon-runko-osa\\\/4-2-3-tietoperusta\\\/\",\"name\":\"4.2.2 Tietoperusta - Opinn\u00e4ytety\u00f6n raportointiohje\",\"isPartOf\":{\"@id\":\"https:\\\/\\\/help.jamk.fi\\\/raportointiohje\\\/#website\"},\"datePublished\":\"2012-08-15T04:44:20+00:00\",\"dateModified\":\"2024-08-27T07:17:07+00:00\",\"breadcrumb\":{\"@id\":\"https:\\\/\\\/help.jamk.fi\\\/raportointiohje\\\/fi\\\/4-opinnaytetyon-rakenne\\\/4-2-opinnaytetyon-runko-osa\\\/4-2-3-tietoperusta\\\/#breadcrumb\"},\"inLanguage\":\"fi\",\"potentialAction\":[{\"@type\":\"ReadAction\",\"target\":[\"https:\\\/\\\/help.jamk.fi\\\/raportointiohje\\\/fi\\\/4-opinnaytetyon-rakenne\\\/4-2-opinnaytetyon-runko-osa\\\/4-2-3-tietoperusta\\\/\"]}]},{\"@type\":\"BreadcrumbList\",\"@id\":\"https:\\\/\\\/help.jamk.fi\\\/raportointiohje\\\/fi\\\/4-opinnaytetyon-rakenne\\\/4-2-opinnaytetyon-runko-osa\\\/4-2-3-tietoperusta\\\/#breadcrumb\",\"itemListElement\":[{\"@type\":\"ListItem\",\"position\":1,\"name\":\"Etusivu\",\"item\":\"https:\\\/\\\/help.jamk.fi\\\/raportointiohje\\\/fi\\\/\"},{\"@type\":\"ListItem\",\"position\":2,\"name\":\"4 Opinn\u00e4ytety\u00f6n rakenne\",\"item\":\"https:\\\/\\\/help.jamk.fi\\\/raportointiohje\\\/fi\\\/4-opinnaytetyon-rakenne\\\/\"},{\"@type\":\"ListItem\",\"position\":3,\"name\":\"4.2 Opinn\u00e4ytety\u00f6n runko-osa\",\"item\":\"https:\\\/\\\/help.jamk.fi\\\/raportointiohje\\\/fi\\\/4-opinnaytetyon-rakenne\\\/4-2-opinnaytetyon-runko-osa\\\/\"},{\"@type\":\"ListItem\",\"position\":4,\"name\":\"4.2.2 Tietoperusta\"}]},{\"@type\":\"WebSite\",\"@id\":\"https:\\\/\\\/help.jamk.fi\\\/raportointiohje\\\/#website\",\"url\":\"https:\\\/\\\/help.jamk.fi\\\/raportointiohje\\\/\",\"name\":\"Opinn\u00e4ytety\u00f6n raportointiohje\",\"description\":\"\",\"potentialAction\":[{\"@type\":\"SearchAction\",\"target\":{\"@type\":\"EntryPoint\",\"urlTemplate\":\"https:\\\/\\\/help.jamk.fi\\\/raportointiohje\\\/?s={search_term_string}\"},\"query-input\":{\"@type\":\"PropertyValueSpecification\",\"valueRequired\":true,\"valueName\":\"search_term_string\"}}],\"inLanguage\":\"fi\"}]}<\/script>\n<!-- \/ Yoast SEO plugin. -->","yoast_head_json":{"title":"4.2.2 Tietoperusta - Opinn\u00e4ytety\u00f6n raportointiohje","robots":{"index":"index","follow":"follow","max-snippet":"max-snippet:-1","max-image-preview":"max-image-preview:large","max-video-preview":"max-video-preview:-1"},"canonical":"https:\/\/help.jamk.fi\/raportointiohje\/fi\/4-opinnaytetyon-rakenne\/4-2-opinnaytetyon-runko-osa\/4-2-3-tietoperusta\/","og_locale":"fi_FI","og_type":"article","og_title":"4.2.2 Tietoperusta - Opinn\u00e4ytety\u00f6n raportointiohje","og_description":"Opinn\u00e4ytety\u00f6n tietoperusta j\u00e4sent\u00e4\u00e4 opinn\u00e4ytety\u00f6n tarkoitusta ja rajaa tutkimus- tai kehitt\u00e4misteht\u00e4v\u00e4\u00e4 . Tietoperusta muodostuu aiheeseen liittyv\u00e4st\u00e4 teoriasta. Jos aiheeseen ei l\u00f6ydy teoriapohjaa, pyrit\u00e4\u00e4n kuvaamaan asian tausta ja muotoilemaan teoriaa. Sen sis\u00e4lt\u00f6 ja laajuus riippuvat l\u00e4hestymistavasta ja siit\u00e4, miten paljon ilmi\u00f6t\u00e4 on tutkittu. Tietoperusta pohjautuu aikaisempaan tietoon, joka kehittyy opinn\u00e4ytety\u00f6n tekij\u00e4n analyysin pohjalta synteesiksi. Tekij\u00e4 kokoaa tietoperustaa [&hellip;]","og_url":"https:\/\/help.jamk.fi\/raportointiohje\/fi\/4-opinnaytetyon-rakenne\/4-2-opinnaytetyon-runko-osa\/4-2-3-tietoperusta\/","og_site_name":"Opinn\u00e4ytety\u00f6n raportointiohje","article_modified_time":"2024-08-27T07:17:07+00:00","twitter_card":"summary_large_image","twitter_misc":{"Arvioitu lukuaika":"2 minuuttia"},"schema":{"@context":"https:\/\/schema.org","@graph":[{"@type":"WebPage","@id":"https:\/\/help.jamk.fi\/raportointiohje\/fi\/4-opinnaytetyon-rakenne\/4-2-opinnaytetyon-runko-osa\/4-2-3-tietoperusta\/","url":"https:\/\/help.jamk.fi\/raportointiohje\/fi\/4-opinnaytetyon-rakenne\/4-2-opinnaytetyon-runko-osa\/4-2-3-tietoperusta\/","name":"4.2.2 Tietoperusta - Opinn\u00e4ytety\u00f6n raportointiohje","isPartOf":{"@id":"https:\/\/help.jamk.fi\/raportointiohje\/#website"},"datePublished":"2012-08-15T04:44:20+00:00","dateModified":"2024-08-27T07:17:07+00:00","breadcrumb":{"@id":"https:\/\/help.jamk.fi\/raportointiohje\/fi\/4-opinnaytetyon-rakenne\/4-2-opinnaytetyon-runko-osa\/4-2-3-tietoperusta\/#breadcrumb"},"inLanguage":"fi","potentialAction":[{"@type":"ReadAction","target":["https:\/\/help.jamk.fi\/raportointiohje\/fi\/4-opinnaytetyon-rakenne\/4-2-opinnaytetyon-runko-osa\/4-2-3-tietoperusta\/"]}]},{"@type":"BreadcrumbList","@id":"https:\/\/help.jamk.fi\/raportointiohje\/fi\/4-opinnaytetyon-rakenne\/4-2-opinnaytetyon-runko-osa\/4-2-3-tietoperusta\/#breadcrumb","itemListElement":[{"@type":"ListItem","position":1,"name":"Etusivu","item":"https:\/\/help.jamk.fi\/raportointiohje\/fi\/"},{"@type":"ListItem","position":2,"name":"4 Opinn\u00e4ytety\u00f6n rakenne","item":"https:\/\/help.jamk.fi\/raportointiohje\/fi\/4-opinnaytetyon-rakenne\/"},{"@type":"ListItem","position":3,"name":"4.2 Opinn\u00e4ytety\u00f6n runko-osa","item":"https:\/\/help.jamk.fi\/raportointiohje\/fi\/4-opinnaytetyon-rakenne\/4-2-opinnaytetyon-runko-osa\/"},{"@type":"ListItem","position":4,"name":"4.2.2 Tietoperusta"}]},{"@type":"WebSite","@id":"https:\/\/help.jamk.fi\/raportointiohje\/#website","url":"https:\/\/help.jamk.fi\/raportointiohje\/","name":"Opinn\u00e4ytety\u00f6n raportointiohje","description":"","potentialAction":[{"@type":"SearchAction","target":{"@type":"EntryPoint","urlTemplate":"https:\/\/help.jamk.fi\/raportointiohje\/?s={search_term_string}"},"query-input":{"@type":"PropertyValueSpecification","valueRequired":true,"valueName":"search_term_string"}}],"inLanguage":"fi"}]}},"_links":{"self":[{"href":"https:\/\/help.jamk.fi\/raportointiohje\/wp-json\/wp\/v2\/pages\/168","targetHints":{"allow":["GET"]}}],"collection":[{"href":"https:\/\/help.jamk.fi\/raportointiohje\/wp-json\/wp\/v2\/pages"}],"about":[{"href":"https:\/\/help.jamk.fi\/raportointiohje\/wp-json\/wp\/v2\/types\/page"}],"author":[{"embeddable":true,"href":"https:\/\/help.jamk.fi\/raportointiohje\/wp-json\/wp\/v2\/users\/79"}],"replies":[{"embeddable":true,"href":"https:\/\/help.jamk.fi\/raportointiohje\/wp-json\/wp\/v2\/comments?post=168"}],"version-history":[{"count":3,"href":"https:\/\/help.jamk.fi\/raportointiohje\/wp-json\/wp\/v2\/pages\/168\/revisions"}],"predecessor-version":[{"id":1194,"href":"https:\/\/help.jamk.fi\/raportointiohje\/wp-json\/wp\/v2\/pages\/168\/revisions\/1194"}],"up":[{"embeddable":true,"href":"https:\/\/help.jamk.fi\/raportointiohje\/wp-json\/wp\/v2\/pages\/211"}],"wp:attachment":[{"href":"https:\/\/help.jamk.fi\/raportointiohje\/wp-json\/wp\/v2\/media?parent=168"}],"wp:term":[{"taxonomy":"category","embeddable":true,"href":"https:\/\/help.jamk.fi\/raportointiohje\/wp-json\/wp\/v2\/categories?post=168"},{"taxonomy":"post_tag","embeddable":true,"href":"https:\/\/help.jamk.fi\/raportointiohje\/wp-json\/wp\/v2\/tags?post=168"}],"curies":[{"name":"wp","href":"https:\/\/api.w.org\/{rel}","templated":true}]}}