{"id":174,"date":"2012-08-15T07:45:28","date_gmt":"2012-08-15T04:45:28","guid":{"rendered":"https:\/\/help.jamk.fi\/raportointiohje\/4-2-6-pohdinta-osa\/"},"modified":"2024-01-02T09:00:47","modified_gmt":"2024-01-02T07:00:47","slug":"4-2-6-pohdinta-osa","status":"publish","type":"page","link":"https:\/\/help.jamk.fi\/raportointiohje\/fi\/4-opinnaytetyon-rakenne\/4-2-opinnaytetyon-runko-osa\/4-2-6-pohdinta-osa\/","title":{"rendered":"4.2.5 Pohdinta-osa"},"content":{"rendered":"\n<p>Pohdinnan tulee kohdistua koko ty\u00f6h\u00f6n ja kaikkiin sen vaiheisiin. Pohdinnassa tulokset yhdistet\u00e4\u00e4n raportin johdannossa ja tietoperustassa esiteltyihin taustoihin ja todetaan p\u00e4\u00e4tulokset. Osin siis tarkastellaan samantyyppisi\u00e4 asioita kuin aiemmin k\u00e4sittelyosassa, mutta pohdinnassa erittely\u00e4 syvennet\u00e4\u00e4n sen tiedon avulla, joka on saatu opinn\u00e4ytety\u00f6prosessin aikana.<\/p>\n\n\n\n<p>Omia tuloksia verrataan aikaisempien tutkimusten tuloksiin ja pohditaan kriittisesti tuloksiin vaikuttaneita tekij\u00f6it\u00e4. Tuloksista tehdyt p\u00e4\u00e4telm\u00e4t osoittavat, miten opinn\u00e4ytety\u00f6 on muuttanut tai lis\u00e4nnyt tietoa tutkittavalla tai kehitett\u00e4v\u00e4ll\u00e4 alueella ja miten tuloksia voidaan k\u00e4yt\u00e4nn\u00f6ss\u00e4 hy\u00f6dynt\u00e4\u00e4. P\u00e4\u00e4telmien edellytyksi\u00e4 ja rajoituksia esitell\u00e4\u00e4n (esimerkiksi pieni otos), ja arvioidaan, mitk\u00e4 oletukset eiv\u00e4t toteutuneet. Yleist\u00e4misess\u00e4 ei voi juuri koskaan olla liian varovainen.<\/p>\n\n\n\n<p>Pohdinnassa esitet\u00e4\u00e4n siis yleist\u00e4 pohdintaa teht\u00e4v\u00e4n aiheista ja kerrotaan ty\u00f6n aikana syntyneist\u00e4 uusista ongelma-alueista. Samoin k\u00e4sitell\u00e4\u00e4n opinn\u00e4ytety\u00f6n tekemist\u00e4 ja luotettavuuteen liittyvi\u00e4 seikkoja,&nbsp; itsearviointia ei kuitenkaan esitet\u00e4. Pohdinnan pit\u00e4isi osoittaa, miten teht\u00e4v\u00e4 tai ongelma onnistuttiin ratkaisemaan ja miten tutkimusmenetelm\u00e4\u00e4 tulisi kehitt\u00e4\u00e4. Pohdinnassa voidaan tehd\u00e4 esityksi\u00e4 tulosten hy\u00f6dynt\u00e4misest\u00e4, yleistett\u00e4vyydest\u00e4 ja soveltamismahdollisuuksista k\u00e4yt\u00e4nt\u00f6\u00f6n tai esitell\u00e4 jatkotutkimusaiheita. (Ks. kuvio 3.)<\/p>\n\n\n\n<p>Pohdintaluku on varsin t\u00e4rke\u00e4, sill\u00e4 siin\u00e4 vaaditaan omintakeisuutta sek\u00e4 omien kannanottojen ja n\u00e4kemysten esitt\u00e4mist\u00e4. Asiatyyli on kuitenkin s\u00e4ilytett\u00e4v\u00e4 ja v\u00e4itteet niin kuin mahdolliset yleistyksetkin perusteltava. Pohdinta osoittaa tekij\u00e4ns\u00e4 kypsyneisyyden tai sen puutteen, ja siksi omaa pohdiskeluaan aiheesta on hyv\u00e4 kirjata muistiin koko ty\u00f6skentelyprosessin ajan ja koota pohdintaluku riitt\u00e4v\u00e4n ajoissa.<\/p>\n\n\n\n<figure class=\"wp-block-image\"><img decoding=\"async\" src=\"https:\/\/help.jamk.fi\/raportointiohje\/wp-content\/uploads\/sites\/73\/2023\/07\/Pohdinta_kuvio21.png\" alt=\"\" class=\"wp-image-684\"\/><figcaption class=\"wp-element-caption\">Kuvio 3. Pohdinnan rakenne<\/figcaption><\/figure>\n\n\n\n<p>Esimerkki opinn\u00e4ytety\u00f6n pohdintaosuudesta:<br><span style=\"color: #333399;\"><a style=\"color: #333399;\" href=\"https:\/\/help.jamk.fi\/raportointiohje\/wp-content\/uploads\/sites\/73\/2023\/09\/POHDINTA_esim.-Hardy-KM.pdf\" target=\"_blank\" rel=\"noopener noreferrer\">sosiaalialan koulutusohjelman opinn\u00e4ytety\u00f6n pohdinta.pdf<\/a><\/span><span style=\"color: #333399;\"><\/span><\/p>\n","protected":false},"excerpt":{"rendered":"<p>Pohdinnan tulee kohdistua koko ty\u00f6h\u00f6n ja kaikkiin sen vaiheisiin. Pohdinnassa tulokset yhdistet\u00e4\u00e4n raportin johdannossa ja tietoperustassa esiteltyihin taustoihin ja todetaan p\u00e4\u00e4tulokset. Osin siis tarkastellaan samantyyppisi\u00e4 asioita kuin aiemmin k\u00e4sittelyosassa, mutta pohdinnassa erittely\u00e4 syvennet\u00e4\u00e4n sen tiedon avulla, joka on saatu opinn\u00e4ytety\u00f6prosessin aikana. Omia tuloksia verrataan aikaisempien tutkimusten tuloksiin ja pohditaan kriittisesti tuloksiin vaikuttaneita tekij\u00f6it\u00e4. Tuloksista tehdyt [&hellip;]<\/p>\n","protected":false},"author":79,"featured_media":0,"parent":211,"menu_order":6,"comment_status":"closed","ping_status":"closed","template":"","meta":{"_acf_changed":false,"_relevanssi_hide_post":"","_relevanssi_hide_content":"","_relevanssi_pin_for_all":"","_relevanssi_pin_keywords":"","_relevanssi_unpin_keywords":"","_relevanssi_related_keywords":"","_relevanssi_related_include_ids":"","_relevanssi_related_exclude_ids":"","_relevanssi_related_no_append":"","_relevanssi_related_not_related":"","_relevanssi_related_posts":"","_relevanssi_noindex_reason":"","footnotes":""},"categories":[],"tags":[689,695,701,707,671,59,713,719],"class_list":["post-174","page","type-page","status-publish","hentry","tag-arviointi","tag-jatkotutkimusaihe","tag-ongelman-ratkaiseminen","tag-pohdinta","tag-paatelmat","tag-tietoperusta","tag-tulokset","tag-tulosten-hyodyntaminen"],"acf":[],"yoast_head":"<!-- This site is optimized with the Yoast SEO plugin v27.3 - https:\/\/yoast.com\/product\/yoast-seo-wordpress\/ -->\n<title>4.2.5 Pohdinta-osa - Opinn\u00e4ytety\u00f6n raportointiohje<\/title>\n<meta name=\"robots\" content=\"index, follow, max-snippet:-1, max-image-preview:large, max-video-preview:-1\" \/>\n<link rel=\"canonical\" href=\"https:\/\/help.jamk.fi\/raportointiohje\/fi\/4-opinnaytetyon-rakenne\/4-2-opinnaytetyon-runko-osa\/4-2-6-pohdinta-osa\/\" \/>\n<meta property=\"og:locale\" content=\"fi_FI\" \/>\n<meta property=\"og:type\" content=\"article\" \/>\n<meta property=\"og:title\" content=\"4.2.5 Pohdinta-osa - Opinn\u00e4ytety\u00f6n raportointiohje\" \/>\n<meta property=\"og:description\" content=\"Pohdinnan tulee kohdistua koko ty\u00f6h\u00f6n ja kaikkiin sen vaiheisiin. Pohdinnassa tulokset yhdistet\u00e4\u00e4n raportin johdannossa ja tietoperustassa esiteltyihin taustoihin ja todetaan p\u00e4\u00e4tulokset. Osin siis tarkastellaan samantyyppisi\u00e4 asioita kuin aiemmin k\u00e4sittelyosassa, mutta pohdinnassa erittely\u00e4 syvennet\u00e4\u00e4n sen tiedon avulla, joka on saatu opinn\u00e4ytety\u00f6prosessin aikana. Omia tuloksia verrataan aikaisempien tutkimusten tuloksiin ja pohditaan kriittisesti tuloksiin vaikuttaneita tekij\u00f6it\u00e4. Tuloksista tehdyt [&hellip;]\" \/>\n<meta property=\"og:url\" content=\"https:\/\/help.jamk.fi\/raportointiohje\/fi\/4-opinnaytetyon-rakenne\/4-2-opinnaytetyon-runko-osa\/4-2-6-pohdinta-osa\/\" \/>\n<meta property=\"og:site_name\" content=\"Opinn\u00e4ytety\u00f6n raportointiohje\" \/>\n<meta property=\"article:modified_time\" content=\"2024-01-02T07:00:47+00:00\" \/>\n<meta property=\"og:image\" content=\"https:\/\/help.jamk.fi\/raportointiohje\/wp-content\/uploads\/sites\/73\/2023\/07\/Pohdinta_kuvio21.png\" \/>\n<meta name=\"twitter:card\" content=\"summary_large_image\" \/>\n<meta name=\"twitter:label1\" content=\"Arvioitu lukuaika\" \/>\n\t<meta name=\"twitter:data1\" content=\"2 minuuttia\" \/>\n<script type=\"application\/ld+json\" class=\"yoast-schema-graph\">{\"@context\":\"https:\\\/\\\/schema.org\",\"@graph\":[{\"@type\":\"WebPage\",\"@id\":\"https:\\\/\\\/help.jamk.fi\\\/raportointiohje\\\/fi\\\/4-opinnaytetyon-rakenne\\\/4-2-opinnaytetyon-runko-osa\\\/4-2-6-pohdinta-osa\\\/\",\"url\":\"https:\\\/\\\/help.jamk.fi\\\/raportointiohje\\\/fi\\\/4-opinnaytetyon-rakenne\\\/4-2-opinnaytetyon-runko-osa\\\/4-2-6-pohdinta-osa\\\/\",\"name\":\"4.2.5 Pohdinta-osa - Opinn\u00e4ytety\u00f6n raportointiohje\",\"isPartOf\":{\"@id\":\"https:\\\/\\\/help.jamk.fi\\\/raportointiohje\\\/#website\"},\"primaryImageOfPage\":{\"@id\":\"https:\\\/\\\/help.jamk.fi\\\/raportointiohje\\\/fi\\\/4-opinnaytetyon-rakenne\\\/4-2-opinnaytetyon-runko-osa\\\/4-2-6-pohdinta-osa\\\/#primaryimage\"},\"image\":{\"@id\":\"https:\\\/\\\/help.jamk.fi\\\/raportointiohje\\\/fi\\\/4-opinnaytetyon-rakenne\\\/4-2-opinnaytetyon-runko-osa\\\/4-2-6-pohdinta-osa\\\/#primaryimage\"},\"thumbnailUrl\":\"https:\\\/\\\/help.jamk.fi\\\/raportointiohje\\\/wp-content\\\/uploads\\\/sites\\\/73\\\/2023\\\/07\\\/Pohdinta_kuvio21.png\",\"datePublished\":\"2012-08-15T04:45:28+00:00\",\"dateModified\":\"2024-01-02T07:00:47+00:00\",\"breadcrumb\":{\"@id\":\"https:\\\/\\\/help.jamk.fi\\\/raportointiohje\\\/fi\\\/4-opinnaytetyon-rakenne\\\/4-2-opinnaytetyon-runko-osa\\\/4-2-6-pohdinta-osa\\\/#breadcrumb\"},\"inLanguage\":\"fi\",\"potentialAction\":[{\"@type\":\"ReadAction\",\"target\":[\"https:\\\/\\\/help.jamk.fi\\\/raportointiohje\\\/fi\\\/4-opinnaytetyon-rakenne\\\/4-2-opinnaytetyon-runko-osa\\\/4-2-6-pohdinta-osa\\\/\"]}]},{\"@type\":\"ImageObject\",\"inLanguage\":\"fi\",\"@id\":\"https:\\\/\\\/help.jamk.fi\\\/raportointiohje\\\/fi\\\/4-opinnaytetyon-rakenne\\\/4-2-opinnaytetyon-runko-osa\\\/4-2-6-pohdinta-osa\\\/#primaryimage\",\"url\":\"https:\\\/\\\/help.jamk.fi\\\/raportointiohje\\\/wp-content\\\/uploads\\\/sites\\\/73\\\/2023\\\/07\\\/Pohdinta_kuvio21.png\",\"contentUrl\":\"https:\\\/\\\/help.jamk.fi\\\/raportointiohje\\\/wp-content\\\/uploads\\\/sites\\\/73\\\/2023\\\/07\\\/Pohdinta_kuvio21.png\"},{\"@type\":\"BreadcrumbList\",\"@id\":\"https:\\\/\\\/help.jamk.fi\\\/raportointiohje\\\/fi\\\/4-opinnaytetyon-rakenne\\\/4-2-opinnaytetyon-runko-osa\\\/4-2-6-pohdinta-osa\\\/#breadcrumb\",\"itemListElement\":[{\"@type\":\"ListItem\",\"position\":1,\"name\":\"Etusivu\",\"item\":\"https:\\\/\\\/help.jamk.fi\\\/raportointiohje\\\/fi\\\/\"},{\"@type\":\"ListItem\",\"position\":2,\"name\":\"4 Opinn\u00e4ytety\u00f6n rakenne\",\"item\":\"https:\\\/\\\/help.jamk.fi\\\/raportointiohje\\\/fi\\\/4-opinnaytetyon-rakenne\\\/\"},{\"@type\":\"ListItem\",\"position\":3,\"name\":\"4.2 Opinn\u00e4ytety\u00f6n runko-osa\",\"item\":\"https:\\\/\\\/help.jamk.fi\\\/raportointiohje\\\/fi\\\/4-opinnaytetyon-rakenne\\\/4-2-opinnaytetyon-runko-osa\\\/\"},{\"@type\":\"ListItem\",\"position\":4,\"name\":\"4.2.5 Pohdinta-osa\"}]},{\"@type\":\"WebSite\",\"@id\":\"https:\\\/\\\/help.jamk.fi\\\/raportointiohje\\\/#website\",\"url\":\"https:\\\/\\\/help.jamk.fi\\\/raportointiohje\\\/\",\"name\":\"Opinn\u00e4ytety\u00f6n raportointiohje\",\"description\":\"\",\"potentialAction\":[{\"@type\":\"SearchAction\",\"target\":{\"@type\":\"EntryPoint\",\"urlTemplate\":\"https:\\\/\\\/help.jamk.fi\\\/raportointiohje\\\/?s={search_term_string}\"},\"query-input\":{\"@type\":\"PropertyValueSpecification\",\"valueRequired\":true,\"valueName\":\"search_term_string\"}}],\"inLanguage\":\"fi\"}]}<\/script>\n<!-- \/ Yoast SEO plugin. -->","yoast_head_json":{"title":"4.2.5 Pohdinta-osa - Opinn\u00e4ytety\u00f6n raportointiohje","robots":{"index":"index","follow":"follow","max-snippet":"max-snippet:-1","max-image-preview":"max-image-preview:large","max-video-preview":"max-video-preview:-1"},"canonical":"https:\/\/help.jamk.fi\/raportointiohje\/fi\/4-opinnaytetyon-rakenne\/4-2-opinnaytetyon-runko-osa\/4-2-6-pohdinta-osa\/","og_locale":"fi_FI","og_type":"article","og_title":"4.2.5 Pohdinta-osa - Opinn\u00e4ytety\u00f6n raportointiohje","og_description":"Pohdinnan tulee kohdistua koko ty\u00f6h\u00f6n ja kaikkiin sen vaiheisiin. Pohdinnassa tulokset yhdistet\u00e4\u00e4n raportin johdannossa ja tietoperustassa esiteltyihin taustoihin ja todetaan p\u00e4\u00e4tulokset. Osin siis tarkastellaan samantyyppisi\u00e4 asioita kuin aiemmin k\u00e4sittelyosassa, mutta pohdinnassa erittely\u00e4 syvennet\u00e4\u00e4n sen tiedon avulla, joka on saatu opinn\u00e4ytety\u00f6prosessin aikana. Omia tuloksia verrataan aikaisempien tutkimusten tuloksiin ja pohditaan kriittisesti tuloksiin vaikuttaneita tekij\u00f6it\u00e4. Tuloksista tehdyt [&hellip;]","og_url":"https:\/\/help.jamk.fi\/raportointiohje\/fi\/4-opinnaytetyon-rakenne\/4-2-opinnaytetyon-runko-osa\/4-2-6-pohdinta-osa\/","og_site_name":"Opinn\u00e4ytety\u00f6n raportointiohje","article_modified_time":"2024-01-02T07:00:47+00:00","og_image":[{"url":"https:\/\/help.jamk.fi\/raportointiohje\/wp-content\/uploads\/sites\/73\/2023\/07\/Pohdinta_kuvio21.png","type":"","width":"","height":""}],"twitter_card":"summary_large_image","twitter_misc":{"Arvioitu lukuaika":"2 minuuttia"},"schema":{"@context":"https:\/\/schema.org","@graph":[{"@type":"WebPage","@id":"https:\/\/help.jamk.fi\/raportointiohje\/fi\/4-opinnaytetyon-rakenne\/4-2-opinnaytetyon-runko-osa\/4-2-6-pohdinta-osa\/","url":"https:\/\/help.jamk.fi\/raportointiohje\/fi\/4-opinnaytetyon-rakenne\/4-2-opinnaytetyon-runko-osa\/4-2-6-pohdinta-osa\/","name":"4.2.5 Pohdinta-osa - Opinn\u00e4ytety\u00f6n raportointiohje","isPartOf":{"@id":"https:\/\/help.jamk.fi\/raportointiohje\/#website"},"primaryImageOfPage":{"@id":"https:\/\/help.jamk.fi\/raportointiohje\/fi\/4-opinnaytetyon-rakenne\/4-2-opinnaytetyon-runko-osa\/4-2-6-pohdinta-osa\/#primaryimage"},"image":{"@id":"https:\/\/help.jamk.fi\/raportointiohje\/fi\/4-opinnaytetyon-rakenne\/4-2-opinnaytetyon-runko-osa\/4-2-6-pohdinta-osa\/#primaryimage"},"thumbnailUrl":"https:\/\/help.jamk.fi\/raportointiohje\/wp-content\/uploads\/sites\/73\/2023\/07\/Pohdinta_kuvio21.png","datePublished":"2012-08-15T04:45:28+00:00","dateModified":"2024-01-02T07:00:47+00:00","breadcrumb":{"@id":"https:\/\/help.jamk.fi\/raportointiohje\/fi\/4-opinnaytetyon-rakenne\/4-2-opinnaytetyon-runko-osa\/4-2-6-pohdinta-osa\/#breadcrumb"},"inLanguage":"fi","potentialAction":[{"@type":"ReadAction","target":["https:\/\/help.jamk.fi\/raportointiohje\/fi\/4-opinnaytetyon-rakenne\/4-2-opinnaytetyon-runko-osa\/4-2-6-pohdinta-osa\/"]}]},{"@type":"ImageObject","inLanguage":"fi","@id":"https:\/\/help.jamk.fi\/raportointiohje\/fi\/4-opinnaytetyon-rakenne\/4-2-opinnaytetyon-runko-osa\/4-2-6-pohdinta-osa\/#primaryimage","url":"https:\/\/help.jamk.fi\/raportointiohje\/wp-content\/uploads\/sites\/73\/2023\/07\/Pohdinta_kuvio21.png","contentUrl":"https:\/\/help.jamk.fi\/raportointiohje\/wp-content\/uploads\/sites\/73\/2023\/07\/Pohdinta_kuvio21.png"},{"@type":"BreadcrumbList","@id":"https:\/\/help.jamk.fi\/raportointiohje\/fi\/4-opinnaytetyon-rakenne\/4-2-opinnaytetyon-runko-osa\/4-2-6-pohdinta-osa\/#breadcrumb","itemListElement":[{"@type":"ListItem","position":1,"name":"Etusivu","item":"https:\/\/help.jamk.fi\/raportointiohje\/fi\/"},{"@type":"ListItem","position":2,"name":"4 Opinn\u00e4ytety\u00f6n rakenne","item":"https:\/\/help.jamk.fi\/raportointiohje\/fi\/4-opinnaytetyon-rakenne\/"},{"@type":"ListItem","position":3,"name":"4.2 Opinn\u00e4ytety\u00f6n runko-osa","item":"https:\/\/help.jamk.fi\/raportointiohje\/fi\/4-opinnaytetyon-rakenne\/4-2-opinnaytetyon-runko-osa\/"},{"@type":"ListItem","position":4,"name":"4.2.5 Pohdinta-osa"}]},{"@type":"WebSite","@id":"https:\/\/help.jamk.fi\/raportointiohje\/#website","url":"https:\/\/help.jamk.fi\/raportointiohje\/","name":"Opinn\u00e4ytety\u00f6n raportointiohje","description":"","potentialAction":[{"@type":"SearchAction","target":{"@type":"EntryPoint","urlTemplate":"https:\/\/help.jamk.fi\/raportointiohje\/?s={search_term_string}"},"query-input":{"@type":"PropertyValueSpecification","valueRequired":true,"valueName":"search_term_string"}}],"inLanguage":"fi"}]}},"_links":{"self":[{"href":"https:\/\/help.jamk.fi\/raportointiohje\/wp-json\/wp\/v2\/pages\/174","targetHints":{"allow":["GET"]}}],"collection":[{"href":"https:\/\/help.jamk.fi\/raportointiohje\/wp-json\/wp\/v2\/pages"}],"about":[{"href":"https:\/\/help.jamk.fi\/raportointiohje\/wp-json\/wp\/v2\/types\/page"}],"author":[{"embeddable":true,"href":"https:\/\/help.jamk.fi\/raportointiohje\/wp-json\/wp\/v2\/users\/79"}],"replies":[{"embeddable":true,"href":"https:\/\/help.jamk.fi\/raportointiohje\/wp-json\/wp\/v2\/comments?post=174"}],"version-history":[{"count":4,"href":"https:\/\/help.jamk.fi\/raportointiohje\/wp-json\/wp\/v2\/pages\/174\/revisions"}],"predecessor-version":[{"id":801,"href":"https:\/\/help.jamk.fi\/raportointiohje\/wp-json\/wp\/v2\/pages\/174\/revisions\/801"}],"up":[{"embeddable":true,"href":"https:\/\/help.jamk.fi\/raportointiohje\/wp-json\/wp\/v2\/pages\/211"}],"wp:attachment":[{"href":"https:\/\/help.jamk.fi\/raportointiohje\/wp-json\/wp\/v2\/media?parent=174"}],"wp:term":[{"taxonomy":"category","embeddable":true,"href":"https:\/\/help.jamk.fi\/raportointiohje\/wp-json\/wp\/v2\/categories?post=174"},{"taxonomy":"post_tag","embeddable":true,"href":"https:\/\/help.jamk.fi\/raportointiohje\/wp-json\/wp\/v2\/tags?post=174"}],"curies":[{"name":"wp","href":"https:\/\/api.w.org\/{rel}","templated":true}]}}