{"id":186,"date":"2012-08-15T07:48:29","date_gmt":"2012-08-15T04:48:29","guid":{"rendered":"https:\/\/help.jamk.fi\/raportointiohje\/kirjallisten-tehtavien-raportointi-jyvaskylan-ammattikorkeakoulussa\/"},"modified":"2026-03-20T08:55:57","modified_gmt":"2026-03-20T06:55:57","slug":"kirjallisten-tehtavien-raportointi-jyvaskylan-ammattikorkeakoulussa","status":"publish","type":"page","link":"https:\/\/help.jamk.fi\/raportointiohje\/fi\/","title":{"rendered":"1 Kirjallisten teht\u00e4vien raportointi Jyv\u00e4skyl\u00e4n ammattikorkeakoulussa"},"content":{"rendered":"\n<div id=\"text-column-block_5be2327b9f0f09b1c3d6190d28c2f48a\" class=\"text-column block-text-column\">\n  <div class=\"block-text-column__wrapper\">\n                  <div class=\"row block-text-column__column-section\">\n          <div class=\"col-12 col-md-5 block-text-column__column-section--column\">\n            <div class=\"block-text-column__column-section--title-wrap\">\n                              <h2 class=\"\">1 Kirjallisten teht\u00e4vien raportointi Jyv\u00e4skyl\u00e4n ammattikorkeakoulussa<\/h2>\n                          <\/div>\n          <\/div>\n          <div class=\"col-12 col-md-7 block-text-column__column-section--column\">\n                          <div class=\"block-text-column__column-section--text_area\">\n                <p><!-- wp:paragraph --><\/p>\n<p>Jyv\u00e4skyl\u00e4n ammattikorkeakoulun opiskelija laatii opiskelunsa aikana monenlaisia kirjallisia teht\u00e4vi\u00e4, joista laajin on opinn\u00e4ytety\u00f6. Kirjallisten teht\u00e4vien tavoitteena on innostaa opiskelijaa hankkimaan, j\u00e4sent\u00e4m\u00e4\u00e4n ja muokkaamaan omaan ammattialaansa liittyv\u00e4\u00e4 uusinta tietoa. Kirjoittamalla opitaan paitsi alan keskeisi\u00e4 sis\u00e4lt\u00f6j\u00e4 my\u00f6s ty\u00f6el\u00e4m\u00e4ss\u00e4 tarvittavia kirjallisen viestinn\u00e4n taitoja.<\/p>\n<p><!-- \/wp:paragraph --> <!-- wp:paragraph --><\/p>\n<p>T\u00e4ss\u00e4 esitetyt ohjeet koskevat opinn\u00e4ytet\u00f6it\u00e4, mutta niit\u00e4 k\u00e4ytet\u00e4\u00e4n nimest\u00e4\u00e4n huolimatta soveltuvin osin opiskeluteht\u00e4vien laadinnassa opintojen alusta l\u00e4htien. Ohjetta voidaan k\u00e4ytt\u00e4\u00e4 erityyppisten opinn\u00e4ytet\u00f6iden, esimerkiksi empiiristen t\u00f6iden, tutkimuksellisten kehitt\u00e4mishankkeiden ja taidetekojen raportoinnissa. Ohjeet soveltuvat my\u00f6s muualla Suomessa tai kansainv\u00e4listen hankkeiden yhteydess\u00e4 teht\u00e4viin kirjallisiin t\u00f6ihin.<\/p>\n<p><!-- \/wp:paragraph --> <!-- wp:paragraph --><\/p>\n<p>Englanninkielisiss\u00e4 tutkinto-ohjelmissa noudatetaan <a href=\"https:\/\/help.jamk.fi\/raportointiohje\/en\/\" rel=\"noreferrer noopener\">Project Reporting Instructions<\/a> -ohjeistusta.<\/p>\n<h3>Raportointiohjeen sis\u00e4lt\u00f6<\/h3>\n<p>1 Kirjallisten teht\u00e4vien raportointi Jyv\u00e4skyl\u00e4n ammattikorkeakoulussa<\/p>\n<p><a href=\"https:\/\/help.jamk.fi\/raportointiohje\/fi\/2-tiedonhankinta-opinnaytetyohon\/\">2 Tiedonhankinta opinn\u00e4ytety\u00f6h\u00f6n<\/a><\/p>\n<p><a href=\"https:\/\/help.jamk.fi\/raportointiohje\/fi\/3-kirjoittamisprosessi\/\">3 Kirjoittamisprosessi<\/a><\/p>\n<p><a href=\"https:\/\/help.jamk.fi\/raportointiohje\/fi\/4-opinnaytetyon-rakenne\/\">4 Opinn\u00e4ytety\u00f6n rakenne<\/a><\/p>\n<p><a href=\"https:\/\/help.jamk.fi\/raportointiohje\/fi\/5a-lahteiden-kaytto\/\">5a L\u00e4hteiden k\u00e4ytt\u00f6 (syksyst\u00e4 2024 opintonsa aloittaneet)<\/a><\/p>\n<p><a href=\"https:\/\/help.jamk.fi\/raportointiohje\/fi\/5b-lahteiden-kaytto-2\/\">5b L\u00e4hteiden k\u00e4ytt\u00f6 (ennen syksy\u00e4 2024 opintonsa aloittaneet)<\/a><\/p>\n<p><a href=\"https:\/\/help.jamk.fi\/raportointiohje\/fi\/6-visuaalinen-havainnollistaminen\/\">6 Visuaalinen havainnollistaminen<\/a><\/p>\n<p><a href=\"https:\/\/help.jamk.fi\/raportointiohje\/fi\/7-kirjallisen-tehtavan-ulkoasu\/\">7 Kirjallisen teht\u00e4v\u00e4n ulkoasu<\/a><\/p>\n<p><a href=\"https:\/\/help.jamk.fi\/raportointiohje\/fi\/8-lisatukea-opinnaytetyon-kirjoittamiseen\/\">8 Lis\u00e4tukea opinn\u00e4ytety\u00f6n kirjoittamiseen<\/a><\/p>\n<p><a href=\"https:\/\/help.jamk.fi\/raportointiohje\/fi\/lahteet\/\">L\u00e4hteet<\/a><\/p>\n<p><a href=\"https:\/\/help.jamk.fi\/raportointiohje\/fi\/esimerkkeja-lahteiden-merkinnasta\/\">Esimerkkej\u00e4 l\u00e4hteiden merkinn\u00e4st\u00e4<\/a><\/p>\n<p><a href=\"https:\/\/help.jamk.fi\/raportointiohje\/fi\/ohjeita-englannin-kielella-kirjoittaville\/\">Ohjeita englannin kielell\u00e4 kirjoittaville<\/a><\/p>\n<p><a href=\"https:\/\/help.jamk.fi\/raportointiohje\/fi\/tietoa-ohjeesta\/\">Tietoa ohjeesta<\/a><\/p>\n<p><a href=\"https:\/\/help.jamk.fi\/raportointiohje\/mallipohjat\/\">Mallipohjat<\/a><\/p>\n<p><!-- \/wp:paragraph --> <!-- wp:paragraph --><\/p>\n<p>&nbsp;<\/p>\n<p><em>Tekij\u00e4t: Satu Liukko ja Suvi Perttula.<br \/>\n<\/em><\/p>\n<p><!-- \/wp:paragraph --> <!-- wp:paragraph --><\/p>\n<p><em>P\u00e4ivitetty elokuussa 2024: <i>sivu 5a eli APA7-ohjeet lis\u00e4tty.<br \/>\n5a-sivun tekij\u00e4t: Anna Jokelainen, Marjaana H\u00e4kkinen ja Jaana Alila.<\/i><\/em><\/p>\n<p>P\u00e4ivitetty 20.3.2026: sivu 8 Lis\u00e4tukea opinn\u00e4ytety\u00f6n kirjoittamiseen lis\u00e4tty. Sivun 8 tekij\u00e4t: Tiina Autio ja Marjaana H\u00e4kkinen. Sivulle 5a lis\u00e4tty lyhennel\u00e4hteen esimerkki.<\/p>\n<p><em>\u00a0<\/em><\/p>\n<p><!-- \/wp:paragraph --><\/p>\n              <\/div>\n                      <\/div>\n        <\/div>\n            <\/div>\n<\/div>\n\n\n<p><\/p>\n\n\n<div class=\"wp-block-image\">\n<figure class=\"aligncenter is-resized\"><img decoding=\"async\" src=\"https:\/\/help.jamk.fi\/raportointiohje\/wp-content\/uploads\/sites\/73\/2023\/07\/opiskelijoita-paaoven-edustalla7.jpg\" alt=\"\" class=\"wp-image-377\" style=\"width:600px\"\/><\/figure>\n<\/div>","protected":false},"excerpt":{"rendered":"","protected":false},"author":79,"featured_media":0,"parent":0,"menu_order":1,"comment_status":"open","ping_status":"open","template":"templates\/template-full-width.php","meta":{"_acf_changed":false,"_relevanssi_hide_post":"","_relevanssi_hide_content":"","_relevanssi_pin_for_all":"","_relevanssi_pin_keywords":"raportointiohje, oppari, opinn\u00e4ytety\u00f6","_relevanssi_unpin_keywords":"","_relevanssi_related_keywords":"","_relevanssi_related_include_ids":"","_relevanssi_related_exclude_ids":"","_relevanssi_related_no_append":"","_relevanssi_related_not_related":"","_relevanssi_related_posts":"","_relevanssi_noindex_reason":"","footnotes":""},"categories":[],"tags":[725],"class_list":["post-186","page","type-page","status-publish","hentry","tag-raportointi"],"acf":[],"yoast_head":"<!-- This site is optimized with the Yoast SEO plugin v27.3 - https:\/\/yoast.com\/product\/yoast-seo-wordpress\/ -->\n<title>1 Kirjallisten teht\u00e4vien raportointi Jyv\u00e4skyl\u00e4n ammattikorkeakoulussa - Opinn\u00e4ytety\u00f6n raportointiohje<\/title>\n<meta name=\"robots\" content=\"index, follow, max-snippet:-1, max-image-preview:large, max-video-preview:-1\" \/>\n<link rel=\"canonical\" href=\"https:\/\/help.jamk.fi\/raportointiohje\/fi\/\" \/>\n<meta property=\"og:locale\" content=\"fi_FI\" \/>\n<meta property=\"og:type\" content=\"article\" \/>\n<meta property=\"og:title\" content=\"1 Kirjallisten teht\u00e4vien raportointi Jyv\u00e4skyl\u00e4n ammattikorkeakoulussa - Opinn\u00e4ytety\u00f6n raportointiohje\" \/>\n<meta property=\"og:url\" content=\"https:\/\/help.jamk.fi\/raportointiohje\/fi\/\" \/>\n<meta property=\"og:site_name\" content=\"Opinn\u00e4ytety\u00f6n raportointiohje\" \/>\n<meta property=\"article:modified_time\" content=\"2026-03-20T06:55:57+00:00\" \/>\n<meta property=\"og:image\" content=\"https:\/\/help.jamk.fi\/raportointiohje\/wp-content\/uploads\/sites\/73\/2023\/07\/Kuvioesim.-2020.png\" \/>\n\t<meta property=\"og:image:width\" content=\"541\" \/>\n\t<meta property=\"og:image:height\" content=\"441\" \/>\n\t<meta property=\"og:image:type\" content=\"image\/png\" \/>\n<meta name=\"twitter:card\" content=\"summary_large_image\" \/>\n<meta name=\"twitter:label1\" content=\"Arvioitu lukuaika\" \/>\n\t<meta name=\"twitter:data1\" content=\"1 minuutti\" \/>\n<script type=\"application\/ld+json\" class=\"yoast-schema-graph\">{\"@context\":\"https:\\\/\\\/schema.org\",\"@graph\":[{\"@type\":\"WebPage\",\"@id\":\"https:\\\/\\\/help.jamk.fi\\\/raportointiohje\\\/fi\\\/\",\"url\":\"https:\\\/\\\/help.jamk.fi\\\/raportointiohje\\\/fi\\\/\",\"name\":\"1 Kirjallisten teht\u00e4vien raportointi Jyv\u00e4skyl\u00e4n ammattikorkeakoulussa - Opinn\u00e4ytety\u00f6n raportointiohje\",\"isPartOf\":{\"@id\":\"https:\\\/\\\/help.jamk.fi\\\/raportointiohje\\\/#website\"},\"primaryImageOfPage\":{\"@id\":\"https:\\\/\\\/help.jamk.fi\\\/raportointiohje\\\/fi\\\/#primaryimage\"},\"image\":{\"@id\":\"https:\\\/\\\/help.jamk.fi\\\/raportointiohje\\\/fi\\\/#primaryimage\"},\"thumbnailUrl\":\"https:\\\/\\\/help.jamk.fi\\\/raportointiohje\\\/wp-content\\\/uploads\\\/sites\\\/73\\\/2023\\\/07\\\/opiskelijoita-paaoven-edustalla7.jpg\",\"datePublished\":\"2012-08-15T04:48:29+00:00\",\"dateModified\":\"2026-03-20T06:55:57+00:00\",\"breadcrumb\":{\"@id\":\"https:\\\/\\\/help.jamk.fi\\\/raportointiohje\\\/fi\\\/#breadcrumb\"},\"inLanguage\":\"fi\",\"potentialAction\":[{\"@type\":\"ReadAction\",\"target\":[\"https:\\\/\\\/help.jamk.fi\\\/raportointiohje\\\/fi\\\/\"]}]},{\"@type\":\"ImageObject\",\"inLanguage\":\"fi\",\"@id\":\"https:\\\/\\\/help.jamk.fi\\\/raportointiohje\\\/fi\\\/#primaryimage\",\"url\":\"https:\\\/\\\/help.jamk.fi\\\/raportointiohje\\\/wp-content\\\/uploads\\\/sites\\\/73\\\/2023\\\/07\\\/opiskelijoita-paaoven-edustalla7.jpg\",\"contentUrl\":\"https:\\\/\\\/help.jamk.fi\\\/raportointiohje\\\/wp-content\\\/uploads\\\/sites\\\/73\\\/2023\\\/07\\\/opiskelijoita-paaoven-edustalla7.jpg\"},{\"@type\":\"BreadcrumbList\",\"@id\":\"https:\\\/\\\/help.jamk.fi\\\/raportointiohje\\\/fi\\\/#breadcrumb\",\"itemListElement\":[{\"@type\":\"ListItem\",\"position\":1,\"name\":\"Etusivu\",\"item\":\"https:\\\/\\\/help.jamk.fi\\\/raportointiohje\\\/fi\\\/\"},{\"@type\":\"ListItem\",\"position\":2,\"name\":\"1 Kirjallisten teht\u00e4vien raportointi Jyv\u00e4skyl\u00e4n ammattikorkeakoulussa\"}]},{\"@type\":\"WebSite\",\"@id\":\"https:\\\/\\\/help.jamk.fi\\\/raportointiohje\\\/#website\",\"url\":\"https:\\\/\\\/help.jamk.fi\\\/raportointiohje\\\/\",\"name\":\"Opinn\u00e4ytety\u00f6n raportointiohje\",\"description\":\"\",\"potentialAction\":[{\"@type\":\"SearchAction\",\"target\":{\"@type\":\"EntryPoint\",\"urlTemplate\":\"https:\\\/\\\/help.jamk.fi\\\/raportointiohje\\\/?s={search_term_string}\"},\"query-input\":{\"@type\":\"PropertyValueSpecification\",\"valueRequired\":true,\"valueName\":\"search_term_string\"}}],\"inLanguage\":\"fi\"}]}<\/script>\n<!-- \/ Yoast SEO plugin. -->","yoast_head_json":{"title":"1 Kirjallisten teht\u00e4vien raportointi Jyv\u00e4skyl\u00e4n ammattikorkeakoulussa - Opinn\u00e4ytety\u00f6n raportointiohje","robots":{"index":"index","follow":"follow","max-snippet":"max-snippet:-1","max-image-preview":"max-image-preview:large","max-video-preview":"max-video-preview:-1"},"canonical":"https:\/\/help.jamk.fi\/raportointiohje\/fi\/","og_locale":"fi_FI","og_type":"article","og_title":"1 Kirjallisten teht\u00e4vien raportointi Jyv\u00e4skyl\u00e4n ammattikorkeakoulussa - Opinn\u00e4ytety\u00f6n raportointiohje","og_url":"https:\/\/help.jamk.fi\/raportointiohje\/fi\/","og_site_name":"Opinn\u00e4ytety\u00f6n raportointiohje","article_modified_time":"2026-03-20T06:55:57+00:00","og_image":[{"width":541,"height":441,"url":"https:\/\/help.jamk.fi\/raportointiohje\/wp-content\/uploads\/sites\/73\/2023\/07\/Kuvioesim.-2020.png","type":"image\/png"}],"twitter_card":"summary_large_image","twitter_misc":{"Arvioitu lukuaika":"1 minuutti"},"schema":{"@context":"https:\/\/schema.org","@graph":[{"@type":"WebPage","@id":"https:\/\/help.jamk.fi\/raportointiohje\/fi\/","url":"https:\/\/help.jamk.fi\/raportointiohje\/fi\/","name":"1 Kirjallisten teht\u00e4vien raportointi Jyv\u00e4skyl\u00e4n ammattikorkeakoulussa - Opinn\u00e4ytety\u00f6n raportointiohje","isPartOf":{"@id":"https:\/\/help.jamk.fi\/raportointiohje\/#website"},"primaryImageOfPage":{"@id":"https:\/\/help.jamk.fi\/raportointiohje\/fi\/#primaryimage"},"image":{"@id":"https:\/\/help.jamk.fi\/raportointiohje\/fi\/#primaryimage"},"thumbnailUrl":"https:\/\/help.jamk.fi\/raportointiohje\/wp-content\/uploads\/sites\/73\/2023\/07\/opiskelijoita-paaoven-edustalla7.jpg","datePublished":"2012-08-15T04:48:29+00:00","dateModified":"2026-03-20T06:55:57+00:00","breadcrumb":{"@id":"https:\/\/help.jamk.fi\/raportointiohje\/fi\/#breadcrumb"},"inLanguage":"fi","potentialAction":[{"@type":"ReadAction","target":["https:\/\/help.jamk.fi\/raportointiohje\/fi\/"]}]},{"@type":"ImageObject","inLanguage":"fi","@id":"https:\/\/help.jamk.fi\/raportointiohje\/fi\/#primaryimage","url":"https:\/\/help.jamk.fi\/raportointiohje\/wp-content\/uploads\/sites\/73\/2023\/07\/opiskelijoita-paaoven-edustalla7.jpg","contentUrl":"https:\/\/help.jamk.fi\/raportointiohje\/wp-content\/uploads\/sites\/73\/2023\/07\/opiskelijoita-paaoven-edustalla7.jpg"},{"@type":"BreadcrumbList","@id":"https:\/\/help.jamk.fi\/raportointiohje\/fi\/#breadcrumb","itemListElement":[{"@type":"ListItem","position":1,"name":"Etusivu","item":"https:\/\/help.jamk.fi\/raportointiohje\/fi\/"},{"@type":"ListItem","position":2,"name":"1 Kirjallisten teht\u00e4vien raportointi Jyv\u00e4skyl\u00e4n ammattikorkeakoulussa"}]},{"@type":"WebSite","@id":"https:\/\/help.jamk.fi\/raportointiohje\/#website","url":"https:\/\/help.jamk.fi\/raportointiohje\/","name":"Opinn\u00e4ytety\u00f6n raportointiohje","description":"","potentialAction":[{"@type":"SearchAction","target":{"@type":"EntryPoint","urlTemplate":"https:\/\/help.jamk.fi\/raportointiohje\/?s={search_term_string}"},"query-input":{"@type":"PropertyValueSpecification","valueRequired":true,"valueName":"search_term_string"}}],"inLanguage":"fi"}]}},"_links":{"self":[{"href":"https:\/\/help.jamk.fi\/raportointiohje\/wp-json\/wp\/v2\/pages\/186","targetHints":{"allow":["GET"]}}],"collection":[{"href":"https:\/\/help.jamk.fi\/raportointiohje\/wp-json\/wp\/v2\/pages"}],"about":[{"href":"https:\/\/help.jamk.fi\/raportointiohje\/wp-json\/wp\/v2\/types\/page"}],"author":[{"embeddable":true,"href":"https:\/\/help.jamk.fi\/raportointiohje\/wp-json\/wp\/v2\/users\/79"}],"replies":[{"embeddable":true,"href":"https:\/\/help.jamk.fi\/raportointiohje\/wp-json\/wp\/v2\/comments?post=186"}],"version-history":[{"count":30,"href":"https:\/\/help.jamk.fi\/raportointiohje\/wp-json\/wp\/v2\/pages\/186\/revisions"}],"predecessor-version":[{"id":1448,"href":"https:\/\/help.jamk.fi\/raportointiohje\/wp-json\/wp\/v2\/pages\/186\/revisions\/1448"}],"wp:attachment":[{"href":"https:\/\/help.jamk.fi\/raportointiohje\/wp-json\/wp\/v2\/media?parent=186"}],"wp:term":[{"taxonomy":"category","embeddable":true,"href":"https:\/\/help.jamk.fi\/raportointiohje\/wp-json\/wp\/v2\/categories?post=186"},{"taxonomy":"post_tag","embeddable":true,"href":"https:\/\/help.jamk.fi\/raportointiohje\/wp-json\/wp\/v2\/tags?post=186"}],"curies":[{"name":"wp","href":"https:\/\/api.w.org\/{rel}","templated":true}]}}