{"id":198,"date":"2012-08-15T08:05:31","date_gmt":"2012-08-15T05:05:31","guid":{"rendered":"https:\/\/help.jamk.fi\/raportointiohje\/4-opinnaytetyon-rakenne\/4-1-opinnaytetyon-alkuosa\/"},"modified":"2024-01-12T11:34:30","modified_gmt":"2024-01-12T09:34:30","slug":"4-1-opinnaytetyon-alkuosa","status":"publish","type":"page","link":"https:\/\/help.jamk.fi\/raportointiohje\/fi\/4-opinnaytetyon-rakenne\/4-1-opinnaytetyon-alkuosa\/","title":{"rendered":"4.1 Opinn\u00e4ytety\u00f6n alkuosa"},"content":{"rendered":"\n<p>Raportin alkuosa palvelee lukijaa ja valmistelee tutustumaan tekstisis\u00e4lt\u00f6\u00f6n.<br>Alkuosaan kuuluvat<\/p>\n\n\n\n<ul class=\"wp-block-list\">\n<li><strong><a href=\"https:\/\/help.jamk.fi\/raportointiohje\/fi\/4-opinnaytetyon-rakenne\/4-1-opinnaytetyon-alkuosa\/4-1-1-kansilehti\/\">Kansilehti<\/a><\/strong><\/li>\n\n\n\n<li><strong><a href=\"https:\/\/help.jamk.fi\/raportointiohje\/fi\/4-opinnaytetyon-rakenne\/4-1-opinnaytetyon-alkuosa\/4-1-2-kuvailulehti\/\">Kuvailulehti<\/a><\/strong><\/li>\n\n\n\n<li><a href=\"https:\/\/help.jamk.fi\/raportointiohje\/fi\/4-opinnaytetyon-rakenne\/4-1-opinnaytetyon-alkuosa\/4-1-3-sisallysluettelo\/\"><strong>Sis\u00e4llysluettelo<\/strong>, <strong>Kuvioluettelo ja Taulukkoluettelo<\/strong><\/a><strong>.<\/strong><\/li>\n<\/ul>\n\n\n\n<p>Tarvittaessa my\u00f6s<br><strong><span style=\"color: #993366;\">* lyhenteiden luettelo<\/span><\/strong><br><strong><span style=\"color: #993366;\"> * sanasto.<\/span><\/strong><br>N\u00e4iden paikka on ty\u00f6ss\u00e4 sis\u00e4llysluettelon j\u00e4lkeen omana sivunaan ennen ensimm\u00e4ist\u00e4 tekstilukua.<\/p>\n\n\n\n<p>Kansilehden &nbsp;ja kuvailulehden s\u00e4hk\u00f6iset pohjat&nbsp;l\u00f6ytyv\u00e4t t\u00e4m\u00e4n ohjeen v\u00e4lilehdelt\u00e4 <span style=\"color: #333399;\"><a style=\"color: #333399;\" href=\"https:\/\/help.jamk.fi\/raportointiohje\/mallipohjat\/\">Mallipohjat<\/a><\/span>.<\/p>\n","protected":false},"excerpt":{"rendered":"<p>Raportin alkuosa palvelee lukijaa ja valmistelee tutustumaan tekstisis\u00e4lt\u00f6\u00f6n.Alkuosaan kuuluvat Tarvittaessa my\u00f6s* lyhenteiden luettelo * sanasto.N\u00e4iden paikka on ty\u00f6ss\u00e4 sis\u00e4llysluettelon j\u00e4lkeen omana sivunaan ennen ensimm\u00e4ist\u00e4 tekstilukua. Kansilehden &nbsp;ja kuvailulehden s\u00e4hk\u00f6iset pohjat&nbsp;l\u00f6ytyv\u00e4t t\u00e4m\u00e4n ohjeen v\u00e4lilehdelt\u00e4 Mallipohjat.<\/p>\n","protected":false},"author":79,"featured_media":0,"parent":32,"menu_order":1,"comment_status":"open","ping_status":"closed","template":"","meta":{"_acf_changed":false,"_relevanssi_hide_post":"","_relevanssi_hide_content":"","_relevanssi_pin_for_all":"","_relevanssi_pin_keywords":"","_relevanssi_unpin_keywords":"","_relevanssi_related_keywords":"","_relevanssi_related_include_ids":"","_relevanssi_related_exclude_ids":"","_relevanssi_related_no_append":"","_relevanssi_related_not_related":"","_relevanssi_related_posts":"","_relevanssi_noindex_reason":"","footnotes":""},"categories":[],"tags":[401,731],"class_list":["post-198","page","type-page","status-publish","hentry","tag-lyhenteet","tag-sanasto"],"acf":[],"yoast_head":"<!-- This site is optimized with the Yoast SEO plugin v27.3 - https:\/\/yoast.com\/product\/yoast-seo-wordpress\/ -->\n<title>4.1 Opinn\u00e4ytety\u00f6n alkuosa - Opinn\u00e4ytety\u00f6n raportointiohje<\/title>\n<meta name=\"robots\" content=\"index, follow, max-snippet:-1, max-image-preview:large, max-video-preview:-1\" \/>\n<link rel=\"canonical\" href=\"https:\/\/help.jamk.fi\/raportointiohje\/fi\/4-opinnaytetyon-rakenne\/4-1-opinnaytetyon-alkuosa\/\" \/>\n<meta property=\"og:locale\" content=\"fi_FI\" \/>\n<meta property=\"og:type\" content=\"article\" \/>\n<meta property=\"og:title\" content=\"4.1 Opinn\u00e4ytety\u00f6n alkuosa - Opinn\u00e4ytety\u00f6n raportointiohje\" \/>\n<meta property=\"og:description\" content=\"Raportin alkuosa palvelee lukijaa ja valmistelee tutustumaan tekstisis\u00e4lt\u00f6\u00f6n.Alkuosaan kuuluvat Tarvittaessa my\u00f6s* lyhenteiden luettelo * sanasto.N\u00e4iden paikka on ty\u00f6ss\u00e4 sis\u00e4llysluettelon j\u00e4lkeen omana sivunaan ennen ensimm\u00e4ist\u00e4 tekstilukua. Kansilehden &nbsp;ja kuvailulehden s\u00e4hk\u00f6iset pohjat&nbsp;l\u00f6ytyv\u00e4t t\u00e4m\u00e4n ohjeen v\u00e4lilehdelt\u00e4 Mallipohjat.\" \/>\n<meta property=\"og:url\" content=\"https:\/\/help.jamk.fi\/raportointiohje\/fi\/4-opinnaytetyon-rakenne\/4-1-opinnaytetyon-alkuosa\/\" \/>\n<meta property=\"og:site_name\" content=\"Opinn\u00e4ytety\u00f6n raportointiohje\" \/>\n<meta property=\"article:modified_time\" content=\"2024-01-12T09:34:30+00:00\" \/>\n<meta name=\"twitter:card\" content=\"summary_large_image\" \/>\n<meta name=\"twitter:label1\" content=\"Arvioitu lukuaika\" \/>\n\t<meta name=\"twitter:data1\" content=\"1 minuutti\" \/>\n<script type=\"application\/ld+json\" class=\"yoast-schema-graph\">{\"@context\":\"https:\\\/\\\/schema.org\",\"@graph\":[{\"@type\":\"WebPage\",\"@id\":\"https:\\\/\\\/help.jamk.fi\\\/raportointiohje\\\/fi\\\/4-opinnaytetyon-rakenne\\\/4-1-opinnaytetyon-alkuosa\\\/\",\"url\":\"https:\\\/\\\/help.jamk.fi\\\/raportointiohje\\\/fi\\\/4-opinnaytetyon-rakenne\\\/4-1-opinnaytetyon-alkuosa\\\/\",\"name\":\"4.1 Opinn\u00e4ytety\u00f6n alkuosa - Opinn\u00e4ytety\u00f6n raportointiohje\",\"isPartOf\":{\"@id\":\"https:\\\/\\\/help.jamk.fi\\\/raportointiohje\\\/#website\"},\"datePublished\":\"2012-08-15T05:05:31+00:00\",\"dateModified\":\"2024-01-12T09:34:30+00:00\",\"breadcrumb\":{\"@id\":\"https:\\\/\\\/help.jamk.fi\\\/raportointiohje\\\/fi\\\/4-opinnaytetyon-rakenne\\\/4-1-opinnaytetyon-alkuosa\\\/#breadcrumb\"},\"inLanguage\":\"fi\",\"potentialAction\":[{\"@type\":\"ReadAction\",\"target\":[\"https:\\\/\\\/help.jamk.fi\\\/raportointiohje\\\/fi\\\/4-opinnaytetyon-rakenne\\\/4-1-opinnaytetyon-alkuosa\\\/\"]}]},{\"@type\":\"BreadcrumbList\",\"@id\":\"https:\\\/\\\/help.jamk.fi\\\/raportointiohje\\\/fi\\\/4-opinnaytetyon-rakenne\\\/4-1-opinnaytetyon-alkuosa\\\/#breadcrumb\",\"itemListElement\":[{\"@type\":\"ListItem\",\"position\":1,\"name\":\"Etusivu\",\"item\":\"https:\\\/\\\/help.jamk.fi\\\/raportointiohje\\\/fi\\\/\"},{\"@type\":\"ListItem\",\"position\":2,\"name\":\"4 Opinn\u00e4ytety\u00f6n rakenne\",\"item\":\"https:\\\/\\\/help.jamk.fi\\\/raportointiohje\\\/fi\\\/4-opinnaytetyon-rakenne\\\/\"},{\"@type\":\"ListItem\",\"position\":3,\"name\":\"4.1 Opinn\u00e4ytety\u00f6n alkuosa\"}]},{\"@type\":\"WebSite\",\"@id\":\"https:\\\/\\\/help.jamk.fi\\\/raportointiohje\\\/#website\",\"url\":\"https:\\\/\\\/help.jamk.fi\\\/raportointiohje\\\/\",\"name\":\"Opinn\u00e4ytety\u00f6n raportointiohje\",\"description\":\"\",\"potentialAction\":[{\"@type\":\"SearchAction\",\"target\":{\"@type\":\"EntryPoint\",\"urlTemplate\":\"https:\\\/\\\/help.jamk.fi\\\/raportointiohje\\\/?s={search_term_string}\"},\"query-input\":{\"@type\":\"PropertyValueSpecification\",\"valueRequired\":true,\"valueName\":\"search_term_string\"}}],\"inLanguage\":\"fi\"}]}<\/script>\n<!-- \/ Yoast SEO plugin. -->","yoast_head_json":{"title":"4.1 Opinn\u00e4ytety\u00f6n alkuosa - Opinn\u00e4ytety\u00f6n raportointiohje","robots":{"index":"index","follow":"follow","max-snippet":"max-snippet:-1","max-image-preview":"max-image-preview:large","max-video-preview":"max-video-preview:-1"},"canonical":"https:\/\/help.jamk.fi\/raportointiohje\/fi\/4-opinnaytetyon-rakenne\/4-1-opinnaytetyon-alkuosa\/","og_locale":"fi_FI","og_type":"article","og_title":"4.1 Opinn\u00e4ytety\u00f6n alkuosa - Opinn\u00e4ytety\u00f6n raportointiohje","og_description":"Raportin alkuosa palvelee lukijaa ja valmistelee tutustumaan tekstisis\u00e4lt\u00f6\u00f6n.Alkuosaan kuuluvat Tarvittaessa my\u00f6s* lyhenteiden luettelo * sanasto.N\u00e4iden paikka on ty\u00f6ss\u00e4 sis\u00e4llysluettelon j\u00e4lkeen omana sivunaan ennen ensimm\u00e4ist\u00e4 tekstilukua. Kansilehden &nbsp;ja kuvailulehden s\u00e4hk\u00f6iset pohjat&nbsp;l\u00f6ytyv\u00e4t t\u00e4m\u00e4n ohjeen v\u00e4lilehdelt\u00e4 Mallipohjat.","og_url":"https:\/\/help.jamk.fi\/raportointiohje\/fi\/4-opinnaytetyon-rakenne\/4-1-opinnaytetyon-alkuosa\/","og_site_name":"Opinn\u00e4ytety\u00f6n raportointiohje","article_modified_time":"2024-01-12T09:34:30+00:00","twitter_card":"summary_large_image","twitter_misc":{"Arvioitu lukuaika":"1 minuutti"},"schema":{"@context":"https:\/\/schema.org","@graph":[{"@type":"WebPage","@id":"https:\/\/help.jamk.fi\/raportointiohje\/fi\/4-opinnaytetyon-rakenne\/4-1-opinnaytetyon-alkuosa\/","url":"https:\/\/help.jamk.fi\/raportointiohje\/fi\/4-opinnaytetyon-rakenne\/4-1-opinnaytetyon-alkuosa\/","name":"4.1 Opinn\u00e4ytety\u00f6n alkuosa - Opinn\u00e4ytety\u00f6n raportointiohje","isPartOf":{"@id":"https:\/\/help.jamk.fi\/raportointiohje\/#website"},"datePublished":"2012-08-15T05:05:31+00:00","dateModified":"2024-01-12T09:34:30+00:00","breadcrumb":{"@id":"https:\/\/help.jamk.fi\/raportointiohje\/fi\/4-opinnaytetyon-rakenne\/4-1-opinnaytetyon-alkuosa\/#breadcrumb"},"inLanguage":"fi","potentialAction":[{"@type":"ReadAction","target":["https:\/\/help.jamk.fi\/raportointiohje\/fi\/4-opinnaytetyon-rakenne\/4-1-opinnaytetyon-alkuosa\/"]}]},{"@type":"BreadcrumbList","@id":"https:\/\/help.jamk.fi\/raportointiohje\/fi\/4-opinnaytetyon-rakenne\/4-1-opinnaytetyon-alkuosa\/#breadcrumb","itemListElement":[{"@type":"ListItem","position":1,"name":"Etusivu","item":"https:\/\/help.jamk.fi\/raportointiohje\/fi\/"},{"@type":"ListItem","position":2,"name":"4 Opinn\u00e4ytety\u00f6n rakenne","item":"https:\/\/help.jamk.fi\/raportointiohje\/fi\/4-opinnaytetyon-rakenne\/"},{"@type":"ListItem","position":3,"name":"4.1 Opinn\u00e4ytety\u00f6n alkuosa"}]},{"@type":"WebSite","@id":"https:\/\/help.jamk.fi\/raportointiohje\/#website","url":"https:\/\/help.jamk.fi\/raportointiohje\/","name":"Opinn\u00e4ytety\u00f6n raportointiohje","description":"","potentialAction":[{"@type":"SearchAction","target":{"@type":"EntryPoint","urlTemplate":"https:\/\/help.jamk.fi\/raportointiohje\/?s={search_term_string}"},"query-input":{"@type":"PropertyValueSpecification","valueRequired":true,"valueName":"search_term_string"}}],"inLanguage":"fi"}]}},"_links":{"self":[{"href":"https:\/\/help.jamk.fi\/raportointiohje\/wp-json\/wp\/v2\/pages\/198","targetHints":{"allow":["GET"]}}],"collection":[{"href":"https:\/\/help.jamk.fi\/raportointiohje\/wp-json\/wp\/v2\/pages"}],"about":[{"href":"https:\/\/help.jamk.fi\/raportointiohje\/wp-json\/wp\/v2\/types\/page"}],"author":[{"embeddable":true,"href":"https:\/\/help.jamk.fi\/raportointiohje\/wp-json\/wp\/v2\/users\/79"}],"replies":[{"embeddable":true,"href":"https:\/\/help.jamk.fi\/raportointiohje\/wp-json\/wp\/v2\/comments?post=198"}],"version-history":[{"count":5,"href":"https:\/\/help.jamk.fi\/raportointiohje\/wp-json\/wp\/v2\/pages\/198\/revisions"}],"predecessor-version":[{"id":872,"href":"https:\/\/help.jamk.fi\/raportointiohje\/wp-json\/wp\/v2\/pages\/198\/revisions\/872"}],"up":[{"embeddable":true,"href":"https:\/\/help.jamk.fi\/raportointiohje\/wp-json\/wp\/v2\/pages\/32"}],"wp:attachment":[{"href":"https:\/\/help.jamk.fi\/raportointiohje\/wp-json\/wp\/v2\/media?parent=198"}],"wp:term":[{"taxonomy":"category","embeddable":true,"href":"https:\/\/help.jamk.fi\/raportointiohje\/wp-json\/wp\/v2\/categories?post=198"},{"taxonomy":"post_tag","embeddable":true,"href":"https:\/\/help.jamk.fi\/raportointiohje\/wp-json\/wp\/v2\/tags?post=198"}],"curies":[{"name":"wp","href":"https:\/\/api.w.org\/{rel}","templated":true}]}}