{"id":20,"date":"2012-08-15T06:15:42","date_gmt":"2012-08-15T03:15:42","guid":{"rendered":"https:\/\/help.jamk.fi\/raportointiohje\/3-kirjoittamisprosessi\/"},"modified":"2024-08-27T10:12:25","modified_gmt":"2024-08-27T07:12:25","slug":"3-kirjoittamisprosessi","status":"publish","type":"page","link":"https:\/\/help.jamk.fi\/raportointiohje\/fi\/3-kirjoittamisprosessi\/","title":{"rendered":"3 Kirjoittamisprosessi"},"content":{"rendered":"<div class=\"wp-block-image\">\n<figure class=\"alignright is-resized\"><img decoding=\"async\" src=\"https:\/\/help.jamk.fi\/raportointiohje\/wp-content\/uploads\/sites\/73\/2023\/07\/kirjoittaja1.jpg\" alt=\"\" class=\"wp-image-361\" style=\"width:300px\" title=\"&quot;&quot;\"\/><\/figure>\n<\/div>\n\n\n<p>Opinn\u00e4ytety\u00f6n kirjallinen raportti on <strong>ty\u00f6n\u00e4yte<\/strong>, joka <strong>antaa informaatiota<\/strong> tehdyst\u00e4 ty\u00f6st\u00e4 ja <strong>osoittaa laatijan ammattitaitoa<\/strong> tuottaa kirjallista esityst\u00e4 ja v\u00e4litt\u00e4\u00e4 tietoa kirjallisesti. Opinn\u00e4ytety\u00f6ss\u00e4 n\u00e4kyy my\u00f6s oman <strong>alan kielenk\u00e4yt\u00f6n hallinta<\/strong>.<\/p>\n\n\n\n<h2 class=\"wp-block-heading\">Kirjoittaminen on ajattelemista<\/h2>\n\n\n\n<p>Raportin kirjoittaminen on my\u00f6s <strong>ajattelun opettelemista<\/strong>. Kirjoitettaessa pyrit\u00e4\u00e4n toisaalta luomaan j\u00e4rjestyst\u00e4 teht\u00e4v\u00e4\u00e4 ymp\u00e4r\u00f6iv\u00e4\u00e4n tieto- ja ajatuskehitelm\u00e4\u00e4n, toisaalta v\u00e4litt\u00e4m\u00e4\u00e4n ajatusprosessin tulokset vastaanottajille. Tietoa muokattaessa kehittyy sek\u00e4 kirjoittamisen taito ett\u00e4 sis\u00e4lt\u00f6jen oppiminen. Kirjoittamisen avuksi tekstin tekemist\u00e4&nbsp;k\u00e4sitell\u00e4\u00e4n tarkemmin <span style=\"color: #0000ff;\"><a style=\"color: #0000ff;\" href=\"https:\/\/oppimateriaalit.jamk.fi\/kirjoittajanapu\/\"><span style=\"color: #333399;\">Kirjoittajan ap<\/span>u<\/a> <\/span>-sivustolla.<\/p>\n\n\n\n<h2 class=\"wp-block-heading\">Tekstill\u00e4 on tavoite<\/h2>\n\n\n\n<p>On hyv\u00e4 aluksi asettaa kirjoittamiselleen <strong>tavoite <\/strong>sek\u00e4 <strong>analysoida<\/strong> teht\u00e4v\u00e4 ja sen vaatimustaso. Raportoinnin periaatteiden opetteleminen vie aikaa, ja raporttia on ty\u00f6stett\u00e4v\u00e4 monta kertaa, sill\u00e4 sen rakenne saattaa muuttua, kun ajan kuluessa oma ajattelu selkiintyy. Kannattaa totuttautua tekem\u00e4\u00e4n <strong>j\u00e4rjestelm\u00e4llisi\u00e4 muistiinpanoja<\/strong>, esimerkiksi kirjallisuutta lukiessaan tai keskustellessaan muiden kanssa. Lukemistaan tutkimuksista voi tehd\u00e4 tiivistelmi\u00e4, ja l\u00e4hteist\u00e4 on syyt\u00e4 kirjoittaa muistiin perustiedot (tekij\u00e4, vuosi, kirjan nimi jne., ks. luku\u00a0<span style=\"color: #333399;\">5 L\u00e4hteiden k\u00e4ytt\u00f6<\/span>).<\/p>\n\n\n\n<h2 class=\"wp-block-heading\">Sis\u00e4lt\u00f6runko kertoo kokonaisuudesta<\/h2>\n\n\n\n<p>Alustavaa sis\u00e4llysluetteloa laadittaessa huomaa, onko itse selvill\u00e4 aiheestaan. Kun tutkimusteht\u00e4v\u00e4 on selvinnyt, pystyy kirjoittamaan alustavan sis\u00e4lt\u00f6rungon. Sis\u00e4llysluettelon pohdiskelu on ty\u00f6n kokonaisj\u00e4sennyksen miettimist\u00e4. Jos kirjoittaminen tuntuu vaikealta, kannattaa keskitty\u00e4 ensisijaisesti tekstin tuottamiseen \u2013 muotoseikat ehtii tarkistaa ja korjailla kirjoittamisen j\u00e4lkeen.<\/p>\n\n\n\n<h2 class=\"wp-block-heading\">Mit\u00e4 lukijan pit\u00e4isi saada tiet\u00e4\u00e4?<\/h2>\n\n\n\n<p>Tekstille on aina ajateltavissa my\u00f6s lukijakunta. Opinn\u00e4ytety\u00f6 kirjoitetaan vertaislukijoita ajatellen siten, ett\u00e4 lukijat ymm\u00e4rt\u00e4v\u00e4t, mit\u00e4 ja miksi on tehty. Raportti koskee sit\u00e4, <strong>mit\u00e4 tutkittiin, miksi tutkittiin, miten tutkittiin, millaisia tuloksia<\/strong><strong> saatiin ja mit\u00e4 niist\u00e4 on p\u00e4\u00e4telt\u00e4viss\u00e4<\/strong>. Kaikkien mutkien, taustaongelmien ja omakohtaisten kokemusten kirjaaminen ei kuitenkaan kuulu raporttiin. Raportin laajuus m\u00e4\u00e4r\u00e4ytyy ty\u00f6n luonteen ja tavoitteiden mukaan.<\/p>\n\n\n\n<h2 class=\"wp-block-heading\">Asiantuntijuus n\u00e4kyy my\u00f6s kielenk\u00e4yt\u00f6ss\u00e4<\/h2>\n\n\n\n<p>Opinn\u00e4ytety\u00f6st\u00e4 n\u00e4kyy asian hallinnan lis\u00e4ksi opiskelijan <strong>kielenk\u00e4yt\u00f6n taito<\/strong>. T\u00e4rke\u00e4\u00e4 on, ett\u00e4 asia v\u00e4littyy lukijalle selke\u00e4n\u00e4 ja ymm\u00e4rrett\u00e4v\u00e4n\u00e4. Kirjoittajan on syyt\u00e4 kiinnitt\u00e4\u00e4 huomiota kirjoittamisen perusasioihin: kappalejakoon ja jaksotukseen, virkkeen- ja lauseenmuodostukseen, sananvalintaan sek\u00e4 oikeinkirjoitus- ja muotoseikkoihin.<\/p>\n\n\n\n<p>Kirjallisissa teht\u00e4viss\u00e4 k\u00e4ytet\u00e4\u00e4n hyv\u00e4\u00e4 <strong>asiatyyli\u00e4<\/strong>, jonka tuntomerkkej\u00e4 ovat johdonmukaisuus, selvyys, havainnollisuus ja tiiviys (Hirsj\u00e4rvi, Remes &amp; Sajavaara 2010, 291). On syyt\u00e4 v\u00e4ltt\u00e4\u00e4 kuluneita kielikuvia ja muoti-ilmauksia. Asiatyyli on hyv\u00e4\u00e4 silloin, kun huomio kiinnittyy mahdollisimman v\u00e4h\u00e4n itse kieleen ja kun tieto v\u00e4littyy mahdollisimman yksiselitteisesti ja tarkasti. Opinn\u00e4ytety\u00f6ss\u00e4 toiminta pyrit\u00e4\u00e4n selostamaan passiivissa, niin ett\u00e4&nbsp;esille tulee neutraalisti&nbsp;itse asia eik\u00e4 tekij\u00e4 (min\u00e4\/me), esim. <em>Kysymykset asetettiin siten, ett\u00e4&#8230;.<\/em><\/p>\n","protected":false},"excerpt":{"rendered":"<p>Opinn\u00e4ytety\u00f6n kirjallinen raportti on ty\u00f6n\u00e4yte, joka antaa informaatiota tehdyst\u00e4 ty\u00f6st\u00e4 ja osoittaa laatijan ammattitaitoa tuottaa kirjallista esityst\u00e4 ja v\u00e4litt\u00e4\u00e4 tietoa kirjallisesti. Opinn\u00e4ytety\u00f6ss\u00e4 n\u00e4kyy my\u00f6s oman alan kielenk\u00e4yt\u00f6n hallinta. Kirjoittaminen on ajattelemista Raportin kirjoittaminen on my\u00f6s ajattelun opettelemista. Kirjoitettaessa pyrit\u00e4\u00e4n toisaalta luomaan j\u00e4rjestyst\u00e4 teht\u00e4v\u00e4\u00e4 ymp\u00e4r\u00f6iv\u00e4\u00e4n tieto- ja ajatuskehitelm\u00e4\u00e4n, toisaalta v\u00e4litt\u00e4m\u00e4\u00e4n ajatusprosessin tulokset vastaanottajille. Tietoa muokattaessa kehittyy [&hellip;]<\/p>\n","protected":false},"author":79,"featured_media":0,"parent":0,"menu_order":3,"comment_status":"open","ping_status":"closed","template":"","meta":{"_acf_changed":false,"_relevanssi_hide_post":"","_relevanssi_hide_content":"","_relevanssi_pin_for_all":"","_relevanssi_pin_keywords":"","_relevanssi_unpin_keywords":"","_relevanssi_related_keywords":"","_relevanssi_related_include_ids":"","_relevanssi_related_exclude_ids":"","_relevanssi_related_no_append":"","_relevanssi_related_not_related":"","_relevanssi_related_posts":"","_relevanssi_noindex_reason":"","footnotes":""},"categories":[],"tags":[65,71,77,83,89,95,101,107,113,119,125,131,137,143],"class_list":["post-20","page","type-page","status-publish","hentry","tag-analyysi","tag-asiantuntijuus","tag-asiatyyli","tag-kielenkaytto","tag-kirjoittaminen","tag-kirjoittamisprosessi","tag-lukija","tag-muistiinpanot","tag-oikeinkirjoitus","tag-raportti","tag-sisallysluettelo","tag-sisaltorunko","tag-tavoite","tag-tutkimus"],"acf":[],"yoast_head":"<!-- This site is optimized with the Yoast SEO plugin v27.3 - https:\/\/yoast.com\/product\/yoast-seo-wordpress\/ -->\n<title>3 Kirjoittamisprosessi - Opinn\u00e4ytety\u00f6n raportointiohje<\/title>\n<meta name=\"robots\" content=\"index, follow, max-snippet:-1, max-image-preview:large, max-video-preview:-1\" \/>\n<link rel=\"canonical\" href=\"https:\/\/help.jamk.fi\/raportointiohje\/fi\/3-kirjoittamisprosessi\/\" \/>\n<meta property=\"og:locale\" content=\"fi_FI\" \/>\n<meta property=\"og:type\" content=\"article\" \/>\n<meta property=\"og:title\" content=\"3 Kirjoittamisprosessi - Opinn\u00e4ytety\u00f6n raportointiohje\" \/>\n<meta property=\"og:description\" content=\"Opinn\u00e4ytety\u00f6n kirjallinen raportti on ty\u00f6n\u00e4yte, joka antaa informaatiota tehdyst\u00e4 ty\u00f6st\u00e4 ja osoittaa laatijan ammattitaitoa tuottaa kirjallista esityst\u00e4 ja v\u00e4litt\u00e4\u00e4 tietoa kirjallisesti. Opinn\u00e4ytety\u00f6ss\u00e4 n\u00e4kyy my\u00f6s oman alan kielenk\u00e4yt\u00f6n hallinta. Kirjoittaminen on ajattelemista Raportin kirjoittaminen on my\u00f6s ajattelun opettelemista. Kirjoitettaessa pyrit\u00e4\u00e4n toisaalta luomaan j\u00e4rjestyst\u00e4 teht\u00e4v\u00e4\u00e4 ymp\u00e4r\u00f6iv\u00e4\u00e4n tieto- ja ajatuskehitelm\u00e4\u00e4n, toisaalta v\u00e4litt\u00e4m\u00e4\u00e4n ajatusprosessin tulokset vastaanottajille. Tietoa muokattaessa kehittyy [&hellip;]\" \/>\n<meta property=\"og:url\" content=\"https:\/\/help.jamk.fi\/raportointiohje\/fi\/3-kirjoittamisprosessi\/\" \/>\n<meta property=\"og:site_name\" content=\"Opinn\u00e4ytety\u00f6n raportointiohje\" \/>\n<meta property=\"article:modified_time\" content=\"2024-08-27T07:12:25+00:00\" \/>\n<meta property=\"og:image\" content=\"https:\/\/help.jamk.fi\/raportointiohje\/wp-content\/uploads\/sites\/73\/2023\/07\/kirjoittaja1.jpg\" \/>\n<meta name=\"twitter:card\" content=\"summary_large_image\" \/>\n<meta name=\"twitter:label1\" content=\"Arvioitu lukuaika\" \/>\n\t<meta name=\"twitter:data1\" content=\"3 minuuttia\" \/>\n<script type=\"application\/ld+json\" class=\"yoast-schema-graph\">{\"@context\":\"https:\\\/\\\/schema.org\",\"@graph\":[{\"@type\":\"WebPage\",\"@id\":\"https:\\\/\\\/help.jamk.fi\\\/raportointiohje\\\/fi\\\/3-kirjoittamisprosessi\\\/\",\"url\":\"https:\\\/\\\/help.jamk.fi\\\/raportointiohje\\\/fi\\\/3-kirjoittamisprosessi\\\/\",\"name\":\"3 Kirjoittamisprosessi - Opinn\u00e4ytety\u00f6n raportointiohje\",\"isPartOf\":{\"@id\":\"https:\\\/\\\/help.jamk.fi\\\/raportointiohje\\\/#website\"},\"primaryImageOfPage\":{\"@id\":\"https:\\\/\\\/help.jamk.fi\\\/raportointiohje\\\/fi\\\/3-kirjoittamisprosessi\\\/#primaryimage\"},\"image\":{\"@id\":\"https:\\\/\\\/help.jamk.fi\\\/raportointiohje\\\/fi\\\/3-kirjoittamisprosessi\\\/#primaryimage\"},\"thumbnailUrl\":\"https:\\\/\\\/help.jamk.fi\\\/raportointiohje\\\/wp-content\\\/uploads\\\/sites\\\/73\\\/2023\\\/07\\\/kirjoittaja1.jpg\",\"datePublished\":\"2012-08-15T03:15:42+00:00\",\"dateModified\":\"2024-08-27T07:12:25+00:00\",\"breadcrumb\":{\"@id\":\"https:\\\/\\\/help.jamk.fi\\\/raportointiohje\\\/fi\\\/3-kirjoittamisprosessi\\\/#breadcrumb\"},\"inLanguage\":\"fi\",\"potentialAction\":[{\"@type\":\"ReadAction\",\"target\":[\"https:\\\/\\\/help.jamk.fi\\\/raportointiohje\\\/fi\\\/3-kirjoittamisprosessi\\\/\"]}]},{\"@type\":\"ImageObject\",\"inLanguage\":\"fi\",\"@id\":\"https:\\\/\\\/help.jamk.fi\\\/raportointiohje\\\/fi\\\/3-kirjoittamisprosessi\\\/#primaryimage\",\"url\":\"https:\\\/\\\/help.jamk.fi\\\/raportointiohje\\\/wp-content\\\/uploads\\\/sites\\\/73\\\/2023\\\/07\\\/kirjoittaja1.jpg\",\"contentUrl\":\"https:\\\/\\\/help.jamk.fi\\\/raportointiohje\\\/wp-content\\\/uploads\\\/sites\\\/73\\\/2023\\\/07\\\/kirjoittaja1.jpg\"},{\"@type\":\"BreadcrumbList\",\"@id\":\"https:\\\/\\\/help.jamk.fi\\\/raportointiohje\\\/fi\\\/3-kirjoittamisprosessi\\\/#breadcrumb\",\"itemListElement\":[{\"@type\":\"ListItem\",\"position\":1,\"name\":\"Etusivu\",\"item\":\"https:\\\/\\\/help.jamk.fi\\\/raportointiohje\\\/fi\\\/\"},{\"@type\":\"ListItem\",\"position\":2,\"name\":\"3 Kirjoittamisprosessi\"}]},{\"@type\":\"WebSite\",\"@id\":\"https:\\\/\\\/help.jamk.fi\\\/raportointiohje\\\/#website\",\"url\":\"https:\\\/\\\/help.jamk.fi\\\/raportointiohje\\\/\",\"name\":\"Opinn\u00e4ytety\u00f6n raportointiohje\",\"description\":\"\",\"potentialAction\":[{\"@type\":\"SearchAction\",\"target\":{\"@type\":\"EntryPoint\",\"urlTemplate\":\"https:\\\/\\\/help.jamk.fi\\\/raportointiohje\\\/?s={search_term_string}\"},\"query-input\":{\"@type\":\"PropertyValueSpecification\",\"valueRequired\":true,\"valueName\":\"search_term_string\"}}],\"inLanguage\":\"fi\"}]}<\/script>\n<!-- \/ Yoast SEO plugin. -->","yoast_head_json":{"title":"3 Kirjoittamisprosessi - Opinn\u00e4ytety\u00f6n raportointiohje","robots":{"index":"index","follow":"follow","max-snippet":"max-snippet:-1","max-image-preview":"max-image-preview:large","max-video-preview":"max-video-preview:-1"},"canonical":"https:\/\/help.jamk.fi\/raportointiohje\/fi\/3-kirjoittamisprosessi\/","og_locale":"fi_FI","og_type":"article","og_title":"3 Kirjoittamisprosessi - Opinn\u00e4ytety\u00f6n raportointiohje","og_description":"Opinn\u00e4ytety\u00f6n kirjallinen raportti on ty\u00f6n\u00e4yte, joka antaa informaatiota tehdyst\u00e4 ty\u00f6st\u00e4 ja osoittaa laatijan ammattitaitoa tuottaa kirjallista esityst\u00e4 ja v\u00e4litt\u00e4\u00e4 tietoa kirjallisesti. Opinn\u00e4ytety\u00f6ss\u00e4 n\u00e4kyy my\u00f6s oman alan kielenk\u00e4yt\u00f6n hallinta. Kirjoittaminen on ajattelemista Raportin kirjoittaminen on my\u00f6s ajattelun opettelemista. Kirjoitettaessa pyrit\u00e4\u00e4n toisaalta luomaan j\u00e4rjestyst\u00e4 teht\u00e4v\u00e4\u00e4 ymp\u00e4r\u00f6iv\u00e4\u00e4n tieto- ja ajatuskehitelm\u00e4\u00e4n, toisaalta v\u00e4litt\u00e4m\u00e4\u00e4n ajatusprosessin tulokset vastaanottajille. Tietoa muokattaessa kehittyy [&hellip;]","og_url":"https:\/\/help.jamk.fi\/raportointiohje\/fi\/3-kirjoittamisprosessi\/","og_site_name":"Opinn\u00e4ytety\u00f6n raportointiohje","article_modified_time":"2024-08-27T07:12:25+00:00","og_image":[{"url":"https:\/\/help.jamk.fi\/raportointiohje\/wp-content\/uploads\/sites\/73\/2023\/07\/kirjoittaja1.jpg","type":"","width":"","height":""}],"twitter_card":"summary_large_image","twitter_misc":{"Arvioitu lukuaika":"3 minuuttia"},"schema":{"@context":"https:\/\/schema.org","@graph":[{"@type":"WebPage","@id":"https:\/\/help.jamk.fi\/raportointiohje\/fi\/3-kirjoittamisprosessi\/","url":"https:\/\/help.jamk.fi\/raportointiohje\/fi\/3-kirjoittamisprosessi\/","name":"3 Kirjoittamisprosessi - Opinn\u00e4ytety\u00f6n raportointiohje","isPartOf":{"@id":"https:\/\/help.jamk.fi\/raportointiohje\/#website"},"primaryImageOfPage":{"@id":"https:\/\/help.jamk.fi\/raportointiohje\/fi\/3-kirjoittamisprosessi\/#primaryimage"},"image":{"@id":"https:\/\/help.jamk.fi\/raportointiohje\/fi\/3-kirjoittamisprosessi\/#primaryimage"},"thumbnailUrl":"https:\/\/help.jamk.fi\/raportointiohje\/wp-content\/uploads\/sites\/73\/2023\/07\/kirjoittaja1.jpg","datePublished":"2012-08-15T03:15:42+00:00","dateModified":"2024-08-27T07:12:25+00:00","breadcrumb":{"@id":"https:\/\/help.jamk.fi\/raportointiohje\/fi\/3-kirjoittamisprosessi\/#breadcrumb"},"inLanguage":"fi","potentialAction":[{"@type":"ReadAction","target":["https:\/\/help.jamk.fi\/raportointiohje\/fi\/3-kirjoittamisprosessi\/"]}]},{"@type":"ImageObject","inLanguage":"fi","@id":"https:\/\/help.jamk.fi\/raportointiohje\/fi\/3-kirjoittamisprosessi\/#primaryimage","url":"https:\/\/help.jamk.fi\/raportointiohje\/wp-content\/uploads\/sites\/73\/2023\/07\/kirjoittaja1.jpg","contentUrl":"https:\/\/help.jamk.fi\/raportointiohje\/wp-content\/uploads\/sites\/73\/2023\/07\/kirjoittaja1.jpg"},{"@type":"BreadcrumbList","@id":"https:\/\/help.jamk.fi\/raportointiohje\/fi\/3-kirjoittamisprosessi\/#breadcrumb","itemListElement":[{"@type":"ListItem","position":1,"name":"Etusivu","item":"https:\/\/help.jamk.fi\/raportointiohje\/fi\/"},{"@type":"ListItem","position":2,"name":"3 Kirjoittamisprosessi"}]},{"@type":"WebSite","@id":"https:\/\/help.jamk.fi\/raportointiohje\/#website","url":"https:\/\/help.jamk.fi\/raportointiohje\/","name":"Opinn\u00e4ytety\u00f6n raportointiohje","description":"","potentialAction":[{"@type":"SearchAction","target":{"@type":"EntryPoint","urlTemplate":"https:\/\/help.jamk.fi\/raportointiohje\/?s={search_term_string}"},"query-input":{"@type":"PropertyValueSpecification","valueRequired":true,"valueName":"search_term_string"}}],"inLanguage":"fi"}]}},"_links":{"self":[{"href":"https:\/\/help.jamk.fi\/raportointiohje\/wp-json\/wp\/v2\/pages\/20","targetHints":{"allow":["GET"]}}],"collection":[{"href":"https:\/\/help.jamk.fi\/raportointiohje\/wp-json\/wp\/v2\/pages"}],"about":[{"href":"https:\/\/help.jamk.fi\/raportointiohje\/wp-json\/wp\/v2\/types\/page"}],"author":[{"embeddable":true,"href":"https:\/\/help.jamk.fi\/raportointiohje\/wp-json\/wp\/v2\/users\/79"}],"replies":[{"embeddable":true,"href":"https:\/\/help.jamk.fi\/raportointiohje\/wp-json\/wp\/v2\/comments?post=20"}],"version-history":[{"count":8,"href":"https:\/\/help.jamk.fi\/raportointiohje\/wp-json\/wp\/v2\/pages\/20\/revisions"}],"predecessor-version":[{"id":1192,"href":"https:\/\/help.jamk.fi\/raportointiohje\/wp-json\/wp\/v2\/pages\/20\/revisions\/1192"}],"wp:attachment":[{"href":"https:\/\/help.jamk.fi\/raportointiohje\/wp-json\/wp\/v2\/media?parent=20"}],"wp:term":[{"taxonomy":"category","embeddable":true,"href":"https:\/\/help.jamk.fi\/raportointiohje\/wp-json\/wp\/v2\/categories?post=20"},{"taxonomy":"post_tag","embeddable":true,"href":"https:\/\/help.jamk.fi\/raportointiohje\/wp-json\/wp\/v2\/tags?post=20"}],"curies":[{"name":"wp","href":"https:\/\/api.w.org\/{rel}","templated":true}]}}