{"id":201,"date":"2012-08-15T08:12:29","date_gmt":"2012-08-15T05:12:29","guid":{"rendered":"https:\/\/help.jamk.fi\/raportointiohje\/5-lahteiden-kaytto\/5-2-tekstiviitteiden-merkinta\/"},"modified":"2025-11-07T09:31:09","modified_gmt":"2025-11-07T07:31:09","slug":"5-2-b-tekstiviitteiden-merkinta","status":"publish","type":"page","link":"https:\/\/help.jamk.fi\/raportointiohje\/fi\/5b-lahteiden-kaytto-2\/5-2-b-tekstiviitteiden-merkinta\/","title":{"rendered":"5.2b Tekstiviitteiden merkint\u00e4"},"content":{"rendered":"\n<p>L\u00e4hdeluettelo- ja tekstiviitemerkint\u00f6jen on vastattava toisiaan, jotta l\u00e4hteen tarkemmat tiedot l\u00f6ytyv\u00e4t helposti l\u00e4hdeluettelosta tekstiviitteen avulla. Tekstiviitteeseen tulevat samat tiedot kuin l\u00e4hdeluettelon alussa on eli (kirjoittajan tai julkaisun)<strong> nimi ja vuosi<\/strong>. Merkint\u00e4\u00e4n lis\u00e4t\u00e4\u00e4n se sivu, jolla tieto on, jos l\u00e4hteess\u00e4 on sivunumerot ja tieto on kohdennettavissa tietylle sivulle tai tietyille sivuille.<strong><br><\/strong><\/p>\n\n\n\n<p>Tekstiviitteen perusperiaate on siis<br><strong>henkil\u00f6tekij\u00e4n sukunimi + julkaisuvuosi + sivu(t).<\/strong><\/p>\n\n\n\n<p>T\u00e4t\u00e4 perusperiaatetta noudatetaan yksinkertaisuuden vuoksi kaikentyyppisten l\u00e4hteiden k\u00e4yt\u00f6ss\u00e4, vaikka standardin suositus olisi toisenlainen.<\/p>\n\n\n\n<p>Seuraavassa on tarkennuksia t\u00e4h\u00e4n periaatteeseen. Esimerkit on kursivoitu ja sisennetty havainnollisuuden vuoksi.<\/p>\n\n\n\n<h2 class=\"wp-block-heading\">Yht\u00e4 virkett\u00e4 koskeva viittaus<\/h2>\n\n\n\n<p><strong>Asiakeskeisess\u00e4 viittaustavassa<\/strong> viite merkit\u00e4\u00e4n virkkeen sis\u00e4\u00e4n sulkeisiin ennen loppupistett\u00e4.<\/p>\n\n\n\n<p><em>Yritt\u00e4j\u00e4 kantaa vastuun yrityksen taloudesta, kasvusta, osaamisesta ja henkil\u00f6st\u00f6st\u00e4 (Koskinen 2019, 158).<\/em><\/p>\n\n\n\n<p><strong>Kirjoittajakeskeisess\u00e4 viittaustavassa<\/strong> vuosiluku merkit\u00e4\u00e4n sulkuihin virkkeess\u00e4 olevan tekij\u00e4nnimen j\u00e4lkeen.<\/p>\n\n\n\n<p><em>Koskisen (2019, 158) mukaan yritt\u00e4j\u00e4 kantaa vastuun yrityksen taloudesta, kasvusta, osaamisesta ja henkil\u00f6st\u00f6st\u00e4.<\/em><\/p>\n\n\n\n<h2 class=\"wp-block-heading\">Useampaa kuin yht\u00e4 virkett\u00e4 koskeva viittaus<\/h2>\n\n\n\n<p>Asiakeskeinen viite merkit\u00e4\u00e4n viimeisen virkkeen per\u00e4\u00e4n sulkeisiin. Viite p\u00e4\u00e4ttyy pisteeseen, joka on sulkumerkin sis\u00e4puolella.<\/p>\n\n\n\n<p><em>Yritt\u00e4j\u00e4 kantaa vastuun yrityksen taloudesta, kasvusta, osaamisesta ja henkil\u00f6st\u00f6st\u00e4. Omistajayritt\u00e4jien lis\u00e4ksi my\u00f6s osakasyritt\u00e4j\u00e4t haluavat tehd\u00e4 p\u00e4\u00e4t\u00f6ksi\u00e4 itse ja vastata my\u00f6s niiden seurauksista. (Koskinen 2019, 158.)<\/em><\/p>\n\n\n\n<p>Kirjoittajakeskeisess\u00e4 viittauksessa mainitaan kirjoittajan nimi ja julkaisuvuosi referoinnin alussa ja lopussa on l\u00e4hdemerkint\u00e4 suluissa asiakeskeisen viittaustavan malliin.<\/p>\n\n\n\n<p><em>Lapsen kuntouttavan arjen merkityst\u00e4 korostaa puolestaan Sipari (2008). H\u00e4nen mukaansa lapsen hyv\u00e4\u00e4n el\u00e4m\u00e4\u00e4n kuuluvat omatoimisuustaidot, itsen\u00e4isyys, mielek\u00e4s tekeminen ja osallistuminen. Ensisijaista on kuntoutuksen kytkeminen kodin, p\u00e4iv\u00e4kodin ja koulun toimintaan. Harrastukset, koulu ja terapia tukevat t\u00e4ll\u00f6in toisiaan. (Sipari 2008, 68\u201370.)<\/em><\/p>\n\n\n\n<h2 class=\"wp-block-heading\">Viittaus l\u00e4hteeseen, jolla ei ole henkil\u00f6tekij\u00e4\u00e4<\/h2>\n\n\n\n<p>Jos l\u00e4hteen\u00e4 k\u00e4ytetyll\u00e4 teoksella ei ole henkil\u00f6tekij\u00e4\u00e4, viitataan <strong>julkaisun nimeen<\/strong>.<\/p>\n\n\n\n<p><em>Jos tila haisee kellarimaiselta, hajun syy ja l\u00e4hde on aina paikannettava (Kosteusvauriot ty\u00f6paikoilla 2009, 49).<\/em><\/p>\n\n\n\n<h2 class=\"wp-block-heading\">Viittaus s\u00e4hk\u00f6iseen l\u00e4hteeseen<\/h2>\n\n\n\n<p><strong>S\u00e4hk\u00f6isiin l\u00e4hteisiin viitataan samoin kuin muihinkin l\u00e4hteisiin<\/strong>, mutta jollei l\u00e4hteess\u00e4 ole sivunumeroita, niit\u00e4 ei ilmoiteta. Jos henkil\u00f6tekij\u00e4 tiedet\u00e4\u00e4n, viittaus muodostetaan tekij\u00e4n sukunimen ja vuosiluvun perusteella; muussa tapauksessa viitataan l\u00e4hteen nimeen tai sivun otsikkoon sek\u00e4 vuosilukuun. Radio- ja tv-ohjelmissa viitataan ohjelman nimeen ja vuosilukuun. (Ks. kohta <span style=\"color: #333399;\">S\u00e4hk\u00f6iset l\u00e4hteet <\/span>luvussa 5.3b.)<\/p>\n\n\n\n<p><em>Kunnista 13 % ostaa tarvitsemansa tietotekniikkapalvelut yrityksilt\u00e4 (Silen 2009, 23).<\/em><\/p>\n\n\n\n<p><em>Keksinn\u00f6lle haetaan ensin patentti tai muu suoja. Vasta sen j\u00e4lkeen se esitell\u00e4\u00e4n messuilla ja joukkoviestimiss\u00e4. (Keksij\u00e4n muistilista 2009.)<\/em><\/p>\n\n\n\n<p><em>Aiheen ajankohtaisuus ja ty\u00f6el\u00e4m\u00e4l\u00e4ht\u00f6isyys ei kuitenkaan selvinnyt johdannosta, kuten olisi &#8211; &#8211; (ks. Liukko &amp; Perttula 2020, luku 4.2.1).<\/em><\/p>\n\n\n\n<h2 class=\"wp-block-heading\">Viittaus suullisiin l\u00e4hteisiin (henkil\u00f6kohtainen tiedonanto)<\/h2>\n\n\n\n<p>Henkil\u00f6kohtaiset tiedonannot merkit\u00e4\u00e4n kuten muutkin l\u00e4hteet.&nbsp; Henkil\u00f6kohtaisia tiedonantoja ovat esimerkiksi asiantuntijoiden haastattelut ja puhelinkeskustelut. Suulliset l\u00e4hteet ovat usein merkitt\u00e4vi\u00e4 tiedonl\u00e4hteit\u00e4, ja siksi tarkat tiedot niist\u00e4kin merkit\u00e4\u00e4n l\u00e4hdeluetteloon (ks.&nbsp;kohta <span style=\"color: #333399;\"><a href=\"https:\/\/help.jamk.fi\/raportointiohje\/fi\/5b-lahteiden-kaytto-2\/5-4-b-esimerkkeja-erilaisten-lahteiden-merkinnasta\/\">Suulliset l\u00e4hteet<\/a><\/span>).<\/p>\n\n\n\n<p><em>&#8211;&nbsp; &#8211; .&nbsp; Prosessin uudistamisessa tavoiteltiin henkil\u00f6st\u00f6n osallistumista nykyist\u00e4 laajemmin TKI-toimintaan. (Koivunen 2016.)<\/em><\/p>\n\n\n\n<p>Mik\u00e4li haastattelut ovat tutkimusaineistoa, esimerkiksi teemahaastattelu, niit\u00e4 ei merkit\u00e4 tietol\u00e4hteiksi.<\/p>\n\n\n\n<h2 class=\"wp-block-heading\">Viittaus s\u00e4\u00e4d\u00f6kseen<\/h2>\n\n\n\n<p>S\u00e4\u00e4d\u00f6ksell\u00e4 on yleens\u00e4 <strong>virallinen lyhenne tai vakiintunut nimi<\/strong>, jota viitteiss\u00e4kin voi k\u00e4ytt\u00e4\u00e4 (laki = L, asetus = A, hallituksen esitys = HE, perusopetuslaki = POL; ks. lis\u00e4\u00e4 esim. <span style=\"color: #333399;\"><a href=\"https:\/\/www.edilex.fi\/lainsaadanto\/lyhenteet\">Edilexist\u00e4<\/a><\/span>). Jos siit\u00e4 k\u00e4y ilmi julkaisuvuosi, vuotta ei tarvitse toistaa. L\u00e4hdeluetteloon laitetaan tarkat tiedot (ks. <a href=\"https:\/\/help.jamk.fi\/raportointiohje\/fi\/5b-lahteiden-kaytto-2\/5-4-b-esimerkkeja-erilaisten-lahteiden-merkinnasta\/\"><span style=\"color: #333399;\">Kirjat ja muut vastaavat julkaisut ilman henkil<\/span>\u00f6tekij\u00e4\u00e4<\/a>).<\/p>\n\n\n\n<p><em>Opiskelija saa antaa vuokra-asuntonsa toisen k\u00e4ytett\u00e4v\u00e4ksi enint\u00e4\u00e4n kahdeksi vuodeksi, jos h\u00e4n joutuu opintojensa takia muuttamaan toiselle paikkakunnalle. H\u00e4nen on ilmoitettava asiasta vuokranantajalle kirjallisesti v\u00e4hint\u00e4\u00e4n kuukautta ennen muuttoansa. (Huoneenvuokralaki 481\/1995, 17 \u00a7.)<\/em><\/p>\n\n\n\n<p><em>Valtio rajoittaa v\u00e4liaikaisesti kuntien ja kuntayhtymien mahdollisuuksia investoida sosiaali- ja terveydenhuollon rakennuksiin (ks. L 548\/2016, 2 \u00a7).<\/em><\/p>\n\n\n\n<p><em>Kunta voi j\u00e4rjest\u00e4\u00e4 7.\u20139.-luokkien yhteydess\u00e4 joustavaa perusopetusta p\u00e4\u00e4tt\u00e4m\u00e4ss\u00e4\u00e4n laajuudessa (POL 628\/1998, 5 \u00a7).<\/em><\/p>\n\n\n\n<h2 class=\"wp-block-heading\">Viittaus standardiin<\/h2>\n\n\n\n<p>Standardista ilmoitetaan <strong>tunnus <\/strong>ja sivunumero, johon viitataan. Tunnus sis\u00e4lt\u00e4\u00e4 standardin lyhenteen (esim. SFS, EN, SFS-EN, ISO), numeron, kaksoispisteen ja vahvistamisvuoden (ks. <span style=\"color: #333399;\"><a href=\"https:\/\/help.jamk.fi\/raportointiohje\/fi\/5b-lahteiden-kaytto-2\/5-4-b-esimerkkeja-erilaisten-lahteiden-merkinnasta\/\">Kirjat ja muut vastaavat julkaisut ilman henkil\u00f6tekij\u00e4\u00e4<\/a><\/span>).<\/p>\n\n\n\n<p><em>Terveyspalveluissa l\u00e4helt\u00e4 piti -tilanne on &#8221;tilanne tai tapahtuma, jolla on kaikki edellytykset johtaa haittatapahtumaan mutta t\u00e4m\u00e4 ei toteudukaan joko sattumalta tai sen vuoksi ett\u00e4 tilanne pystyt\u00e4\u00e4n ottamaan hallintaan&#8221;. Haittatapahtumalla tarkoitetaan potilaalle vahinkoa aiheuttanutta tilannetta tai tapahtumaa. (SFS-EN 15224:2013, 20.)<br><\/em><\/p>\n\n\n\n<h2 class=\"wp-block-heading\">Viittaus toissijaiseen l\u00e4hteeseen<\/h2>\n\n\n\n<p>Alkuper\u00e4isl\u00e4hdett\u00e4 ei laiteta l\u00e4hdeluetteloon, jos sit\u00e4 ei ole itse k\u00e4ytetty. Seuraavassa esimerkiss\u00e4 M\u00f6tt\u00f6sen&nbsp; artikkeli on toissijainen l\u00e4hde, jossa k\u00e4sitell\u00e4\u00e4n Hyyryl\u00e4isen alkuper\u00e4ist\u00e4 teosta:<\/p>\n\n\n\n<p><em>M\u00f6tt\u00f6sen (2019, 64) mukaan Hyyryl\u00e4inen (2014) m\u00e4\u00e4rittelee verkostosuhteen korkean luottamukselliseksi suhteeksi, joka perustuu yhteiseen intressiin, arvopohjan samanlaisuuteen ja eettisten pelis\u00e4\u00e4nt\u00f6jen noudattamiseen.<\/em><\/p>\n\n\n\n<h2 class=\"wp-block-heading\">Viittaus saman tekij\u00e4n samana vuonna julkaisemiin teoksiin<\/h2>\n\n\n\n<p>Saman tekij\u00e4n samana vuonna julkaisemiin teoksiin viitataan k\u00e4ytt\u00e4en <strong>pienaakkosia<\/strong> (a, b, c jne.).<\/p>\n\n\n\n<p><em>Tyylit helpottavat ammattitaitoista tekstin k\u00e4sittely\u00e4 (Keinonen 2009b, 71). Esitysgrafiikassa p\u00e4\u00e4asiassa on grafiikka ja sanallinen viestint\u00e4 on tiivistetty\u00e4 (Keinonen 2009a, 8).<\/em><\/p>\n\n\n\n<h2 class=\"wp-block-heading\">Viittaus teokseen, jolla on kaksi tai useampi tekij\u00e4<\/h2>\n\n\n\n<p>Kirjoittajakeskeisess\u00e4 viittauksessa tekij\u00f6iden nimet yhdistet\u00e4\u00e4n<strong> ja<\/strong>-sanalla, asiakeskeisess\u00e4 viitteess\u00e4<strong> &amp;-<\/strong>merkill\u00e4.<\/p>\n\n\n\n<p><em>Reimanin, Pietik\u00e4isen ja Oedewaldin (2008, 48) mukaan turvallisuuskulttuuri tarkoittaa organisaation kyky\u00e4 ja tahtoa ymm\u00e4rt\u00e4\u00e4 turvallisen toiminnan ominaisuudet, vaarat ja vaarojen ehk\u00e4isykeinot sek\u00e4 kyky\u00e4 ja tahtoa toimia turvallisesti.<\/em><\/p>\n\n\n\n<p><em>Turvallisuuskulttuuri tarkoittaa organisaation kyky\u00e4 ja tahtoa ymm\u00e4rt\u00e4\u00e4 turvallisen toiminnan ominaisuudet, vaarat ja vaarojen ehk\u00e4isykeinot sek\u00e4 kyky\u00e4 ja tahtoa toimia turvallisesti (Reiman, Pietik\u00e4inen &amp; Oedewald 2008, 48).<\/em><\/p>\n\n\n\n<p><strong>Jos tekij\u00f6it\u00e4 on kolme tai enemm\u00e4n<\/strong>, kaikki tekij\u00e4t mainitaan silloin, kun ensimm\u00e4isen kerran viitataan k\u00e4ytettyyn l\u00e4hteeseen. Toisesta viittauskerrasta l\u00e4htien k\u00e4ytet\u00e4\u00e4n ensimm\u00e4isen tekij\u00e4n per\u00e4ss\u00e4 kirjoittajakeskeisess\u00e4 viittauksessa ilmaisua <strong>\u201dja muut\u201d<\/strong> ja asiakeskeisess\u00e4 viitteess\u00e4 <strong>ym.-<\/strong>lyhennett\u00e4:<\/p>\n\n\n\n<p><em>&#8211; &#8211; hyv\u00e4\u00e4 asiatyyli\u00e4, jonka tuntomerkkej\u00e4 ovat sujuva eteneminen, selvyys, havainnollisuus ja tiiviys sek\u00e4 kieliopillinen korrektius (Hirsj\u00e4rvi, Remes &amp; Sajavaara 2015, 291).<\/em><\/p>\n\n\n\n<p><em>Hirsj\u00e4rvi ja muut ovat todenneet, ett\u00e4 tutkijan on tarkistettava, ett\u00e4 tutkimusongelmiin on saatu vastaus. Tuloksia koskevassa osuudessa on pohdittava my\u00f6s niit\u00e4 tutkimuskysymyksi\u00e4, joihin ei ole saatu vastauksia. Keskeiset tulokset, \u201dl\u00f6yd\u00f6t\u201d, tulkitaan tutkimuksen taustaa vasten. (Hirsj\u00e4rvi ym. 2015, 262\u2013263.)<\/em><\/p>\n\n\n\n<h2 class=\"wp-block-heading\">Per\u00e4kk\u00e4iset viittaukset samaan teokseen<\/h2>\n\n\n\n<p>Lyhennett\u00e4 <strong>mts.<\/strong> (mainitun teoksen sivulla\/sivuilla) voidaan k\u00e4ytt\u00e4\u00e4, jos viitataan yht\u00e4jaksoisesti samaan l\u00e4hteeseen yhden luvun sis\u00e4ll\u00e4. Sivut on t\u00e4ll\u00f6inkin merkitt\u00e4v\u00e4. Sivujen puuttuessa k\u00e4ytet\u00e4\u00e4n lyhennett\u00e4 <strong>mt.<\/strong> Huomaa, ett\u00e4 lyhenteess\u00e4 k\u00e4ytet\u00e4\u00e4n alkukirjainta normaalin virkkeen alkukirjainperiaatteen mukaisesti.<\/p>\n\n\n\n<p><em>Pohjolan (2019) mielest\u00e4 yhteisty\u00f6palavereissa tulisi ottaa huomioon kaikkien asianosaisten n\u00e4kemykset &#8211; -. (V\u00e4liss\u00e4 voi olla pitk\u00e4stikin referointia samasta l\u00e4hteest\u00e4.) &#8211; -. (Mts. 25.)<\/em><\/p>\n\n\n\n<p><em>Tiedon prosessoinnissa painottuu ajattelun, oppimaan oppimisen ja itsearvioinnin taitojen hallinta opettajan ohjauksessa (mts. 107).<\/em><\/p>\n\n\n\n<p><em>&nbsp;&#8211; &#8211; Lapsen kuntouttavan arjen merkityst\u00e4 korostaa puolestaan Sipari. H\u00e4nen mukaansa lapsen hyv\u00e4\u00e4n el\u00e4m\u00e4\u00e4n kuuluvat omatoimisuustaidot, itsen\u00e4isyys, mielek\u00e4s tekeminen ja osallistuminen. Ensisijaista on kuntoutuksen kytkeminen kodin, p\u00e4iv\u00e4kodin ja koulun toimintaan. Harrastukset, koulu ja terapia tukevat t\u00e4ll\u00f6in toisiaan. (Sipari 2008, 68\u201370.)<\/em><\/p>\n\n\n\n<p><em>Kun kuntoutus kytket\u00e4\u00e4n lapsen arkeen, h\u00e4n ei suorita erilaisia kuntouttavia toimenpiteit\u00e4, vaan osallistuu itselleen ja perheelleen t\u00e4rkeiden asioiden toteuttamiseen. Kuntoutus on my\u00f6s tuloksellista, koska arjen askareet vaativat useita toistoja. Lapsi opettelee samoja asioita kuin muutkin lapset, joten h\u00e4nell\u00e4 on hyv\u00e4t mahdollisuudet selviyty\u00e4 sosiaalisissa tilanteissa. T\u00e4m\u00e4 est\u00e4\u00e4 tehokkaasti syrj\u00e4ytymist\u00e4. (Mts. 70\u201371.)<\/em><\/p>\n\n\n\n<h2 class=\"wp-block-heading\">Viittaus useisiin julkaisuihin samanaikaisesti<\/h2>\n\n\n\n<p>Viitteiden v\u00e4liss\u00e4 k\u00e4ytet\u00e4\u00e4n <strong>puolipistett\u00e4<\/strong> erottamaan eri viitteet toisistaan. Tavallisesti l\u00e4hteet laitetaan aakkosj\u00e4rjestykseen. My\u00f6s aikaj\u00e4rjestys tai t\u00e4rkeysj\u00e4rjestys on mahdollinen.<\/p>\n\n\n\n<p><em>&#8211;&nbsp;&#8211; . Makrosysteemi sis\u00e4lt\u00e4\u00e4 yhteiskunnan s\u00e4\u00e4telem\u00e4t reunaehdot, kuten lait, politiikan, kulttuurin ja ideologiat. (Hietikko 2009, 45; Jaako 2008, 22.)<\/em><\/p>\n\n\n\n<p>Kuitenkin, jos tekstist\u00e4 on erotettavissa, mik\u00e4 osa perustuu mihinkin l\u00e4hteeseen, tekstiviite merkit\u00e4\u00e4n heti l\u00e4hteen k\u00e4yt\u00f6n j\u00e4lkeen.<\/p>\n\n\n\n<p><\/p>\n","protected":false},"excerpt":{"rendered":"<p>L\u00e4hdeluettelo- ja tekstiviitemerkint\u00f6jen on vastattava toisiaan, jotta l\u00e4hteen tarkemmat tiedot l\u00f6ytyv\u00e4t helposti l\u00e4hdeluettelosta tekstiviitteen avulla. Tekstiviitteeseen tulevat samat tiedot kuin l\u00e4hdeluettelon alussa on eli (kirjoittajan tai julkaisun) nimi ja vuosi. Merkint\u00e4\u00e4n lis\u00e4t\u00e4\u00e4n se sivu, jolla tieto on, jos l\u00e4hteess\u00e4 on sivunumerot ja tieto on kohdennettavissa tietylle sivulle tai tietyille sivuille. Tekstiviitteen perusperiaate on siishenkil\u00f6tekij\u00e4n sukunimi [&hellip;]<\/p>\n","protected":false},"author":79,"featured_media":0,"parent":62,"menu_order":2,"comment_status":"closed","ping_status":"closed","template":"","meta":{"_acf_changed":false,"_relevanssi_hide_post":"","_relevanssi_hide_content":"","_relevanssi_pin_for_all":"","_relevanssi_pin_keywords":"","_relevanssi_unpin_keywords":"","_relevanssi_related_keywords":"","_relevanssi_related_include_ids":"","_relevanssi_related_exclude_ids":"","_relevanssi_related_no_append":"","_relevanssi_related_not_related":"","_relevanssi_related_posts":"","_relevanssi_noindex_reason":"","footnotes":""},"categories":[],"tags":[],"class_list":["post-201","page","type-page","status-publish","hentry"],"acf":[],"yoast_head":"<!-- This site is optimized with the Yoast SEO plugin v27.3 - https:\/\/yoast.com\/product\/yoast-seo-wordpress\/ -->\n<title>5.2b Tekstiviitteiden merkint\u00e4 - Opinn\u00e4ytety\u00f6n raportointiohje<\/title>\n<meta name=\"robots\" content=\"index, follow, max-snippet:-1, max-image-preview:large, max-video-preview:-1\" \/>\n<link rel=\"canonical\" href=\"https:\/\/help.jamk.fi\/raportointiohje\/fi\/5b-lahteiden-kaytto-2\/5-2-b-tekstiviitteiden-merkinta\/\" \/>\n<meta property=\"og:locale\" content=\"fi_FI\" \/>\n<meta property=\"og:type\" content=\"article\" \/>\n<meta property=\"og:title\" content=\"5.2b Tekstiviitteiden merkint\u00e4 - Opinn\u00e4ytety\u00f6n raportointiohje\" \/>\n<meta property=\"og:description\" content=\"L\u00e4hdeluettelo- ja tekstiviitemerkint\u00f6jen on vastattava toisiaan, jotta l\u00e4hteen tarkemmat tiedot l\u00f6ytyv\u00e4t helposti l\u00e4hdeluettelosta tekstiviitteen avulla. Tekstiviitteeseen tulevat samat tiedot kuin l\u00e4hdeluettelon alussa on eli (kirjoittajan tai julkaisun) nimi ja vuosi. Merkint\u00e4\u00e4n lis\u00e4t\u00e4\u00e4n se sivu, jolla tieto on, jos l\u00e4hteess\u00e4 on sivunumerot ja tieto on kohdennettavissa tietylle sivulle tai tietyille sivuille. Tekstiviitteen perusperiaate on siishenkil\u00f6tekij\u00e4n sukunimi [&hellip;]\" \/>\n<meta property=\"og:url\" content=\"https:\/\/help.jamk.fi\/raportointiohje\/fi\/5b-lahteiden-kaytto-2\/5-2-b-tekstiviitteiden-merkinta\/\" \/>\n<meta property=\"og:site_name\" content=\"Opinn\u00e4ytety\u00f6n raportointiohje\" \/>\n<meta property=\"article:modified_time\" content=\"2025-11-07T07:31:09+00:00\" \/>\n<meta name=\"twitter:card\" content=\"summary_large_image\" \/>\n<meta name=\"twitter:label1\" content=\"Arvioitu lukuaika\" \/>\n\t<meta name=\"twitter:data1\" content=\"7 minuuttia\" \/>\n<script type=\"application\/ld+json\" class=\"yoast-schema-graph\">{\"@context\":\"https:\\\/\\\/schema.org\",\"@graph\":[{\"@type\":\"WebPage\",\"@id\":\"https:\\\/\\\/help.jamk.fi\\\/raportointiohje\\\/fi\\\/5b-lahteiden-kaytto-2\\\/5-2-b-tekstiviitteiden-merkinta\\\/\",\"url\":\"https:\\\/\\\/help.jamk.fi\\\/raportointiohje\\\/fi\\\/5b-lahteiden-kaytto-2\\\/5-2-b-tekstiviitteiden-merkinta\\\/\",\"name\":\"5.2b Tekstiviitteiden merkint\u00e4 - Opinn\u00e4ytety\u00f6n raportointiohje\",\"isPartOf\":{\"@id\":\"https:\\\/\\\/help.jamk.fi\\\/raportointiohje\\\/#website\"},\"datePublished\":\"2012-08-15T05:12:29+00:00\",\"dateModified\":\"2025-11-07T07:31:09+00:00\",\"breadcrumb\":{\"@id\":\"https:\\\/\\\/help.jamk.fi\\\/raportointiohje\\\/fi\\\/5b-lahteiden-kaytto-2\\\/5-2-b-tekstiviitteiden-merkinta\\\/#breadcrumb\"},\"inLanguage\":\"fi\",\"potentialAction\":[{\"@type\":\"ReadAction\",\"target\":[\"https:\\\/\\\/help.jamk.fi\\\/raportointiohje\\\/fi\\\/5b-lahteiden-kaytto-2\\\/5-2-b-tekstiviitteiden-merkinta\\\/\"]}]},{\"@type\":\"BreadcrumbList\",\"@id\":\"https:\\\/\\\/help.jamk.fi\\\/raportointiohje\\\/fi\\\/5b-lahteiden-kaytto-2\\\/5-2-b-tekstiviitteiden-merkinta\\\/#breadcrumb\",\"itemListElement\":[{\"@type\":\"ListItem\",\"position\":1,\"name\":\"Etusivu\",\"item\":\"https:\\\/\\\/help.jamk.fi\\\/raportointiohje\\\/fi\\\/\"},{\"@type\":\"ListItem\",\"position\":2,\"name\":\"5b L\u00e4hteiden k\u00e4ytt\u00f6 (ennen syksy\u00e4 2024 opintonsa aloittaneet)\",\"item\":\"https:\\\/\\\/help.jamk.fi\\\/raportointiohje\\\/fi\\\/5b-lahteiden-kaytto-2\\\/\"},{\"@type\":\"ListItem\",\"position\":3,\"name\":\"5.2b Tekstiviitteiden merkint\u00e4\"}]},{\"@type\":\"WebSite\",\"@id\":\"https:\\\/\\\/help.jamk.fi\\\/raportointiohje\\\/#website\",\"url\":\"https:\\\/\\\/help.jamk.fi\\\/raportointiohje\\\/\",\"name\":\"Opinn\u00e4ytety\u00f6n raportointiohje\",\"description\":\"\",\"potentialAction\":[{\"@type\":\"SearchAction\",\"target\":{\"@type\":\"EntryPoint\",\"urlTemplate\":\"https:\\\/\\\/help.jamk.fi\\\/raportointiohje\\\/?s={search_term_string}\"},\"query-input\":{\"@type\":\"PropertyValueSpecification\",\"valueRequired\":true,\"valueName\":\"search_term_string\"}}],\"inLanguage\":\"fi\"}]}<\/script>\n<!-- \/ Yoast SEO plugin. -->","yoast_head_json":{"title":"5.2b Tekstiviitteiden merkint\u00e4 - Opinn\u00e4ytety\u00f6n raportointiohje","robots":{"index":"index","follow":"follow","max-snippet":"max-snippet:-1","max-image-preview":"max-image-preview:large","max-video-preview":"max-video-preview:-1"},"canonical":"https:\/\/help.jamk.fi\/raportointiohje\/fi\/5b-lahteiden-kaytto-2\/5-2-b-tekstiviitteiden-merkinta\/","og_locale":"fi_FI","og_type":"article","og_title":"5.2b Tekstiviitteiden merkint\u00e4 - Opinn\u00e4ytety\u00f6n raportointiohje","og_description":"L\u00e4hdeluettelo- ja tekstiviitemerkint\u00f6jen on vastattava toisiaan, jotta l\u00e4hteen tarkemmat tiedot l\u00f6ytyv\u00e4t helposti l\u00e4hdeluettelosta tekstiviitteen avulla. Tekstiviitteeseen tulevat samat tiedot kuin l\u00e4hdeluettelon alussa on eli (kirjoittajan tai julkaisun) nimi ja vuosi. Merkint\u00e4\u00e4n lis\u00e4t\u00e4\u00e4n se sivu, jolla tieto on, jos l\u00e4hteess\u00e4 on sivunumerot ja tieto on kohdennettavissa tietylle sivulle tai tietyille sivuille. Tekstiviitteen perusperiaate on siishenkil\u00f6tekij\u00e4n sukunimi [&hellip;]","og_url":"https:\/\/help.jamk.fi\/raportointiohje\/fi\/5b-lahteiden-kaytto-2\/5-2-b-tekstiviitteiden-merkinta\/","og_site_name":"Opinn\u00e4ytety\u00f6n raportointiohje","article_modified_time":"2025-11-07T07:31:09+00:00","twitter_card":"summary_large_image","twitter_misc":{"Arvioitu lukuaika":"7 minuuttia"},"schema":{"@context":"https:\/\/schema.org","@graph":[{"@type":"WebPage","@id":"https:\/\/help.jamk.fi\/raportointiohje\/fi\/5b-lahteiden-kaytto-2\/5-2-b-tekstiviitteiden-merkinta\/","url":"https:\/\/help.jamk.fi\/raportointiohje\/fi\/5b-lahteiden-kaytto-2\/5-2-b-tekstiviitteiden-merkinta\/","name":"5.2b Tekstiviitteiden merkint\u00e4 - Opinn\u00e4ytety\u00f6n raportointiohje","isPartOf":{"@id":"https:\/\/help.jamk.fi\/raportointiohje\/#website"},"datePublished":"2012-08-15T05:12:29+00:00","dateModified":"2025-11-07T07:31:09+00:00","breadcrumb":{"@id":"https:\/\/help.jamk.fi\/raportointiohje\/fi\/5b-lahteiden-kaytto-2\/5-2-b-tekstiviitteiden-merkinta\/#breadcrumb"},"inLanguage":"fi","potentialAction":[{"@type":"ReadAction","target":["https:\/\/help.jamk.fi\/raportointiohje\/fi\/5b-lahteiden-kaytto-2\/5-2-b-tekstiviitteiden-merkinta\/"]}]},{"@type":"BreadcrumbList","@id":"https:\/\/help.jamk.fi\/raportointiohje\/fi\/5b-lahteiden-kaytto-2\/5-2-b-tekstiviitteiden-merkinta\/#breadcrumb","itemListElement":[{"@type":"ListItem","position":1,"name":"Etusivu","item":"https:\/\/help.jamk.fi\/raportointiohje\/fi\/"},{"@type":"ListItem","position":2,"name":"5b L\u00e4hteiden k\u00e4ytt\u00f6 (ennen syksy\u00e4 2024 opintonsa aloittaneet)","item":"https:\/\/help.jamk.fi\/raportointiohje\/fi\/5b-lahteiden-kaytto-2\/"},{"@type":"ListItem","position":3,"name":"5.2b Tekstiviitteiden merkint\u00e4"}]},{"@type":"WebSite","@id":"https:\/\/help.jamk.fi\/raportointiohje\/#website","url":"https:\/\/help.jamk.fi\/raportointiohje\/","name":"Opinn\u00e4ytety\u00f6n raportointiohje","description":"","potentialAction":[{"@type":"SearchAction","target":{"@type":"EntryPoint","urlTemplate":"https:\/\/help.jamk.fi\/raportointiohje\/?s={search_term_string}"},"query-input":{"@type":"PropertyValueSpecification","valueRequired":true,"valueName":"search_term_string"}}],"inLanguage":"fi"}]}},"_links":{"self":[{"href":"https:\/\/help.jamk.fi\/raportointiohje\/wp-json\/wp\/v2\/pages\/201","targetHints":{"allow":["GET"]}}],"collection":[{"href":"https:\/\/help.jamk.fi\/raportointiohje\/wp-json\/wp\/v2\/pages"}],"about":[{"href":"https:\/\/help.jamk.fi\/raportointiohje\/wp-json\/wp\/v2\/types\/page"}],"author":[{"embeddable":true,"href":"https:\/\/help.jamk.fi\/raportointiohje\/wp-json\/wp\/v2\/users\/79"}],"replies":[{"embeddable":true,"href":"https:\/\/help.jamk.fi\/raportointiohje\/wp-json\/wp\/v2\/comments?post=201"}],"version-history":[{"count":10,"href":"https:\/\/help.jamk.fi\/raportointiohje\/wp-json\/wp\/v2\/pages\/201\/revisions"}],"predecessor-version":[{"id":1386,"href":"https:\/\/help.jamk.fi\/raportointiohje\/wp-json\/wp\/v2\/pages\/201\/revisions\/1386"}],"up":[{"embeddable":true,"href":"https:\/\/help.jamk.fi\/raportointiohje\/wp-json\/wp\/v2\/pages\/62"}],"wp:attachment":[{"href":"https:\/\/help.jamk.fi\/raportointiohje\/wp-json\/wp\/v2\/media?parent=201"}],"wp:term":[{"taxonomy":"category","embeddable":true,"href":"https:\/\/help.jamk.fi\/raportointiohje\/wp-json\/wp\/v2\/categories?post=201"},{"taxonomy":"post_tag","embeddable":true,"href":"https:\/\/help.jamk.fi\/raportointiohje\/wp-json\/wp\/v2\/tags?post=201"}],"curies":[{"name":"wp","href":"https:\/\/api.w.org\/{rel}","templated":true}]}}