{"id":204,"date":"2012-08-24T10:57:10","date_gmt":"2012-08-24T07:57:10","guid":{"rendered":"https:\/\/help.jamk.fi\/raportointiohje\/4-opinnaytetyon-rakenne\/4-3-opinnaytetyon-loppuosa\/"},"modified":"2024-08-27T10:16:37","modified_gmt":"2024-08-27T07:16:37","slug":"4-3-opinnaytetyon-loppuosa","status":"publish","type":"page","link":"https:\/\/help.jamk.fi\/raportointiohje\/fi\/4-opinnaytetyon-rakenne\/4-3-opinnaytetyon-loppuosa\/","title":{"rendered":"4.3 Opinn\u00e4ytety\u00f6n loppuosa"},"content":{"rendered":"\n<p>Opinn\u00e4ytety\u00f6raportin<strong> loppuosaan<\/strong> kuuluu ty\u00f6h\u00f6n liittyv\u00e4 luettelomainen informaatio: l\u00e4hteet ja liitteet.<\/p>\n\n\n\n<h2 class=\"wp-block-heading\">L\u00e4hteet<\/h2>\n\n\n\n<p>Kirjallisen ty\u00f6n loppuun laadittava l\u00e4hdeluettelo\u00a0sis\u00e4lt\u00e4\u00e4 aakkosellisen luettelon k\u00e4ytetyist\u00e4 l\u00e4hdeaineistoista. L\u00e4hdeluettelossa mainittuihin aineistoihin viitataan tekstiss\u00e4 lyhyesti <strong>tekstiviittein<\/strong>. L\u00e4hteiden merkinn\u00e4n periaatteista kerrotaan tarkemmin luvussa 5 L\u00e4hteiden k\u00e4ytt\u00f6.<\/p>\n\n\n\n<h2 class=\"wp-block-heading\">Liitteet<\/h2>\n\n\n\n<p>Liitteeksi sijoitetaan sellainen aines, joka ei asian ymm\u00e4rt\u00e4misen kannalta ole keskeist\u00e4 mutta johon tekstiss\u00e4 viitataan. Liitteeksi sijoitetaan my\u00f6s ymm\u00e4rt\u00e4mist\u00e4 ja luotettavuutta lis\u00e4\u00e4v\u00e4t aineistot. Sellaisia ovat esimerkiksi aineiston hankkimiseen liittyv\u00e4t materiaalit, kuten tietojenkeruulomakkeet, haastattelurungot, yksityiskohtaiset menetelmien ja tekniikoiden selitykset ja erilaiset v\u00e4liselvitykset, joihin viitataan tekstiss\u00e4.<\/p>\n\n\n\n<p>Liitteiden paikka on l\u00e4hdeluettelon&nbsp;j\u00e4ljess\u00e4. Raportin tekstiss\u00e4 viitataan liitteisiin ja liitteet numeroidaan yleens\u00e4 viittausj\u00e4rjestykseen sek\u00e4 otsikoidaan. Sis\u00e4llysluettelon&nbsp;loppuun laaditaan yhten\u00e4inen luettelo raportissa olevista liitteist\u00e4 (ks. luku <span style=\"color: #333399;\"><a style=\"color: #333399;\" href=\"https:\/\/help.jamk.fi\/raportointiohje\/4-opinnaytetyon-rakenne\/4-1-opinnaytetyon-alkuosa\/4-1-3-sisallysluettelo\/\">4.1.3 Sis\u00e4llysluettelo<\/a><\/span>). Liitteiden l\u00e4hteet merkit\u00e4\u00e4n l\u00e4hdeluetteloon. Koska liitteet ovat t\u00e4ydent\u00e4v\u00e4\u00e4 lis\u00e4aineistoa, liitesivuilla voi k\u00e4ytt\u00e4\u00e4 tarkoituksenmukaisinta riviv\u00e4li\u00e4.<\/p>\n\n\n\n<h2 class=\"wp-block-heading\">Liitesivujen numerointi<\/h2>\n\n\n\n<p>P\u00e4\u00e4ohje on, ett\u00e4 liitteet numeroidaan niiden lukum\u00e4\u00e4r\u00e4n mukaisena omana juoksevana numerointinaan (liite 1, liite 2 jne.) sek\u00e4 ty\u00f6n alusta alkavan juoksevan sivunumeroinnin mukaisesti.&nbsp; Pelk\u00e4st\u00e4\u00e4n lukum\u00e4\u00e4r\u00e4n mukaisesti tai oman juoksevan sivunumeroinnin mukaan voidaan numeroida erilliset liitekokonaisuudet, esimerkiksi mediatiedosto, kansio, ty\u00f6ohje.<\/p>\n\n\n\n<p>Kuvailulehden kohdassa <em>Sivum\u00e4\u00e4r\u00e4<\/em>&nbsp;ilmoitetaan aina ty\u00f6n kokonaissivum\u00e4\u00e4r\u00e4 ja erittely kohdassa <em>Muita tietoja<\/em>.<\/p>\n","protected":false},"excerpt":{"rendered":"<p>Opinn\u00e4ytety\u00f6raportin loppuosaan kuuluu ty\u00f6h\u00f6n liittyv\u00e4 luettelomainen informaatio: l\u00e4hteet ja liitteet. L\u00e4hteet Kirjallisen ty\u00f6n loppuun laadittava l\u00e4hdeluettelo\u00a0sis\u00e4lt\u00e4\u00e4 aakkosellisen luettelon k\u00e4ytetyist\u00e4 l\u00e4hdeaineistoista. L\u00e4hdeluettelossa mainittuihin aineistoihin viitataan tekstiss\u00e4 lyhyesti tekstiviittein. L\u00e4hteiden merkinn\u00e4n periaatteista kerrotaan tarkemmin luvussa 5 L\u00e4hteiden k\u00e4ytt\u00f6. Liitteet Liitteeksi sijoitetaan sellainen aines, joka ei asian ymm\u00e4rt\u00e4misen kannalta ole keskeist\u00e4 mutta johon tekstiss\u00e4 viitataan. Liitteeksi sijoitetaan my\u00f6s [&hellip;]<\/p>\n","protected":false},"author":79,"featured_media":0,"parent":32,"menu_order":4,"comment_status":"open","ping_status":"closed","template":"","meta":{"_acf_changed":false,"_relevanssi_hide_post":"","_relevanssi_hide_content":"","_relevanssi_pin_for_all":"","_relevanssi_pin_keywords":"","_relevanssi_unpin_keywords":"","_relevanssi_related_keywords":"","_relevanssi_related_include_ids":"","_relevanssi_related_exclude_ids":"","_relevanssi_related_no_append":"","_relevanssi_related_not_related":"","_relevanssi_related_posts":"","_relevanssi_noindex_reason":"","footnotes":""},"categories":[],"tags":[551,209],"class_list":["post-204","page","type-page","status-publish","hentry","tag-kuvailulehti","tag-liitteet"],"acf":[],"yoast_head":"<!-- This site is optimized with the Yoast SEO plugin v27.3 - https:\/\/yoast.com\/product\/yoast-seo-wordpress\/ -->\n<title>4.3 Opinn\u00e4ytety\u00f6n loppuosa - Opinn\u00e4ytety\u00f6n raportointiohje<\/title>\n<meta name=\"robots\" content=\"index, follow, max-snippet:-1, max-image-preview:large, max-video-preview:-1\" \/>\n<link rel=\"canonical\" href=\"https:\/\/help.jamk.fi\/raportointiohje\/fi\/4-opinnaytetyon-rakenne\/4-3-opinnaytetyon-loppuosa\/\" \/>\n<meta property=\"og:locale\" content=\"fi_FI\" \/>\n<meta property=\"og:type\" content=\"article\" \/>\n<meta property=\"og:title\" content=\"4.3 Opinn\u00e4ytety\u00f6n loppuosa - Opinn\u00e4ytety\u00f6n raportointiohje\" \/>\n<meta property=\"og:description\" content=\"Opinn\u00e4ytety\u00f6raportin loppuosaan kuuluu ty\u00f6h\u00f6n liittyv\u00e4 luettelomainen informaatio: l\u00e4hteet ja liitteet. L\u00e4hteet Kirjallisen ty\u00f6n loppuun laadittava l\u00e4hdeluettelo\u00a0sis\u00e4lt\u00e4\u00e4 aakkosellisen luettelon k\u00e4ytetyist\u00e4 l\u00e4hdeaineistoista. L\u00e4hdeluettelossa mainittuihin aineistoihin viitataan tekstiss\u00e4 lyhyesti tekstiviittein. L\u00e4hteiden merkinn\u00e4n periaatteista kerrotaan tarkemmin luvussa 5 L\u00e4hteiden k\u00e4ytt\u00f6. Liitteet Liitteeksi sijoitetaan sellainen aines, joka ei asian ymm\u00e4rt\u00e4misen kannalta ole keskeist\u00e4 mutta johon tekstiss\u00e4 viitataan. Liitteeksi sijoitetaan my\u00f6s [&hellip;]\" \/>\n<meta property=\"og:url\" content=\"https:\/\/help.jamk.fi\/raportointiohje\/fi\/4-opinnaytetyon-rakenne\/4-3-opinnaytetyon-loppuosa\/\" \/>\n<meta property=\"og:site_name\" content=\"Opinn\u00e4ytety\u00f6n raportointiohje\" \/>\n<meta property=\"article:modified_time\" content=\"2024-08-27T07:16:37+00:00\" \/>\n<meta name=\"twitter:card\" content=\"summary_large_image\" \/>\n<meta name=\"twitter:label1\" content=\"Arvioitu lukuaika\" \/>\n\t<meta name=\"twitter:data1\" content=\"2 minuuttia\" \/>\n<script type=\"application\/ld+json\" class=\"yoast-schema-graph\">{\"@context\":\"https:\\\/\\\/schema.org\",\"@graph\":[{\"@type\":\"WebPage\",\"@id\":\"https:\\\/\\\/help.jamk.fi\\\/raportointiohje\\\/fi\\\/4-opinnaytetyon-rakenne\\\/4-3-opinnaytetyon-loppuosa\\\/\",\"url\":\"https:\\\/\\\/help.jamk.fi\\\/raportointiohje\\\/fi\\\/4-opinnaytetyon-rakenne\\\/4-3-opinnaytetyon-loppuosa\\\/\",\"name\":\"4.3 Opinn\u00e4ytety\u00f6n loppuosa - Opinn\u00e4ytety\u00f6n raportointiohje\",\"isPartOf\":{\"@id\":\"https:\\\/\\\/help.jamk.fi\\\/raportointiohje\\\/#website\"},\"datePublished\":\"2012-08-24T07:57:10+00:00\",\"dateModified\":\"2024-08-27T07:16:37+00:00\",\"breadcrumb\":{\"@id\":\"https:\\\/\\\/help.jamk.fi\\\/raportointiohje\\\/fi\\\/4-opinnaytetyon-rakenne\\\/4-3-opinnaytetyon-loppuosa\\\/#breadcrumb\"},\"inLanguage\":\"fi\",\"potentialAction\":[{\"@type\":\"ReadAction\",\"target\":[\"https:\\\/\\\/help.jamk.fi\\\/raportointiohje\\\/fi\\\/4-opinnaytetyon-rakenne\\\/4-3-opinnaytetyon-loppuosa\\\/\"]}]},{\"@type\":\"BreadcrumbList\",\"@id\":\"https:\\\/\\\/help.jamk.fi\\\/raportointiohje\\\/fi\\\/4-opinnaytetyon-rakenne\\\/4-3-opinnaytetyon-loppuosa\\\/#breadcrumb\",\"itemListElement\":[{\"@type\":\"ListItem\",\"position\":1,\"name\":\"Etusivu\",\"item\":\"https:\\\/\\\/help.jamk.fi\\\/raportointiohje\\\/fi\\\/\"},{\"@type\":\"ListItem\",\"position\":2,\"name\":\"4 Opinn\u00e4ytety\u00f6n rakenne\",\"item\":\"https:\\\/\\\/help.jamk.fi\\\/raportointiohje\\\/fi\\\/4-opinnaytetyon-rakenne\\\/\"},{\"@type\":\"ListItem\",\"position\":3,\"name\":\"4.3 Opinn\u00e4ytety\u00f6n loppuosa\"}]},{\"@type\":\"WebSite\",\"@id\":\"https:\\\/\\\/help.jamk.fi\\\/raportointiohje\\\/#website\",\"url\":\"https:\\\/\\\/help.jamk.fi\\\/raportointiohje\\\/\",\"name\":\"Opinn\u00e4ytety\u00f6n raportointiohje\",\"description\":\"\",\"potentialAction\":[{\"@type\":\"SearchAction\",\"target\":{\"@type\":\"EntryPoint\",\"urlTemplate\":\"https:\\\/\\\/help.jamk.fi\\\/raportointiohje\\\/?s={search_term_string}\"},\"query-input\":{\"@type\":\"PropertyValueSpecification\",\"valueRequired\":true,\"valueName\":\"search_term_string\"}}],\"inLanguage\":\"fi\"}]}<\/script>\n<!-- \/ Yoast SEO plugin. -->","yoast_head_json":{"title":"4.3 Opinn\u00e4ytety\u00f6n loppuosa - Opinn\u00e4ytety\u00f6n raportointiohje","robots":{"index":"index","follow":"follow","max-snippet":"max-snippet:-1","max-image-preview":"max-image-preview:large","max-video-preview":"max-video-preview:-1"},"canonical":"https:\/\/help.jamk.fi\/raportointiohje\/fi\/4-opinnaytetyon-rakenne\/4-3-opinnaytetyon-loppuosa\/","og_locale":"fi_FI","og_type":"article","og_title":"4.3 Opinn\u00e4ytety\u00f6n loppuosa - Opinn\u00e4ytety\u00f6n raportointiohje","og_description":"Opinn\u00e4ytety\u00f6raportin loppuosaan kuuluu ty\u00f6h\u00f6n liittyv\u00e4 luettelomainen informaatio: l\u00e4hteet ja liitteet. L\u00e4hteet Kirjallisen ty\u00f6n loppuun laadittava l\u00e4hdeluettelo\u00a0sis\u00e4lt\u00e4\u00e4 aakkosellisen luettelon k\u00e4ytetyist\u00e4 l\u00e4hdeaineistoista. L\u00e4hdeluettelossa mainittuihin aineistoihin viitataan tekstiss\u00e4 lyhyesti tekstiviittein. L\u00e4hteiden merkinn\u00e4n periaatteista kerrotaan tarkemmin luvussa 5 L\u00e4hteiden k\u00e4ytt\u00f6. Liitteet Liitteeksi sijoitetaan sellainen aines, joka ei asian ymm\u00e4rt\u00e4misen kannalta ole keskeist\u00e4 mutta johon tekstiss\u00e4 viitataan. Liitteeksi sijoitetaan my\u00f6s [&hellip;]","og_url":"https:\/\/help.jamk.fi\/raportointiohje\/fi\/4-opinnaytetyon-rakenne\/4-3-opinnaytetyon-loppuosa\/","og_site_name":"Opinn\u00e4ytety\u00f6n raportointiohje","article_modified_time":"2024-08-27T07:16:37+00:00","twitter_card":"summary_large_image","twitter_misc":{"Arvioitu lukuaika":"2 minuuttia"},"schema":{"@context":"https:\/\/schema.org","@graph":[{"@type":"WebPage","@id":"https:\/\/help.jamk.fi\/raportointiohje\/fi\/4-opinnaytetyon-rakenne\/4-3-opinnaytetyon-loppuosa\/","url":"https:\/\/help.jamk.fi\/raportointiohje\/fi\/4-opinnaytetyon-rakenne\/4-3-opinnaytetyon-loppuosa\/","name":"4.3 Opinn\u00e4ytety\u00f6n loppuosa - Opinn\u00e4ytety\u00f6n raportointiohje","isPartOf":{"@id":"https:\/\/help.jamk.fi\/raportointiohje\/#website"},"datePublished":"2012-08-24T07:57:10+00:00","dateModified":"2024-08-27T07:16:37+00:00","breadcrumb":{"@id":"https:\/\/help.jamk.fi\/raportointiohje\/fi\/4-opinnaytetyon-rakenne\/4-3-opinnaytetyon-loppuosa\/#breadcrumb"},"inLanguage":"fi","potentialAction":[{"@type":"ReadAction","target":["https:\/\/help.jamk.fi\/raportointiohje\/fi\/4-opinnaytetyon-rakenne\/4-3-opinnaytetyon-loppuosa\/"]}]},{"@type":"BreadcrumbList","@id":"https:\/\/help.jamk.fi\/raportointiohje\/fi\/4-opinnaytetyon-rakenne\/4-3-opinnaytetyon-loppuosa\/#breadcrumb","itemListElement":[{"@type":"ListItem","position":1,"name":"Etusivu","item":"https:\/\/help.jamk.fi\/raportointiohje\/fi\/"},{"@type":"ListItem","position":2,"name":"4 Opinn\u00e4ytety\u00f6n rakenne","item":"https:\/\/help.jamk.fi\/raportointiohje\/fi\/4-opinnaytetyon-rakenne\/"},{"@type":"ListItem","position":3,"name":"4.3 Opinn\u00e4ytety\u00f6n loppuosa"}]},{"@type":"WebSite","@id":"https:\/\/help.jamk.fi\/raportointiohje\/#website","url":"https:\/\/help.jamk.fi\/raportointiohje\/","name":"Opinn\u00e4ytety\u00f6n raportointiohje","description":"","potentialAction":[{"@type":"SearchAction","target":{"@type":"EntryPoint","urlTemplate":"https:\/\/help.jamk.fi\/raportointiohje\/?s={search_term_string}"},"query-input":{"@type":"PropertyValueSpecification","valueRequired":true,"valueName":"search_term_string"}}],"inLanguage":"fi"}]}},"_links":{"self":[{"href":"https:\/\/help.jamk.fi\/raportointiohje\/wp-json\/wp\/v2\/pages\/204","targetHints":{"allow":["GET"]}}],"collection":[{"href":"https:\/\/help.jamk.fi\/raportointiohje\/wp-json\/wp\/v2\/pages"}],"about":[{"href":"https:\/\/help.jamk.fi\/raportointiohje\/wp-json\/wp\/v2\/types\/page"}],"author":[{"embeddable":true,"href":"https:\/\/help.jamk.fi\/raportointiohje\/wp-json\/wp\/v2\/users\/79"}],"replies":[{"embeddable":true,"href":"https:\/\/help.jamk.fi\/raportointiohje\/wp-json\/wp\/v2\/comments?post=204"}],"version-history":[{"count":6,"href":"https:\/\/help.jamk.fi\/raportointiohje\/wp-json\/wp\/v2\/pages\/204\/revisions"}],"predecessor-version":[{"id":1193,"href":"https:\/\/help.jamk.fi\/raportointiohje\/wp-json\/wp\/v2\/pages\/204\/revisions\/1193"}],"up":[{"embeddable":true,"href":"https:\/\/help.jamk.fi\/raportointiohje\/wp-json\/wp\/v2\/pages\/32"}],"wp:attachment":[{"href":"https:\/\/help.jamk.fi\/raportointiohje\/wp-json\/wp\/v2\/media?parent=204"}],"wp:term":[{"taxonomy":"category","embeddable":true,"href":"https:\/\/help.jamk.fi\/raportointiohje\/wp-json\/wp\/v2\/categories?post=204"},{"taxonomy":"post_tag","embeddable":true,"href":"https:\/\/help.jamk.fi\/raportointiohje\/wp-json\/wp\/v2\/tags?post=204"}],"curies":[{"name":"wp","href":"https:\/\/api.w.org\/{rel}","templated":true}]}}