{"id":207,"date":"2014-10-01T09:37:28","date_gmt":"2014-10-01T06:37:28","guid":{"rendered":"https:\/\/help.jamk.fi\/raportointiohje\/esimerkkeja-lahteiden-merkinnasta\/"},"modified":"2026-03-20T08:28:18","modified_gmt":"2026-03-20T06:28:18","slug":"esimerkkeja-lahteiden-merkinnasta","status":"publish","type":"page","link":"https:\/\/help.jamk.fi\/raportointiohje\/fi\/esimerkkeja-lahteiden-merkinnasta\/","title":{"rendered":"Esimerkkej\u00e4 l\u00e4hteiden merkinn\u00e4st\u00e4 (ennen syksy\u00e4 2024 opintonsa aloittaneille)"},"content":{"rendered":"\n<p><strong>T\u00e4m\u00e4n sivun ohjeet ovat ennen syksy\u00e4 2024 opintonsa aloittaneille eli raportointiohjeen lukua 5b noudattaville.<\/strong><\/p>\n\n\n\n<p><\/p>\n\n\n\n<p>L\u00e4hdeluettelon malli; malliin on koottu esimerkkej\u00e4 mahdollisimman erityyppisist\u00e4 l\u00e4hteist\u00e4. Numerolla alkavat l\u00e4hteet tulevat ennen kirjaimin aakkostettavia l\u00e4hteit\u00e4.<\/p>\n\n\n\n<h2 class=\"wp-block-heading\"><strong>L\u00e4hteet<\/strong><\/h2>\n\n\n\n<p>2019 jalkapallo Tampere. N.d. Suomen Palloliiton verkkosivu. Viitattu 28.2.2019. https:\/\/www.palloliitto.fi\/ottelut-ja-sarjat\/tulospalveluarkisto\/tampere\/2019-jalkapallo-tampere.<\/p>\n\n\n\n<p>A 28.12.2012\/1074. Valtioneuvoston asetus ty\u00f6markkina-alueista. Viitattu 12.2.2019. <a href=\"https:\/\/www.finlex.fi\/fi\/\">https:\/\/www.finlex.fi\/fi\/<\/a>, ajantasainen lains\u00e4\u00e4d\u00e4nt\u00f6.<\/p>\n\n\n\n<p>Balachandran, K., Bi, Q., Rudrapatna, A., Seymour, J., Soni, R. &amp; Weber, A. 2009. Performance assessment of next-generation wireless mobile systems. Bell Labs Technical Journal, 13, 4, 35\u201358. Viitattu 16.4.2016. <a title=\"JAMKin kirjasto, Janet\" href=\"https:\/\/janet.finna.fi\" target=\"_blank\" rel=\"noopener noreferrer\">https:\/\/janet.finna.fi<\/a>, Academic Search Elite.<\/p>\n\n\n\n<p>Bernaards, C. M., Ariens, G. A. M.,&nbsp; Simons, M., Knol, D. L. &amp; Hildebrandt, V. H. 2008. Improving work style behavior in computer workers with neck and upper limb symptoms. Journal of Occupational Rehabilitation, 1, 87\u2013101. Viitattu 15.1.2015. <a href=\"https:\/\/janet.finna.fi\">https:\/\/janet.finna.fi<\/a>, Cinahl.<\/p>\n\n\n\n<p>Diacor avasi uuden l\u00e4\u00e4k\u00e4riaseman puhelimeen. 2016. Uutinen Diacor-terveyspalvelut Oy:n verkkosivuilla 30.3.2016. Viitattu 7.4.2016. https:\/\/www.diacor.fi\/ajankohtaista\/diacor-avasi-uuden-l\u00e4\u00e4k\u00e4riaseman.<\/p>\n\n\n\n<p>Esteett\u00f6myydell\u00e4 osallisuuteen Jyv\u00e4skyl\u00e4n ammattikorkeakoulussa. 2009.&nbsp; Jyv\u00e4skyl\u00e4: Jyv\u00e4skyl\u00e4n ammattikorkeakoulu. Viitattu 15.4.2009. www.urn.fi\/URN:NBN:fi:jamk-1236326673-1 .<\/p>\n\n\n\n<p>Halttunen, J. 2016. Promoting entrepreneurship in Egypt. Julkaisussa Enhancing excellence of education in Egypt. Experiences in promoting accreditation and quality assurance system. Toim. L. Kaikkonen &amp; T. M\u00e4ki. Jyv\u00e4skyl\u00e4: JAMK University of Applied Sciences, 55\u201357. Publications of JAMK University of Applied Sciences 219.<\/p>\n\n\n\n<p>Hienonen, V., Kinnunen, H. &amp; Viita, A. 2015. Hyv\u00e4 vuokrasuhde. K\u00e4yt\u00e4nn\u00f6n opas asunnon vuokraukseen. Helsinki: Kiinteist\u00f6alan kustannus.<\/p>\n\n\n\n<p>Hirsj\u00e4rvi, S., Remes, P. &amp; Sajavaara, P. 2010. Tutki ja kirjoita. 15.\u201316. p. Helsinki: Tammi.<\/p>\n\n\n\n<p>Huoneenvuokralaki 481\/1995. Laki asuinhuoneiston vuokrauksesta. Annettu 31.3.1995. Viim. muutos 18.1.2013. Viitattu 31.8.2016. <a href=\"https:\/\/www.finlex.fi\/fi\/laki\/ajantasa\/1995\/19950481\">https:\/\/www.finlex.fi\/fi\/laki\/ajantasa\/1995\/19950481<\/a>.<\/p>\n\n\n\n<p>Hyt\u00f6nen, J. 2015. Pidet\u00e4\u00e4n kiinni turvaverkoista. Sosiaalivakuutus, 2, 24\u201326. Suomen mielenterveysseuran toiminnanjohtaja Marita Ruohosen ja Helsingin apulaiskaupunginjohtaja Pekka Saurin haastattelu. Viitattu 13.3.2015. <a href=\"http:\/\/www.kela.fi\/documents\/10180\/1978560\/Sosiaalivakuutus_215.pdf\/6accef8f-1a7e-4ad1-a5e2-ae0db2bf4d63\">http:\/\/www.kela.fi\/documents\/10180\/1978560\/Sosiaalivakuutus_215.pdf\/6accef8f-1a7e-4ad1-a5e2-ae0db2bf4d63<\/a>.<\/p>\n\n\n\n<p>H\u00e4nninen, K. 2015. Suomalaistutkijan l\u00e4pimurto. Kasvojen tunnistus \u00e4lylaitteisiin. Kauppalehti 17.6.2016. Viitattu 18.6.2016. http:\/\/www.kauppalehti.fi\/uutiset\/suomalaistutkijan-lapimurto-kasvojen-tunnistus-alylaitteisiin\/ZKC8vdQ4.<\/p>\n\n\n\n<p>Kallimo, K. 2016. Perusturvan toimialajohtaja. Jyv\u00e4skyl\u00e4n kaupunki. Haastattelu 15.4.2016.<\/p>\n\n\n\n<p>Karlsson, M. 2009. Moniallergikko voi pit\u00e4\u00e4 lemmikki\u00e4. Tesso, 2, 24\u201330.<\/p>\n\n\n\n<p>Keinonen, K. J. 2009a. Microsoft PowerPoint: edistynyt k\u00e4ytt\u00f6. Ornanet-koulutus, MS PowerPoint 2007 -ohjelmiston opas. Viitattu 2.6.2016.&nbsp;<a href=\"https:\/\/janet.finna.fi\">https:\/\/janet.finna.fi<\/a>, Ornanet.<\/p>\n\n\n\n<p>Keinonen, K. J. 2009b. Microsoft Word: edistynyt k\u00e4ytt\u00f6. Ornanet-koulutus, MS Word 2007 -ohjelmiston opas. Viitattu 2.6.2016.&nbsp;<a href=\"https:\/\/janet.finna.fi\">https:\/\/janet.finna.fi<\/a>, Ornanet.<\/p>\n\n\n\n<p>Koivunen, R. 2016. Toimitusjohtaja. Kaksi puuta Oy. Haastattelu 21.8.2016.<\/p>\n\n\n\n<p>Kojola, O.-M. 2016. P\u00f6rssikerho: Sijoittaminen ja sijoitussuunnitelma. Sijoitusasiantuntijan luento 13.1.2016 Jyv\u00e4skyl\u00e4n ammattikorkeakoulussa. J\u00e4rjest\u00e4jin\u00e4 JAMKO ry:n P\u00f6rssikerho ja Keski-Suomen Osuuspankki.<\/p>\n\n\n\n<p>Kosteusvauriot ty\u00f6paikoilla. 2009. Kosteusvaurioty\u00f6ryhm\u00e4n muistio. Helsinki: Sosiaali- ja terveysministeri\u00f6. Viitattu 4.4.2016. <a href=\"https:\/\/julkaisut.valtioneuvosto.fi\/bitstream\/handle\/10024\/72110\/URN%3ANBN%3Afi-fe201504224254.pdf?sequence=1\">https:\/\/julkaisut.valtioneuvosto.fi\/bitstream\/handle\/10024\/72110\/URN%3ANBN%3Afi-fe201504224254.pdf?sequence=1<\/a>.<\/p>\n\n\n\n<p>Kuusiaho, V. 2016. Soundscapes of the Keh\u00e4 Vihre\u00e4 urban park. Opinn\u00e4ytety\u00f6, AMK. Jyv\u00e4skyl\u00e4n ammattikorkeakoulu, matkailu-, ravitsemis- ja talousala, degree programme in facility management. Viitattu 17.8.2016. <a href=\"http:\/\/urn.fi\/URN:NBN:fi:amk-2016060712311\">http:\/\/urn.fi\/URN:NBN:fi:amk-2016060712311<\/a>.<\/p>\n\n\n\n<p>K\u00e4ytt\u00e4j\u00e4n k\u00e4sikirja A72, A82, A92. 2008. Suolahti: Valtra. Valtran A-sarjan traktoreiden k\u00e4sikirja. Osa 1. Viitattu 16.6.2009. http:\/\/www.valtra.fi\/extras\/332.asp.<\/p>\n\n\n\n<p>L 548\/2016. Laki kuntien ja kuntayhtymien er\u00e4iden oikeustoimien v\u00e4liaikaisesta rajoittamisesta sosiaali- ja terveydenhuollossa. Viitattu 31.8.2016.&nbsp;<a href=\"http:\/\/www.finlex.fi\/fi\/laki\/alkup\/2016\/20160548\">http:\/\/www.finlex.fi\/fi\/laki\/alkup\/2016\/20160548<\/a>.<\/p>\n\n\n\n<p>Laitinen, A. 2008. Maatilayritt\u00e4j\u00e4n RME-biodieselin laadunhallinta. Opinn\u00e4ytety\u00f6, AMK. Jyv\u00e4skyl\u00e4n ammattikorkeakoulu, Luonnonvarainstituutti, maaseutuelinkeinojen koulutusohjelma. Viitattu 15.4.2009. <a href=\"http:\/\/urn.fi\/URN:NBN:fi:jamk-1212485708-6\">http:\/\/urn.fi\/URN:NBN:fi:jamk-1212485708-6<\/a>.<\/p>\n\n\n\n<p>Laitinen, M. 2008. Asiakkaiden havainnoima myym\u00e4l\u00e4ymp\u00e4rist\u00f6 ja sen yhteys tunteisiin ja k\u00e4ytt\u00e4ytymiseen. Pro gradu -tutkielma. Jyv\u00e4skyl\u00e4n yliopisto, taloustieteiden tiedekunta, markkinointi.<\/p>\n\n\n\n<p>Laukkanen, J. 2015.&nbsp;Rintasy\u00f6p\u00e4potilaan palveluprosessin kehitt\u00e4minen. Yksityisrahoituksella erikoissairaanhoitoon It\u00e4-Savon sairaanhoitopiriss\u00e4. Opinn\u00e4ytety\u00f6, ylempi AMK.&nbsp; Jyv\u00e4skyl\u00e4n ammattikorkeakoulu, sosiaali-, terveys- ja liikunta-ala, sosiaali- ja terveysalan kehitt\u00e4misen ja johtamisen koulutusohjelma. Viitattu 17.8.2016. <a href=\"http:\/\/urn.fi\/URN:NBN:fi:amk-2015121320452\" target=\"_blank\" rel=\"noopener noreferrer\">http:\/\/urn.fi\/URN:NBN:fi:amk-2015121320452<\/a>.<\/p>\n\n\n\n<p>Liukko, S. &amp; Perttula, S. 2021. Opinn\u00e4ytety\u00f6n raportointi. Jyv\u00e4skyl\u00e4: Jyv\u00e4skyl\u00e4n ammattikorkeakoulu. Viitattu 14.1.2021. <a href=\"https:\/\/help.jamk.fi\/raportointiohje\/fi\/\">https:\/\/help.jamk.fi\/raportointi\/<\/a>.<\/p>\n\n\n\n<p>Nuijanmaa, S. 2014. Tuotekehitys. Julkaisussa Kest\u00e4vyyden kompassi. Maaseutumatkailuyritt\u00e4j\u00e4n k\u00e4sikirja. Jyv\u00e4skyl\u00e4: Jyv\u00e4skyl\u00e4n ammattikorkeakoulu, 63\u201370. Viitattu 24.2.2015. <a href=\"http:\/\/urn.fi\/URN:ISBN:978-951-830-362-9\" target=\"_blank\" rel=\"noopener noreferrer\">http:\/\/urn.fi\/URN:ISBN:978-951-830-362-9<\/a>.<\/p>\n\n\n\n<p>Nurminen, A. 2016. Ohjeita artikkelien kirjoittajille. S\u00e4hk\u00f6postiviesti 16.4.2016. Vastaanottaja T. Rautio. Viestinn\u00e4n lehtorin ohjeet julkaisusarjaan kirjoittaville restonomeille Jyv\u00e4skyl\u00e4n ammattikorkeakoulussa.<\/p>\n\n\n\n<p>Perheyst\u00e4v\u00e4llisesti t\u00f6iss\u00e4. N.d. V\u00e4est\u00f6liiton vuosina 2014\u20132017 toteutettavan projektin kuvaus Emma ja Elias -ohjelman sivustolla. Viitattu 17.8.2016. <a href=\"http:\/\/www.emmaelias.fi\/projektit\">http:\/\/www.emmaelias.fi\/projektit<\/a>.<\/p>\n\n\n\n<p>Peltoniemi, T. 2016. Biopolttoaineita synteettisen biologian avulla. Yle Radio 1 12.8.2016. Tiedeykk\u00f6nen-sarjan osa. Haastateltavina tutkimusprofessori Merja Penttil\u00e4, synteettisen biologian ryhm\u00e4n vet\u00e4j\u00e4 Jussi J\u00e4ntti ja tutkijatohtori Pauli Kallio. Kuunneltavissa Yle Areenassa. Viitattu 17.8.2016. <a href=\"http:\/\/areena.yle.fi\/1-3519201?autoplay=true.e\" target=\"_blank\" rel=\"noopener noreferrer\">http:\/\/areena.yle.fi\/1-3519201?autoplay=true.e<\/a>.<\/p>\n\n\n\n<p>POL 628\/1998. Perusopetuslaki. Annettu 21.8.1998. Viim. muutos 19.2.2016. Viitattu 31.8.2016. <a href=\"https:\/\/www.finlex.fi\/fi\/laki\/ajantasa\/1998\/19980628\">https:\/\/www.finlex.fi\/fi\/laki\/ajantasa\/1998\/19980628<\/a>.<\/p>\n\n\n\n<p>Rakentajain kalenteri 2016. 2015. Helsinki: Rakennustieto.<\/p>\n\n\n\n<p>Reiman, T., Pietik\u00e4inen E. &amp; Oedewald, P. 2008. Turvallisuuskulttuuri. Teoria ja arviointi. Espoo: VTT. Viitattu 30.8.2016. <a href=\"http:\/\/www.vtt.fi\/inf\/pdf\/publications\/2008\/P700.pdf\">http:\/\/www.vtt.fi\/inf\/pdf\/publications\/2008\/P700.pdf<\/a>.<\/p>\n\n\n\n<p>SFS 2487:2007. Asiakirjan tekstin asettelu ja tunnistetiedot. 8. p. Helsinki: Suomen Standardisoimisliitto SFS. Viitattu 12.5.2015.<a href=\"https:\/\/janet.finna.fi\">&nbsp;https:\/\/janet.finna.fi<\/a>, SFS Online.<\/p>\n\n\n\n<p>SFS-EN 15224:2013. Terveyspalvelut. Laadunhallintaj\u00e4rjestelm\u00e4t. Opas standardin ISO 9001:2008 k\u00e4ytt\u00f6\u00f6n. Julk. 25.10.2013. Viitattu 31.8.2016. <a href=\"https:\/\/janet.finna.fi\">https:\/\/janet.finna.fi<\/a>, SFS Online.<\/p>\n\n\n\n<p>SFS-ISO\/IEC 27018:2015. Menettelyohjeet henkil\u00f6tietojen suojaamiseen henkil\u00f6tietoja k\u00e4sitteleviss\u00e4 julkisissa pilvipalveluissa. Aihealueet: Informaatioteknologia, turvallisuustekniikat. Helsinki: Suomen Standardisoimisliitto SFS. Julk. 5.6.2015. Viitattu 1.7.2015. <a href=\"https:\/\/janet.finna.fi\">https:\/\/janet.finna.fi<\/a>, SFS Online.<\/p>\n\n\n\n<p>Sipari, S. 2008. Kuntouttava arki lapsen tueksi. Kasvatuksen ja kuntoutuksen yhteistoiminnan rakentuminen asiantuntijoiden keskusteluissa. V\u00e4it\u00f6skirja. Jyv\u00e4skyl\u00e4: Jyv\u00e4skyl\u00e4n yliopisto. Viitattu 2.6.2016. <a href=\"https:\/\/jyx.jyu.fi\/handle\/123456789\/18788\">http:\/\/urn.fi\/URN:ISBN:978-951-39-3325-8<\/a>.<\/p>\n\n\n\n<p>Smith, L. R. &amp; Sanderson, J. 2015. I\u2019m going to Instagram it! An analysis of athlete self-presentation on Instagram. Journal of Broadcasting &amp; Electronic Media, 59, 2, 342\u2013358. Viitattu 18.5.2015. <a href=\"https:\/\/janet.finna.fi\" target=\"_blank\" rel=\"noopener noreferrer\">https:\/\/janet.finna.fi<\/a>, Academic Search Elite.<em><br><\/em><\/p>\n\n\n\n<p>Tunne- ja turvataidot osaamiseksi. 2014. Jyv\u00e4skyl\u00e4: Jyv\u00e4skyl\u00e4n ammattikorkeakoulu. Viitattu 11.6.2015. <a href=\"http:\/\/urn.fi\/URN:ISBN:978-951-830-365-0\">http:\/\/urn.fi\/URN:ISBN:978-951-830-365-0<\/a>.<\/p>\n\n\n\n<p>Valkoinen raivo. 2015. Elokuva. Ohjaus A. Halonen. Yle TV1 23.5.2016.<\/p>\n\n\n\n<p>Valtra Oy Ab sponsorina. N.d. Artikkeli Valtran sivustolla. Viitattu 17.8.2016. <a href=\"http:\/\/www.valtra.fi\/Valtra-sponsorina_545.aspx\">http:\/\/www.valtra.fi\/Valtra-sponsorina_545.aspx<\/a>.<\/p>\n\n\n\n<p>Viestinn\u00e4n tiimi 8\/2016. 2016. P\u00f6yt\u00e4kirja 15.5.2016. Jyv\u00e4skyl\u00e4n ammattikorkeakoulu, Kielikeskus. Asiakirja Jyv\u00e4skyl\u00e4n ammattikorkeakoulun tietoj\u00e4rjestelm\u00e4ss\u00e4.<\/p>\n\n\n\n<p>Vuosikertomus 2015. 2016. Asiakirja Jyv\u00e4skyl\u00e4n ammattikorkeakoulun verkkosivuilla. Viitattu 12.5.2016. <a href=\"https:\/\/www.jamk.fi\/fi\/Tietoa-JAMKista\/vuosikertomus-2015\/\">http:\/\/www.jamk.fi\/fi\/Tietoa-JAMKista\/vuosikertomus-2015\/<\/a>.<\/p>\n\n\n\n<p>Y\u00f6pymiset kaikissa majoitusliikkeiss\u00e4, kes\u00e4kuu 2016. 2016. Majoitustilasto, kes\u00e4kuu 2016, liitetaulukko 2.1. Helsinki: Tilastokeskus. Viitattu 30.8.2016. <a href=\"http:\/\/tilastokeskus.fi\/til\/matk\/2016\/06\/index.html\">http:\/\/tilastokeskus.fi\/til\/matk\/2016\/06\/index.html<\/a>.<\/p>\n","protected":false},"excerpt":{"rendered":"<p>T\u00e4m\u00e4n sivun ohjeet ovat ennen syksy\u00e4 2024 opintonsa aloittaneille eli raportointiohjeen lukua 5b noudattaville. L\u00e4hdeluettelon malli; malliin on koottu esimerkkej\u00e4 mahdollisimman erityyppisist\u00e4 l\u00e4hteist\u00e4. Numerolla alkavat l\u00e4hteet tulevat ennen kirjaimin aakkostettavia l\u00e4hteit\u00e4. L\u00e4hteet 2019 jalkapallo Tampere. N.d. Suomen Palloliiton verkkosivu. Viitattu 28.2.2019. https:\/\/www.palloliitto.fi\/ottelut-ja-sarjat\/tulospalveluarkisto\/tampere\/2019-jalkapallo-tampere. A 28.12.2012\/1074. Valtioneuvoston asetus ty\u00f6markkina-alueista. Viitattu 12.2.2019. https:\/\/www.finlex.fi\/fi\/, ajantasainen lains\u00e4\u00e4d\u00e4nt\u00f6. Balachandran, K., Bi, [&hellip;]<\/p>\n","protected":false},"author":79,"featured_media":0,"parent":0,"menu_order":10,"comment_status":"closed","ping_status":"closed","template":"","meta":{"_acf_changed":false,"_relevanssi_hide_post":"","_relevanssi_hide_content":"","_relevanssi_pin_for_all":"","_relevanssi_pin_keywords":"","_relevanssi_unpin_keywords":"","_relevanssi_related_keywords":"","_relevanssi_related_include_ids":"","_relevanssi_related_exclude_ids":"","_relevanssi_related_no_append":"","_relevanssi_related_not_related":"","_relevanssi_related_posts":"","_relevanssi_noindex_reason":"","footnotes":""},"categories":[],"tags":[737,257,263],"class_list":["post-207","page","type-page","status-publish","hentry","tag-lahde","tag-lahdeluettelo","tag-lahdeviite"],"acf":[],"yoast_head":"<!-- This site is optimized with the Yoast SEO plugin v27.3 - https:\/\/yoast.com\/product\/yoast-seo-wordpress\/ -->\n<title>Esimerkkej\u00e4 l\u00e4hteiden merkinn\u00e4st\u00e4 (ennen syksy\u00e4 2024 opintonsa aloittaneille) - Opinn\u00e4ytety\u00f6n raportointiohje<\/title>\n<meta name=\"robots\" content=\"index, follow, max-snippet:-1, max-image-preview:large, max-video-preview:-1\" \/>\n<link rel=\"canonical\" href=\"https:\/\/help.jamk.fi\/raportointiohje\/fi\/esimerkkeja-lahteiden-merkinnasta\/\" \/>\n<meta property=\"og:locale\" content=\"fi_FI\" \/>\n<meta property=\"og:type\" content=\"article\" \/>\n<meta property=\"og:title\" content=\"Esimerkkej\u00e4 l\u00e4hteiden merkinn\u00e4st\u00e4 (ennen syksy\u00e4 2024 opintonsa aloittaneille) - Opinn\u00e4ytety\u00f6n raportointiohje\" \/>\n<meta property=\"og:description\" content=\"T\u00e4m\u00e4n sivun ohjeet ovat ennen syksy\u00e4 2024 opintonsa aloittaneille eli raportointiohjeen lukua 5b noudattaville. L\u00e4hdeluettelon malli; malliin on koottu esimerkkej\u00e4 mahdollisimman erityyppisist\u00e4 l\u00e4hteist\u00e4. Numerolla alkavat l\u00e4hteet tulevat ennen kirjaimin aakkostettavia l\u00e4hteit\u00e4. L\u00e4hteet 2019 jalkapallo Tampere. N.d. Suomen Palloliiton verkkosivu. Viitattu 28.2.2019. https:\/\/www.palloliitto.fi\/ottelut-ja-sarjat\/tulospalveluarkisto\/tampere\/2019-jalkapallo-tampere. A 28.12.2012\/1074. Valtioneuvoston asetus ty\u00f6markkina-alueista. Viitattu 12.2.2019. https:\/\/www.finlex.fi\/fi\/, ajantasainen lains\u00e4\u00e4d\u00e4nt\u00f6. Balachandran, K., Bi, [&hellip;]\" \/>\n<meta property=\"og:url\" content=\"https:\/\/help.jamk.fi\/raportointiohje\/fi\/esimerkkeja-lahteiden-merkinnasta\/\" \/>\n<meta property=\"og:site_name\" content=\"Opinn\u00e4ytety\u00f6n raportointiohje\" \/>\n<meta property=\"article:modified_time\" content=\"2026-03-20T06:28:18+00:00\" \/>\n<meta name=\"twitter:card\" content=\"summary_large_image\" \/>\n<meta name=\"twitter:label1\" content=\"Arvioitu lukuaika\" \/>\n\t<meta name=\"twitter:data1\" content=\"5 minuuttia\" \/>\n<script type=\"application\/ld+json\" class=\"yoast-schema-graph\">{\"@context\":\"https:\\\/\\\/schema.org\",\"@graph\":[{\"@type\":\"WebPage\",\"@id\":\"https:\\\/\\\/help.jamk.fi\\\/raportointiohje\\\/fi\\\/esimerkkeja-lahteiden-merkinnasta\\\/\",\"url\":\"https:\\\/\\\/help.jamk.fi\\\/raportointiohje\\\/fi\\\/esimerkkeja-lahteiden-merkinnasta\\\/\",\"name\":\"Esimerkkej\u00e4 l\u00e4hteiden merkinn\u00e4st\u00e4 (ennen syksy\u00e4 2024 opintonsa aloittaneille) - Opinn\u00e4ytety\u00f6n raportointiohje\",\"isPartOf\":{\"@id\":\"https:\\\/\\\/help.jamk.fi\\\/raportointiohje\\\/#website\"},\"datePublished\":\"2014-10-01T06:37:28+00:00\",\"dateModified\":\"2026-03-20T06:28:18+00:00\",\"breadcrumb\":{\"@id\":\"https:\\\/\\\/help.jamk.fi\\\/raportointiohje\\\/fi\\\/esimerkkeja-lahteiden-merkinnasta\\\/#breadcrumb\"},\"inLanguage\":\"fi\",\"potentialAction\":[{\"@type\":\"ReadAction\",\"target\":[\"https:\\\/\\\/help.jamk.fi\\\/raportointiohje\\\/fi\\\/esimerkkeja-lahteiden-merkinnasta\\\/\"]}]},{\"@type\":\"BreadcrumbList\",\"@id\":\"https:\\\/\\\/help.jamk.fi\\\/raportointiohje\\\/fi\\\/esimerkkeja-lahteiden-merkinnasta\\\/#breadcrumb\",\"itemListElement\":[{\"@type\":\"ListItem\",\"position\":1,\"name\":\"Etusivu\",\"item\":\"https:\\\/\\\/help.jamk.fi\\\/raportointiohje\\\/fi\\\/\"},{\"@type\":\"ListItem\",\"position\":2,\"name\":\"Esimerkkej\u00e4 l\u00e4hteiden merkinn\u00e4st\u00e4 (ennen syksy\u00e4 2024 opintonsa aloittaneille)\"}]},{\"@type\":\"WebSite\",\"@id\":\"https:\\\/\\\/help.jamk.fi\\\/raportointiohje\\\/#website\",\"url\":\"https:\\\/\\\/help.jamk.fi\\\/raportointiohje\\\/\",\"name\":\"Opinn\u00e4ytety\u00f6n raportointiohje\",\"description\":\"\",\"potentialAction\":[{\"@type\":\"SearchAction\",\"target\":{\"@type\":\"EntryPoint\",\"urlTemplate\":\"https:\\\/\\\/help.jamk.fi\\\/raportointiohje\\\/?s={search_term_string}\"},\"query-input\":{\"@type\":\"PropertyValueSpecification\",\"valueRequired\":true,\"valueName\":\"search_term_string\"}}],\"inLanguage\":\"fi\"}]}<\/script>\n<!-- \/ Yoast SEO plugin. -->","yoast_head_json":{"title":"Esimerkkej\u00e4 l\u00e4hteiden merkinn\u00e4st\u00e4 (ennen syksy\u00e4 2024 opintonsa aloittaneille) - Opinn\u00e4ytety\u00f6n raportointiohje","robots":{"index":"index","follow":"follow","max-snippet":"max-snippet:-1","max-image-preview":"max-image-preview:large","max-video-preview":"max-video-preview:-1"},"canonical":"https:\/\/help.jamk.fi\/raportointiohje\/fi\/esimerkkeja-lahteiden-merkinnasta\/","og_locale":"fi_FI","og_type":"article","og_title":"Esimerkkej\u00e4 l\u00e4hteiden merkinn\u00e4st\u00e4 (ennen syksy\u00e4 2024 opintonsa aloittaneille) - Opinn\u00e4ytety\u00f6n raportointiohje","og_description":"T\u00e4m\u00e4n sivun ohjeet ovat ennen syksy\u00e4 2024 opintonsa aloittaneille eli raportointiohjeen lukua 5b noudattaville. L\u00e4hdeluettelon malli; malliin on koottu esimerkkej\u00e4 mahdollisimman erityyppisist\u00e4 l\u00e4hteist\u00e4. Numerolla alkavat l\u00e4hteet tulevat ennen kirjaimin aakkostettavia l\u00e4hteit\u00e4. L\u00e4hteet 2019 jalkapallo Tampere. N.d. Suomen Palloliiton verkkosivu. Viitattu 28.2.2019. https:\/\/www.palloliitto.fi\/ottelut-ja-sarjat\/tulospalveluarkisto\/tampere\/2019-jalkapallo-tampere. A 28.12.2012\/1074. Valtioneuvoston asetus ty\u00f6markkina-alueista. Viitattu 12.2.2019. https:\/\/www.finlex.fi\/fi\/, ajantasainen lains\u00e4\u00e4d\u00e4nt\u00f6. Balachandran, K., Bi, [&hellip;]","og_url":"https:\/\/help.jamk.fi\/raportointiohje\/fi\/esimerkkeja-lahteiden-merkinnasta\/","og_site_name":"Opinn\u00e4ytety\u00f6n raportointiohje","article_modified_time":"2026-03-20T06:28:18+00:00","twitter_card":"summary_large_image","twitter_misc":{"Arvioitu lukuaika":"5 minuuttia"},"schema":{"@context":"https:\/\/schema.org","@graph":[{"@type":"WebPage","@id":"https:\/\/help.jamk.fi\/raportointiohje\/fi\/esimerkkeja-lahteiden-merkinnasta\/","url":"https:\/\/help.jamk.fi\/raportointiohje\/fi\/esimerkkeja-lahteiden-merkinnasta\/","name":"Esimerkkej\u00e4 l\u00e4hteiden merkinn\u00e4st\u00e4 (ennen syksy\u00e4 2024 opintonsa aloittaneille) - Opinn\u00e4ytety\u00f6n raportointiohje","isPartOf":{"@id":"https:\/\/help.jamk.fi\/raportointiohje\/#website"},"datePublished":"2014-10-01T06:37:28+00:00","dateModified":"2026-03-20T06:28:18+00:00","breadcrumb":{"@id":"https:\/\/help.jamk.fi\/raportointiohje\/fi\/esimerkkeja-lahteiden-merkinnasta\/#breadcrumb"},"inLanguage":"fi","potentialAction":[{"@type":"ReadAction","target":["https:\/\/help.jamk.fi\/raportointiohje\/fi\/esimerkkeja-lahteiden-merkinnasta\/"]}]},{"@type":"BreadcrumbList","@id":"https:\/\/help.jamk.fi\/raportointiohje\/fi\/esimerkkeja-lahteiden-merkinnasta\/#breadcrumb","itemListElement":[{"@type":"ListItem","position":1,"name":"Etusivu","item":"https:\/\/help.jamk.fi\/raportointiohje\/fi\/"},{"@type":"ListItem","position":2,"name":"Esimerkkej\u00e4 l\u00e4hteiden merkinn\u00e4st\u00e4 (ennen syksy\u00e4 2024 opintonsa aloittaneille)"}]},{"@type":"WebSite","@id":"https:\/\/help.jamk.fi\/raportointiohje\/#website","url":"https:\/\/help.jamk.fi\/raportointiohje\/","name":"Opinn\u00e4ytety\u00f6n raportointiohje","description":"","potentialAction":[{"@type":"SearchAction","target":{"@type":"EntryPoint","urlTemplate":"https:\/\/help.jamk.fi\/raportointiohje\/?s={search_term_string}"},"query-input":{"@type":"PropertyValueSpecification","valueRequired":true,"valueName":"search_term_string"}}],"inLanguage":"fi"}]}},"_links":{"self":[{"href":"https:\/\/help.jamk.fi\/raportointiohje\/wp-json\/wp\/v2\/pages\/207","targetHints":{"allow":["GET"]}}],"collection":[{"href":"https:\/\/help.jamk.fi\/raportointiohje\/wp-json\/wp\/v2\/pages"}],"about":[{"href":"https:\/\/help.jamk.fi\/raportointiohje\/wp-json\/wp\/v2\/types\/page"}],"author":[{"embeddable":true,"href":"https:\/\/help.jamk.fi\/raportointiohje\/wp-json\/wp\/v2\/users\/79"}],"replies":[{"embeddable":true,"href":"https:\/\/help.jamk.fi\/raportointiohje\/wp-json\/wp\/v2\/comments?post=207"}],"version-history":[{"count":9,"href":"https:\/\/help.jamk.fi\/raportointiohje\/wp-json\/wp\/v2\/pages\/207\/revisions"}],"predecessor-version":[{"id":1406,"href":"https:\/\/help.jamk.fi\/raportointiohje\/wp-json\/wp\/v2\/pages\/207\/revisions\/1406"}],"wp:attachment":[{"href":"https:\/\/help.jamk.fi\/raportointiohje\/wp-json\/wp\/v2\/media?parent=207"}],"wp:term":[{"taxonomy":"category","embeddable":true,"href":"https:\/\/help.jamk.fi\/raportointiohje\/wp-json\/wp\/v2\/categories?post=207"},{"taxonomy":"post_tag","embeddable":true,"href":"https:\/\/help.jamk.fi\/raportointiohje\/wp-json\/wp\/v2\/tags?post=207"}],"curies":[{"name":"wp","href":"https:\/\/api.w.org\/{rel}","templated":true}]}}