{"id":208,"date":"2015-06-09T12:36:34","date_gmt":"2015-06-09T09:36:34","guid":{"rendered":"https:\/\/help.jamk.fi\/raportointiohje\/4-2-4-tutkimusasetelma\/"},"modified":"2023-11-03T16:31:12","modified_gmt":"2023-11-03T14:31:12","slug":"4-2-4-tutkimusasetelma","status":"publish","type":"page","link":"https:\/\/help.jamk.fi\/raportointiohje\/fi\/4-opinnaytetyon-rakenne\/4-2-opinnaytetyon-runko-osa\/4-2-4-tutkimusasetelma\/","title":{"rendered":"4.2.3 Tutkimusasetelma"},"content":{"rendered":"<p>Tutkittavaan ilmi\u00f6\u00f6n liittyy aina jokin ongelma, ja sen ratkaisemiseen kuuluvat asiat selostetaan opinn\u00e4ytety\u00f6ss\u00e4. Ongelman sijasta voidaan k\u00e4ytt\u00e4\u00e4 tavoitekuvausta. Yleens\u00e4 <strong>tutkimusongelmasta<\/strong> muotoillaan yksi tai useampi <strong>tutkimuskysymys<\/strong>. Kysymykset helpottavat ja suuntaavat tiedonhakua sek\u00e4 ohjaavat tutkimusmenetelm\u00e4n valinnassa ja koko opinn\u00e4ytety\u00f6n toteuttamisessa.<\/p>\n<p>Tutkimusongelman ratkaisemiseksi tekij\u00e4n on m\u00e4\u00e4ritelt\u00e4v\u00e4 ja rajattava se tieto, jonka pohjalta asiaa tarkastellaan (tietoperusta). Samoin on selostettava ja perusteltava ne <strong>tutkimus- ja analyysimenetelm\u00e4t<\/strong>, joilla ongelma pyrit\u00e4\u00e4n ratkaisemaan.<\/p>\n<p>Tutkimuksen <strong>luotettavuuden<\/strong> varmistamista on mietitt\u00e4v\u00e4 jo suunnitteluvaiheessa. Opinn\u00e4ytety\u00f6ss\u00e4 esitell\u00e4\u00e4n ne keinot, joiden avulla pyrit\u00e4\u00e4n mahdollisimman luotettaviin ja uskottaviin tuloksiin. Luotettavuuskriteerit ovat erilaiset eri tutkimustyypeiss\u00e4. (Ks. Kananen 2015.)<\/p>\n<p><strong>Tutkimuskohteen<\/strong> kuvaamisella luodaan k\u00e4sitys siit\u00e4, millainen tutkimuskohde on kyseess\u00e4. Tutkimustulosten soveltumista muihin vastaaviin tapauksiin voidaan arvioida silloin, kun tutkimustilanne on kuvattu riitt\u00e4v\u00e4n tarkasti. Jos tutkimuskohteena on yritys, voidaan kuvata 1) yrityksen historia lyhyesti, 2) yrityksen toimiala, rakenne ja omistajat, 3) henkil\u00f6st\u00f6, liikevaihto, markkinat, 4) mahdollisesti jokin yrityksen merkitt\u00e4v\u00e4 osa. (Kananen 2015.)<\/p>\n<p>Usein tutkimuksen kohde mainitaan lyhyesti jo johdannossa. Laajempi, koko tutkimusasetelman selostus sijoittuu johdannon j\u00e4lkeen, tutkimuksen toteutuksen mukaisesti joko ennen tai j\u00e4lkeen tietoperustan.<\/p>\n","protected":false},"excerpt":{"rendered":"<p>Tutkittavaan ilmi\u00f6\u00f6n liittyy aina jokin ongelma, ja sen ratkaisemiseen kuuluvat asiat selostetaan opinn\u00e4ytety\u00f6ss\u00e4. Ongelman sijasta voidaan k\u00e4ytt\u00e4\u00e4 tavoitekuvausta. Yleens\u00e4 tutkimusongelmasta muotoillaan yksi tai useampi tutkimuskysymys. Kysymykset helpottavat ja suuntaavat tiedonhakua sek\u00e4 ohjaavat tutkimusmenetelm\u00e4n valinnassa ja koko opinn\u00e4ytety\u00f6n toteuttamisessa. Tutkimusongelman ratkaisemiseksi tekij\u00e4n on m\u00e4\u00e4ritelt\u00e4v\u00e4 ja rajattava se tieto, jonka pohjalta asiaa tarkastellaan (tietoperusta). Samoin on selostettava [&hellip;]<\/p>\n","protected":false},"author":79,"featured_media":0,"parent":211,"menu_order":4,"comment_status":"open","ping_status":"closed","template":"","meta":{"_acf_changed":false,"_relevanssi_hide_post":"","_relevanssi_hide_content":"","_relevanssi_pin_for_all":"","_relevanssi_pin_keywords":"","_relevanssi_unpin_keywords":"","_relevanssi_related_keywords":"","_relevanssi_related_include_ids":"","_relevanssi_related_exclude_ids":"","_relevanssi_related_no_append":"","_relevanssi_related_not_related":"","_relevanssi_related_posts":"","_relevanssi_noindex_reason":"","footnotes":""},"categories":[],"tags":[65,741,747,629,659],"class_list":["post-208","page","type-page","status-publish","hentry","tag-analyysi","tag-luotettavuus","tag-tutkimuskohde","tag-tutkimuskysymys","tag-tutkimusongelma"],"acf":[],"yoast_head":"<!-- This site is optimized with the Yoast SEO plugin v27.3 - https:\/\/yoast.com\/product\/yoast-seo-wordpress\/ -->\n<title>4.2.3 Tutkimusasetelma - Opinn\u00e4ytety\u00f6n raportointiohje<\/title>\n<meta name=\"robots\" content=\"index, follow, max-snippet:-1, max-image-preview:large, max-video-preview:-1\" \/>\n<link rel=\"canonical\" href=\"https:\/\/help.jamk.fi\/raportointiohje\/fi\/4-opinnaytetyon-rakenne\/4-2-opinnaytetyon-runko-osa\/4-2-4-tutkimusasetelma\/\" \/>\n<meta property=\"og:locale\" content=\"fi_FI\" \/>\n<meta property=\"og:type\" content=\"article\" \/>\n<meta property=\"og:title\" content=\"4.2.3 Tutkimusasetelma - Opinn\u00e4ytety\u00f6n raportointiohje\" \/>\n<meta property=\"og:description\" content=\"Tutkittavaan ilmi\u00f6\u00f6n liittyy aina jokin ongelma, ja sen ratkaisemiseen kuuluvat asiat selostetaan opinn\u00e4ytety\u00f6ss\u00e4. Ongelman sijasta voidaan k\u00e4ytt\u00e4\u00e4 tavoitekuvausta. Yleens\u00e4 tutkimusongelmasta muotoillaan yksi tai useampi tutkimuskysymys. Kysymykset helpottavat ja suuntaavat tiedonhakua sek\u00e4 ohjaavat tutkimusmenetelm\u00e4n valinnassa ja koko opinn\u00e4ytety\u00f6n toteuttamisessa. Tutkimusongelman ratkaisemiseksi tekij\u00e4n on m\u00e4\u00e4ritelt\u00e4v\u00e4 ja rajattava se tieto, jonka pohjalta asiaa tarkastellaan (tietoperusta). Samoin on selostettava [&hellip;]\" \/>\n<meta property=\"og:url\" content=\"https:\/\/help.jamk.fi\/raportointiohje\/fi\/4-opinnaytetyon-rakenne\/4-2-opinnaytetyon-runko-osa\/4-2-4-tutkimusasetelma\/\" \/>\n<meta property=\"og:site_name\" content=\"Opinn\u00e4ytety\u00f6n raportointiohje\" \/>\n<meta property=\"article:modified_time\" content=\"2023-11-03T14:31:12+00:00\" \/>\n<meta name=\"twitter:card\" content=\"summary_large_image\" \/>\n<meta name=\"twitter:label1\" content=\"Arvioitu lukuaika\" \/>\n\t<meta name=\"twitter:data1\" content=\"1 minuutti\" \/>\n<script type=\"application\/ld+json\" class=\"yoast-schema-graph\">{\"@context\":\"https:\\\/\\\/schema.org\",\"@graph\":[{\"@type\":\"WebPage\",\"@id\":\"https:\\\/\\\/help.jamk.fi\\\/raportointiohje\\\/fi\\\/4-opinnaytetyon-rakenne\\\/4-2-opinnaytetyon-runko-osa\\\/4-2-4-tutkimusasetelma\\\/\",\"url\":\"https:\\\/\\\/help.jamk.fi\\\/raportointiohje\\\/fi\\\/4-opinnaytetyon-rakenne\\\/4-2-opinnaytetyon-runko-osa\\\/4-2-4-tutkimusasetelma\\\/\",\"name\":\"4.2.3 Tutkimusasetelma - Opinn\u00e4ytety\u00f6n raportointiohje\",\"isPartOf\":{\"@id\":\"https:\\\/\\\/help.jamk.fi\\\/raportointiohje\\\/#website\"},\"datePublished\":\"2015-06-09T09:36:34+00:00\",\"dateModified\":\"2023-11-03T14:31:12+00:00\",\"breadcrumb\":{\"@id\":\"https:\\\/\\\/help.jamk.fi\\\/raportointiohje\\\/fi\\\/4-opinnaytetyon-rakenne\\\/4-2-opinnaytetyon-runko-osa\\\/4-2-4-tutkimusasetelma\\\/#breadcrumb\"},\"inLanguage\":\"fi\",\"potentialAction\":[{\"@type\":\"ReadAction\",\"target\":[\"https:\\\/\\\/help.jamk.fi\\\/raportointiohje\\\/fi\\\/4-opinnaytetyon-rakenne\\\/4-2-opinnaytetyon-runko-osa\\\/4-2-4-tutkimusasetelma\\\/\"]}]},{\"@type\":\"BreadcrumbList\",\"@id\":\"https:\\\/\\\/help.jamk.fi\\\/raportointiohje\\\/fi\\\/4-opinnaytetyon-rakenne\\\/4-2-opinnaytetyon-runko-osa\\\/4-2-4-tutkimusasetelma\\\/#breadcrumb\",\"itemListElement\":[{\"@type\":\"ListItem\",\"position\":1,\"name\":\"Etusivu\",\"item\":\"https:\\\/\\\/help.jamk.fi\\\/raportointiohje\\\/fi\\\/\"},{\"@type\":\"ListItem\",\"position\":2,\"name\":\"4 Opinn\u00e4ytety\u00f6n rakenne\",\"item\":\"https:\\\/\\\/help.jamk.fi\\\/raportointiohje\\\/fi\\\/4-opinnaytetyon-rakenne\\\/\"},{\"@type\":\"ListItem\",\"position\":3,\"name\":\"4.2 Opinn\u00e4ytety\u00f6n runko-osa\",\"item\":\"https:\\\/\\\/help.jamk.fi\\\/raportointiohje\\\/fi\\\/4-opinnaytetyon-rakenne\\\/4-2-opinnaytetyon-runko-osa\\\/\"},{\"@type\":\"ListItem\",\"position\":4,\"name\":\"4.2.3 Tutkimusasetelma\"}]},{\"@type\":\"WebSite\",\"@id\":\"https:\\\/\\\/help.jamk.fi\\\/raportointiohje\\\/#website\",\"url\":\"https:\\\/\\\/help.jamk.fi\\\/raportointiohje\\\/\",\"name\":\"Opinn\u00e4ytety\u00f6n raportointiohje\",\"description\":\"\",\"potentialAction\":[{\"@type\":\"SearchAction\",\"target\":{\"@type\":\"EntryPoint\",\"urlTemplate\":\"https:\\\/\\\/help.jamk.fi\\\/raportointiohje\\\/?s={search_term_string}\"},\"query-input\":{\"@type\":\"PropertyValueSpecification\",\"valueRequired\":true,\"valueName\":\"search_term_string\"}}],\"inLanguage\":\"fi\"}]}<\/script>\n<!-- \/ Yoast SEO plugin. -->","yoast_head_json":{"title":"4.2.3 Tutkimusasetelma - Opinn\u00e4ytety\u00f6n raportointiohje","robots":{"index":"index","follow":"follow","max-snippet":"max-snippet:-1","max-image-preview":"max-image-preview:large","max-video-preview":"max-video-preview:-1"},"canonical":"https:\/\/help.jamk.fi\/raportointiohje\/fi\/4-opinnaytetyon-rakenne\/4-2-opinnaytetyon-runko-osa\/4-2-4-tutkimusasetelma\/","og_locale":"fi_FI","og_type":"article","og_title":"4.2.3 Tutkimusasetelma - Opinn\u00e4ytety\u00f6n raportointiohje","og_description":"Tutkittavaan ilmi\u00f6\u00f6n liittyy aina jokin ongelma, ja sen ratkaisemiseen kuuluvat asiat selostetaan opinn\u00e4ytety\u00f6ss\u00e4. Ongelman sijasta voidaan k\u00e4ytt\u00e4\u00e4 tavoitekuvausta. Yleens\u00e4 tutkimusongelmasta muotoillaan yksi tai useampi tutkimuskysymys. Kysymykset helpottavat ja suuntaavat tiedonhakua sek\u00e4 ohjaavat tutkimusmenetelm\u00e4n valinnassa ja koko opinn\u00e4ytety\u00f6n toteuttamisessa. Tutkimusongelman ratkaisemiseksi tekij\u00e4n on m\u00e4\u00e4ritelt\u00e4v\u00e4 ja rajattava se tieto, jonka pohjalta asiaa tarkastellaan (tietoperusta). Samoin on selostettava [&hellip;]","og_url":"https:\/\/help.jamk.fi\/raportointiohje\/fi\/4-opinnaytetyon-rakenne\/4-2-opinnaytetyon-runko-osa\/4-2-4-tutkimusasetelma\/","og_site_name":"Opinn\u00e4ytety\u00f6n raportointiohje","article_modified_time":"2023-11-03T14:31:12+00:00","twitter_card":"summary_large_image","twitter_misc":{"Arvioitu lukuaika":"1 minuutti"},"schema":{"@context":"https:\/\/schema.org","@graph":[{"@type":"WebPage","@id":"https:\/\/help.jamk.fi\/raportointiohje\/fi\/4-opinnaytetyon-rakenne\/4-2-opinnaytetyon-runko-osa\/4-2-4-tutkimusasetelma\/","url":"https:\/\/help.jamk.fi\/raportointiohje\/fi\/4-opinnaytetyon-rakenne\/4-2-opinnaytetyon-runko-osa\/4-2-4-tutkimusasetelma\/","name":"4.2.3 Tutkimusasetelma - Opinn\u00e4ytety\u00f6n raportointiohje","isPartOf":{"@id":"https:\/\/help.jamk.fi\/raportointiohje\/#website"},"datePublished":"2015-06-09T09:36:34+00:00","dateModified":"2023-11-03T14:31:12+00:00","breadcrumb":{"@id":"https:\/\/help.jamk.fi\/raportointiohje\/fi\/4-opinnaytetyon-rakenne\/4-2-opinnaytetyon-runko-osa\/4-2-4-tutkimusasetelma\/#breadcrumb"},"inLanguage":"fi","potentialAction":[{"@type":"ReadAction","target":["https:\/\/help.jamk.fi\/raportointiohje\/fi\/4-opinnaytetyon-rakenne\/4-2-opinnaytetyon-runko-osa\/4-2-4-tutkimusasetelma\/"]}]},{"@type":"BreadcrumbList","@id":"https:\/\/help.jamk.fi\/raportointiohje\/fi\/4-opinnaytetyon-rakenne\/4-2-opinnaytetyon-runko-osa\/4-2-4-tutkimusasetelma\/#breadcrumb","itemListElement":[{"@type":"ListItem","position":1,"name":"Etusivu","item":"https:\/\/help.jamk.fi\/raportointiohje\/fi\/"},{"@type":"ListItem","position":2,"name":"4 Opinn\u00e4ytety\u00f6n rakenne","item":"https:\/\/help.jamk.fi\/raportointiohje\/fi\/4-opinnaytetyon-rakenne\/"},{"@type":"ListItem","position":3,"name":"4.2 Opinn\u00e4ytety\u00f6n runko-osa","item":"https:\/\/help.jamk.fi\/raportointiohje\/fi\/4-opinnaytetyon-rakenne\/4-2-opinnaytetyon-runko-osa\/"},{"@type":"ListItem","position":4,"name":"4.2.3 Tutkimusasetelma"}]},{"@type":"WebSite","@id":"https:\/\/help.jamk.fi\/raportointiohje\/#website","url":"https:\/\/help.jamk.fi\/raportointiohje\/","name":"Opinn\u00e4ytety\u00f6n raportointiohje","description":"","potentialAction":[{"@type":"SearchAction","target":{"@type":"EntryPoint","urlTemplate":"https:\/\/help.jamk.fi\/raportointiohje\/?s={search_term_string}"},"query-input":{"@type":"PropertyValueSpecification","valueRequired":true,"valueName":"search_term_string"}}],"inLanguage":"fi"}]}},"_links":{"self":[{"href":"https:\/\/help.jamk.fi\/raportointiohje\/wp-json\/wp\/v2\/pages\/208","targetHints":{"allow":["GET"]}}],"collection":[{"href":"https:\/\/help.jamk.fi\/raportointiohje\/wp-json\/wp\/v2\/pages"}],"about":[{"href":"https:\/\/help.jamk.fi\/raportointiohje\/wp-json\/wp\/v2\/types\/page"}],"author":[{"embeddable":true,"href":"https:\/\/help.jamk.fi\/raportointiohje\/wp-json\/wp\/v2\/users\/79"}],"replies":[{"embeddable":true,"href":"https:\/\/help.jamk.fi\/raportointiohje\/wp-json\/wp\/v2\/comments?post=208"}],"version-history":[{"count":1,"href":"https:\/\/help.jamk.fi\/raportointiohje\/wp-json\/wp\/v2\/pages\/208\/revisions"}],"predecessor-version":[{"id":285,"href":"https:\/\/help.jamk.fi\/raportointiohje\/wp-json\/wp\/v2\/pages\/208\/revisions\/285"}],"up":[{"embeddable":true,"href":"https:\/\/help.jamk.fi\/raportointiohje\/wp-json\/wp\/v2\/pages\/211"}],"wp:attachment":[{"href":"https:\/\/help.jamk.fi\/raportointiohje\/wp-json\/wp\/v2\/media?parent=208"}],"wp:term":[{"taxonomy":"category","embeddable":true,"href":"https:\/\/help.jamk.fi\/raportointiohje\/wp-json\/wp\/v2\/categories?post=208"},{"taxonomy":"post_tag","embeddable":true,"href":"https:\/\/help.jamk.fi\/raportointiohje\/wp-json\/wp\/v2\/tags?post=208"}],"curies":[{"name":"wp","href":"https:\/\/api.w.org\/{rel}","templated":true}]}}