{"id":211,"date":"2015-06-09T12:44:03","date_gmt":"2015-06-09T09:44:03","guid":{"rendered":"https:\/\/help.jamk.fi\/raportointiohje\/4-opinnaytetyon-rakenne\/4-2-opinnaytetyon-runko-osa\/"},"modified":"2024-01-12T14:17:17","modified_gmt":"2024-01-12T12:17:17","slug":"4-2-opinnaytetyon-runko-osa","status":"publish","type":"page","link":"https:\/\/help.jamk.fi\/raportointiohje\/fi\/4-opinnaytetyon-rakenne\/4-2-opinnaytetyon-runko-osa\/","title":{"rendered":"4.2 Opinn\u00e4ytety\u00f6n runko-osa"},"content":{"rendered":"\n<p>Opinn\u00e4ytety\u00f6n varsinainen teksti (runko-osa) sis\u00e4lt\u00e4\u00e4 johdattelun asiaan, asian k\u00e4sittelyn ja tarkastelun.&nbsp;Kirjoittajan valitseman&nbsp;k\u00e4sittelytavan perusteella teksti voidaan rakentaa erilaisin tavoin sen mukaan, onko kyseess\u00e4 esimerkiksi tutkimustyyppinen ty\u00f6, kehitt\u00e4mishanke tai laadullinen tarkastelu. <strong>Tutkimustyyppinen<\/strong> ty\u00f6 on esimerkiksi kysely-, haastattelu-, markkina- tai toimintatutkimus. T\u00e4ss\u00e4 ohjeistossa tutkimus-sanaa k\u00e4ytet\u00e4\u00e4n kuvaamaan sek\u00e4 <a href=\"https:\/\/help.jamk.fi\/opinnaytetyo\/toteutustavat-ja-rakenne\/\">kehitt\u00e4vi\u00e4 tutkimuksia ett\u00e4 tutkimuksellisia kehitt\u00e4mist\u00f6it\u00e4<\/a>. Erilaisia rakenteita tarkastellaan tarkemmin <a href=\"https:\/\/help.jamk.fi\/opinnaytetyo\/fi\/\">Opinn\u00e4ytety\u00f6-sivuston alaluvuissa 2.1 \u2013 2.7<\/a>.<\/p>\n\n\n\n<p>Seuraavilla sivuilla k\u00e4sitell\u00e4\u00e4n raportin runko-osan rakennetta: johdantoa, tietoperustaa, tutkimuksen toteutusta ja pohdintaa.<\/p>\n","protected":false},"excerpt":{"rendered":"<p>Opinn\u00e4ytety\u00f6n varsinainen teksti (runko-osa) sis\u00e4lt\u00e4\u00e4 johdattelun asiaan, asian k\u00e4sittelyn ja tarkastelun.&nbsp;Kirjoittajan valitseman&nbsp;k\u00e4sittelytavan perusteella teksti voidaan rakentaa erilaisin tavoin sen mukaan, onko kyseess\u00e4 esimerkiksi tutkimustyyppinen ty\u00f6, kehitt\u00e4mishanke tai laadullinen tarkastelu. Tutkimustyyppinen ty\u00f6 on esimerkiksi kysely-, haastattelu-, markkina- tai toimintatutkimus. T\u00e4ss\u00e4 ohjeistossa tutkimus-sanaa k\u00e4ytet\u00e4\u00e4n kuvaamaan sek\u00e4 kehitt\u00e4vi\u00e4 tutkimuksia ett\u00e4 tutkimuksellisia kehitt\u00e4mist\u00f6it\u00e4. Erilaisia rakenteita tarkastellaan tarkemmin Opinn\u00e4ytety\u00f6-sivuston alaluvuissa [&hellip;]<\/p>\n","protected":false},"author":79,"featured_media":0,"parent":32,"menu_order":2,"comment_status":"open","ping_status":"closed","template":"","meta":{"_acf_changed":false,"_relevanssi_hide_post":"","_relevanssi_hide_content":"","_relevanssi_pin_for_all":"","_relevanssi_pin_keywords":"","_relevanssi_unpin_keywords":"","_relevanssi_related_keywords":"","_relevanssi_related_include_ids":"","_relevanssi_related_exclude_ids":"","_relevanssi_related_no_append":"","_relevanssi_related_not_related":"","_relevanssi_related_posts":"","_relevanssi_noindex_reason":"","footnotes":""},"categories":[],"tags":[],"class_list":["post-211","page","type-page","status-publish","hentry"],"acf":[],"yoast_head":"<!-- This site is optimized with the Yoast SEO plugin v27.3 - https:\/\/yoast.com\/product\/yoast-seo-wordpress\/ -->\n<title>4.2 Opinn\u00e4ytety\u00f6n runko-osa - Opinn\u00e4ytety\u00f6n raportointiohje<\/title>\n<meta name=\"robots\" content=\"index, follow, max-snippet:-1, max-image-preview:large, max-video-preview:-1\" \/>\n<link rel=\"canonical\" href=\"https:\/\/help.jamk.fi\/raportointiohje\/fi\/4-opinnaytetyon-rakenne\/4-2-opinnaytetyon-runko-osa\/\" \/>\n<meta property=\"og:locale\" content=\"fi_FI\" \/>\n<meta property=\"og:type\" content=\"article\" \/>\n<meta property=\"og:title\" content=\"4.2 Opinn\u00e4ytety\u00f6n runko-osa - Opinn\u00e4ytety\u00f6n raportointiohje\" \/>\n<meta property=\"og:description\" content=\"Opinn\u00e4ytety\u00f6n varsinainen teksti (runko-osa) sis\u00e4lt\u00e4\u00e4 johdattelun asiaan, asian k\u00e4sittelyn ja tarkastelun.&nbsp;Kirjoittajan valitseman&nbsp;k\u00e4sittelytavan perusteella teksti voidaan rakentaa erilaisin tavoin sen mukaan, onko kyseess\u00e4 esimerkiksi tutkimustyyppinen ty\u00f6, kehitt\u00e4mishanke tai laadullinen tarkastelu. Tutkimustyyppinen ty\u00f6 on esimerkiksi kysely-, haastattelu-, markkina- tai toimintatutkimus. T\u00e4ss\u00e4 ohjeistossa tutkimus-sanaa k\u00e4ytet\u00e4\u00e4n kuvaamaan sek\u00e4 kehitt\u00e4vi\u00e4 tutkimuksia ett\u00e4 tutkimuksellisia kehitt\u00e4mist\u00f6it\u00e4. Erilaisia rakenteita tarkastellaan tarkemmin Opinn\u00e4ytety\u00f6-sivuston alaluvuissa [&hellip;]\" \/>\n<meta property=\"og:url\" content=\"https:\/\/help.jamk.fi\/raportointiohje\/fi\/4-opinnaytetyon-rakenne\/4-2-opinnaytetyon-runko-osa\/\" \/>\n<meta property=\"og:site_name\" content=\"Opinn\u00e4ytety\u00f6n raportointiohje\" \/>\n<meta property=\"article:modified_time\" content=\"2024-01-12T12:17:17+00:00\" \/>\n<meta name=\"twitter:card\" content=\"summary_large_image\" \/>\n<meta name=\"twitter:label1\" content=\"Arvioitu lukuaika\" \/>\n\t<meta name=\"twitter:data1\" content=\"1 minuutti\" \/>\n<script type=\"application\/ld+json\" class=\"yoast-schema-graph\">{\"@context\":\"https:\\\/\\\/schema.org\",\"@graph\":[{\"@type\":\"WebPage\",\"@id\":\"https:\\\/\\\/help.jamk.fi\\\/raportointiohje\\\/fi\\\/4-opinnaytetyon-rakenne\\\/4-2-opinnaytetyon-runko-osa\\\/\",\"url\":\"https:\\\/\\\/help.jamk.fi\\\/raportointiohje\\\/fi\\\/4-opinnaytetyon-rakenne\\\/4-2-opinnaytetyon-runko-osa\\\/\",\"name\":\"4.2 Opinn\u00e4ytety\u00f6n runko-osa - Opinn\u00e4ytety\u00f6n raportointiohje\",\"isPartOf\":{\"@id\":\"https:\\\/\\\/help.jamk.fi\\\/raportointiohje\\\/#website\"},\"datePublished\":\"2015-06-09T09:44:03+00:00\",\"dateModified\":\"2024-01-12T12:17:17+00:00\",\"breadcrumb\":{\"@id\":\"https:\\\/\\\/help.jamk.fi\\\/raportointiohje\\\/fi\\\/4-opinnaytetyon-rakenne\\\/4-2-opinnaytetyon-runko-osa\\\/#breadcrumb\"},\"inLanguage\":\"fi\",\"potentialAction\":[{\"@type\":\"ReadAction\",\"target\":[\"https:\\\/\\\/help.jamk.fi\\\/raportointiohje\\\/fi\\\/4-opinnaytetyon-rakenne\\\/4-2-opinnaytetyon-runko-osa\\\/\"]}]},{\"@type\":\"BreadcrumbList\",\"@id\":\"https:\\\/\\\/help.jamk.fi\\\/raportointiohje\\\/fi\\\/4-opinnaytetyon-rakenne\\\/4-2-opinnaytetyon-runko-osa\\\/#breadcrumb\",\"itemListElement\":[{\"@type\":\"ListItem\",\"position\":1,\"name\":\"Etusivu\",\"item\":\"https:\\\/\\\/help.jamk.fi\\\/raportointiohje\\\/fi\\\/\"},{\"@type\":\"ListItem\",\"position\":2,\"name\":\"4 Opinn\u00e4ytety\u00f6n rakenne\",\"item\":\"https:\\\/\\\/help.jamk.fi\\\/raportointiohje\\\/fi\\\/4-opinnaytetyon-rakenne\\\/\"},{\"@type\":\"ListItem\",\"position\":3,\"name\":\"4.2 Opinn\u00e4ytety\u00f6n runko-osa\"}]},{\"@type\":\"WebSite\",\"@id\":\"https:\\\/\\\/help.jamk.fi\\\/raportointiohje\\\/#website\",\"url\":\"https:\\\/\\\/help.jamk.fi\\\/raportointiohje\\\/\",\"name\":\"Opinn\u00e4ytety\u00f6n raportointiohje\",\"description\":\"\",\"potentialAction\":[{\"@type\":\"SearchAction\",\"target\":{\"@type\":\"EntryPoint\",\"urlTemplate\":\"https:\\\/\\\/help.jamk.fi\\\/raportointiohje\\\/?s={search_term_string}\"},\"query-input\":{\"@type\":\"PropertyValueSpecification\",\"valueRequired\":true,\"valueName\":\"search_term_string\"}}],\"inLanguage\":\"fi\"}]}<\/script>\n<!-- \/ Yoast SEO plugin. -->","yoast_head_json":{"title":"4.2 Opinn\u00e4ytety\u00f6n runko-osa - Opinn\u00e4ytety\u00f6n raportointiohje","robots":{"index":"index","follow":"follow","max-snippet":"max-snippet:-1","max-image-preview":"max-image-preview:large","max-video-preview":"max-video-preview:-1"},"canonical":"https:\/\/help.jamk.fi\/raportointiohje\/fi\/4-opinnaytetyon-rakenne\/4-2-opinnaytetyon-runko-osa\/","og_locale":"fi_FI","og_type":"article","og_title":"4.2 Opinn\u00e4ytety\u00f6n runko-osa - Opinn\u00e4ytety\u00f6n raportointiohje","og_description":"Opinn\u00e4ytety\u00f6n varsinainen teksti (runko-osa) sis\u00e4lt\u00e4\u00e4 johdattelun asiaan, asian k\u00e4sittelyn ja tarkastelun.&nbsp;Kirjoittajan valitseman&nbsp;k\u00e4sittelytavan perusteella teksti voidaan rakentaa erilaisin tavoin sen mukaan, onko kyseess\u00e4 esimerkiksi tutkimustyyppinen ty\u00f6, kehitt\u00e4mishanke tai laadullinen tarkastelu. Tutkimustyyppinen ty\u00f6 on esimerkiksi kysely-, haastattelu-, markkina- tai toimintatutkimus. T\u00e4ss\u00e4 ohjeistossa tutkimus-sanaa k\u00e4ytet\u00e4\u00e4n kuvaamaan sek\u00e4 kehitt\u00e4vi\u00e4 tutkimuksia ett\u00e4 tutkimuksellisia kehitt\u00e4mist\u00f6it\u00e4. Erilaisia rakenteita tarkastellaan tarkemmin Opinn\u00e4ytety\u00f6-sivuston alaluvuissa [&hellip;]","og_url":"https:\/\/help.jamk.fi\/raportointiohje\/fi\/4-opinnaytetyon-rakenne\/4-2-opinnaytetyon-runko-osa\/","og_site_name":"Opinn\u00e4ytety\u00f6n raportointiohje","article_modified_time":"2024-01-12T12:17:17+00:00","twitter_card":"summary_large_image","twitter_misc":{"Arvioitu lukuaika":"1 minuutti"},"schema":{"@context":"https:\/\/schema.org","@graph":[{"@type":"WebPage","@id":"https:\/\/help.jamk.fi\/raportointiohje\/fi\/4-opinnaytetyon-rakenne\/4-2-opinnaytetyon-runko-osa\/","url":"https:\/\/help.jamk.fi\/raportointiohje\/fi\/4-opinnaytetyon-rakenne\/4-2-opinnaytetyon-runko-osa\/","name":"4.2 Opinn\u00e4ytety\u00f6n runko-osa - Opinn\u00e4ytety\u00f6n raportointiohje","isPartOf":{"@id":"https:\/\/help.jamk.fi\/raportointiohje\/#website"},"datePublished":"2015-06-09T09:44:03+00:00","dateModified":"2024-01-12T12:17:17+00:00","breadcrumb":{"@id":"https:\/\/help.jamk.fi\/raportointiohje\/fi\/4-opinnaytetyon-rakenne\/4-2-opinnaytetyon-runko-osa\/#breadcrumb"},"inLanguage":"fi","potentialAction":[{"@type":"ReadAction","target":["https:\/\/help.jamk.fi\/raportointiohje\/fi\/4-opinnaytetyon-rakenne\/4-2-opinnaytetyon-runko-osa\/"]}]},{"@type":"BreadcrumbList","@id":"https:\/\/help.jamk.fi\/raportointiohje\/fi\/4-opinnaytetyon-rakenne\/4-2-opinnaytetyon-runko-osa\/#breadcrumb","itemListElement":[{"@type":"ListItem","position":1,"name":"Etusivu","item":"https:\/\/help.jamk.fi\/raportointiohje\/fi\/"},{"@type":"ListItem","position":2,"name":"4 Opinn\u00e4ytety\u00f6n rakenne","item":"https:\/\/help.jamk.fi\/raportointiohje\/fi\/4-opinnaytetyon-rakenne\/"},{"@type":"ListItem","position":3,"name":"4.2 Opinn\u00e4ytety\u00f6n runko-osa"}]},{"@type":"WebSite","@id":"https:\/\/help.jamk.fi\/raportointiohje\/#website","url":"https:\/\/help.jamk.fi\/raportointiohje\/","name":"Opinn\u00e4ytety\u00f6n raportointiohje","description":"","potentialAction":[{"@type":"SearchAction","target":{"@type":"EntryPoint","urlTemplate":"https:\/\/help.jamk.fi\/raportointiohje\/?s={search_term_string}"},"query-input":{"@type":"PropertyValueSpecification","valueRequired":true,"valueName":"search_term_string"}}],"inLanguage":"fi"}]}},"_links":{"self":[{"href":"https:\/\/help.jamk.fi\/raportointiohje\/wp-json\/wp\/v2\/pages\/211","targetHints":{"allow":["GET"]}}],"collection":[{"href":"https:\/\/help.jamk.fi\/raportointiohje\/wp-json\/wp\/v2\/pages"}],"about":[{"href":"https:\/\/help.jamk.fi\/raportointiohje\/wp-json\/wp\/v2\/types\/page"}],"author":[{"embeddable":true,"href":"https:\/\/help.jamk.fi\/raportointiohje\/wp-json\/wp\/v2\/users\/79"}],"replies":[{"embeddable":true,"href":"https:\/\/help.jamk.fi\/raportointiohje\/wp-json\/wp\/v2\/comments?post=211"}],"version-history":[{"count":3,"href":"https:\/\/help.jamk.fi\/raportointiohje\/wp-json\/wp\/v2\/pages\/211\/revisions"}],"predecessor-version":[{"id":885,"href":"https:\/\/help.jamk.fi\/raportointiohje\/wp-json\/wp\/v2\/pages\/211\/revisions\/885"}],"up":[{"embeddable":true,"href":"https:\/\/help.jamk.fi\/raportointiohje\/wp-json\/wp\/v2\/pages\/32"}],"wp:attachment":[{"href":"https:\/\/help.jamk.fi\/raportointiohje\/wp-json\/wp\/v2\/media?parent=211"}],"wp:term":[{"taxonomy":"category","embeddable":true,"href":"https:\/\/help.jamk.fi\/raportointiohje\/wp-json\/wp\/v2\/categories?post=211"},{"taxonomy":"post_tag","embeddable":true,"href":"https:\/\/help.jamk.fi\/raportointiohje\/wp-json\/wp\/v2\/tags?post=211"}],"curies":[{"name":"wp","href":"https:\/\/api.w.org\/{rel}","templated":true}]}}