{"id":220,"date":"2016-08-11T08:21:28","date_gmt":"2016-08-11T05:21:28","guid":{"rendered":"https:\/\/help.jamk.fi\/raportointiohje\/tietoa-ohjeesta\/"},"modified":"2025-03-14T16:50:09","modified_gmt":"2025-03-14T14:50:09","slug":"tietoa-ohjeesta","status":"publish","type":"page","link":"https:\/\/help.jamk.fi\/raportointiohje\/fi\/tietoa-ohjeesta\/","title":{"rendered":"Tietoa ohjeesta"},"content":{"rendered":"\n<h2 class=\"wp-block-heading\">Tekij\u00e4noikeudet<\/h2>\n\n\n\n<p>Opinn\u00e4ytety\u00f6n raportointiohjeen ovat kirjoittaneet viestinn\u00e4n lehtori Satu Liukko ja informaatikko Suvi Perttula Jyv\u00e4skyl\u00e4n ammattikorkeakoulusta.<\/p>\n\n\n\n<p>Sivusto on lisensoitu <span style=\"color: #333399;\"><a style=\"color: #333399;\" href=\"http:\/\/creativecommons.org\/licenses\/by-nd-nc\/1.0\/fi\/\" rel=\"license\">Creative Commons -lisenssill\u00e4<\/a><\/span>.<\/p>\n\n\n\n<h2 class=\"wp-block-heading\">Standardit<\/h2>\n\n\n\n<p>Ohjeen p\u00e4\u00e4asiallisina tiedonl\u00e4htein\u00e4 on k\u00e4ytetty suomalaisia standardeja, jotka k\u00e4sittelev\u00e4t tiivistelmien laatimista ja k\u00e4ytt\u00f6\u00e4 (SFS 3855),&nbsp;l\u00e4hde- ja tekstiviitteiden merkint\u00e4\u00e4&nbsp;(SFS 5989) sek\u00e4&nbsp;numeroiden ja merkkien kirjoittamista (SFS 4175). Tekstiss\u00e4 standardeihin ei viitata erikseen.<\/p>\n\n\n\n<h2 class=\"wp-block-heading\">P\u00e4ivitykset<\/h2>\n\n\n\n<p>Ohjeen ensimm\u00e4inen versio laadittiin jo vuonna 1995 (Perttula). Se uudistettiin vuonna 2001 (Liukko &amp; Perttula). Sen j\u00e4lkeen ohjetta on p\u00e4ivitetty s\u00e4\u00e4nn\u00f6llisesti. Vuoden 2021 alussa sivustoa on p\u00e4ivitetty my\u00f6s <span style=\"color: #333333;\">saavutettavuus-periaatteiden<\/span> mukaiseksi. Elokuussa 2024 lis\u00e4tty luku 5a eli APA7-ohjeet. 5a-osion tekij\u00e4t: Anna Jokelainen, Marjaana H\u00e4kkinen ja Jaana Alila.<\/p>\n\n\n\n<p><\/p>\n\n\n\n<h2 class=\"wp-block-heading\">Muoto<\/h2>\n\n\n\n<p>Ensimm\u00e4inen ohje oli Microsoft Word -tekstink\u00e4sittelyohjelmalla tehty tiedosto, josta ohjetta tulostettiin opiskelijoille ja lainakappaleita kirjastoon. Vuosina 2000\u20132012 ohje julkaistiin PDF-tiedostona ensiksi kirjaston verkkosivuilla ja sitten Jamkin opinto-oppaassa.<\/p>\n\n\n\n<p>Lukuvuonna 2012\u20132013 ohjeisto luotiin Jyv\u00e4skyl\u00e4n ammattikorkeakoulun avoimiin oppimateriaaleihin. K\u00e4ytt\u00f6tilasto kertoo, ett\u00e4 Opinn\u00e4ytety\u00f6n raportointi -sivustolla k\u00e4yd\u00e4\u00e4n keskim\u00e4\u00e4rin yli 1000 kertaa p\u00e4ivitt\u00e4in.<\/p>\n","protected":false},"excerpt":{"rendered":"<p>Tekij\u00e4noikeudet Opinn\u00e4ytety\u00f6n raportointiohjeen ovat kirjoittaneet viestinn\u00e4n lehtori Satu Liukko ja informaatikko Suvi Perttula Jyv\u00e4skyl\u00e4n ammattikorkeakoulusta. Sivusto on lisensoitu Creative Commons -lisenssill\u00e4. Standardit Ohjeen p\u00e4\u00e4asiallisina tiedonl\u00e4htein\u00e4 on k\u00e4ytetty suomalaisia standardeja, jotka k\u00e4sittelev\u00e4t tiivistelmien laatimista ja k\u00e4ytt\u00f6\u00e4 (SFS 3855),&nbsp;l\u00e4hde- ja tekstiviitteiden merkint\u00e4\u00e4&nbsp;(SFS 5989) sek\u00e4&nbsp;numeroiden ja merkkien kirjoittamista (SFS 4175). Tekstiss\u00e4 standardeihin ei viitata erikseen. P\u00e4ivitykset Ohjeen ensimm\u00e4inen [&hellip;]<\/p>\n","protected":false},"author":79,"featured_media":0,"parent":0,"menu_order":10,"comment_status":"closed","ping_status":"closed","template":"","meta":{"_acf_changed":false,"_relevanssi_hide_post":"","_relevanssi_hide_content":"","_relevanssi_pin_for_all":"","_relevanssi_pin_keywords":"","_relevanssi_unpin_keywords":"","_relevanssi_related_keywords":"","_relevanssi_related_include_ids":"","_relevanssi_related_exclude_ids":"","_relevanssi_related_no_append":"","_relevanssi_related_not_related":"","_relevanssi_related_posts":"","_relevanssi_noindex_reason":"","footnotes":""},"categories":[],"tags":[],"class_list":["post-220","page","type-page","status-publish","hentry"],"acf":[],"yoast_head":"<!-- This site is optimized with the Yoast SEO plugin v27.4 - https:\/\/yoast.com\/product\/yoast-seo-wordpress\/ -->\n<title>Tietoa ohjeesta - Opinn\u00e4ytety\u00f6n raportointiohje<\/title>\n<meta name=\"robots\" content=\"index, follow, max-snippet:-1, max-image-preview:large, max-video-preview:-1\" \/>\n<link rel=\"canonical\" href=\"https:\/\/help.jamk.fi\/raportointiohje\/fi\/tietoa-ohjeesta\/\" \/>\n<meta property=\"og:locale\" content=\"fi_FI\" \/>\n<meta property=\"og:type\" content=\"article\" \/>\n<meta property=\"og:title\" content=\"Tietoa ohjeesta - Opinn\u00e4ytety\u00f6n raportointiohje\" \/>\n<meta property=\"og:description\" content=\"Tekij\u00e4noikeudet Opinn\u00e4ytety\u00f6n raportointiohjeen ovat kirjoittaneet viestinn\u00e4n lehtori Satu Liukko ja informaatikko Suvi Perttula Jyv\u00e4skyl\u00e4n ammattikorkeakoulusta. Sivusto on lisensoitu Creative Commons -lisenssill\u00e4. Standardit Ohjeen p\u00e4\u00e4asiallisina tiedonl\u00e4htein\u00e4 on k\u00e4ytetty suomalaisia standardeja, jotka k\u00e4sittelev\u00e4t tiivistelmien laatimista ja k\u00e4ytt\u00f6\u00e4 (SFS 3855),&nbsp;l\u00e4hde- ja tekstiviitteiden merkint\u00e4\u00e4&nbsp;(SFS 5989) sek\u00e4&nbsp;numeroiden ja merkkien kirjoittamista (SFS 4175). Tekstiss\u00e4 standardeihin ei viitata erikseen. P\u00e4ivitykset Ohjeen ensimm\u00e4inen [&hellip;]\" \/>\n<meta property=\"og:url\" content=\"https:\/\/help.jamk.fi\/raportointiohje\/fi\/tietoa-ohjeesta\/\" \/>\n<meta property=\"og:site_name\" content=\"Opinn\u00e4ytety\u00f6n raportointiohje\" \/>\n<meta property=\"article:modified_time\" content=\"2025-03-14T14:50:09+00:00\" \/>\n<meta name=\"twitter:card\" content=\"summary_large_image\" \/>\n<meta name=\"twitter:label1\" content=\"Arvioitu lukuaika\" \/>\n\t<meta name=\"twitter:data1\" content=\"1 minuutti\" \/>\n<script type=\"application\/ld+json\" class=\"yoast-schema-graph\">{\"@context\":\"https:\\\/\\\/schema.org\",\"@graph\":[{\"@type\":\"WebPage\",\"@id\":\"https:\\\/\\\/help.jamk.fi\\\/raportointiohje\\\/fi\\\/tietoa-ohjeesta\\\/\",\"url\":\"https:\\\/\\\/help.jamk.fi\\\/raportointiohje\\\/fi\\\/tietoa-ohjeesta\\\/\",\"name\":\"Tietoa ohjeesta - Opinn\u00e4ytety\u00f6n raportointiohje\",\"isPartOf\":{\"@id\":\"https:\\\/\\\/help.jamk.fi\\\/raportointiohje\\\/#website\"},\"datePublished\":\"2016-08-11T05:21:28+00:00\",\"dateModified\":\"2025-03-14T14:50:09+00:00\",\"breadcrumb\":{\"@id\":\"https:\\\/\\\/help.jamk.fi\\\/raportointiohje\\\/fi\\\/tietoa-ohjeesta\\\/#breadcrumb\"},\"inLanguage\":\"fi\",\"potentialAction\":[{\"@type\":\"ReadAction\",\"target\":[\"https:\\\/\\\/help.jamk.fi\\\/raportointiohje\\\/fi\\\/tietoa-ohjeesta\\\/\"]}]},{\"@type\":\"BreadcrumbList\",\"@id\":\"https:\\\/\\\/help.jamk.fi\\\/raportointiohje\\\/fi\\\/tietoa-ohjeesta\\\/#breadcrumb\",\"itemListElement\":[{\"@type\":\"ListItem\",\"position\":1,\"name\":\"Etusivu\",\"item\":\"https:\\\/\\\/help.jamk.fi\\\/raportointiohje\\\/fi\\\/\"},{\"@type\":\"ListItem\",\"position\":2,\"name\":\"Tietoa ohjeesta\"}]},{\"@type\":\"WebSite\",\"@id\":\"https:\\\/\\\/help.jamk.fi\\\/raportointiohje\\\/#website\",\"url\":\"https:\\\/\\\/help.jamk.fi\\\/raportointiohje\\\/\",\"name\":\"Opinn\u00e4ytety\u00f6n raportointiohje\",\"description\":\"\",\"potentialAction\":[{\"@type\":\"SearchAction\",\"target\":{\"@type\":\"EntryPoint\",\"urlTemplate\":\"https:\\\/\\\/help.jamk.fi\\\/raportointiohje\\\/?s={search_term_string}\"},\"query-input\":{\"@type\":\"PropertyValueSpecification\",\"valueRequired\":true,\"valueName\":\"search_term_string\"}}],\"inLanguage\":\"fi\"}]}<\/script>\n<!-- \/ Yoast SEO plugin. -->","yoast_head_json":{"title":"Tietoa ohjeesta - Opinn\u00e4ytety\u00f6n raportointiohje","robots":{"index":"index","follow":"follow","max-snippet":"max-snippet:-1","max-image-preview":"max-image-preview:large","max-video-preview":"max-video-preview:-1"},"canonical":"https:\/\/help.jamk.fi\/raportointiohje\/fi\/tietoa-ohjeesta\/","og_locale":"fi_FI","og_type":"article","og_title":"Tietoa ohjeesta - Opinn\u00e4ytety\u00f6n raportointiohje","og_description":"Tekij\u00e4noikeudet Opinn\u00e4ytety\u00f6n raportointiohjeen ovat kirjoittaneet viestinn\u00e4n lehtori Satu Liukko ja informaatikko Suvi Perttula Jyv\u00e4skyl\u00e4n ammattikorkeakoulusta. Sivusto on lisensoitu Creative Commons -lisenssill\u00e4. Standardit Ohjeen p\u00e4\u00e4asiallisina tiedonl\u00e4htein\u00e4 on k\u00e4ytetty suomalaisia standardeja, jotka k\u00e4sittelev\u00e4t tiivistelmien laatimista ja k\u00e4ytt\u00f6\u00e4 (SFS 3855),&nbsp;l\u00e4hde- ja tekstiviitteiden merkint\u00e4\u00e4&nbsp;(SFS 5989) sek\u00e4&nbsp;numeroiden ja merkkien kirjoittamista (SFS 4175). Tekstiss\u00e4 standardeihin ei viitata erikseen. P\u00e4ivitykset Ohjeen ensimm\u00e4inen [&hellip;]","og_url":"https:\/\/help.jamk.fi\/raportointiohje\/fi\/tietoa-ohjeesta\/","og_site_name":"Opinn\u00e4ytety\u00f6n raportointiohje","article_modified_time":"2025-03-14T14:50:09+00:00","twitter_card":"summary_large_image","twitter_misc":{"Arvioitu lukuaika":"1 minuutti"},"schema":{"@context":"https:\/\/schema.org","@graph":[{"@type":"WebPage","@id":"https:\/\/help.jamk.fi\/raportointiohje\/fi\/tietoa-ohjeesta\/","url":"https:\/\/help.jamk.fi\/raportointiohje\/fi\/tietoa-ohjeesta\/","name":"Tietoa ohjeesta - Opinn\u00e4ytety\u00f6n raportointiohje","isPartOf":{"@id":"https:\/\/help.jamk.fi\/raportointiohje\/#website"},"datePublished":"2016-08-11T05:21:28+00:00","dateModified":"2025-03-14T14:50:09+00:00","breadcrumb":{"@id":"https:\/\/help.jamk.fi\/raportointiohje\/fi\/tietoa-ohjeesta\/#breadcrumb"},"inLanguage":"fi","potentialAction":[{"@type":"ReadAction","target":["https:\/\/help.jamk.fi\/raportointiohje\/fi\/tietoa-ohjeesta\/"]}]},{"@type":"BreadcrumbList","@id":"https:\/\/help.jamk.fi\/raportointiohje\/fi\/tietoa-ohjeesta\/#breadcrumb","itemListElement":[{"@type":"ListItem","position":1,"name":"Etusivu","item":"https:\/\/help.jamk.fi\/raportointiohje\/fi\/"},{"@type":"ListItem","position":2,"name":"Tietoa ohjeesta"}]},{"@type":"WebSite","@id":"https:\/\/help.jamk.fi\/raportointiohje\/#website","url":"https:\/\/help.jamk.fi\/raportointiohje\/","name":"Opinn\u00e4ytety\u00f6n raportointiohje","description":"","potentialAction":[{"@type":"SearchAction","target":{"@type":"EntryPoint","urlTemplate":"https:\/\/help.jamk.fi\/raportointiohje\/?s={search_term_string}"},"query-input":{"@type":"PropertyValueSpecification","valueRequired":true,"valueName":"search_term_string"}}],"inLanguage":"fi"}]}},"_links":{"self":[{"href":"https:\/\/help.jamk.fi\/raportointiohje\/wp-json\/wp\/v2\/pages\/220","targetHints":{"allow":["GET"]}}],"collection":[{"href":"https:\/\/help.jamk.fi\/raportointiohje\/wp-json\/wp\/v2\/pages"}],"about":[{"href":"https:\/\/help.jamk.fi\/raportointiohje\/wp-json\/wp\/v2\/types\/page"}],"author":[{"embeddable":true,"href":"https:\/\/help.jamk.fi\/raportointiohje\/wp-json\/wp\/v2\/users\/79"}],"replies":[{"embeddable":true,"href":"https:\/\/help.jamk.fi\/raportointiohje\/wp-json\/wp\/v2\/comments?post=220"}],"version-history":[{"count":4,"href":"https:\/\/help.jamk.fi\/raportointiohje\/wp-json\/wp\/v2\/pages\/220\/revisions"}],"predecessor-version":[{"id":1279,"href":"https:\/\/help.jamk.fi\/raportointiohje\/wp-json\/wp\/v2\/pages\/220\/revisions\/1279"}],"wp:attachment":[{"href":"https:\/\/help.jamk.fi\/raportointiohje\/wp-json\/wp\/v2\/media?parent=220"}],"wp:term":[{"taxonomy":"category","embeddable":true,"href":"https:\/\/help.jamk.fi\/raportointiohje\/wp-json\/wp\/v2\/categories?post=220"},{"taxonomy":"post_tag","embeddable":true,"href":"https:\/\/help.jamk.fi\/raportointiohje\/wp-json\/wp\/v2\/tags?post=220"}],"curies":[{"name":"wp","href":"https:\/\/api.w.org\/{rel}","templated":true}]}}