{"id":223,"date":"2020-07-02T07:48:32","date_gmt":"2020-07-02T04:48:32","guid":{"rendered":"https:\/\/help.jamk.fi\/raportointiohje\/mallipohjat\/"},"modified":"2025-07-17T10:15:40","modified_gmt":"2025-07-17T07:15:40","slug":"mallipohjat","status":"publish","type":"page","link":"https:\/\/help.jamk.fi\/raportointiohje\/fi\/mallipohjat\/","title":{"rendered":"Mallipohjat"},"content":{"rendered":"\n<h2 class=\"wp-block-heading\">Opinn\u00e4ytety\u00f6n raportoinnin mallipohja<\/h2>\n\n\n\n<p><strong>HUOM. Kaikki opinn\u00e4ytety\u00f6n mallipohjat l\u00f6ytyv\u00e4t Jamkin Word-sovelluksesta: Uusi \/New &gt; JAMK &gt; Opiskelijat &#8211; Students:<\/strong><\/p>\n\n\n\n<p><a href=\"https:\/\/jamkstudent.sharepoint.com\/sites\/Assets\/OfficeTemplates\/Forms\/AllItems.aspx?id=%2Fsites%2FAssets%2FOfficeTemplates%2FOpiskelijat%20%2D%20Students&amp;viewid=b6cbf305%2D8d75%2D4fd4%2Db244%2D59e84ededcfd\">Mallipohjat ovat ladattavissa omalle koneelle Jamkin kuvat ja Office-templatet -sivulta<\/a>.<\/p>\n\n\n\n<p>Kansilehteen tulevan tutkinto-ohjelmasi nimen l\u00f6yd\u00e4t Pepist\u00e4 kohdasta <a href=\"https:\/\/help.jamk.fi\/peppi\/omat-tiedot\/#opiskelutiedot\">Opiskelutiedot<\/a> (Peppi-ohje).<\/p>\n\n\n\n<p>Opinn\u00e4ytety\u00f6n mallipohja:<\/p>\n\n\n\n<ul class=\"wp-block-list\">\n<li>Sek\u00e4 AMK- ett\u00e4 YAMK-opinn\u00e4ytety\u00f6n raportointiin<\/li>\n\n\n\n<li>K\u00e4yt\u00e4 mallipohjaa vain opinn\u00e4ytety\u00f6ss\u00e4<\/li>\n<\/ul>\n\n\n\n<h2 class=\"wp-block-heading\">Muut raportit ja kirjalliset harjoitukset<\/h2>\n\n\n\n<p><strong>Huom! Muun raportoinnin mallipohja on esimerkiksi YAMK-opiskelijoille ja muita erillisopintoja suorittaville. Mallipohja l\u00f6ytyy Jamkin Word-sovelluksesta: Uusi\/New &gt; JAMK &gt; Opiskelijat &#8211; Students.<\/strong><\/p>\n\n\n\n<p><a href=\"https:\/\/jamkstudent.sharepoint.com\/sites\/Assets\/OfficeTemplates\/Forms\/AllItems.aspx?id=%2Fsites%2FAssets%2FOfficeTemplates%2FOpiskelijat%20%2D%20Students&amp;viewid=47f28a54%2Dfed7%2D4dc9%2D8b16%2D6aa9d416a3bd\">Muun raportoinnin mallipohjat ovat ladattavissa omalle koneelle Jamkin kuvat ja  Office-templatet -sivulta.<\/a><\/p>\n\n\n\n<p>Muut raportit ja kirjalliset harjoitukset<\/p>\n\n\n\n<ul class=\"wp-block-list\">\n<li>kaikki muut raportit<\/li>\n\n\n\n<li>Voit k\u00e4ytt\u00e4\u00e4 t\u00e4t\u00e4 mallipohjaa tehdess\u00e4si opinn\u00e4ytety\u00f6suunnitelmaa.<\/li>\n<\/ul>\n\n\n\n<p><\/p>\n\n\n\n<h2 class=\"wp-block-heading\"><strong>Templates in English<\/strong><\/h2>\n\n\n\n<p>Templates in English l\u00f6ytyv\u00e4t my\u00f6s Wordist\u00e4 ja my\u00f6s ne voit ladata omalle koneelle <a href=\"https:\/\/jamkstudent.sharepoint.com\/sites\/Assets\/OfficeTemplates\/Forms\/AllItems.aspx?id=%2Fsites%2FAssets%2FOfficeTemplates%2FOpiskelijat%20%2D%20Students&amp;viewid=5771c842%2D4a3a%2D494e%2D876e%2Dcf6e2cfd43ec\">Jamkin kuvat ja  Office-templatet -sivulta<\/a>.<\/p>\n\n\n\n<p><a href=\"https:\/\/help.jamk.fi\/raportointiohje\/en\/\">Raportointiohje englanniksi &#8211; Project Reporting Instructions in English<\/a><\/p>\n","protected":false},"excerpt":{"rendered":"<p>Opinn\u00e4ytety\u00f6n raportoinnin mallipohja HUOM. Kaikki opinn\u00e4ytety\u00f6n mallipohjat l\u00f6ytyv\u00e4t Jamkin Word-sovelluksesta: Uusi \/New &gt; JAMK &gt; Opiskelijat &#8211; Students: Mallipohjat ovat ladattavissa omalle koneelle Jamkin kuvat ja Office-templatet -sivulta. Kansilehteen tulevan tutkinto-ohjelmasi nimen l\u00f6yd\u00e4t Pepist\u00e4 kohdasta Opiskelutiedot (Peppi-ohje). Opinn\u00e4ytety\u00f6n mallipohja: Muut raportit ja kirjalliset harjoitukset Huom! Muun raportoinnin mallipohja on esimerkiksi YAMK-opiskelijoille ja muita erillisopintoja suorittaville. [&hellip;]<\/p>\n","protected":false},"author":79,"featured_media":0,"parent":0,"menu_order":50,"comment_status":"closed","ping_status":"closed","template":"","meta":{"_acf_changed":false,"_relevanssi_hide_post":"","_relevanssi_hide_content":"","_relevanssi_pin_for_all":"","_relevanssi_pin_keywords":"mallipohja","_relevanssi_unpin_keywords":"","_relevanssi_related_keywords":"","_relevanssi_related_include_ids":"","_relevanssi_related_exclude_ids":"","_relevanssi_related_no_append":"","_relevanssi_related_not_related":"","_relevanssi_related_posts":"","_relevanssi_noindex_reason":"","footnotes":""},"categories":[],"tags":[599,753],"class_list":["post-223","page","type-page","status-publish","hentry","tag-mallipohja","tag-raportoinnin-mallipohja"],"acf":[],"yoast_head":"<!-- This site is optimized with the Yoast SEO plugin v27.4 - https:\/\/yoast.com\/product\/yoast-seo-wordpress\/ -->\n<title>Mallipohjat - Opinn\u00e4ytety\u00f6n raportointiohje<\/title>\n<meta name=\"robots\" content=\"index, follow, max-snippet:-1, max-image-preview:large, max-video-preview:-1\" \/>\n<link rel=\"canonical\" href=\"https:\/\/help.jamk.fi\/raportointiohje\/fi\/mallipohjat\/\" \/>\n<meta property=\"og:locale\" content=\"fi_FI\" \/>\n<meta property=\"og:type\" content=\"article\" \/>\n<meta property=\"og:title\" content=\"Mallipohjat - Opinn\u00e4ytety\u00f6n raportointiohje\" \/>\n<meta property=\"og:description\" content=\"Opinn\u00e4ytety\u00f6n raportoinnin mallipohja HUOM. Kaikki opinn\u00e4ytety\u00f6n mallipohjat l\u00f6ytyv\u00e4t Jamkin Word-sovelluksesta: Uusi \/New &gt; JAMK &gt; Opiskelijat &#8211; Students: Mallipohjat ovat ladattavissa omalle koneelle Jamkin kuvat ja Office-templatet -sivulta. Kansilehteen tulevan tutkinto-ohjelmasi nimen l\u00f6yd\u00e4t Pepist\u00e4 kohdasta Opiskelutiedot (Peppi-ohje). Opinn\u00e4ytety\u00f6n mallipohja: Muut raportit ja kirjalliset harjoitukset Huom! Muun raportoinnin mallipohja on esimerkiksi YAMK-opiskelijoille ja muita erillisopintoja suorittaville. [&hellip;]\" \/>\n<meta property=\"og:url\" content=\"https:\/\/help.jamk.fi\/raportointiohje\/fi\/mallipohjat\/\" \/>\n<meta property=\"og:site_name\" content=\"Opinn\u00e4ytety\u00f6n raportointiohje\" \/>\n<meta property=\"article:modified_time\" content=\"2025-07-17T07:15:40+00:00\" \/>\n<meta name=\"twitter:card\" content=\"summary_large_image\" \/>\n<meta name=\"twitter:label1\" content=\"Arvioitu lukuaika\" \/>\n\t<meta name=\"twitter:data1\" content=\"1 minuutti\" \/>\n<script type=\"application\/ld+json\" class=\"yoast-schema-graph\">{\"@context\":\"https:\\\/\\\/schema.org\",\"@graph\":[{\"@type\":\"WebPage\",\"@id\":\"https:\\\/\\\/help.jamk.fi\\\/raportointiohje\\\/fi\\\/mallipohjat\\\/\",\"url\":\"https:\\\/\\\/help.jamk.fi\\\/raportointiohje\\\/fi\\\/mallipohjat\\\/\",\"name\":\"Mallipohjat - Opinn\u00e4ytety\u00f6n raportointiohje\",\"isPartOf\":{\"@id\":\"https:\\\/\\\/help.jamk.fi\\\/raportointiohje\\\/#website\"},\"datePublished\":\"2020-07-02T04:48:32+00:00\",\"dateModified\":\"2025-07-17T07:15:40+00:00\",\"breadcrumb\":{\"@id\":\"https:\\\/\\\/help.jamk.fi\\\/raportointiohje\\\/fi\\\/mallipohjat\\\/#breadcrumb\"},\"inLanguage\":\"fi\",\"potentialAction\":[{\"@type\":\"ReadAction\",\"target\":[\"https:\\\/\\\/help.jamk.fi\\\/raportointiohje\\\/fi\\\/mallipohjat\\\/\"]}]},{\"@type\":\"BreadcrumbList\",\"@id\":\"https:\\\/\\\/help.jamk.fi\\\/raportointiohje\\\/fi\\\/mallipohjat\\\/#breadcrumb\",\"itemListElement\":[{\"@type\":\"ListItem\",\"position\":1,\"name\":\"Etusivu\",\"item\":\"https:\\\/\\\/help.jamk.fi\\\/raportointiohje\\\/fi\\\/\"},{\"@type\":\"ListItem\",\"position\":2,\"name\":\"Mallipohjat\"}]},{\"@type\":\"WebSite\",\"@id\":\"https:\\\/\\\/help.jamk.fi\\\/raportointiohje\\\/#website\",\"url\":\"https:\\\/\\\/help.jamk.fi\\\/raportointiohje\\\/\",\"name\":\"Opinn\u00e4ytety\u00f6n raportointiohje\",\"description\":\"\",\"potentialAction\":[{\"@type\":\"SearchAction\",\"target\":{\"@type\":\"EntryPoint\",\"urlTemplate\":\"https:\\\/\\\/help.jamk.fi\\\/raportointiohje\\\/?s={search_term_string}\"},\"query-input\":{\"@type\":\"PropertyValueSpecification\",\"valueRequired\":true,\"valueName\":\"search_term_string\"}}],\"inLanguage\":\"fi\"}]}<\/script>\n<!-- \/ Yoast SEO plugin. -->","yoast_head_json":{"title":"Mallipohjat - Opinn\u00e4ytety\u00f6n raportointiohje","robots":{"index":"index","follow":"follow","max-snippet":"max-snippet:-1","max-image-preview":"max-image-preview:large","max-video-preview":"max-video-preview:-1"},"canonical":"https:\/\/help.jamk.fi\/raportointiohje\/fi\/mallipohjat\/","og_locale":"fi_FI","og_type":"article","og_title":"Mallipohjat - Opinn\u00e4ytety\u00f6n raportointiohje","og_description":"Opinn\u00e4ytety\u00f6n raportoinnin mallipohja HUOM. Kaikki opinn\u00e4ytety\u00f6n mallipohjat l\u00f6ytyv\u00e4t Jamkin Word-sovelluksesta: Uusi \/New &gt; JAMK &gt; Opiskelijat &#8211; Students: Mallipohjat ovat ladattavissa omalle koneelle Jamkin kuvat ja Office-templatet -sivulta. Kansilehteen tulevan tutkinto-ohjelmasi nimen l\u00f6yd\u00e4t Pepist\u00e4 kohdasta Opiskelutiedot (Peppi-ohje). Opinn\u00e4ytety\u00f6n mallipohja: Muut raportit ja kirjalliset harjoitukset Huom! Muun raportoinnin mallipohja on esimerkiksi YAMK-opiskelijoille ja muita erillisopintoja suorittaville. [&hellip;]","og_url":"https:\/\/help.jamk.fi\/raportointiohje\/fi\/mallipohjat\/","og_site_name":"Opinn\u00e4ytety\u00f6n raportointiohje","article_modified_time":"2025-07-17T07:15:40+00:00","twitter_card":"summary_large_image","twitter_misc":{"Arvioitu lukuaika":"1 minuutti"},"schema":{"@context":"https:\/\/schema.org","@graph":[{"@type":"WebPage","@id":"https:\/\/help.jamk.fi\/raportointiohje\/fi\/mallipohjat\/","url":"https:\/\/help.jamk.fi\/raportointiohje\/fi\/mallipohjat\/","name":"Mallipohjat - Opinn\u00e4ytety\u00f6n raportointiohje","isPartOf":{"@id":"https:\/\/help.jamk.fi\/raportointiohje\/#website"},"datePublished":"2020-07-02T04:48:32+00:00","dateModified":"2025-07-17T07:15:40+00:00","breadcrumb":{"@id":"https:\/\/help.jamk.fi\/raportointiohje\/fi\/mallipohjat\/#breadcrumb"},"inLanguage":"fi","potentialAction":[{"@type":"ReadAction","target":["https:\/\/help.jamk.fi\/raportointiohje\/fi\/mallipohjat\/"]}]},{"@type":"BreadcrumbList","@id":"https:\/\/help.jamk.fi\/raportointiohje\/fi\/mallipohjat\/#breadcrumb","itemListElement":[{"@type":"ListItem","position":1,"name":"Etusivu","item":"https:\/\/help.jamk.fi\/raportointiohje\/fi\/"},{"@type":"ListItem","position":2,"name":"Mallipohjat"}]},{"@type":"WebSite","@id":"https:\/\/help.jamk.fi\/raportointiohje\/#website","url":"https:\/\/help.jamk.fi\/raportointiohje\/","name":"Opinn\u00e4ytety\u00f6n raportointiohje","description":"","potentialAction":[{"@type":"SearchAction","target":{"@type":"EntryPoint","urlTemplate":"https:\/\/help.jamk.fi\/raportointiohje\/?s={search_term_string}"},"query-input":{"@type":"PropertyValueSpecification","valueRequired":true,"valueName":"search_term_string"}}],"inLanguage":"fi"}]}},"_links":{"self":[{"href":"https:\/\/help.jamk.fi\/raportointiohje\/wp-json\/wp\/v2\/pages\/223","targetHints":{"allow":["GET"]}}],"collection":[{"href":"https:\/\/help.jamk.fi\/raportointiohje\/wp-json\/wp\/v2\/pages"}],"about":[{"href":"https:\/\/help.jamk.fi\/raportointiohje\/wp-json\/wp\/v2\/types\/page"}],"author":[{"embeddable":true,"href":"https:\/\/help.jamk.fi\/raportointiohje\/wp-json\/wp\/v2\/users\/79"}],"replies":[{"embeddable":true,"href":"https:\/\/help.jamk.fi\/raportointiohje\/wp-json\/wp\/v2\/comments?post=223"}],"version-history":[{"count":12,"href":"https:\/\/help.jamk.fi\/raportointiohje\/wp-json\/wp\/v2\/pages\/223\/revisions"}],"predecessor-version":[{"id":1363,"href":"https:\/\/help.jamk.fi\/raportointiohje\/wp-json\/wp\/v2\/pages\/223\/revisions\/1363"}],"wp:attachment":[{"href":"https:\/\/help.jamk.fi\/raportointiohje\/wp-json\/wp\/v2\/media?parent=223"}],"wp:term":[{"taxonomy":"category","embeddable":true,"href":"https:\/\/help.jamk.fi\/raportointiohje\/wp-json\/wp\/v2\/categories?post=223"},{"taxonomy":"post_tag","embeddable":true,"href":"https:\/\/help.jamk.fi\/raportointiohje\/wp-json\/wp\/v2\/tags?post=223"}],"curies":[{"name":"wp","href":"https:\/\/api.w.org\/{rel}","templated":true}]}}