{"id":247,"date":"2020-09-30T07:51:55","date_gmt":"2020-09-30T04:51:55","guid":{"rendered":"https:\/\/help.jamk.fi\/raportointiohje\/7-kirjallisen-tehtavan-ulkoasu\/7-1-ulkoasun-ohjeita\/"},"modified":"2026-02-09T14:54:30","modified_gmt":"2026-02-09T12:54:30","slug":"7-1-ulkoasun-ohjeita","status":"publish","type":"page","link":"https:\/\/help.jamk.fi\/raportointiohje\/fi\/7-kirjallisen-tehtavan-ulkoasu\/7-1-ulkoasun-ohjeita\/","title":{"rendered":"7.1 Ulkoasun ohjeita"},"content":{"rendered":"\n<h2 class=\"wp-block-heading\">Sivujen numerointi<\/h2>\n\n\n\n<p>Sivunumerointi alkaa sis\u00e4llysluettelosivulta (sivu 1) ja jatkuu niin, ett\u00e4 my\u00f6s l\u00e4hde- ja liitesivut numeroidaan (kuvailulehdet eiv\u00e4t kuulu numeroinnin piiriin). Sivunumero sijoitetaan oikeaan yl\u00e4kulmaan.<\/p>\n\n\n\n<h2 class=\"wp-block-heading\">Tavutus<\/h2>\n\n\n\n<p>Teksti tavutetaan, mutta oikeaa reunaa ei tasata.<\/p>\n\n\n\n<h2 class=\"wp-block-heading\">Kappalejako<\/h2>\n\n\n\n<p>Teksti jaetaan kappaleiksi sis\u00e4ll\u00f6n j\u00e4sentymisen ja luettavuuden vuoksi. Liian pitk\u00e4t kappaleet tai kappalejaon puuttuminen tekev\u00e4t tekstist\u00e4 raskaslukuisen ja vaikeaselkoisen. Toisaalta per\u00e4kk\u00e4isist\u00e4 lyhyist\u00e4 kappaleista syntyy levotonta ja katkonaista teksti\u00e4, josta lukijan on vaikea havaita asioiden keskin\u00e4isi\u00e4 yhteyksi\u00e4 ja laajempia asiakokonaisuuksia. Nyrkkis\u00e4\u00e4nt\u00f6 on: <strong>yksi asiakokonaisuus yhteen tekstikappaleeseen.<\/strong><\/p>\n\n\n\n<p>Kappaleet asemoidaan vasensuora-asettelun mukaisesti: kappaleen ensimm\u00e4inen rivi aloitetaan kirjoitusmarginaalista, ja kappaleet erotetaan toisistaan tyhj\u00e4ll\u00e4 riviv\u00e4lill\u00e4. Kappaleen alkua ei sisennet\u00e4.<\/p>\n\n\n\n<h2 class=\"wp-block-heading\">Kappaleotsikot<\/h2>\n\n\n\n<p>Tekstisivuilla pieniss\u00e4 tekstiosissa voidaan k\u00e4ytt\u00e4\u00e4 ohjaavia kappaleotsikoita (ks. esim. t\u00e4m\u00e4 luku). Kappaleotsikot lihavoidaan, mutta ne eiv\u00e4t n\u00e4y sis\u00e4llysluettelossa.<\/p>\n\n\n\n<h2 class=\"wp-block-heading\">Korostukset<\/h2>\n\n\n\n<p>Teksti\u00e4 voidaan korostaa typografisesti, kun halutaan painottaa jotain asiaa, esimerkiksi kun t\u00e4rke\u00e4 k\u00e4site esiintyy tekstiss\u00e4 ensimm\u00e4isen kerran. Painokas asia voidaan lihavoida, pitk\u00e4t siteeraukset kursivoidaan, sisennet\u00e4\u00e4n (ks. alla kohta Sisennykset) ja kirjoitetaan riviv\u00e4lill\u00e4 1. Korostamiseen ei k\u00e4ytet\u00e4 alleviivausta, koska se on yleens\u00e4 linkin merkki. Korostuksia on k\u00e4ytett\u00e4v\u00e4 johdonmukaisesti, mutta my\u00f6s s\u00e4\u00e4steli\u00e4\u00e4sti ja harkiten, jotta niiden teho ei h\u00e4vi\u00e4. Yht\u00e4 korostuskeinoa ei voi samassa ty\u00f6ss\u00e4 k\u00e4ytt\u00e4\u00e4 monessa merkityksess\u00e4.<\/p>\n\n\n\n<h2 class=\"wp-block-heading\">Luetelmat<\/h2>\n\n\n\n<p>Luetelman osien on oltava kielellisesti samankaltaisia. Luetelmaa ei voi sijoittaa tekstiin yksin\u00e4\u00e4n kappaleeksi, vaan sit\u00e4 edelt\u00e4\u00e4 aina selitt\u00e4v\u00e4 johdantolause. Samaten lukua ei pid\u00e4 aloittaa suoraan luetelmalla ilman johdattelevaa teksti\u00e4 ja johdantolausetta.<\/p>\n\n\n\n<p>Luetelmien laadinnassa voidaan k\u00e4ytt\u00e4\u00e4 monia j\u00e4sennystapoja, kuten<\/p>\n\n\n\n<p>\u2022numeroita<br>\u2022kirjaimia tai<br>\u2022luetelmaviivoja.<\/p>\n\n\n\n<p>Suuraakkosten j\u00e4lkeen k\u00e4ytet\u00e4\u00e4n pistett\u00e4: A., B., jne.; pienaakkosten j\u00e4lkeen kaarisuljetta: a), b), c) jne. Luetelmaviivoja eli ns. ranskalaisia viivoja k\u00e4ytett\u00e4ess\u00e4 luetelman osien loppuun ei tule v\u00e4limerkki\u00e4 (pilkkua). Sen sijaan viimeisen osan j\u00e4lkeen merkit\u00e4\u00e4n piste luettelon p\u00e4\u00e4ttymisen merkiksi. Huomaa edellinen luetelma esimerkkin\u00e4. Luetelman ulkoasun m\u00e4\u00e4ritykset ovat sivulla 7<a href=\"https:\/\/help.jamk.fi\/raportointiohje\/7-kirjallisen-tehtavan-ulkoasu\/7-2-ulkoasun-muotoiluasetukset\/\">.2. Ulkoasun muotoiluasetukset<\/a>.<\/p>\n\n\n\n<h2 class=\"wp-block-heading\">Suorat lainaukset<\/h2>\n\n\n\n<p>Pitk\u00e4 suora lainaus (yli kolme rivi\u00e4) sisennet\u00e4\u00e4n eli aloitetaan normaaliteksti\u00e4 sisemm\u00e4st\u00e4 sarkaimesta. Sisennetty teksti kirjoitetaan riviv\u00e4lill\u00e4 1 ja kursivoidaan. Sisennettyj\u00e4 suoria lainauksia ei tarvitse merkit\u00e4 lainausmerkein. (Huom. pitk\u00e4n suoran sitaatin kursivointi koskee vain raportointiohjeen luvun 5b ohjeiden mukaan kirjoittavia.)<\/p>\n\n\n\n<h2 class=\"wp-block-heading\">Sisennykset<\/h2>\n\n\n\n<p>Tekstin sisent\u00e4mist\u00e4 yhden sarakkeen (2,3 cm:n) verran voidaan k\u00e4ytt\u00e4\u00e4 korostamaan my\u00f6s jotain muusta tekstist\u00e4 poikkeavaa tekstinosaa, kuten luetelmaa tai kaavaa. Sisennyksen ymp\u00e4rille j\u00e4tet\u00e4\u00e4n ylim\u00e4\u00e4r\u00e4inen tyhj\u00e4 rivi. Muotoilut voi tehd\u00e4 k\u00e4sity\u00f6n\u00e4.<\/p>\n\n\n\n<h2 class=\"wp-block-heading\">Kaavat<\/h2>\n\n\n\n<p>Tekstin lomaan sijoitetut kaavat numeroidaan juoksevalla numerolla ja numero sijoitetaan sulkumerkkien sis\u00e4\u00e4n kaavan kanssa samalle riville oikeaan reunaan, esimerkiksi sarakkeeseen C6. Kaavan alapuolelle tulee muuttujien selitykset. Kaavoihin viitataan tekstiss\u00e4 samalla tavalla kuin kuvioihin ja taulukoihin. Yksitt\u00e4inen kaava voidaan esitt\u00e4\u00e4 tekstin lomassa pelk\u00e4st\u00e4\u00e4n ylim\u00e4\u00e4r\u00e4isill\u00e4 v\u00e4lily\u00f6nneill\u00e4 ymp\u00e4r\u00f6ityn\u00e4.<\/p>\n\n\n\n<p>Kaavoihin ei tarvitse merkit\u00e4 l\u00e4hdeviitett\u00e4, jos kaava on yleinen eli se l\u00f6ytyy esimerkiksi kaavakirjasta tai on alan peruskaava. Muussa tapauksessa tekstiin merkit\u00e4\u00e4n l\u00e4hdeviite <span style=\"color: #000000;\">normaalisti.<\/span><\/p>\n\n\n\n<p><span style=\"color: #333399;\"><a href=\"https:\/\/help.jamk.fi\/raportointiohjerb\/wp-content\/uploads\/sites\/73\/2023\/07\/Yhtalo-raportissa.pdf\">Esimerkki kaavan merkitsemisest\u00e4.pdf<\/a><\/span> (Kivikangas 2015, 39)<\/p>\n","protected":false},"excerpt":{"rendered":"<p>Sivujen numerointi Sivunumerointi alkaa sis\u00e4llysluettelosivulta (sivu 1) ja jatkuu niin, ett\u00e4 my\u00f6s l\u00e4hde- ja liitesivut numeroidaan (kuvailulehdet eiv\u00e4t kuulu numeroinnin piiriin). Sivunumero sijoitetaan oikeaan yl\u00e4kulmaan. Tavutus Teksti tavutetaan, mutta oikeaa reunaa ei tasata. Kappalejako Teksti jaetaan kappaleiksi sis\u00e4ll\u00f6n j\u00e4sentymisen ja luettavuuden vuoksi. Liian pitk\u00e4t kappaleet tai kappalejaon puuttuminen tekev\u00e4t tekstist\u00e4 raskaslukuisen ja vaikeaselkoisen. Toisaalta per\u00e4kk\u00e4isist\u00e4 [&hellip;]<\/p>\n","protected":false},"author":79,"featured_media":0,"parent":107,"menu_order":1,"comment_status":"closed","ping_status":"closed","template":"","meta":{"_acf_changed":false,"_relevanssi_hide_post":"","_relevanssi_hide_content":"","_relevanssi_pin_for_all":"","_relevanssi_pin_keywords":"","_relevanssi_unpin_keywords":"","_relevanssi_related_keywords":"","_relevanssi_related_include_ids":"","_relevanssi_related_exclude_ids":"","_relevanssi_related_no_append":"","_relevanssi_related_not_related":"","_relevanssi_related_posts":"","_relevanssi_noindex_reason":"","footnotes":""},"categories":[],"tags":[],"class_list":["post-247","page","type-page","status-publish","hentry"],"acf":[],"yoast_head":"<!-- This site is optimized with the Yoast SEO plugin v27.4 - https:\/\/yoast.com\/product\/yoast-seo-wordpress\/ -->\n<title>7.1 Ulkoasun ohjeita - Opinn\u00e4ytety\u00f6n raportointiohje<\/title>\n<meta name=\"robots\" content=\"index, follow, max-snippet:-1, max-image-preview:large, max-video-preview:-1\" \/>\n<link rel=\"canonical\" href=\"https:\/\/help.jamk.fi\/raportointiohje\/fi\/7-kirjallisen-tehtavan-ulkoasu\/7-1-ulkoasun-ohjeita\/\" \/>\n<meta property=\"og:locale\" content=\"fi_FI\" \/>\n<meta property=\"og:type\" content=\"article\" \/>\n<meta property=\"og:title\" content=\"7.1 Ulkoasun ohjeita - Opinn\u00e4ytety\u00f6n raportointiohje\" \/>\n<meta property=\"og:description\" content=\"Sivujen numerointi Sivunumerointi alkaa sis\u00e4llysluettelosivulta (sivu 1) ja jatkuu niin, ett\u00e4 my\u00f6s l\u00e4hde- ja liitesivut numeroidaan (kuvailulehdet eiv\u00e4t kuulu numeroinnin piiriin). Sivunumero sijoitetaan oikeaan yl\u00e4kulmaan. Tavutus Teksti tavutetaan, mutta oikeaa reunaa ei tasata. Kappalejako Teksti jaetaan kappaleiksi sis\u00e4ll\u00f6n j\u00e4sentymisen ja luettavuuden vuoksi. Liian pitk\u00e4t kappaleet tai kappalejaon puuttuminen tekev\u00e4t tekstist\u00e4 raskaslukuisen ja vaikeaselkoisen. Toisaalta per\u00e4kk\u00e4isist\u00e4 [&hellip;]\" \/>\n<meta property=\"og:url\" content=\"https:\/\/help.jamk.fi\/raportointiohje\/fi\/7-kirjallisen-tehtavan-ulkoasu\/7-1-ulkoasun-ohjeita\/\" \/>\n<meta property=\"og:site_name\" content=\"Opinn\u00e4ytety\u00f6n raportointiohje\" \/>\n<meta property=\"article:modified_time\" content=\"2026-02-09T12:54:30+00:00\" \/>\n<meta name=\"twitter:card\" content=\"summary_large_image\" \/>\n<meta name=\"twitter:label1\" content=\"Arvioitu lukuaika\" \/>\n\t<meta name=\"twitter:data1\" content=\"3 minuuttia\" \/>\n<script type=\"application\/ld+json\" class=\"yoast-schema-graph\">{\"@context\":\"https:\\\/\\\/schema.org\",\"@graph\":[{\"@type\":\"WebPage\",\"@id\":\"https:\\\/\\\/help.jamk.fi\\\/raportointiohje\\\/fi\\\/7-kirjallisen-tehtavan-ulkoasu\\\/7-1-ulkoasun-ohjeita\\\/\",\"url\":\"https:\\\/\\\/help.jamk.fi\\\/raportointiohje\\\/fi\\\/7-kirjallisen-tehtavan-ulkoasu\\\/7-1-ulkoasun-ohjeita\\\/\",\"name\":\"7.1 Ulkoasun ohjeita - Opinn\u00e4ytety\u00f6n raportointiohje\",\"isPartOf\":{\"@id\":\"https:\\\/\\\/help.jamk.fi\\\/raportointiohje\\\/#website\"},\"datePublished\":\"2020-09-30T04:51:55+00:00\",\"dateModified\":\"2026-02-09T12:54:30+00:00\",\"breadcrumb\":{\"@id\":\"https:\\\/\\\/help.jamk.fi\\\/raportointiohje\\\/fi\\\/7-kirjallisen-tehtavan-ulkoasu\\\/7-1-ulkoasun-ohjeita\\\/#breadcrumb\"},\"inLanguage\":\"fi\",\"potentialAction\":[{\"@type\":\"ReadAction\",\"target\":[\"https:\\\/\\\/help.jamk.fi\\\/raportointiohje\\\/fi\\\/7-kirjallisen-tehtavan-ulkoasu\\\/7-1-ulkoasun-ohjeita\\\/\"]}]},{\"@type\":\"BreadcrumbList\",\"@id\":\"https:\\\/\\\/help.jamk.fi\\\/raportointiohje\\\/fi\\\/7-kirjallisen-tehtavan-ulkoasu\\\/7-1-ulkoasun-ohjeita\\\/#breadcrumb\",\"itemListElement\":[{\"@type\":\"ListItem\",\"position\":1,\"name\":\"Etusivu\",\"item\":\"https:\\\/\\\/help.jamk.fi\\\/raportointiohje\\\/fi\\\/\"},{\"@type\":\"ListItem\",\"position\":2,\"name\":\"7 Kirjallisen teht\u00e4v\u00e4n ulkoasu\",\"item\":\"https:\\\/\\\/help.jamk.fi\\\/raportointiohje\\\/fi\\\/7-kirjallisen-tehtavan-ulkoasu\\\/\"},{\"@type\":\"ListItem\",\"position\":3,\"name\":\"7.1 Ulkoasun ohjeita\"}]},{\"@type\":\"WebSite\",\"@id\":\"https:\\\/\\\/help.jamk.fi\\\/raportointiohje\\\/#website\",\"url\":\"https:\\\/\\\/help.jamk.fi\\\/raportointiohje\\\/\",\"name\":\"Opinn\u00e4ytety\u00f6n raportointiohje\",\"description\":\"\",\"potentialAction\":[{\"@type\":\"SearchAction\",\"target\":{\"@type\":\"EntryPoint\",\"urlTemplate\":\"https:\\\/\\\/help.jamk.fi\\\/raportointiohje\\\/?s={search_term_string}\"},\"query-input\":{\"@type\":\"PropertyValueSpecification\",\"valueRequired\":true,\"valueName\":\"search_term_string\"}}],\"inLanguage\":\"fi\"}]}<\/script>\n<!-- \/ Yoast SEO plugin. -->","yoast_head_json":{"title":"7.1 Ulkoasun ohjeita - Opinn\u00e4ytety\u00f6n raportointiohje","robots":{"index":"index","follow":"follow","max-snippet":"max-snippet:-1","max-image-preview":"max-image-preview:large","max-video-preview":"max-video-preview:-1"},"canonical":"https:\/\/help.jamk.fi\/raportointiohje\/fi\/7-kirjallisen-tehtavan-ulkoasu\/7-1-ulkoasun-ohjeita\/","og_locale":"fi_FI","og_type":"article","og_title":"7.1 Ulkoasun ohjeita - Opinn\u00e4ytety\u00f6n raportointiohje","og_description":"Sivujen numerointi Sivunumerointi alkaa sis\u00e4llysluettelosivulta (sivu 1) ja jatkuu niin, ett\u00e4 my\u00f6s l\u00e4hde- ja liitesivut numeroidaan (kuvailulehdet eiv\u00e4t kuulu numeroinnin piiriin). Sivunumero sijoitetaan oikeaan yl\u00e4kulmaan. Tavutus Teksti tavutetaan, mutta oikeaa reunaa ei tasata. Kappalejako Teksti jaetaan kappaleiksi sis\u00e4ll\u00f6n j\u00e4sentymisen ja luettavuuden vuoksi. Liian pitk\u00e4t kappaleet tai kappalejaon puuttuminen tekev\u00e4t tekstist\u00e4 raskaslukuisen ja vaikeaselkoisen. Toisaalta per\u00e4kk\u00e4isist\u00e4 [&hellip;]","og_url":"https:\/\/help.jamk.fi\/raportointiohje\/fi\/7-kirjallisen-tehtavan-ulkoasu\/7-1-ulkoasun-ohjeita\/","og_site_name":"Opinn\u00e4ytety\u00f6n raportointiohje","article_modified_time":"2026-02-09T12:54:30+00:00","twitter_card":"summary_large_image","twitter_misc":{"Arvioitu lukuaika":"3 minuuttia"},"schema":{"@context":"https:\/\/schema.org","@graph":[{"@type":"WebPage","@id":"https:\/\/help.jamk.fi\/raportointiohje\/fi\/7-kirjallisen-tehtavan-ulkoasu\/7-1-ulkoasun-ohjeita\/","url":"https:\/\/help.jamk.fi\/raportointiohje\/fi\/7-kirjallisen-tehtavan-ulkoasu\/7-1-ulkoasun-ohjeita\/","name":"7.1 Ulkoasun ohjeita - Opinn\u00e4ytety\u00f6n raportointiohje","isPartOf":{"@id":"https:\/\/help.jamk.fi\/raportointiohje\/#website"},"datePublished":"2020-09-30T04:51:55+00:00","dateModified":"2026-02-09T12:54:30+00:00","breadcrumb":{"@id":"https:\/\/help.jamk.fi\/raportointiohje\/fi\/7-kirjallisen-tehtavan-ulkoasu\/7-1-ulkoasun-ohjeita\/#breadcrumb"},"inLanguage":"fi","potentialAction":[{"@type":"ReadAction","target":["https:\/\/help.jamk.fi\/raportointiohje\/fi\/7-kirjallisen-tehtavan-ulkoasu\/7-1-ulkoasun-ohjeita\/"]}]},{"@type":"BreadcrumbList","@id":"https:\/\/help.jamk.fi\/raportointiohje\/fi\/7-kirjallisen-tehtavan-ulkoasu\/7-1-ulkoasun-ohjeita\/#breadcrumb","itemListElement":[{"@type":"ListItem","position":1,"name":"Etusivu","item":"https:\/\/help.jamk.fi\/raportointiohje\/fi\/"},{"@type":"ListItem","position":2,"name":"7 Kirjallisen teht\u00e4v\u00e4n ulkoasu","item":"https:\/\/help.jamk.fi\/raportointiohje\/fi\/7-kirjallisen-tehtavan-ulkoasu\/"},{"@type":"ListItem","position":3,"name":"7.1 Ulkoasun ohjeita"}]},{"@type":"WebSite","@id":"https:\/\/help.jamk.fi\/raportointiohje\/#website","url":"https:\/\/help.jamk.fi\/raportointiohje\/","name":"Opinn\u00e4ytety\u00f6n raportointiohje","description":"","potentialAction":[{"@type":"SearchAction","target":{"@type":"EntryPoint","urlTemplate":"https:\/\/help.jamk.fi\/raportointiohje\/?s={search_term_string}"},"query-input":{"@type":"PropertyValueSpecification","valueRequired":true,"valueName":"search_term_string"}}],"inLanguage":"fi"}]}},"_links":{"self":[{"href":"https:\/\/help.jamk.fi\/raportointiohje\/wp-json\/wp\/v2\/pages\/247","targetHints":{"allow":["GET"]}}],"collection":[{"href":"https:\/\/help.jamk.fi\/raportointiohje\/wp-json\/wp\/v2\/pages"}],"about":[{"href":"https:\/\/help.jamk.fi\/raportointiohje\/wp-json\/wp\/v2\/types\/page"}],"author":[{"embeddable":true,"href":"https:\/\/help.jamk.fi\/raportointiohje\/wp-json\/wp\/v2\/users\/79"}],"replies":[{"embeddable":true,"href":"https:\/\/help.jamk.fi\/raportointiohje\/wp-json\/wp\/v2\/comments?post=247"}],"version-history":[{"count":6,"href":"https:\/\/help.jamk.fi\/raportointiohje\/wp-json\/wp\/v2\/pages\/247\/revisions"}],"predecessor-version":[{"id":1429,"href":"https:\/\/help.jamk.fi\/raportointiohje\/wp-json\/wp\/v2\/pages\/247\/revisions\/1429"}],"up":[{"embeddable":true,"href":"https:\/\/help.jamk.fi\/raportointiohje\/wp-json\/wp\/v2\/pages\/107"}],"wp:attachment":[{"href":"https:\/\/help.jamk.fi\/raportointiohje\/wp-json\/wp\/v2\/media?parent=247"}],"wp:term":[{"taxonomy":"category","embeddable":true,"href":"https:\/\/help.jamk.fi\/raportointiohje\/wp-json\/wp\/v2\/categories?post=247"},{"taxonomy":"post_tag","embeddable":true,"href":"https:\/\/help.jamk.fi\/raportointiohje\/wp-json\/wp\/v2\/tags?post=247"}],"curies":[{"name":"wp","href":"https:\/\/api.w.org\/{rel}","templated":true}]}}