{"id":262,"date":"2021-01-14T11:29:19","date_gmt":"2021-01-14T09:29:19","guid":{"rendered":"https:\/\/help.jamk.fi\/raportointiohje\/ohjeita-englannin-kielella-kirjoittaville\/"},"modified":"2026-03-20T08:29:43","modified_gmt":"2026-03-20T06:29:43","slug":"ohjeita-englannin-kielella-kirjoittaville","status":"publish","type":"page","link":"https:\/\/help.jamk.fi\/raportointiohje\/fi\/ohjeita-englannin-kielella-kirjoittaville\/","title":{"rendered":"Ohjeita englannin kielell\u00e4 kirjoittaville"},"content":{"rendered":"\n<h2 class=\"wp-block-heading\">Muiden kuin englanninkielisten l\u00e4hteiden k\u00e4ytt\u00e4minen<\/h2>\n\n\n\n<p>Julkaisun nimi k\u00e4\u00e4nnet\u00e4\u00e4n l\u00e4hdeluetteloon englanniksi hakasulkeiden sis\u00e4\u00e4n julkaisun alkuper\u00e4isen nimen j\u00e4lkeen. Jos tekstiviitteess\u00e4 on k\u00e4ytett\u00e4v\u00e4 teoksen nime\u00e4, sekin tulee tekstiviitteeseen.<\/p>\n\n\n\n<p>Esimerkiksi l\u00e4hdeluettelossa<\/p>\n\n\n\n<p>Haasio, A. 2009. Johdon assistentin tiedonhankinnan opas [The executive assistant\u2019s guide to information retrieval]. Helsinki: WSOYpro.<\/p>\n\n\n\n<p>ja tekstiviitteess\u00e4<\/p>\n\n\n\n<p>If an area smells musty and dank, the cause and source of the malodour must be identified (Kosteusvauriot ty\u00f6paikoilla [Moisture problems in the workplace] 2009, 49).<\/p>\n\n\n\n<h2 class=\"wp-block-heading\">S\u00e4hk\u00f6isten l\u00e4hteiden merkinn\u00e4t<\/h2>\n\n\n\n<p>Englannin kielell\u00e4 l\u00e4hdeluetteloon merkit\u00e4\u00e4n se, milloin julkaisuun on viitattu (Accessed on) ja mist\u00e4 teokseen p\u00e4\u00e4see k\u00e4siksi (Retrieved from).<\/p>\n\n\n\n<p>Esimerkiksi<\/p>\n\n\n\n<p>Priddle, A. 2014. Detroit Auto Show: 2015 C-Class will be first car to be made in Mercedes\u2019 Alabama plant. Detroit Free Press, 12 January 2014. Accessed on 13 January 2014. Retrieved from http:\/\/www.freep.com\/article\/20140112\/BUSINESS03\/301120152.<\/p>\n\n\n\n<h2 class=\"wp-block-heading\">P\u00e4iv\u00e4ykset<\/h2>\n\n\n\n<p>Selkeyden vuoksi k\u00e4ytet\u00e4\u00e4n muotoa dd Month yyyy.<br>Esimerkiksi 17 June 2020.<\/p>\n\n\n\n<p>Taulukossa 3 on keskeisi\u00e4 sanoja ja lyhenteit\u00e4 englanniksi.<\/p>\n\n\n\n<p>Taulukko 3. Raportin sanastoa englanniksi<\/p>\n\n\n\n<figure class=\"wp-block-table\"><table><tbody><tr><td>esim.<\/td><td>e.g.<\/td><\/tr><tr><td>ja muut<\/td><td>and others tai and colleagues<\/td><\/tr><tr><td>ks.<\/td><td>see<\/td><\/tr><tr><td>kuvio<\/td><td>figure<\/td><\/tr><tr><td>liite<\/td><td>appendix<\/td><\/tr><tr><td>luku<\/td><td>chapter<\/td><\/tr><tr><td>L\u00e4hteet<\/td><td>References<\/td><\/tr><tr><td>mts. tai mt.<\/td><td>ibid.<\/td><\/tr><tr><td>muokattu<\/td><td>adapted<\/td><\/tr><tr><td>p. (painos), uud. p. (uudistettu painos tai korj. p. (korjattu painos)<\/td><td>ed. (edition), 2nd ed. (second edition) tai Rev. ed. (revised edition)<\/td><\/tr><tr><td>Sis\u00e4lt\u00f6<\/td><td>Contents<\/td><\/tr><tr><td>taulukko<\/td><td>table<\/td><\/tr><tr><td>toim.<\/td><td>Ed. tai monikossa Eds.<\/td><\/tr><tr><td>Viitattu 11.6.2015.<\/td><td>Accessed on 11 June 2015.<\/td><\/tr><tr><td>volyymi eli vuosikerta<\/td><td>Vol tai monikossa Vols.<\/td><\/tr><tr><td>ym.<\/td><td>et al.<\/td><\/tr><\/tbody><\/table><\/figure>\n\n\n\n<figure class=\"wp-block-table\"><\/figure>\n","protected":false},"excerpt":{"rendered":"<p>Muiden kuin englanninkielisten l\u00e4hteiden k\u00e4ytt\u00e4minen Julkaisun nimi k\u00e4\u00e4nnet\u00e4\u00e4n l\u00e4hdeluetteloon englanniksi hakasulkeiden sis\u00e4\u00e4n julkaisun alkuper\u00e4isen nimen j\u00e4lkeen. Jos tekstiviitteess\u00e4 on k\u00e4ytett\u00e4v\u00e4 teoksen nime\u00e4, sekin tulee tekstiviitteeseen. Esimerkiksi l\u00e4hdeluettelossa Haasio, A. 2009. Johdon assistentin tiedonhankinnan opas [The executive assistant\u2019s guide to information retrieval]. Helsinki: WSOYpro. ja tekstiviitteess\u00e4 If an area smells musty and dank, the cause and [&hellip;]<\/p>\n","protected":false},"author":79,"featured_media":0,"parent":0,"menu_order":10,"comment_status":"closed","ping_status":"closed","template":"","meta":{"_acf_changed":false,"_relevanssi_hide_post":"","_relevanssi_hide_content":"","_relevanssi_pin_for_all":"","_relevanssi_pin_keywords":"","_relevanssi_unpin_keywords":"","_relevanssi_related_keywords":"","_relevanssi_related_include_ids":"","_relevanssi_related_exclude_ids":"","_relevanssi_related_no_append":"","_relevanssi_related_not_related":"","_relevanssi_related_posts":"","_relevanssi_noindex_reason":"","footnotes":""},"categories":[],"tags":[],"class_list":["post-262","page","type-page","status-publish","hentry"],"acf":[],"yoast_head":"<!-- This site is optimized with the Yoast SEO plugin v27.4 - https:\/\/yoast.com\/product\/yoast-seo-wordpress\/ -->\n<title>Ohjeita englannin kielell\u00e4 kirjoittaville - Opinn\u00e4ytety\u00f6n raportointiohje<\/title>\n<meta name=\"robots\" content=\"index, follow, max-snippet:-1, max-image-preview:large, max-video-preview:-1\" \/>\n<link rel=\"canonical\" href=\"https:\/\/help.jamk.fi\/raportointiohje\/fi\/ohjeita-englannin-kielella-kirjoittaville\/\" \/>\n<meta property=\"og:locale\" content=\"fi_FI\" \/>\n<meta property=\"og:type\" content=\"article\" \/>\n<meta property=\"og:title\" content=\"Ohjeita englannin kielell\u00e4 kirjoittaville - Opinn\u00e4ytety\u00f6n raportointiohje\" \/>\n<meta property=\"og:description\" content=\"Muiden kuin englanninkielisten l\u00e4hteiden k\u00e4ytt\u00e4minen Julkaisun nimi k\u00e4\u00e4nnet\u00e4\u00e4n l\u00e4hdeluetteloon englanniksi hakasulkeiden sis\u00e4\u00e4n julkaisun alkuper\u00e4isen nimen j\u00e4lkeen. Jos tekstiviitteess\u00e4 on k\u00e4ytett\u00e4v\u00e4 teoksen nime\u00e4, sekin tulee tekstiviitteeseen. Esimerkiksi l\u00e4hdeluettelossa Haasio, A. 2009. Johdon assistentin tiedonhankinnan opas [The executive assistant\u2019s guide to information retrieval]. Helsinki: WSOYpro. ja tekstiviitteess\u00e4 If an area smells musty and dank, the cause and [&hellip;]\" \/>\n<meta property=\"og:url\" content=\"https:\/\/help.jamk.fi\/raportointiohje\/fi\/ohjeita-englannin-kielella-kirjoittaville\/\" \/>\n<meta property=\"og:site_name\" content=\"Opinn\u00e4ytety\u00f6n raportointiohje\" \/>\n<meta property=\"article:modified_time\" content=\"2026-03-20T06:29:43+00:00\" \/>\n<meta name=\"twitter:card\" content=\"summary_large_image\" \/>\n<meta name=\"twitter:label1\" content=\"Arvioitu lukuaika\" \/>\n\t<meta name=\"twitter:data1\" content=\"2 minuuttia\" \/>\n<script type=\"application\/ld+json\" class=\"yoast-schema-graph\">{\"@context\":\"https:\\\/\\\/schema.org\",\"@graph\":[{\"@type\":\"WebPage\",\"@id\":\"https:\\\/\\\/help.jamk.fi\\\/raportointiohje\\\/fi\\\/ohjeita-englannin-kielella-kirjoittaville\\\/\",\"url\":\"https:\\\/\\\/help.jamk.fi\\\/raportointiohje\\\/fi\\\/ohjeita-englannin-kielella-kirjoittaville\\\/\",\"name\":\"Ohjeita englannin kielell\u00e4 kirjoittaville - Opinn\u00e4ytety\u00f6n raportointiohje\",\"isPartOf\":{\"@id\":\"https:\\\/\\\/help.jamk.fi\\\/raportointiohje\\\/#website\"},\"datePublished\":\"2021-01-14T09:29:19+00:00\",\"dateModified\":\"2026-03-20T06:29:43+00:00\",\"breadcrumb\":{\"@id\":\"https:\\\/\\\/help.jamk.fi\\\/raportointiohje\\\/fi\\\/ohjeita-englannin-kielella-kirjoittaville\\\/#breadcrumb\"},\"inLanguage\":\"fi\",\"potentialAction\":[{\"@type\":\"ReadAction\",\"target\":[\"https:\\\/\\\/help.jamk.fi\\\/raportointiohje\\\/fi\\\/ohjeita-englannin-kielella-kirjoittaville\\\/\"]}]},{\"@type\":\"BreadcrumbList\",\"@id\":\"https:\\\/\\\/help.jamk.fi\\\/raportointiohje\\\/fi\\\/ohjeita-englannin-kielella-kirjoittaville\\\/#breadcrumb\",\"itemListElement\":[{\"@type\":\"ListItem\",\"position\":1,\"name\":\"Etusivu\",\"item\":\"https:\\\/\\\/help.jamk.fi\\\/raportointiohje\\\/fi\\\/\"},{\"@type\":\"ListItem\",\"position\":2,\"name\":\"Ohjeita englannin kielell\u00e4 kirjoittaville\"}]},{\"@type\":\"WebSite\",\"@id\":\"https:\\\/\\\/help.jamk.fi\\\/raportointiohje\\\/#website\",\"url\":\"https:\\\/\\\/help.jamk.fi\\\/raportointiohje\\\/\",\"name\":\"Opinn\u00e4ytety\u00f6n raportointiohje\",\"description\":\"\",\"potentialAction\":[{\"@type\":\"SearchAction\",\"target\":{\"@type\":\"EntryPoint\",\"urlTemplate\":\"https:\\\/\\\/help.jamk.fi\\\/raportointiohje\\\/?s={search_term_string}\"},\"query-input\":{\"@type\":\"PropertyValueSpecification\",\"valueRequired\":true,\"valueName\":\"search_term_string\"}}],\"inLanguage\":\"fi\"}]}<\/script>\n<!-- \/ Yoast SEO plugin. -->","yoast_head_json":{"title":"Ohjeita englannin kielell\u00e4 kirjoittaville - Opinn\u00e4ytety\u00f6n raportointiohje","robots":{"index":"index","follow":"follow","max-snippet":"max-snippet:-1","max-image-preview":"max-image-preview:large","max-video-preview":"max-video-preview:-1"},"canonical":"https:\/\/help.jamk.fi\/raportointiohje\/fi\/ohjeita-englannin-kielella-kirjoittaville\/","og_locale":"fi_FI","og_type":"article","og_title":"Ohjeita englannin kielell\u00e4 kirjoittaville - Opinn\u00e4ytety\u00f6n raportointiohje","og_description":"Muiden kuin englanninkielisten l\u00e4hteiden k\u00e4ytt\u00e4minen Julkaisun nimi k\u00e4\u00e4nnet\u00e4\u00e4n l\u00e4hdeluetteloon englanniksi hakasulkeiden sis\u00e4\u00e4n julkaisun alkuper\u00e4isen nimen j\u00e4lkeen. Jos tekstiviitteess\u00e4 on k\u00e4ytett\u00e4v\u00e4 teoksen nime\u00e4, sekin tulee tekstiviitteeseen. Esimerkiksi l\u00e4hdeluettelossa Haasio, A. 2009. Johdon assistentin tiedonhankinnan opas [The executive assistant\u2019s guide to information retrieval]. Helsinki: WSOYpro. ja tekstiviitteess\u00e4 If an area smells musty and dank, the cause and [&hellip;]","og_url":"https:\/\/help.jamk.fi\/raportointiohje\/fi\/ohjeita-englannin-kielella-kirjoittaville\/","og_site_name":"Opinn\u00e4ytety\u00f6n raportointiohje","article_modified_time":"2026-03-20T06:29:43+00:00","twitter_card":"summary_large_image","twitter_misc":{"Arvioitu lukuaika":"2 minuuttia"},"schema":{"@context":"https:\/\/schema.org","@graph":[{"@type":"WebPage","@id":"https:\/\/help.jamk.fi\/raportointiohje\/fi\/ohjeita-englannin-kielella-kirjoittaville\/","url":"https:\/\/help.jamk.fi\/raportointiohje\/fi\/ohjeita-englannin-kielella-kirjoittaville\/","name":"Ohjeita englannin kielell\u00e4 kirjoittaville - Opinn\u00e4ytety\u00f6n raportointiohje","isPartOf":{"@id":"https:\/\/help.jamk.fi\/raportointiohje\/#website"},"datePublished":"2021-01-14T09:29:19+00:00","dateModified":"2026-03-20T06:29:43+00:00","breadcrumb":{"@id":"https:\/\/help.jamk.fi\/raportointiohje\/fi\/ohjeita-englannin-kielella-kirjoittaville\/#breadcrumb"},"inLanguage":"fi","potentialAction":[{"@type":"ReadAction","target":["https:\/\/help.jamk.fi\/raportointiohje\/fi\/ohjeita-englannin-kielella-kirjoittaville\/"]}]},{"@type":"BreadcrumbList","@id":"https:\/\/help.jamk.fi\/raportointiohje\/fi\/ohjeita-englannin-kielella-kirjoittaville\/#breadcrumb","itemListElement":[{"@type":"ListItem","position":1,"name":"Etusivu","item":"https:\/\/help.jamk.fi\/raportointiohje\/fi\/"},{"@type":"ListItem","position":2,"name":"Ohjeita englannin kielell\u00e4 kirjoittaville"}]},{"@type":"WebSite","@id":"https:\/\/help.jamk.fi\/raportointiohje\/#website","url":"https:\/\/help.jamk.fi\/raportointiohje\/","name":"Opinn\u00e4ytety\u00f6n raportointiohje","description":"","potentialAction":[{"@type":"SearchAction","target":{"@type":"EntryPoint","urlTemplate":"https:\/\/help.jamk.fi\/raportointiohje\/?s={search_term_string}"},"query-input":{"@type":"PropertyValueSpecification","valueRequired":true,"valueName":"search_term_string"}}],"inLanguage":"fi"}]}},"_links":{"self":[{"href":"https:\/\/help.jamk.fi\/raportointiohje\/wp-json\/wp\/v2\/pages\/262","targetHints":{"allow":["GET"]}}],"collection":[{"href":"https:\/\/help.jamk.fi\/raportointiohje\/wp-json\/wp\/v2\/pages"}],"about":[{"href":"https:\/\/help.jamk.fi\/raportointiohje\/wp-json\/wp\/v2\/types\/page"}],"author":[{"embeddable":true,"href":"https:\/\/help.jamk.fi\/raportointiohje\/wp-json\/wp\/v2\/users\/79"}],"replies":[{"embeddable":true,"href":"https:\/\/help.jamk.fi\/raportointiohje\/wp-json\/wp\/v2\/comments?post=262"}],"version-history":[{"count":2,"href":"https:\/\/help.jamk.fi\/raportointiohje\/wp-json\/wp\/v2\/pages\/262\/revisions"}],"predecessor-version":[{"id":825,"href":"https:\/\/help.jamk.fi\/raportointiohje\/wp-json\/wp\/v2\/pages\/262\/revisions\/825"}],"wp:attachment":[{"href":"https:\/\/help.jamk.fi\/raportointiohje\/wp-json\/wp\/v2\/media?parent=262"}],"wp:term":[{"taxonomy":"category","embeddable":true,"href":"https:\/\/help.jamk.fi\/raportointiohje\/wp-json\/wp\/v2\/categories?post=262"},{"taxonomy":"post_tag","embeddable":true,"href":"https:\/\/help.jamk.fi\/raportointiohje\/wp-json\/wp\/v2\/tags?post=262"}],"curies":[{"name":"wp","href":"https:\/\/api.w.org\/{rel}","templated":true}]}}