{"id":263,"date":"2022-10-26T12:55:42","date_gmt":"2022-10-26T09:55:42","guid":{"rendered":"https:\/\/help.jamk.fi\/raportointiohje\/asiakirjamallin-vaihtaminen-dokumenttiin\/"},"modified":"2023-12-21T14:24:51","modified_gmt":"2023-12-21T12:24:51","slug":"asiakirjamallin-vaihtaminen-dokumenttiin","status":"publish","type":"page","link":"https:\/\/help.jamk.fi\/raportointiohje\/fi\/mallipohjat\/asiakirjamallin-vaihtaminen-dokumenttiin\/","title":{"rendered":"Asiakirjamallin vaihtaminen dokumenttiin"},"content":{"rendered":"\n<ul class=\"wp-block-list\">\n<li>Avaa opinn\u00e4ytety\u00f6dokumentti Wordin ty\u00f6p\u00f6yt\u00e4sovelluksessa.<\/li>\n\n\n\n<li>Valitse Wordin valintanauhasta ensin <strong>Tiedosto<\/strong> ja sitten <strong>Asetukset<\/strong>.<\/li>\n\n\n\n<li>Valitse <strong>Valintanauhan mukauttaminen <\/strong>ja lis\u00e4\u00e4 rasti kohtaan <strong>Kehitysty\u00f6kalut.<\/strong> Paina viel\u00e4 <strong>OK<\/strong>-painiketta.<\/li>\n<\/ul>\n\n\n\n<figure class=\"wp-block-image size-full\"><img decoding=\"async\" src=\"https:\/\/help.jamk.fi\/raportointiohje\/wp-content\/uploads\/sites\/73\/2023\/07\/kehitystyokalut.png\" alt=\"\" class=\"wp-image-1915\"\/><\/figure>\n\n\n\n<ul class=\"wp-block-list\">\n<li>Valitse Kehitysty\u00f6kalut Wordin valintanauhalta ja paina <strong>Tiedostomallit<\/strong>-painiketta<\/li>\n\n\n\n<li>Jos kent\u00e4ss\u00e4 lukee Normaali tai Normal, lis\u00e4\u00e4 asiakirjamallikentt\u00e4\u00e4n mallipohjan linkki tai asiakirjamallin tiedostosijainti omalla tietokoneellasi. Paina viel\u00e4 <strong>OK<\/strong>-painiketta.<\/li>\n<\/ul>\n\n\n\n<figure class=\"wp-block-image size-full\"><img decoding=\"async\" src=\"https:\/\/help.jamk.fi\/raportointiohje\/wp-content\/uploads\/sites\/73\/2023\/07\/mallipohja.png\" alt=\"\" class=\"wp-image-1916\"\/><\/figure>\n\n\n\n<ul class=\"wp-block-list\">\n<li>Jamkin mallipohjat ovat ladattavissa ja linkitett\u00e4viss\u00e4 <a href=\"https:\/\/jamkstudent.sharepoint.com\/sites\/Assets\/OfficeTemplates\/Forms\/AllItems.aspx?id=%2Fsites%2FAssets%2FOfficeTemplates%2FOpiskelijat%20%2D%20Students&amp;viewid=c30c4b99%2D2f87%2D4605%2D9c0f%2D666f1f9104d3\">Jamkin kuvat ja Office-templatet -sivustolta<\/a>. Sivusto vaatii kirjautumisen.<\/li>\n<\/ul>\n\n\n\n<p><\/p>\n","protected":false},"excerpt":{"rendered":"","protected":false},"author":79,"featured_media":0,"parent":223,"menu_order":0,"comment_status":"closed","ping_status":"closed","template":"","meta":{"_acf_changed":false,"_relevanssi_hide_post":"","_relevanssi_hide_content":"","_relevanssi_pin_for_all":"","_relevanssi_pin_keywords":"","_relevanssi_unpin_keywords":"","_relevanssi_related_keywords":"","_relevanssi_related_include_ids":"","_relevanssi_related_exclude_ids":"","_relevanssi_related_no_append":"","_relevanssi_related_not_related":"","_relevanssi_related_posts":"","_relevanssi_noindex_reason":"","footnotes":""},"categories":[],"tags":[],"class_list":["post-263","page","type-page","status-publish","hentry"],"acf":[],"yoast_head":"<!-- This site is optimized with the Yoast SEO plugin v27.3 - https:\/\/yoast.com\/product\/yoast-seo-wordpress\/ -->\n<title>Asiakirjamallin vaihtaminen dokumenttiin - Opinn\u00e4ytety\u00f6n raportointiohje<\/title>\n<meta name=\"robots\" content=\"index, follow, max-snippet:-1, max-image-preview:large, max-video-preview:-1\" \/>\n<link rel=\"canonical\" href=\"https:\/\/help.jamk.fi\/raportointiohje\/fi\/mallipohjat\/asiakirjamallin-vaihtaminen-dokumenttiin\/\" \/>\n<meta property=\"og:locale\" content=\"fi_FI\" \/>\n<meta property=\"og:type\" content=\"article\" \/>\n<meta property=\"og:title\" content=\"Asiakirjamallin vaihtaminen dokumenttiin - Opinn\u00e4ytety\u00f6n raportointiohje\" \/>\n<meta property=\"og:url\" content=\"https:\/\/help.jamk.fi\/raportointiohje\/fi\/mallipohjat\/asiakirjamallin-vaihtaminen-dokumenttiin\/\" \/>\n<meta property=\"og:site_name\" content=\"Opinn\u00e4ytety\u00f6n raportointiohje\" \/>\n<meta property=\"article:modified_time\" content=\"2023-12-21T12:24:51+00:00\" \/>\n<meta property=\"og:image\" content=\"https:\/\/help.jamk.fi\/raportointiohje\/wp-content\/uploads\/sites\/73\/2023\/07\/kehitystyokalut.png\" \/>\n<meta name=\"twitter:card\" content=\"summary_large_image\" \/>\n<meta name=\"twitter:label1\" content=\"Arvioitu lukuaika\" \/>\n\t<meta name=\"twitter:data1\" content=\"1 minuutti\" \/>\n<script type=\"application\/ld+json\" class=\"yoast-schema-graph\">{\"@context\":\"https:\\\/\\\/schema.org\",\"@graph\":[{\"@type\":\"WebPage\",\"@id\":\"https:\\\/\\\/help.jamk.fi\\\/raportointiohje\\\/fi\\\/mallipohjat\\\/asiakirjamallin-vaihtaminen-dokumenttiin\\\/\",\"url\":\"https:\\\/\\\/help.jamk.fi\\\/raportointiohje\\\/fi\\\/mallipohjat\\\/asiakirjamallin-vaihtaminen-dokumenttiin\\\/\",\"name\":\"Asiakirjamallin vaihtaminen dokumenttiin - Opinn\u00e4ytety\u00f6n raportointiohje\",\"isPartOf\":{\"@id\":\"https:\\\/\\\/help.jamk.fi\\\/raportointiohje\\\/#website\"},\"primaryImageOfPage\":{\"@id\":\"https:\\\/\\\/help.jamk.fi\\\/raportointiohje\\\/fi\\\/mallipohjat\\\/asiakirjamallin-vaihtaminen-dokumenttiin\\\/#primaryimage\"},\"image\":{\"@id\":\"https:\\\/\\\/help.jamk.fi\\\/raportointiohje\\\/fi\\\/mallipohjat\\\/asiakirjamallin-vaihtaminen-dokumenttiin\\\/#primaryimage\"},\"thumbnailUrl\":\"https:\\\/\\\/help.jamk.fi\\\/raportointiohje\\\/wp-content\\\/uploads\\\/sites\\\/73\\\/2023\\\/07\\\/kehitystyokalut.png\",\"datePublished\":\"2022-10-26T09:55:42+00:00\",\"dateModified\":\"2023-12-21T12:24:51+00:00\",\"breadcrumb\":{\"@id\":\"https:\\\/\\\/help.jamk.fi\\\/raportointiohje\\\/fi\\\/mallipohjat\\\/asiakirjamallin-vaihtaminen-dokumenttiin\\\/#breadcrumb\"},\"inLanguage\":\"fi\",\"potentialAction\":[{\"@type\":\"ReadAction\",\"target\":[\"https:\\\/\\\/help.jamk.fi\\\/raportointiohje\\\/fi\\\/mallipohjat\\\/asiakirjamallin-vaihtaminen-dokumenttiin\\\/\"]}]},{\"@type\":\"ImageObject\",\"inLanguage\":\"fi\",\"@id\":\"https:\\\/\\\/help.jamk.fi\\\/raportointiohje\\\/fi\\\/mallipohjat\\\/asiakirjamallin-vaihtaminen-dokumenttiin\\\/#primaryimage\",\"url\":\"https:\\\/\\\/help.jamk.fi\\\/raportointiohje\\\/wp-content\\\/uploads\\\/sites\\\/73\\\/2023\\\/07\\\/kehitystyokalut.png\",\"contentUrl\":\"https:\\\/\\\/help.jamk.fi\\\/raportointiohje\\\/wp-content\\\/uploads\\\/sites\\\/73\\\/2023\\\/07\\\/kehitystyokalut.png\"},{\"@type\":\"BreadcrumbList\",\"@id\":\"https:\\\/\\\/help.jamk.fi\\\/raportointiohje\\\/fi\\\/mallipohjat\\\/asiakirjamallin-vaihtaminen-dokumenttiin\\\/#breadcrumb\",\"itemListElement\":[{\"@type\":\"ListItem\",\"position\":1,\"name\":\"Etusivu\",\"item\":\"https:\\\/\\\/help.jamk.fi\\\/raportointiohje\\\/fi\\\/\"},{\"@type\":\"ListItem\",\"position\":2,\"name\":\"Mallipohjat\",\"item\":\"https:\\\/\\\/help.jamk.fi\\\/raportointiohje\\\/fi\\\/mallipohjat\\\/\"},{\"@type\":\"ListItem\",\"position\":3,\"name\":\"Asiakirjamallin vaihtaminen dokumenttiin\"}]},{\"@type\":\"WebSite\",\"@id\":\"https:\\\/\\\/help.jamk.fi\\\/raportointiohje\\\/#website\",\"url\":\"https:\\\/\\\/help.jamk.fi\\\/raportointiohje\\\/\",\"name\":\"Opinn\u00e4ytety\u00f6n raportointiohje\",\"description\":\"\",\"potentialAction\":[{\"@type\":\"SearchAction\",\"target\":{\"@type\":\"EntryPoint\",\"urlTemplate\":\"https:\\\/\\\/help.jamk.fi\\\/raportointiohje\\\/?s={search_term_string}\"},\"query-input\":{\"@type\":\"PropertyValueSpecification\",\"valueRequired\":true,\"valueName\":\"search_term_string\"}}],\"inLanguage\":\"fi\"}]}<\/script>\n<!-- \/ Yoast SEO plugin. -->","yoast_head_json":{"title":"Asiakirjamallin vaihtaminen dokumenttiin - Opinn\u00e4ytety\u00f6n raportointiohje","robots":{"index":"index","follow":"follow","max-snippet":"max-snippet:-1","max-image-preview":"max-image-preview:large","max-video-preview":"max-video-preview:-1"},"canonical":"https:\/\/help.jamk.fi\/raportointiohje\/fi\/mallipohjat\/asiakirjamallin-vaihtaminen-dokumenttiin\/","og_locale":"fi_FI","og_type":"article","og_title":"Asiakirjamallin vaihtaminen dokumenttiin - Opinn\u00e4ytety\u00f6n raportointiohje","og_url":"https:\/\/help.jamk.fi\/raportointiohje\/fi\/mallipohjat\/asiakirjamallin-vaihtaminen-dokumenttiin\/","og_site_name":"Opinn\u00e4ytety\u00f6n raportointiohje","article_modified_time":"2023-12-21T12:24:51+00:00","og_image":[{"url":"https:\/\/help.jamk.fi\/raportointiohje\/wp-content\/uploads\/sites\/73\/2023\/07\/kehitystyokalut.png","type":"","width":"","height":""}],"twitter_card":"summary_large_image","twitter_misc":{"Arvioitu lukuaika":"1 minuutti"},"schema":{"@context":"https:\/\/schema.org","@graph":[{"@type":"WebPage","@id":"https:\/\/help.jamk.fi\/raportointiohje\/fi\/mallipohjat\/asiakirjamallin-vaihtaminen-dokumenttiin\/","url":"https:\/\/help.jamk.fi\/raportointiohje\/fi\/mallipohjat\/asiakirjamallin-vaihtaminen-dokumenttiin\/","name":"Asiakirjamallin vaihtaminen dokumenttiin - Opinn\u00e4ytety\u00f6n raportointiohje","isPartOf":{"@id":"https:\/\/help.jamk.fi\/raportointiohje\/#website"},"primaryImageOfPage":{"@id":"https:\/\/help.jamk.fi\/raportointiohje\/fi\/mallipohjat\/asiakirjamallin-vaihtaminen-dokumenttiin\/#primaryimage"},"image":{"@id":"https:\/\/help.jamk.fi\/raportointiohje\/fi\/mallipohjat\/asiakirjamallin-vaihtaminen-dokumenttiin\/#primaryimage"},"thumbnailUrl":"https:\/\/help.jamk.fi\/raportointiohje\/wp-content\/uploads\/sites\/73\/2023\/07\/kehitystyokalut.png","datePublished":"2022-10-26T09:55:42+00:00","dateModified":"2023-12-21T12:24:51+00:00","breadcrumb":{"@id":"https:\/\/help.jamk.fi\/raportointiohje\/fi\/mallipohjat\/asiakirjamallin-vaihtaminen-dokumenttiin\/#breadcrumb"},"inLanguage":"fi","potentialAction":[{"@type":"ReadAction","target":["https:\/\/help.jamk.fi\/raportointiohje\/fi\/mallipohjat\/asiakirjamallin-vaihtaminen-dokumenttiin\/"]}]},{"@type":"ImageObject","inLanguage":"fi","@id":"https:\/\/help.jamk.fi\/raportointiohje\/fi\/mallipohjat\/asiakirjamallin-vaihtaminen-dokumenttiin\/#primaryimage","url":"https:\/\/help.jamk.fi\/raportointiohje\/wp-content\/uploads\/sites\/73\/2023\/07\/kehitystyokalut.png","contentUrl":"https:\/\/help.jamk.fi\/raportointiohje\/wp-content\/uploads\/sites\/73\/2023\/07\/kehitystyokalut.png"},{"@type":"BreadcrumbList","@id":"https:\/\/help.jamk.fi\/raportointiohje\/fi\/mallipohjat\/asiakirjamallin-vaihtaminen-dokumenttiin\/#breadcrumb","itemListElement":[{"@type":"ListItem","position":1,"name":"Etusivu","item":"https:\/\/help.jamk.fi\/raportointiohje\/fi\/"},{"@type":"ListItem","position":2,"name":"Mallipohjat","item":"https:\/\/help.jamk.fi\/raportointiohje\/fi\/mallipohjat\/"},{"@type":"ListItem","position":3,"name":"Asiakirjamallin vaihtaminen dokumenttiin"}]},{"@type":"WebSite","@id":"https:\/\/help.jamk.fi\/raportointiohje\/#website","url":"https:\/\/help.jamk.fi\/raportointiohje\/","name":"Opinn\u00e4ytety\u00f6n raportointiohje","description":"","potentialAction":[{"@type":"SearchAction","target":{"@type":"EntryPoint","urlTemplate":"https:\/\/help.jamk.fi\/raportointiohje\/?s={search_term_string}"},"query-input":{"@type":"PropertyValueSpecification","valueRequired":true,"valueName":"search_term_string"}}],"inLanguage":"fi"}]}},"_links":{"self":[{"href":"https:\/\/help.jamk.fi\/raportointiohje\/wp-json\/wp\/v2\/pages\/263","targetHints":{"allow":["GET"]}}],"collection":[{"href":"https:\/\/help.jamk.fi\/raportointiohje\/wp-json\/wp\/v2\/pages"}],"about":[{"href":"https:\/\/help.jamk.fi\/raportointiohje\/wp-json\/wp\/v2\/types\/page"}],"author":[{"embeddable":true,"href":"https:\/\/help.jamk.fi\/raportointiohje\/wp-json\/wp\/v2\/users\/79"}],"replies":[{"embeddable":true,"href":"https:\/\/help.jamk.fi\/raportointiohje\/wp-json\/wp\/v2\/comments?post=263"}],"version-history":[{"count":3,"href":"https:\/\/help.jamk.fi\/raportointiohje\/wp-json\/wp\/v2\/pages\/263\/revisions"}],"predecessor-version":[{"id":782,"href":"https:\/\/help.jamk.fi\/raportointiohje\/wp-json\/wp\/v2\/pages\/263\/revisions\/782"}],"up":[{"embeddable":true,"href":"https:\/\/help.jamk.fi\/raportointiohje\/wp-json\/wp\/v2\/pages\/223"}],"wp:attachment":[{"href":"https:\/\/help.jamk.fi\/raportointiohje\/wp-json\/wp\/v2\/media?parent=263"}],"wp:term":[{"taxonomy":"category","embeddable":true,"href":"https:\/\/help.jamk.fi\/raportointiohje\/wp-json\/wp\/v2\/categories?post=263"},{"taxonomy":"post_tag","embeddable":true,"href":"https:\/\/help.jamk.fi\/raportointiohje\/wp-json\/wp\/v2\/tags?post=263"}],"curies":[{"name":"wp","href":"https:\/\/api.w.org\/{rel}","templated":true}]}}