{"id":484,"date":"2023-09-29T17:01:46","date_gmt":"2023-09-29T14:01:46","guid":{"rendered":"https:\/\/help.jamk.fi\/raportointiohje\/references\/"},"modified":"2025-07-17T10:18:42","modified_gmt":"2025-07-17T07:18:42","slug":"references","status":"publish","type":"page","link":"https:\/\/help.jamk.fi\/raportointiohje\/en\/references\/","title":{"rendered":"References"},"content":{"rendered":"\n<p>The references listed here are for the sources cited elsewhere in the Project Reporting Instructions. For instructions concerning in-text citations and references, see <a href=\"https:\/\/help.jamk.fi\/raportointiohje\/en\/5-use-of-sources\/\">Chapter 5. Use of Sources<\/a>.<\/p>\n\n\n\n<p>Alasuutari, P. (1999). <em>Laadullinen tutkimus<\/em> [Qualitative research] (3rd ed.). Vastapaino.<\/p>\n\n\n\n<p>American Psychological Association. (2022, July). <em>Active and passive voice<\/em>. APA Style blog. <a href=\"https:\/\/apastyle.apa.org\/style-grammar-guidelines\/grammar\/active-passive-voice\">https:\/\/apastyle.apa.org\/style-grammar-guidelines\/grammar\/active-passive-voice<\/a><\/p>\n\n\n\n<p>Hakala, J.T. (2004). <em>Opinn\u00e4yteopas ammattikorkeakouluille<\/em> [Thesis guide for universities of applied sciences]. Gaudeamus.<\/p>\n\n\n\n<p>Hendriks, R. (2013). <em>Perceptions of facility management in Europe: A survey of Finland, Germany and the UK<\/em>. [Bachelor\u2019s thesis, Jamk University of Applied Sciences]. Theseus. <a href=\"http:\/\/urn.fi\/URN:NBN:fi:amk-2013060512952\" target=\"_blank\" rel=\"noopener noreferrer\">http:\/\/urn.fi\/URN:NBN:fi:amk-2013060512952<\/a><\/p>\n\n\n\n<p>Hirsj\u00e4rvi, S., Remes, P., &amp; Sajavaara, P. (2009). <em>Tutki ja kirjoita<\/em> [Research and write] (15th ed.). Tammi.<\/p>\n\n\n\n<p>Kananen, J. (2008). Kvantti: Kvantitatiivinen tutkimus alusta loppuun [Quantitative analysis from A to Z]. Jamk University of Applied Sciences.<\/p>\n\n\n\n<p>Kananen, J. (2015). Opinn\u00e4ytety\u00f6n kirjoittajan opas: N\u00e4in kirjoitan opinn\u00e4ytety\u00f6n tai pro gradun alusta loppuun [Thesis writer&#8217;s guide: This is how I write a bachelor&#8217;s or master&#8217;s thesis from start to finish]. Jamk University of Applied Sciences.<\/p>\n","protected":false},"excerpt":{"rendered":"<p>The references listed here are for the sources cited elsewhere in the Project Reporting Instructions. For instructions concerning in-text citations and references, see Chapter 5. Use of Sources. Alasuutari, P. (1999). Laadullinen tutkimus [Qualitative research] (3rd ed.). Vastapaino. American Psychological Association. (2022, July). Active and passive voice. APA Style blog. https:\/\/apastyle.apa.org\/style-grammar-guidelines\/grammar\/active-passive-voice Hakala, J.T. (2004). Opinn\u00e4yteopas [&hellip;]<\/p>\n","protected":false},"author":79,"featured_media":0,"parent":0,"menu_order":0,"comment_status":"open","ping_status":"open","template":"","meta":{"_acf_changed":false,"_relevanssi_hide_post":"","_relevanssi_hide_content":"","_relevanssi_pin_for_all":"","_relevanssi_pin_keywords":"source, sources, reference, references","_relevanssi_unpin_keywords":"","_relevanssi_related_keywords":"","_relevanssi_related_include_ids":"","_relevanssi_related_exclude_ids":"","_relevanssi_related_no_append":"","_relevanssi_related_not_related":"","_relevanssi_related_posts":"","_relevanssi_noindex_reason":"","footnotes":""},"categories":[760],"tags":[],"class_list":["post-484","page","type-page","status-publish","hentry","category-uncategorized-en"],"acf":[],"yoast_head":"<!-- This site is optimized with the Yoast SEO plugin v27.4 - https:\/\/yoast.com\/product\/yoast-seo-wordpress\/ -->\n<title>References - Opinn\u00e4ytety\u00f6n raportointiohje<\/title>\n<meta name=\"robots\" content=\"index, follow, max-snippet:-1, max-image-preview:large, max-video-preview:-1\" \/>\n<link rel=\"canonical\" href=\"https:\/\/help.jamk.fi\/raportointiohje\/en\/references\/\" \/>\n<meta property=\"og:locale\" content=\"fi_FI\" \/>\n<meta property=\"og:type\" content=\"article\" \/>\n<meta property=\"og:title\" content=\"References - Opinn\u00e4ytety\u00f6n raportointiohje\" \/>\n<meta property=\"og:description\" content=\"The references listed here are for the sources cited elsewhere in the Project Reporting Instructions. For instructions concerning in-text citations and references, see Chapter 5. Use of Sources. Alasuutari, P. (1999). Laadullinen tutkimus [Qualitative research] (3rd ed.). Vastapaino. American Psychological Association. (2022, July). Active and passive voice. APA Style blog. https:\/\/apastyle.apa.org\/style-grammar-guidelines\/grammar\/active-passive-voice Hakala, J.T. (2004). Opinn\u00e4yteopas [&hellip;]\" \/>\n<meta property=\"og:url\" content=\"https:\/\/help.jamk.fi\/raportointiohje\/en\/references\/\" \/>\n<meta property=\"og:site_name\" content=\"Opinn\u00e4ytety\u00f6n raportointiohje\" \/>\n<meta property=\"article:modified_time\" content=\"2025-07-17T07:18:42+00:00\" \/>\n<meta name=\"twitter:card\" content=\"summary_large_image\" \/>\n<meta name=\"twitter:label1\" content=\"Arvioitu lukuaika\" \/>\n\t<meta name=\"twitter:data1\" content=\"1 minuutti\" \/>\n<script type=\"application\/ld+json\" class=\"yoast-schema-graph\">{\"@context\":\"https:\\\/\\\/schema.org\",\"@graph\":[{\"@type\":\"WebPage\",\"@id\":\"https:\\\/\\\/help.jamk.fi\\\/raportointiohje\\\/en\\\/references\\\/\",\"url\":\"https:\\\/\\\/help.jamk.fi\\\/raportointiohje\\\/en\\\/references\\\/\",\"name\":\"References - Opinn\u00e4ytety\u00f6n raportointiohje\",\"isPartOf\":{\"@id\":\"https:\\\/\\\/help.jamk.fi\\\/raportointiohje\\\/#website\"},\"datePublished\":\"2023-09-29T14:01:46+00:00\",\"dateModified\":\"2025-07-17T07:18:42+00:00\",\"breadcrumb\":{\"@id\":\"https:\\\/\\\/help.jamk.fi\\\/raportointiohje\\\/en\\\/references\\\/#breadcrumb\"},\"inLanguage\":\"fi\",\"potentialAction\":[{\"@type\":\"ReadAction\",\"target\":[\"https:\\\/\\\/help.jamk.fi\\\/raportointiohje\\\/en\\\/references\\\/\"]}]},{\"@type\":\"BreadcrumbList\",\"@id\":\"https:\\\/\\\/help.jamk.fi\\\/raportointiohje\\\/en\\\/references\\\/#breadcrumb\",\"itemListElement\":[{\"@type\":\"ListItem\",\"position\":1,\"name\":\"Etusivu\",\"item\":\"https:\\\/\\\/help.jamk.fi\\\/raportointiohje\\\/fi\\\/\"},{\"@type\":\"ListItem\",\"position\":2,\"name\":\"References\"}]},{\"@type\":\"WebSite\",\"@id\":\"https:\\\/\\\/help.jamk.fi\\\/raportointiohje\\\/#website\",\"url\":\"https:\\\/\\\/help.jamk.fi\\\/raportointiohje\\\/\",\"name\":\"Opinn\u00e4ytety\u00f6n raportointiohje\",\"description\":\"\",\"potentialAction\":[{\"@type\":\"SearchAction\",\"target\":{\"@type\":\"EntryPoint\",\"urlTemplate\":\"https:\\\/\\\/help.jamk.fi\\\/raportointiohje\\\/?s={search_term_string}\"},\"query-input\":{\"@type\":\"PropertyValueSpecification\",\"valueRequired\":true,\"valueName\":\"search_term_string\"}}],\"inLanguage\":\"fi\"}]}<\/script>\n<!-- \/ Yoast SEO plugin. -->","yoast_head_json":{"title":"References - Opinn\u00e4ytety\u00f6n raportointiohje","robots":{"index":"index","follow":"follow","max-snippet":"max-snippet:-1","max-image-preview":"max-image-preview:large","max-video-preview":"max-video-preview:-1"},"canonical":"https:\/\/help.jamk.fi\/raportointiohje\/en\/references\/","og_locale":"fi_FI","og_type":"article","og_title":"References - Opinn\u00e4ytety\u00f6n raportointiohje","og_description":"The references listed here are for the sources cited elsewhere in the Project Reporting Instructions. For instructions concerning in-text citations and references, see Chapter 5. Use of Sources. Alasuutari, P. (1999). Laadullinen tutkimus [Qualitative research] (3rd ed.). Vastapaino. American Psychological Association. (2022, July). Active and passive voice. APA Style blog. https:\/\/apastyle.apa.org\/style-grammar-guidelines\/grammar\/active-passive-voice Hakala, J.T. (2004). Opinn\u00e4yteopas [&hellip;]","og_url":"https:\/\/help.jamk.fi\/raportointiohje\/en\/references\/","og_site_name":"Opinn\u00e4ytety\u00f6n raportointiohje","article_modified_time":"2025-07-17T07:18:42+00:00","twitter_card":"summary_large_image","twitter_misc":{"Arvioitu lukuaika":"1 minuutti"},"schema":{"@context":"https:\/\/schema.org","@graph":[{"@type":"WebPage","@id":"https:\/\/help.jamk.fi\/raportointiohje\/en\/references\/","url":"https:\/\/help.jamk.fi\/raportointiohje\/en\/references\/","name":"References - Opinn\u00e4ytety\u00f6n raportointiohje","isPartOf":{"@id":"https:\/\/help.jamk.fi\/raportointiohje\/#website"},"datePublished":"2023-09-29T14:01:46+00:00","dateModified":"2025-07-17T07:18:42+00:00","breadcrumb":{"@id":"https:\/\/help.jamk.fi\/raportointiohje\/en\/references\/#breadcrumb"},"inLanguage":"fi","potentialAction":[{"@type":"ReadAction","target":["https:\/\/help.jamk.fi\/raportointiohje\/en\/references\/"]}]},{"@type":"BreadcrumbList","@id":"https:\/\/help.jamk.fi\/raportointiohje\/en\/references\/#breadcrumb","itemListElement":[{"@type":"ListItem","position":1,"name":"Etusivu","item":"https:\/\/help.jamk.fi\/raportointiohje\/fi\/"},{"@type":"ListItem","position":2,"name":"References"}]},{"@type":"WebSite","@id":"https:\/\/help.jamk.fi\/raportointiohje\/#website","url":"https:\/\/help.jamk.fi\/raportointiohje\/","name":"Opinn\u00e4ytety\u00f6n raportointiohje","description":"","potentialAction":[{"@type":"SearchAction","target":{"@type":"EntryPoint","urlTemplate":"https:\/\/help.jamk.fi\/raportointiohje\/?s={search_term_string}"},"query-input":{"@type":"PropertyValueSpecification","valueRequired":true,"valueName":"search_term_string"}}],"inLanguage":"fi"}]}},"_links":{"self":[{"href":"https:\/\/help.jamk.fi\/raportointiohje\/wp-json\/wp\/v2\/pages\/484","targetHints":{"allow":["GET"]}}],"collection":[{"href":"https:\/\/help.jamk.fi\/raportointiohje\/wp-json\/wp\/v2\/pages"}],"about":[{"href":"https:\/\/help.jamk.fi\/raportointiohje\/wp-json\/wp\/v2\/types\/page"}],"author":[{"embeddable":true,"href":"https:\/\/help.jamk.fi\/raportointiohje\/wp-json\/wp\/v2\/users\/79"}],"replies":[{"embeddable":true,"href":"https:\/\/help.jamk.fi\/raportointiohje\/wp-json\/wp\/v2\/comments?post=484"}],"version-history":[{"count":8,"href":"https:\/\/help.jamk.fi\/raportointiohje\/wp-json\/wp\/v2\/pages\/484\/revisions"}],"predecessor-version":[{"id":1368,"href":"https:\/\/help.jamk.fi\/raportointiohje\/wp-json\/wp\/v2\/pages\/484\/revisions\/1368"}],"wp:attachment":[{"href":"https:\/\/help.jamk.fi\/raportointiohje\/wp-json\/wp\/v2\/media?parent=484"}],"wp:term":[{"taxonomy":"category","embeddable":true,"href":"https:\/\/help.jamk.fi\/raportointiohje\/wp-json\/wp\/v2\/categories?post=484"},{"taxonomy":"post_tag","embeddable":true,"href":"https:\/\/help.jamk.fi\/raportointiohje\/wp-json\/wp\/v2\/tags?post=484"}],"curies":[{"name":"wp","href":"https:\/\/api.w.org\/{rel}","templated":true}]}}