{"id":50,"date":"2012-08-15T07:39:40","date_gmt":"2012-08-15T04:39:40","guid":{"rendered":"https:\/\/help.jamk.fi\/raportointiohje\/4-1-3-sisallysluettelo\/"},"modified":"2025-11-06T12:58:19","modified_gmt":"2025-11-06T10:58:19","slug":"4-1-3-sisallysluettelo","status":"publish","type":"page","link":"https:\/\/help.jamk.fi\/raportointiohje\/fi\/4-opinnaytetyon-rakenne\/4-1-opinnaytetyon-alkuosa\/4-1-3-sisallysluettelo\/","title":{"rendered":"4.1.3 Sis\u00e4llysluettelo"},"content":{"rendered":"\n<p>Sis\u00e4llysluettelon tulee olla informatiivinen mutta samalla niin tiivis, ett\u00e4 ty\u00f6n kokonaisuus ja rakenne hahmottuvat helposti. Sis\u00e4llysluettelon perusteella lukija voi p\u00e4\u00e4tell\u00e4 asioiden t\u00e4rkeysj\u00e4rjestyksen ja tutkimuksen logiikan.<\/p>\n\n\n\n<p>Sis\u00e4llysluettelon otsikkona on <strong>Sis\u00e4lt\u00f6<\/strong>. Sis\u00e4lt\u00f6 j\u00e4sennet\u00e4\u00e4n numeroimalla osat p\u00e4\u00e4- ja alalukuihin. P\u00e4\u00e4- ja alalukujen numeron j\u00e4lkeen ei tule pistett\u00e4. Sis\u00e4llysluettelon otsikoiden on oltava samannimisi\u00e4 kuin vastaavat otsikot tekstisivuilla. P\u00e4\u00e4lukujen otsikot lihavoidaan.&nbsp; Muuten sis\u00e4llysluettelon voi muotoilla vapaasti. Tekstin otsikoinnissa riitt\u00e4\u00e4 yleens\u00e4 korkeintaan kaksi otsikkotasoa, tarvittaessa enint\u00e4\u00e4n kolme. Yksin\u00e4isi\u00e4 alalukuja ei saa olla. Sen sijaan pelkk\u00e4 p\u00e4\u00e4luku on mahdollinen.<\/p>\n\n\n\n<p>Sis\u00e4llysluetteloon tulevat vain numeroidut otsikot. On syyt\u00e4 harkita tarkkaan, miten pienist\u00e4 tekstiosista tehd\u00e4\u00e4n lukuja, sill\u00e4 luku on suurempi yksikk\u00f6 kuin kappale: yhdess\u00e4 tekstiluvussa on aina useita kappaleita.<\/p>\n\n\n\n<p>Liitteiden nimet kirjoitetaan sis\u00e4llysluetteloon <strong>Liitteet<\/strong>-otsikon alaotsikoiksi. <strong>Kuvioista ja taulukoista<\/strong> tehd\u00e4\u00e4n kummastakin oma luettelonsa sis\u00e4llysluettelon loppuun. Luettelo sis\u00e4lt\u00e4\u00e4 kunkin kuvion tai taulukon numeron, nimen ja sijainnin (sivunumeron), mutta ei l\u00e4hdeviitett\u00e4. Joillakin aloilla opinn\u00e4ytet\u00f6iss\u00e4 tarvitaan toisinaan lyhenteiden ja symbolien listaa tai erillist\u00e4 sanastoa. Niiden paikka ty\u00f6ss\u00e4 on sis\u00e4llysluettelon j\u00e4lkeen ennen ensimm\u00e4ist\u00e4 tekstilukua.<\/p>\n\n\n\n<p>Voit katsoa tarvittaessa <a href=\"https:\/\/support.microsoft.com\/fi-fi\/office\/sis%C3%A4llysluettelon-lis%C3%A4%C3%A4minen-882e8564-0edb-435e-84b5-1d8552ccf0c0\">Microsoftin sis\u00e4llysluettelon luomisen ohjeita<\/a>.<\/p>\n\n\n\n<p><span style=\"color: #000000; font-family: Calibri;\">Edell\u00e4 esitetyt ohjeet on tiivistetty sis\u00e4llysluettelon malliksi kuviossa 1.<\/span><\/p>\n\n\n\n<figure class=\"wp-block-image size-full\"><img loading=\"lazy\" decoding=\"async\" width=\"751\" height=\"841\" src=\"https:\/\/help.jamk.fi\/raportointiohje\/wp-content\/uploads\/sites\/73\/2023\/07\/sisallysluettelo.jpg\" alt=\"Kuviossa on sis\u00e4llysluettelo, jossa on p\u00e4\u00e4- ja alalukuja tekstiss\u00e4 esitettyjen ohjeiden mukaisesti.\" class=\"wp-image-350\" srcset=\"https:\/\/help.jamk.fi\/raportointiohje\/wp-content\/uploads\/sites\/73\/2023\/07\/sisallysluettelo.jpg 751w, https:\/\/help.jamk.fi\/raportointiohje\/wp-content\/uploads\/sites\/73\/2023\/07\/sisallysluettelo-268x300.jpg 268w\" sizes=\"auto, (max-width: 751px) 100vw, 751px\" \/><figcaption class=\"wp-element-caption\">Kuvio 1. N\u00e4kym\u00e4 sis\u00e4llysluettelosta<\/figcaption><\/figure>\n","protected":false},"excerpt":{"rendered":"<p>Sis\u00e4llysluettelon tulee olla informatiivinen mutta samalla niin tiivis, ett\u00e4 ty\u00f6n kokonaisuus ja rakenne hahmottuvat helposti. Sis\u00e4llysluettelon perusteella lukija voi p\u00e4\u00e4tell\u00e4 asioiden t\u00e4rkeysj\u00e4rjestyksen ja tutkimuksen logiikan. Sis\u00e4llysluettelon otsikkona on Sis\u00e4lt\u00f6. Sis\u00e4lt\u00f6 j\u00e4sennet\u00e4\u00e4n numeroimalla osat p\u00e4\u00e4- ja alalukuihin. P\u00e4\u00e4- ja alalukujen numeron j\u00e4lkeen ei tule pistett\u00e4. Sis\u00e4llysluettelon otsikoiden on oltava samannimisi\u00e4 kuin vastaavat otsikot tekstisivuilla. P\u00e4\u00e4lukujen otsikot [&hellip;]<\/p>\n","protected":false},"author":79,"featured_media":0,"parent":198,"menu_order":4,"comment_status":"closed","ping_status":"closed","template":"","meta":{"_acf_changed":false,"_relevanssi_hide_post":"","_relevanssi_hide_content":"","_relevanssi_pin_for_all":"","_relevanssi_pin_keywords":"","_relevanssi_unpin_keywords":"","_relevanssi_related_keywords":"","_relevanssi_related_include_ids":"","_relevanssi_related_exclude_ids":"","_relevanssi_related_no_append":"","_relevanssi_related_not_related":"","_relevanssi_related_posts":"","_relevanssi_noindex_reason":"","footnotes":""},"categories":[],"tags":[197,203,209,215,221,179,125,227,233,239,245,251],"class_list":["post-50","page","type-page","status-publish","hentry","tag-alaluku","tag-kuvio","tag-liitteet","tag-otsikko","tag-paaluku","tag-rakenne","tag-sisallysluettelo","tag-sisalto","tag-suuraakkoset","tag-taulukko","tag-tekstikappale","tag-tekstiluku"],"acf":[],"yoast_head":"<!-- This site is optimized with the Yoast SEO plugin v27.3 - https:\/\/yoast.com\/product\/yoast-seo-wordpress\/ -->\n<title>4.1.3 Sis\u00e4llysluettelo - Opinn\u00e4ytety\u00f6n raportointiohje<\/title>\n<meta name=\"robots\" content=\"index, follow, max-snippet:-1, max-image-preview:large, max-video-preview:-1\" \/>\n<link rel=\"canonical\" href=\"https:\/\/help.jamk.fi\/raportointiohje\/fi\/4-opinnaytetyon-rakenne\/4-1-opinnaytetyon-alkuosa\/4-1-3-sisallysluettelo\/\" \/>\n<meta property=\"og:locale\" content=\"fi_FI\" \/>\n<meta property=\"og:type\" content=\"article\" \/>\n<meta property=\"og:title\" content=\"4.1.3 Sis\u00e4llysluettelo - Opinn\u00e4ytety\u00f6n raportointiohje\" \/>\n<meta property=\"og:description\" content=\"Sis\u00e4llysluettelon tulee olla informatiivinen mutta samalla niin tiivis, ett\u00e4 ty\u00f6n kokonaisuus ja rakenne hahmottuvat helposti. Sis\u00e4llysluettelon perusteella lukija voi p\u00e4\u00e4tell\u00e4 asioiden t\u00e4rkeysj\u00e4rjestyksen ja tutkimuksen logiikan. Sis\u00e4llysluettelon otsikkona on Sis\u00e4lt\u00f6. Sis\u00e4lt\u00f6 j\u00e4sennet\u00e4\u00e4n numeroimalla osat p\u00e4\u00e4- ja alalukuihin. P\u00e4\u00e4- ja alalukujen numeron j\u00e4lkeen ei tule pistett\u00e4. Sis\u00e4llysluettelon otsikoiden on oltava samannimisi\u00e4 kuin vastaavat otsikot tekstisivuilla. P\u00e4\u00e4lukujen otsikot [&hellip;]\" \/>\n<meta property=\"og:url\" content=\"https:\/\/help.jamk.fi\/raportointiohje\/fi\/4-opinnaytetyon-rakenne\/4-1-opinnaytetyon-alkuosa\/4-1-3-sisallysluettelo\/\" \/>\n<meta property=\"og:site_name\" content=\"Opinn\u00e4ytety\u00f6n raportointiohje\" \/>\n<meta property=\"article:modified_time\" content=\"2025-11-06T10:58:19+00:00\" \/>\n<meta property=\"og:image\" content=\"https:\/\/help.jamk.fi\/raportointiohje\/wp-content\/uploads\/sites\/73\/2023\/07\/sisallysluettelo.jpg\" \/>\n\t<meta property=\"og:image:width\" content=\"751\" \/>\n\t<meta property=\"og:image:height\" content=\"841\" \/>\n\t<meta property=\"og:image:type\" content=\"image\/jpeg\" \/>\n<meta name=\"twitter:card\" content=\"summary_large_image\" \/>\n<meta name=\"twitter:label1\" content=\"Arvioitu lukuaika\" \/>\n\t<meta name=\"twitter:data1\" content=\"2 minuuttia\" \/>\n<script type=\"application\/ld+json\" class=\"yoast-schema-graph\">{\"@context\":\"https:\\\/\\\/schema.org\",\"@graph\":[{\"@type\":\"WebPage\",\"@id\":\"https:\\\/\\\/help.jamk.fi\\\/raportointiohje\\\/fi\\\/4-opinnaytetyon-rakenne\\\/4-1-opinnaytetyon-alkuosa\\\/4-1-3-sisallysluettelo\\\/\",\"url\":\"https:\\\/\\\/help.jamk.fi\\\/raportointiohje\\\/fi\\\/4-opinnaytetyon-rakenne\\\/4-1-opinnaytetyon-alkuosa\\\/4-1-3-sisallysluettelo\\\/\",\"name\":\"4.1.3 Sis\u00e4llysluettelo - Opinn\u00e4ytety\u00f6n raportointiohje\",\"isPartOf\":{\"@id\":\"https:\\\/\\\/help.jamk.fi\\\/raportointiohje\\\/#website\"},\"primaryImageOfPage\":{\"@id\":\"https:\\\/\\\/help.jamk.fi\\\/raportointiohje\\\/fi\\\/4-opinnaytetyon-rakenne\\\/4-1-opinnaytetyon-alkuosa\\\/4-1-3-sisallysluettelo\\\/#primaryimage\"},\"image\":{\"@id\":\"https:\\\/\\\/help.jamk.fi\\\/raportointiohje\\\/fi\\\/4-opinnaytetyon-rakenne\\\/4-1-opinnaytetyon-alkuosa\\\/4-1-3-sisallysluettelo\\\/#primaryimage\"},\"thumbnailUrl\":\"https:\\\/\\\/help.jamk.fi\\\/raportointiohje\\\/wp-content\\\/uploads\\\/sites\\\/73\\\/2023\\\/07\\\/sisallysluettelo.jpg\",\"datePublished\":\"2012-08-15T04:39:40+00:00\",\"dateModified\":\"2025-11-06T10:58:19+00:00\",\"breadcrumb\":{\"@id\":\"https:\\\/\\\/help.jamk.fi\\\/raportointiohje\\\/fi\\\/4-opinnaytetyon-rakenne\\\/4-1-opinnaytetyon-alkuosa\\\/4-1-3-sisallysluettelo\\\/#breadcrumb\"},\"inLanguage\":\"fi\",\"potentialAction\":[{\"@type\":\"ReadAction\",\"target\":[\"https:\\\/\\\/help.jamk.fi\\\/raportointiohje\\\/fi\\\/4-opinnaytetyon-rakenne\\\/4-1-opinnaytetyon-alkuosa\\\/4-1-3-sisallysluettelo\\\/\"]}]},{\"@type\":\"ImageObject\",\"inLanguage\":\"fi\",\"@id\":\"https:\\\/\\\/help.jamk.fi\\\/raportointiohje\\\/fi\\\/4-opinnaytetyon-rakenne\\\/4-1-opinnaytetyon-alkuosa\\\/4-1-3-sisallysluettelo\\\/#primaryimage\",\"url\":\"https:\\\/\\\/help.jamk.fi\\\/raportointiohje\\\/wp-content\\\/uploads\\\/sites\\\/73\\\/2023\\\/07\\\/sisallysluettelo.jpg\",\"contentUrl\":\"https:\\\/\\\/help.jamk.fi\\\/raportointiohje\\\/wp-content\\\/uploads\\\/sites\\\/73\\\/2023\\\/07\\\/sisallysluettelo.jpg\"},{\"@type\":\"BreadcrumbList\",\"@id\":\"https:\\\/\\\/help.jamk.fi\\\/raportointiohje\\\/fi\\\/4-opinnaytetyon-rakenne\\\/4-1-opinnaytetyon-alkuosa\\\/4-1-3-sisallysluettelo\\\/#breadcrumb\",\"itemListElement\":[{\"@type\":\"ListItem\",\"position\":1,\"name\":\"Etusivu\",\"item\":\"https:\\\/\\\/help.jamk.fi\\\/raportointiohje\\\/fi\\\/\"},{\"@type\":\"ListItem\",\"position\":2,\"name\":\"4 Opinn\u00e4ytety\u00f6n rakenne\",\"item\":\"https:\\\/\\\/help.jamk.fi\\\/raportointiohje\\\/fi\\\/4-opinnaytetyon-rakenne\\\/\"},{\"@type\":\"ListItem\",\"position\":3,\"name\":\"4.1 Opinn\u00e4ytety\u00f6n alkuosa\",\"item\":\"https:\\\/\\\/help.jamk.fi\\\/raportointiohje\\\/fi\\\/4-opinnaytetyon-rakenne\\\/4-1-opinnaytetyon-alkuosa\\\/\"},{\"@type\":\"ListItem\",\"position\":4,\"name\":\"4.1.3 Sis\u00e4llysluettelo\"}]},{\"@type\":\"WebSite\",\"@id\":\"https:\\\/\\\/help.jamk.fi\\\/raportointiohje\\\/#website\",\"url\":\"https:\\\/\\\/help.jamk.fi\\\/raportointiohje\\\/\",\"name\":\"Opinn\u00e4ytety\u00f6n raportointiohje\",\"description\":\"\",\"potentialAction\":[{\"@type\":\"SearchAction\",\"target\":{\"@type\":\"EntryPoint\",\"urlTemplate\":\"https:\\\/\\\/help.jamk.fi\\\/raportointiohje\\\/?s={search_term_string}\"},\"query-input\":{\"@type\":\"PropertyValueSpecification\",\"valueRequired\":true,\"valueName\":\"search_term_string\"}}],\"inLanguage\":\"fi\"}]}<\/script>\n<!-- \/ Yoast SEO plugin. -->","yoast_head_json":{"title":"4.1.3 Sis\u00e4llysluettelo - Opinn\u00e4ytety\u00f6n raportointiohje","robots":{"index":"index","follow":"follow","max-snippet":"max-snippet:-1","max-image-preview":"max-image-preview:large","max-video-preview":"max-video-preview:-1"},"canonical":"https:\/\/help.jamk.fi\/raportointiohje\/fi\/4-opinnaytetyon-rakenne\/4-1-opinnaytetyon-alkuosa\/4-1-3-sisallysluettelo\/","og_locale":"fi_FI","og_type":"article","og_title":"4.1.3 Sis\u00e4llysluettelo - Opinn\u00e4ytety\u00f6n raportointiohje","og_description":"Sis\u00e4llysluettelon tulee olla informatiivinen mutta samalla niin tiivis, ett\u00e4 ty\u00f6n kokonaisuus ja rakenne hahmottuvat helposti. Sis\u00e4llysluettelon perusteella lukija voi p\u00e4\u00e4tell\u00e4 asioiden t\u00e4rkeysj\u00e4rjestyksen ja tutkimuksen logiikan. Sis\u00e4llysluettelon otsikkona on Sis\u00e4lt\u00f6. Sis\u00e4lt\u00f6 j\u00e4sennet\u00e4\u00e4n numeroimalla osat p\u00e4\u00e4- ja alalukuihin. P\u00e4\u00e4- ja alalukujen numeron j\u00e4lkeen ei tule pistett\u00e4. Sis\u00e4llysluettelon otsikoiden on oltava samannimisi\u00e4 kuin vastaavat otsikot tekstisivuilla. P\u00e4\u00e4lukujen otsikot [&hellip;]","og_url":"https:\/\/help.jamk.fi\/raportointiohje\/fi\/4-opinnaytetyon-rakenne\/4-1-opinnaytetyon-alkuosa\/4-1-3-sisallysluettelo\/","og_site_name":"Opinn\u00e4ytety\u00f6n raportointiohje","article_modified_time":"2025-11-06T10:58:19+00:00","og_image":[{"width":751,"height":841,"url":"https:\/\/help.jamk.fi\/raportointiohje\/wp-content\/uploads\/sites\/73\/2023\/07\/sisallysluettelo.jpg","type":"image\/jpeg"}],"twitter_card":"summary_large_image","twitter_misc":{"Arvioitu lukuaika":"2 minuuttia"},"schema":{"@context":"https:\/\/schema.org","@graph":[{"@type":"WebPage","@id":"https:\/\/help.jamk.fi\/raportointiohje\/fi\/4-opinnaytetyon-rakenne\/4-1-opinnaytetyon-alkuosa\/4-1-3-sisallysluettelo\/","url":"https:\/\/help.jamk.fi\/raportointiohje\/fi\/4-opinnaytetyon-rakenne\/4-1-opinnaytetyon-alkuosa\/4-1-3-sisallysluettelo\/","name":"4.1.3 Sis\u00e4llysluettelo - Opinn\u00e4ytety\u00f6n raportointiohje","isPartOf":{"@id":"https:\/\/help.jamk.fi\/raportointiohje\/#website"},"primaryImageOfPage":{"@id":"https:\/\/help.jamk.fi\/raportointiohje\/fi\/4-opinnaytetyon-rakenne\/4-1-opinnaytetyon-alkuosa\/4-1-3-sisallysluettelo\/#primaryimage"},"image":{"@id":"https:\/\/help.jamk.fi\/raportointiohje\/fi\/4-opinnaytetyon-rakenne\/4-1-opinnaytetyon-alkuosa\/4-1-3-sisallysluettelo\/#primaryimage"},"thumbnailUrl":"https:\/\/help.jamk.fi\/raportointiohje\/wp-content\/uploads\/sites\/73\/2023\/07\/sisallysluettelo.jpg","datePublished":"2012-08-15T04:39:40+00:00","dateModified":"2025-11-06T10:58:19+00:00","breadcrumb":{"@id":"https:\/\/help.jamk.fi\/raportointiohje\/fi\/4-opinnaytetyon-rakenne\/4-1-opinnaytetyon-alkuosa\/4-1-3-sisallysluettelo\/#breadcrumb"},"inLanguage":"fi","potentialAction":[{"@type":"ReadAction","target":["https:\/\/help.jamk.fi\/raportointiohje\/fi\/4-opinnaytetyon-rakenne\/4-1-opinnaytetyon-alkuosa\/4-1-3-sisallysluettelo\/"]}]},{"@type":"ImageObject","inLanguage":"fi","@id":"https:\/\/help.jamk.fi\/raportointiohje\/fi\/4-opinnaytetyon-rakenne\/4-1-opinnaytetyon-alkuosa\/4-1-3-sisallysluettelo\/#primaryimage","url":"https:\/\/help.jamk.fi\/raportointiohje\/wp-content\/uploads\/sites\/73\/2023\/07\/sisallysluettelo.jpg","contentUrl":"https:\/\/help.jamk.fi\/raportointiohje\/wp-content\/uploads\/sites\/73\/2023\/07\/sisallysluettelo.jpg"},{"@type":"BreadcrumbList","@id":"https:\/\/help.jamk.fi\/raportointiohje\/fi\/4-opinnaytetyon-rakenne\/4-1-opinnaytetyon-alkuosa\/4-1-3-sisallysluettelo\/#breadcrumb","itemListElement":[{"@type":"ListItem","position":1,"name":"Etusivu","item":"https:\/\/help.jamk.fi\/raportointiohje\/fi\/"},{"@type":"ListItem","position":2,"name":"4 Opinn\u00e4ytety\u00f6n rakenne","item":"https:\/\/help.jamk.fi\/raportointiohje\/fi\/4-opinnaytetyon-rakenne\/"},{"@type":"ListItem","position":3,"name":"4.1 Opinn\u00e4ytety\u00f6n alkuosa","item":"https:\/\/help.jamk.fi\/raportointiohje\/fi\/4-opinnaytetyon-rakenne\/4-1-opinnaytetyon-alkuosa\/"},{"@type":"ListItem","position":4,"name":"4.1.3 Sis\u00e4llysluettelo"}]},{"@type":"WebSite","@id":"https:\/\/help.jamk.fi\/raportointiohje\/#website","url":"https:\/\/help.jamk.fi\/raportointiohje\/","name":"Opinn\u00e4ytety\u00f6n raportointiohje","description":"","potentialAction":[{"@type":"SearchAction","target":{"@type":"EntryPoint","urlTemplate":"https:\/\/help.jamk.fi\/raportointiohje\/?s={search_term_string}"},"query-input":{"@type":"PropertyValueSpecification","valueRequired":true,"valueName":"search_term_string"}}],"inLanguage":"fi"}]}},"_links":{"self":[{"href":"https:\/\/help.jamk.fi\/raportointiohje\/wp-json\/wp\/v2\/pages\/50","targetHints":{"allow":["GET"]}}],"collection":[{"href":"https:\/\/help.jamk.fi\/raportointiohje\/wp-json\/wp\/v2\/pages"}],"about":[{"href":"https:\/\/help.jamk.fi\/raportointiohje\/wp-json\/wp\/v2\/types\/page"}],"author":[{"embeddable":true,"href":"https:\/\/help.jamk.fi\/raportointiohje\/wp-json\/wp\/v2\/users\/79"}],"replies":[{"embeddable":true,"href":"https:\/\/help.jamk.fi\/raportointiohje\/wp-json\/wp\/v2\/comments?post=50"}],"version-history":[{"count":5,"href":"https:\/\/help.jamk.fi\/raportointiohje\/wp-json\/wp\/v2\/pages\/50\/revisions"}],"predecessor-version":[{"id":1379,"href":"https:\/\/help.jamk.fi\/raportointiohje\/wp-json\/wp\/v2\/pages\/50\/revisions\/1379"}],"up":[{"embeddable":true,"href":"https:\/\/help.jamk.fi\/raportointiohje\/wp-json\/wp\/v2\/pages\/198"}],"wp:attachment":[{"href":"https:\/\/help.jamk.fi\/raportointiohje\/wp-json\/wp\/v2\/media?parent=50"}],"wp:term":[{"taxonomy":"category","embeddable":true,"href":"https:\/\/help.jamk.fi\/raportointiohje\/wp-json\/wp\/v2\/categories?post=50"},{"taxonomy":"post_tag","embeddable":true,"href":"https:\/\/help.jamk.fi\/raportointiohje\/wp-json\/wp\/v2\/tags?post=50"}],"curies":[{"name":"wp","href":"https:\/\/api.w.org\/{rel}","templated":true}]}}