{"id":8,"date":"2012-08-15T07:38:59","date_gmt":"2012-08-15T04:38:59","guid":{"rendered":"https:\/\/help.jamk.fi\/raportointiohje\/2-tiedonhankinta-opinnaytetyohon\/"},"modified":"2025-08-28T14:52:06","modified_gmt":"2025-08-28T11:52:06","slug":"2-tiedonhankinta-opinnaytetyohon","status":"publish","type":"page","link":"https:\/\/help.jamk.fi\/raportointiohje\/fi\/2-tiedonhankinta-opinnaytetyohon\/","title":{"rendered":"2 Tiedonhankinta opinn\u00e4ytety\u00f6h\u00f6n"},"content":{"rendered":"\n<p>Opinn\u00e4ytety\u00f6n tekij\u00e4n on raportoitava tutkimustiedon ja muun luotettavan tiedon hankinta <a href=\"https:\/\/help.jamk.fi\/opinnaytetyo\/fi\/opinnaytetyon-suunnittelu\/suunnitelma\/\">opinn\u00e4ytety\u00f6suunnitelmassaan<\/a> erillisell\u00e4 liitteell\u00e4. Mallipohjan l\u00f6yd\u00e4t kirjaston Moodle-kurssilta <a href=\"https:\/\/moodle.jamk.fi\/course\/view.php?id=7884\">Opinn\u00e4ytety\u00f6n tiedonhankinta<\/a>. Selvityksess\u00e4\u00e4n opiskelijan on napakasti kerrottava, mill\u00e4 hakusanoilla ja mist\u00e4 tietokannoista h\u00e4n on hakenut ajantasaisia l\u00e4hteit\u00e4 sek\u00e4 millaisia <a href=\"https:\/\/infoguides.jamk.fi\/tiedonkompassi\/rajaa\">rajauksia<\/a> h\u00e4n on tehnyt niit\u00e4 etsiess\u00e4\u00e4n. Jos l\u00e4hteet on l\u00f6ydetty muulla tavoin, sekin mainitaan. <a href=\"https:\/\/infoguides.jamk.fi\/tiedonkompassi\">Tiedonhaun kompassi<\/a> auttaa j\u00e4rjestelm\u00e4llisen tiedonhaun suunnittelussa ja toteutuksessa sek\u00e4 auttaa opinn\u00e4ytety\u00f6n tiedonhankinnan suunnittelussa.<\/p>\n\n\n\n<p>Opinn\u00e4ytety\u00f6t\u00e4 tehdess\u00e4\u00e4n opiskelija opettelee j\u00e4sent\u00e4m\u00e4\u00e4n erilaisia ongelmia ja kehittelem\u00e4\u00e4n niihin ratkaisuja sek\u00e4 seuraamaan yhteiskunnassa tapahtuvia muutoksia. N\u00e4it\u00e4 taitoja tarvitaan ty\u00f6el\u00e4m\u00e4ss\u00e4: informaatiolukutaitoinen asiantuntija osaa hankkia, paikantaa, arvioida ja k\u00e4ytt\u00e4\u00e4 ammatillista tietoa tehokkaasti ja tarkoituksenmukaisesti.<\/p>\n\n\n\n<p>Opinn\u00e4ytety\u00f6ss\u00e4 t\u00e4rkeint\u00e4 on teht\u00e4v\u00e4n mahdollisimman t\u00e4sm\u00e4llinen m\u00e4\u00e4ritteleminen. Niin kauan kuin teht\u00e4v\u00e4 on ep\u00e4m\u00e4\u00e4r\u00e4inen, tiedonhankinta on summittaista. Jos osaa muuttaa teht\u00e4v\u00e4n kysymysmuotoon, on jo paremmin selvill\u00e4 siit\u00e4, mihin on etsim\u00e4ss\u00e4 tietoa. Hyvi\u00e4 v\u00e4lineit\u00e4 aiheen hahmottamiseen ja rajaamiseen ovat mielle- ja k\u00e4sitekartat sek\u00e4 alustavat sis\u00e4llysluettelot. Laajempi ja intensiivisempi tiedon hankinta aloitetaan vasta sitten, kun keskeiset k\u00e4sitteet (ilmi\u00f6t) on m\u00e4\u00e4ritelty ja niiden merkitys oman ty\u00f6n kannalta on ymm\u00e4rretty.<\/p>\n\n\n<div class=\"wp-block-image\">\n<figure class=\"aligncenter size-full is-resized\"><img loading=\"lazy\" decoding=\"async\" width=\"473\" height=\"354\" src=\"https:\/\/help.jamk.fi\/raportointiohje\/wp-content\/uploads\/sites\/73\/2024\/01\/tiedonhaku-lapparilla.jpg\" alt=\"\" class=\"wp-image-890\" style=\"width:500px\" srcset=\"https:\/\/help.jamk.fi\/raportointiohje\/wp-content\/uploads\/sites\/73\/2024\/01\/tiedonhaku-lapparilla.jpg 473w, https:\/\/help.jamk.fi\/raportointiohje\/wp-content\/uploads\/sites\/73\/2024\/01\/tiedonhaku-lapparilla-300x225.jpg 300w\" sizes=\"auto, (max-width: 473px) 100vw, 473px\" \/><\/figure>\n<\/div>\n\n\n<h2 class=\"wp-block-heading\">Hakusanojen valinta<\/h2>\n\n\n\n<p>K\u00e4sitteiden ymm\u00e4rt\u00e4minen auttaa my\u00f6s t\u00e4sm\u00e4llisten hakusanojen valinnassa, kun tietoa haetaan tietokannoista ja -verkoista. Hakusanoja voi ideoida asiasanastojen avulla. Esimerkiksi jos opinn\u00e4ytety\u00f6 k\u00e4sittelee tuotevastuuta, sen rinnakkaisia ilmi\u00f6it\u00e4 ja siten vaihtoehtoisia hakusanoja voivat olla esimerkiksi \u2019kuluttajansuoja\u2019, \u2019laadunvalvonta\u2019, \u2019tuotekehitys\u2019, \u2019tuoteturvallisuus\u2019 ja \u2019vastuuvakuutus\u2019. Linkit <a href=\"http:\/\/finto.fi\/fi\/\">Finto-asiasanapalveluun<\/a> ja tieteenalakohtaisiin asiasanastoihin ovat <a href=\"https:\/\/infoguides.jamk.fi\/suomenkielisetoppaat?b=g&amp;d=a&amp;group_id=15492\">alakohtaisissa kompasseissa<\/a> (tiedonhaun oppaat).<\/p>\n\n\n\n<h2 class=\"wp-block-heading\">Monipuoliset tietol\u00e4hteet<\/h2>\n\n\n\n<p>Tiedonhankinta on luova prosessi, jossa jo l\u00f6ydetyt l\u00e4hteet vaikuttavat sek\u00e4 teht\u00e4v\u00e4n tarkentumiseen ett\u00e4 uusien kiehtovien n\u00e4k\u00f6kulmien ja tiedonl\u00e4hteiden etsint\u00e4\u00e4n ja l\u00f6yt\u00e4miseen. Tiedonl\u00e4hteit\u00e4 on erilaisia: kirjallisia ja suullisia, s\u00e4hk\u00f6isi\u00e4 ja painettuja. Niit\u00e4 on hyv\u00e4 k\u00e4ytt\u00e4\u00e4 monipuolisesti, sujuvasti ja omaan teht\u00e4v\u00e4\u00e4n sopivalla tavalla. Ajankohtaisin tieto l\u00f6ytyy yleens\u00e4 tietoverkoista ja lehdist\u00e4. Kirjoissa esitet\u00e4\u00e4n usein n\u00e4kemyksellist\u00e4 tai teemoittaista tietoa. Eri alojen asiantuntijat ovat hyvi\u00e4 tiedonl\u00e4hteit\u00e4 erityisesti aiheissa, joista ei ole kirjoitettu tutkimuksia tai selvityksi\u00e4. K\u00e4sitteiden m\u00e4\u00e4ritelmi\u00e4 voi etsi\u00e4 alan hakuteoksista ja katsaustyyppisist\u00e4 tutkimuksista.<\/p>\n\n\n\n<h2 class=\"wp-block-heading\">L\u00e4hteiden luotettavuuden arviointi<\/h2>\n\n\n\n<p>Tietoa on syyt\u00e4 arvioida kriittisesti ennen kuin yhdist\u00e4\u00e4 sen ty\u00f6ns\u00e4 tietoperustaan ja soveltaa sit\u00e4 k\u00e4yt\u00e4nt\u00f6\u00f6n. Kannattaa mietti\u00e4, mik\u00e4 tekee tiedosta luotettavan ja k\u00e4ytt\u00f6kelpoisen, ja toisaalta, mik\u00e4 tekee siit\u00e4 ep\u00e4luotettavan tai k\u00e4ytt\u00f6kelvottoman suhteessa teht\u00e4v\u00e4\u00e4n ja tavoitteisiin. <a href=\"https:\/\/help.jamk.fi\/raportointiohje\/fi\/5b-lahteiden-kaytto-2\/5-4-b-esimerkkeja-erilaisten-lahteiden-merkinnasta\/\">Ty\u00f6ss\u00e4 k\u00e4ytetyt l\u00e4hteet<\/a> pit\u00e4\u00e4 aina ilmoittaa, jotta lukija tiet\u00e4\u00e4 ja voi halutessaan tarkistaa, mihin kirjoittaja ajatuksensa perustaa. Tiedonhankintaa ja kirjoittamista voi opetella monilla ammattikorkeakoulun opintojaksoilla.<\/p>\n","protected":false},"excerpt":{"rendered":"<p>Opinn\u00e4ytety\u00f6n tekij\u00e4n on raportoitava tutkimustiedon ja muun luotettavan tiedon hankinta opinn\u00e4ytety\u00f6suunnitelmassaan erillisell\u00e4 liitteell\u00e4. Mallipohjan l\u00f6yd\u00e4t kirjaston Moodle-kurssilta Opinn\u00e4ytety\u00f6n tiedonhankinta. Selvityksess\u00e4\u00e4n opiskelijan on napakasti kerrottava, mill\u00e4 hakusanoilla ja mist\u00e4 tietokannoista h\u00e4n on hakenut ajantasaisia l\u00e4hteit\u00e4 sek\u00e4 millaisia rajauksia h\u00e4n on tehnyt niit\u00e4 etsiess\u00e4\u00e4n. Jos l\u00e4hteet on l\u00f6ydetty muulla tavoin, sekin mainitaan. Tiedonhaun kompassi auttaa j\u00e4rjestelm\u00e4llisen tiedonhaun [&hellip;]<\/p>\n","protected":false},"author":79,"featured_media":0,"parent":0,"menu_order":2,"comment_status":"open","ping_status":"closed","template":"","meta":{"_acf_changed":false,"_relevanssi_hide_post":"","_relevanssi_hide_content":"","_relevanssi_pin_for_all":"","_relevanssi_pin_keywords":"","_relevanssi_unpin_keywords":"","_relevanssi_related_keywords":"","_relevanssi_related_include_ids":"","_relevanssi_related_exclude_ids":"","_relevanssi_related_no_append":"","_relevanssi_related_not_related":"","_relevanssi_related_posts":"","_relevanssi_noindex_reason":"","footnotes":""},"categories":[],"tags":[23,29,35,41,47,53,59],"class_list":["post-8","page","type-page","status-publish","hentry","tag-hakusanat","tag-informaatiolukutaito","tag-kasitteet","tag-lahteet","tag-tiedonhaku","tag-tiedonhankinta","tag-tietoperusta"],"acf":[],"yoast_head":"<!-- This site is optimized with the Yoast SEO plugin v27.4 - https:\/\/yoast.com\/product\/yoast-seo-wordpress\/ -->\n<title>2 Tiedonhankinta opinn\u00e4ytety\u00f6h\u00f6n - Opinn\u00e4ytety\u00f6n raportointiohje<\/title>\n<meta name=\"robots\" content=\"index, follow, max-snippet:-1, max-image-preview:large, max-video-preview:-1\" \/>\n<link rel=\"canonical\" href=\"https:\/\/help.jamk.fi\/raportointiohje\/fi\/2-tiedonhankinta-opinnaytetyohon\/\" \/>\n<meta property=\"og:locale\" content=\"fi_FI\" \/>\n<meta property=\"og:type\" content=\"article\" \/>\n<meta property=\"og:title\" content=\"2 Tiedonhankinta opinn\u00e4ytety\u00f6h\u00f6n - Opinn\u00e4ytety\u00f6n raportointiohje\" \/>\n<meta property=\"og:description\" content=\"Opinn\u00e4ytety\u00f6n tekij\u00e4n on raportoitava tutkimustiedon ja muun luotettavan tiedon hankinta opinn\u00e4ytety\u00f6suunnitelmassaan erillisell\u00e4 liitteell\u00e4. Mallipohjan l\u00f6yd\u00e4t kirjaston Moodle-kurssilta Opinn\u00e4ytety\u00f6n tiedonhankinta. Selvityksess\u00e4\u00e4n opiskelijan on napakasti kerrottava, mill\u00e4 hakusanoilla ja mist\u00e4 tietokannoista h\u00e4n on hakenut ajantasaisia l\u00e4hteit\u00e4 sek\u00e4 millaisia rajauksia h\u00e4n on tehnyt niit\u00e4 etsiess\u00e4\u00e4n. Jos l\u00e4hteet on l\u00f6ydetty muulla tavoin, sekin mainitaan. Tiedonhaun kompassi auttaa j\u00e4rjestelm\u00e4llisen tiedonhaun [&hellip;]\" \/>\n<meta property=\"og:url\" content=\"https:\/\/help.jamk.fi\/raportointiohje\/fi\/2-tiedonhankinta-opinnaytetyohon\/\" \/>\n<meta property=\"og:site_name\" content=\"Opinn\u00e4ytety\u00f6n raportointiohje\" \/>\n<meta property=\"article:modified_time\" content=\"2025-08-28T11:52:06+00:00\" \/>\n<meta property=\"og:image\" content=\"https:\/\/help.jamk.fi\/raportointiohje\/wp-content\/uploads\/sites\/73\/2024\/01\/tiedonhaku-lapparilla.jpg\" \/>\n\t<meta property=\"og:image:width\" content=\"473\" \/>\n\t<meta property=\"og:image:height\" content=\"354\" \/>\n\t<meta property=\"og:image:type\" content=\"image\/jpeg\" \/>\n<meta name=\"twitter:card\" content=\"summary_large_image\" \/>\n<meta name=\"twitter:label1\" content=\"Arvioitu lukuaika\" \/>\n\t<meta name=\"twitter:data1\" content=\"3 minuuttia\" \/>\n<script type=\"application\/ld+json\" class=\"yoast-schema-graph\">{\"@context\":\"https:\\\/\\\/schema.org\",\"@graph\":[{\"@type\":\"WebPage\",\"@id\":\"https:\\\/\\\/help.jamk.fi\\\/raportointiohje\\\/fi\\\/2-tiedonhankinta-opinnaytetyohon\\\/\",\"url\":\"https:\\\/\\\/help.jamk.fi\\\/raportointiohje\\\/fi\\\/2-tiedonhankinta-opinnaytetyohon\\\/\",\"name\":\"2 Tiedonhankinta opinn\u00e4ytety\u00f6h\u00f6n - Opinn\u00e4ytety\u00f6n raportointiohje\",\"isPartOf\":{\"@id\":\"https:\\\/\\\/help.jamk.fi\\\/raportointiohje\\\/#website\"},\"primaryImageOfPage\":{\"@id\":\"https:\\\/\\\/help.jamk.fi\\\/raportointiohje\\\/fi\\\/2-tiedonhankinta-opinnaytetyohon\\\/#primaryimage\"},\"image\":{\"@id\":\"https:\\\/\\\/help.jamk.fi\\\/raportointiohje\\\/fi\\\/2-tiedonhankinta-opinnaytetyohon\\\/#primaryimage\"},\"thumbnailUrl\":\"https:\\\/\\\/help.jamk.fi\\\/raportointiohje\\\/wp-content\\\/uploads\\\/sites\\\/73\\\/2024\\\/01\\\/tiedonhaku-lapparilla.jpg\",\"datePublished\":\"2012-08-15T04:38:59+00:00\",\"dateModified\":\"2025-08-28T11:52:06+00:00\",\"breadcrumb\":{\"@id\":\"https:\\\/\\\/help.jamk.fi\\\/raportointiohje\\\/fi\\\/2-tiedonhankinta-opinnaytetyohon\\\/#breadcrumb\"},\"inLanguage\":\"fi\",\"potentialAction\":[{\"@type\":\"ReadAction\",\"target\":[\"https:\\\/\\\/help.jamk.fi\\\/raportointiohje\\\/fi\\\/2-tiedonhankinta-opinnaytetyohon\\\/\"]}]},{\"@type\":\"ImageObject\",\"inLanguage\":\"fi\",\"@id\":\"https:\\\/\\\/help.jamk.fi\\\/raportointiohje\\\/fi\\\/2-tiedonhankinta-opinnaytetyohon\\\/#primaryimage\",\"url\":\"https:\\\/\\\/help.jamk.fi\\\/raportointiohje\\\/wp-content\\\/uploads\\\/sites\\\/73\\\/2024\\\/01\\\/tiedonhaku-lapparilla.jpg\",\"contentUrl\":\"https:\\\/\\\/help.jamk.fi\\\/raportointiohje\\\/wp-content\\\/uploads\\\/sites\\\/73\\\/2024\\\/01\\\/tiedonhaku-lapparilla.jpg\",\"width\":473,\"height\":354},{\"@type\":\"BreadcrumbList\",\"@id\":\"https:\\\/\\\/help.jamk.fi\\\/raportointiohje\\\/fi\\\/2-tiedonhankinta-opinnaytetyohon\\\/#breadcrumb\",\"itemListElement\":[{\"@type\":\"ListItem\",\"position\":1,\"name\":\"Etusivu\",\"item\":\"https:\\\/\\\/help.jamk.fi\\\/raportointiohje\\\/fi\\\/\"},{\"@type\":\"ListItem\",\"position\":2,\"name\":\"2 Tiedonhankinta opinn\u00e4ytety\u00f6h\u00f6n\"}]},{\"@type\":\"WebSite\",\"@id\":\"https:\\\/\\\/help.jamk.fi\\\/raportointiohje\\\/#website\",\"url\":\"https:\\\/\\\/help.jamk.fi\\\/raportointiohje\\\/\",\"name\":\"Opinn\u00e4ytety\u00f6n raportointiohje\",\"description\":\"\",\"potentialAction\":[{\"@type\":\"SearchAction\",\"target\":{\"@type\":\"EntryPoint\",\"urlTemplate\":\"https:\\\/\\\/help.jamk.fi\\\/raportointiohje\\\/?s={search_term_string}\"},\"query-input\":{\"@type\":\"PropertyValueSpecification\",\"valueRequired\":true,\"valueName\":\"search_term_string\"}}],\"inLanguage\":\"fi\"}]}<\/script>\n<!-- \/ Yoast SEO plugin. -->","yoast_head_json":{"title":"2 Tiedonhankinta opinn\u00e4ytety\u00f6h\u00f6n - Opinn\u00e4ytety\u00f6n raportointiohje","robots":{"index":"index","follow":"follow","max-snippet":"max-snippet:-1","max-image-preview":"max-image-preview:large","max-video-preview":"max-video-preview:-1"},"canonical":"https:\/\/help.jamk.fi\/raportointiohje\/fi\/2-tiedonhankinta-opinnaytetyohon\/","og_locale":"fi_FI","og_type":"article","og_title":"2 Tiedonhankinta opinn\u00e4ytety\u00f6h\u00f6n - Opinn\u00e4ytety\u00f6n raportointiohje","og_description":"Opinn\u00e4ytety\u00f6n tekij\u00e4n on raportoitava tutkimustiedon ja muun luotettavan tiedon hankinta opinn\u00e4ytety\u00f6suunnitelmassaan erillisell\u00e4 liitteell\u00e4. Mallipohjan l\u00f6yd\u00e4t kirjaston Moodle-kurssilta Opinn\u00e4ytety\u00f6n tiedonhankinta. Selvityksess\u00e4\u00e4n opiskelijan on napakasti kerrottava, mill\u00e4 hakusanoilla ja mist\u00e4 tietokannoista h\u00e4n on hakenut ajantasaisia l\u00e4hteit\u00e4 sek\u00e4 millaisia rajauksia h\u00e4n on tehnyt niit\u00e4 etsiess\u00e4\u00e4n. Jos l\u00e4hteet on l\u00f6ydetty muulla tavoin, sekin mainitaan. Tiedonhaun kompassi auttaa j\u00e4rjestelm\u00e4llisen tiedonhaun [&hellip;]","og_url":"https:\/\/help.jamk.fi\/raportointiohje\/fi\/2-tiedonhankinta-opinnaytetyohon\/","og_site_name":"Opinn\u00e4ytety\u00f6n raportointiohje","article_modified_time":"2025-08-28T11:52:06+00:00","og_image":[{"width":473,"height":354,"url":"https:\/\/help.jamk.fi\/raportointiohje\/wp-content\/uploads\/sites\/73\/2024\/01\/tiedonhaku-lapparilla.jpg","type":"image\/jpeg"}],"twitter_card":"summary_large_image","twitter_misc":{"Arvioitu lukuaika":"3 minuuttia"},"schema":{"@context":"https:\/\/schema.org","@graph":[{"@type":"WebPage","@id":"https:\/\/help.jamk.fi\/raportointiohje\/fi\/2-tiedonhankinta-opinnaytetyohon\/","url":"https:\/\/help.jamk.fi\/raportointiohje\/fi\/2-tiedonhankinta-opinnaytetyohon\/","name":"2 Tiedonhankinta opinn\u00e4ytety\u00f6h\u00f6n - Opinn\u00e4ytety\u00f6n raportointiohje","isPartOf":{"@id":"https:\/\/help.jamk.fi\/raportointiohje\/#website"},"primaryImageOfPage":{"@id":"https:\/\/help.jamk.fi\/raportointiohje\/fi\/2-tiedonhankinta-opinnaytetyohon\/#primaryimage"},"image":{"@id":"https:\/\/help.jamk.fi\/raportointiohje\/fi\/2-tiedonhankinta-opinnaytetyohon\/#primaryimage"},"thumbnailUrl":"https:\/\/help.jamk.fi\/raportointiohje\/wp-content\/uploads\/sites\/73\/2024\/01\/tiedonhaku-lapparilla.jpg","datePublished":"2012-08-15T04:38:59+00:00","dateModified":"2025-08-28T11:52:06+00:00","breadcrumb":{"@id":"https:\/\/help.jamk.fi\/raportointiohje\/fi\/2-tiedonhankinta-opinnaytetyohon\/#breadcrumb"},"inLanguage":"fi","potentialAction":[{"@type":"ReadAction","target":["https:\/\/help.jamk.fi\/raportointiohje\/fi\/2-tiedonhankinta-opinnaytetyohon\/"]}]},{"@type":"ImageObject","inLanguage":"fi","@id":"https:\/\/help.jamk.fi\/raportointiohje\/fi\/2-tiedonhankinta-opinnaytetyohon\/#primaryimage","url":"https:\/\/help.jamk.fi\/raportointiohje\/wp-content\/uploads\/sites\/73\/2024\/01\/tiedonhaku-lapparilla.jpg","contentUrl":"https:\/\/help.jamk.fi\/raportointiohje\/wp-content\/uploads\/sites\/73\/2024\/01\/tiedonhaku-lapparilla.jpg","width":473,"height":354},{"@type":"BreadcrumbList","@id":"https:\/\/help.jamk.fi\/raportointiohje\/fi\/2-tiedonhankinta-opinnaytetyohon\/#breadcrumb","itemListElement":[{"@type":"ListItem","position":1,"name":"Etusivu","item":"https:\/\/help.jamk.fi\/raportointiohje\/fi\/"},{"@type":"ListItem","position":2,"name":"2 Tiedonhankinta opinn\u00e4ytety\u00f6h\u00f6n"}]},{"@type":"WebSite","@id":"https:\/\/help.jamk.fi\/raportointiohje\/#website","url":"https:\/\/help.jamk.fi\/raportointiohje\/","name":"Opinn\u00e4ytety\u00f6n raportointiohje","description":"","potentialAction":[{"@type":"SearchAction","target":{"@type":"EntryPoint","urlTemplate":"https:\/\/help.jamk.fi\/raportointiohje\/?s={search_term_string}"},"query-input":{"@type":"PropertyValueSpecification","valueRequired":true,"valueName":"search_term_string"}}],"inLanguage":"fi"}]}},"_links":{"self":[{"href":"https:\/\/help.jamk.fi\/raportointiohje\/wp-json\/wp\/v2\/pages\/8","targetHints":{"allow":["GET"]}}],"collection":[{"href":"https:\/\/help.jamk.fi\/raportointiohje\/wp-json\/wp\/v2\/pages"}],"about":[{"href":"https:\/\/help.jamk.fi\/raportointiohje\/wp-json\/wp\/v2\/types\/page"}],"author":[{"embeddable":true,"href":"https:\/\/help.jamk.fi\/raportointiohje\/wp-json\/wp\/v2\/users\/79"}],"replies":[{"embeddable":true,"href":"https:\/\/help.jamk.fi\/raportointiohje\/wp-json\/wp\/v2\/comments?post=8"}],"version-history":[{"count":10,"href":"https:\/\/help.jamk.fi\/raportointiohje\/wp-json\/wp\/v2\/pages\/8\/revisions"}],"predecessor-version":[{"id":1371,"href":"https:\/\/help.jamk.fi\/raportointiohje\/wp-json\/wp\/v2\/pages\/8\/revisions\/1371"}],"wp:attachment":[{"href":"https:\/\/help.jamk.fi\/raportointiohje\/wp-json\/wp\/v2\/media?parent=8"}],"wp:term":[{"taxonomy":"category","embeddable":true,"href":"https:\/\/help.jamk.fi\/raportointiohje\/wp-json\/wp\/v2\/categories?post=8"},{"taxonomy":"post_tag","embeddable":true,"href":"https:\/\/help.jamk.fi\/raportointiohje\/wp-json\/wp\/v2\/tags?post=8"}],"curies":[{"name":"wp","href":"https:\/\/api.w.org\/{rel}","templated":true}]}}