{"id":935,"date":"2024-03-15T12:32:46","date_gmt":"2024-03-15T10:32:46","guid":{"rendered":"https:\/\/help.jamk.fi\/raportointiohje\/?page_id=935"},"modified":"2026-01-29T09:30:21","modified_gmt":"2026-01-29T07:30:21","slug":"tekoalyn-kaytto-oppimistehtavissa-ja-opinnaytetyossa","status":"publish","type":"page","link":"https:\/\/help.jamk.fi\/raportointiohje\/fi\/3-kirjoittamisprosessi\/tekoalyn-kaytto-oppimistehtavissa-ja-opinnaytetyossa\/","title":{"rendered":"3.2 Teko\u00e4lyn k\u00e4ytt\u00f6 oppimisteht\u00e4viss\u00e4 ja opinn\u00e4ytety\u00f6ss\u00e4"},"content":{"rendered":"\n<p>N\u00e4m\u00e4 ohjeet on tarkoitettu kaikille Jamkin koulutusaloille. Ohjeistuksen on laatinut Jamkin opinn\u00e4ytety\u00f6foorumi.<\/p>\n\n\n\n<h2 class=\"wp-block-heading\">Perusperiaate<\/h2>\n\n\n\n<p>Oppimisteht\u00e4viss\u00e4 ja opinn\u00e4ytety\u00f6ss\u00e4 noudatetaan samoja vastuullisuuden ja eettisyyden periaatteita kuin <a href=\"https:\/\/www.jamk.fi\/fi\/opiskelijalle\/tutkinto-opiskelija\/saannot-ja-periaatteet\">Jamkin yleisiss\u00e4 ohjeissa<\/a>.<\/p>\n\n\n\n<h2 class=\"wp-block-heading\">K\u00e4ytt\u00f6 tuki\u00e4lyn\u00e4<\/h2>\n\n\n\n<p>Teko\u00e4lysovelluksia voidaan k\u00e4ytt\u00e4\u00e4 apuna esimerkiksi<\/p>\n\n\n\n<ul class=\"wp-block-list\">\n<li>aiheen valintaan ja t\u00e4rkeiden teemojen ideointiin, ty\u00f6n rakenteen suunnitteluun ja tutkimusmenetelm\u00e4n valintaan<\/li>\n\n\n\n<li>yleiseen keskusteluun ja ohjaukseen ongelmakohdissa (\u201dmiten kannattaisi edet\u00e4\u2026\u201d, \u201dminulla on seuraava ongelma\u2026; mit\u00e4 vaihtoehtoja sen ratkaisemiseen voisi olla\u201d jne.)<\/li>\n\n\n\n<li>tiedonhaun suunnitteluun ja ideointiin <a href=\"#1\">[1]<\/a><\/li>\n\n\n\n<li>oman tekstin kieliasun tarkistamiseen ja k\u00e4\u00e4nt\u00e4miseen, ellei kieliasu ole arvioinnin kohteena.<\/li>\n\n\n\n<li><\/li>\n<\/ul>\n\n\n\n<h2 class=\"wp-block-heading\">Tekij\u00e4noikeudet ja tiedon alkuper\u00e4<\/h2>\n\n\n\n<p>Muista, ett\u00e4 olet vastuussa tuottamasi tekstin sis\u00e4ll\u00f6st\u00e4. Huolehdi, ett\u00e4 ilman l\u00e4hdeviittausta olevat ajatukset ja ideat ovat omiasi. K\u00e4ytett\u00e4ess\u00e4 teko\u00e4ly\u00e4 esimerkiksi tekstin k\u00e4\u00e4nt\u00e4miseen tai kieliasun tarkistamiseen alkuper\u00e4isen tekstin sis\u00e4lt\u00f6 ei saa olennaisesti muuttua <a href=\"#2\">[2]<\/a>.<\/p>\n\n\n\n<p>Teko\u00e4lyn tuottama teksti ei ole virheet\u00f6nt\u00e4 eik\u00e4 se ole alkuper\u00e4inen tiedonl\u00e4hde. Tarkista aina itse kieliasun ja tiedon oikeellisuus ja viittaa alkuper\u00e4isiin l\u00e4hteisiin. Muista noudattaa Jamkin raportointiohjetta.<\/p>\n\n\n\n<h2 class=\"wp-block-heading\">Tietosuoja<\/h2>\n\n\n\n<p>\u00c4l\u00e4 sy\u00f6t\u00e4 arkaluontoisia, luottamuksellisia tai yksityisyytt\u00e4 vaarantavia tietoja (nimi, yhteystiedot, syntym\u00e4aika, henkil\u00f6tunnus, opiskelijanumero jne.) teko\u00e4lyn kanssa k\u00e4ym\u00e4\u00e4si keskusteluun. Tutustu sovellusten k\u00e4ytt\u00f6ehtoihin ja tietosuojaselosteisiin.<\/p>\n\n\n\n<h2 class=\"wp-block-heading\">Kuvaus teko\u00e4lyn hy\u00f6dynt\u00e4misest\u00e4<\/h2>\n\n\n\n<p>Jos hy\u00f6dynn\u00e4t teko\u00e4ly\u00e4 oppimisteht\u00e4viss\u00e4 tai opinn\u00e4ytety\u00f6ss\u00e4, sen k\u00e4ytt\u00f6 tulee kuvata esimerkiksi johdantoluvussa ja tarvittaessa tarkemmin toteutuksen yhteydess\u00e4 tai pohdinnassa. Kerro mit\u00e4 teko\u00e4lysovelluksia (esim. ChatGPT, Copilot, Gemini, DeepL, Grammarly) hy\u00f6dynn\u00e4t ja miten niit\u00e4 on hy\u00f6dynnetty (esim. tiedonhaun apuna, ideoinnissa, kieliasun tarkistamisessa, k\u00e4\u00e4nt\u00e4misess\u00e4, visualisoinnissa). <\/p>\n\n\n\n<p>Katso my\u00f6s <strong><a href=\"https:\/\/help.jamk.fi\/tekoaly\/\">vinkkej\u00e4 teko\u00e4lyn hy\u00f6dynt\u00e4miseen<\/a>.<\/strong><\/p>\n\n\n\n<h2 class=\"wp-block-heading\">Seuraamukset, jos n\u00e4it\u00e4 ohjeita ei noudateta<\/h2>\n\n\n\n<p>Jos palauttamissasi t\u00f6iss\u00e4 havaitaan puutteita tai ep\u00e4ill\u00e4\u00e4n vilppi\u00e4, opettaja k\u00e4ynnist\u00e4\u00e4 tarkasteluprosessin teko\u00e4lyn k\u00e4yt\u00f6n arvioimiseksi. <\/p>\n\n\n\n<h2 class=\"wp-block-heading\">Lis\u00e4tietoa<\/h2>\n\n\n\n<p><a href=\"https:\/\/tenk.fi\/fi\/hyva-tieteellinen-kaytanto-htk\">Hyv\u00e4 tieteellinen k\u00e4yt\u00e4nt\u00f6 (HTK) | Tutkimuseettinen neuvottelukunta (tenk.fi)<\/a><\/p>\n\n\n\n<p><a href=\"https:\/\/help.jamk.fi\/opinnaytetyo\/fi\/opinnaytetyon-suunnittelu\/htk-tietosuoja\/\">Hyv\u00e4 tieteellinen k\u00e4yt\u00e4nt\u00f6, tietosuoja ja tutkimuslupa (Jamkin opiskelijan opinn\u00e4ytety\u00f6ohje)<\/a><\/p>\n\n\n\n<p><\/p>\n\n\n\n<p><\/p>\n\n\n\n<p><p><a name=\"1\"><\/a><\/p>\n<p>[1] Huomioi, ett\u00e4 teko\u00e4ly ei osaa hakea tietoa j\u00e4rjestelm\u00e4llisesti ja sen tuottamat l\u00e4hteet voivat olla virheellisi\u00e4. Opinn\u00e4ytety\u00f6n tiedonhankinnassa kannattaa hy\u00f6dynt\u00e4\u00e4 Jamkin kirjaston suosittelemia tietokantoja (finna.fi). Lis\u00e4tietoja l\u00f6yd\u00e4t <a href=\"https:\/\/infoguides.jamk.fi\/ICT\/tekoalytiedonhaku\">tiedonhaun oppaasta<\/a>.<\/p><\/p>\n\n\n\n<p><p><a name=\"2\"><\/a><\/p>\n<p>[2] Teko\u00e4lyn k\u00e4yt\u00f6n tunnistamiseen tehdyt ty\u00f6kalut saattavat pit\u00e4\u00e4 teko\u00e4lyn tekem\u00e4n\u00e4 teksti\u00e4, joka on vain parannettu (tai osittain k\u00e4\u00e4nnetty) teko\u00e4lyn avulla. Sen vuoksi palautetuissa t\u00f6iss\u00e4 on selke\u00e4sti kerrottava, mik\u00e4 osa ty\u00f6st\u00e4 on teko\u00e4lyn avulla tehty\u00e4 tai parannettua.<\/p>\n\n\n\n<p><\/p>\n\n\n\n<p>Ohjeistuksen laatimisessa on hy\u00f6dynnetty <a href=\"https:\/\/www.samk.fi\/opiskelijalle\/kirjallisten-toiden-ja-opinnaytetyon-ohjeet\/\">Samkin tekem\u00e4\u00e4 ohjeistusta<\/a> (lupa saatu 8.4.2024) ja <a href=\"https:\/\/arene.fi\/julkaisut\/raportit\/arenen-suositukset-tekoalyn-hyodyntamisesta-ammattikorkeakouluille\/\">Arenen suosituksia ammattikorkeakouluille teko\u00e4lyn k\u00e4yt\u00f6st\u00e4<\/a> (12.6.2023).<\/p>\n","protected":false},"excerpt":{"rendered":"<p>N\u00e4m\u00e4 ohjeet on tarkoitettu kaikille Jamkin koulutusaloille. Ohjeistuksen on laatinut Jamkin opinn\u00e4ytety\u00f6foorumi. Perusperiaate Oppimisteht\u00e4viss\u00e4 ja opinn\u00e4ytety\u00f6ss\u00e4 noudatetaan samoja vastuullisuuden ja eettisyyden periaatteita kuin Jamkin yleisiss\u00e4 ohjeissa. K\u00e4ytt\u00f6 tuki\u00e4lyn\u00e4 Teko\u00e4lysovelluksia voidaan k\u00e4ytt\u00e4\u00e4 apuna esimerkiksi Tekij\u00e4noikeudet ja tiedon alkuper\u00e4 Muista, ett\u00e4 olet vastuussa tuottamasi tekstin sis\u00e4ll\u00f6st\u00e4. Huolehdi, ett\u00e4 ilman l\u00e4hdeviittausta olevat ajatukset ja ideat ovat omiasi. K\u00e4ytett\u00e4ess\u00e4 [&hellip;]<\/p>\n","protected":false},"author":79,"featured_media":0,"parent":20,"menu_order":2,"comment_status":"closed","ping_status":"closed","template":"","meta":{"_acf_changed":false,"_relevanssi_hide_post":"","_relevanssi_hide_content":"","_relevanssi_pin_for_all":"","_relevanssi_pin_keywords":"","_relevanssi_unpin_keywords":"","_relevanssi_related_keywords":"","_relevanssi_related_include_ids":"","_relevanssi_related_exclude_ids":"","_relevanssi_related_no_append":"","_relevanssi_related_not_related":"","_relevanssi_related_posts":"","_relevanssi_noindex_reason":"","footnotes":"[]"},"categories":[],"tags":[],"class_list":["post-935","page","type-page","status-publish","hentry"],"acf":[],"yoast_head":"<!-- This site is optimized with the Yoast SEO plugin v27.3 - https:\/\/yoast.com\/product\/yoast-seo-wordpress\/ -->\n<title>3.2 Teko\u00e4lyn k\u00e4ytt\u00f6 oppimisteht\u00e4viss\u00e4 ja opinn\u00e4ytety\u00f6ss\u00e4 - Opinn\u00e4ytety\u00f6n raportointiohje<\/title>\n<meta name=\"robots\" content=\"index, follow, max-snippet:-1, max-image-preview:large, max-video-preview:-1\" \/>\n<link rel=\"canonical\" href=\"https:\/\/help.jamk.fi\/raportointiohje\/fi\/3-kirjoittamisprosessi\/tekoalyn-kaytto-oppimistehtavissa-ja-opinnaytetyossa\/\" \/>\n<meta property=\"og:locale\" content=\"fi_FI\" \/>\n<meta property=\"og:type\" content=\"article\" \/>\n<meta property=\"og:title\" content=\"3.2 Teko\u00e4lyn k\u00e4ytt\u00f6 oppimisteht\u00e4viss\u00e4 ja opinn\u00e4ytety\u00f6ss\u00e4 - Opinn\u00e4ytety\u00f6n raportointiohje\" \/>\n<meta property=\"og:description\" content=\"N\u00e4m\u00e4 ohjeet on tarkoitettu kaikille Jamkin koulutusaloille. Ohjeistuksen on laatinut Jamkin opinn\u00e4ytety\u00f6foorumi. Perusperiaate Oppimisteht\u00e4viss\u00e4 ja opinn\u00e4ytety\u00f6ss\u00e4 noudatetaan samoja vastuullisuuden ja eettisyyden periaatteita kuin Jamkin yleisiss\u00e4 ohjeissa. K\u00e4ytt\u00f6 tuki\u00e4lyn\u00e4 Teko\u00e4lysovelluksia voidaan k\u00e4ytt\u00e4\u00e4 apuna esimerkiksi Tekij\u00e4noikeudet ja tiedon alkuper\u00e4 Muista, ett\u00e4 olet vastuussa tuottamasi tekstin sis\u00e4ll\u00f6st\u00e4. Huolehdi, ett\u00e4 ilman l\u00e4hdeviittausta olevat ajatukset ja ideat ovat omiasi. K\u00e4ytett\u00e4ess\u00e4 [&hellip;]\" \/>\n<meta property=\"og:url\" content=\"https:\/\/help.jamk.fi\/raportointiohje\/fi\/3-kirjoittamisprosessi\/tekoalyn-kaytto-oppimistehtavissa-ja-opinnaytetyossa\/\" \/>\n<meta property=\"og:site_name\" content=\"Opinn\u00e4ytety\u00f6n raportointiohje\" \/>\n<meta property=\"article:modified_time\" content=\"2026-01-29T07:30:21+00:00\" \/>\n<meta name=\"twitter:card\" content=\"summary_large_image\" \/>\n<meta name=\"twitter:label1\" content=\"Arvioitu lukuaika\" \/>\n\t<meta name=\"twitter:data1\" content=\"3 minuuttia\" \/>\n<script type=\"application\/ld+json\" class=\"yoast-schema-graph\">{\"@context\":\"https:\\\/\\\/schema.org\",\"@graph\":[{\"@type\":\"WebPage\",\"@id\":\"https:\\\/\\\/help.jamk.fi\\\/raportointiohje\\\/fi\\\/3-kirjoittamisprosessi\\\/tekoalyn-kaytto-oppimistehtavissa-ja-opinnaytetyossa\\\/\",\"url\":\"https:\\\/\\\/help.jamk.fi\\\/raportointiohje\\\/fi\\\/3-kirjoittamisprosessi\\\/tekoalyn-kaytto-oppimistehtavissa-ja-opinnaytetyossa\\\/\",\"name\":\"3.2 Teko\u00e4lyn k\u00e4ytt\u00f6 oppimisteht\u00e4viss\u00e4 ja opinn\u00e4ytety\u00f6ss\u00e4 - Opinn\u00e4ytety\u00f6n raportointiohje\",\"isPartOf\":{\"@id\":\"https:\\\/\\\/help.jamk.fi\\\/raportointiohje\\\/#website\"},\"datePublished\":\"2024-03-15T10:32:46+00:00\",\"dateModified\":\"2026-01-29T07:30:21+00:00\",\"breadcrumb\":{\"@id\":\"https:\\\/\\\/help.jamk.fi\\\/raportointiohje\\\/fi\\\/3-kirjoittamisprosessi\\\/tekoalyn-kaytto-oppimistehtavissa-ja-opinnaytetyossa\\\/#breadcrumb\"},\"inLanguage\":\"fi\",\"potentialAction\":[{\"@type\":\"ReadAction\",\"target\":[\"https:\\\/\\\/help.jamk.fi\\\/raportointiohje\\\/fi\\\/3-kirjoittamisprosessi\\\/tekoalyn-kaytto-oppimistehtavissa-ja-opinnaytetyossa\\\/\"]}]},{\"@type\":\"BreadcrumbList\",\"@id\":\"https:\\\/\\\/help.jamk.fi\\\/raportointiohje\\\/fi\\\/3-kirjoittamisprosessi\\\/tekoalyn-kaytto-oppimistehtavissa-ja-opinnaytetyossa\\\/#breadcrumb\",\"itemListElement\":[{\"@type\":\"ListItem\",\"position\":1,\"name\":\"Etusivu\",\"item\":\"https:\\\/\\\/help.jamk.fi\\\/raportointiohje\\\/fi\\\/\"},{\"@type\":\"ListItem\",\"position\":2,\"name\":\"3 Kirjoittamisprosessi\",\"item\":\"https:\\\/\\\/help.jamk.fi\\\/raportointiohje\\\/fi\\\/3-kirjoittamisprosessi\\\/\"},{\"@type\":\"ListItem\",\"position\":3,\"name\":\"3.2 Teko\u00e4lyn k\u00e4ytt\u00f6 oppimisteht\u00e4viss\u00e4 ja opinn\u00e4ytety\u00f6ss\u00e4\"}]},{\"@type\":\"WebSite\",\"@id\":\"https:\\\/\\\/help.jamk.fi\\\/raportointiohje\\\/#website\",\"url\":\"https:\\\/\\\/help.jamk.fi\\\/raportointiohje\\\/\",\"name\":\"Opinn\u00e4ytety\u00f6n raportointiohje\",\"description\":\"\",\"potentialAction\":[{\"@type\":\"SearchAction\",\"target\":{\"@type\":\"EntryPoint\",\"urlTemplate\":\"https:\\\/\\\/help.jamk.fi\\\/raportointiohje\\\/?s={search_term_string}\"},\"query-input\":{\"@type\":\"PropertyValueSpecification\",\"valueRequired\":true,\"valueName\":\"search_term_string\"}}],\"inLanguage\":\"fi\"}]}<\/script>\n<!-- \/ Yoast SEO plugin. -->","yoast_head_json":{"title":"3.2 Teko\u00e4lyn k\u00e4ytt\u00f6 oppimisteht\u00e4viss\u00e4 ja opinn\u00e4ytety\u00f6ss\u00e4 - Opinn\u00e4ytety\u00f6n raportointiohje","robots":{"index":"index","follow":"follow","max-snippet":"max-snippet:-1","max-image-preview":"max-image-preview:large","max-video-preview":"max-video-preview:-1"},"canonical":"https:\/\/help.jamk.fi\/raportointiohje\/fi\/3-kirjoittamisprosessi\/tekoalyn-kaytto-oppimistehtavissa-ja-opinnaytetyossa\/","og_locale":"fi_FI","og_type":"article","og_title":"3.2 Teko\u00e4lyn k\u00e4ytt\u00f6 oppimisteht\u00e4viss\u00e4 ja opinn\u00e4ytety\u00f6ss\u00e4 - Opinn\u00e4ytety\u00f6n raportointiohje","og_description":"N\u00e4m\u00e4 ohjeet on tarkoitettu kaikille Jamkin koulutusaloille. Ohjeistuksen on laatinut Jamkin opinn\u00e4ytety\u00f6foorumi. Perusperiaate Oppimisteht\u00e4viss\u00e4 ja opinn\u00e4ytety\u00f6ss\u00e4 noudatetaan samoja vastuullisuuden ja eettisyyden periaatteita kuin Jamkin yleisiss\u00e4 ohjeissa. K\u00e4ytt\u00f6 tuki\u00e4lyn\u00e4 Teko\u00e4lysovelluksia voidaan k\u00e4ytt\u00e4\u00e4 apuna esimerkiksi Tekij\u00e4noikeudet ja tiedon alkuper\u00e4 Muista, ett\u00e4 olet vastuussa tuottamasi tekstin sis\u00e4ll\u00f6st\u00e4. Huolehdi, ett\u00e4 ilman l\u00e4hdeviittausta olevat ajatukset ja ideat ovat omiasi. K\u00e4ytett\u00e4ess\u00e4 [&hellip;]","og_url":"https:\/\/help.jamk.fi\/raportointiohje\/fi\/3-kirjoittamisprosessi\/tekoalyn-kaytto-oppimistehtavissa-ja-opinnaytetyossa\/","og_site_name":"Opinn\u00e4ytety\u00f6n raportointiohje","article_modified_time":"2026-01-29T07:30:21+00:00","twitter_card":"summary_large_image","twitter_misc":{"Arvioitu lukuaika":"3 minuuttia"},"schema":{"@context":"https:\/\/schema.org","@graph":[{"@type":"WebPage","@id":"https:\/\/help.jamk.fi\/raportointiohje\/fi\/3-kirjoittamisprosessi\/tekoalyn-kaytto-oppimistehtavissa-ja-opinnaytetyossa\/","url":"https:\/\/help.jamk.fi\/raportointiohje\/fi\/3-kirjoittamisprosessi\/tekoalyn-kaytto-oppimistehtavissa-ja-opinnaytetyossa\/","name":"3.2 Teko\u00e4lyn k\u00e4ytt\u00f6 oppimisteht\u00e4viss\u00e4 ja opinn\u00e4ytety\u00f6ss\u00e4 - Opinn\u00e4ytety\u00f6n raportointiohje","isPartOf":{"@id":"https:\/\/help.jamk.fi\/raportointiohje\/#website"},"datePublished":"2024-03-15T10:32:46+00:00","dateModified":"2026-01-29T07:30:21+00:00","breadcrumb":{"@id":"https:\/\/help.jamk.fi\/raportointiohje\/fi\/3-kirjoittamisprosessi\/tekoalyn-kaytto-oppimistehtavissa-ja-opinnaytetyossa\/#breadcrumb"},"inLanguage":"fi","potentialAction":[{"@type":"ReadAction","target":["https:\/\/help.jamk.fi\/raportointiohje\/fi\/3-kirjoittamisprosessi\/tekoalyn-kaytto-oppimistehtavissa-ja-opinnaytetyossa\/"]}]},{"@type":"BreadcrumbList","@id":"https:\/\/help.jamk.fi\/raportointiohje\/fi\/3-kirjoittamisprosessi\/tekoalyn-kaytto-oppimistehtavissa-ja-opinnaytetyossa\/#breadcrumb","itemListElement":[{"@type":"ListItem","position":1,"name":"Etusivu","item":"https:\/\/help.jamk.fi\/raportointiohje\/fi\/"},{"@type":"ListItem","position":2,"name":"3 Kirjoittamisprosessi","item":"https:\/\/help.jamk.fi\/raportointiohje\/fi\/3-kirjoittamisprosessi\/"},{"@type":"ListItem","position":3,"name":"3.2 Teko\u00e4lyn k\u00e4ytt\u00f6 oppimisteht\u00e4viss\u00e4 ja opinn\u00e4ytety\u00f6ss\u00e4"}]},{"@type":"WebSite","@id":"https:\/\/help.jamk.fi\/raportointiohje\/#website","url":"https:\/\/help.jamk.fi\/raportointiohje\/","name":"Opinn\u00e4ytety\u00f6n raportointiohje","description":"","potentialAction":[{"@type":"SearchAction","target":{"@type":"EntryPoint","urlTemplate":"https:\/\/help.jamk.fi\/raportointiohje\/?s={search_term_string}"},"query-input":{"@type":"PropertyValueSpecification","valueRequired":true,"valueName":"search_term_string"}}],"inLanguage":"fi"}]}},"_links":{"self":[{"href":"https:\/\/help.jamk.fi\/raportointiohje\/wp-json\/wp\/v2\/pages\/935","targetHints":{"allow":["GET"]}}],"collection":[{"href":"https:\/\/help.jamk.fi\/raportointiohje\/wp-json\/wp\/v2\/pages"}],"about":[{"href":"https:\/\/help.jamk.fi\/raportointiohje\/wp-json\/wp\/v2\/types\/page"}],"author":[{"embeddable":true,"href":"https:\/\/help.jamk.fi\/raportointiohje\/wp-json\/wp\/v2\/users\/79"}],"replies":[{"embeddable":true,"href":"https:\/\/help.jamk.fi\/raportointiohje\/wp-json\/wp\/v2\/comments?post=935"}],"version-history":[{"count":26,"href":"https:\/\/help.jamk.fi\/raportointiohje\/wp-json\/wp\/v2\/pages\/935\/revisions"}],"predecessor-version":[{"id":1419,"href":"https:\/\/help.jamk.fi\/raportointiohje\/wp-json\/wp\/v2\/pages\/935\/revisions\/1419"}],"up":[{"embeddable":true,"href":"https:\/\/help.jamk.fi\/raportointiohje\/wp-json\/wp\/v2\/pages\/20"}],"wp:attachment":[{"href":"https:\/\/help.jamk.fi\/raportointiohje\/wp-json\/wp\/v2\/media?parent=935"}],"wp:term":[{"taxonomy":"category","embeddable":true,"href":"https:\/\/help.jamk.fi\/raportointiohje\/wp-json\/wp\/v2\/categories?post=935"},{"taxonomy":"post_tag","embeddable":true,"href":"https:\/\/help.jamk.fi\/raportointiohje\/wp-json\/wp\/v2\/tags?post=935"}],"curies":[{"name":"wp","href":"https:\/\/api.w.org\/{rel}","templated":true}]}}