{"id":21,"date":"2025-01-15T15:02:38","date_gmt":"2025-01-15T15:02:38","guid":{"rendered":"https:\/\/help.jamk.fi\/saapuvien-vaihto-opiskelijoiden-opintotarjonta\/?page_id=21"},"modified":"2025-01-15T15:14:08","modified_gmt":"2025-01-15T15:14:08","slug":"minka-verran-opintoja-tarjolle-ja-miksi","status":"publish","type":"page","link":"https:\/\/help.jamk.fi\/saapuvien-vaihto-opiskelijoiden-opintotarjonta\/minka-verran-opintoja-tarjolle-ja-miksi\/","title":{"rendered":"Mink\u00e4 verran opintoja tarjolle ja miksi?"},"content":{"rendered":"\n<h2 class=\"wp-block-heading\">Kuinka paljon tarjontaa vaihto-opiskelijoille pit\u00e4\u00e4 suunnitella?<\/h2>\n\n\n\n<p>Tutkinto-ohjelmissa p\u00e4\u00e4tet\u00e4\u00e4n vaihto-opiskelijoille tarjottavat opintojaksot. <strong>Suosittelemme ohjelmien tarjoavan vaihto-opiskelijoille min. 20 ECTS per lukukausi englanninkielisi\u00e4 ohjelma-\/alakohtaista opintoja<\/strong>. Lis\u00e4ksi opiskelijat voivat suorittaa kielikeskuksen tarjonnasta vaihto-opiskelijoille avoimia kieli- ja kulttuuriopintoja (kielikeskus yll\u00e4pit\u00e4\u00e4 tarjontaa).<\/p>\n\n\n\n<p>Yksik\u00f6iss\u00e4 voi olla my\u00f6s <strong>ns. yhteistarjontaa<\/strong> eli opintojaksoja, jotka voidaan sis\u00e4llytt\u00e4\u00e4 useamman vaihto-opiskelijoita vastaanottavan ohjelman tarjontaan ja n\u00e4in kasvattaa yksitt\u00e4isten ohjelmien tarjontaa, ks. tarkemmin &#8221;Miten tarjontaa tehd\u00e4\u00e4n?&#8221;.<\/p>\n\n\n\n<p><\/p>\n\n\n\n<h2 class=\"wp-block-heading\">Miksi t\u00e4m\u00e4n verran tarjontaa vaihto-opiskelijoille?<\/h2>\n\n\n\n<p>Saapuvan vaihto-opiskelijan on oltava mahdollista suorittaa n. 5 ECTS per vaihtokuukausi (n. 20-30 ECTS\/lukukausi), mik\u00e4 on yleens\u00e4 kotikorkeakoulujen vaatimus vaihtojaksolle. T\u00e4st\u00e4 syyst\u00e4 vain paria opintojaksoa sis\u00e4lt\u00e4v\u00e4\u00e4 kokonaisuutta ei voida markkinoida partnereille ja heid\u00e4n opiskelijoille omana hakukohteena\/vaihto-ohjelmana.<\/p>\n\n\n\n<p>Ohjelmien, joilla on tahtoa olla hakukohteena mutta ei tarpeeksi tarjontaa, pit\u00e4\u00e4 olla valmiita pyynn\u00f6st\u00e4 maksutta r\u00e4\u00e4t\u00e4l\u00f6im\u00e4\u00e4n\/j\u00e4rjest\u00e4m\u00e4\u00e4n saapuvalle vaihto-opiskelijalle tarpeeksi opintoja, jotta kokoaikainen lukukauden kest\u00e4v\u00e4 vaihto-opiskelu on mahdollista. N\u00e4in voidaan esim. mahdollistaa vaihtopaikkoja partnerikorkeakoulussa my\u00f6s Jamkin tutkinto-opiskelijoille. T\u00e4llaisessa ohjelmassa t\u00e4ytyy my\u00f6s olla henkil\u00f6, joka hakuaikana tekee aktiivisesti r\u00e4\u00e4t\u00e4l\u00f6inti\u00e4 ja informoi\/keskustelee hakijan kanssa h\u00e4nelle mahdollisista opinnoista, jotka eiv\u00e4t l\u00f6ydy valmiista vaihto-opiskelijoiden tarjonnasta.<\/p>\n\n\n<div id=\"info-lift-block_ace98988473abda2a1b9e7badf91e979\" class=\"block-info-lift block-info-lift\">\n  <div class=\"row\">\n    <div class=\"col-12\">\n              <div class=\"block-info-lift__content\">\n          <div class=\"block-info-lift__content__icon\">\n            <span>!<\/span>\n          <\/div>\n          <p class=\"block-info-lift__content__text\">HUOM: R\u00e4\u00e4t\u00e4l\u00f6inti\u00e4 kannattaa v\u00e4ltt\u00e4\u00e4 mm. resurssien s\u00e4\u00e4st\u00e4miseksi ja pyrki\u00e4 laittamaan vaihto-opiskelijoille tarjolle tutkinto-ohjelmien rakenteissa\/toteutuksissa olevia opintojaksoja. Katso tarkemmin kohta &quot;Miten tarjonta tehd\u00e4\u00e4n?&quot;<\/p>\n        <\/div>\n          <\/div>\n  <\/div>\n<\/div>\n\n\n<p><\/p>\n\n\n\n<p>Saapuvan vaihto-opiskelijan suositellaan ottavan opintojaksoja nimenomaan sen ohjelman tarjonnasta, johon h\u00e4n hakee\/saapuu (liikkuvuussopimus alalle\/ohjelmaan edellytet\u00e4\u00e4n). T\u00e4ll\u00e4 varmistetaan:<\/p>\n\n\n\n<ul class=\"wp-block-list\">\n<li>opiskelijan integroituminen oman alansa ohjelmaan<\/li>\n\n\n\n<li>minimoidaan ilmoittautumisten p\u00e4\u00e4llekk\u00e4isyyksi\u00e4<\/li>\n\n\n\n<li>varmistutaan opiskelijan alalle sopivasta osaamisesta (suurin piirtein vastaava ala kotikorkeakoulussa)<\/li>\n\n\n\n<li>varmistutaan siit\u00e4, ett\u00e4 opiskelijat saapuvat liikkuvuussopimusten mukaiseen ohjelmaan eiv\u00e4tk\u00e4 vie toisen ohjelman vaihto-opiskelijoille varattua kiinti\u00f6t\u00e4\/paikkoja opintojaksoilla.<\/li>\n<\/ul>\n\n\n\n<p>Opiskelijat saavat ehdottaa opintosuunnitelmaansa jonkun toisenkin ohjelman tarjontaa max. 2 opintojaksoa, mutta p\u00e4\u00e4sy\u00e4 ko. opintojaksoille ei taata.<\/p>\n","protected":false},"excerpt":{"rendered":"<p>Kuinka paljon tarjontaa vaihto-opiskelijoille pit\u00e4\u00e4 suunnitella? Tutkinto-ohjelmissa p\u00e4\u00e4tet\u00e4\u00e4n vaihto-opiskelijoille tarjottavat opintojaksot. Suosittelemme ohjelmien tarjoavan vaihto-opiskelijoille min. 20 ECTS per lukukausi englanninkielisi\u00e4 ohjelma-\/alakohtaista opintoja. Lis\u00e4ksi opiskelijat voivat suorittaa kielikeskuksen tarjonnasta vaihto-opiskelijoille avoimia kieli- ja kulttuuriopintoja (kielikeskus yll\u00e4pit\u00e4\u00e4 tarjontaa). Yksik\u00f6iss\u00e4 voi olla my\u00f6s ns. yhteistarjontaa eli opintojaksoja, jotka voidaan sis\u00e4llytt\u00e4\u00e4 useamman vaihto-opiskelijoita vastaanottavan ohjelman tarjontaan ja n\u00e4in [&hellip;]<\/p>\n","protected":false},"author":81,"featured_media":0,"parent":0,"menu_order":1,"comment_status":"closed","ping_status":"closed","template":"","meta":{"_acf_changed":false,"_relevanssi_hide_post":"","_relevanssi_hide_content":"","_relevanssi_pin_for_all":"","_relevanssi_pin_keywords":"","_relevanssi_unpin_keywords":"","_relevanssi_related_keywords":"","_relevanssi_related_include_ids":"","_relevanssi_related_exclude_ids":"","_relevanssi_related_no_append":"","_relevanssi_related_not_related":"","_relevanssi_related_posts":"1","_relevanssi_noindex_reason":"","footnotes":""},"categories":[],"tags":[],"class_list":["post-21","page","type-page","status-publish","hentry"],"acf":[],"yoast_head":"<!-- This site is optimized with the Yoast SEO plugin v27.4 - https:\/\/yoast.com\/product\/yoast-seo-wordpress\/ -->\n<title>Mink\u00e4 verran opintoja tarjolle ja miksi? - Course offerings for incoming exchange students<\/title>\n<meta name=\"robots\" content=\"index, follow, max-snippet:-1, max-image-preview:large, max-video-preview:-1\" \/>\n<link rel=\"canonical\" href=\"https:\/\/help.jamk.fi\/saapuvien-vaihto-opiskelijoiden-opintotarjonta\/minka-verran-opintoja-tarjolle-ja-miksi\/\" \/>\n<meta property=\"og:locale\" content=\"fi_FI\" \/>\n<meta property=\"og:type\" content=\"article\" \/>\n<meta property=\"og:title\" content=\"Mink\u00e4 verran opintoja tarjolle ja miksi? - Course offerings for incoming exchange students\" \/>\n<meta property=\"og:description\" content=\"Kuinka paljon tarjontaa vaihto-opiskelijoille pit\u00e4\u00e4 suunnitella? Tutkinto-ohjelmissa p\u00e4\u00e4tet\u00e4\u00e4n vaihto-opiskelijoille tarjottavat opintojaksot. Suosittelemme ohjelmien tarjoavan vaihto-opiskelijoille min. 20 ECTS per lukukausi englanninkielisi\u00e4 ohjelma-\/alakohtaista opintoja. Lis\u00e4ksi opiskelijat voivat suorittaa kielikeskuksen tarjonnasta vaihto-opiskelijoille avoimia kieli- ja kulttuuriopintoja (kielikeskus yll\u00e4pit\u00e4\u00e4 tarjontaa). Yksik\u00f6iss\u00e4 voi olla my\u00f6s ns. yhteistarjontaa eli opintojaksoja, jotka voidaan sis\u00e4llytt\u00e4\u00e4 useamman vaihto-opiskelijoita vastaanottavan ohjelman tarjontaan ja n\u00e4in [&hellip;]\" \/>\n<meta property=\"og:url\" content=\"https:\/\/help.jamk.fi\/saapuvien-vaihto-opiskelijoiden-opintotarjonta\/minka-verran-opintoja-tarjolle-ja-miksi\/\" \/>\n<meta property=\"og:site_name\" content=\"Course offerings for incoming exchange students\" \/>\n<meta property=\"article:modified_time\" content=\"2025-01-15T15:14:08+00:00\" \/>\n<meta name=\"twitter:card\" content=\"summary_large_image\" \/>\n<meta name=\"twitter:label1\" content=\"Arvioitu lukuaika\" \/>\n\t<meta name=\"twitter:data1\" content=\"2 minuuttia\" \/>\n<script type=\"application\/ld+json\" class=\"yoast-schema-graph\">{\"@context\":\"https:\\\/\\\/schema.org\",\"@graph\":[{\"@type\":\"WebPage\",\"@id\":\"https:\\\/\\\/help.jamk.fi\\\/saapuvien-vaihto-opiskelijoiden-opintotarjonta\\\/minka-verran-opintoja-tarjolle-ja-miksi\\\/\",\"url\":\"https:\\\/\\\/help.jamk.fi\\\/saapuvien-vaihto-opiskelijoiden-opintotarjonta\\\/minka-verran-opintoja-tarjolle-ja-miksi\\\/\",\"name\":\"Mink\u00e4 verran opintoja tarjolle ja miksi? - Course offerings for incoming exchange students\",\"isPartOf\":{\"@id\":\"https:\\\/\\\/help.jamk.fi\\\/saapuvien-vaihto-opiskelijoiden-opintotarjonta\\\/#website\"},\"datePublished\":\"2025-01-15T15:02:38+00:00\",\"dateModified\":\"2025-01-15T15:14:08+00:00\",\"breadcrumb\":{\"@id\":\"https:\\\/\\\/help.jamk.fi\\\/saapuvien-vaihto-opiskelijoiden-opintotarjonta\\\/minka-verran-opintoja-tarjolle-ja-miksi\\\/#breadcrumb\"},\"inLanguage\":\"fi\",\"potentialAction\":[{\"@type\":\"ReadAction\",\"target\":[\"https:\\\/\\\/help.jamk.fi\\\/saapuvien-vaihto-opiskelijoiden-opintotarjonta\\\/minka-verran-opintoja-tarjolle-ja-miksi\\\/\"]}]},{\"@type\":\"BreadcrumbList\",\"@id\":\"https:\\\/\\\/help.jamk.fi\\\/saapuvien-vaihto-opiskelijoiden-opintotarjonta\\\/minka-verran-opintoja-tarjolle-ja-miksi\\\/#breadcrumb\",\"itemListElement\":[{\"@type\":\"ListItem\",\"position\":1,\"name\":\"Home\",\"item\":\"https:\\\/\\\/help.jamk.fi\\\/saapuvien-vaihto-opiskelijoiden-opintotarjonta\\\/\"},{\"@type\":\"ListItem\",\"position\":2,\"name\":\"Mink\u00e4 verran opintoja tarjolle ja miksi?\"}]},{\"@type\":\"WebSite\",\"@id\":\"https:\\\/\\\/help.jamk.fi\\\/saapuvien-vaihto-opiskelijoiden-opintotarjonta\\\/#website\",\"url\":\"https:\\\/\\\/help.jamk.fi\\\/saapuvien-vaihto-opiskelijoiden-opintotarjonta\\\/\",\"name\":\"Course offerings for incoming exchange students\",\"description\":\"\",\"potentialAction\":[{\"@type\":\"SearchAction\",\"target\":{\"@type\":\"EntryPoint\",\"urlTemplate\":\"https:\\\/\\\/help.jamk.fi\\\/saapuvien-vaihto-opiskelijoiden-opintotarjonta\\\/?s={search_term_string}\"},\"query-input\":{\"@type\":\"PropertyValueSpecification\",\"valueRequired\":true,\"valueName\":\"search_term_string\"}}],\"inLanguage\":\"fi\"}]}<\/script>\n<!-- \/ Yoast SEO plugin. -->","yoast_head_json":{"title":"Mink\u00e4 verran opintoja tarjolle ja miksi? - Course offerings for incoming exchange students","robots":{"index":"index","follow":"follow","max-snippet":"max-snippet:-1","max-image-preview":"max-image-preview:large","max-video-preview":"max-video-preview:-1"},"canonical":"https:\/\/help.jamk.fi\/saapuvien-vaihto-opiskelijoiden-opintotarjonta\/minka-verran-opintoja-tarjolle-ja-miksi\/","og_locale":"fi_FI","og_type":"article","og_title":"Mink\u00e4 verran opintoja tarjolle ja miksi? - Course offerings for incoming exchange students","og_description":"Kuinka paljon tarjontaa vaihto-opiskelijoille pit\u00e4\u00e4 suunnitella? Tutkinto-ohjelmissa p\u00e4\u00e4tet\u00e4\u00e4n vaihto-opiskelijoille tarjottavat opintojaksot. Suosittelemme ohjelmien tarjoavan vaihto-opiskelijoille min. 20 ECTS per lukukausi englanninkielisi\u00e4 ohjelma-\/alakohtaista opintoja. Lis\u00e4ksi opiskelijat voivat suorittaa kielikeskuksen tarjonnasta vaihto-opiskelijoille avoimia kieli- ja kulttuuriopintoja (kielikeskus yll\u00e4pit\u00e4\u00e4 tarjontaa). Yksik\u00f6iss\u00e4 voi olla my\u00f6s ns. yhteistarjontaa eli opintojaksoja, jotka voidaan sis\u00e4llytt\u00e4\u00e4 useamman vaihto-opiskelijoita vastaanottavan ohjelman tarjontaan ja n\u00e4in [&hellip;]","og_url":"https:\/\/help.jamk.fi\/saapuvien-vaihto-opiskelijoiden-opintotarjonta\/minka-verran-opintoja-tarjolle-ja-miksi\/","og_site_name":"Course offerings for incoming exchange students","article_modified_time":"2025-01-15T15:14:08+00:00","twitter_card":"summary_large_image","twitter_misc":{"Arvioitu lukuaika":"2 minuuttia"},"schema":{"@context":"https:\/\/schema.org","@graph":[{"@type":"WebPage","@id":"https:\/\/help.jamk.fi\/saapuvien-vaihto-opiskelijoiden-opintotarjonta\/minka-verran-opintoja-tarjolle-ja-miksi\/","url":"https:\/\/help.jamk.fi\/saapuvien-vaihto-opiskelijoiden-opintotarjonta\/minka-verran-opintoja-tarjolle-ja-miksi\/","name":"Mink\u00e4 verran opintoja tarjolle ja miksi? - Course offerings for incoming exchange students","isPartOf":{"@id":"https:\/\/help.jamk.fi\/saapuvien-vaihto-opiskelijoiden-opintotarjonta\/#website"},"datePublished":"2025-01-15T15:02:38+00:00","dateModified":"2025-01-15T15:14:08+00:00","breadcrumb":{"@id":"https:\/\/help.jamk.fi\/saapuvien-vaihto-opiskelijoiden-opintotarjonta\/minka-verran-opintoja-tarjolle-ja-miksi\/#breadcrumb"},"inLanguage":"fi","potentialAction":[{"@type":"ReadAction","target":["https:\/\/help.jamk.fi\/saapuvien-vaihto-opiskelijoiden-opintotarjonta\/minka-verran-opintoja-tarjolle-ja-miksi\/"]}]},{"@type":"BreadcrumbList","@id":"https:\/\/help.jamk.fi\/saapuvien-vaihto-opiskelijoiden-opintotarjonta\/minka-verran-opintoja-tarjolle-ja-miksi\/#breadcrumb","itemListElement":[{"@type":"ListItem","position":1,"name":"Home","item":"https:\/\/help.jamk.fi\/saapuvien-vaihto-opiskelijoiden-opintotarjonta\/"},{"@type":"ListItem","position":2,"name":"Mink\u00e4 verran opintoja tarjolle ja miksi?"}]},{"@type":"WebSite","@id":"https:\/\/help.jamk.fi\/saapuvien-vaihto-opiskelijoiden-opintotarjonta\/#website","url":"https:\/\/help.jamk.fi\/saapuvien-vaihto-opiskelijoiden-opintotarjonta\/","name":"Course offerings for incoming exchange students","description":"","potentialAction":[{"@type":"SearchAction","target":{"@type":"EntryPoint","urlTemplate":"https:\/\/help.jamk.fi\/saapuvien-vaihto-opiskelijoiden-opintotarjonta\/?s={search_term_string}"},"query-input":{"@type":"PropertyValueSpecification","valueRequired":true,"valueName":"search_term_string"}}],"inLanguage":"fi"}]}},"_links":{"self":[{"href":"https:\/\/help.jamk.fi\/saapuvien-vaihto-opiskelijoiden-opintotarjonta\/wp-json\/wp\/v2\/pages\/21","targetHints":{"allow":["GET"]}}],"collection":[{"href":"https:\/\/help.jamk.fi\/saapuvien-vaihto-opiskelijoiden-opintotarjonta\/wp-json\/wp\/v2\/pages"}],"about":[{"href":"https:\/\/help.jamk.fi\/saapuvien-vaihto-opiskelijoiden-opintotarjonta\/wp-json\/wp\/v2\/types\/page"}],"author":[{"embeddable":true,"href":"https:\/\/help.jamk.fi\/saapuvien-vaihto-opiskelijoiden-opintotarjonta\/wp-json\/wp\/v2\/users\/81"}],"replies":[{"embeddable":true,"href":"https:\/\/help.jamk.fi\/saapuvien-vaihto-opiskelijoiden-opintotarjonta\/wp-json\/wp\/v2\/comments?post=21"}],"version-history":[{"count":5,"href":"https:\/\/help.jamk.fi\/saapuvien-vaihto-opiskelijoiden-opintotarjonta\/wp-json\/wp\/v2\/pages\/21\/revisions"}],"predecessor-version":[{"id":56,"href":"https:\/\/help.jamk.fi\/saapuvien-vaihto-opiskelijoiden-opintotarjonta\/wp-json\/wp\/v2\/pages\/21\/revisions\/56"}],"wp:attachment":[{"href":"https:\/\/help.jamk.fi\/saapuvien-vaihto-opiskelijoiden-opintotarjonta\/wp-json\/wp\/v2\/media?parent=21"}],"wp:term":[{"taxonomy":"category","embeddable":true,"href":"https:\/\/help.jamk.fi\/saapuvien-vaihto-opiskelijoiden-opintotarjonta\/wp-json\/wp\/v2\/categories?post=21"},{"taxonomy":"post_tag","embeddable":true,"href":"https:\/\/help.jamk.fi\/saapuvien-vaihto-opiskelijoiden-opintotarjonta\/wp-json\/wp\/v2\/tags?post=21"}],"curies":[{"name":"wp","href":"https:\/\/api.w.org\/{rel}","templated":true}]}}