{"id":31,"date":"2025-01-15T15:10:47","date_gmt":"2025-01-15T15:10:47","guid":{"rendered":"https:\/\/help.jamk.fi\/saapuvien-vaihto-opiskelijoiden-opintotarjonta\/?page_id=31"},"modified":"2025-04-03T10:58:54","modified_gmt":"2025-04-03T10:58:54","slug":"miten-vaihto-opiskelijoiden-opintotarjonta-tehdaan","status":"publish","type":"page","link":"https:\/\/help.jamk.fi\/saapuvien-vaihto-opiskelijoiden-opintotarjonta\/miten-vaihto-opiskelijoiden-opintotarjonta-tehdaan\/","title":{"rendered":"Miten vaihto-opiskelijoiden opintotarjonta tehd\u00e4\u00e4n?"},"content":{"rendered":"\n<p>Vaihto-opiskelijoille tarjottavien opintojaksojen <strong>suositellaan olevan tutkinto-ohjelmien rakenteissa\/toteutuksissa olevia opintojaksoja<\/strong>. N\u00e4in englanninkielisiin opintojaksoihin saadaan luontevasti mukaan ulkomaalaisia opiskelijoita ja aidosti monikulttuurinen opiskeluymp\u00e4rist\u00f6, joka edist\u00e4\u00e4 my\u00f6s omien tutkinto-opiskelijoidemme kotikansainv\u00e4listymist\u00e4.<\/p>\n\n\n\n<p>Jos vaihto-opiskelijoille on tarjonnassa opintojaksoja, jotka eiv\u00e4t sis\u00e4lly tutkinto-ohjelman rakenteeseen, opintojakson ja sen toteutuksen voi Pepiss\u00e4 my\u00f6s luoda suoraan esim. ohjelmalle luotuun erilliseen vaihto-opiskelijan opintokokonaisuuteen. Vaihtoehtoisesti sen voi luoda my\u00f6s johonkin muuhun erilliseen opintokokonaisuuteen, esim. vapaasti valittaviin opintoihin, jos opintojakso on avoinna muillekin kuin vaihto-opiskelijoille. Sen j\u00e4lkeen luotu opintojakso voidaan kiinnitt\u00e4\u00e4 vaihto-opiskelijan erillisen opintokokonaisuuden alle.<\/p>\n\n\n\n<div id=\"accordion-block_e00b0845dec37b2f6492ad9ee766d0ae\" class=\"accordion block-accordion\">\n  <div class=\"block-accordion__element-header\">\n          <h2>Ohjeet opintojaksojen kuvauksista, toteutuksista ja rakenteisiin kiinnitt\u00e4misest\u00e4<\/h2>\n      <\/div>\n  <div class=\"block-accordion__accordions\">\n                  <div class=\"accordion-item\">\n          <h2 class=\"h6 accordion-title\">\n            <button id=\"accordion-header-1\" class=\"accordion-header\" aria-expanded=\"false\" aria-controls=\"accordion-panel-1\">\n              Opintojaksojen t\u00e4g\u00e4\u00e4minen              <div class='plus-icon' itemprop='logo'><svg aria-hidden=\"true\" viewBox=\"0 0 16 16\" fill=\"none\" xmlns=\"http:\/\/www.w3.org\/2000\/svg\"><path d=\"M8.92 7.1V.06H7.2V7.1H.12v1.72H7.2v7.12h1.72V8.82H16V7.1H8.92z\" fill=\"#0D004C\"\/><\/svg><\/div>              <div class='minus-icon' itemprop='logo'><svg aria-hidden=\"true\" viewBox=\"0 0 14 2\" fill=\"none\" xmlns=\"http:\/\/www.w3.org\/2000\/svg\"><path d=\"M14 1.88H.88V.12H14v1.76z\" fill=\"#fff\"\/><\/svg><\/div>            <\/button>\n          <\/h2>\n          <div class=\"accordion-section-wrapper\">\n            <section id=\"accordion-panel-1\" class=\"accordion-panel\" aria-labelledby=\"accordion-header-1\">\n              <p>Lis\u00e4\u00e4 vaihto-opiskelijoille tarkoitettuihin opintojaksoihin opintojaksokuvauksen Luokittelu -kentt\u00e4\u00e4n <strong>ExchangeStudent tag<\/strong>.<\/p>\n            <\/section>\n          <\/div>\n        <\/div>\n              <div class=\"accordion-item\">\n          <h2 class=\"h6 accordion-title\">\n            <button id=\"accordion-header-2\" class=\"accordion-header\" aria-expanded=\"false\" aria-controls=\"accordion-panel-2\">\n              Opintojaksojen kiinnitt\u00e4minen erillisiin opintokokonaisuuksiin              <div class='plus-icon' itemprop='logo'><svg aria-hidden=\"true\" viewBox=\"0 0 16 16\" fill=\"none\" xmlns=\"http:\/\/www.w3.org\/2000\/svg\"><path d=\"M8.92 7.1V.06H7.2V7.1H.12v1.72H7.2v7.12h1.72V8.82H16V7.1H8.92z\" fill=\"#0D004C\"\/><\/svg><\/div>              <div class='minus-icon' itemprop='logo'><svg aria-hidden=\"true\" viewBox=\"0 0 14 2\" fill=\"none\" xmlns=\"http:\/\/www.w3.org\/2000\/svg\"><path d=\"M14 1.88H.88V.12H14v1.76z\" fill=\"#fff\"\/><\/svg><\/div>            <\/button>\n          <\/h2>\n          <div class=\"accordion-section-wrapper\">\n            <section id=\"accordion-panel-2\" class=\"accordion-panel\" aria-labelledby=\"accordion-header-2\">\n              <p>Kiinnit\u00e4 t\u00e4g\u00e4tyt opintojaksot oikeaan\/oikeiden vaihto-opiskelijoiden erilliseen opintokokonaisuuteen (tunniste Exchange Studies: xxx).<\/p>\n<p><strong>Yhteistarjonnassa<\/strong> opintojakso tulee kiinnitt\u00e4\u00e4 kaikkiin niihin erillisiin opintokokonaisuuksiin, joiden opiskelijoille opintojakso on avoin.<\/p>\n<ul>\n<li>Esimerkiksi Nursingin opintojakso ja toteutus, joka on avoinna my\u00f6s Physiotherapy-opiskelijoille: opintojakso kiinnitet\u00e4\u00e4n erillisiss\u00e4 opintokokonaisuuksissa sek\u00e4 <em>Exchange Studies: Nursing<\/em> ett\u00e4 <em>Exchange Studies: Physiotherapy<\/em> alle.<\/li>\n<li>N\u00e4in opiskelija l\u00f6yt\u00e4\u00e4 kaikki tarjolla olevat opintojaksot yhdest\u00e4 paikkaa, eik\u00e4 tarvitse tehd\u00e4 pitki\u00e4 ohjaustekstej\u00e4 mist\u00e4 ns. yhteistarjonnan l\u00f6yt\u00e4\u00e4.<\/li>\n<\/ul>\n<p>Tietyt suomenkieliset ohjelmat eiv\u00e4t ole omia hakukohteitaan, vaan kiinnitt\u00e4v\u00e4t vaihto-opiskelijoille avoimet opintojaksot yhdess\u00e4 vastaavan englanninkielisen ohjelman kanssa ns. alakohtaiseen yhteistarjontaan.<\/p>\n<p>Katso tarkemmin kohta &#8221;Miten vaihto-opiskelijoiden tarjonta alalla, jolla sek\u00e4 suomen- ett\u00e4 englanninkielinen ohjelma?&#8221;<\/p>\n            <\/section>\n          <\/div>\n        <\/div>\n              <div class=\"accordion-item\">\n          <h2 class=\"h6 accordion-title\">\n            <button id=\"accordion-header-3\" class=\"accordion-header\" aria-expanded=\"false\" aria-controls=\"accordion-panel-3\">\n              Toteutusten tekeminen              <div class='plus-icon' itemprop='logo'><svg aria-hidden=\"true\" viewBox=\"0 0 16 16\" fill=\"none\" xmlns=\"http:\/\/www.w3.org\/2000\/svg\"><path d=\"M8.92 7.1V.06H7.2V7.1H.12v1.72H7.2v7.12h1.72V8.82H16V7.1H8.92z\" fill=\"#0D004C\"\/><\/svg><\/div>              <div class='minus-icon' itemprop='logo'><svg aria-hidden=\"true\" viewBox=\"0 0 14 2\" fill=\"none\" xmlns=\"http:\/\/www.w3.org\/2000\/svg\"><path d=\"M14 1.88H.88V.12H14v1.76z\" fill=\"#fff\"\/><\/svg><\/div>            <\/button>\n          <\/h2>\n          <div class=\"accordion-section-wrapper\">\n            <section id=\"accordion-panel-3\" class=\"accordion-panel\" aria-labelledby=\"accordion-header-3\">\n              <p>Tee opintojaksoille toteutukset. Vaihto-opiskelijoille ei tarvitse tehd\u00e4 erillisi\u00e4 toteutuksia. Sen sijaan kirjaa toteutukseen seuraavat tiedot:<\/p>\n<ul>\n<li><strong>saapuville vaihto-opiskelijoille sovittu ja varattu paikkam\u00e4\u00e4r\u00e4<\/strong> samaan kentt\u00e4\u00e4n tutkinto-opiskelijoiden paikkam\u00e4\u00e4r\u00e4n kanssa sek\u00e4 Lis\u00e4tietoja opiskelijalle -kentt\u00e4\u00e4n<\/li>\n<li><strong>vaihto-opiskelijoiden ryhm\u00e4koodit<\/strong>, joille toteutus on tarkoitettu. Ryhm\u00e4tunnuksen alku on tutkinto-ohjelman mukainen ja per\u00e4ss\u00e4 lukuvuosi &#8211; tunnus V &#8211; tunnus S syksy tai K kev\u00e4t. Esim. HBI24VS. Kansainv\u00e4listymispalvelut tilaa vaihto-opiskelijoiden ryhm\u00e4koodit keskitetysti ICT-palveluilta.<\/li>\n<\/ul>\n<p>Jos opettaja ei p\u00e4\u00e4t\u00e4\/kirjaa toteutukselle vaihto-opiskelijoille varattuja paikkam\u00e4\u00e4ri\u00e4 itse, <strong>paikkam\u00e4\u00e4rien kirjaaja informoi opettajaa vaihto-opiskelijoille varatuista paikoista<\/strong>.<\/p>\n<p><strong>Toteutuksen opettajan on nostettava opintojaksototeutukselle v\u00e4hint\u00e4\u00e4n sovitun paikkam\u00e4\u00e4r\u00e4n mukaisesti saapuvia vaihto-opiskelijoita<\/strong>. Etusijalla ovat ohjelman ns. omat vaihto-opiskelijat, muiden ohjelmien vaihto-opiskelijoita voi ottaa, jos toteutuksella on tilaa.<\/p>\n            <\/section>\n          <\/div>\n        <\/div>\n            <\/div>\n<\/div>\n\n<div id=\"info-lift-block_f00c09dc5d69d62b4e08e6d394ae4f14\" class=\"block-info-lift block-info-lift\">\n  <div class=\"row\">\n    <div class=\"col-12\">\n              <div class=\"block-info-lift__content\">\n          <div class=\"block-info-lift__content__icon\">\n            <span>!<\/span>\n          <\/div>\n          <p class=\"block-info-lift__content__text\">Saapuvat vaihto-opiskelijat ilmoittautuvat Pepiss\u00e4 opintojaksoille itse saavuttuaan Jamkiin lukukauden alkaessa!<\/p>\n        <\/div>\n          <\/div>\n  <\/div>\n<\/div>\n\n\n<h2 class=\"wp-block-heading\">Miten vaihto-opiskelijoiden tarjonta alalla, jolla sek\u00e4 suomen- ett\u00e4 englanninkielinen ohjelma?<\/h2>\n\n\n\n<p>Yksik\u00f6ist\u00e4 aiemmin saadun tiedon mukaan seuraavat suomenkieliset ohjelmat eiv\u00e4t tarjoa omaa kokonaisuutta eiv\u00e4tk\u00e4 ole oma hakukohde saapuville vaihto-opiskelijoille, vaan ovat mukana englanninkielisen vastaavan ohjelman ns. yhteistarjonnassa.<\/p>\n\n\n\n<p><strong>Suomenkielinen sairaanhoito<\/strong> kiinnitt\u00e4\u00e4 opintonsa samaan kokonaisuuteen englanninkielisen ohjelman kanssa:<\/p>\n\n\n\n<ul class=\"wp-block-list\">\n<li>Exchange Studies: Nursing<\/li>\n\n\n\n<li>ryhm\u00e4koodi englanninkielisen ryhm\u00e4n mukainen, esim. SNS24VS<\/li>\n<\/ul>\n\n\n\n<p><strong>Suomenkielinen logistiikka<\/strong> kiinnitt\u00e4\u00e4 opintonsa samaan kokonaisuuteen englanninkielisen kanssa:<\/p>\n\n\n\n<ul class=\"wp-block-list\">\n<li>Exchange Studies: Purchasing and Logistics Engineering<\/li>\n\n\n\n<li>ryhm\u00e4koodi englanninkielisen ryhm\u00e4n mukainen, esim. TLP24VS<\/li>\n<\/ul>\n\n\n\n<p><strong>Suomenkielinen liiketalous sek\u00e4 Tiimiakatemia<\/strong> kiinnitt\u00e4\u00e4 opintonsa samaan kokonaisuuteen englanninkielisen kanssa:<\/p>\n\n\n\n<ul class=\"wp-block-list\">\n<li>Exchange Studies: Business<\/li>\n\n\n\n<li>ryhm\u00e4koodi englanninkielisen ryhm\u00e4n mukainen, esim. HBI24VS<\/li>\n<\/ul>\n\n\n\n<p><strong>Suomenkielinen tietojenk\u00e4sittely<\/strong> kiinnitt\u00e4\u00e4 opintonsa samaan kokonaisuuteen englanninkielisen kanssa:<\/p>\n\n\n\n<ul class=\"wp-block-list\">\n<li>Exchange Studies: Business Information Technology<\/li>\n\n\n\n<li>ryhm\u00e4koodi englanninkielisen ryhm\u00e4n mukainen, esim. HTG24VS<\/li>\n<\/ul>\n\n\n  <div id=\"notice-box-block_ea65c4e388f50fcc0ba3f5b76cf5dad3\" class=\"block-notice-box block-notice-box\">\n          <h2 class=\"block-notice-box__heading\">Poikkeukset<\/h2>\n    \n    <p>Palveluliiketoiminta eli Service Business tarjoaa omaa opintokokonaisuutta, englanninkielisest\u00e4 Tourism -ohjelmasta erillisen\u00e4 hakukohteena saapuville vaihto-opiskelijoille. Ryhm\u00e4koodi suomenkielisen ryhm\u00e4n mukainen, esim. MPT24VS.<\/p>\n<p>Suomenkielisen liiketalouden sport-k\u00e4rki tarjoaa omaa opintokokonaisuutta, eli on omana hakukohteena saapuville vaihto-opiskelijoille. Ryhm\u00e4koodi k\u00e4rjen suomenkielisen ryhm\u00e4n mukainen, esim. HTL24VS.<\/p>\n\n      <\/div>\n","protected":false},"excerpt":{"rendered":"<p>Vaihto-opiskelijoille tarjottavien opintojaksojen suositellaan olevan tutkinto-ohjelmien rakenteissa\/toteutuksissa olevia opintojaksoja. N\u00e4in englanninkielisiin opintojaksoihin saadaan luontevasti mukaan ulkomaalaisia opiskelijoita ja aidosti monikulttuurinen opiskeluymp\u00e4rist\u00f6, joka edist\u00e4\u00e4 my\u00f6s omien tutkinto-opiskelijoidemme kotikansainv\u00e4listymist\u00e4. Jos vaihto-opiskelijoille on tarjonnassa opintojaksoja, jotka eiv\u00e4t sis\u00e4lly tutkinto-ohjelman rakenteeseen, opintojakson ja sen toteutuksen voi Pepiss\u00e4 my\u00f6s luoda suoraan esim. ohjelmalle luotuun erilliseen vaihto-opiskelijan opintokokonaisuuteen. Vaihtoehtoisesti sen voi [&hellip;]<\/p>\n","protected":false},"author":81,"featured_media":0,"parent":0,"menu_order":3,"comment_status":"closed","ping_status":"closed","template":"","meta":{"_acf_changed":false,"_relevanssi_hide_post":"","_relevanssi_hide_content":"","_relevanssi_pin_for_all":"","_relevanssi_pin_keywords":"","_relevanssi_unpin_keywords":"","_relevanssi_related_keywords":"","_relevanssi_related_include_ids":"","_relevanssi_related_exclude_ids":"","_relevanssi_related_no_append":"","_relevanssi_related_not_related":"","_relevanssi_related_posts":"1","_relevanssi_noindex_reason":"","footnotes":""},"categories":[],"tags":[],"class_list":["post-31","page","type-page","status-publish","hentry"],"acf":[],"yoast_head":"<!-- This site is optimized with the Yoast SEO plugin v27.4 - https:\/\/yoast.com\/product\/yoast-seo-wordpress\/ -->\n<title>Miten vaihto-opiskelijoiden opintotarjonta tehd\u00e4\u00e4n? - Course offerings for incoming exchange students<\/title>\n<meta name=\"robots\" content=\"index, follow, max-snippet:-1, max-image-preview:large, max-video-preview:-1\" \/>\n<link rel=\"canonical\" href=\"https:\/\/help.jamk.fi\/saapuvien-vaihto-opiskelijoiden-opintotarjonta\/miten-vaihto-opiskelijoiden-opintotarjonta-tehdaan\/\" \/>\n<meta property=\"og:locale\" content=\"fi_FI\" \/>\n<meta property=\"og:type\" content=\"article\" \/>\n<meta property=\"og:title\" content=\"Miten vaihto-opiskelijoiden opintotarjonta tehd\u00e4\u00e4n? - Course offerings for incoming exchange students\" \/>\n<meta property=\"og:description\" content=\"Vaihto-opiskelijoille tarjottavien opintojaksojen suositellaan olevan tutkinto-ohjelmien rakenteissa\/toteutuksissa olevia opintojaksoja. N\u00e4in englanninkielisiin opintojaksoihin saadaan luontevasti mukaan ulkomaalaisia opiskelijoita ja aidosti monikulttuurinen opiskeluymp\u00e4rist\u00f6, joka edist\u00e4\u00e4 my\u00f6s omien tutkinto-opiskelijoidemme kotikansainv\u00e4listymist\u00e4. Jos vaihto-opiskelijoille on tarjonnassa opintojaksoja, jotka eiv\u00e4t sis\u00e4lly tutkinto-ohjelman rakenteeseen, opintojakson ja sen toteutuksen voi Pepiss\u00e4 my\u00f6s luoda suoraan esim. ohjelmalle luotuun erilliseen vaihto-opiskelijan opintokokonaisuuteen. Vaihtoehtoisesti sen voi [&hellip;]\" \/>\n<meta property=\"og:url\" content=\"https:\/\/help.jamk.fi\/saapuvien-vaihto-opiskelijoiden-opintotarjonta\/miten-vaihto-opiskelijoiden-opintotarjonta-tehdaan\/\" \/>\n<meta property=\"og:site_name\" content=\"Course offerings for incoming exchange students\" \/>\n<meta property=\"article:modified_time\" content=\"2025-04-03T10:58:54+00:00\" \/>\n<meta name=\"twitter:card\" content=\"summary_large_image\" \/>\n<meta name=\"twitter:label1\" content=\"Arvioitu lukuaika\" \/>\n\t<meta name=\"twitter:data1\" content=\"2 minuuttia\" \/>\n<script type=\"application\/ld+json\" class=\"yoast-schema-graph\">{\"@context\":\"https:\\\/\\\/schema.org\",\"@graph\":[{\"@type\":\"WebPage\",\"@id\":\"https:\\\/\\\/help.jamk.fi\\\/saapuvien-vaihto-opiskelijoiden-opintotarjonta\\\/miten-vaihto-opiskelijoiden-opintotarjonta-tehdaan\\\/\",\"url\":\"https:\\\/\\\/help.jamk.fi\\\/saapuvien-vaihto-opiskelijoiden-opintotarjonta\\\/miten-vaihto-opiskelijoiden-opintotarjonta-tehdaan\\\/\",\"name\":\"Miten vaihto-opiskelijoiden opintotarjonta tehd\u00e4\u00e4n? - Course offerings for incoming exchange students\",\"isPartOf\":{\"@id\":\"https:\\\/\\\/help.jamk.fi\\\/saapuvien-vaihto-opiskelijoiden-opintotarjonta\\\/#website\"},\"datePublished\":\"2025-01-15T15:10:47+00:00\",\"dateModified\":\"2025-04-03T10:58:54+00:00\",\"breadcrumb\":{\"@id\":\"https:\\\/\\\/help.jamk.fi\\\/saapuvien-vaihto-opiskelijoiden-opintotarjonta\\\/miten-vaihto-opiskelijoiden-opintotarjonta-tehdaan\\\/#breadcrumb\"},\"inLanguage\":\"fi\",\"potentialAction\":[{\"@type\":\"ReadAction\",\"target\":[\"https:\\\/\\\/help.jamk.fi\\\/saapuvien-vaihto-opiskelijoiden-opintotarjonta\\\/miten-vaihto-opiskelijoiden-opintotarjonta-tehdaan\\\/\"]}]},{\"@type\":\"BreadcrumbList\",\"@id\":\"https:\\\/\\\/help.jamk.fi\\\/saapuvien-vaihto-opiskelijoiden-opintotarjonta\\\/miten-vaihto-opiskelijoiden-opintotarjonta-tehdaan\\\/#breadcrumb\",\"itemListElement\":[{\"@type\":\"ListItem\",\"position\":1,\"name\":\"Home\",\"item\":\"https:\\\/\\\/help.jamk.fi\\\/saapuvien-vaihto-opiskelijoiden-opintotarjonta\\\/\"},{\"@type\":\"ListItem\",\"position\":2,\"name\":\"Miten vaihto-opiskelijoiden opintotarjonta tehd\u00e4\u00e4n?\"}]},{\"@type\":\"WebSite\",\"@id\":\"https:\\\/\\\/help.jamk.fi\\\/saapuvien-vaihto-opiskelijoiden-opintotarjonta\\\/#website\",\"url\":\"https:\\\/\\\/help.jamk.fi\\\/saapuvien-vaihto-opiskelijoiden-opintotarjonta\\\/\",\"name\":\"Course offerings for incoming exchange students\",\"description\":\"\",\"potentialAction\":[{\"@type\":\"SearchAction\",\"target\":{\"@type\":\"EntryPoint\",\"urlTemplate\":\"https:\\\/\\\/help.jamk.fi\\\/saapuvien-vaihto-opiskelijoiden-opintotarjonta\\\/?s={search_term_string}\"},\"query-input\":{\"@type\":\"PropertyValueSpecification\",\"valueRequired\":true,\"valueName\":\"search_term_string\"}}],\"inLanguage\":\"fi\"}]}<\/script>\n<!-- \/ Yoast SEO plugin. -->","yoast_head_json":{"title":"Miten vaihto-opiskelijoiden opintotarjonta tehd\u00e4\u00e4n? - Course offerings for incoming exchange students","robots":{"index":"index","follow":"follow","max-snippet":"max-snippet:-1","max-image-preview":"max-image-preview:large","max-video-preview":"max-video-preview:-1"},"canonical":"https:\/\/help.jamk.fi\/saapuvien-vaihto-opiskelijoiden-opintotarjonta\/miten-vaihto-opiskelijoiden-opintotarjonta-tehdaan\/","og_locale":"fi_FI","og_type":"article","og_title":"Miten vaihto-opiskelijoiden opintotarjonta tehd\u00e4\u00e4n? - Course offerings for incoming exchange students","og_description":"Vaihto-opiskelijoille tarjottavien opintojaksojen suositellaan olevan tutkinto-ohjelmien rakenteissa\/toteutuksissa olevia opintojaksoja. N\u00e4in englanninkielisiin opintojaksoihin saadaan luontevasti mukaan ulkomaalaisia opiskelijoita ja aidosti monikulttuurinen opiskeluymp\u00e4rist\u00f6, joka edist\u00e4\u00e4 my\u00f6s omien tutkinto-opiskelijoidemme kotikansainv\u00e4listymist\u00e4. Jos vaihto-opiskelijoille on tarjonnassa opintojaksoja, jotka eiv\u00e4t sis\u00e4lly tutkinto-ohjelman rakenteeseen, opintojakson ja sen toteutuksen voi Pepiss\u00e4 my\u00f6s luoda suoraan esim. ohjelmalle luotuun erilliseen vaihto-opiskelijan opintokokonaisuuteen. Vaihtoehtoisesti sen voi [&hellip;]","og_url":"https:\/\/help.jamk.fi\/saapuvien-vaihto-opiskelijoiden-opintotarjonta\/miten-vaihto-opiskelijoiden-opintotarjonta-tehdaan\/","og_site_name":"Course offerings for incoming exchange students","article_modified_time":"2025-04-03T10:58:54+00:00","twitter_card":"summary_large_image","twitter_misc":{"Arvioitu lukuaika":"2 minuuttia"},"schema":{"@context":"https:\/\/schema.org","@graph":[{"@type":"WebPage","@id":"https:\/\/help.jamk.fi\/saapuvien-vaihto-opiskelijoiden-opintotarjonta\/miten-vaihto-opiskelijoiden-opintotarjonta-tehdaan\/","url":"https:\/\/help.jamk.fi\/saapuvien-vaihto-opiskelijoiden-opintotarjonta\/miten-vaihto-opiskelijoiden-opintotarjonta-tehdaan\/","name":"Miten vaihto-opiskelijoiden opintotarjonta tehd\u00e4\u00e4n? - Course offerings for incoming exchange students","isPartOf":{"@id":"https:\/\/help.jamk.fi\/saapuvien-vaihto-opiskelijoiden-opintotarjonta\/#website"},"datePublished":"2025-01-15T15:10:47+00:00","dateModified":"2025-04-03T10:58:54+00:00","breadcrumb":{"@id":"https:\/\/help.jamk.fi\/saapuvien-vaihto-opiskelijoiden-opintotarjonta\/miten-vaihto-opiskelijoiden-opintotarjonta-tehdaan\/#breadcrumb"},"inLanguage":"fi","potentialAction":[{"@type":"ReadAction","target":["https:\/\/help.jamk.fi\/saapuvien-vaihto-opiskelijoiden-opintotarjonta\/miten-vaihto-opiskelijoiden-opintotarjonta-tehdaan\/"]}]},{"@type":"BreadcrumbList","@id":"https:\/\/help.jamk.fi\/saapuvien-vaihto-opiskelijoiden-opintotarjonta\/miten-vaihto-opiskelijoiden-opintotarjonta-tehdaan\/#breadcrumb","itemListElement":[{"@type":"ListItem","position":1,"name":"Home","item":"https:\/\/help.jamk.fi\/saapuvien-vaihto-opiskelijoiden-opintotarjonta\/"},{"@type":"ListItem","position":2,"name":"Miten vaihto-opiskelijoiden opintotarjonta tehd\u00e4\u00e4n?"}]},{"@type":"WebSite","@id":"https:\/\/help.jamk.fi\/saapuvien-vaihto-opiskelijoiden-opintotarjonta\/#website","url":"https:\/\/help.jamk.fi\/saapuvien-vaihto-opiskelijoiden-opintotarjonta\/","name":"Course offerings for incoming exchange students","description":"","potentialAction":[{"@type":"SearchAction","target":{"@type":"EntryPoint","urlTemplate":"https:\/\/help.jamk.fi\/saapuvien-vaihto-opiskelijoiden-opintotarjonta\/?s={search_term_string}"},"query-input":{"@type":"PropertyValueSpecification","valueRequired":true,"valueName":"search_term_string"}}],"inLanguage":"fi"}]}},"_links":{"self":[{"href":"https:\/\/help.jamk.fi\/saapuvien-vaihto-opiskelijoiden-opintotarjonta\/wp-json\/wp\/v2\/pages\/31","targetHints":{"allow":["GET"]}}],"collection":[{"href":"https:\/\/help.jamk.fi\/saapuvien-vaihto-opiskelijoiden-opintotarjonta\/wp-json\/wp\/v2\/pages"}],"about":[{"href":"https:\/\/help.jamk.fi\/saapuvien-vaihto-opiskelijoiden-opintotarjonta\/wp-json\/wp\/v2\/types\/page"}],"author":[{"embeddable":true,"href":"https:\/\/help.jamk.fi\/saapuvien-vaihto-opiskelijoiden-opintotarjonta\/wp-json\/wp\/v2\/users\/81"}],"replies":[{"embeddable":true,"href":"https:\/\/help.jamk.fi\/saapuvien-vaihto-opiskelijoiden-opintotarjonta\/wp-json\/wp\/v2\/comments?post=31"}],"version-history":[{"count":20,"href":"https:\/\/help.jamk.fi\/saapuvien-vaihto-opiskelijoiden-opintotarjonta\/wp-json\/wp\/v2\/pages\/31\/revisions"}],"predecessor-version":[{"id":74,"href":"https:\/\/help.jamk.fi\/saapuvien-vaihto-opiskelijoiden-opintotarjonta\/wp-json\/wp\/v2\/pages\/31\/revisions\/74"}],"wp:attachment":[{"href":"https:\/\/help.jamk.fi\/saapuvien-vaihto-opiskelijoiden-opintotarjonta\/wp-json\/wp\/v2\/media?parent=31"}],"wp:term":[{"taxonomy":"category","embeddable":true,"href":"https:\/\/help.jamk.fi\/saapuvien-vaihto-opiskelijoiden-opintotarjonta\/wp-json\/wp\/v2\/categories?post=31"},{"taxonomy":"post_tag","embeddable":true,"href":"https:\/\/help.jamk.fi\/saapuvien-vaihto-opiskelijoiden-opintotarjonta\/wp-json\/wp\/v2\/tags?post=31"}],"curies":[{"name":"wp","href":"https:\/\/api.w.org\/{rel}","templated":true}]}}