{"id":48,"date":"2025-01-15T15:11:52","date_gmt":"2025-01-15T15:11:52","guid":{"rendered":"https:\/\/help.jamk.fi\/saapuvien-vaihto-opiskelijoiden-opintotarjonta\/?page_id=48"},"modified":"2025-01-15T15:15:25","modified_gmt":"2025-01-15T15:15:25","slug":"miten-tehdaan-maksullisten-opintopakettien-tarjonta","status":"publish","type":"page","link":"https:\/\/help.jamk.fi\/saapuvien-vaihto-opiskelijoiden-opintotarjonta\/miten-tehdaan-maksullisten-opintopakettien-tarjonta\/","title":{"rendered":"Miten tehd\u00e4\u00e4n maksullisten opintopakettien tarjonta?"},"content":{"rendered":"\n<p>Exchange Studies -erilliset opintokokonaisuudet on suunnattu ja tarkoitettu vain liikkuvuusohjelmien ja -sopimusten kautta Jamkiin maksuttomille vaihtojaksoille saapuville vaihto-opiskelijoille. Esimerkiksi opintokokonaisuuksien taustatiedot ovat sen mukaiset.<\/p>\n\n\n\n<p>Jos yksik\u00f6ll\u00e4\/ohjelmalla on maksullisia\/tietylle ryhm\u00e4lle r\u00e4\u00e4t\u00e4l\u00f6ityj\u00e4 opintopaketteja, kannattaa harkita tekeek\u00f6 yksikk\u00f6 n\u00e4ist\u00e4 Peppiin omat erilliset opintokokonaisuutensa. T\u00e4m\u00e4 on j\u00e4rkev\u00e4\u00e4 silloin, jos opintopaketin tarjonnan on oltava netiss\u00e4 pakettiin saapuvien opiskelijoiden\/partnereiden selattavissa eik\u00e4 sit\u00e4 ole rakennettu jonnekin toisaalle. HUOM: Pepin erilliset opintokokonaisuudet mahdollistaa vain tarjonnan esitt\u00e4misen, ei ilmoittautumista, opiskelijahallintoa, maksujen ker\u00e4\u00e4mist\u00e4 jne.<\/p>\n\n\n\n<p>Vaihto-opiskelijoiden erillisiin opintokokonaisuuksiin voi toki sis\u00e4llytt\u00e4\u00e4 sellaisia maksullisten\/r\u00e4\u00e4t\u00e4l\u00f6ityjen pakettien opintojaksoja, joille vaihto-opiskelijatkin saavat maksutta osallistua. Kokonaista pakettia ei tule kuitenkaan rakentaa vaihto-opiskelijoiden erillisten opintokokonaisuuksien sis\u00e4lle. N\u00e4in varmistetaan sek\u00e4 vaihto-opiskelijoille, ett\u00e4 r\u00e4\u00e4t\u00e4l\u00f6ityihin opintopaketteihin saapuville annettavan taustatiedon sek\u00e4 opintotarjonnan oikeellisuus erilaiset kohderyhm\u00e4t huomioiden.<\/p>\n","protected":false},"excerpt":{"rendered":"<p>Exchange Studies -erilliset opintokokonaisuudet on suunnattu ja tarkoitettu vain liikkuvuusohjelmien ja -sopimusten kautta Jamkiin maksuttomille vaihtojaksoille saapuville vaihto-opiskelijoille. Esimerkiksi opintokokonaisuuksien taustatiedot ovat sen mukaiset. Jos yksik\u00f6ll\u00e4\/ohjelmalla on maksullisia\/tietylle ryhm\u00e4lle r\u00e4\u00e4t\u00e4l\u00f6ityj\u00e4 opintopaketteja, kannattaa harkita tekeek\u00f6 yksikk\u00f6 n\u00e4ist\u00e4 Peppiin omat erilliset opintokokonaisuutensa. T\u00e4m\u00e4 on j\u00e4rkev\u00e4\u00e4 silloin, jos opintopaketin tarjonnan on oltava netiss\u00e4 pakettiin saapuvien opiskelijoiden\/partnereiden selattavissa eik\u00e4 [&hellip;]<\/p>\n","protected":false},"author":81,"featured_media":0,"parent":0,"menu_order":4,"comment_status":"closed","ping_status":"closed","template":"","meta":{"_acf_changed":false,"_relevanssi_hide_post":"","_relevanssi_hide_content":"","_relevanssi_pin_for_all":"","_relevanssi_pin_keywords":"","_relevanssi_unpin_keywords":"","_relevanssi_related_keywords":"","_relevanssi_related_include_ids":"","_relevanssi_related_exclude_ids":"","_relevanssi_related_no_append":"","_relevanssi_related_not_related":"","_relevanssi_related_posts":"1","_relevanssi_noindex_reason":"","footnotes":""},"categories":[],"tags":[],"class_list":["post-48","page","type-page","status-publish","hentry"],"acf":[],"yoast_head":"<!-- This site is optimized with the Yoast SEO plugin v27.4 - https:\/\/yoast.com\/product\/yoast-seo-wordpress\/ -->\n<title>Miten tehd\u00e4\u00e4n maksullisten opintopakettien tarjonta? - Course offerings for incoming exchange students<\/title>\n<meta name=\"robots\" content=\"index, follow, max-snippet:-1, max-image-preview:large, max-video-preview:-1\" \/>\n<link rel=\"canonical\" href=\"https:\/\/help.jamk.fi\/saapuvien-vaihto-opiskelijoiden-opintotarjonta\/miten-tehdaan-maksullisten-opintopakettien-tarjonta\/\" \/>\n<meta property=\"og:locale\" content=\"fi_FI\" \/>\n<meta property=\"og:type\" content=\"article\" \/>\n<meta property=\"og:title\" content=\"Miten tehd\u00e4\u00e4n maksullisten opintopakettien tarjonta? - Course offerings for incoming exchange students\" \/>\n<meta property=\"og:description\" content=\"Exchange Studies -erilliset opintokokonaisuudet on suunnattu ja tarkoitettu vain liikkuvuusohjelmien ja -sopimusten kautta Jamkiin maksuttomille vaihtojaksoille saapuville vaihto-opiskelijoille. Esimerkiksi opintokokonaisuuksien taustatiedot ovat sen mukaiset. Jos yksik\u00f6ll\u00e4\/ohjelmalla on maksullisia\/tietylle ryhm\u00e4lle r\u00e4\u00e4t\u00e4l\u00f6ityj\u00e4 opintopaketteja, kannattaa harkita tekeek\u00f6 yksikk\u00f6 n\u00e4ist\u00e4 Peppiin omat erilliset opintokokonaisuutensa. T\u00e4m\u00e4 on j\u00e4rkev\u00e4\u00e4 silloin, jos opintopaketin tarjonnan on oltava netiss\u00e4 pakettiin saapuvien opiskelijoiden\/partnereiden selattavissa eik\u00e4 [&hellip;]\" \/>\n<meta property=\"og:url\" content=\"https:\/\/help.jamk.fi\/saapuvien-vaihto-opiskelijoiden-opintotarjonta\/miten-tehdaan-maksullisten-opintopakettien-tarjonta\/\" \/>\n<meta property=\"og:site_name\" content=\"Course offerings for incoming exchange students\" \/>\n<meta property=\"article:modified_time\" content=\"2025-01-15T15:15:25+00:00\" \/>\n<meta name=\"twitter:card\" content=\"summary_large_image\" \/>\n<meta name=\"twitter:label1\" content=\"Arvioitu lukuaika\" \/>\n\t<meta name=\"twitter:data1\" content=\"1 minuutti\" \/>\n<script type=\"application\/ld+json\" class=\"yoast-schema-graph\">{\"@context\":\"https:\\\/\\\/schema.org\",\"@graph\":[{\"@type\":\"WebPage\",\"@id\":\"https:\\\/\\\/help.jamk.fi\\\/saapuvien-vaihto-opiskelijoiden-opintotarjonta\\\/miten-tehdaan-maksullisten-opintopakettien-tarjonta\\\/\",\"url\":\"https:\\\/\\\/help.jamk.fi\\\/saapuvien-vaihto-opiskelijoiden-opintotarjonta\\\/miten-tehdaan-maksullisten-opintopakettien-tarjonta\\\/\",\"name\":\"Miten tehd\u00e4\u00e4n maksullisten opintopakettien tarjonta? - Course offerings for incoming exchange students\",\"isPartOf\":{\"@id\":\"https:\\\/\\\/help.jamk.fi\\\/saapuvien-vaihto-opiskelijoiden-opintotarjonta\\\/#website\"},\"datePublished\":\"2025-01-15T15:11:52+00:00\",\"dateModified\":\"2025-01-15T15:15:25+00:00\",\"breadcrumb\":{\"@id\":\"https:\\\/\\\/help.jamk.fi\\\/saapuvien-vaihto-opiskelijoiden-opintotarjonta\\\/miten-tehdaan-maksullisten-opintopakettien-tarjonta\\\/#breadcrumb\"},\"inLanguage\":\"fi\",\"potentialAction\":[{\"@type\":\"ReadAction\",\"target\":[\"https:\\\/\\\/help.jamk.fi\\\/saapuvien-vaihto-opiskelijoiden-opintotarjonta\\\/miten-tehdaan-maksullisten-opintopakettien-tarjonta\\\/\"]}]},{\"@type\":\"BreadcrumbList\",\"@id\":\"https:\\\/\\\/help.jamk.fi\\\/saapuvien-vaihto-opiskelijoiden-opintotarjonta\\\/miten-tehdaan-maksullisten-opintopakettien-tarjonta\\\/#breadcrumb\",\"itemListElement\":[{\"@type\":\"ListItem\",\"position\":1,\"name\":\"Home\",\"item\":\"https:\\\/\\\/help.jamk.fi\\\/saapuvien-vaihto-opiskelijoiden-opintotarjonta\\\/\"},{\"@type\":\"ListItem\",\"position\":2,\"name\":\"Miten tehd\u00e4\u00e4n maksullisten opintopakettien tarjonta?\"}]},{\"@type\":\"WebSite\",\"@id\":\"https:\\\/\\\/help.jamk.fi\\\/saapuvien-vaihto-opiskelijoiden-opintotarjonta\\\/#website\",\"url\":\"https:\\\/\\\/help.jamk.fi\\\/saapuvien-vaihto-opiskelijoiden-opintotarjonta\\\/\",\"name\":\"Course offerings for incoming exchange students\",\"description\":\"\",\"potentialAction\":[{\"@type\":\"SearchAction\",\"target\":{\"@type\":\"EntryPoint\",\"urlTemplate\":\"https:\\\/\\\/help.jamk.fi\\\/saapuvien-vaihto-opiskelijoiden-opintotarjonta\\\/?s={search_term_string}\"},\"query-input\":{\"@type\":\"PropertyValueSpecification\",\"valueRequired\":true,\"valueName\":\"search_term_string\"}}],\"inLanguage\":\"fi\"}]}<\/script>\n<!-- \/ Yoast SEO plugin. -->","yoast_head_json":{"title":"Miten tehd\u00e4\u00e4n maksullisten opintopakettien tarjonta? - Course offerings for incoming exchange students","robots":{"index":"index","follow":"follow","max-snippet":"max-snippet:-1","max-image-preview":"max-image-preview:large","max-video-preview":"max-video-preview:-1"},"canonical":"https:\/\/help.jamk.fi\/saapuvien-vaihto-opiskelijoiden-opintotarjonta\/miten-tehdaan-maksullisten-opintopakettien-tarjonta\/","og_locale":"fi_FI","og_type":"article","og_title":"Miten tehd\u00e4\u00e4n maksullisten opintopakettien tarjonta? - Course offerings for incoming exchange students","og_description":"Exchange Studies -erilliset opintokokonaisuudet on suunnattu ja tarkoitettu vain liikkuvuusohjelmien ja -sopimusten kautta Jamkiin maksuttomille vaihtojaksoille saapuville vaihto-opiskelijoille. Esimerkiksi opintokokonaisuuksien taustatiedot ovat sen mukaiset. Jos yksik\u00f6ll\u00e4\/ohjelmalla on maksullisia\/tietylle ryhm\u00e4lle r\u00e4\u00e4t\u00e4l\u00f6ityj\u00e4 opintopaketteja, kannattaa harkita tekeek\u00f6 yksikk\u00f6 n\u00e4ist\u00e4 Peppiin omat erilliset opintokokonaisuutensa. T\u00e4m\u00e4 on j\u00e4rkev\u00e4\u00e4 silloin, jos opintopaketin tarjonnan on oltava netiss\u00e4 pakettiin saapuvien opiskelijoiden\/partnereiden selattavissa eik\u00e4 [&hellip;]","og_url":"https:\/\/help.jamk.fi\/saapuvien-vaihto-opiskelijoiden-opintotarjonta\/miten-tehdaan-maksullisten-opintopakettien-tarjonta\/","og_site_name":"Course offerings for incoming exchange students","article_modified_time":"2025-01-15T15:15:25+00:00","twitter_card":"summary_large_image","twitter_misc":{"Arvioitu lukuaika":"1 minuutti"},"schema":{"@context":"https:\/\/schema.org","@graph":[{"@type":"WebPage","@id":"https:\/\/help.jamk.fi\/saapuvien-vaihto-opiskelijoiden-opintotarjonta\/miten-tehdaan-maksullisten-opintopakettien-tarjonta\/","url":"https:\/\/help.jamk.fi\/saapuvien-vaihto-opiskelijoiden-opintotarjonta\/miten-tehdaan-maksullisten-opintopakettien-tarjonta\/","name":"Miten tehd\u00e4\u00e4n maksullisten opintopakettien tarjonta? - Course offerings for incoming exchange students","isPartOf":{"@id":"https:\/\/help.jamk.fi\/saapuvien-vaihto-opiskelijoiden-opintotarjonta\/#website"},"datePublished":"2025-01-15T15:11:52+00:00","dateModified":"2025-01-15T15:15:25+00:00","breadcrumb":{"@id":"https:\/\/help.jamk.fi\/saapuvien-vaihto-opiskelijoiden-opintotarjonta\/miten-tehdaan-maksullisten-opintopakettien-tarjonta\/#breadcrumb"},"inLanguage":"fi","potentialAction":[{"@type":"ReadAction","target":["https:\/\/help.jamk.fi\/saapuvien-vaihto-opiskelijoiden-opintotarjonta\/miten-tehdaan-maksullisten-opintopakettien-tarjonta\/"]}]},{"@type":"BreadcrumbList","@id":"https:\/\/help.jamk.fi\/saapuvien-vaihto-opiskelijoiden-opintotarjonta\/miten-tehdaan-maksullisten-opintopakettien-tarjonta\/#breadcrumb","itemListElement":[{"@type":"ListItem","position":1,"name":"Home","item":"https:\/\/help.jamk.fi\/saapuvien-vaihto-opiskelijoiden-opintotarjonta\/"},{"@type":"ListItem","position":2,"name":"Miten tehd\u00e4\u00e4n maksullisten opintopakettien tarjonta?"}]},{"@type":"WebSite","@id":"https:\/\/help.jamk.fi\/saapuvien-vaihto-opiskelijoiden-opintotarjonta\/#website","url":"https:\/\/help.jamk.fi\/saapuvien-vaihto-opiskelijoiden-opintotarjonta\/","name":"Course offerings for incoming exchange students","description":"","potentialAction":[{"@type":"SearchAction","target":{"@type":"EntryPoint","urlTemplate":"https:\/\/help.jamk.fi\/saapuvien-vaihto-opiskelijoiden-opintotarjonta\/?s={search_term_string}"},"query-input":{"@type":"PropertyValueSpecification","valueRequired":true,"valueName":"search_term_string"}}],"inLanguage":"fi"}]}},"_links":{"self":[{"href":"https:\/\/help.jamk.fi\/saapuvien-vaihto-opiskelijoiden-opintotarjonta\/wp-json\/wp\/v2\/pages\/48","targetHints":{"allow":["GET"]}}],"collection":[{"href":"https:\/\/help.jamk.fi\/saapuvien-vaihto-opiskelijoiden-opintotarjonta\/wp-json\/wp\/v2\/pages"}],"about":[{"href":"https:\/\/help.jamk.fi\/saapuvien-vaihto-opiskelijoiden-opintotarjonta\/wp-json\/wp\/v2\/types\/page"}],"author":[{"embeddable":true,"href":"https:\/\/help.jamk.fi\/saapuvien-vaihto-opiskelijoiden-opintotarjonta\/wp-json\/wp\/v2\/users\/81"}],"replies":[{"embeddable":true,"href":"https:\/\/help.jamk.fi\/saapuvien-vaihto-opiskelijoiden-opintotarjonta\/wp-json\/wp\/v2\/comments?post=48"}],"version-history":[{"count":4,"href":"https:\/\/help.jamk.fi\/saapuvien-vaihto-opiskelijoiden-opintotarjonta\/wp-json\/wp\/v2\/pages\/48\/revisions"}],"predecessor-version":[{"id":60,"href":"https:\/\/help.jamk.fi\/saapuvien-vaihto-opiskelijoiden-opintotarjonta\/wp-json\/wp\/v2\/pages\/48\/revisions\/60"}],"wp:attachment":[{"href":"https:\/\/help.jamk.fi\/saapuvien-vaihto-opiskelijoiden-opintotarjonta\/wp-json\/wp\/v2\/media?parent=48"}],"wp:term":[{"taxonomy":"category","embeddable":true,"href":"https:\/\/help.jamk.fi\/saapuvien-vaihto-opiskelijoiden-opintotarjonta\/wp-json\/wp\/v2\/categories?post=48"},{"taxonomy":"post_tag","embeddable":true,"href":"https:\/\/help.jamk.fi\/saapuvien-vaihto-opiskelijoiden-opintotarjonta\/wp-json\/wp\/v2\/tags?post=48"}],"curies":[{"name":"wp","href":"https:\/\/api.w.org\/{rel}","templated":true}]}}