{"id":8,"date":"2024-11-18T12:47:23","date_gmt":"2024-11-18T12:47:23","guid":{"rendered":"https:\/\/help.jamk.fi\/saapuvien-vaihto-opiskelijoiden-opintotarjonta\/?page_id=8"},"modified":"2025-04-03T14:05:17","modified_gmt":"2025-04-03T14:05:17","slug":"saapuvien-vaihto-opiskelijoiden-opintotarjonta","status":"publish","type":"page","link":"https:\/\/help.jamk.fi\/saapuvien-vaihto-opiskelijoiden-opintotarjonta\/","title":{"rendered":"Saapuvien vaihto-opiskelijoiden opintotarjonta"},"content":{"rendered":"\n<p><\/p>\n\n\n\n<p>T\u00e4ll\u00e4 sivustolla l\u00f6yd\u00e4t kootusti tietoa sek\u00e4 ohjeita saapuvien vaihto-opiskelijoiden opintotarjontaan liittyen, mm.<\/p>\n\n\n\n<ul class=\"wp-block-list\">\n<li>kuinka paljon tarjontaa tulisi olla ja miksi<\/li>\n\n\n\n<li>kuka tarjonnan tekee<\/li>\n\n\n\n<li>mihin tarjonta tehd\u00e4\u00e4n ja miss\u00e4 se julkaistaan<\/li>\n\n\n\n<li>miten tarjonta k\u00e4yt\u00e4nn\u00f6ss\u00e4 tehd\u00e4\u00e4n<\/li>\n<\/ul>\n\n\n\n<p><\/p>\n\n\n<div id=\"contact-card-block_38feead3a2ad9452e45e9cbb6c22cc91\" class=\"contact-card block-contact-card\">\n  <div class=\"row\">\n                  <div class=\"col-12 col-lg-6 block-contact-card__column\">\n          <div class=\"block-contact-card__item\">\n            <h3 class=\"block-contact-card__item--heading\">Lis\u00e4tietoja<\/h3>\n            <div class=\"block-contact-card__item--content\">\n              <p>T\u00e4t\u00e4 sivustoa yll\u00e4pit\u00e4\u00e4 Jamkin kansainv\u00e4listymispalvelut. Mik\u00e4li tarvitset lis\u00e4\u00e4 apua saapuvien vaihto-opiskelijoiden opintotarjontaan liittyen tai huomaat ohjeissa puutteita tai muuta korjattavaa, niin olethan matalalla kynnyksell\u00e4 yhteyksiss\u00e4!<\/p>\n<p>L\u00f6yd\u00e4t kansainv\u00e4listymispalveluiden yhteystiedot Elmo intrasta, tai j\u00e4t\u00e4 palvelupyynt\u00f6 t\u00e4\u00e4ll\u00e4 help-sivustolla.<\/p>\n            <\/div>\n                          <a class=\"small-text-button-icon\" href=\"https:\/\/jamkstudent.sharepoint.com\/sites\/Kansainvalisyys-Elmo\" target=\"_self\" >Kansainv\u00e4listymispalvelut Elmossa<i  ><svg aria-hidden=\"true\" viewBox=\"0 0 4 7\" fill=\"none\" xmlns=\"http:\/\/www.w3.org\/2000\/svg\"><path d=\"M1.696 7H0l2.208-3.312L0 .376h1.696l2.208 3.312L1.696 7z\" fill=\"#0D004C\"\/><\/svg><\/i><\/a>\n                      <\/div>\n        <\/div>\n            <\/div>\n<\/div>\n\n\n<p><\/p>\n","protected":false},"excerpt":{"rendered":"<p>T\u00e4ll\u00e4 sivustolla l\u00f6yd\u00e4t kootusti tietoa sek\u00e4 ohjeita saapuvien vaihto-opiskelijoiden opintotarjontaan liittyen, mm.<\/p>\n","protected":false},"author":66,"featured_media":0,"parent":0,"menu_order":0,"comment_status":"closed","ping_status":"closed","template":"","meta":{"_acf_changed":false,"_relevanssi_hide_post":"","_relevanssi_hide_content":"","_relevanssi_pin_for_all":"","_relevanssi_pin_keywords":"","_relevanssi_unpin_keywords":"","_relevanssi_related_keywords":"","_relevanssi_related_include_ids":"","_relevanssi_related_exclude_ids":"","_relevanssi_related_no_append":"","_relevanssi_related_not_related":"","_relevanssi_related_posts":"1","_relevanssi_noindex_reason":"","footnotes":""},"categories":[],"tags":[],"class_list":["post-8","page","type-page","status-publish","hentry"],"acf":[],"yoast_head":"<!-- This site is optimized with the Yoast SEO plugin v27.4 - https:\/\/yoast.com\/product\/yoast-seo-wordpress\/ -->\n<title>Saapuvien vaihto-opiskelijoiden opintotarjonta - Course offerings for incoming exchange students<\/title>\n<meta name=\"description\" content=\"T\u00e4ll\u00e4 sivustolla l\u00f6yd\u00e4t kootusti tietoa sek\u00e4 ohjeita Jamkiin saapuvien vaihto-opiskelijoiden opintotarjontaan liittyen\" \/>\n<meta name=\"robots\" content=\"index, follow, max-snippet:-1, max-image-preview:large, max-video-preview:-1\" \/>\n<link rel=\"canonical\" href=\"https:\/\/help.jamk.fi\/saapuvien-vaihto-opiskelijoiden-opintotarjonta\/\" \/>\n<meta property=\"og:locale\" content=\"fi_FI\" \/>\n<meta property=\"og:type\" content=\"article\" \/>\n<meta property=\"og:title\" content=\"Saapuvien vaihto-opiskelijoiden opintotarjonta - Course offerings for incoming exchange students\" \/>\n<meta property=\"og:description\" content=\"T\u00e4ll\u00e4 sivustolla l\u00f6yd\u00e4t kootusti tietoa sek\u00e4 ohjeita Jamkiin saapuvien vaihto-opiskelijoiden opintotarjontaan liittyen\" \/>\n<meta property=\"og:url\" content=\"https:\/\/help.jamk.fi\/saapuvien-vaihto-opiskelijoiden-opintotarjonta\/\" \/>\n<meta property=\"og:site_name\" content=\"Course offerings for incoming exchange students\" \/>\n<meta property=\"article:modified_time\" content=\"2025-04-03T14:05:17+00:00\" \/>\n<meta name=\"twitter:card\" content=\"summary_large_image\" \/>\n<meta name=\"twitter:label1\" content=\"Arvioitu lukuaika\" \/>\n\t<meta name=\"twitter:data1\" content=\"1 minuutti\" \/>\n<script type=\"application\/ld+json\" class=\"yoast-schema-graph\">{\"@context\":\"https:\\\/\\\/schema.org\",\"@graph\":[{\"@type\":\"WebPage\",\"@id\":\"https:\\\/\\\/help.jamk.fi\\\/saapuvien-vaihto-opiskelijoiden-opintotarjonta\\\/\",\"url\":\"https:\\\/\\\/help.jamk.fi\\\/saapuvien-vaihto-opiskelijoiden-opintotarjonta\\\/\",\"name\":\"Saapuvien vaihto-opiskelijoiden opintotarjonta - Course offerings for incoming exchange students\",\"isPartOf\":{\"@id\":\"https:\\\/\\\/help.jamk.fi\\\/saapuvien-vaihto-opiskelijoiden-opintotarjonta\\\/#website\"},\"datePublished\":\"2024-11-18T12:47:23+00:00\",\"dateModified\":\"2025-04-03T14:05:17+00:00\",\"description\":\"T\u00e4ll\u00e4 sivustolla l\u00f6yd\u00e4t kootusti tietoa sek\u00e4 ohjeita Jamkiin saapuvien vaihto-opiskelijoiden opintotarjontaan liittyen\",\"breadcrumb\":{\"@id\":\"https:\\\/\\\/help.jamk.fi\\\/saapuvien-vaihto-opiskelijoiden-opintotarjonta\\\/#breadcrumb\"},\"inLanguage\":\"fi\",\"potentialAction\":[{\"@type\":\"ReadAction\",\"target\":[\"https:\\\/\\\/help.jamk.fi\\\/saapuvien-vaihto-opiskelijoiden-opintotarjonta\\\/\"]}]},{\"@type\":\"BreadcrumbList\",\"@id\":\"https:\\\/\\\/help.jamk.fi\\\/saapuvien-vaihto-opiskelijoiden-opintotarjonta\\\/#breadcrumb\",\"itemListElement\":[{\"@type\":\"ListItem\",\"position\":1,\"name\":\"Home\",\"item\":\"https:\\\/\\\/help.jamk.fi\\\/saapuvien-vaihto-opiskelijoiden-opintotarjonta\\\/\"},{\"@type\":\"ListItem\",\"position\":2,\"name\":\"Saapuvien vaihto-opiskelijoiden opintotarjonta\"}]},{\"@type\":\"WebSite\",\"@id\":\"https:\\\/\\\/help.jamk.fi\\\/saapuvien-vaihto-opiskelijoiden-opintotarjonta\\\/#website\",\"url\":\"https:\\\/\\\/help.jamk.fi\\\/saapuvien-vaihto-opiskelijoiden-opintotarjonta\\\/\",\"name\":\"Course offerings for incoming exchange students\",\"description\":\"\",\"potentialAction\":[{\"@type\":\"SearchAction\",\"target\":{\"@type\":\"EntryPoint\",\"urlTemplate\":\"https:\\\/\\\/help.jamk.fi\\\/saapuvien-vaihto-opiskelijoiden-opintotarjonta\\\/?s={search_term_string}\"},\"query-input\":{\"@type\":\"PropertyValueSpecification\",\"valueRequired\":true,\"valueName\":\"search_term_string\"}}],\"inLanguage\":\"fi\"}]}<\/script>\n<!-- \/ Yoast SEO plugin. -->","yoast_head_json":{"title":"Saapuvien vaihto-opiskelijoiden opintotarjonta - Course offerings for incoming exchange students","description":"T\u00e4ll\u00e4 sivustolla l\u00f6yd\u00e4t kootusti tietoa sek\u00e4 ohjeita Jamkiin saapuvien vaihto-opiskelijoiden opintotarjontaan liittyen","robots":{"index":"index","follow":"follow","max-snippet":"max-snippet:-1","max-image-preview":"max-image-preview:large","max-video-preview":"max-video-preview:-1"},"canonical":"https:\/\/help.jamk.fi\/saapuvien-vaihto-opiskelijoiden-opintotarjonta\/","og_locale":"fi_FI","og_type":"article","og_title":"Saapuvien vaihto-opiskelijoiden opintotarjonta - Course offerings for incoming exchange students","og_description":"T\u00e4ll\u00e4 sivustolla l\u00f6yd\u00e4t kootusti tietoa sek\u00e4 ohjeita Jamkiin saapuvien vaihto-opiskelijoiden opintotarjontaan liittyen","og_url":"https:\/\/help.jamk.fi\/saapuvien-vaihto-opiskelijoiden-opintotarjonta\/","og_site_name":"Course offerings for incoming exchange students","article_modified_time":"2025-04-03T14:05:17+00:00","twitter_card":"summary_large_image","twitter_misc":{"Arvioitu lukuaika":"1 minuutti"},"schema":{"@context":"https:\/\/schema.org","@graph":[{"@type":"WebPage","@id":"https:\/\/help.jamk.fi\/saapuvien-vaihto-opiskelijoiden-opintotarjonta\/","url":"https:\/\/help.jamk.fi\/saapuvien-vaihto-opiskelijoiden-opintotarjonta\/","name":"Saapuvien vaihto-opiskelijoiden opintotarjonta - Course offerings for incoming exchange students","isPartOf":{"@id":"https:\/\/help.jamk.fi\/saapuvien-vaihto-opiskelijoiden-opintotarjonta\/#website"},"datePublished":"2024-11-18T12:47:23+00:00","dateModified":"2025-04-03T14:05:17+00:00","description":"T\u00e4ll\u00e4 sivustolla l\u00f6yd\u00e4t kootusti tietoa sek\u00e4 ohjeita Jamkiin saapuvien vaihto-opiskelijoiden opintotarjontaan liittyen","breadcrumb":{"@id":"https:\/\/help.jamk.fi\/saapuvien-vaihto-opiskelijoiden-opintotarjonta\/#breadcrumb"},"inLanguage":"fi","potentialAction":[{"@type":"ReadAction","target":["https:\/\/help.jamk.fi\/saapuvien-vaihto-opiskelijoiden-opintotarjonta\/"]}]},{"@type":"BreadcrumbList","@id":"https:\/\/help.jamk.fi\/saapuvien-vaihto-opiskelijoiden-opintotarjonta\/#breadcrumb","itemListElement":[{"@type":"ListItem","position":1,"name":"Home","item":"https:\/\/help.jamk.fi\/saapuvien-vaihto-opiskelijoiden-opintotarjonta\/"},{"@type":"ListItem","position":2,"name":"Saapuvien vaihto-opiskelijoiden opintotarjonta"}]},{"@type":"WebSite","@id":"https:\/\/help.jamk.fi\/saapuvien-vaihto-opiskelijoiden-opintotarjonta\/#website","url":"https:\/\/help.jamk.fi\/saapuvien-vaihto-opiskelijoiden-opintotarjonta\/","name":"Course offerings for incoming exchange students","description":"","potentialAction":[{"@type":"SearchAction","target":{"@type":"EntryPoint","urlTemplate":"https:\/\/help.jamk.fi\/saapuvien-vaihto-opiskelijoiden-opintotarjonta\/?s={search_term_string}"},"query-input":{"@type":"PropertyValueSpecification","valueRequired":true,"valueName":"search_term_string"}}],"inLanguage":"fi"}]}},"_links":{"self":[{"href":"https:\/\/help.jamk.fi\/saapuvien-vaihto-opiskelijoiden-opintotarjonta\/wp-json\/wp\/v2\/pages\/8","targetHints":{"allow":["GET"]}}],"collection":[{"href":"https:\/\/help.jamk.fi\/saapuvien-vaihto-opiskelijoiden-opintotarjonta\/wp-json\/wp\/v2\/pages"}],"about":[{"href":"https:\/\/help.jamk.fi\/saapuvien-vaihto-opiskelijoiden-opintotarjonta\/wp-json\/wp\/v2\/types\/page"}],"author":[{"embeddable":true,"href":"https:\/\/help.jamk.fi\/saapuvien-vaihto-opiskelijoiden-opintotarjonta\/wp-json\/wp\/v2\/users\/66"}],"replies":[{"embeddable":true,"href":"https:\/\/help.jamk.fi\/saapuvien-vaihto-opiskelijoiden-opintotarjonta\/wp-json\/wp\/v2\/comments?post=8"}],"version-history":[{"count":10,"href":"https:\/\/help.jamk.fi\/saapuvien-vaihto-opiskelijoiden-opintotarjonta\/wp-json\/wp\/v2\/pages\/8\/revisions"}],"predecessor-version":[{"id":92,"href":"https:\/\/help.jamk.fi\/saapuvien-vaihto-opiskelijoiden-opintotarjonta\/wp-json\/wp\/v2\/pages\/8\/revisions\/92"}],"wp:attachment":[{"href":"https:\/\/help.jamk.fi\/saapuvien-vaihto-opiskelijoiden-opintotarjonta\/wp-json\/wp\/v2\/media?parent=8"}],"wp:term":[{"taxonomy":"category","embeddable":true,"href":"https:\/\/help.jamk.fi\/saapuvien-vaihto-opiskelijoiden-opintotarjonta\/wp-json\/wp\/v2\/categories?post=8"},{"taxonomy":"post_tag","embeddable":true,"href":"https:\/\/help.jamk.fi\/saapuvien-vaihto-opiskelijoiden-opintotarjonta\/wp-json\/wp\/v2\/tags?post=8"}],"curies":[{"name":"wp","href":"https:\/\/api.w.org\/{rel}","templated":true}]}}