{"id":21,"date":"2020-09-04T11:56:23","date_gmt":"2020-09-04T08:56:23","guid":{"rendered":"https:\/\/help.jamk.fi\/sahkoinen-allekirjoitus\/asiakirjan-lataaminen\/"},"modified":"2024-01-05T16:53:05","modified_gmt":"2024-01-05T14:53:05","slug":"asiakirjan-lataaminen","status":"publish","type":"page","link":"https:\/\/help.jamk.fi\/sahkoinen-allekirjoitus\/fi\/asiakirjan-lataaminen\/","title":{"rendered":"Allekirjoituskierron k\u00e4ynnist\u00e4minen"},"content":{"rendered":"\n<h2 class=\"wp-block-heading\">Vaihe 1: Pyyd\u00e4 allekirjoituksia<\/h2>\n\n\n\n<p>Aloita allekirjoituspyynn\u00f6n l\u00e4hett\u00e4minen kohdasta \u201c<strong>L\u00e4het\u00e4 uusi allekirjoituspyynt\u00f6<\/strong>\u201d tai vasemmalta sivupalkista \u201d<strong>+Uusi pyynt\u00f6<\/strong>\u201d.<\/p>\n\n\n\n<figure class=\"wp-block-image size-large\"><img decoding=\"async\" src=\"https:\/\/help.jamk.fi\/sahkoinen-allekirjoitus\/wp-content\/uploads\/sites\/93\/2023\/07\/Uusi-pyynto_valikot-1024x372.jpg\" alt=\"\" class=\"wp-image-420\"\/><figcaption class=\"wp-element-caption\"><strong>Uuden allekirjoituskierron aloitus -painike<\/strong><\/figcaption><\/figure>\n\n\n\n<h2 class=\"wp-block-heading\">Vaihe 2. T\u00e4yt\u00e4 allekirjoituspyynn\u00f6n perustiedot ja lataa dokumentit<\/h2>\n\n\n\n<p>T\u00e4yt\u00e4 allekirjoituspyynn\u00f6n perustiedot: <\/p>\n\n\n\n<ul class=\"wp-block-list\">\n<li><strong>Anna allekirjoituspyynn\u00f6lle aina nimi<\/strong>. T\u00e4m\u00e4 n\u00e4kyy mm. vastaanottajan s\u00e4hk\u00f6postin otsakkeena ja toimii my\u00f6s hakum\u00e4\u00e4reen\u00e4 Signissa. <\/li>\n\n\n\n<li><strong>Aseta tarvittaessa m\u00e4\u00e4r\u00e4aika<\/strong>, johon menness\u00e4 allekirjoitus on teht\u00e4v\u00e4.<\/li>\n\n\n\n<li><strong>M\u00e4\u00e4rit\u00e4 tarvittaessa muistutusviesti,<\/strong> joka l\u00e4hetet\u00e4\u00e4n automaattisesti ennen m\u00e4\u00e4r\u00e4ajan p\u00e4\u00e4ttymist\u00e4 niille allekirjoittajille, jotka eiv\u00e4t ole viel\u00e4 asiakirjaa allekirjoittaneet.<\/li>\n\n\n\n<li><strong>Valitse, yhdist\u00e4\u00e4k\u00f6 Sign allekirjoitetut tiedostot<\/strong>: allekirjoitetaanko kaikki allekirjoituskierrolle lis\u00e4tyt tiedostot erillisin\u00e4 tiedostoina, vai yhdistet\u00e4\u00e4nk\u00f6 ne allekirjoituksen j\u00e4lkeen yhdeksi PDF-tiedostoksi. HUOM! Mik\u00e4li valitset yhdist\u00e4misen, tiedostoja ei en\u00e4\u00e4 allekirjoittamisen j\u00e4lkeen pysty irrottamaan toisistaan ilman, ett\u00e4 s\u00e4hk\u00f6isen allekirjoituksen sinetti hajoaa.<\/li>\n\n\n\n<li><strong>Luottamuksellisuus-valikossa k\u00e4ytet\u00e4\u00e4n Jamkissa aina valintaa &#8221;Ei m\u00e4\u00e4ritetty&#8221;<\/strong>, silloinkin kun allekirjoitettava asiakirja on salassa pidett\u00e4v\u00e4.<\/li>\n\n\n\n<li><strong>Aseta haluttu tunnistautumistapa <\/strong>allekirjoittajille. L\u00e4ht\u00f6kohtaisesti k\u00e4ytet\u00e4\u00e4n valintaa &#8221;Allekirjoittajat voivat vapaasti valita tunnistautumistavan&#8221;. Niiss\u00e4 tapauksissa, kun allekirjoittajalta tarvitaan vahvaa tunnistautumista, k\u00e4ytet\u00e4\u00e4n valintaa &#8221;Mobiilivarmenne tai pankkitunnus (NETS)&#8221;.<\/li>\n\n\n\n<li><strong>lataa dokumentit<\/strong>, jotka haluat allekirjoitettavaksi, sek\u00e4 mahdolliset liitteet. Voit dokumenttia lis\u00e4tess\u00e4si valita, haluatko lis\u00e4tyn dokumentin allekirjoitettavaksi (Allekirjoitettavat-laatikko) vai liitteeksi (Liitteet-laatikko; liitteit\u00e4 ei allekirjoiteta).<\/li>\n<\/ul>\n\n\n\n<p><\/p>\n\n\n\n<figure class=\"wp-block-image size-large\"><img loading=\"lazy\" decoding=\"async\" width=\"1024\" height=\"780\" src=\"https:\/\/help.jamk.fi\/sahkoinen-allekirjoitus\/wp-content\/uploads\/sites\/93\/2023\/12\/Jamk-Sign-kierron-kaynnistys-vaihe-2-1024x780.jpg\" alt=\"Jamk Signin allekirjoituskierron k\u00e4ynnist\u00e4minen: perustietojen t\u00e4ytt\u00e4minen\" class=\"wp-image-481\" srcset=\"https:\/\/help.jamk.fi\/sahkoinen-allekirjoitus\/wp-content\/uploads\/sites\/93\/2023\/12\/Jamk-Sign-kierron-kaynnistys-vaihe-2-1024x780.jpg 1024w, https:\/\/help.jamk.fi\/sahkoinen-allekirjoitus\/wp-content\/uploads\/sites\/93\/2023\/12\/Jamk-Sign-kierron-kaynnistys-vaihe-2-300x228.jpg 300w, https:\/\/help.jamk.fi\/sahkoinen-allekirjoitus\/wp-content\/uploads\/sites\/93\/2023\/12\/Jamk-Sign-kierron-kaynnistys-vaihe-2-768x585.jpg 768w, https:\/\/help.jamk.fi\/sahkoinen-allekirjoitus\/wp-content\/uploads\/sites\/93\/2023\/12\/Jamk-Sign-kierron-kaynnistys-vaihe-2-1536x1170.jpg 1536w, https:\/\/help.jamk.fi\/sahkoinen-allekirjoitus\/wp-content\/uploads\/sites\/93\/2023\/12\/Jamk-Sign-kierron-kaynnistys-vaihe-2.jpg 1631w\" sizes=\"auto, (max-width: 1024px) 100vw, 1024px\" \/><figcaption class=\"wp-element-caption\"><strong>Uuden allekirjoituskierron perustietojen t\u00e4ytt\u00e4minen<\/strong><\/figcaption><\/figure>\n\n\n\n<h2 class=\"wp-block-heading\">Vaihe 3: Valitse vastaanottajat ja lis\u00e4\u00e4 saateviesti<\/h2>\n\n\n\n<p>Valitse vastaanottajat ja t\u00e4yt\u00e4 s\u00e4hk\u00f6postiosoitteet haluttujen valtuuksien kohdalle. <\/p>\n\n\n\n<ul class=\"wp-block-list\">\n<li><strong>Allekirjoittajat<\/strong>: Allekirjoittavat asiakirjat. Jamkin henkil\u00f6kuntaan kuuluvat allekirjoittajat l\u00f6ytyv\u00e4t automaattisesti k\u00e4ytt\u00e4j\u00e4hausta. Ulkopuolisille allekirjoittajille t\u00e4ytyy sy\u00f6tt\u00e4\u00e4 ensin s\u00e4hk\u00f6postiosoite, jonka j\u00e4lkeen avautuvaan tietokorttiin t\u00e4ytet\u00e4\u00e4n muut kyseisen Jamkin ulkopuolisen allekirjoittajan tiedot.<\/li>\n\n\n\n<li><strong>Asianhoitajat<\/strong>: Voivat hallita allekirjoituspyynt\u00f6\u00e4 sek\u00e4 seurata sen edistymist\u00e4.<\/li>\n\n\n\n<li><strong>Tiedoksisaajat<\/strong>: Pystyv\u00e4t vain lukemaan allekirjoituspyynn\u00f6n ja lataamaan allekirjoitetut asiakirjat.<\/li>\n<\/ul>\n\n\n\n<p>Ennustava sy\u00f6tt\u00f6 hakee j\u00e4rjestelm\u00e4\u00e4n jo aiemmin tallentamasi yhteystiedot. My\u00f6s kaikki henkil\u00f6st\u00f6\u00f6n kuuluvat jamkilaiset l\u00f6ytyv\u00e4t t\u00e4st\u00e4 valikosta.<\/p>\n\n\n\n<p>Lis\u00e4tty\u00e4si allekirjoittajat voit halutessasi m\u00e4\u00e4ritell\u00e4, miss\u00e4 j\u00e4rjestyksess\u00e4 heid\u00e4n t\u00e4ytyy allekirjoittaa kierrolle tuodut asiakirjat. T\u00e4m\u00e4 onnistuu raahaamalla Allekirjoittajien nimi -laatikoita haluttuun j\u00e4rjestykseen (etenemissuunta ylh\u00e4\u00e4lt\u00e4 alas p\u00e4in) ja valitsemalla viereen oikealle ilmestyv\u00e4st\u00e4 &#8221;Miss\u00e4 j\u00e4rjestyksess\u00e4 vastaanottajien tulee hyv\u00e4ksy\u00e4 pyynt\u00f6?&#8221; -valikosta valinnan &#8221;M\u00e4\u00e4r\u00e4tyss\u00e4 j\u00e4rjestyksess\u00e4&#8221;.<\/p>\n\n\n\n<figure class=\"wp-block-image size-large\"><img loading=\"lazy\" decoding=\"async\" width=\"1024\" height=\"560\" src=\"https:\/\/help.jamk.fi\/sahkoinen-allekirjoitus\/wp-content\/uploads\/sites\/93\/2023\/12\/Jamk-Sign-kierron-kaynnistys-vaihe-3-1024x560.jpg\" alt=\"Vastaanottajien tietojen asettaminen Jamk Signissa\" class=\"wp-image-485\" srcset=\"https:\/\/help.jamk.fi\/sahkoinen-allekirjoitus\/wp-content\/uploads\/sites\/93\/2023\/12\/Jamk-Sign-kierron-kaynnistys-vaihe-3-1024x560.jpg 1024w, https:\/\/help.jamk.fi\/sahkoinen-allekirjoitus\/wp-content\/uploads\/sites\/93\/2023\/12\/Jamk-Sign-kierron-kaynnistys-vaihe-3-300x164.jpg 300w, https:\/\/help.jamk.fi\/sahkoinen-allekirjoitus\/wp-content\/uploads\/sites\/93\/2023\/12\/Jamk-Sign-kierron-kaynnistys-vaihe-3-768x420.jpg 768w, https:\/\/help.jamk.fi\/sahkoinen-allekirjoitus\/wp-content\/uploads\/sites\/93\/2023\/12\/Jamk-Sign-kierron-kaynnistys-vaihe-3-1536x839.jpg 1536w, https:\/\/help.jamk.fi\/sahkoinen-allekirjoitus\/wp-content\/uploads\/sites\/93\/2023\/12\/Jamk-Sign-kierron-kaynnistys-vaihe-3.jpg 1645w\" sizes=\"auto, (max-width: 1024px) 100vw, 1024px\" \/><figcaption class=\"wp-element-caption\"><strong>Vastaanottajien tietojen asettaminen Jamk Signissa<\/strong><\/figcaption><\/figure>\n\n\n\n<p>Voit lis\u00e4ksi lis\u00e4t\u00e4 saateviestin allekirjoituspyynt\u00f6\u00f6n. Viesti ilmaantuu n\u00e4kym\u00e4\u00e4n allekirjoittajille, asianhoitajille ja tiedoksisaajille l\u00e4htev\u00e4\u00e4n s\u00e4hk\u00f6posti-ilmoitukseen uudesta saapuneesta allekirjoituspyynn\u00f6st\u00e4. Voit tallentaa saateviestin jatkok\u00e4ytt\u00f6\u00e4 varten profiilisi \u201dfraasiluetteloon\u201d. Voit my\u00f6s valita jo tallennetuista fraaseista valmiin saateviestin. Viestiss\u00e4 voit esimerkiksi ohjeistaa, halutaanko tunnistautuminen allekirjoittajan matkapuhelinnumeroon saapuvalla tekstiviestill\u00e4 vai mobiili- tai pankkitunnisteella.<\/p>\n\n\n\n<h3 class=\"wp-block-heading\">Uuden henkil\u00f6n tiedot<\/h3>\n\n\n\n<p>Jamkin henkil\u00f6kuntaan kuuluvien allekirjoittajien tiedot l\u00f6yd\u00e4t valittavaksi suoraan kent\u00e4n hakun\u00e4kym\u00e4st\u00e4 esimerkiksi kirjoittamalla kentt\u00e4\u00e4n henkil\u00f6n sukunimen. Kun lis\u00e4\u00e4t uuden Jamkin ulkopuolisen henkil\u00f6n allekirjoittajaksi ensimm\u00e4ist\u00e4 kertaa, kirjoita kentt\u00e4\u00e4n henkil\u00f6n s\u00e4hk\u00f6postiosoite kokonaan, ja klikkaa sitten kent\u00e4n alapuolelle ilmestyv\u00e4\u00e4 &#8221;Lis\u00e4\u00e4 kutsuk\u00e4ytt\u00e4j\u00e4&#8221;-painiketta. N\u00e4kym\u00e4 aukeaa \u201dLis\u00e4\u00e4 henkil\u00f6\u201d -taulukkoon, jolloin voit tallentaa lis\u00e4\u00e4 tietoja ohjelmaan kyseisest\u00e4 henkil\u00f6st\u00e4. Allekirjoittajan pakolliset tiedot ovat s\u00e4hk\u00f6postiosoite ja matkapuhelinnumero, mutta my\u00f6s muut tiedot on hyv\u00e4 t\u00e4ytt\u00e4\u00e4.<\/p>\n\n\n\n<p><strong>Huom! Henkil\u00f6n puhelinnumeron t\u00e4ytyy olla matkapuhelinnumero<\/strong>, koska k\u00e4ytett\u00e4ess\u00e4 SMS-koodi-tunnistautumista allekirjoittaja saa kyseiseen numeroon tunnistautumiseen tarvittavan PIN-koodin tekstiviestin\u00e4. Jos tallennat henkil\u00f6n tiedot, vastuullasi on huolehtia siit\u00e4, ett\u00e4 tiedot ovat ajan tasalla. Tietoja ei voi p\u00e4ivitt\u00e4\u00e4 keskitetysti eiv\u00e4tk\u00e4 ne ole muiden k\u00e4ytett\u00e4viss\u00e4. <\/p>\n\n\n\n<figure class=\"wp-block-image size-large\"><img decoding=\"async\" src=\"https:\/\/help.jamk.fi\/sahkoinen-allekirjoitus\/wp-content\/uploads\/sites\/93\/2023\/07\/Lisaa-henkilo-tiedot-nakyma.jpg\" alt=\"\" class=\"wp-image-425\"\/><\/figure>\n\n\n\n<h2 class=\"wp-block-heading\">Vaihe 4: Valitse allekirjoituksen asettelu<\/h2>\n\n\n\n<p>Valitse allekirjoitettavan dokumentin asettelu klikkaamalla ensin kyseist\u00e4 dokumenttia, mik\u00e4li olet ladannut kierrolle useampia allekirjoitettavia asiakirjoja. T\u00e4m\u00e4n j\u00e4lkeen voit valita, muodostaako Jamk Sign automaattisesti erillisen allekirjoitussivun asiakirjan loppuun (ensisijaisesti suositeltu vaihtoehto), vai haluatko itse m\u00e4\u00e4ritt\u00e4\u00e4 allekirjoituskent\u00e4t tiettyihin kohtiin asiakirjaa.<\/p>\n\n\n\n<h3 class=\"wp-block-heading\">Vaihtoehto 1. Erillinen allekirjoitussivu<\/h3>\n\n\n\n<p>Erillinen allekirjoitussivu tulee automaattisesti asiakirjan loppuun eik\u00e4 sille tarvitse j\u00e4tt\u00e4\u00e4 asiakirjan laatimisvaiheessa tyhj\u00e4\u00e4 tilaa. T\u00e4t\u00e4 valintaa suositellaan l\u00e4ht\u00f6kohtaisesti k\u00e4ytett\u00e4v\u00e4ksi Jamkin s\u00e4hk\u00f6isesti allekirjoitetuissa asiakirjoissa.<\/p>\n\n\n\n<p>Siirry seuraavaan vaiheeseen.<\/p>\n\n\n\n<figure class=\"wp-block-image size-large\"><img decoding=\"async\" src=\"https:\/\/help.jamk.fi\/sahkoinen-allekirjoitus\/wp-content\/uploads\/sites\/93\/2023\/07\/Allekirjoituksen-maarittaminen-1024x542.jpg\" alt=\"\" class=\"wp-image-426\"\/><\/figure>\n\n\n\n<h3 class=\"wp-block-heading\">Vaihtoehto 2. Lis\u00e4\u00e4 allekirjoituskent\u00e4t dokumenttiin k\u00e4sin<\/h3>\n\n\n\n<p>Jos lis\u00e4\u00e4t allekirjoituskent\u00e4t asiakirjaan itse, sen rakenne ei muutu. Allekirjoituskent\u00e4t tulee raahata ja pudottaa haluttuun kohtaan dokumentissa. T\u00e4m\u00e4n j\u00e4lkeen tuplaklikkaa lis\u00e4tty\u00e4 kentt\u00e4\u00e4 ja kohdista kentt\u00e4 oikeaan allekirjoittajaan. Lopuksi muista painaa \u201dtallenna\u201d, jotta allekirjoituskent\u00e4t tallentuvat. <\/p>\n\n\n\n<p>Ohessa mahdolliset lis\u00e4tt\u00e4v\u00e4t kent\u00e4t:<\/p>\n\n\n\n<ul class=\"wp-block-list\">\n<li>Allekirjoitus-kentt\u00e4<\/li>\n\n\n\n<li>Nimikirjaimet kullekin sivulle<\/li>\n\n\n\n<li>Nimi-kentt\u00e4<\/li>\n\n\n\n<li>Allekirjoituksen p\u00e4iv\u00e4m\u00e4\u00e4r\u00e4-kentt\u00e4<\/li>\n\n\n\n<li>S\u00e4hk\u00f6posti-kentt\u00e4<\/li>\n\n\n\n<li>Organisaatio-kentt\u00e4<\/li>\n\n\n\n<li>Allekirjoittajan titteli \/ teht\u00e4v\u00e4nimike-kentt\u00e4<\/li>\n\n\n\n<li>Teksti-kentt\u00e4<\/li>\n<\/ul>\n\n\n\n<figure class=\"wp-block-image size-large\"><img decoding=\"async\" src=\"https:\/\/help.jamk.fi\/sahkoinen-allekirjoitus\/wp-content\/uploads\/sites\/93\/2023\/07\/Allekirjoitussivu_kentata-1024x885.jpg\" alt=\"\" class=\"wp-image-427\"\/><\/figure>\n\n\n\n<h2 class=\"wp-block-heading\">Vaihe 5: Yhteenveto, tarkista tiedot ennen l\u00e4hetyst\u00e4<\/h2>\n\n\n\n<p>T\u00e4m\u00e4 osio on yhteenveto kaikista t\u00e4ytetyist\u00e4 tiedoista. Tarkista tiedot ja l\u00e4het\u00e4.<\/p>\n\n\n\n<p>Voit my\u00f6s halutessasi tallentaa allekirjoituspyynn\u00f6n luonnos-tilaisena rullaamalla takaisin selainn\u00e4kym\u00e4n yl\u00e4laitaan ja painamalla oikeassa yl\u00e4kulmassa n\u00e4kyv\u00e4\u00e4 &#8221;Tallenna ja poistu&#8221;-painiketta. T\u00e4m\u00e4n j\u00e4lkeen kyseinen viel\u00e4 l\u00e4hett\u00e4m\u00e4t\u00f6n allekirjoituspyynt\u00f6 l\u00f6ytyy vasemman sivuvalikon kohdasta &#8221;Allekirjoituspyynn\u00f6t&#8221;, ja sen takaa v\u00e4lilehdelt\u00e4 &#8221;Luonnokset&#8221;. Voit my\u00f6hemmin joko muokata luonnostilaista pyynt\u00f6\u00e4 n\u00e4kym\u00e4n kautta, tai poistaa sen.<\/p>\n\n\n\n<figure class=\"wp-block-image size-large\"><img loading=\"lazy\" decoding=\"async\" width=\"1024\" height=\"515\" src=\"https:\/\/help.jamk.fi\/sahkoinen-allekirjoitus\/wp-content\/uploads\/sites\/93\/2023\/12\/Jamk-Sign-kierron-kaynnistys-vaihe-4-1024x515.jpg\" alt=\"Jamk Signin allekirjoituskierron k\u00e4ynnistyksen yhteenveto-n\u00e4kym\u00e4\" class=\"wp-image-488\" srcset=\"https:\/\/help.jamk.fi\/sahkoinen-allekirjoitus\/wp-content\/uploads\/sites\/93\/2023\/12\/Jamk-Sign-kierron-kaynnistys-vaihe-4-1024x515.jpg 1024w, https:\/\/help.jamk.fi\/sahkoinen-allekirjoitus\/wp-content\/uploads\/sites\/93\/2023\/12\/Jamk-Sign-kierron-kaynnistys-vaihe-4-300x151.jpg 300w, https:\/\/help.jamk.fi\/sahkoinen-allekirjoitus\/wp-content\/uploads\/sites\/93\/2023\/12\/Jamk-Sign-kierron-kaynnistys-vaihe-4-768x386.jpg 768w, https:\/\/help.jamk.fi\/sahkoinen-allekirjoitus\/wp-content\/uploads\/sites\/93\/2023\/12\/Jamk-Sign-kierron-kaynnistys-vaihe-4-1536x772.jpg 1536w, https:\/\/help.jamk.fi\/sahkoinen-allekirjoitus\/wp-content\/uploads\/sites\/93\/2023\/12\/Jamk-Sign-kierron-kaynnistys-vaihe-4.jpg 1638w\" sizes=\"auto, (max-width: 1024px) 100vw, 1024px\" \/><figcaption class=\"wp-element-caption\"><strong>Jamk Signin allekirjoituskierron k\u00e4ynnistyksen yhteenveto-n\u00e4kym\u00e4<\/strong><\/figcaption><\/figure>\n","protected":false},"excerpt":{"rendered":"<p>Vaihe 1: Pyyd\u00e4 allekirjoituksia Aloita allekirjoituspyynn\u00f6n l\u00e4hett\u00e4minen kohdasta \u201cL\u00e4het\u00e4 uusi allekirjoituspyynt\u00f6\u201d tai vasemmalta sivupalkista \u201d+Uusi pyynt\u00f6\u201d. Vaihe 2. T\u00e4yt\u00e4 allekirjoituspyynn\u00f6n perustiedot ja lataa dokumentit T\u00e4yt\u00e4 allekirjoituspyynn\u00f6n perustiedot: Vaihe 3: Valitse vastaanottajat ja lis\u00e4\u00e4 saateviesti Valitse vastaanottajat ja t\u00e4yt\u00e4 s\u00e4hk\u00f6postiosoitteet haluttujen valtuuksien kohdalle. Ennustava sy\u00f6tt\u00f6 hakee j\u00e4rjestelm\u00e4\u00e4n jo aiemmin tallentamasi yhteystiedot. My\u00f6s kaikki henkil\u00f6st\u00f6\u00f6n kuuluvat jamkilaiset [&hellip;]<\/p>\n","protected":false},"author":94,"featured_media":0,"parent":0,"menu_order":20,"comment_status":"closed","ping_status":"closed","template":"","meta":{"_acf_changed":false,"_relevanssi_hide_post":"","_relevanssi_hide_content":"","_relevanssi_pin_for_all":"","_relevanssi_pin_keywords":"","_relevanssi_unpin_keywords":"","_relevanssi_related_keywords":"","_relevanssi_related_include_ids":"","_relevanssi_related_exclude_ids":"","_relevanssi_related_no_append":"","_relevanssi_related_not_related":"","_relevanssi_related_posts":"","_relevanssi_noindex_reason":"","footnotes":""},"categories":[],"tags":[102,108,114,120,126],"class_list":["post-21","page","type-page","status-publish","hentry","tag-asiakirja","tag-liite","tag-tiedosto","tag-tiedoston-lataaminen","tag-tiedoston-raahaaminen"],"acf":[],"yoast_head":"<!-- This site is optimized with the Yoast SEO plugin v27.3 - https:\/\/yoast.com\/product\/yoast-seo-wordpress\/ -->\n<title>Allekirjoituskierron k\u00e4ynnist\u00e4minen - S\u00e4hk\u00f6inen allekirjoitus<\/title>\n<meta name=\"robots\" content=\"index, follow, max-snippet:-1, max-image-preview:large, max-video-preview:-1\" \/>\n<link rel=\"canonical\" href=\"https:\/\/help.jamk.fi\/sahkoinen-allekirjoitus\/fi\/asiakirjan-lataaminen\/\" \/>\n<meta property=\"og:locale\" content=\"fi_FI\" \/>\n<meta property=\"og:type\" content=\"article\" \/>\n<meta property=\"og:title\" content=\"Allekirjoituskierron k\u00e4ynnist\u00e4minen - S\u00e4hk\u00f6inen allekirjoitus\" \/>\n<meta property=\"og:description\" content=\"Vaihe 1: Pyyd\u00e4 allekirjoituksia Aloita allekirjoituspyynn\u00f6n l\u00e4hett\u00e4minen kohdasta \u201cL\u00e4het\u00e4 uusi allekirjoituspyynt\u00f6\u201d tai vasemmalta sivupalkista \u201d+Uusi pyynt\u00f6\u201d. Vaihe 2. T\u00e4yt\u00e4 allekirjoituspyynn\u00f6n perustiedot ja lataa dokumentit T\u00e4yt\u00e4 allekirjoituspyynn\u00f6n perustiedot: Vaihe 3: Valitse vastaanottajat ja lis\u00e4\u00e4 saateviesti Valitse vastaanottajat ja t\u00e4yt\u00e4 s\u00e4hk\u00f6postiosoitteet haluttujen valtuuksien kohdalle. Ennustava sy\u00f6tt\u00f6 hakee j\u00e4rjestelm\u00e4\u00e4n jo aiemmin tallentamasi yhteystiedot. My\u00f6s kaikki henkil\u00f6st\u00f6\u00f6n kuuluvat jamkilaiset [&hellip;]\" \/>\n<meta property=\"og:url\" content=\"https:\/\/help.jamk.fi\/sahkoinen-allekirjoitus\/fi\/asiakirjan-lataaminen\/\" \/>\n<meta property=\"og:site_name\" content=\"S\u00e4hk\u00f6inen allekirjoitus\" \/>\n<meta property=\"article:modified_time\" content=\"2024-01-05T14:53:05+00:00\" \/>\n<meta property=\"og:image\" content=\"https:\/\/help.jamk.fi\/sahkoinen-allekirjoitus\/wp-content\/uploads\/sites\/93\/2023\/07\/Uusi-pyynto_valikot-1024x372.jpg\" \/>\n<meta name=\"twitter:card\" content=\"summary_large_image\" \/>\n<meta name=\"twitter:label1\" content=\"Arvioitu lukuaika\" \/>\n\t<meta name=\"twitter:data1\" content=\"6 minuuttia\" \/>\n<script type=\"application\/ld+json\" class=\"yoast-schema-graph\">{\"@context\":\"https:\\\/\\\/schema.org\",\"@graph\":[{\"@type\":\"WebPage\",\"@id\":\"https:\\\/\\\/help.jamk.fi\\\/sahkoinen-allekirjoitus\\\/fi\\\/asiakirjan-lataaminen\\\/\",\"url\":\"https:\\\/\\\/help.jamk.fi\\\/sahkoinen-allekirjoitus\\\/fi\\\/asiakirjan-lataaminen\\\/\",\"name\":\"Allekirjoituskierron k\u00e4ynnist\u00e4minen - S\u00e4hk\u00f6inen allekirjoitus\",\"isPartOf\":{\"@id\":\"https:\\\/\\\/help.jamk.fi\\\/sahkoinen-allekirjoitus\\\/#website\"},\"primaryImageOfPage\":{\"@id\":\"https:\\\/\\\/help.jamk.fi\\\/sahkoinen-allekirjoitus\\\/fi\\\/asiakirjan-lataaminen\\\/#primaryimage\"},\"image\":{\"@id\":\"https:\\\/\\\/help.jamk.fi\\\/sahkoinen-allekirjoitus\\\/fi\\\/asiakirjan-lataaminen\\\/#primaryimage\"},\"thumbnailUrl\":\"https:\\\/\\\/help.jamk.fi\\\/sahkoinen-allekirjoitus\\\/wp-content\\\/uploads\\\/sites\\\/93\\\/2023\\\/07\\\/Uusi-pyynto_valikot-1024x372.jpg\",\"datePublished\":\"2020-09-04T08:56:23+00:00\",\"dateModified\":\"2024-01-05T14:53:05+00:00\",\"breadcrumb\":{\"@id\":\"https:\\\/\\\/help.jamk.fi\\\/sahkoinen-allekirjoitus\\\/fi\\\/asiakirjan-lataaminen\\\/#breadcrumb\"},\"inLanguage\":\"fi\",\"potentialAction\":[{\"@type\":\"ReadAction\",\"target\":[\"https:\\\/\\\/help.jamk.fi\\\/sahkoinen-allekirjoitus\\\/fi\\\/asiakirjan-lataaminen\\\/\"]}]},{\"@type\":\"ImageObject\",\"inLanguage\":\"fi\",\"@id\":\"https:\\\/\\\/help.jamk.fi\\\/sahkoinen-allekirjoitus\\\/fi\\\/asiakirjan-lataaminen\\\/#primaryimage\",\"url\":\"\",\"contentUrl\":\"\"},{\"@type\":\"BreadcrumbList\",\"@id\":\"https:\\\/\\\/help.jamk.fi\\\/sahkoinen-allekirjoitus\\\/fi\\\/asiakirjan-lataaminen\\\/#breadcrumb\",\"itemListElement\":[{\"@type\":\"ListItem\",\"position\":1,\"name\":\"Etusivu\",\"item\":\"https:\\\/\\\/help.jamk.fi\\\/sahkoinen-allekirjoitus\\\/fi\\\/\"},{\"@type\":\"ListItem\",\"position\":2,\"name\":\"Allekirjoituskierron k\u00e4ynnist\u00e4minen\"}]},{\"@type\":\"WebSite\",\"@id\":\"https:\\\/\\\/help.jamk.fi\\\/sahkoinen-allekirjoitus\\\/#website\",\"url\":\"https:\\\/\\\/help.jamk.fi\\\/sahkoinen-allekirjoitus\\\/\",\"name\":\"S\u00e4hk\u00f6inen allekirjoitus\",\"description\":\"\",\"potentialAction\":[{\"@type\":\"SearchAction\",\"target\":{\"@type\":\"EntryPoint\",\"urlTemplate\":\"https:\\\/\\\/help.jamk.fi\\\/sahkoinen-allekirjoitus\\\/?s={search_term_string}\"},\"query-input\":{\"@type\":\"PropertyValueSpecification\",\"valueRequired\":true,\"valueName\":\"search_term_string\"}}],\"inLanguage\":\"fi\"}]}<\/script>\n<!-- \/ Yoast SEO plugin. -->","yoast_head_json":{"title":"Allekirjoituskierron k\u00e4ynnist\u00e4minen - S\u00e4hk\u00f6inen allekirjoitus","robots":{"index":"index","follow":"follow","max-snippet":"max-snippet:-1","max-image-preview":"max-image-preview:large","max-video-preview":"max-video-preview:-1"},"canonical":"https:\/\/help.jamk.fi\/sahkoinen-allekirjoitus\/fi\/asiakirjan-lataaminen\/","og_locale":"fi_FI","og_type":"article","og_title":"Allekirjoituskierron k\u00e4ynnist\u00e4minen - S\u00e4hk\u00f6inen allekirjoitus","og_description":"Vaihe 1: Pyyd\u00e4 allekirjoituksia Aloita allekirjoituspyynn\u00f6n l\u00e4hett\u00e4minen kohdasta \u201cL\u00e4het\u00e4 uusi allekirjoituspyynt\u00f6\u201d tai vasemmalta sivupalkista \u201d+Uusi pyynt\u00f6\u201d. Vaihe 2. T\u00e4yt\u00e4 allekirjoituspyynn\u00f6n perustiedot ja lataa dokumentit T\u00e4yt\u00e4 allekirjoituspyynn\u00f6n perustiedot: Vaihe 3: Valitse vastaanottajat ja lis\u00e4\u00e4 saateviesti Valitse vastaanottajat ja t\u00e4yt\u00e4 s\u00e4hk\u00f6postiosoitteet haluttujen valtuuksien kohdalle. Ennustava sy\u00f6tt\u00f6 hakee j\u00e4rjestelm\u00e4\u00e4n jo aiemmin tallentamasi yhteystiedot. My\u00f6s kaikki henkil\u00f6st\u00f6\u00f6n kuuluvat jamkilaiset [&hellip;]","og_url":"https:\/\/help.jamk.fi\/sahkoinen-allekirjoitus\/fi\/asiakirjan-lataaminen\/","og_site_name":"S\u00e4hk\u00f6inen allekirjoitus","article_modified_time":"2024-01-05T14:53:05+00:00","og_image":[{"url":"https:\/\/help.jamk.fi\/sahkoinen-allekirjoitus\/wp-content\/uploads\/sites\/93\/2023\/07\/Uusi-pyynto_valikot-1024x372.jpg","type":"","width":"","height":""}],"twitter_card":"summary_large_image","twitter_misc":{"Arvioitu lukuaika":"6 minuuttia"},"schema":{"@context":"https:\/\/schema.org","@graph":[{"@type":"WebPage","@id":"https:\/\/help.jamk.fi\/sahkoinen-allekirjoitus\/fi\/asiakirjan-lataaminen\/","url":"https:\/\/help.jamk.fi\/sahkoinen-allekirjoitus\/fi\/asiakirjan-lataaminen\/","name":"Allekirjoituskierron k\u00e4ynnist\u00e4minen - S\u00e4hk\u00f6inen allekirjoitus","isPartOf":{"@id":"https:\/\/help.jamk.fi\/sahkoinen-allekirjoitus\/#website"},"primaryImageOfPage":{"@id":"https:\/\/help.jamk.fi\/sahkoinen-allekirjoitus\/fi\/asiakirjan-lataaminen\/#primaryimage"},"image":{"@id":"https:\/\/help.jamk.fi\/sahkoinen-allekirjoitus\/fi\/asiakirjan-lataaminen\/#primaryimage"},"thumbnailUrl":"https:\/\/help.jamk.fi\/sahkoinen-allekirjoitus\/wp-content\/uploads\/sites\/93\/2023\/07\/Uusi-pyynto_valikot-1024x372.jpg","datePublished":"2020-09-04T08:56:23+00:00","dateModified":"2024-01-05T14:53:05+00:00","breadcrumb":{"@id":"https:\/\/help.jamk.fi\/sahkoinen-allekirjoitus\/fi\/asiakirjan-lataaminen\/#breadcrumb"},"inLanguage":"fi","potentialAction":[{"@type":"ReadAction","target":["https:\/\/help.jamk.fi\/sahkoinen-allekirjoitus\/fi\/asiakirjan-lataaminen\/"]}]},{"@type":"ImageObject","inLanguage":"fi","@id":"https:\/\/help.jamk.fi\/sahkoinen-allekirjoitus\/fi\/asiakirjan-lataaminen\/#primaryimage","url":"","contentUrl":""},{"@type":"BreadcrumbList","@id":"https:\/\/help.jamk.fi\/sahkoinen-allekirjoitus\/fi\/asiakirjan-lataaminen\/#breadcrumb","itemListElement":[{"@type":"ListItem","position":1,"name":"Etusivu","item":"https:\/\/help.jamk.fi\/sahkoinen-allekirjoitus\/fi\/"},{"@type":"ListItem","position":2,"name":"Allekirjoituskierron k\u00e4ynnist\u00e4minen"}]},{"@type":"WebSite","@id":"https:\/\/help.jamk.fi\/sahkoinen-allekirjoitus\/#website","url":"https:\/\/help.jamk.fi\/sahkoinen-allekirjoitus\/","name":"S\u00e4hk\u00f6inen allekirjoitus","description":"","potentialAction":[{"@type":"SearchAction","target":{"@type":"EntryPoint","urlTemplate":"https:\/\/help.jamk.fi\/sahkoinen-allekirjoitus\/?s={search_term_string}"},"query-input":{"@type":"PropertyValueSpecification","valueRequired":true,"valueName":"search_term_string"}}],"inLanguage":"fi"}]}},"_links":{"self":[{"href":"https:\/\/help.jamk.fi\/sahkoinen-allekirjoitus\/wp-json\/wp\/v2\/pages\/21","targetHints":{"allow":["GET"]}}],"collection":[{"href":"https:\/\/help.jamk.fi\/sahkoinen-allekirjoitus\/wp-json\/wp\/v2\/pages"}],"about":[{"href":"https:\/\/help.jamk.fi\/sahkoinen-allekirjoitus\/wp-json\/wp\/v2\/types\/page"}],"author":[{"embeddable":true,"href":"https:\/\/help.jamk.fi\/sahkoinen-allekirjoitus\/wp-json\/wp\/v2\/users\/94"}],"replies":[{"embeddable":true,"href":"https:\/\/help.jamk.fi\/sahkoinen-allekirjoitus\/wp-json\/wp\/v2\/comments?post=21"}],"version-history":[{"count":12,"href":"https:\/\/help.jamk.fi\/sahkoinen-allekirjoitus\/wp-json\/wp\/v2\/pages\/21\/revisions"}],"predecessor-version":[{"id":529,"href":"https:\/\/help.jamk.fi\/sahkoinen-allekirjoitus\/wp-json\/wp\/v2\/pages\/21\/revisions\/529"}],"wp:attachment":[{"href":"https:\/\/help.jamk.fi\/sahkoinen-allekirjoitus\/wp-json\/wp\/v2\/media?parent=21"}],"wp:term":[{"taxonomy":"category","embeddable":true,"href":"https:\/\/help.jamk.fi\/sahkoinen-allekirjoitus\/wp-json\/wp\/v2\/categories?post=21"},{"taxonomy":"post_tag","embeddable":true,"href":"https:\/\/help.jamk.fi\/sahkoinen-allekirjoitus\/wp-json\/wp\/v2\/tags?post=21"}],"curies":[{"name":"wp","href":"https:\/\/api.w.org\/{rel}","templated":true}]}}