{"id":54,"date":"2020-09-15T11:14:00","date_gmt":"2020-09-15T08:14:00","guid":{"rendered":"https:\/\/help.jamk.fi\/sahkoinen-allekirjoitus\/allekirjoittaminen\/"},"modified":"2024-01-12T15:36:11","modified_gmt":"2024-01-12T13:36:11","slug":"allekirjoittaminen","status":"publish","type":"page","link":"https:\/\/help.jamk.fi\/sahkoinen-allekirjoitus\/fi\/allekirjoittaminen\/","title":{"rendered":"Miten allekirjoitan?"},"content":{"rendered":"\n<h2 class=\"wp-block-heading\">Saapunut s\u00e4hk\u00f6posti-ilmoitus <\/h2>\n\n\n\n<p>Saat s\u00e4hk\u00f6postiisi ilmoitusviestin sinulle saapuneesta allekirjoituspyynn\u00f6st\u00e4. P\u00e4\u00e4set kirjautumaan palveluun<br>klikkaamalla viestiss\u00e4 olevaa \u201dAvaa dokumentit \/ Open documents\u201d -painiketta.<\/p>\n\n\n\n<figure class=\"wp-block-image size-large\"><img decoding=\"async\" src=\"https:\/\/help.jamk.fi\/sahkoinen-allekirjoitus\/wp-content\/uploads\/sites\/93\/2023\/07\/Allekirjoittaminen_sahkopostiviesti-1024x757.jpg\" alt=\"\" class=\"wp-image-441\"\/><\/figure>\n\n\n\n<p>Voit my\u00f6s kirjautua suoraan Jamk Sign-palveluun siirtym\u00e4ll\u00e4 selaimellasi osoitteeseen sign.jamk.fi ja kopioimalla avautuvan kirjautumisn\u00e4kym\u00e4n Kutsutunniste-kentt\u00e4\u00e4n vastaanottamassasi s\u00e4hk\u00f6postiviestiss\u00e4 n\u00e4kyv\u00e4n kutsutunnisteen (user identifier).<\/p>\n\n\n\n<h2 class=\"wp-block-heading\">Kirjautumisn\u00e4kym\u00e4 ja yhteystietojen tarkastaminen<\/h2>\n\n\n\n<p>N\u00e4kym\u00e4 avautuu kirjautumissivulle. Klikkaa <em>Seuraava<\/em>-painiketta.<\/p>\n\n\n\n<figure class=\"wp-block-image size-medium is-resized\"><img decoding=\"async\" src=\"https:\/\/help.jamk.fi\/sahkoinen-allekirjoitus\/wp-content\/uploads\/sites\/93\/2023\/07\/Kirjautumissivu_uusi_EN-300x207.jpg\" alt=\"\" class=\"wp-image-457\"\/><\/figure>\n\n\n\n<p>Seuraavassa n\u00e4kym\u00e4ss\u00e4 voit tarkastaa omat yhteystietosi. <\/p>\n\n\n\n<figure class=\"wp-block-image size-large\"><img decoding=\"async\" src=\"https:\/\/help.jamk.fi\/sahkoinen-allekirjoitus\/wp-content\/uploads\/sites\/93\/2023\/07\/Allekirjoitus_yhteystiedot-1024x908.jpg\" alt=\"\" class=\"wp-image-444\"\/><\/figure>\n\n\n\n<h3 class=\"wp-block-heading\">Tunnistautuminen<\/h3>\n\n\n\n<p>Klikkaa <em>Seuraava<\/em>-painiketta ja n\u00e4kym\u00e4 siirtyy tunnistautumistavan valintaan. Valikosta voidaan valita joko tekstiviestin\u00e4 saapuva tunnistautumiskoodi (SMS), tai vaihtoehtoisesti tunnistautuminen Sarake Reko -mobiilisovelluksella. J\u00e4lkimm\u00e4isen\u00e4 mainitut vaihtoehtoiset tunnistautumistavat edellytt\u00e4v\u00e4t allekirjoittajalta erillisen mobiilisovelluksen lataamista, mink\u00e4 lis\u00e4ksi allekirjoituskierron aloittajan t\u00e4ytyy toimittaa allekirjoittajalle erillinen rekister\u00f6intikoodi mobiilisovellusta varten.<\/p>\n\n\n\n<figure class=\"wp-block-image size-large\"><img loading=\"lazy\" decoding=\"async\" width=\"1024\" height=\"865\" src=\"https:\/\/help.jamk.fi\/sahkoinen-allekirjoitus\/wp-content\/uploads\/sites\/93\/2023\/12\/Sign-tunnistautuminen-2-1024x865.png\" alt=\"\" class=\"wp-image-501\" srcset=\"https:\/\/help.jamk.fi\/sahkoinen-allekirjoitus\/wp-content\/uploads\/sites\/93\/2023\/12\/Sign-tunnistautuminen-2-1024x865.png 1024w, https:\/\/help.jamk.fi\/sahkoinen-allekirjoitus\/wp-content\/uploads\/sites\/93\/2023\/12\/Sign-tunnistautuminen-2-300x253.png 300w, https:\/\/help.jamk.fi\/sahkoinen-allekirjoitus\/wp-content\/uploads\/sites\/93\/2023\/12\/Sign-tunnistautuminen-2-768x649.png 768w, https:\/\/help.jamk.fi\/sahkoinen-allekirjoitus\/wp-content\/uploads\/sites\/93\/2023\/12\/Sign-tunnistautuminen-2.png 1106w\" sizes=\"auto, (max-width: 1024px) 100vw, 1024px\" \/><\/figure>\n\n\n\n<p>Jos valitset SMS-tekstiviestivaihtoehdon, j\u00e4rjestelm\u00e4 l\u00e4hett\u00e4\u00e4 sinulle tekstiviestill\u00e4 koodin, joka sinun tulee t\u00e4ydent\u00e4\u00e4 seuraavan n\u00e4kym\u00e4n kentt\u00e4\u00e4n.<\/p>\n\n\n\n<figure class=\"wp-block-image size-full\"><img loading=\"lazy\" decoding=\"async\" width=\"862\" height=\"817\" src=\"https:\/\/help.jamk.fi\/sahkoinen-allekirjoitus\/wp-content\/uploads\/sites\/93\/2023\/12\/Sign-tunnistautuminen-3.png\" alt=\"\" class=\"wp-image-502\" srcset=\"https:\/\/help.jamk.fi\/sahkoinen-allekirjoitus\/wp-content\/uploads\/sites\/93\/2023\/12\/Sign-tunnistautuminen-3.png 862w, https:\/\/help.jamk.fi\/sahkoinen-allekirjoitus\/wp-content\/uploads\/sites\/93\/2023\/12\/Sign-tunnistautuminen-3-300x284.png 300w, https:\/\/help.jamk.fi\/sahkoinen-allekirjoitus\/wp-content\/uploads\/sites\/93\/2023\/12\/Sign-tunnistautuminen-3-768x728.png 768w\" sizes=\"auto, (max-width: 862px) 100vw, 862px\" \/><\/figure>\n\n\n\n<p>Toisena vaihtoehtona on valita tunnistautuminen aiemmin mainitulla Sarake Reko -mobiilisovelluksella. Valitsemasi tapa ohjaa sinua toimimaan kunkin tunnistustavan mukaisesti. <\/p>\n\n\n\n<p>Kun tunnistautuminen on tapahtunut, n\u00e4kym\u00e4 siirtyy allekirjoituspalveluun, ja voit allekirjoittaa sinulle osoitetun asiakirjan.<\/p>\n\n\n\n<h2 class=\"wp-block-heading\">Allekirjoittaminen<\/h2>\n\n\n\n<p>Kirjautumisen j\u00e4lkeen p\u00e4\u00e4set n\u00e4kem\u00e4\u00e4n allekirjoituskutsun sis\u00e4lt\u00e4m\u00e4t asiakirjat ja voit katselmoida ja ladata ne.<br><br>\u2022 Halutessasi voit allekirjoittaa pyynn\u00f6n valitsemalla \u201d<strong>Allekirjoita<\/strong>\u201d<br>\u2022 Voit hyl\u00e4t\u00e4 pyynn\u00f6n valitsemalla \u201d<strong>Hylk\u00e4\u00e4<\/strong>\u201d<br>\u2022 Voit j\u00e4tt\u00e4\u00e4 pyynt\u00f6\u00f6n kommentin<br>\u2022 Lis\u00e4ksi voit tarvittaessa delegoida pyynn\u00f6n jollekin muulle<br>\u2022 Hyv\u00e4ksymisest\u00e4, hylk\u00e4\u00e4misest\u00e4 ja delegoinnista l\u00e4htee viesti<br>allekirjoituskutsun l\u00e4hett\u00e4j\u00e4lle<\/p>\n\n\n\n<p>Painettuasi &#8221;Allekirjoita&#8221; sinun t\u00e4ytyy viel\u00e4 kerran tunnistautua uudelleen, jotta allekirjoituksesi aitous pystyt\u00e4\u00e4n todentamaan.<\/p>\n\n\n\n<p><strong>Huom!<\/strong> Jos allekirjoituspainikkeet eiv\u00e4t tule n\u00e4kyviin, on suositeltavaa pienent\u00e4\u00e4 selaimen sivun\u00e4kym\u00e4\u00e4 selaimen asetuksista.<\/p>\n\n\n<div class=\"wp-block-image is-resized\">\n<figure class=\"aligncenter size-large\"><img decoding=\"async\" src=\"https:\/\/help.jamk.fi\/sahkoinen-allekirjoitus\/wp-content\/uploads\/sites\/93\/2023\/07\/Allekirjoittaminen-1024x775.jpg\" alt=\"\" class=\"wp-image-432\"\/><figcaption class=\"wp-element-caption\"><strong>Allekirjoittamisen painikkeet<\/strong><\/figcaption><\/figure>\n<\/div>\n\n\n<p>Lopuksi saat s\u00e4hk\u00f6postiisi tiedon siit\u00e4, kun allekirjoituskierros on valmis. <\/p>\n\n\n\n<h2 class=\"wp-block-heading\">Valmiin asiakirjan arkistointi ja allekirjoittajan kappale<\/h2>\n\n\n\n<p>Jamk arkistoi kaikki palvelun kautta l\u00e4hett\u00e4m\u00e4ns\u00e4 asiakirjat s\u00e4hk\u00f6isesti allekirjoituskierron aloittajan toimesta. Voit noutaa Jamk Sign-palvelussa allekirjoitetun version organisaatiollesi\/itsellesi suoraan j\u00e4rjestelm\u00e4st\u00e4.<\/p>\n\n\n\n<p>Dokumenttien lautauspainike l\u00f6ytyy sivun yl\u00e4reunasta nimell\u00e4 &#8221;Lataa kaikki&#8221;. Kyseisest\u00e4 painikkeesta lataat kaikki kierron asiakirjat kerralla pakattuna zip-pakettina, joka lataajan t\u00e4ytyy erikseen purkaa. Voit my\u00f6s ladata asiakirjat suoraan esikatselu-n\u00e4kym\u00e4n alla olevasta &#8221;Lataa&#8221;-painikkeesta yksi kerrallaan.<\/p>\n","protected":false},"excerpt":{"rendered":"<p>Saapunut s\u00e4hk\u00f6posti-ilmoitus Saat s\u00e4hk\u00f6postiisi ilmoitusviestin sinulle saapuneesta allekirjoituspyynn\u00f6st\u00e4. P\u00e4\u00e4set kirjautumaan palveluunklikkaamalla viestiss\u00e4 olevaa \u201dAvaa dokumentit \/ Open documents\u201d -painiketta. Voit my\u00f6s kirjautua suoraan Jamk Sign-palveluun siirtym\u00e4ll\u00e4 selaimellasi osoitteeseen sign.jamk.fi ja kopioimalla avautuvan kirjautumisn\u00e4kym\u00e4n Kutsutunniste-kentt\u00e4\u00e4n vastaanottamassasi s\u00e4hk\u00f6postiviestiss\u00e4 n\u00e4kyv\u00e4n kutsutunnisteen (user identifier). Kirjautumisn\u00e4kym\u00e4 ja yhteystietojen tarkastaminen N\u00e4kym\u00e4 avautuu kirjautumissivulle. Klikkaa Seuraava-painiketta. Seuraavassa n\u00e4kym\u00e4ss\u00e4 voit tarkastaa omat yhteystietosi. [&hellip;]<\/p>\n","protected":false},"author":94,"featured_media":0,"parent":0,"menu_order":100,"comment_status":"closed","ping_status":"closed","template":"","meta":{"_acf_changed":false,"_relevanssi_hide_post":"","_relevanssi_hide_content":"","_relevanssi_pin_for_all":"","_relevanssi_pin_keywords":"","_relevanssi_unpin_keywords":"","_relevanssi_related_keywords":"","_relevanssi_related_include_ids":"","_relevanssi_related_exclude_ids":"","_relevanssi_related_no_append":"","_relevanssi_related_not_related":"","_relevanssi_related_posts":"","_relevanssi_noindex_reason":"","footnotes":""},"categories":[],"tags":[132,138,144,150,156],"class_list":["post-54","page","type-page","status-publish","hentry","tag-allekirjoittaminen","tag-allekirjoituspyynto","tag-arkistointi","tag-ilmoitus","tag-sahkopostiviesti"],"acf":[],"yoast_head":"<!-- This site is optimized with the Yoast SEO plugin v27.3 - https:\/\/yoast.com\/product\/yoast-seo-wordpress\/ -->\n<title>Miten allekirjoitan? - S\u00e4hk\u00f6inen allekirjoitus<\/title>\n<meta name=\"robots\" content=\"index, follow, max-snippet:-1, max-image-preview:large, max-video-preview:-1\" \/>\n<link rel=\"canonical\" href=\"https:\/\/help.jamk.fi\/sahkoinen-allekirjoitus\/fi\/allekirjoittaminen\/\" \/>\n<meta property=\"og:locale\" content=\"fi_FI\" \/>\n<meta property=\"og:type\" content=\"article\" \/>\n<meta property=\"og:title\" content=\"Miten allekirjoitan? - S\u00e4hk\u00f6inen allekirjoitus\" \/>\n<meta property=\"og:description\" content=\"Saapunut s\u00e4hk\u00f6posti-ilmoitus Saat s\u00e4hk\u00f6postiisi ilmoitusviestin sinulle saapuneesta allekirjoituspyynn\u00f6st\u00e4. P\u00e4\u00e4set kirjautumaan palveluunklikkaamalla viestiss\u00e4 olevaa \u201dAvaa dokumentit \/ Open documents\u201d -painiketta. Voit my\u00f6s kirjautua suoraan Jamk Sign-palveluun siirtym\u00e4ll\u00e4 selaimellasi osoitteeseen sign.jamk.fi ja kopioimalla avautuvan kirjautumisn\u00e4kym\u00e4n Kutsutunniste-kentt\u00e4\u00e4n vastaanottamassasi s\u00e4hk\u00f6postiviestiss\u00e4 n\u00e4kyv\u00e4n kutsutunnisteen (user identifier). Kirjautumisn\u00e4kym\u00e4 ja yhteystietojen tarkastaminen N\u00e4kym\u00e4 avautuu kirjautumissivulle. Klikkaa Seuraava-painiketta. Seuraavassa n\u00e4kym\u00e4ss\u00e4 voit tarkastaa omat yhteystietosi. [&hellip;]\" \/>\n<meta property=\"og:url\" content=\"https:\/\/help.jamk.fi\/sahkoinen-allekirjoitus\/fi\/allekirjoittaminen\/\" \/>\n<meta property=\"og:site_name\" content=\"S\u00e4hk\u00f6inen allekirjoitus\" \/>\n<meta property=\"article:modified_time\" content=\"2024-01-12T13:36:11+00:00\" \/>\n<meta property=\"og:image\" content=\"https:\/\/help.jamk.fi\/sahkoinen-allekirjoitus\/wp-content\/uploads\/sites\/93\/2023\/07\/Allekirjoittaminen_sahkopostiviesti-1024x757.jpg\" \/>\n<meta name=\"twitter:card\" content=\"summary_large_image\" \/>\n<meta name=\"twitter:label1\" content=\"Arvioitu lukuaika\" \/>\n\t<meta name=\"twitter:data1\" content=\"4 minuuttia\" \/>\n<script type=\"application\/ld+json\" class=\"yoast-schema-graph\">{\"@context\":\"https:\\\/\\\/schema.org\",\"@graph\":[{\"@type\":\"WebPage\",\"@id\":\"https:\\\/\\\/help.jamk.fi\\\/sahkoinen-allekirjoitus\\\/fi\\\/allekirjoittaminen\\\/\",\"url\":\"https:\\\/\\\/help.jamk.fi\\\/sahkoinen-allekirjoitus\\\/fi\\\/allekirjoittaminen\\\/\",\"name\":\"Miten allekirjoitan? - S\u00e4hk\u00f6inen allekirjoitus\",\"isPartOf\":{\"@id\":\"https:\\\/\\\/help.jamk.fi\\\/sahkoinen-allekirjoitus\\\/#website\"},\"primaryImageOfPage\":{\"@id\":\"https:\\\/\\\/help.jamk.fi\\\/sahkoinen-allekirjoitus\\\/fi\\\/allekirjoittaminen\\\/#primaryimage\"},\"image\":{\"@id\":\"https:\\\/\\\/help.jamk.fi\\\/sahkoinen-allekirjoitus\\\/fi\\\/allekirjoittaminen\\\/#primaryimage\"},\"thumbnailUrl\":\"https:\\\/\\\/help.jamk.fi\\\/sahkoinen-allekirjoitus\\\/wp-content\\\/uploads\\\/sites\\\/93\\\/2023\\\/07\\\/Allekirjoittaminen_sahkopostiviesti-1024x757.jpg\",\"datePublished\":\"2020-09-15T08:14:00+00:00\",\"dateModified\":\"2024-01-12T13:36:11+00:00\",\"breadcrumb\":{\"@id\":\"https:\\\/\\\/help.jamk.fi\\\/sahkoinen-allekirjoitus\\\/fi\\\/allekirjoittaminen\\\/#breadcrumb\"},\"inLanguage\":\"fi\",\"potentialAction\":[{\"@type\":\"ReadAction\",\"target\":[\"https:\\\/\\\/help.jamk.fi\\\/sahkoinen-allekirjoitus\\\/fi\\\/allekirjoittaminen\\\/\"]}]},{\"@type\":\"ImageObject\",\"inLanguage\":\"fi\",\"@id\":\"https:\\\/\\\/help.jamk.fi\\\/sahkoinen-allekirjoitus\\\/fi\\\/allekirjoittaminen\\\/#primaryimage\",\"url\":\"\",\"contentUrl\":\"\"},{\"@type\":\"BreadcrumbList\",\"@id\":\"https:\\\/\\\/help.jamk.fi\\\/sahkoinen-allekirjoitus\\\/fi\\\/allekirjoittaminen\\\/#breadcrumb\",\"itemListElement\":[{\"@type\":\"ListItem\",\"position\":1,\"name\":\"Etusivu\",\"item\":\"https:\\\/\\\/help.jamk.fi\\\/sahkoinen-allekirjoitus\\\/fi\\\/\"},{\"@type\":\"ListItem\",\"position\":2,\"name\":\"Miten allekirjoitan?\"}]},{\"@type\":\"WebSite\",\"@id\":\"https:\\\/\\\/help.jamk.fi\\\/sahkoinen-allekirjoitus\\\/#website\",\"url\":\"https:\\\/\\\/help.jamk.fi\\\/sahkoinen-allekirjoitus\\\/\",\"name\":\"S\u00e4hk\u00f6inen allekirjoitus\",\"description\":\"\",\"potentialAction\":[{\"@type\":\"SearchAction\",\"target\":{\"@type\":\"EntryPoint\",\"urlTemplate\":\"https:\\\/\\\/help.jamk.fi\\\/sahkoinen-allekirjoitus\\\/?s={search_term_string}\"},\"query-input\":{\"@type\":\"PropertyValueSpecification\",\"valueRequired\":true,\"valueName\":\"search_term_string\"}}],\"inLanguage\":\"fi\"}]}<\/script>\n<!-- \/ Yoast SEO plugin. -->","yoast_head_json":{"title":"Miten allekirjoitan? - S\u00e4hk\u00f6inen allekirjoitus","robots":{"index":"index","follow":"follow","max-snippet":"max-snippet:-1","max-image-preview":"max-image-preview:large","max-video-preview":"max-video-preview:-1"},"canonical":"https:\/\/help.jamk.fi\/sahkoinen-allekirjoitus\/fi\/allekirjoittaminen\/","og_locale":"fi_FI","og_type":"article","og_title":"Miten allekirjoitan? - S\u00e4hk\u00f6inen allekirjoitus","og_description":"Saapunut s\u00e4hk\u00f6posti-ilmoitus Saat s\u00e4hk\u00f6postiisi ilmoitusviestin sinulle saapuneesta allekirjoituspyynn\u00f6st\u00e4. P\u00e4\u00e4set kirjautumaan palveluunklikkaamalla viestiss\u00e4 olevaa \u201dAvaa dokumentit \/ Open documents\u201d -painiketta. Voit my\u00f6s kirjautua suoraan Jamk Sign-palveluun siirtym\u00e4ll\u00e4 selaimellasi osoitteeseen sign.jamk.fi ja kopioimalla avautuvan kirjautumisn\u00e4kym\u00e4n Kutsutunniste-kentt\u00e4\u00e4n vastaanottamassasi s\u00e4hk\u00f6postiviestiss\u00e4 n\u00e4kyv\u00e4n kutsutunnisteen (user identifier). Kirjautumisn\u00e4kym\u00e4 ja yhteystietojen tarkastaminen N\u00e4kym\u00e4 avautuu kirjautumissivulle. Klikkaa Seuraava-painiketta. Seuraavassa n\u00e4kym\u00e4ss\u00e4 voit tarkastaa omat yhteystietosi. [&hellip;]","og_url":"https:\/\/help.jamk.fi\/sahkoinen-allekirjoitus\/fi\/allekirjoittaminen\/","og_site_name":"S\u00e4hk\u00f6inen allekirjoitus","article_modified_time":"2024-01-12T13:36:11+00:00","og_image":[{"url":"https:\/\/help.jamk.fi\/sahkoinen-allekirjoitus\/wp-content\/uploads\/sites\/93\/2023\/07\/Allekirjoittaminen_sahkopostiviesti-1024x757.jpg","type":"","width":"","height":""}],"twitter_card":"summary_large_image","twitter_misc":{"Arvioitu lukuaika":"4 minuuttia"},"schema":{"@context":"https:\/\/schema.org","@graph":[{"@type":"WebPage","@id":"https:\/\/help.jamk.fi\/sahkoinen-allekirjoitus\/fi\/allekirjoittaminen\/","url":"https:\/\/help.jamk.fi\/sahkoinen-allekirjoitus\/fi\/allekirjoittaminen\/","name":"Miten allekirjoitan? - S\u00e4hk\u00f6inen allekirjoitus","isPartOf":{"@id":"https:\/\/help.jamk.fi\/sahkoinen-allekirjoitus\/#website"},"primaryImageOfPage":{"@id":"https:\/\/help.jamk.fi\/sahkoinen-allekirjoitus\/fi\/allekirjoittaminen\/#primaryimage"},"image":{"@id":"https:\/\/help.jamk.fi\/sahkoinen-allekirjoitus\/fi\/allekirjoittaminen\/#primaryimage"},"thumbnailUrl":"https:\/\/help.jamk.fi\/sahkoinen-allekirjoitus\/wp-content\/uploads\/sites\/93\/2023\/07\/Allekirjoittaminen_sahkopostiviesti-1024x757.jpg","datePublished":"2020-09-15T08:14:00+00:00","dateModified":"2024-01-12T13:36:11+00:00","breadcrumb":{"@id":"https:\/\/help.jamk.fi\/sahkoinen-allekirjoitus\/fi\/allekirjoittaminen\/#breadcrumb"},"inLanguage":"fi","potentialAction":[{"@type":"ReadAction","target":["https:\/\/help.jamk.fi\/sahkoinen-allekirjoitus\/fi\/allekirjoittaminen\/"]}]},{"@type":"ImageObject","inLanguage":"fi","@id":"https:\/\/help.jamk.fi\/sahkoinen-allekirjoitus\/fi\/allekirjoittaminen\/#primaryimage","url":"","contentUrl":""},{"@type":"BreadcrumbList","@id":"https:\/\/help.jamk.fi\/sahkoinen-allekirjoitus\/fi\/allekirjoittaminen\/#breadcrumb","itemListElement":[{"@type":"ListItem","position":1,"name":"Etusivu","item":"https:\/\/help.jamk.fi\/sahkoinen-allekirjoitus\/fi\/"},{"@type":"ListItem","position":2,"name":"Miten allekirjoitan?"}]},{"@type":"WebSite","@id":"https:\/\/help.jamk.fi\/sahkoinen-allekirjoitus\/#website","url":"https:\/\/help.jamk.fi\/sahkoinen-allekirjoitus\/","name":"S\u00e4hk\u00f6inen allekirjoitus","description":"","potentialAction":[{"@type":"SearchAction","target":{"@type":"EntryPoint","urlTemplate":"https:\/\/help.jamk.fi\/sahkoinen-allekirjoitus\/?s={search_term_string}"},"query-input":{"@type":"PropertyValueSpecification","valueRequired":true,"valueName":"search_term_string"}}],"inLanguage":"fi"}]}},"_links":{"self":[{"href":"https:\/\/help.jamk.fi\/sahkoinen-allekirjoitus\/wp-json\/wp\/v2\/pages\/54","targetHints":{"allow":["GET"]}}],"collection":[{"href":"https:\/\/help.jamk.fi\/sahkoinen-allekirjoitus\/wp-json\/wp\/v2\/pages"}],"about":[{"href":"https:\/\/help.jamk.fi\/sahkoinen-allekirjoitus\/wp-json\/wp\/v2\/types\/page"}],"author":[{"embeddable":true,"href":"https:\/\/help.jamk.fi\/sahkoinen-allekirjoitus\/wp-json\/wp\/v2\/users\/94"}],"replies":[{"embeddable":true,"href":"https:\/\/help.jamk.fi\/sahkoinen-allekirjoitus\/wp-json\/wp\/v2\/comments?post=54"}],"version-history":[{"count":8,"href":"https:\/\/help.jamk.fi\/sahkoinen-allekirjoitus\/wp-json\/wp\/v2\/pages\/54\/revisions"}],"predecessor-version":[{"id":537,"href":"https:\/\/help.jamk.fi\/sahkoinen-allekirjoitus\/wp-json\/wp\/v2\/pages\/54\/revisions\/537"}],"wp:attachment":[{"href":"https:\/\/help.jamk.fi\/sahkoinen-allekirjoitus\/wp-json\/wp\/v2\/media?parent=54"}],"wp:term":[{"taxonomy":"category","embeddable":true,"href":"https:\/\/help.jamk.fi\/sahkoinen-allekirjoitus\/wp-json\/wp\/v2\/categories?post=54"},{"taxonomy":"post_tag","embeddable":true,"href":"https:\/\/help.jamk.fi\/sahkoinen-allekirjoitus\/wp-json\/wp\/v2\/tags?post=54"}],"curies":[{"name":"wp","href":"https:\/\/api.w.org\/{rel}","templated":true}]}}