{"id":6,"date":"2020-09-01T06:44:14","date_gmt":"2020-09-01T03:44:14","guid":{"rendered":"https:\/\/help.jamk.fi\/sahkoinen-allekirjoitus\/etusivu\/"},"modified":"2025-07-17T10:04:47","modified_gmt":"2025-07-17T07:04:47","slug":"etusivu","status":"publish","type":"page","link":"https:\/\/help.jamk.fi\/sahkoinen-allekirjoitus\/fi\/","title":{"rendered":"S\u00e4hk\u00f6inen allekirjoituspalvelu"},"content":{"rendered":"\n<div id=\"text-column-block_3dd8c3f33521d77c28ebc061540f7c04\" class=\"text-column block-text-column\">\n  <div class=\"block-text-column__wrapper\">\n                  <div class=\"row block-text-column__column-section\">\n          <div class=\"col-12 col-md-5 block-text-column__column-section--column\">\n            <div class=\"block-text-column__column-section--title-wrap\">\n                              <h2 class=\"\">S\u00e4hk\u00f6inen allekirjoituspalvelu<\/h2>\n                          <\/div>\n          <\/div>\n          <div class=\"col-12 col-md-7 block-text-column__column-section--column\">\n                          <div class=\"block-text-column__column-section--text_area\">\n                <p>Jamk Sign -allekirjoituspalvelua k\u00e4ytet\u00e4\u00e4n valmiin asiakirjan s\u00e4hk\u00f6iseen allekirjoittamiseen.<\/p>\n<p>Jamk Signia k\u00e4ytett\u00e4ess\u00e4 kaikkien yksitt\u00e4isen asiakirjan allekirjoittajien on allekirjoitettava asiakirja s\u00e4hk\u00f6isesti. Allekirjoituspalvelun kautta allekirjoitettua asiakirjaa ei voi en\u00e4\u00e4 s\u00e4hk\u00f6isen allekirjoittamisen j\u00e4lkeen allekirjoittaa erikseen paperimuodossa, koska t\u00e4ll\u00f6in j\u00e4lkik\u00e4teen kyn\u00e4ll\u00e4 tehdyn allekirjoituksen tiedot eiv\u00e4t en\u00e4\u00e4 p\u00e4ivity osaksi kyseisen asiakirjan s\u00e4hk\u00f6isen allekirjoituksen sinettileiman tietoja, josta allekirjoituksen aitous tarvittaessa tarkistetaan.<\/p>\n<p><span class=\"has-inline-color has-vivid-red-color\"><strong>Huomaathan, ett\u00e4 valmiit, s\u00e4hk\u00f6isesti allekirjoitetut asiakirjat s\u00e4ilyv\u00e4t Jamk Sign -palvelussa vain 30 p\u00e4iv\u00e4\u00e4. Allekirjoituskierron aloittajan vastuulla on huolehtia asiakirjojen tallentamisesta Jamkin asianhallintaan (Tweb) tai sopimustenhallintaan (Cloudia Sopimus).<\/strong><\/span><\/p>\n<p>Huom! Asiakirjaa, joka on s\u00e4hk\u00f6isesti allekirjoitettu toisella allekirjoituspalvelulla ei voi en\u00e4\u00e4 allekirjoittaa uudelleen JAMK Sign palvelussa.<\/p>\n<p>Jamkin sopimukset tallennetaan\/laaditaan ja allekirjoitetaan <a href=\"https:\/\/jamkstudent.sharepoint.com\/sites\/Talouspalvelut-Elmo\/SitePages\/Cloudia-Sopimus.aspx?xsdata=MDV8MDJ8UGFzaS5Tb21lcm9AamFtay5maXwyNmYzOWYyYzc5YjE0ZDYyNDdmZjA4ZGM1NTMwYTQ5OHw2ZTllYWFmMDNmZjc0ZGU5OGNkNDFmZmJkNDU5NTFiOXwxfDB8NjM4NDc4OTE0NjEzMzg1MTg0fFVua25vd258VFdGcGJHWnNiM2Q4ZXlKV0lqb2lNQzR3TGpBd01EQWlMQ0pRSWpvaVYybHVNeklpTENKQlRpSTZJazFoYVd3aUxDSlhWQ0k2TW4wPXwwfHx8&amp;sdata=STFBTTZlUXdiS0hLUHg2QXhDT1dyM3R1NnRzN0JuZ1RoRkdLbXdVL2lLdz0%3d\">sopimuksenhallintaj\u00e4rjestelm\u00e4ss\u00e4 (Cloudia Sopimus).<\/a><\/p>\n<p>Perehdyth\u00e4n ohjeistukseen huolella ennen allekirjoituspyynn\u00f6n l\u00e4hett\u00e4mist\u00e4.<\/p>\n              <\/div>\n                      <\/div>\n        <\/div>\n              <div class=\"row block-text-column__column-section\">\n          <div class=\"col-12 col-md-5 block-text-column__column-section--column\">\n            <div class=\"block-text-column__column-section--title-wrap\">\n                              <h2 class=\"\">S\u00e4hk\u00f6inen allekirjoitus<\/h2>\n                          <\/div>\n          <\/div>\n          <div class=\"col-12 col-md-7 block-text-column__column-section--column\">\n                          <div class=\"block-text-column__column-section--text_area\">\n                <p>Jyv\u00e4skyl\u00e4n ammattikorkeakoulun osakeyhti\u00f6n hallitus on hyv\u00e4ksynyt s\u00e4hk\u00f6isen allekirjoituksen k\u00e4ytt\u00f6\u00f6noton 21.9.2020.<\/p>\n<p>Asiakirjojen allekirjoittamisesta vastaavat toimivaltam\u00e4\u00e4r\u00e4yksess\u00e4 m\u00e4\u00e4r\u00e4tyt henkil\u00f6t samalla tavalla, kuin jos asiakirja allekirjoitetaan k\u00e4sin. S\u00e4hk\u00f6inen allekirjoitus ei tuo muutosta Jamkin johtos\u00e4\u00e4nn\u00f6ss\u00e4 m\u00e4\u00e4ritettyihin toimivaltuuksiin.<\/p>\n<p>Allekirjoituspalveluun sis\u00e4\u00e4nkirjautuminen ja tunnistautuminen tapahtuu kaksivaiheisesti. Jamkin henkil\u00f6kuntaan kuuluva k\u00e4ytt\u00e4j\u00e4 p\u00e4\u00e4see kirjautumaan j\u00e4rjestelm\u00e4\u00e4n Jamkin tunnuksillaan (JAMK Tunnukset-painike), kun taasen Jamkin ulkopuolinen allekirjoittaja kirjautuu j\u00e4rjestelm\u00e4\u00e4n allekirjoituskiertokohtaisella kutsutunnisteella (Seuraava-painike).<\/p>\n              <\/div>\n                      <\/div>\n        <\/div>\n            <\/div>\n<\/div>","protected":false},"excerpt":{"rendered":"","protected":false},"author":94,"featured_media":0,"parent":0,"menu_order":0,"comment_status":"closed","ping_status":"closed","template":"templates\/template-full-width.php","meta":{"_acf_changed":false,"_relevanssi_hide_post":"","_relevanssi_hide_content":"","_relevanssi_pin_for_all":"","_relevanssi_pin_keywords":"sign, s\u00e4hk\u00f6inen allekirjoitus, allekirjoitus","_relevanssi_unpin_keywords":"","_relevanssi_related_keywords":"","_relevanssi_related_include_ids":"","_relevanssi_related_exclude_ids":"","_relevanssi_related_no_append":"","_relevanssi_related_not_related":"","_relevanssi_related_posts":"","_relevanssi_noindex_reason":"","footnotes":""},"categories":[],"tags":[24,30,36],"class_list":["post-6","page","type-page","status-publish","hentry","tag-allekirjoitus","tag-jamk-sign","tag-sahkoinen-allekirjoitus"],"acf":[],"yoast_head":"<!-- This site is optimized with the Yoast SEO plugin v27.3 - https:\/\/yoast.com\/product\/yoast-seo-wordpress\/ -->\n<title>S\u00e4hk\u00f6inen allekirjoituspalvelu - S\u00e4hk\u00f6inen allekirjoitus<\/title>\n<meta name=\"robots\" content=\"index, follow, max-snippet:-1, max-image-preview:large, max-video-preview:-1\" \/>\n<link rel=\"canonical\" href=\"https:\/\/help.jamk.fi\/sahkoinen-allekirjoitus\/fi\/\" \/>\n<meta property=\"og:locale\" content=\"fi_FI\" \/>\n<meta property=\"og:type\" content=\"article\" \/>\n<meta property=\"og:title\" content=\"S\u00e4hk\u00f6inen allekirjoituspalvelu - S\u00e4hk\u00f6inen allekirjoitus\" \/>\n<meta property=\"og:url\" content=\"https:\/\/help.jamk.fi\/sahkoinen-allekirjoitus\/fi\/\" \/>\n<meta property=\"og:site_name\" content=\"S\u00e4hk\u00f6inen allekirjoitus\" \/>\n<meta property=\"article:modified_time\" content=\"2025-07-17T07:04:47+00:00\" \/>\n<meta name=\"twitter:card\" content=\"summary_large_image\" \/>\n<script type=\"application\/ld+json\" class=\"yoast-schema-graph\">{\"@context\":\"https:\\\/\\\/schema.org\",\"@graph\":[{\"@type\":\"WebPage\",\"@id\":\"https:\\\/\\\/help.jamk.fi\\\/sahkoinen-allekirjoitus\\\/fi\\\/\",\"url\":\"https:\\\/\\\/help.jamk.fi\\\/sahkoinen-allekirjoitus\\\/fi\\\/\",\"name\":\"S\u00e4hk\u00f6inen allekirjoituspalvelu - S\u00e4hk\u00f6inen allekirjoitus\",\"isPartOf\":{\"@id\":\"https:\\\/\\\/help.jamk.fi\\\/sahkoinen-allekirjoitus\\\/#website\"},\"datePublished\":\"2020-09-01T03:44:14+00:00\",\"dateModified\":\"2025-07-17T07:04:47+00:00\",\"breadcrumb\":{\"@id\":\"https:\\\/\\\/help.jamk.fi\\\/sahkoinen-allekirjoitus\\\/fi\\\/#breadcrumb\"},\"inLanguage\":\"fi\",\"potentialAction\":[{\"@type\":\"ReadAction\",\"target\":[\"https:\\\/\\\/help.jamk.fi\\\/sahkoinen-allekirjoitus\\\/fi\\\/\"]}]},{\"@type\":\"BreadcrumbList\",\"@id\":\"https:\\\/\\\/help.jamk.fi\\\/sahkoinen-allekirjoitus\\\/fi\\\/#breadcrumb\",\"itemListElement\":[{\"@type\":\"ListItem\",\"position\":1,\"name\":\"Etusivu\",\"item\":\"https:\\\/\\\/help.jamk.fi\\\/sahkoinen-allekirjoitus\\\/fi\\\/\"},{\"@type\":\"ListItem\",\"position\":2,\"name\":\"S\u00e4hk\u00f6inen allekirjoituspalvelu\"}]},{\"@type\":\"WebSite\",\"@id\":\"https:\\\/\\\/help.jamk.fi\\\/sahkoinen-allekirjoitus\\\/#website\",\"url\":\"https:\\\/\\\/help.jamk.fi\\\/sahkoinen-allekirjoitus\\\/\",\"name\":\"S\u00e4hk\u00f6inen allekirjoitus\",\"description\":\"\",\"potentialAction\":[{\"@type\":\"SearchAction\",\"target\":{\"@type\":\"EntryPoint\",\"urlTemplate\":\"https:\\\/\\\/help.jamk.fi\\\/sahkoinen-allekirjoitus\\\/?s={search_term_string}\"},\"query-input\":{\"@type\":\"PropertyValueSpecification\",\"valueRequired\":true,\"valueName\":\"search_term_string\"}}],\"inLanguage\":\"fi\"}]}<\/script>\n<!-- \/ Yoast SEO plugin. -->","yoast_head_json":{"title":"S\u00e4hk\u00f6inen allekirjoituspalvelu - S\u00e4hk\u00f6inen allekirjoitus","robots":{"index":"index","follow":"follow","max-snippet":"max-snippet:-1","max-image-preview":"max-image-preview:large","max-video-preview":"max-video-preview:-1"},"canonical":"https:\/\/help.jamk.fi\/sahkoinen-allekirjoitus\/fi\/","og_locale":"fi_FI","og_type":"article","og_title":"S\u00e4hk\u00f6inen allekirjoituspalvelu - S\u00e4hk\u00f6inen allekirjoitus","og_url":"https:\/\/help.jamk.fi\/sahkoinen-allekirjoitus\/fi\/","og_site_name":"S\u00e4hk\u00f6inen allekirjoitus","article_modified_time":"2025-07-17T07:04:47+00:00","twitter_card":"summary_large_image","schema":{"@context":"https:\/\/schema.org","@graph":[{"@type":"WebPage","@id":"https:\/\/help.jamk.fi\/sahkoinen-allekirjoitus\/fi\/","url":"https:\/\/help.jamk.fi\/sahkoinen-allekirjoitus\/fi\/","name":"S\u00e4hk\u00f6inen allekirjoituspalvelu - S\u00e4hk\u00f6inen allekirjoitus","isPartOf":{"@id":"https:\/\/help.jamk.fi\/sahkoinen-allekirjoitus\/#website"},"datePublished":"2020-09-01T03:44:14+00:00","dateModified":"2025-07-17T07:04:47+00:00","breadcrumb":{"@id":"https:\/\/help.jamk.fi\/sahkoinen-allekirjoitus\/fi\/#breadcrumb"},"inLanguage":"fi","potentialAction":[{"@type":"ReadAction","target":["https:\/\/help.jamk.fi\/sahkoinen-allekirjoitus\/fi\/"]}]},{"@type":"BreadcrumbList","@id":"https:\/\/help.jamk.fi\/sahkoinen-allekirjoitus\/fi\/#breadcrumb","itemListElement":[{"@type":"ListItem","position":1,"name":"Etusivu","item":"https:\/\/help.jamk.fi\/sahkoinen-allekirjoitus\/fi\/"},{"@type":"ListItem","position":2,"name":"S\u00e4hk\u00f6inen allekirjoituspalvelu"}]},{"@type":"WebSite","@id":"https:\/\/help.jamk.fi\/sahkoinen-allekirjoitus\/#website","url":"https:\/\/help.jamk.fi\/sahkoinen-allekirjoitus\/","name":"S\u00e4hk\u00f6inen allekirjoitus","description":"","potentialAction":[{"@type":"SearchAction","target":{"@type":"EntryPoint","urlTemplate":"https:\/\/help.jamk.fi\/sahkoinen-allekirjoitus\/?s={search_term_string}"},"query-input":{"@type":"PropertyValueSpecification","valueRequired":true,"valueName":"search_term_string"}}],"inLanguage":"fi"}]}},"_links":{"self":[{"href":"https:\/\/help.jamk.fi\/sahkoinen-allekirjoitus\/wp-json\/wp\/v2\/pages\/6","targetHints":{"allow":["GET"]}}],"collection":[{"href":"https:\/\/help.jamk.fi\/sahkoinen-allekirjoitus\/wp-json\/wp\/v2\/pages"}],"about":[{"href":"https:\/\/help.jamk.fi\/sahkoinen-allekirjoitus\/wp-json\/wp\/v2\/types\/page"}],"author":[{"embeddable":true,"href":"https:\/\/help.jamk.fi\/sahkoinen-allekirjoitus\/wp-json\/wp\/v2\/users\/94"}],"replies":[{"embeddable":true,"href":"https:\/\/help.jamk.fi\/sahkoinen-allekirjoitus\/wp-json\/wp\/v2\/comments?post=6"}],"version-history":[{"count":16,"href":"https:\/\/help.jamk.fi\/sahkoinen-allekirjoitus\/wp-json\/wp\/v2\/pages\/6\/revisions"}],"predecessor-version":[{"id":562,"href":"https:\/\/help.jamk.fi\/sahkoinen-allekirjoitus\/wp-json\/wp\/v2\/pages\/6\/revisions\/562"}],"wp:attachment":[{"href":"https:\/\/help.jamk.fi\/sahkoinen-allekirjoitus\/wp-json\/wp\/v2\/media?parent=6"}],"wp:term":[{"taxonomy":"category","embeddable":true,"href":"https:\/\/help.jamk.fi\/sahkoinen-allekirjoitus\/wp-json\/wp\/v2\/categories?post=6"},{"taxonomy":"post_tag","embeddable":true,"href":"https:\/\/help.jamk.fi\/sahkoinen-allekirjoitus\/wp-json\/wp\/v2\/tags?post=6"}],"curies":[{"name":"wp","href":"https:\/\/api.w.org\/{rel}","templated":true}]}}