{"id":87,"date":"2020-09-18T08:04:36","date_gmt":"2020-09-18T05:04:36","guid":{"rendered":"https:\/\/help.jamk.fi\/sahkoinen-allekirjoitus\/asiakirja-on-allekirjoitettu\/"},"modified":"2024-04-10T10:54:33","modified_gmt":"2024-04-10T07:54:33","slug":"asiakirja-on-allekirjoitettu","status":"publish","type":"page","link":"https:\/\/help.jamk.fi\/sahkoinen-allekirjoitus\/fi\/asiakirja-on-allekirjoitettu\/","title":{"rendered":"Kun asiakirja on allekirjoitettu"},"content":{"rendered":"\n<h2 class=\"wp-block-heading\">Saat s\u00e4hk\u00f6postiviestin, kun asiakirja on allekirjoitettu<\/h2>\n\n\n\n<p>Kun asiakirja on allekirjoitettu, saat siit\u00e4 ilmoituksen s\u00e4hk\u00f6postiisi. <\/p>\n\n\n\n<p>Siirry allekirjoituspalveluun joko suoraan viestiss\u00e4 olevasta linkist\u00e4 tai kirjautumalla palveluun.<\/p>\n\n\n\n<figure class=\"wp-block-image size-large\"><img decoding=\"async\" src=\"https:\/\/help.jamk.fi\/sahkoinen-allekirjoitus\/wp-content\/uploads\/sites\/93\/2023\/07\/eMAIL_end.jpg\" alt=\"\" class=\"wp-image-436\"\/><figcaption class=\"wp-element-caption\"><strong>S\u00e4hk\u00f6postiviesti, kun allekirjoituskierto on valmis<\/strong><\/figcaption><\/figure>\n\n\n\n\n\n<h2 class=\"wp-block-heading\">Allekirjoitettu valmis asiakirja allekirjoituspalvelussa<\/h2>\n\n\n\n\n\n<p>Voit poistaa allekirjoitetut asiakirjat Jamk Sign palvelusta my\u00f6s itse siirretty\u00e4si ne ensin Jamkin asianhallintaan.<\/p>\n\n\n\n\n\n<p>Allekirjoitustieto tulee my\u00f6s merkint\u00e4n\u00e4 asiakirjan jokaisen sivun alareunaan ja PDF-tiedoston metatietoihin.<\/p>\n\n\n\n\n\n\n\n\n\n\n\n\n\n<h2 class=\"wp-block-heading\">Asiakirjan siirt\u00e4minen asianhallintaan (Tweb)<\/h2>\n\n\n\n<p id=\"block-924469e7-410f-4ac1-aec8-d15b425ab6de\"><a href=\"https:\/\/sign.jamk.fi\">Jamk Sign-palveluun p\u00e4\u00e4set kirjautumaan t\u00e4st\u00e4<\/a><\/p>\n\n\n\n<p>Ty\u00f6asemallesi lataamasi asiakirjan tallentamisessa asianhallintaan noudatetaan jo olemassa olevia, prosessikohtaisia ohjeita ja Twebin yleisohjetta. <\/p>\n\n\n\n<p><strong>Huom! <\/strong>Jos tiedostot on allekirjoitettu omina, erillisin\u00e4 tiedostoinaan, <strong>\u00e4l\u00e4 yhdist\u00e4 tiedostoja<\/strong> allekirjoittamisen j\u00e4lkeen. Allekirjoitus rikkoutuu, jos tiedostot yhdist\u00e4\u00e4 j\u00e4lkik\u00e4teen. Jos allekirjoitus rikkoutuu, allekirjoitus ei ole en\u00e4\u00e4 p\u00e4tev\u00e4. <\/p>\n\n\n\n<p>Ota siis hyviss\u00e4 ajoin selv\u00e4\u00e4, mihin teht\u00e4v\u00e4luokkaan tallentamasi asiakirja tulee liitt\u00e4\u00e4. \u00c4l\u00e4 tallenna suinp\u00e4in!<\/p>\n\n\n\n<p>Jamkin sopimukset tallennetaan\/laaditaan ja allekirjoitetaan erillisell\u00e4 toiminnolla <a href=\"https:\/\/jamkstudent.sharepoint.com\/sites\/Talouspalvelut-Elmo\/SitePages\/Cloudia-Sopimus.aspx?xsdata=MDV8MDJ8UGFzaS5Tb21lcm9AamFtay5maXwyNmYzOWYyYzc5YjE0ZDYyNDdmZjA4ZGM1NTMwYTQ5OHw2ZTllYWFmMDNmZjc0ZGU5OGNkNDFmZmJkNDU5NTFiOXwxfDB8NjM4NDc4OTE0NjEzMzg1MTg0fFVua25vd258VFdGcGJHWnNiM2Q4ZXlKV0lqb2lNQzR3TGpBd01EQWlMQ0pRSWpvaVYybHVNeklpTENKQlRpSTZJazFoYVd3aUxDSlhWQ0k2TW4wPXwwfHx8&amp;sdata=STFBTTZlUXdiS0hLUHg2QXhDT1dyM3R1NnRzN0JuZ1RoRkdLbXdVL2lLdz0%3d\">sopimuksenhallintaj\u00e4rjestelm\u00e4ss\u00e4 (Cloudia Sopimus).<\/a><\/p>\n\n\n\n\n","protected":false},"excerpt":{"rendered":"<p>Saat s\u00e4hk\u00f6postiviestin, kun asiakirja on allekirjoitettu Kun asiakirja on allekirjoitettu, saat siit\u00e4 ilmoituksen s\u00e4hk\u00f6postiisi. Siirry allekirjoituspalveluun joko suoraan viestiss\u00e4 olevasta linkist\u00e4 tai kirjautumalla palveluun. Allekirjoitettu valmis asiakirja allekirjoituspalvelussa Voit poistaa allekirjoitetut asiakirjat Jamk Sign palvelusta my\u00f6s itse siirretty\u00e4si ne ensin Jamkin asianhallintaan. Asiakirjan siirt\u00e4minen asianhallintaan (Tweb) Ty\u00f6asemallesi lataamasi asiakirjan tallentamisessa asianhallintaan noudatetaan jo olemassa olevia, [&hellip;]<\/p>\n","protected":false},"author":94,"featured_media":0,"parent":0,"menu_order":150,"comment_status":"closed","ping_status":"closed","template":"","meta":{"_acf_changed":false,"_relevanssi_hide_post":"","_relevanssi_hide_content":"","_relevanssi_pin_for_all":"","_relevanssi_pin_keywords":"","_relevanssi_unpin_keywords":"","_relevanssi_related_keywords":"","_relevanssi_related_include_ids":"","_relevanssi_related_exclude_ids":"","_relevanssi_related_no_append":"","_relevanssi_related_not_related":"","_relevanssi_related_posts":"","_relevanssi_noindex_reason":"","footnotes":""},"categories":[],"tags":[144,162,168,174,180,120,186,192],"class_list":["post-87","page","type-page","status-publish","hentry","tag-arkistointi","tag-asiakirjan-siirtaminen","tag-asianhallinta","tag-lataaminen","tag-tallentaminen","tag-tiedoston-lataaminen","tag-tweb","tag-yhteyshenkilot"],"acf":[],"yoast_head":"<!-- This site is optimized with the Yoast SEO plugin v27.5 - https:\/\/yoast.com\/product\/yoast-seo-wordpress\/ -->\n<title>Kun asiakirja on allekirjoitettu - S\u00e4hk\u00f6inen allekirjoitus<\/title>\n<meta name=\"robots\" content=\"index, follow, max-snippet:-1, max-image-preview:large, max-video-preview:-1\" \/>\n<link rel=\"canonical\" href=\"https:\/\/help.jamk.fi\/sahkoinen-allekirjoitus\/fi\/asiakirja-on-allekirjoitettu\/\" \/>\n<meta property=\"og:locale\" content=\"fi_FI\" \/>\n<meta property=\"og:type\" content=\"article\" \/>\n<meta property=\"og:title\" content=\"Kun asiakirja on allekirjoitettu - S\u00e4hk\u00f6inen allekirjoitus\" \/>\n<meta property=\"og:description\" content=\"Saat s\u00e4hk\u00f6postiviestin, kun asiakirja on allekirjoitettu Kun asiakirja on allekirjoitettu, saat siit\u00e4 ilmoituksen s\u00e4hk\u00f6postiisi. Siirry allekirjoituspalveluun joko suoraan viestiss\u00e4 olevasta linkist\u00e4 tai kirjautumalla palveluun. Allekirjoitettu valmis asiakirja allekirjoituspalvelussa Voit poistaa allekirjoitetut asiakirjat Jamk Sign palvelusta my\u00f6s itse siirretty\u00e4si ne ensin Jamkin asianhallintaan. Asiakirjan siirt\u00e4minen asianhallintaan (Tweb) Ty\u00f6asemallesi lataamasi asiakirjan tallentamisessa asianhallintaan noudatetaan jo olemassa olevia, [&hellip;]\" \/>\n<meta property=\"og:url\" content=\"https:\/\/help.jamk.fi\/sahkoinen-allekirjoitus\/fi\/asiakirja-on-allekirjoitettu\/\" \/>\n<meta property=\"og:site_name\" content=\"S\u00e4hk\u00f6inen allekirjoitus\" \/>\n<meta property=\"article:modified_time\" content=\"2024-04-10T07:54:33+00:00\" \/>\n<meta property=\"og:image\" content=\"https:\/\/help.jamk.fi\/sahkoinen-allekirjoitus\/wp-content\/uploads\/sites\/93\/2023\/07\/eMAIL_end.jpg\" \/>\n<meta name=\"twitter:card\" content=\"summary_large_image\" \/>\n<meta name=\"twitter:label1\" content=\"Arvioitu lukuaika\" \/>\n\t<meta name=\"twitter:data1\" content=\"11 minuuttia\" \/>\n<script type=\"application\/ld+json\" class=\"yoast-schema-graph\">{\"@context\":\"https:\\\/\\\/schema.org\",\"@graph\":[{\"@type\":\"WebPage\",\"@id\":\"https:\\\/\\\/help.jamk.fi\\\/sahkoinen-allekirjoitus\\\/fi\\\/asiakirja-on-allekirjoitettu\\\/\",\"url\":\"https:\\\/\\\/help.jamk.fi\\\/sahkoinen-allekirjoitus\\\/fi\\\/asiakirja-on-allekirjoitettu\\\/\",\"name\":\"Kun asiakirja on allekirjoitettu - S\u00e4hk\u00f6inen allekirjoitus\",\"isPartOf\":{\"@id\":\"https:\\\/\\\/help.jamk.fi\\\/sahkoinen-allekirjoitus\\\/#website\"},\"primaryImageOfPage\":{\"@id\":\"https:\\\/\\\/help.jamk.fi\\\/sahkoinen-allekirjoitus\\\/fi\\\/asiakirja-on-allekirjoitettu\\\/#primaryimage\"},\"image\":{\"@id\":\"https:\\\/\\\/help.jamk.fi\\\/sahkoinen-allekirjoitus\\\/fi\\\/asiakirja-on-allekirjoitettu\\\/#primaryimage\"},\"thumbnailUrl\":\"https:\\\/\\\/help.jamk.fi\\\/sahkoinen-allekirjoitus\\\/wp-content\\\/uploads\\\/sites\\\/93\\\/2023\\\/07\\\/eMAIL_end.jpg\",\"datePublished\":\"2020-09-18T05:04:36+00:00\",\"dateModified\":\"2024-04-10T07:54:33+00:00\",\"breadcrumb\":{\"@id\":\"https:\\\/\\\/help.jamk.fi\\\/sahkoinen-allekirjoitus\\\/fi\\\/asiakirja-on-allekirjoitettu\\\/#breadcrumb\"},\"inLanguage\":\"fi\",\"potentialAction\":[{\"@type\":\"ReadAction\",\"target\":[\"https:\\\/\\\/help.jamk.fi\\\/sahkoinen-allekirjoitus\\\/fi\\\/asiakirja-on-allekirjoitettu\\\/\"]}]},{\"@type\":\"ImageObject\",\"inLanguage\":\"fi\",\"@id\":\"https:\\\/\\\/help.jamk.fi\\\/sahkoinen-allekirjoitus\\\/fi\\\/asiakirja-on-allekirjoitettu\\\/#primaryimage\",\"url\":\"\",\"contentUrl\":\"\"},{\"@type\":\"BreadcrumbList\",\"@id\":\"https:\\\/\\\/help.jamk.fi\\\/sahkoinen-allekirjoitus\\\/fi\\\/asiakirja-on-allekirjoitettu\\\/#breadcrumb\",\"itemListElement\":[{\"@type\":\"ListItem\",\"position\":1,\"name\":\"Etusivu\",\"item\":\"https:\\\/\\\/help.jamk.fi\\\/sahkoinen-allekirjoitus\\\/fi\\\/\"},{\"@type\":\"ListItem\",\"position\":2,\"name\":\"Kun asiakirja on allekirjoitettu\"}]},{\"@type\":\"WebSite\",\"@id\":\"https:\\\/\\\/help.jamk.fi\\\/sahkoinen-allekirjoitus\\\/#website\",\"url\":\"https:\\\/\\\/help.jamk.fi\\\/sahkoinen-allekirjoitus\\\/\",\"name\":\"S\u00e4hk\u00f6inen allekirjoitus\",\"description\":\"\",\"potentialAction\":[{\"@type\":\"SearchAction\",\"target\":{\"@type\":\"EntryPoint\",\"urlTemplate\":\"https:\\\/\\\/help.jamk.fi\\\/sahkoinen-allekirjoitus\\\/?s={search_term_string}\"},\"query-input\":{\"@type\":\"PropertyValueSpecification\",\"valueRequired\":true,\"valueName\":\"search_term_string\"}}],\"inLanguage\":\"fi\"}]}<\/script>\n<!-- \/ Yoast SEO plugin. -->","yoast_head_json":{"title":"Kun asiakirja on allekirjoitettu - S\u00e4hk\u00f6inen allekirjoitus","robots":{"index":"index","follow":"follow","max-snippet":"max-snippet:-1","max-image-preview":"max-image-preview:large","max-video-preview":"max-video-preview:-1"},"canonical":"https:\/\/help.jamk.fi\/sahkoinen-allekirjoitus\/fi\/asiakirja-on-allekirjoitettu\/","og_locale":"fi_FI","og_type":"article","og_title":"Kun asiakirja on allekirjoitettu - S\u00e4hk\u00f6inen allekirjoitus","og_description":"Saat s\u00e4hk\u00f6postiviestin, kun asiakirja on allekirjoitettu Kun asiakirja on allekirjoitettu, saat siit\u00e4 ilmoituksen s\u00e4hk\u00f6postiisi. Siirry allekirjoituspalveluun joko suoraan viestiss\u00e4 olevasta linkist\u00e4 tai kirjautumalla palveluun. Allekirjoitettu valmis asiakirja allekirjoituspalvelussa Voit poistaa allekirjoitetut asiakirjat Jamk Sign palvelusta my\u00f6s itse siirretty\u00e4si ne ensin Jamkin asianhallintaan. Asiakirjan siirt\u00e4minen asianhallintaan (Tweb) Ty\u00f6asemallesi lataamasi asiakirjan tallentamisessa asianhallintaan noudatetaan jo olemassa olevia, [&hellip;]","og_url":"https:\/\/help.jamk.fi\/sahkoinen-allekirjoitus\/fi\/asiakirja-on-allekirjoitettu\/","og_site_name":"S\u00e4hk\u00f6inen allekirjoitus","article_modified_time":"2024-04-10T07:54:33+00:00","og_image":[{"url":"https:\/\/help.jamk.fi\/sahkoinen-allekirjoitus\/wp-content\/uploads\/sites\/93\/2023\/07\/eMAIL_end.jpg","type":"","width":"","height":""}],"twitter_card":"summary_large_image","twitter_misc":{"Arvioitu lukuaika":"11 minuuttia"},"schema":{"@context":"https:\/\/schema.org","@graph":[{"@type":"WebPage","@id":"https:\/\/help.jamk.fi\/sahkoinen-allekirjoitus\/fi\/asiakirja-on-allekirjoitettu\/","url":"https:\/\/help.jamk.fi\/sahkoinen-allekirjoitus\/fi\/asiakirja-on-allekirjoitettu\/","name":"Kun asiakirja on allekirjoitettu - S\u00e4hk\u00f6inen allekirjoitus","isPartOf":{"@id":"https:\/\/help.jamk.fi\/sahkoinen-allekirjoitus\/#website"},"primaryImageOfPage":{"@id":"https:\/\/help.jamk.fi\/sahkoinen-allekirjoitus\/fi\/asiakirja-on-allekirjoitettu\/#primaryimage"},"image":{"@id":"https:\/\/help.jamk.fi\/sahkoinen-allekirjoitus\/fi\/asiakirja-on-allekirjoitettu\/#primaryimage"},"thumbnailUrl":"https:\/\/help.jamk.fi\/sahkoinen-allekirjoitus\/wp-content\/uploads\/sites\/93\/2023\/07\/eMAIL_end.jpg","datePublished":"2020-09-18T05:04:36+00:00","dateModified":"2024-04-10T07:54:33+00:00","breadcrumb":{"@id":"https:\/\/help.jamk.fi\/sahkoinen-allekirjoitus\/fi\/asiakirja-on-allekirjoitettu\/#breadcrumb"},"inLanguage":"fi","potentialAction":[{"@type":"ReadAction","target":["https:\/\/help.jamk.fi\/sahkoinen-allekirjoitus\/fi\/asiakirja-on-allekirjoitettu\/"]}]},{"@type":"ImageObject","inLanguage":"fi","@id":"https:\/\/help.jamk.fi\/sahkoinen-allekirjoitus\/fi\/asiakirja-on-allekirjoitettu\/#primaryimage","url":"","contentUrl":""},{"@type":"BreadcrumbList","@id":"https:\/\/help.jamk.fi\/sahkoinen-allekirjoitus\/fi\/asiakirja-on-allekirjoitettu\/#breadcrumb","itemListElement":[{"@type":"ListItem","position":1,"name":"Etusivu","item":"https:\/\/help.jamk.fi\/sahkoinen-allekirjoitus\/fi\/"},{"@type":"ListItem","position":2,"name":"Kun asiakirja on allekirjoitettu"}]},{"@type":"WebSite","@id":"https:\/\/help.jamk.fi\/sahkoinen-allekirjoitus\/#website","url":"https:\/\/help.jamk.fi\/sahkoinen-allekirjoitus\/","name":"S\u00e4hk\u00f6inen allekirjoitus","description":"","potentialAction":[{"@type":"SearchAction","target":{"@type":"EntryPoint","urlTemplate":"https:\/\/help.jamk.fi\/sahkoinen-allekirjoitus\/?s={search_term_string}"},"query-input":{"@type":"PropertyValueSpecification","valueRequired":true,"valueName":"search_term_string"}}],"inLanguage":"fi"}]}},"_links":{"self":[{"href":"https:\/\/help.jamk.fi\/sahkoinen-allekirjoitus\/wp-json\/wp\/v2\/pages\/87","targetHints":{"allow":["GET"]}}],"collection":[{"href":"https:\/\/help.jamk.fi\/sahkoinen-allekirjoitus\/wp-json\/wp\/v2\/pages"}],"about":[{"href":"https:\/\/help.jamk.fi\/sahkoinen-allekirjoitus\/wp-json\/wp\/v2\/types\/page"}],"author":[{"embeddable":true,"href":"https:\/\/help.jamk.fi\/sahkoinen-allekirjoitus\/wp-json\/wp\/v2\/users\/94"}],"replies":[{"embeddable":true,"href":"https:\/\/help.jamk.fi\/sahkoinen-allekirjoitus\/wp-json\/wp\/v2\/comments?post=87"}],"version-history":[{"count":7,"href":"https:\/\/help.jamk.fi\/sahkoinen-allekirjoitus\/wp-json\/wp\/v2\/pages\/87\/revisions"}],"predecessor-version":[{"id":551,"href":"https:\/\/help.jamk.fi\/sahkoinen-allekirjoitus\/wp-json\/wp\/v2\/pages\/87\/revisions\/551"}],"wp:attachment":[{"href":"https:\/\/help.jamk.fi\/sahkoinen-allekirjoitus\/wp-json\/wp\/v2\/media?parent=87"}],"wp:term":[{"taxonomy":"category","embeddable":true,"href":"https:\/\/help.jamk.fi\/sahkoinen-allekirjoitus\/wp-json\/wp\/v2\/categories?post=87"},{"taxonomy":"post_tag","embeddable":true,"href":"https:\/\/help.jamk.fi\/sahkoinen-allekirjoitus\/wp-json\/wp\/v2\/tags?post=87"}],"curies":[{"name":"wp","href":"https:\/\/api.w.org\/{rel}","templated":true}]}}