{"id":11,"date":"2025-01-29T13:54:40","date_gmt":"2025-01-29T11:54:40","guid":{"rendered":"https:\/\/help.jamk.fi\/tekoaly\/?page_id=11"},"modified":"2025-10-31T10:04:29","modified_gmt":"2025-10-31T08:04:29","slug":"materiaali","status":"publish","type":"page","link":"https:\/\/help.jamk.fi\/tekoaly\/materiaali\/","title":{"rendered":"Lis\u00e4materiaalia"},"content":{"rendered":"\n<h2 class=\"wp-block-heading\">Lis\u00e4materiaalia teko\u00e4lyn vastuulliseen k\u00e4ytt\u00f6\u00f6n:<\/h2>\n\n\n\n<p>Hy\u00f6dynnett\u00e4v\u00e4\u00e4 ja kopioitavaa materiaalia esimerkiksi verkkototeutuksille sek\u00e4 linkkej\u00e4 hy\u00f6dylliseen lis\u00e4materiaaliin.<\/p>\n\n\n\n<div id=\"accordion-block_0efe400e1ecbf5b9741e628bb8cdc793\" class=\"accordion block-accordion\">\n  <div class=\"block-accordion__element-header\">\n      <\/div>\n  <div class=\"block-accordion__accordions\">\n                  <div class=\"accordion-item\">\n          <h2 class=\"h6 accordion-title\">\n            <button id=\"accordion-header-1\" class=\"accordion-header\" aria-expanded=\"false\" aria-controls=\"accordion-panel-1\">\n              Yleisbriiffaus teko\u00e4lyn k\u00e4ytt\u00f6\u00f6n verkko-opintojaksolle -teksti (Riipinen)              <div class='plus-icon' itemprop='logo'><svg aria-hidden=\"true\" viewBox=\"0 0 16 16\" fill=\"none\" xmlns=\"http:\/\/www.w3.org\/2000\/svg\"><path d=\"M8.92 7.1V.06H7.2V7.1H.12v1.72H7.2v7.12h1.72V8.82H16V7.1H8.92z\" fill=\"#0D004C\"\/><\/svg><\/div>              <div class='minus-icon' itemprop='logo'><svg aria-hidden=\"true\" viewBox=\"0 0 14 2\" fill=\"none\" xmlns=\"http:\/\/www.w3.org\/2000\/svg\"><path d=\"M14 1.88H.88V.12H14v1.76z\" fill=\"#fff\"\/><\/svg><\/div>            <\/button>\n          <\/h2>\n          <div class=\"accordion-section-wrapper\">\n            <section id=\"accordion-panel-1\" class=\"accordion-panel\" aria-labelledby=\"accordion-header-1\">\n              <p>Jenni Riipinen (Kielikeskus) on muotoillut teko\u00e4lyn k\u00e4ytt\u00f6\u00e4 ohjaavan tekstin, jota soveltuu mm. englannin opintojaksojen yhteyteen. Hy\u00f6dynn\u00e4 Jennin teksti\u00e4 omassa ty\u00f6ss\u00e4si:<\/p>\n<p>NB! Word\u2019s spellchecker does not count as the use of AI! Please use it with all your written tasks. However, if you use any other spellchecking systems or language enhancers (e.g. Grammarly), Turnitin will report it as the use of AI.<\/p>\n<p>While using AI might seem like a tempting option to do all your learning tasks, there are some restrictions that the students should consider:<\/p>\n<p style=\"padding-left: 40px;\">1. Accuracy and Reliability: AI (e.g. ChatGPT, Copilot) is not an academic source. It might generate inaccurate or outdated information, and the answers it generates might not always be reliable. Therefore, students should verify the information provided by AI by using trusted sources.<\/p>\n<p style=\"padding-left: 40px;\">2. Plagiarism: Relying too heavily on AI can lead to unintentional plagiarism. If the student directly copies text generated by ChatGPT\/Copilot\/other AI without proper citation, it could result in academic misconduct. It is crucial to use the generated content as a reference or starting point and then rephrase and integrate it into the essay in your own words.<\/p>\n<p style=\"padding-left: 40px;\">3. Lack of Context Awareness: AI might not fully understand the specific context or requirements of the essay prompt. It could generate content that does not align with the assignment\u2019s objectives, leading to irrelevant or off-topic sections.<\/p>\n<p style=\"padding-left: 40px;\">4. Over-Reliance on Technology: While AI can be a valuable tool, it is important for students to develop their own critical thinking, research, and writing skills. Over-relying on technology e.g. for essay composition could hinder the development of these essential skills. This is the main reason why AI cannot be used in the written tasks of this course.<\/p>\n<p style=\"padding-left: 40px;\">5. Inappropriate\/biased Content: AI\u2019s responses are generated based on the input it receives. While for example OpenAI has implemented safety measures to avoid generating inappropriate or biased content, there is still a possibility that the model might produce content that is not suitable for academic or professional settings.<\/p>\n<p>How can AI then be used during the course? Here are some ideas on how to ensure your learning process while avoiding plagiarism. The most important thing is to remember that you are the master while AI is a tool. The final product should come from you, not from mindless technology.<\/p>\n            <\/section>\n          <\/div>\n        <\/div>\n              <div class=\"accordion-item\">\n          <h2 class=\"h6 accordion-title\">\n            <button id=\"accordion-header-2\" class=\"accordion-header\" aria-expanded=\"false\" aria-controls=\"accordion-panel-2\">\n              S\u00e4\u00e4nn\u00f6t teko\u00e4lyn k\u00e4yt\u00f6lle opintojaksolla -kuvataulu (Lahdenper\u00e4)              <div class='plus-icon' itemprop='logo'><svg aria-hidden=\"true\" viewBox=\"0 0 16 16\" fill=\"none\" xmlns=\"http:\/\/www.w3.org\/2000\/svg\"><path d=\"M8.92 7.1V.06H7.2V7.1H.12v1.72H7.2v7.12h1.72V8.82H16V7.1H8.92z\" fill=\"#0D004C\"\/><\/svg><\/div>              <div class='minus-icon' itemprop='logo'><svg aria-hidden=\"true\" viewBox=\"0 0 14 2\" fill=\"none\" xmlns=\"http:\/\/www.w3.org\/2000\/svg\"><path d=\"M14 1.88H.88V.12H14v1.76z\" fill=\"#fff\"\/><\/svg><\/div>            <\/button>\n          <\/h2>\n          <div class=\"accordion-section-wrapper\">\n            <section id=\"accordion-panel-2\" class=\"accordion-panel\" aria-labelledby=\"accordion-header-2\">\n              <p>Emilia Lahdenper\u00e4 (Hyvinvointiyksikk\u00f6) on muotoillut teko\u00e4lyn k\u00e4ytt\u00f6\u00e4 ohjaavan taulun. Tallenna kuva omaan k\u00e4ytt\u00f6\u00f6si halutessasi.<\/p>\n<p><img loading=\"lazy\" decoding=\"async\" class=\"alignnone wp-image-468\" src=\"https:\/\/help.jamk.fi\/tekoaly\/wp-content\/uploads\/sites\/143\/2025\/01\/Tekoalyn-kaytto-opintojaksolla-300x169.png\" alt=\"teko\u00e4lyn k\u00e4ytt\u00f6 opintojaksolla huoneentauluna\" width=\"809\" height=\"456\" srcset=\"https:\/\/help.jamk.fi\/tekoaly\/wp-content\/uploads\/sites\/143\/2025\/01\/Tekoalyn-kaytto-opintojaksolla-300x169.png 300w, https:\/\/help.jamk.fi\/tekoaly\/wp-content\/uploads\/sites\/143\/2025\/01\/Tekoalyn-kaytto-opintojaksolla-1024x576.png 1024w, https:\/\/help.jamk.fi\/tekoaly\/wp-content\/uploads\/sites\/143\/2025\/01\/Tekoalyn-kaytto-opintojaksolla-768x432.png 768w, https:\/\/help.jamk.fi\/tekoaly\/wp-content\/uploads\/sites\/143\/2025\/01\/Tekoalyn-kaytto-opintojaksolla.png 1200w\" sizes=\"auto, (max-width: 809px) 100vw, 809px\" \/><\/p>\n            <\/section>\n          <\/div>\n        <\/div>\n              <div class=\"accordion-item\">\n          <h2 class=\"h6 accordion-title\">\n            <button id=\"accordion-header-3\" class=\"accordion-header\" aria-expanded=\"false\" aria-controls=\"accordion-panel-3\">\n              Teko\u00e4lyn hy\u00f6dynt\u00e4minen oppimisteht\u00e4viss\u00e4 -kuvataulu (Lahdenper\u00e4)              <div class='plus-icon' itemprop='logo'><svg aria-hidden=\"true\" viewBox=\"0 0 16 16\" fill=\"none\" xmlns=\"http:\/\/www.w3.org\/2000\/svg\"><path d=\"M8.92 7.1V.06H7.2V7.1H.12v1.72H7.2v7.12h1.72V8.82H16V7.1H8.92z\" fill=\"#0D004C\"\/><\/svg><\/div>              <div class='minus-icon' itemprop='logo'><svg aria-hidden=\"true\" viewBox=\"0 0 14 2\" fill=\"none\" xmlns=\"http:\/\/www.w3.org\/2000\/svg\"><path d=\"M14 1.88H.88V.12H14v1.76z\" fill=\"#fff\"\/><\/svg><\/div>            <\/button>\n          <\/h2>\n          <div class=\"accordion-section-wrapper\">\n            <section id=\"accordion-panel-3\" class=\"accordion-panel\" aria-labelledby=\"accordion-header-3\">\n              <p>Emilia Lahdenper\u00e4n (Hyvinvointiyksikk\u00f6) kokoama taulu teko\u00e4lyn hy\u00f6dynt\u00e4misest\u00e4 oppimisteht\u00e4viss\u00e4. Tallenna kuva omaan k\u00e4ytt\u00f6\u00f6si halutessasi.<\/p>\n<p><img loading=\"lazy\" decoding=\"async\" class=\"alignnone wp-image-493\" src=\"https:\/\/help.jamk.fi\/tekoaly\/wp-content\/uploads\/sites\/143\/2025\/02\/Tekoalyn-hyodyntaminen-oppimistehtavissa-jaettu-300x169.png\" alt=\"Teko\u00e4lyn hy\u00f6dynt\u00e4minen oppimisteht\u00e4viss\u00e4 -huoneentaulu\" width=\"744\" height=\"419\" srcset=\"https:\/\/help.jamk.fi\/tekoaly\/wp-content\/uploads\/sites\/143\/2025\/02\/Tekoalyn-hyodyntaminen-oppimistehtavissa-jaettu-300x169.png 300w, https:\/\/help.jamk.fi\/tekoaly\/wp-content\/uploads\/sites\/143\/2025\/02\/Tekoalyn-hyodyntaminen-oppimistehtavissa-jaettu-1024x576.png 1024w, https:\/\/help.jamk.fi\/tekoaly\/wp-content\/uploads\/sites\/143\/2025\/02\/Tekoalyn-hyodyntaminen-oppimistehtavissa-jaettu-768x432.png 768w, https:\/\/help.jamk.fi\/tekoaly\/wp-content\/uploads\/sites\/143\/2025\/02\/Tekoalyn-hyodyntaminen-oppimistehtavissa-jaettu.png 1200w\" sizes=\"auto, (max-width: 744px) 100vw, 744px\" \/><\/p>\n            <\/section>\n          <\/div>\n        <\/div>\n              <div class=\"accordion-item\">\n          <h2 class=\"h6 accordion-title\">\n            <button id=\"accordion-header-4\" class=\"accordion-header\" aria-expanded=\"false\" aria-controls=\"accordion-panel-4\">\n              Teko\u00e4lyn hy\u00f6dynt\u00e4minen opinn\u00e4ytety\u00f6ss\u00e4 -kuvataulu (Lahdenper\u00e4)              <div class='plus-icon' itemprop='logo'><svg aria-hidden=\"true\" viewBox=\"0 0 16 16\" fill=\"none\" xmlns=\"http:\/\/www.w3.org\/2000\/svg\"><path d=\"M8.92 7.1V.06H7.2V7.1H.12v1.72H7.2v7.12h1.72V8.82H16V7.1H8.92z\" fill=\"#0D004C\"\/><\/svg><\/div>              <div class='minus-icon' itemprop='logo'><svg aria-hidden=\"true\" viewBox=\"0 0 14 2\" fill=\"none\" xmlns=\"http:\/\/www.w3.org\/2000\/svg\"><path d=\"M14 1.88H.88V.12H14v1.76z\" fill=\"#fff\"\/><\/svg><\/div>            <\/button>\n          <\/h2>\n          <div class=\"accordion-section-wrapper\">\n            <section id=\"accordion-panel-4\" class=\"accordion-panel\" aria-labelledby=\"accordion-header-4\">\n              <p>Emilia Lahdenper\u00e4n (Hyvinvointiyksikk\u00f6) kokoama taulu teko\u00e4lyn hy\u00f6dynt\u00e4misest\u00e4 opinn\u00e4ytety\u00f6ss\u00e4. Tallenna kuva omaan k\u00e4ytt\u00f6\u00f6si halutessasi.<\/p>\n<p><img loading=\"lazy\" decoding=\"async\" class=\"alignnone wp-image-494\" src=\"https:\/\/help.jamk.fi\/tekoaly\/wp-content\/uploads\/sites\/143\/2025\/02\/Tekoaly-opinnaytetyossa-jaettu-1-300x169.png\" alt=\"Teko\u00e4ly opinn\u00e4ytety\u00f6ss\u00e4 -taulu\" width=\"753\" height=\"424\" srcset=\"https:\/\/help.jamk.fi\/tekoaly\/wp-content\/uploads\/sites\/143\/2025\/02\/Tekoaly-opinnaytetyossa-jaettu-1-300x169.png 300w, https:\/\/help.jamk.fi\/tekoaly\/wp-content\/uploads\/sites\/143\/2025\/02\/Tekoaly-opinnaytetyossa-jaettu-1-1024x576.png 1024w, https:\/\/help.jamk.fi\/tekoaly\/wp-content\/uploads\/sites\/143\/2025\/02\/Tekoaly-opinnaytetyossa-jaettu-1-768x432.png 768w, https:\/\/help.jamk.fi\/tekoaly\/wp-content\/uploads\/sites\/143\/2025\/02\/Tekoaly-opinnaytetyossa-jaettu-1.png 1200w\" sizes=\"auto, (max-width: 753px) 100vw, 753px\" \/><\/p>\n            <\/section>\n          <\/div>\n        <\/div>\n              <div class=\"accordion-item\">\n          <h2 class=\"h6 accordion-title\">\n            <button id=\"accordion-header-5\" class=\"accordion-header\" aria-expanded=\"false\" aria-controls=\"accordion-panel-5\">\n              Teko\u00e4ly TKI-toiminnassa (linkki)              <div class='plus-icon' itemprop='logo'><svg aria-hidden=\"true\" viewBox=\"0 0 16 16\" fill=\"none\" xmlns=\"http:\/\/www.w3.org\/2000\/svg\"><path d=\"M8.92 7.1V.06H7.2V7.1H.12v1.72H7.2v7.12h1.72V8.82H16V7.1H8.92z\" fill=\"#0D004C\"\/><\/svg><\/div>              <div class='minus-icon' itemprop='logo'><svg aria-hidden=\"true\" viewBox=\"0 0 14 2\" fill=\"none\" xmlns=\"http:\/\/www.w3.org\/2000\/svg\"><path d=\"M14 1.88H.88V.12H14v1.76z\" fill=\"#fff\"\/><\/svg><\/div>            <\/button>\n          <\/h2>\n          <div class=\"accordion-section-wrapper\">\n            <section id=\"accordion-panel-5\" class=\"accordion-panel\" aria-labelledby=\"accordion-header-5\">\n              <p>Jamkin TKI-toimijoille on laadittu oma teko\u00e4lyohjeistus. Tutustu <a href=\"https:\/\/jamkstudent.sharepoint.com\/sites\/Projektiohje-Elmo\/SitePages\/teko%C3%A4ly-tki-toiminnassa.aspx\" target=\"_blank\" rel=\"noopener\">Teko\u00e4ly TKI-toiminnassa<\/a> -sivuun intrassa (vaatii kirjautumisen Jamk-tunnuksella)<\/p>\n            <\/section>\n          <\/div>\n        <\/div>\n              <div class=\"accordion-item\">\n          <h2 class=\"h6 accordion-title\">\n            <button id=\"accordion-header-6\" class=\"accordion-header\" aria-expanded=\"false\" aria-controls=\"accordion-panel-6\">\n              Copilotin tietosuoja Jamkin tunnuksella k\u00e4ytett\u00e4ess\u00e4 (linkki)              <div class='plus-icon' itemprop='logo'><svg aria-hidden=\"true\" viewBox=\"0 0 16 16\" fill=\"none\" xmlns=\"http:\/\/www.w3.org\/2000\/svg\"><path d=\"M8.92 7.1V.06H7.2V7.1H.12v1.72H7.2v7.12h1.72V8.82H16V7.1H8.92z\" fill=\"#0D004C\"\/><\/svg><\/div>              <div class='minus-icon' itemprop='logo'><svg aria-hidden=\"true\" viewBox=\"0 0 14 2\" fill=\"none\" xmlns=\"http:\/\/www.w3.org\/2000\/svg\"><path d=\"M14 1.88H.88V.12H14v1.76z\" fill=\"#fff\"\/><\/svg><\/div>            <\/button>\n          <\/h2>\n          <div class=\"accordion-section-wrapper\">\n            <section id=\"accordion-panel-6\" class=\"accordion-panel\" aria-labelledby=\"accordion-header-6\">\n              <p>Lis\u00e4tietoa Microsoft Copilotin tietosuojasta, kun sit\u00e4 k\u00e4ytet\u00e4\u00e4n Jamk-tunnuksella kirjautuen:<\/p>\n<p><a href=\"https:\/\/learn.microsoft.com\/fi-fi\/power-platform\/faqs-copilot-data-security-privacy\" target=\"_blank\" rel=\"noopener\">Copilotin tietosuojaa ja yksityisyytt\u00e4 koskeva UKK Dynamics 365:lle ja Power Platformille &#8211; Power Platform | Microsoft Learn<\/a><\/p>\n            <\/section>\n          <\/div>\n        <\/div>\n            <\/div>\n<\/div>\n\n\n<p>Ehdota lis\u00e4materiaalia: mari.varonen @ jamk.fi<\/p>\n\n\n\n<p><\/p>\n","protected":false},"excerpt":{"rendered":"<p>Lis\u00e4materiaalia teko\u00e4lyn vastuulliseen k\u00e4ytt\u00f6\u00f6n: Hy\u00f6dynnett\u00e4v\u00e4\u00e4 ja kopioitavaa materiaalia esimerkiksi verkkototeutuksille sek\u00e4 linkkej\u00e4 hy\u00f6dylliseen lis\u00e4materiaaliin. Ehdota lis\u00e4materiaalia: mari.varonen @ jamk.fi<\/p>\n","protected":false},"author":74,"featured_media":334,"parent":0,"menu_order":10,"comment_status":"closed","ping_status":"closed","template":"","meta":{"_acf_changed":false,"_relevanssi_hide_post":"","_relevanssi_hide_content":"","_relevanssi_pin_for_all":"","_relevanssi_pin_keywords":"","_relevanssi_unpin_keywords":"","_relevanssi_related_keywords":"","_relevanssi_related_include_ids":"","_relevanssi_related_exclude_ids":"","_relevanssi_related_no_append":"","_relevanssi_related_not_related":"","_relevanssi_related_posts":"1","_relevanssi_noindex_reason":"","footnotes":""},"categories":[26],"tags":[12,40,38,10],"class_list":["post-11","page","type-page","status-publish","has-post-thumbnail","hentry","category-tekoaly","tag-ai","tag-linkki","tag-materiaali","tag-tekoaly"],"acf":[],"yoast_head":"<!-- This site is optimized with the Yoast SEO plugin v27.4 - https:\/\/yoast.com\/product\/yoast-seo-wordpress\/ -->\n<title>Lis\u00e4materiaalia - Teko\u00e4lyn vastuullinen k\u00e4ytt\u00f6 Jamkissa<\/title>\n<meta name=\"robots\" content=\"index, follow, max-snippet:-1, max-image-preview:large, max-video-preview:-1\" \/>\n<link rel=\"canonical\" href=\"https:\/\/help.jamk.fi\/tekoaly\/materiaali\/\" \/>\n<meta property=\"og:locale\" content=\"fi_FI\" \/>\n<meta property=\"og:type\" content=\"article\" \/>\n<meta property=\"og:title\" content=\"Lis\u00e4materiaalia - Teko\u00e4lyn vastuullinen k\u00e4ytt\u00f6 Jamkissa\" \/>\n<meta property=\"og:description\" content=\"Lis\u00e4materiaalia teko\u00e4lyn vastuulliseen k\u00e4ytt\u00f6\u00f6n: Hy\u00f6dynnett\u00e4v\u00e4\u00e4 ja kopioitavaa materiaalia esimerkiksi verkkototeutuksille sek\u00e4 linkkej\u00e4 hy\u00f6dylliseen lis\u00e4materiaaliin. Ehdota lis\u00e4materiaalia: mari.varonen @ jamk.fi\" \/>\n<meta property=\"og:url\" content=\"https:\/\/help.jamk.fi\/tekoaly\/materiaali\/\" \/>\n<meta property=\"og:site_name\" content=\"Teko\u00e4lyn vastuullinen k\u00e4ytt\u00f6 Jamkissa\" \/>\n<meta property=\"article:modified_time\" content=\"2025-10-31T08:04:29+00:00\" \/>\n<meta property=\"og:image\" content=\"https:\/\/help.jamk.fi\/tekoaly\/wp-content\/uploads\/sites\/143\/2025\/01\/tekoalymateriaali_copilot_250129.jpg\" \/>\n\t<meta property=\"og:image:width\" content=\"1080\" \/>\n\t<meta property=\"og:image:height\" content=\"1080\" \/>\n\t<meta property=\"og:image:type\" content=\"image\/jpeg\" \/>\n<meta name=\"twitter:card\" content=\"summary_large_image\" \/>\n<meta name=\"twitter:label1\" content=\"Arvioitu lukuaika\" \/>\n\t<meta name=\"twitter:data1\" content=\"1 minuutti\" \/>\n<script type=\"application\/ld+json\" class=\"yoast-schema-graph\">{\"@context\":\"https:\\\/\\\/schema.org\",\"@graph\":[{\"@type\":\"WebPage\",\"@id\":\"https:\\\/\\\/help.jamk.fi\\\/tekoaly\\\/materiaali\\\/\",\"url\":\"https:\\\/\\\/help.jamk.fi\\\/tekoaly\\\/materiaali\\\/\",\"name\":\"Lis\u00e4materiaalia - Teko\u00e4lyn vastuullinen k\u00e4ytt\u00f6 Jamkissa\",\"isPartOf\":{\"@id\":\"https:\\\/\\\/help.jamk.fi\\\/tekoaly\\\/#website\"},\"primaryImageOfPage\":{\"@id\":\"https:\\\/\\\/help.jamk.fi\\\/tekoaly\\\/materiaali\\\/#primaryimage\"},\"image\":{\"@id\":\"https:\\\/\\\/help.jamk.fi\\\/tekoaly\\\/materiaali\\\/#primaryimage\"},\"thumbnailUrl\":\"https:\\\/\\\/help.jamk.fi\\\/tekoaly\\\/wp-content\\\/uploads\\\/sites\\\/143\\\/2025\\\/01\\\/tekoalymateriaali_copilot_250129.jpg\",\"datePublished\":\"2025-01-29T11:54:40+00:00\",\"dateModified\":\"2025-10-31T08:04:29+00:00\",\"breadcrumb\":{\"@id\":\"https:\\\/\\\/help.jamk.fi\\\/tekoaly\\\/materiaali\\\/#breadcrumb\"},\"inLanguage\":\"fi\",\"potentialAction\":[{\"@type\":\"ReadAction\",\"target\":[\"https:\\\/\\\/help.jamk.fi\\\/tekoaly\\\/materiaali\\\/\"]}]},{\"@type\":\"ImageObject\",\"inLanguage\":\"fi\",\"@id\":\"https:\\\/\\\/help.jamk.fi\\\/tekoaly\\\/materiaali\\\/#primaryimage\",\"url\":\"https:\\\/\\\/help.jamk.fi\\\/tekoaly\\\/wp-content\\\/uploads\\\/sites\\\/143\\\/2025\\\/01\\\/tekoalymateriaali_copilot_250129.jpg\",\"contentUrl\":\"https:\\\/\\\/help.jamk.fi\\\/tekoaly\\\/wp-content\\\/uploads\\\/sites\\\/143\\\/2025\\\/01\\\/tekoalymateriaali_copilot_250129.jpg\",\"width\":1080,\"height\":1080,\"caption\":\"Tietokone ja kirjoja p\u00f6yd\u00e4ll\u00e4\"},{\"@type\":\"BreadcrumbList\",\"@id\":\"https:\\\/\\\/help.jamk.fi\\\/tekoaly\\\/materiaali\\\/#breadcrumb\",\"itemListElement\":[{\"@type\":\"ListItem\",\"position\":1,\"name\":\"Home\",\"item\":\"https:\\\/\\\/help.jamk.fi\\\/tekoaly\\\/\"},{\"@type\":\"ListItem\",\"position\":2,\"name\":\"Lis\u00e4materiaalia\"}]},{\"@type\":\"WebSite\",\"@id\":\"https:\\\/\\\/help.jamk.fi\\\/tekoaly\\\/#website\",\"url\":\"https:\\\/\\\/help.jamk.fi\\\/tekoaly\\\/\",\"name\":\"Teko\u00e4lyn vastuullinen k\u00e4ytt\u00f6 Jamkissa\",\"description\":\"Ohjeistusta ja esimerkkej\u00e4 teko\u00e4lyn hy\u00f6dynt\u00e4misest\u00e4\",\"potentialAction\":[{\"@type\":\"SearchAction\",\"target\":{\"@type\":\"EntryPoint\",\"urlTemplate\":\"https:\\\/\\\/help.jamk.fi\\\/tekoaly\\\/?s={search_term_string}\"},\"query-input\":{\"@type\":\"PropertyValueSpecification\",\"valueRequired\":true,\"valueName\":\"search_term_string\"}}],\"inLanguage\":\"fi\"}]}<\/script>\n<!-- \/ Yoast SEO plugin. -->","yoast_head_json":{"title":"Lis\u00e4materiaalia - Teko\u00e4lyn vastuullinen k\u00e4ytt\u00f6 Jamkissa","robots":{"index":"index","follow":"follow","max-snippet":"max-snippet:-1","max-image-preview":"max-image-preview:large","max-video-preview":"max-video-preview:-1"},"canonical":"https:\/\/help.jamk.fi\/tekoaly\/materiaali\/","og_locale":"fi_FI","og_type":"article","og_title":"Lis\u00e4materiaalia - Teko\u00e4lyn vastuullinen k\u00e4ytt\u00f6 Jamkissa","og_description":"Lis\u00e4materiaalia teko\u00e4lyn vastuulliseen k\u00e4ytt\u00f6\u00f6n: Hy\u00f6dynnett\u00e4v\u00e4\u00e4 ja kopioitavaa materiaalia esimerkiksi verkkototeutuksille sek\u00e4 linkkej\u00e4 hy\u00f6dylliseen lis\u00e4materiaaliin. Ehdota lis\u00e4materiaalia: mari.varonen @ jamk.fi","og_url":"https:\/\/help.jamk.fi\/tekoaly\/materiaali\/","og_site_name":"Teko\u00e4lyn vastuullinen k\u00e4ytt\u00f6 Jamkissa","article_modified_time":"2025-10-31T08:04:29+00:00","og_image":[{"width":1080,"height":1080,"url":"https:\/\/help.jamk.fi\/tekoaly\/wp-content\/uploads\/sites\/143\/2025\/01\/tekoalymateriaali_copilot_250129.jpg","type":"image\/jpeg"}],"twitter_card":"summary_large_image","twitter_misc":{"Arvioitu lukuaika":"1 minuutti"},"schema":{"@context":"https:\/\/schema.org","@graph":[{"@type":"WebPage","@id":"https:\/\/help.jamk.fi\/tekoaly\/materiaali\/","url":"https:\/\/help.jamk.fi\/tekoaly\/materiaali\/","name":"Lis\u00e4materiaalia - Teko\u00e4lyn vastuullinen k\u00e4ytt\u00f6 Jamkissa","isPartOf":{"@id":"https:\/\/help.jamk.fi\/tekoaly\/#website"},"primaryImageOfPage":{"@id":"https:\/\/help.jamk.fi\/tekoaly\/materiaali\/#primaryimage"},"image":{"@id":"https:\/\/help.jamk.fi\/tekoaly\/materiaali\/#primaryimage"},"thumbnailUrl":"https:\/\/help.jamk.fi\/tekoaly\/wp-content\/uploads\/sites\/143\/2025\/01\/tekoalymateriaali_copilot_250129.jpg","datePublished":"2025-01-29T11:54:40+00:00","dateModified":"2025-10-31T08:04:29+00:00","breadcrumb":{"@id":"https:\/\/help.jamk.fi\/tekoaly\/materiaali\/#breadcrumb"},"inLanguage":"fi","potentialAction":[{"@type":"ReadAction","target":["https:\/\/help.jamk.fi\/tekoaly\/materiaali\/"]}]},{"@type":"ImageObject","inLanguage":"fi","@id":"https:\/\/help.jamk.fi\/tekoaly\/materiaali\/#primaryimage","url":"https:\/\/help.jamk.fi\/tekoaly\/wp-content\/uploads\/sites\/143\/2025\/01\/tekoalymateriaali_copilot_250129.jpg","contentUrl":"https:\/\/help.jamk.fi\/tekoaly\/wp-content\/uploads\/sites\/143\/2025\/01\/tekoalymateriaali_copilot_250129.jpg","width":1080,"height":1080,"caption":"Tietokone ja kirjoja p\u00f6yd\u00e4ll\u00e4"},{"@type":"BreadcrumbList","@id":"https:\/\/help.jamk.fi\/tekoaly\/materiaali\/#breadcrumb","itemListElement":[{"@type":"ListItem","position":1,"name":"Home","item":"https:\/\/help.jamk.fi\/tekoaly\/"},{"@type":"ListItem","position":2,"name":"Lis\u00e4materiaalia"}]},{"@type":"WebSite","@id":"https:\/\/help.jamk.fi\/tekoaly\/#website","url":"https:\/\/help.jamk.fi\/tekoaly\/","name":"Teko\u00e4lyn vastuullinen k\u00e4ytt\u00f6 Jamkissa","description":"Ohjeistusta ja esimerkkej\u00e4 teko\u00e4lyn hy\u00f6dynt\u00e4misest\u00e4","potentialAction":[{"@type":"SearchAction","target":{"@type":"EntryPoint","urlTemplate":"https:\/\/help.jamk.fi\/tekoaly\/?s={search_term_string}"},"query-input":{"@type":"PropertyValueSpecification","valueRequired":true,"valueName":"search_term_string"}}],"inLanguage":"fi"}]}},"_links":{"self":[{"href":"https:\/\/help.jamk.fi\/tekoaly\/wp-json\/wp\/v2\/pages\/11","targetHints":{"allow":["GET"]}}],"collection":[{"href":"https:\/\/help.jamk.fi\/tekoaly\/wp-json\/wp\/v2\/pages"}],"about":[{"href":"https:\/\/help.jamk.fi\/tekoaly\/wp-json\/wp\/v2\/types\/page"}],"author":[{"embeddable":true,"href":"https:\/\/help.jamk.fi\/tekoaly\/wp-json\/wp\/v2\/users\/74"}],"replies":[{"embeddable":true,"href":"https:\/\/help.jamk.fi\/tekoaly\/wp-json\/wp\/v2\/comments?post=11"}],"version-history":[{"count":18,"href":"https:\/\/help.jamk.fi\/tekoaly\/wp-json\/wp\/v2\/pages\/11\/revisions"}],"predecessor-version":[{"id":528,"href":"https:\/\/help.jamk.fi\/tekoaly\/wp-json\/wp\/v2\/pages\/11\/revisions\/528"}],"wp:featuredmedia":[{"embeddable":true,"href":"https:\/\/help.jamk.fi\/tekoaly\/wp-json\/wp\/v2\/media\/334"}],"wp:attachment":[{"href":"https:\/\/help.jamk.fi\/tekoaly\/wp-json\/wp\/v2\/media?parent=11"}],"wp:term":[{"taxonomy":"category","embeddable":true,"href":"https:\/\/help.jamk.fi\/tekoaly\/wp-json\/wp\/v2\/categories?post=11"},{"taxonomy":"post_tag","embeddable":true,"href":"https:\/\/help.jamk.fi\/tekoaly\/wp-json\/wp\/v2\/tags?post=11"}],"curies":[{"name":"wp","href":"https:\/\/api.w.org\/{rel}","templated":true}]}}