{"id":12,"date":"2025-01-20T10:27:43","date_gmt":"2025-01-20T08:27:43","guid":{"rendered":"https:\/\/help.jamk.fi\/tekoaly\/?page_id=12"},"modified":"2025-12-19T13:55:41","modified_gmt":"2025-12-19T11:55:41","slug":"eettisyys","status":"publish","type":"page","link":"https:\/\/help.jamk.fi\/tekoaly\/eettisyys\/","title":{"rendered":"Teko\u00e4lyn eettinen k\u00e4ytt\u00f6"},"content":{"rendered":"\n<h3 class=\"wp-block-heading\">Eettiset kysymykset teko\u00e4ly\u00e4 k\u00e4ytett\u00e4ess\u00e4<\/h3>\n\n\n\n<p>Jamkissa teko\u00e4lysovellusten k\u00e4ytt\u00f6 edellytt\u00e4\u00e4, ett\u00e4 tunnistat vastuusi tekij\u00e4n\u00e4. Teko\u00e4lysovelluksia k\u00e4ytett\u00e4ess\u00e4 sinun tulee aina huomioida eettiset periaatteet ja lains\u00e4\u00e4d\u00e4nt\u00f6.<\/p>\n\n\n\n<p>Eettisest\u00e4 n\u00e4k\u00f6kulmasta teko\u00e4lyn k\u00e4yt\u00f6n l\u00e4ht\u00f6kohta on kuvata l\u00e4pin\u00e4kyv\u00e4sti, miten ja miss\u00e4 yhteydess\u00e4 sit\u00e4 on k\u00e4ytetty ja miten se vaikuttaa ty\u00f6h\u00f6n, esimerkiksi suunnitelmien tai materiaalien laatimiseen, opinn\u00e4ytety\u00f6h\u00f6n, projektiin tai tutkimukseen. \u00c4l\u00e4 esit\u00e4 teko\u00e4lyn tuottamaa sis\u00e4lt\u00f6\u00e4 omanasi, esimerkiksi teksti\u00e4, p\u00e4\u00e4telmi\u00e4, l\u00e4hteit\u00e4, kuvia tai taulukoita, jotta et syyllisty vilppiin.<\/p>\n\n\n\n<p>Sek\u00e4 henkil\u00f6st\u00f6n ett\u00e4 opiskelijoiden tulisi k\u00e4ytt\u00e4\u00e4 Jamkin tukemia ja tietoturvan puolesta tarkistamia teko\u00e4lyohjelmia.<\/p>\n\n\n\n<p>Teko\u00e4lyn k\u00e4yt\u00f6n tulisi aina olla l\u00e4pin\u00e4kyv\u00e4\u00e4 ja harkittua. Ole tietoinen siit\u00e4, miten teko\u00e4ly tietoja k\u00e4sittelee ja minne data voi siirty\u00e4. Teko\u00e4lypalvelu voi siirt\u00e4\u00e4 tietoa my\u00f6s EU\/EEA -alueen ulkopuolelle.<\/p>\n\n\n\n<div id=\"accordion-block_a79e086511eec25664c97b029caa41e9\" class=\"accordion block-accordion\">\n  <div class=\"block-accordion__element-header\">\n      <\/div>\n  <div class=\"block-accordion__accordions\">\n                  <div class=\"accordion-item\">\n          <h2 class=\"h6 accordion-title\">\n            <button id=\"accordion-header-1\" class=\"accordion-header\" aria-expanded=\"false\" aria-controls=\"accordion-panel-1\">\n              Tunnistatko hy\u00f6dyt, haitat, riskit ja velvoitteet              <div class='plus-icon' itemprop='logo'><svg aria-hidden=\"true\" viewBox=\"0 0 16 16\" fill=\"none\" xmlns=\"http:\/\/www.w3.org\/2000\/svg\"><path d=\"M8.92 7.1V.06H7.2V7.1H.12v1.72H7.2v7.12h1.72V8.82H16V7.1H8.92z\" fill=\"#0D004C\"\/><\/svg><\/div>              <div class='minus-icon' itemprop='logo'><svg aria-hidden=\"true\" viewBox=\"0 0 14 2\" fill=\"none\" xmlns=\"http:\/\/www.w3.org\/2000\/svg\"><path d=\"M14 1.88H.88V.12H14v1.76z\" fill=\"#fff\"\/><\/svg><\/div>            <\/button>\n          <\/h2>\n          <div class=\"accordion-section-wrapper\">\n            <section id=\"accordion-panel-1\" class=\"accordion-panel\" aria-labelledby=\"accordion-header-1\">\n              <ul>\n<li>Punnitse, millaista hy\u00f6ty\u00e4 ja haittaa teko\u00e4lyn k\u00e4yt\u00f6ll\u00e4 voi olla opinn\u00e4ytety\u00f6h\u00f6n, projektiin tai tutkimukseen osallistuville tai muille sidosryhmille? Mieti esimerkiksi alaik\u00e4isen, huoltajan, l\u00e4heisen, yrityksen edustajan tai henkil\u00f6st\u00f6n n\u00e4k\u00f6kulmasta, miten teko\u00e4lysovelluksen k\u00e4ytt\u00f6 heihin vaikuttaa tai miten he kokevat sen.<\/li>\n<li>Mit\u00e4 hyv\u00e4\u00e4 teko\u00e4lyn k\u00e4ytt\u00e4minen tuo ty\u00f6h\u00f6n? Onko teko\u00e4lyn k\u00e4ytt\u00f6 v\u00e4ltt\u00e4m\u00e4t\u00f6nt\u00e4 ja tuottaako se lis\u00e4arvoa? Kuvaa lis\u00e4arvo.<\/li>\n<li>Mit\u00e4 enemm\u00e4n teko\u00e4lyn k\u00e4yt\u00f6ll\u00e4 on vaikutuksia muihin, sen kriittisemmin sen k\u00e4ytt\u00f6\u00f6n tulee suhtautua. N\u00e4it\u00e4 tilanteita on esimerkiksi toisten t\u00f6iden tai suoritusten arviointi, p\u00e4\u00e4t\u00f6ksenteko sek\u00e4 henkil\u00f6tietojen k\u00e4sittely generatiivisella teko\u00e4lyll\u00e4.<\/li>\n<li>Tunnistatko ja hallitsetko teko\u00e4lyn k\u00e4ytt\u00f6\u00f6n liittyv\u00e4t lait, velvoitteet, s\u00e4\u00e4d\u00f6kset ja ohjeet, kuten tietosuojas\u00e4\u00e4d\u00f6kset, EU:n AI ACT, tekij\u00e4noikeus ja yksityisyydensuoja?<\/li>\n<li>Generatiivisen teko\u00e4lyn hiilijalanj\u00e4lki on suuri.<\/li>\n<\/ul>\n            <\/section>\n          <\/div>\n        <\/div>\n              <div class=\"accordion-item\">\n          <h2 class=\"h6 accordion-title\">\n            <button id=\"accordion-header-2\" class=\"accordion-header\" aria-expanded=\"false\" aria-controls=\"accordion-panel-2\">\n              Tekijyys ja tekij\u00e4noikeus rajoittavat teko\u00e4lyn k\u00e4ytt\u00f6\u00e4              <div class='plus-icon' itemprop='logo'><svg aria-hidden=\"true\" viewBox=\"0 0 16 16\" fill=\"none\" xmlns=\"http:\/\/www.w3.org\/2000\/svg\"><path d=\"M8.92 7.1V.06H7.2V7.1H.12v1.72H7.2v7.12h1.72V8.82H16V7.1H8.92z\" fill=\"#0D004C\"\/><\/svg><\/div>              <div class='minus-icon' itemprop='logo'><svg aria-hidden=\"true\" viewBox=\"0 0 14 2\" fill=\"none\" xmlns=\"http:\/\/www.w3.org\/2000\/svg\"><path d=\"M14 1.88H.88V.12H14v1.76z\" fill=\"#fff\"\/><\/svg><\/div>            <\/button>\n          <\/h2>\n          <div class=\"accordion-section-wrapper\">\n            <section id=\"accordion-panel-2\" class=\"accordion-panel\" aria-labelledby=\"accordion-header-2\">\n              <ul>\n<li>Tekij\u00e4noikeus syntyy ihmiselle ja on luovan ty\u00f6n tulos. Jos ihmistekij\u00e4 puuttuu, niin kysymyksess\u00e4 ei ole teos. Teko\u00e4ly ei ole luonnollinen ihminen, joten se ei voi saada tekij\u00e4noikeutta.<\/li>\n<li>Tekij\u00e4noikeus on sinun sill\u00e4 ehdolla, ett\u00e4 et ole teosta esim. artikkelia, podcastia tai posteria tehdess\u00e4si rikkonut kenenk\u00e4\u00e4n muun tekij\u00e4noikeutta mm. k\u00e4ytt\u00e4m\u00e4ll\u00e4 teko\u00e4ly\u00e4 v\u00e4\u00e4rin.<\/li>\n<li><a href=\"https:\/\/infoguides.jamk.fi\/eaineistot\/kayttoehdot\" target=\"_blank\" rel=\"noopener\">Tarkista kustantajien k\u00e4ytt\u00f6ehdo<\/a>t, kun suunnittelet esimerkiksi tiivistelm\u00e4n tekoa tieteellisest\u00e4 artikkelista teko\u00e4lysovelluksen avulla. K\u00e4ytt\u00f6ehdoissa on usein kielletty esimerkiksi tekstinlouhinta ja teko\u00e4lyn k\u00e4ytt\u00f6.<\/li>\n<li>Teko\u00e4ly\u00e4 saa k\u00e4ytt\u00e4\u00e4 yleishy\u00f6dyllisten ja julkisten raporttien analysointiin, mik\u00e4li aineisto on julkisesti saatavilla, eik\u00e4 siihen kohdistu tekij\u00e4noikeudellisia rajoituksia, k\u00e4ytt\u00f6ehtoja tai yksinoikeuksia, jotka est\u00e4isiv\u00e4t automaattisen analyysin tai tiedonlouhinnan. T\u00e4llaisia ovat esimerkiksi ministeri\u00f6iden tai kuntien raportit.<\/li>\n<li>Teko\u00e4lysovellukset eiv\u00e4t kykene kertomaan, rikkovatko ne tekij\u00e4noikeuksia.<\/li>\n<\/ul>\n            <\/section>\n          <\/div>\n        <\/div>\n              <div class=\"accordion-item\">\n          <h2 class=\"h6 accordion-title\">\n            <button id=\"accordion-header-3\" class=\"accordion-header\" aria-expanded=\"false\" aria-controls=\"accordion-panel-3\">\n              Teko\u00e4ly aineistojen ker\u00e4\u00e4misess\u00e4 ja analysoinnissa              <div class='plus-icon' itemprop='logo'><svg aria-hidden=\"true\" viewBox=\"0 0 16 16\" fill=\"none\" xmlns=\"http:\/\/www.w3.org\/2000\/svg\"><path d=\"M8.92 7.1V.06H7.2V7.1H.12v1.72H7.2v7.12h1.72V8.82H16V7.1H8.92z\" fill=\"#0D004C\"\/><\/svg><\/div>              <div class='minus-icon' itemprop='logo'><svg aria-hidden=\"true\" viewBox=\"0 0 14 2\" fill=\"none\" xmlns=\"http:\/\/www.w3.org\/2000\/svg\"><path d=\"M14 1.88H.88V.12H14v1.76z\" fill=\"#fff\"\/><\/svg><\/div>            <\/button>\n          <\/h2>\n          <div class=\"accordion-section-wrapper\">\n            <section id=\"accordion-panel-3\" class=\"accordion-panel\" aria-labelledby=\"accordion-header-3\">\n              <ul>\n<li>Sinun tulisi kertoa opinn\u00e4ytteeseen, projektiin tai tutkimukseen osallistuville, jos hy\u00f6dynn\u00e4t teko\u00e4lysovelluksia aineiston ker\u00e4\u00e4misess\u00e4 tai analysoinnissa.<\/li>\n<li>Sinulla on vastuu kertoa mahdollisimman l\u00e4pin\u00e4kyv\u00e4sti, miten teko\u00e4lysovellusta hy\u00f6dynnet\u00e4\u00e4n, mihin data sovelluksesta siirtyy ja miten aineistoa teko\u00e4lyll\u00e4 k\u00e4sitell\u00e4\u00e4n. \u00c4l\u00e4 j\u00e4t\u00e4 vastuuta teko\u00e4lysovelluksen tai kielimallin toimintatapaan (esim. j\u00e4rjestelmien tietosuojaselosteet) tutustumisesta tutkittavalle tai osallistujalle.<\/li>\n<li>Hy\u00f6dynnet\u00e4\u00e4nk\u00f6 teko\u00e4lylle sy\u00f6tt\u00e4m\u00e4\u00e4si aineistoa teko\u00e4lyn kielimallin kehitt\u00e4misess\u00e4? Sinun on silloin pystytt\u00e4v\u00e4 kuvaamaan, millaista aineistoa sovelluksen kouluttamiseen on k\u00e4ytetty ja miten esim. projektin tai opinn\u00e4ytety\u00f6n tuloksiin on p\u00e4\u00e4dytty.<\/li>\n<li>Muista, ett\u00e4 olet aina itse vastuussa tulosten oikeellisuudesta ja sinun tulee kunnioittaa muiden oikeuksia.<\/li>\n<li>Kunnioita autonomiaa ja yksityisyytt\u00e4 teko\u00e4ly\u00e4 k\u00e4ytett\u00e4ess\u00e4. Kerro osallistujille tai tutkittaville, sy\u00f6t\u00e4tk\u00f6 henkil\u00f6tietoja teko\u00e4lylle ja huomioi se my\u00f6s tietosuojaselosteissa. Poista l\u00e4ht\u00f6kohtaisesti henkil\u00f6tiedot aineistosta, ennen kuin sy\u00f6t\u00e4t sen teko\u00e4lylle analysoitavaksi.<\/li>\n<\/ul>\n            <\/section>\n          <\/div>\n        <\/div>\n              <div class=\"accordion-item\">\n          <h2 class=\"h6 accordion-title\">\n            <button id=\"accordion-header-4\" class=\"accordion-header\" aria-expanded=\"false\" aria-controls=\"accordion-panel-4\">\n              Teko\u00e4ly raportoinnissa ja julkaisemisessa              <div class='plus-icon' itemprop='logo'><svg aria-hidden=\"true\" viewBox=\"0 0 16 16\" fill=\"none\" xmlns=\"http:\/\/www.w3.org\/2000\/svg\"><path d=\"M8.92 7.1V.06H7.2V7.1H.12v1.72H7.2v7.12h1.72V8.82H16V7.1H8.92z\" fill=\"#0D004C\"\/><\/svg><\/div>              <div class='minus-icon' itemprop='logo'><svg aria-hidden=\"true\" viewBox=\"0 0 14 2\" fill=\"none\" xmlns=\"http:\/\/www.w3.org\/2000\/svg\"><path d=\"M14 1.88H.88V.12H14v1.76z\" fill=\"#fff\"\/><\/svg><\/div>            <\/button>\n          <\/h2>\n          <div class=\"accordion-section-wrapper\">\n            <section id=\"accordion-panel-4\" class=\"accordion-panel\" aria-labelledby=\"accordion-header-4\">\n              <ul>\n<li>Muista kuvata teko\u00e4lyn k\u00e4ytt\u00f6 avoimesti ja k\u00e4yt\u00e4 sit\u00e4 l\u00e4pin\u00e4kyv\u00e4sti mm. oppimisteht\u00e4viss\u00e4, opinn\u00e4ytet\u00f6iss\u00e4, raporteissa ja julkaisuissa.<\/li>\n<li>\u00c4l\u00e4 esit\u00e4 teko\u00e4lyn tuotoksia kuten kuvia, taulukoita tai teksti\u00e4 omanasi. Muuten voit syyllisty\u00e4 vilpilliseen toimintaan, kuten plagiointiin tai sepitt\u00e4miseen.<\/li>\n<li>Muista hyv\u00e4 viittaaminen ja l\u00e4hteiden merkint\u00e4. Jos k\u00e4yt\u00e4t teko\u00e4lyn laatimaa teksti\u00e4 tai kuvaa sellaisenaan tai muokattuna, viittaa siihen kuten muihinkin l\u00e4hteisiin.<\/li>\n<li>Teko\u00e4lyn tuottamaa teksti\u00e4, kuvaa tai materiaalia tulee arvioida kriittisesti. Varmista, ett\u00e4 teko\u00e4lyn avulla tuotettu sis\u00e4lt\u00f6 ei heikenn\u00e4 oikeudenmukaisuutta, v\u00e4henn\u00e4 tiedon luotettavuutta, lis\u00e4\u00e4 syrjint\u00e4\u00e4 tai tue ennakkoluuloja.<\/li>\n<li>Teko\u00e4lysovellukset eiv\u00e4t voi taata, ett\u00e4 niiden tuottama tieto ei vahingoita ihmisi\u00e4, luontoa tai ymp\u00e4rist\u00f6\u00e4. Ne eiv\u00e4t my\u00f6sk\u00e4\u00e4n lupaa kunnioittaa ihmisoikeuksia, kuten yksityisyytt\u00e4 tai turvallisuutta. Siksi k\u00e4ytt\u00e4j\u00e4n vastuulla on varmistaa, ett\u00e4 teko\u00e4lyn k\u00e4ytt\u00f6 on eettisesti kest\u00e4v\u00e4\u00e4.<\/li>\n<li>Sinun tulee pysty\u00e4 osoittamaan, miten aineistoja on k\u00e4sitelty ja miten tulokset on saavutettu.<\/li>\n<\/ul>\n            <\/section>\n          <\/div>\n        <\/div>\n              <div class=\"accordion-item\">\n          <h2 class=\"h6 accordion-title\">\n            <button id=\"accordion-header-5\" class=\"accordion-header\" aria-expanded=\"false\" aria-controls=\"accordion-panel-5\">\n              Vilppiep\u00e4ilyt teko\u00e4ly\u00e4 k\u00e4ytett\u00e4ess\u00e4              <div class='plus-icon' itemprop='logo'><svg aria-hidden=\"true\" viewBox=\"0 0 16 16\" fill=\"none\" xmlns=\"http:\/\/www.w3.org\/2000\/svg\"><path d=\"M8.92 7.1V.06H7.2V7.1H.12v1.72H7.2v7.12h1.72V8.82H16V7.1H8.92z\" fill=\"#0D004C\"\/><\/svg><\/div>              <div class='minus-icon' itemprop='logo'><svg aria-hidden=\"true\" viewBox=\"0 0 14 2\" fill=\"none\" xmlns=\"http:\/\/www.w3.org\/2000\/svg\"><path d=\"M14 1.88H.88V.12H14v1.76z\" fill=\"#fff\"\/><\/svg><\/div>            <\/button>\n          <\/h2>\n          <div class=\"accordion-section-wrapper\">\n            <section id=\"accordion-panel-5\" class=\"accordion-panel\" aria-labelledby=\"accordion-header-5\">\n              <ul>\n<li>Teko\u00e4lyn hy\u00f6dynt\u00e4miseen liittyy samat hyv\u00e4n tieteellisen k\u00e4yt\u00e4nn\u00f6n periaatteet kuin muuhunkin toimintaan.<\/li>\n<li>Jos teko\u00e4ly\u00e4 k\u00e4ytt\u00e4ess\u00e4 syyllistyy eettisiin rikkomuksiin eli vilppiin tai piittaamattomuuteen, tehd\u00e4\u00e4n siit\u00e4 aina ilmoitus <a href=\"https:\/\/www.jamk.fi\/fi\/opiskelijalle\/tutkinto-opiskelija\/saannot-ja-periaatteet\" target=\"_blank\" rel=\"noopener\">Jamkin eettisten periaatteiden<\/a> ohjeiden mukaisesti.<\/li>\n<li>Todetusta vilpist\u00e4 tai piittaamattomuudesta on aina seurauksia, kuten ty\u00f6n uusiminen, varoitus tai vakavissa, toistuvissa tapauksissa opiskelijan m\u00e4\u00e4r\u00e4aikainen erottaminen tai henkil\u00f6st\u00f6n kohdalla my\u00f6s HTK-loukkausep\u00e4ily.<\/li>\n<\/ul>\n            <\/section>\n          <\/div>\n        <\/div>\n            <\/div>\n<\/div>\n\n\n<p><\/p>\n\n\n\n<h3 class=\"wp-block-heading\">Lis\u00e4tietoja ja toimintaohjeet:<\/h3>\n\n\n\n<p>Tutkimuseettinen neuvottelukunta (TENK) julkaisee kes\u00e4ll\u00e4 2026 suositukset teko\u00e4lyn eettiseen k\u00e4ytt\u00f6\u00f6n.<\/p>\n\n\n\n<p>Suosittelemme hy\u00f6dynt\u00e4m\u00e4\u00e4n seuraavia ohjeita teko\u00e4lyn k\u00e4yt\u00f6n yhteydess\u00e4. Molemmat sivustot soveltuvat my\u00f6s muuhun toimintaa kuin varsinaiseen tutkimukseen.<\/p>\n\n\n\n<p><a href=\"https:\/\/www.helsinki.fi\/fi\/tutkimus\/vastuullinen-tiede\/tekoalyn-kaytto-tutkimuksessa\">Helsingin yliopiston ohjeessa <em>Generatiivisen teko\u00e4lyn k\u00e4ytt\u00f6 tutkimuksessa<\/em><\/a> on esimerkiksi hyv\u00e4 \u00c4l\u00e4 k\u00e4yt\u00e4\/Kiinnit\u00e4 huomiota\/Tarkista -listaus generatiivisen teko\u00e4lyn k\u00e4yt\u00f6st\u00e4.<\/p>\n\n\n\n<p><a href=\"https:\/\/www.tuni.fi\/fi\/it-palvelut\/kasikirja\/tekoaly\/tekoaly-ja-tutkimus\">Tampereen korkeakouluyhteis\u00f6n ohjeissa<\/a> on selke\u00e4sti nostettu esiin k\u00e4yt\u00e4nn\u00f6n soveltaminen tutkimusvaiheittain sek\u00e4 lain s\u00e4\u00e4d\u00e4nn\u00f6n asettamat vaatimukset.  <\/p>\n\n\n\n<p>Muita keskeisi\u00e4 ohjeita:<\/p>\n\n\n\n<p><a href=\"https:\/\/www.jamk.fi\/fi\/opiskelijalle\/tutkinto-opiskelija\/saannot-ja-periaatteet\">Jamkin eettiset periaatteet<\/a><br><a href=\"https:\/\/jamkstudent.sharepoint.com\/sites\/Eettiset-periaatteet-Elmo\/SitePages\/Etusivu.aspx#piittaamattomuudella-ja-vilpill%C3%A4-on-seurauksia\">Piittaamattomuus ja vilppi opinnoissa<\/a> (intra, vaatii kirjautumisen Jamk-tunnuksilla)<br><a href=\"https:\/\/jamkstudent.sharepoint.com\/sites\/Eettiset-periaatteet-Elmo\/SitePages\/Eettiset-periaatteet-Jamkissa.aspx#ep%C3%A4eettinen-toiminta%2C-vilppi-ja-piittaamattomuus-ja-niihin-puuttuminen-jamkissa\">Piittaamattomuus ja vilppi henkil\u00f6st\u00f6n toiminnassa<\/a> (intra, vaatii kirjautumisen Jamk-tunnuksilla)<br><a href=\"https:\/\/kopiraittila.fi\/tekijanoikeustietoa\/tekoaly-ja-tekijanoikeus\/\">Teko\u00e4ly ja tekij\u00e4noikeus<\/a> (Kopiraittilan Koulu, Kopiosto)<\/p>\n","protected":false},"excerpt":{"rendered":"<p>Eettiset kysymykset teko\u00e4ly\u00e4 k\u00e4ytett\u00e4ess\u00e4 Jamkissa teko\u00e4lysovellusten k\u00e4ytt\u00f6 edellytt\u00e4\u00e4, ett\u00e4 tunnistat vastuusi tekij\u00e4n\u00e4. Teko\u00e4lysovelluksia k\u00e4ytett\u00e4ess\u00e4 sinun tulee aina huomioida eettiset periaatteet ja lains\u00e4\u00e4d\u00e4nt\u00f6. Eettisest\u00e4 n\u00e4k\u00f6kulmasta teko\u00e4lyn k\u00e4yt\u00f6n l\u00e4ht\u00f6kohta on kuvata l\u00e4pin\u00e4kyv\u00e4sti, miten ja miss\u00e4 yhteydess\u00e4 sit\u00e4 on k\u00e4ytetty ja miten se vaikuttaa ty\u00f6h\u00f6n, esimerkiksi suunnitelmien tai materiaalien laatimiseen, opinn\u00e4ytety\u00f6h\u00f6n, projektiin tai tutkimukseen. \u00c4l\u00e4 esit\u00e4 teko\u00e4lyn tuottamaa [&hellip;]<\/p>\n","protected":false},"author":74,"featured_media":315,"parent":0,"menu_order":3,"comment_status":"closed","ping_status":"closed","template":"","meta":{"_acf_changed":false,"_relevanssi_hide_post":"","_relevanssi_hide_content":"","_relevanssi_pin_for_all":"","_relevanssi_pin_keywords":"","_relevanssi_unpin_keywords":"","_relevanssi_related_keywords":"","_relevanssi_related_include_ids":"","_relevanssi_related_exclude_ids":"","_relevanssi_related_no_append":"","_relevanssi_related_not_related":"","_relevanssi_related_posts":"1","_relevanssi_noindex_reason":"","footnotes":""},"categories":[26],"tags":[12,22,24,10],"class_list":["post-12","page","type-page","status-publish","has-post-thumbnail","hentry","category-tekoaly","tag-ai","tag-eettisyys","tag-etiikka","tag-tekoaly"],"acf":[],"yoast_head":"<!-- This site is optimized with the Yoast SEO plugin v27.4 - https:\/\/yoast.com\/product\/yoast-seo-wordpress\/ -->\n<title>Teko\u00e4lyn eettinen k\u00e4ytt\u00f6 - Teko\u00e4lyn vastuullinen k\u00e4ytt\u00f6 Jamkissa<\/title>\n<meta name=\"robots\" content=\"index, follow, max-snippet:-1, max-image-preview:large, max-video-preview:-1\" \/>\n<link rel=\"canonical\" href=\"https:\/\/help.jamk.fi\/tekoaly\/eettisyys\/\" \/>\n<meta property=\"og:locale\" content=\"fi_FI\" \/>\n<meta property=\"og:type\" content=\"article\" \/>\n<meta property=\"og:title\" content=\"Teko\u00e4lyn eettinen k\u00e4ytt\u00f6 - Teko\u00e4lyn vastuullinen k\u00e4ytt\u00f6 Jamkissa\" \/>\n<meta property=\"og:description\" content=\"Eettiset kysymykset teko\u00e4ly\u00e4 k\u00e4ytett\u00e4ess\u00e4 Jamkissa teko\u00e4lysovellusten k\u00e4ytt\u00f6 edellytt\u00e4\u00e4, ett\u00e4 tunnistat vastuusi tekij\u00e4n\u00e4. Teko\u00e4lysovelluksia k\u00e4ytett\u00e4ess\u00e4 sinun tulee aina huomioida eettiset periaatteet ja lains\u00e4\u00e4d\u00e4nt\u00f6. Eettisest\u00e4 n\u00e4k\u00f6kulmasta teko\u00e4lyn k\u00e4yt\u00f6n l\u00e4ht\u00f6kohta on kuvata l\u00e4pin\u00e4kyv\u00e4sti, miten ja miss\u00e4 yhteydess\u00e4 sit\u00e4 on k\u00e4ytetty ja miten se vaikuttaa ty\u00f6h\u00f6n, esimerkiksi suunnitelmien tai materiaalien laatimiseen, opinn\u00e4ytety\u00f6h\u00f6n, projektiin tai tutkimukseen. \u00c4l\u00e4 esit\u00e4 teko\u00e4lyn tuottamaa [&hellip;]\" \/>\n<meta property=\"og:url\" content=\"https:\/\/help.jamk.fi\/tekoaly\/eettisyys\/\" \/>\n<meta property=\"og:site_name\" content=\"Teko\u00e4lyn vastuullinen k\u00e4ytt\u00f6 Jamkissa\" \/>\n<meta property=\"article:modified_time\" content=\"2025-12-19T11:55:41+00:00\" \/>\n<meta property=\"og:image\" content=\"https:\/\/help.jamk.fi\/tekoaly\/wp-content\/uploads\/sites\/143\/2025\/01\/tekoalyeettisyys_copilot_250129-1.jpg\" \/>\n\t<meta property=\"og:image:width\" content=\"1080\" \/>\n\t<meta property=\"og:image:height\" content=\"1080\" \/>\n\t<meta property=\"og:image:type\" content=\"image\/jpeg\" \/>\n<meta name=\"twitter:card\" content=\"summary_large_image\" \/>\n<meta name=\"twitter:label1\" content=\"Arvioitu lukuaika\" \/>\n\t<meta name=\"twitter:data1\" content=\"2 minuuttia\" \/>\n<script type=\"application\/ld+json\" class=\"yoast-schema-graph\">{\"@context\":\"https:\\\/\\\/schema.org\",\"@graph\":[{\"@type\":\"WebPage\",\"@id\":\"https:\\\/\\\/help.jamk.fi\\\/tekoaly\\\/eettisyys\\\/\",\"url\":\"https:\\\/\\\/help.jamk.fi\\\/tekoaly\\\/eettisyys\\\/\",\"name\":\"Teko\u00e4lyn eettinen k\u00e4ytt\u00f6 - Teko\u00e4lyn vastuullinen k\u00e4ytt\u00f6 Jamkissa\",\"isPartOf\":{\"@id\":\"https:\\\/\\\/help.jamk.fi\\\/tekoaly\\\/#website\"},\"primaryImageOfPage\":{\"@id\":\"https:\\\/\\\/help.jamk.fi\\\/tekoaly\\\/eettisyys\\\/#primaryimage\"},\"image\":{\"@id\":\"https:\\\/\\\/help.jamk.fi\\\/tekoaly\\\/eettisyys\\\/#primaryimage\"},\"thumbnailUrl\":\"https:\\\/\\\/help.jamk.fi\\\/tekoaly\\\/wp-content\\\/uploads\\\/sites\\\/143\\\/2025\\\/01\\\/tekoalyeettisyys_copilot_250129-1.jpg\",\"datePublished\":\"2025-01-20T08:27:43+00:00\",\"dateModified\":\"2025-12-19T11:55:41+00:00\",\"breadcrumb\":{\"@id\":\"https:\\\/\\\/help.jamk.fi\\\/tekoaly\\\/eettisyys\\\/#breadcrumb\"},\"inLanguage\":\"fi\",\"potentialAction\":[{\"@type\":\"ReadAction\",\"target\":[\"https:\\\/\\\/help.jamk.fi\\\/tekoaly\\\/eettisyys\\\/\"]}]},{\"@type\":\"ImageObject\",\"inLanguage\":\"fi\",\"@id\":\"https:\\\/\\\/help.jamk.fi\\\/tekoaly\\\/eettisyys\\\/#primaryimage\",\"url\":\"https:\\\/\\\/help.jamk.fi\\\/tekoaly\\\/wp-content\\\/uploads\\\/sites\\\/143\\\/2025\\\/01\\\/tekoalyeettisyys_copilot_250129-1.jpg\",\"contentUrl\":\"https:\\\/\\\/help.jamk.fi\\\/tekoaly\\\/wp-content\\\/uploads\\\/sites\\\/143\\\/2025\\\/01\\\/tekoalyeettisyys_copilot_250129-1.jpg\",\"width\":1080,\"height\":1080,\"caption\":\"Mies miettii etiikkaa tietokoneen edess\u00e4\"},{\"@type\":\"BreadcrumbList\",\"@id\":\"https:\\\/\\\/help.jamk.fi\\\/tekoaly\\\/eettisyys\\\/#breadcrumb\",\"itemListElement\":[{\"@type\":\"ListItem\",\"position\":1,\"name\":\"Home\",\"item\":\"https:\\\/\\\/help.jamk.fi\\\/tekoaly\\\/\"},{\"@type\":\"ListItem\",\"position\":2,\"name\":\"Teko\u00e4lyn eettinen k\u00e4ytt\u00f6\"}]},{\"@type\":\"WebSite\",\"@id\":\"https:\\\/\\\/help.jamk.fi\\\/tekoaly\\\/#website\",\"url\":\"https:\\\/\\\/help.jamk.fi\\\/tekoaly\\\/\",\"name\":\"Teko\u00e4lyn vastuullinen k\u00e4ytt\u00f6 Jamkissa\",\"description\":\"Ohjeistusta ja esimerkkej\u00e4 teko\u00e4lyn hy\u00f6dynt\u00e4misest\u00e4\",\"potentialAction\":[{\"@type\":\"SearchAction\",\"target\":{\"@type\":\"EntryPoint\",\"urlTemplate\":\"https:\\\/\\\/help.jamk.fi\\\/tekoaly\\\/?s={search_term_string}\"},\"query-input\":{\"@type\":\"PropertyValueSpecification\",\"valueRequired\":true,\"valueName\":\"search_term_string\"}}],\"inLanguage\":\"fi\"}]}<\/script>\n<!-- \/ Yoast SEO plugin. -->","yoast_head_json":{"title":"Teko\u00e4lyn eettinen k\u00e4ytt\u00f6 - Teko\u00e4lyn vastuullinen k\u00e4ytt\u00f6 Jamkissa","robots":{"index":"index","follow":"follow","max-snippet":"max-snippet:-1","max-image-preview":"max-image-preview:large","max-video-preview":"max-video-preview:-1"},"canonical":"https:\/\/help.jamk.fi\/tekoaly\/eettisyys\/","og_locale":"fi_FI","og_type":"article","og_title":"Teko\u00e4lyn eettinen k\u00e4ytt\u00f6 - Teko\u00e4lyn vastuullinen k\u00e4ytt\u00f6 Jamkissa","og_description":"Eettiset kysymykset teko\u00e4ly\u00e4 k\u00e4ytett\u00e4ess\u00e4 Jamkissa teko\u00e4lysovellusten k\u00e4ytt\u00f6 edellytt\u00e4\u00e4, ett\u00e4 tunnistat vastuusi tekij\u00e4n\u00e4. Teko\u00e4lysovelluksia k\u00e4ytett\u00e4ess\u00e4 sinun tulee aina huomioida eettiset periaatteet ja lains\u00e4\u00e4d\u00e4nt\u00f6. Eettisest\u00e4 n\u00e4k\u00f6kulmasta teko\u00e4lyn k\u00e4yt\u00f6n l\u00e4ht\u00f6kohta on kuvata l\u00e4pin\u00e4kyv\u00e4sti, miten ja miss\u00e4 yhteydess\u00e4 sit\u00e4 on k\u00e4ytetty ja miten se vaikuttaa ty\u00f6h\u00f6n, esimerkiksi suunnitelmien tai materiaalien laatimiseen, opinn\u00e4ytety\u00f6h\u00f6n, projektiin tai tutkimukseen. \u00c4l\u00e4 esit\u00e4 teko\u00e4lyn tuottamaa [&hellip;]","og_url":"https:\/\/help.jamk.fi\/tekoaly\/eettisyys\/","og_site_name":"Teko\u00e4lyn vastuullinen k\u00e4ytt\u00f6 Jamkissa","article_modified_time":"2025-12-19T11:55:41+00:00","og_image":[{"width":1080,"height":1080,"url":"https:\/\/help.jamk.fi\/tekoaly\/wp-content\/uploads\/sites\/143\/2025\/01\/tekoalyeettisyys_copilot_250129-1.jpg","type":"image\/jpeg"}],"twitter_card":"summary_large_image","twitter_misc":{"Arvioitu lukuaika":"2 minuuttia"},"schema":{"@context":"https:\/\/schema.org","@graph":[{"@type":"WebPage","@id":"https:\/\/help.jamk.fi\/tekoaly\/eettisyys\/","url":"https:\/\/help.jamk.fi\/tekoaly\/eettisyys\/","name":"Teko\u00e4lyn eettinen k\u00e4ytt\u00f6 - Teko\u00e4lyn vastuullinen k\u00e4ytt\u00f6 Jamkissa","isPartOf":{"@id":"https:\/\/help.jamk.fi\/tekoaly\/#website"},"primaryImageOfPage":{"@id":"https:\/\/help.jamk.fi\/tekoaly\/eettisyys\/#primaryimage"},"image":{"@id":"https:\/\/help.jamk.fi\/tekoaly\/eettisyys\/#primaryimage"},"thumbnailUrl":"https:\/\/help.jamk.fi\/tekoaly\/wp-content\/uploads\/sites\/143\/2025\/01\/tekoalyeettisyys_copilot_250129-1.jpg","datePublished":"2025-01-20T08:27:43+00:00","dateModified":"2025-12-19T11:55:41+00:00","breadcrumb":{"@id":"https:\/\/help.jamk.fi\/tekoaly\/eettisyys\/#breadcrumb"},"inLanguage":"fi","potentialAction":[{"@type":"ReadAction","target":["https:\/\/help.jamk.fi\/tekoaly\/eettisyys\/"]}]},{"@type":"ImageObject","inLanguage":"fi","@id":"https:\/\/help.jamk.fi\/tekoaly\/eettisyys\/#primaryimage","url":"https:\/\/help.jamk.fi\/tekoaly\/wp-content\/uploads\/sites\/143\/2025\/01\/tekoalyeettisyys_copilot_250129-1.jpg","contentUrl":"https:\/\/help.jamk.fi\/tekoaly\/wp-content\/uploads\/sites\/143\/2025\/01\/tekoalyeettisyys_copilot_250129-1.jpg","width":1080,"height":1080,"caption":"Mies miettii etiikkaa tietokoneen edess\u00e4"},{"@type":"BreadcrumbList","@id":"https:\/\/help.jamk.fi\/tekoaly\/eettisyys\/#breadcrumb","itemListElement":[{"@type":"ListItem","position":1,"name":"Home","item":"https:\/\/help.jamk.fi\/tekoaly\/"},{"@type":"ListItem","position":2,"name":"Teko\u00e4lyn eettinen k\u00e4ytt\u00f6"}]},{"@type":"WebSite","@id":"https:\/\/help.jamk.fi\/tekoaly\/#website","url":"https:\/\/help.jamk.fi\/tekoaly\/","name":"Teko\u00e4lyn vastuullinen k\u00e4ytt\u00f6 Jamkissa","description":"Ohjeistusta ja esimerkkej\u00e4 teko\u00e4lyn hy\u00f6dynt\u00e4misest\u00e4","potentialAction":[{"@type":"SearchAction","target":{"@type":"EntryPoint","urlTemplate":"https:\/\/help.jamk.fi\/tekoaly\/?s={search_term_string}"},"query-input":{"@type":"PropertyValueSpecification","valueRequired":true,"valueName":"search_term_string"}}],"inLanguage":"fi"}]}},"_links":{"self":[{"href":"https:\/\/help.jamk.fi\/tekoaly\/wp-json\/wp\/v2\/pages\/12","targetHints":{"allow":["GET"]}}],"collection":[{"href":"https:\/\/help.jamk.fi\/tekoaly\/wp-json\/wp\/v2\/pages"}],"about":[{"href":"https:\/\/help.jamk.fi\/tekoaly\/wp-json\/wp\/v2\/types\/page"}],"author":[{"embeddable":true,"href":"https:\/\/help.jamk.fi\/tekoaly\/wp-json\/wp\/v2\/users\/74"}],"replies":[{"embeddable":true,"href":"https:\/\/help.jamk.fi\/tekoaly\/wp-json\/wp\/v2\/comments?post=12"}],"version-history":[{"count":11,"href":"https:\/\/help.jamk.fi\/tekoaly\/wp-json\/wp\/v2\/pages\/12\/revisions"}],"predecessor-version":[{"id":541,"href":"https:\/\/help.jamk.fi\/tekoaly\/wp-json\/wp\/v2\/pages\/12\/revisions\/541"}],"wp:featuredmedia":[{"embeddable":true,"href":"https:\/\/help.jamk.fi\/tekoaly\/wp-json\/wp\/v2\/media\/315"}],"wp:attachment":[{"href":"https:\/\/help.jamk.fi\/tekoaly\/wp-json\/wp\/v2\/media?parent=12"}],"wp:term":[{"taxonomy":"category","embeddable":true,"href":"https:\/\/help.jamk.fi\/tekoaly\/wp-json\/wp\/v2\/categories?post=12"},{"taxonomy":"post_tag","embeddable":true,"href":"https:\/\/help.jamk.fi\/tekoaly\/wp-json\/wp\/v2\/tags?post=12"}],"curies":[{"name":"wp","href":"https:\/\/api.w.org\/{rel}","templated":true}]}}