{"id":16,"date":"2024-12-02T10:32:46","date_gmt":"2024-12-02T08:32:46","guid":{"rendered":"https:\/\/help.jamk.fi\/tekoaly\/?page_id=16"},"modified":"2025-03-14T10:39:16","modified_gmt":"2025-03-14T08:39:16","slug":"etusivu","status":"publish","type":"page","link":"https:\/\/help.jamk.fi\/tekoaly\/","title":{"rendered":"Etusivu"},"content":{"rendered":"\n<p><\/p>\n\n\n\n<h1 class=\"wp-block-heading\">Teko\u00e4ly ja sen k\u00e4ytt\u00f6 Jamkissa<\/h1>\n\n\n\n<p>Generatiivinen teko\u00e4ly (GenAI) tuottaa uutta sis\u00e4lt\u00f6\u00e4, muun muassa teksti\u00e4, kuvia, \u00e4\u00e4nt\u00e4 ja videoita k\u00e4ytt\u00e4j\u00e4n antamien sy\u00f6tteiden eli promptien pohjalta. Teko\u00e4ly perustuu koneoppimiseen ja syv\u00e4oppimiseen, jossa teko\u00e4lymallit oppivat k\u00e4ytt\u00e4m\u00e4ll\u00e4 hyv\u00e4ksi suuria datam\u00e4\u00e4ri\u00e4. Teko\u00e4ly voi helpottaa monien teht\u00e4vien suorittamista, esimerkiksi aineistojen l\u00e4pik\u00e4ynti\u00e4 tai sis\u00e4ll\u00f6n ideointia, mutta se ei korvaa k\u00e4ytt\u00e4j\u00e4n omaa ajattelua. Teko\u00e4lyn tuottama materiaali ei ole aina luotettavaa, joten sen k\u00e4ytt\u00f6 edellytt\u00e4\u00e4 aihealueen tuntemista. <\/p>\n\n\n\n<p>T\u00e4m\u00e4 sivusto sis\u00e4lt\u00e4\u00e4 ohjeita ja konkreettisia esimerkkej\u00e4 teko\u00e4lyn vastuulliseen k\u00e4ytt\u00f6\u00f6n. <\/p>\n\n\n\n  <div id=\"page-lift-block_03edfc5188a24bb644f6821c16e5659b\" class=\"block-page-lift block-page-lift\">\n          <h2 class=\"block-page-lift__heading\">Tutustu sis\u00e4lt\u00f6sivuihin:<\/h2>\n    \n    <ul class=\"page-lift-list row\">\n                <li class=\"page-lift-list__item col-12 col-md-6 col-lg-4\">\n            <div class=\"page-lift__item-wrap\">\n                              <picture class=\"page-lift__image\">\n                                      <img loading=\"lazy\" decoding=\"async\" width=\"768\" height=\"768\" src=\"https:\/\/help.jamk.fi\/tekoaly\/wp-content\/uploads\/sites\/143\/2025\/01\/tekoalylukutaito_copilot_250129-768x768.jpg\" class=\"attachment-medium_large size-medium_large\" alt=\"ihmisi\u00e4 tietokoneiden kanssa tilassa\" srcset=\"https:\/\/help.jamk.fi\/tekoaly\/wp-content\/uploads\/sites\/143\/2025\/01\/tekoalylukutaito_copilot_250129-768x768.jpg 768w, https:\/\/help.jamk.fi\/tekoaly\/wp-content\/uploads\/sites\/143\/2025\/01\/tekoalylukutaito_copilot_250129-300x300.jpg 300w, https:\/\/help.jamk.fi\/tekoaly\/wp-content\/uploads\/sites\/143\/2025\/01\/tekoalylukutaito_copilot_250129-1024x1024.jpg 1024w, https:\/\/help.jamk.fi\/tekoaly\/wp-content\/uploads\/sites\/143\/2025\/01\/tekoalylukutaito_copilot_250129-150x150.jpg 150w, https:\/\/help.jamk.fi\/tekoaly\/wp-content\/uploads\/sites\/143\/2025\/01\/tekoalylukutaito_copilot_250129-100x100.jpg 100w, https:\/\/help.jamk.fi\/tekoaly\/wp-content\/uploads\/sites\/143\/2025\/01\/tekoalylukutaito_copilot_250129.jpg 1080w\" sizes=\"auto, (max-width: 768px) 100vw, 768px\" \/>                                  <\/picture>\n                            <div class=\"page-lift__text-wrap\">\n                                      <h3 class=\"page-lift__heading\">\n                      <a class=\"page-lift__link--heading\" href=\"https:\/\/help.jamk.fi\/tekoaly\/lukutaito\/\">Teko\u00e4lyn lukutaito<\/a>\n                    <\/h3>\n                   \n                                  <span class=\"page-lift__excerpt body-small\">Teko\u00e4lyn lukutaito on t\u00e4rke\u00e4 ty\u00f6el\u00e4m\u00e4taito ja osa t\u00e4m\u00e4n p\u00e4iv\u00e4n sivistyst\u00e4. Teko\u00e4lyn lukutaito&hellip;<\/span>\n                                                <a class=\"page-lift__link small-text-button-icon\" href=\"\" aria-hidden=\"true\" tabindex=\"-1\">\n                  Teko\u00e4lyn lukutaito&nbsp;<i  ><svg aria-hidden=\"true\" viewBox=\"0 0 4 7\" fill=\"none\" xmlns=\"http:\/\/www.w3.org\/2000\/svg\"><path d=\"M1.696 7H0l2.208-3.312L0 .376h1.696l2.208 3.312L1.696 7z\" fill=\"#0D004C\"\/><\/svg><\/i>                <\/a>\n              <\/div>\n            <\/div>\n          <\/li>\n                <li class=\"page-lift-list__item col-12 col-md-6 col-lg-4\">\n            <div class=\"page-lift__item-wrap\">\n                              <picture class=\"page-lift__image\">\n                                      <img loading=\"lazy\" decoding=\"async\" width=\"768\" height=\"768\" src=\"https:\/\/help.jamk.fi\/tekoaly\/wp-content\/uploads\/sites\/143\/2025\/01\/tekoalytietotyossa2_copilot_250129-768x768.jpg\" class=\"attachment-medium_large size-medium_large\" alt=\"ihmiset ja robotti tietokoneella\" srcset=\"https:\/\/help.jamk.fi\/tekoaly\/wp-content\/uploads\/sites\/143\/2025\/01\/tekoalytietotyossa2_copilot_250129-768x768.jpg 768w, https:\/\/help.jamk.fi\/tekoaly\/wp-content\/uploads\/sites\/143\/2025\/01\/tekoalytietotyossa2_copilot_250129-300x300.jpg 300w, https:\/\/help.jamk.fi\/tekoaly\/wp-content\/uploads\/sites\/143\/2025\/01\/tekoalytietotyossa2_copilot_250129-1024x1024.jpg 1024w, https:\/\/help.jamk.fi\/tekoaly\/wp-content\/uploads\/sites\/143\/2025\/01\/tekoalytietotyossa2_copilot_250129-150x150.jpg 150w, https:\/\/help.jamk.fi\/tekoaly\/wp-content\/uploads\/sites\/143\/2025\/01\/tekoalytietotyossa2_copilot_250129-100x100.jpg 100w, https:\/\/help.jamk.fi\/tekoaly\/wp-content\/uploads\/sites\/143\/2025\/01\/tekoalytietotyossa2_copilot_250129.jpg 1080w\" sizes=\"auto, (max-width: 768px) 100vw, 768px\" \/>                                  <\/picture>\n                            <div class=\"page-lift__text-wrap\">\n                                      <h3 class=\"page-lift__heading\">\n                      <a class=\"page-lift__link--heading\" href=\"https:\/\/help.jamk.fi\/tekoaly\/tekoaly-henkilostolle\/\">Teko\u00e4ly henkil\u00f6st\u00f6lle<\/a>\n                    <\/h3>\n                   \n                                  <span class=\"page-lift__excerpt body-small\">Teko\u00e4ly on hyv\u00e4 apuri asiantuntijaty\u00f6ss\u00e4. Se on sis\u00e4\u00e4nrakennettuna monissa arjen palveluissa, esimerkiksi&hellip;<\/span>\n                                                <a class=\"page-lift__link small-text-button-icon\" href=\"\" aria-hidden=\"true\" tabindex=\"-1\">\n                  Teko\u00e4ly henkil\u00f6st\u00f6lle&nbsp;<i  ><svg aria-hidden=\"true\" viewBox=\"0 0 4 7\" fill=\"none\" xmlns=\"http:\/\/www.w3.org\/2000\/svg\"><path d=\"M1.696 7H0l2.208-3.312L0 .376h1.696l2.208 3.312L1.696 7z\" fill=\"#0D004C\"\/><\/svg><\/i>                <\/a>\n              <\/div>\n            <\/div>\n          <\/li>\n                <li class=\"page-lift-list__item col-12 col-md-6 col-lg-4\">\n            <div class=\"page-lift__item-wrap\">\n                              <picture class=\"page-lift__image\">\n                                      <img loading=\"lazy\" decoding=\"async\" width=\"768\" height=\"768\" src=\"https:\/\/help.jamk.fi\/tekoaly\/wp-content\/uploads\/sites\/143\/2025\/01\/tekoalyopiskelussa1_copilot_250129-copy-768x768.jpg\" class=\"attachment-medium_large size-medium_large\" alt=\"opiskelijoita robotin kanssa luokassa\" srcset=\"https:\/\/help.jamk.fi\/tekoaly\/wp-content\/uploads\/sites\/143\/2025\/01\/tekoalyopiskelussa1_copilot_250129-copy-768x768.jpg 768w, https:\/\/help.jamk.fi\/tekoaly\/wp-content\/uploads\/sites\/143\/2025\/01\/tekoalyopiskelussa1_copilot_250129-copy-300x300.jpg 300w, https:\/\/help.jamk.fi\/tekoaly\/wp-content\/uploads\/sites\/143\/2025\/01\/tekoalyopiskelussa1_copilot_250129-copy-1024x1024.jpg 1024w, https:\/\/help.jamk.fi\/tekoaly\/wp-content\/uploads\/sites\/143\/2025\/01\/tekoalyopiskelussa1_copilot_250129-copy-150x150.jpg 150w, https:\/\/help.jamk.fi\/tekoaly\/wp-content\/uploads\/sites\/143\/2025\/01\/tekoalyopiskelussa1_copilot_250129-copy-100x100.jpg 100w, https:\/\/help.jamk.fi\/tekoaly\/wp-content\/uploads\/sites\/143\/2025\/01\/tekoalyopiskelussa1_copilot_250129-copy.jpg 1080w\" sizes=\"auto, (max-width: 768px) 100vw, 768px\" \/>                                  <\/picture>\n                            <div class=\"page-lift__text-wrap\">\n                                      <h3 class=\"page-lift__heading\">\n                      <a class=\"page-lift__link--heading\" href=\"https:\/\/help.jamk.fi\/tekoaly\/tekoaly-opiskelijalle\/\">Teko\u00e4ly opiskelijalle<\/a>\n                    <\/h3>\n                   \n                                  <span class=\"page-lift__excerpt body-small\">Generatiivinen teko\u00e4ly voi olla arvokas kumppani opiskelussa. Se tarjoaa nopeaa apua tiedonhakuihin,&hellip;<\/span>\n                                                <a class=\"page-lift__link small-text-button-icon\" href=\"\" aria-hidden=\"true\" tabindex=\"-1\">\n                  Teko\u00e4ly opiskelijalle&nbsp;<i  ><svg aria-hidden=\"true\" viewBox=\"0 0 4 7\" fill=\"none\" xmlns=\"http:\/\/www.w3.org\/2000\/svg\"><path d=\"M1.696 7H0l2.208-3.312L0 .376h1.696l2.208 3.312L1.696 7z\" fill=\"#0D004C\"\/><\/svg><\/i>                <\/a>\n              <\/div>\n            <\/div>\n          <\/li>\n                <li class=\"page-lift-list__item col-12 col-md-6 col-lg-4\">\n            <div class=\"page-lift__item-wrap\">\n                              <picture class=\"page-lift__image\">\n                                      <img loading=\"lazy\" decoding=\"async\" width=\"768\" height=\"768\" src=\"https:\/\/help.jamk.fi\/tekoaly\/wp-content\/uploads\/sites\/143\/2025\/01\/tekoalyeettisyys_copilot_250129-1-768x768.jpg\" class=\"attachment-medium_large size-medium_large\" alt=\"Mies miettii etiikkaa tietokoneen edess\u00e4\" srcset=\"https:\/\/help.jamk.fi\/tekoaly\/wp-content\/uploads\/sites\/143\/2025\/01\/tekoalyeettisyys_copilot_250129-1-768x768.jpg 768w, https:\/\/help.jamk.fi\/tekoaly\/wp-content\/uploads\/sites\/143\/2025\/01\/tekoalyeettisyys_copilot_250129-1-300x300.jpg 300w, https:\/\/help.jamk.fi\/tekoaly\/wp-content\/uploads\/sites\/143\/2025\/01\/tekoalyeettisyys_copilot_250129-1-1024x1024.jpg 1024w, https:\/\/help.jamk.fi\/tekoaly\/wp-content\/uploads\/sites\/143\/2025\/01\/tekoalyeettisyys_copilot_250129-1-150x150.jpg 150w, https:\/\/help.jamk.fi\/tekoaly\/wp-content\/uploads\/sites\/143\/2025\/01\/tekoalyeettisyys_copilot_250129-1-100x100.jpg 100w, https:\/\/help.jamk.fi\/tekoaly\/wp-content\/uploads\/sites\/143\/2025\/01\/tekoalyeettisyys_copilot_250129-1.jpg 1080w\" sizes=\"auto, (max-width: 768px) 100vw, 768px\" \/>                                  <\/picture>\n                            <div class=\"page-lift__text-wrap\">\n                                      <h3 class=\"page-lift__heading\">\n                      <a class=\"page-lift__link--heading\" href=\"https:\/\/help.jamk.fi\/tekoaly\/eettisyys\/\">Teko\u00e4lyn eettinen k\u00e4ytt\u00f6<\/a>\n                    <\/h3>\n                   \n                                  <span class=\"page-lift__excerpt body-small\">Eettiset kysymykset teko\u00e4ly\u00e4 k\u00e4ytett\u00e4ess\u00e4 Jamkissa teko\u00e4lysovellusten k\u00e4ytt\u00f6 edellytt\u00e4\u00e4, ett\u00e4 tunnistat vastuusi tekij\u00e4n\u00e4.&hellip;<\/span>\n                                                <a class=\"page-lift__link small-text-button-icon\" href=\"\" aria-hidden=\"true\" tabindex=\"-1\">\n                  Teko\u00e4lyn eettinen k\u00e4ytt\u00f6&nbsp;<i  ><svg aria-hidden=\"true\" viewBox=\"0 0 4 7\" fill=\"none\" xmlns=\"http:\/\/www.w3.org\/2000\/svg\"><path d=\"M1.696 7H0l2.208-3.312L0 .376h1.696l2.208 3.312L1.696 7z\" fill=\"#0D004C\"\/><\/svg><\/i>                <\/a>\n              <\/div>\n            <\/div>\n          <\/li>\n                <li class=\"page-lift-list__item col-12 col-md-6 col-lg-4\">\n            <div class=\"page-lift__item-wrap\">\n                              <picture class=\"page-lift__image\">\n                                      <img loading=\"lazy\" decoding=\"async\" width=\"768\" height=\"769\" src=\"https:\/\/help.jamk.fi\/tekoaly\/wp-content\/uploads\/sites\/143\/2025\/01\/tekoalyopiskelussa2_copilot_250129-768x769.jpg\" class=\"attachment-medium_large size-medium_large\" alt=\"Opiskelijoita luokassa\" srcset=\"https:\/\/help.jamk.fi\/tekoaly\/wp-content\/uploads\/sites\/143\/2025\/01\/tekoalyopiskelussa2_copilot_250129-768x769.jpg 768w, https:\/\/help.jamk.fi\/tekoaly\/wp-content\/uploads\/sites\/143\/2025\/01\/tekoalyopiskelussa2_copilot_250129-300x300.jpg 300w, https:\/\/help.jamk.fi\/tekoaly\/wp-content\/uploads\/sites\/143\/2025\/01\/tekoalyopiskelussa2_copilot_250129-1024x1024.jpg 1024w, https:\/\/help.jamk.fi\/tekoaly\/wp-content\/uploads\/sites\/143\/2025\/01\/tekoalyopiskelussa2_copilot_250129-150x150.jpg 150w, https:\/\/help.jamk.fi\/tekoaly\/wp-content\/uploads\/sites\/143\/2025\/01\/tekoalyopiskelussa2_copilot_250129-100x100.jpg 100w, https:\/\/help.jamk.fi\/tekoaly\/wp-content\/uploads\/sites\/143\/2025\/01\/tekoalyopiskelussa2_copilot_250129.jpg 1079w\" sizes=\"auto, (max-width: 768px) 100vw, 768px\" \/>                                  <\/picture>\n                            <div class=\"page-lift__text-wrap\">\n                                      <h3 class=\"page-lift__heading\">\n                      <a class=\"page-lift__link--heading\" href=\"https:\/\/help.jamk.fi\/tekoaly\/oppimistehtavat\/\">Teko\u00e4ly oppimisteht\u00e4viss\u00e4<\/a>\n                    <\/h3>\n                   \n                                  <span class=\"page-lift__excerpt body-small\">Teko\u00e4ly\u00e4 voidaan k\u00e4ytt\u00e4\u00e4 oppimisteht\u00e4viss\u00e4 monin tavoin. On eri asia k\u00e4ytt\u00e4\u00e4 teko\u00e4ly\u00e4 oppimisen&hellip;<\/span>\n                                                <a class=\"page-lift__link small-text-button-icon\" href=\"\" aria-hidden=\"true\" tabindex=\"-1\">\n                  Teko\u00e4ly oppimisteht\u00e4viss\u00e4&nbsp;<i  ><svg aria-hidden=\"true\" viewBox=\"0 0 4 7\" fill=\"none\" xmlns=\"http:\/\/www.w3.org\/2000\/svg\"><path d=\"M1.696 7H0l2.208-3.312L0 .376h1.696l2.208 3.312L1.696 7z\" fill=\"#0D004C\"\/><\/svg><\/i>                <\/a>\n              <\/div>\n            <\/div>\n          <\/li>\n                <li class=\"page-lift-list__item col-12 col-md-6 col-lg-4\">\n            <div class=\"page-lift__item-wrap\">\n                              <picture class=\"page-lift__image\">\n                                      <img loading=\"lazy\" decoding=\"async\" width=\"768\" height=\"768\" src=\"https:\/\/help.jamk.fi\/tekoaly\/wp-content\/uploads\/sites\/143\/2025\/01\/tekoalycopilot_copilot1_250129-768x768.jpg\" class=\"attachment-medium_large size-medium_large\" alt=\"kaksi opiskelijaa tietokoneen \u00e4\u00e4ress\u00e4\" srcset=\"https:\/\/help.jamk.fi\/tekoaly\/wp-content\/uploads\/sites\/143\/2025\/01\/tekoalycopilot_copilot1_250129-768x768.jpg 768w, https:\/\/help.jamk.fi\/tekoaly\/wp-content\/uploads\/sites\/143\/2025\/01\/tekoalycopilot_copilot1_250129-300x300.jpg 300w, https:\/\/help.jamk.fi\/tekoaly\/wp-content\/uploads\/sites\/143\/2025\/01\/tekoalycopilot_copilot1_250129-1024x1024.jpg 1024w, https:\/\/help.jamk.fi\/tekoaly\/wp-content\/uploads\/sites\/143\/2025\/01\/tekoalycopilot_copilot1_250129-150x150.jpg 150w, https:\/\/help.jamk.fi\/tekoaly\/wp-content\/uploads\/sites\/143\/2025\/01\/tekoalycopilot_copilot1_250129-100x100.jpg 100w, https:\/\/help.jamk.fi\/tekoaly\/wp-content\/uploads\/sites\/143\/2025\/01\/tekoalycopilot_copilot1_250129.jpg 1080w\" sizes=\"auto, (max-width: 768px) 100vw, 768px\" \/>                                  <\/picture>\n                            <div class=\"page-lift__text-wrap\">\n                                      <h3 class=\"page-lift__heading\">\n                      <a class=\"page-lift__link--heading\" href=\"https:\/\/help.jamk.fi\/tekoaly\/microsoft-copilot\/\">Microsoft Copilot<\/a>\n                    <\/h3>\n                   \n                                  <span class=\"page-lift__excerpt body-small\">Microsoft Copilot on kehittynyt teko\u00e4lyavustaja, joka hy\u00f6dynt\u00e4\u00e4 edistynytt\u00e4 koneoppimista ja luonnollisen kielen&hellip;<\/span>\n                                                <a class=\"page-lift__link small-text-button-icon\" href=\"\" aria-hidden=\"true\" tabindex=\"-1\">\n                  Ohjeet Microsoft Copilotin k\u00e4ytt\u00f6\u00f6n&nbsp;<i  ><svg aria-hidden=\"true\" viewBox=\"0 0 4 7\" fill=\"none\" xmlns=\"http:\/\/www.w3.org\/2000\/svg\"><path d=\"M1.696 7H0l2.208-3.312L0 .376h1.696l2.208 3.312L1.696 7z\" fill=\"#0D004C\"\/><\/svg><\/i>                <\/a>\n              <\/div>\n            <\/div>\n          <\/li>\n          <\/ul>\n  <\/div>\n\n\n\n<p><\/p>\n\n\n\n<p><\/p>\n\n\n\n<p><\/p>\n\n\n  <div id=\"notice-box-block_6d31f33b6ea5fcfcd98c52764bde3d3f\" class=\"block-notice-box block-notice-box\">\n    \n    <p>Jamkin linjaus teko\u00e4lyn hy\u00f6dynt\u00e4misest\u00e4 on julkaistu syksyll\u00e4 2023. Linjaus p\u00e4ivitet\u00e4\u00e4n vuoden 2025 aikana.<\/p>\n\n          <a class=\"button-primary-icon\" href=\"https:\/\/jamkstudent.sharepoint.com\/sites\/Jamkin-uutiset-Elmo\/SitePages\/Linjaus-tekoalyn-hyodyntamisesta.aspx\" target=\"_blank\" rel=\"noopener nofollow\">\n        Linjaus teko\u00e4lyn hy\u00f6dynt\u00e4misest\u00e4 Jamkissa (intra, vaatii kirjautumisen Jamk-tunnuksilla)<i  ><svg aria-hidden=\"true\" viewBox=\"0 0 12 12\" fill=\"none\" xmlns=\"http:\/\/www.w3.org\/2000\/svg\"><path d=\"M9.23 11.17H.77V1.83h4.615V1H0v11h10V6.189h-.77v4.98z\" fill=\"#fff\"\/><path d=\"M7.002 0v.833h3.576L4 7.411 4.589 8l6.578-6.578v3.576H12V0H7.002z\" fill=\"#fff\"\/><\/svg><\/i>      <\/a>\n      <\/div>\n\n\n\n<p>Teko\u00e4lyn vastuullinen k\u00e4ytt\u00f6 -sivustoa on p\u00e4ivitetty 14.3.2025.<\/p>\n","protected":false},"excerpt":{"rendered":"<p>Teko\u00e4ly ja sen k\u00e4ytt\u00f6 Jamkissa Generatiivinen teko\u00e4ly (GenAI) tuottaa uutta sis\u00e4lt\u00f6\u00e4, muun muassa teksti\u00e4, kuvia, \u00e4\u00e4nt\u00e4 ja videoita k\u00e4ytt\u00e4j\u00e4n antamien sy\u00f6tteiden eli promptien pohjalta. Teko\u00e4ly perustuu koneoppimiseen ja syv\u00e4oppimiseen, jossa teko\u00e4lymallit oppivat k\u00e4ytt\u00e4m\u00e4ll\u00e4 hyv\u00e4ksi suuria datam\u00e4\u00e4ri\u00e4. Teko\u00e4ly voi helpottaa monien teht\u00e4vien suorittamista, esimerkiksi aineistojen l\u00e4pik\u00e4ynti\u00e4 tai sis\u00e4ll\u00f6n ideointia, mutta se ei korvaa k\u00e4ytt\u00e4j\u00e4n omaa ajattelua. [&hellip;]<\/p>\n","protected":false},"author":74,"featured_media":0,"parent":0,"menu_order":0,"comment_status":"closed","ping_status":"closed","template":"templates\/template-full-width.php","meta":{"_acf_changed":false,"_relevanssi_hide_post":"","_relevanssi_hide_content":"","_relevanssi_pin_for_all":"","_relevanssi_pin_keywords":"","_relevanssi_unpin_keywords":"","_relevanssi_related_keywords":"","_relevanssi_related_include_ids":"","_relevanssi_related_exclude_ids":"","_relevanssi_related_no_append":"","_relevanssi_related_not_related":"","_relevanssi_related_posts":"1","_relevanssi_noindex_reason":"","footnotes":""},"categories":[26],"tags":[12,30,53,10],"class_list":["post-16","page","type-page","status-publish","hentry","category-tekoaly","tag-ai","tag-copilot","tag-generatiivinen-tekoaly","tag-tekoaly"],"acf":[],"yoast_head":"<!-- This site is optimized with the Yoast SEO plugin v27.4 - https:\/\/yoast.com\/product\/yoast-seo-wordpress\/ -->\n<title>Etusivu - Teko\u00e4lyn vastuullinen k\u00e4ytt\u00f6 Jamkissa<\/title>\n<meta name=\"robots\" content=\"index, follow, max-snippet:-1, max-image-preview:large, max-video-preview:-1\" \/>\n<link rel=\"canonical\" href=\"https:\/\/help.jamk.fi\/tekoaly\/\" \/>\n<meta property=\"og:locale\" content=\"fi_FI\" \/>\n<meta property=\"og:type\" content=\"article\" \/>\n<meta property=\"og:title\" content=\"Etusivu - Teko\u00e4lyn vastuullinen k\u00e4ytt\u00f6 Jamkissa\" \/>\n<meta property=\"og:description\" content=\"Teko\u00e4ly ja sen k\u00e4ytt\u00f6 Jamkissa Generatiivinen teko\u00e4ly (GenAI) tuottaa uutta sis\u00e4lt\u00f6\u00e4, muun muassa teksti\u00e4, kuvia, \u00e4\u00e4nt\u00e4 ja videoita k\u00e4ytt\u00e4j\u00e4n antamien sy\u00f6tteiden eli promptien pohjalta. Teko\u00e4ly perustuu koneoppimiseen ja syv\u00e4oppimiseen, jossa teko\u00e4lymallit oppivat k\u00e4ytt\u00e4m\u00e4ll\u00e4 hyv\u00e4ksi suuria datam\u00e4\u00e4ri\u00e4. Teko\u00e4ly voi helpottaa monien teht\u00e4vien suorittamista, esimerkiksi aineistojen l\u00e4pik\u00e4ynti\u00e4 tai sis\u00e4ll\u00f6n ideointia, mutta se ei korvaa k\u00e4ytt\u00e4j\u00e4n omaa ajattelua. [&hellip;]\" \/>\n<meta property=\"og:url\" content=\"https:\/\/help.jamk.fi\/tekoaly\/\" \/>\n<meta property=\"og:site_name\" content=\"Teko\u00e4lyn vastuullinen k\u00e4ytt\u00f6 Jamkissa\" \/>\n<meta property=\"article:modified_time\" content=\"2025-03-14T08:39:16+00:00\" \/>\n<meta name=\"twitter:card\" content=\"summary_large_image\" \/>\n<meta name=\"twitter:label1\" content=\"Arvioitu lukuaika\" \/>\n\t<meta name=\"twitter:data1\" content=\"1 minuutti\" \/>\n<script type=\"application\/ld+json\" class=\"yoast-schema-graph\">{\"@context\":\"https:\\\/\\\/schema.org\",\"@graph\":[{\"@type\":\"WebPage\",\"@id\":\"https:\\\/\\\/help.jamk.fi\\\/tekoaly\\\/\",\"url\":\"https:\\\/\\\/help.jamk.fi\\\/tekoaly\\\/\",\"name\":\"Etusivu - Teko\u00e4lyn vastuullinen k\u00e4ytt\u00f6 Jamkissa\",\"isPartOf\":{\"@id\":\"https:\\\/\\\/help.jamk.fi\\\/tekoaly\\\/#website\"},\"datePublished\":\"2024-12-02T08:32:46+00:00\",\"dateModified\":\"2025-03-14T08:39:16+00:00\",\"breadcrumb\":{\"@id\":\"https:\\\/\\\/help.jamk.fi\\\/tekoaly\\\/#breadcrumb\"},\"inLanguage\":\"fi\",\"potentialAction\":[{\"@type\":\"ReadAction\",\"target\":[\"https:\\\/\\\/help.jamk.fi\\\/tekoaly\\\/\"]}]},{\"@type\":\"BreadcrumbList\",\"@id\":\"https:\\\/\\\/help.jamk.fi\\\/tekoaly\\\/#breadcrumb\",\"itemListElement\":[{\"@type\":\"ListItem\",\"position\":1,\"name\":\"Home\",\"item\":\"https:\\\/\\\/help.jamk.fi\\\/tekoaly\\\/\"},{\"@type\":\"ListItem\",\"position\":2,\"name\":\"Etusivu\"}]},{\"@type\":\"WebSite\",\"@id\":\"https:\\\/\\\/help.jamk.fi\\\/tekoaly\\\/#website\",\"url\":\"https:\\\/\\\/help.jamk.fi\\\/tekoaly\\\/\",\"name\":\"Teko\u00e4lyn vastuullinen k\u00e4ytt\u00f6 Jamkissa\",\"description\":\"Ohjeistusta ja esimerkkej\u00e4 teko\u00e4lyn hy\u00f6dynt\u00e4misest\u00e4\",\"potentialAction\":[{\"@type\":\"SearchAction\",\"target\":{\"@type\":\"EntryPoint\",\"urlTemplate\":\"https:\\\/\\\/help.jamk.fi\\\/tekoaly\\\/?s={search_term_string}\"},\"query-input\":{\"@type\":\"PropertyValueSpecification\",\"valueRequired\":true,\"valueName\":\"search_term_string\"}}],\"inLanguage\":\"fi\"}]}<\/script>\n<!-- \/ Yoast SEO plugin. -->","yoast_head_json":{"title":"Etusivu - Teko\u00e4lyn vastuullinen k\u00e4ytt\u00f6 Jamkissa","robots":{"index":"index","follow":"follow","max-snippet":"max-snippet:-1","max-image-preview":"max-image-preview:large","max-video-preview":"max-video-preview:-1"},"canonical":"https:\/\/help.jamk.fi\/tekoaly\/","og_locale":"fi_FI","og_type":"article","og_title":"Etusivu - Teko\u00e4lyn vastuullinen k\u00e4ytt\u00f6 Jamkissa","og_description":"Teko\u00e4ly ja sen k\u00e4ytt\u00f6 Jamkissa Generatiivinen teko\u00e4ly (GenAI) tuottaa uutta sis\u00e4lt\u00f6\u00e4, muun muassa teksti\u00e4, kuvia, \u00e4\u00e4nt\u00e4 ja videoita k\u00e4ytt\u00e4j\u00e4n antamien sy\u00f6tteiden eli promptien pohjalta. Teko\u00e4ly perustuu koneoppimiseen ja syv\u00e4oppimiseen, jossa teko\u00e4lymallit oppivat k\u00e4ytt\u00e4m\u00e4ll\u00e4 hyv\u00e4ksi suuria datam\u00e4\u00e4ri\u00e4. Teko\u00e4ly voi helpottaa monien teht\u00e4vien suorittamista, esimerkiksi aineistojen l\u00e4pik\u00e4ynti\u00e4 tai sis\u00e4ll\u00f6n ideointia, mutta se ei korvaa k\u00e4ytt\u00e4j\u00e4n omaa ajattelua. [&hellip;]","og_url":"https:\/\/help.jamk.fi\/tekoaly\/","og_site_name":"Teko\u00e4lyn vastuullinen k\u00e4ytt\u00f6 Jamkissa","article_modified_time":"2025-03-14T08:39:16+00:00","twitter_card":"summary_large_image","twitter_misc":{"Arvioitu lukuaika":"1 minuutti"},"schema":{"@context":"https:\/\/schema.org","@graph":[{"@type":"WebPage","@id":"https:\/\/help.jamk.fi\/tekoaly\/","url":"https:\/\/help.jamk.fi\/tekoaly\/","name":"Etusivu - Teko\u00e4lyn vastuullinen k\u00e4ytt\u00f6 Jamkissa","isPartOf":{"@id":"https:\/\/help.jamk.fi\/tekoaly\/#website"},"datePublished":"2024-12-02T08:32:46+00:00","dateModified":"2025-03-14T08:39:16+00:00","breadcrumb":{"@id":"https:\/\/help.jamk.fi\/tekoaly\/#breadcrumb"},"inLanguage":"fi","potentialAction":[{"@type":"ReadAction","target":["https:\/\/help.jamk.fi\/tekoaly\/"]}]},{"@type":"BreadcrumbList","@id":"https:\/\/help.jamk.fi\/tekoaly\/#breadcrumb","itemListElement":[{"@type":"ListItem","position":1,"name":"Home","item":"https:\/\/help.jamk.fi\/tekoaly\/"},{"@type":"ListItem","position":2,"name":"Etusivu"}]},{"@type":"WebSite","@id":"https:\/\/help.jamk.fi\/tekoaly\/#website","url":"https:\/\/help.jamk.fi\/tekoaly\/","name":"Teko\u00e4lyn vastuullinen k\u00e4ytt\u00f6 Jamkissa","description":"Ohjeistusta ja esimerkkej\u00e4 teko\u00e4lyn hy\u00f6dynt\u00e4misest\u00e4","potentialAction":[{"@type":"SearchAction","target":{"@type":"EntryPoint","urlTemplate":"https:\/\/help.jamk.fi\/tekoaly\/?s={search_term_string}"},"query-input":{"@type":"PropertyValueSpecification","valueRequired":true,"valueName":"search_term_string"}}],"inLanguage":"fi"}]}},"_links":{"self":[{"href":"https:\/\/help.jamk.fi\/tekoaly\/wp-json\/wp\/v2\/pages\/16","targetHints":{"allow":["GET"]}}],"collection":[{"href":"https:\/\/help.jamk.fi\/tekoaly\/wp-json\/wp\/v2\/pages"}],"about":[{"href":"https:\/\/help.jamk.fi\/tekoaly\/wp-json\/wp\/v2\/types\/page"}],"author":[{"embeddable":true,"href":"https:\/\/help.jamk.fi\/tekoaly\/wp-json\/wp\/v2\/users\/74"}],"replies":[{"embeddable":true,"href":"https:\/\/help.jamk.fi\/tekoaly\/wp-json\/wp\/v2\/comments?post=16"}],"version-history":[{"count":58,"href":"https:\/\/help.jamk.fi\/tekoaly\/wp-json\/wp\/v2\/pages\/16\/revisions"}],"predecessor-version":[{"id":552,"href":"https:\/\/help.jamk.fi\/tekoaly\/wp-json\/wp\/v2\/pages\/16\/revisions\/552"}],"wp:attachment":[{"href":"https:\/\/help.jamk.fi\/tekoaly\/wp-json\/wp\/v2\/media?parent=16"}],"wp:term":[{"taxonomy":"category","embeddable":true,"href":"https:\/\/help.jamk.fi\/tekoaly\/wp-json\/wp\/v2\/categories?post=16"},{"taxonomy":"post_tag","embeddable":true,"href":"https:\/\/help.jamk.fi\/tekoaly\/wp-json\/wp\/v2\/tags?post=16"}],"curies":[{"name":"wp","href":"https:\/\/api.w.org\/{rel}","templated":true}]}}