{"id":19,"date":"2024-12-02T10:37:35","date_gmt":"2024-12-02T08:37:35","guid":{"rendered":"https:\/\/help.jamk.fi\/tekoaly\/?page_id=19"},"modified":"2025-01-30T13:19:28","modified_gmt":"2025-01-30T11:19:28","slug":"lukutaito","status":"publish","type":"page","link":"https:\/\/help.jamk.fi\/tekoaly\/lukutaito\/","title":{"rendered":"Teko\u00e4lyn lukutaito"},"content":{"rendered":"\n<p>Teko\u00e4lyn lukutaito on t\u00e4rke\u00e4 ty\u00f6el\u00e4m\u00e4taito ja osa t\u00e4m\u00e4n p\u00e4iv\u00e4n sivistyst\u00e4. Teko\u00e4lyn lukutaito tarkoittaa kyky\u00e4 ymm\u00e4rt\u00e4\u00e4, k\u00e4ytt\u00e4\u00e4, arvioida ja soveltaa teko\u00e4ly\u00e4 vastuullisesti, eettisesti ja kest\u00e4v\u00e4sti. Teko\u00e4lyn lukutaito koostuu tietoisuudesta, k\u00e4ytt\u00f6osaamisesta, arviointiosaamisesta ja eettisest\u00e4 osaamisesta.<\/p>\n\n\n\n<figure class=\"wp-block-image size-large\"><img loading=\"lazy\" decoding=\"async\" width=\"1024\" height=\"653\" src=\"https:\/\/help.jamk.fi\/tekoaly\/wp-content\/uploads\/sites\/143\/2024\/12\/tekoalyn_lukutaito-1024x653.png\" alt=\"Kuva teko\u00e4lyn lukutaidon osa-alueista\" class=\"wp-image-77\" srcset=\"https:\/\/help.jamk.fi\/tekoaly\/wp-content\/uploads\/sites\/143\/2024\/12\/tekoalyn_lukutaito-1024x653.png 1024w, https:\/\/help.jamk.fi\/tekoaly\/wp-content\/uploads\/sites\/143\/2024\/12\/tekoalyn_lukutaito-300x191.png 300w, https:\/\/help.jamk.fi\/tekoaly\/wp-content\/uploads\/sites\/143\/2024\/12\/tekoalyn_lukutaito-768x490.png 768w, https:\/\/help.jamk.fi\/tekoaly\/wp-content\/uploads\/sites\/143\/2024\/12\/tekoalyn_lukutaito.png 1029w\" sizes=\"auto, (max-width: 1024px) 100vw, 1024px\" \/><figcaption class=\"wp-element-caption\">Teko\u00e4lyn lukutaito koostuu tietoisuudesta, k\u00e4ytt\u00f6osaamisesta, arviointiosaamisesta ja eettisest\u00e4 osaamisesta.<\/figcaption><\/figure>\n\n\n\n<h2 class=\"wp-block-heading\"><strong>1. Tietoisuus<\/strong>&nbsp;<\/h2>\n\n\n\n<ul class=\"wp-block-list\">\n<li>Ymm\u00e4rr\u00e4t teko\u00e4lyn perusperiaatteet ja miten teko\u00e4lyn k\u00e4ytt\u00f6 voi vaikuttaa eri tilanteissa. Tied\u00e4t, miten teko\u00e4lyty\u00f6kalut ja -sovellukset karkeasti ottaen toimivat, miss\u00e4 teko\u00e4ly\u00e4 k\u00e4ytet\u00e4\u00e4n sek\u00e4 millaisia mahdollisuuksia ja haasteita teko\u00e4lyn k\u00e4ytt\u00f6 tuo mukanaan.<\/li>\n\n\n\n<li>Hahmotat teko\u00e4lyn roolin ja potentiaalin nyky-yhteiskunnassa ja tulevaisuudessa. <\/li>\n\n\n\n<li>Pystyt konkretisoimaan teko\u00e4lyn vaikutuksia omaan ty\u00f6h\u00f6si ja osaamistarpeidesi kehitt\u00e4miseen liittyen.&nbsp;&nbsp;<\/li>\n<\/ul>\n\n\n\n<h2 class=\"wp-block-heading\"><strong>2. K\u00e4ytt\u00f6osaaminen<\/strong>&nbsp;<\/h2>\n\n\n\n<ul class=\"wp-block-list\">\n<li>Hy\u00f6dynn\u00e4t teko\u00e4lyty\u00f6kaluja ja -sovelluksia tehokkaasti, vastuullisesti ja tarkoituksenmukaisesti ty\u00f6ss\u00e4, opiskelussa ja muussa arjessa. <\/li>\n\n\n\n<li>Sovellat teko\u00e4ly\u00e4 luovasti erilaisiin teht\u00e4viin ja ongelmanratkaisuun.&nbsp;<\/li>\n<\/ul>\n\n\n\n<h2 class=\"wp-block-heading\"><strong>3. Arviointiosaaminen<\/strong>&nbsp;<\/h2>\n\n\n\n<ul class=\"wp-block-list\">\n<li>Arvioit teko\u00e4lyj\u00e4rjestelmien luotettavuutta ja laatua sek\u00e4 niiden tuottaman tiedon paikkansapit\u00e4vyytt\u00e4. T\u00e4m\u00e4 sis\u00e4lt\u00e4\u00e4 kriittisen ajattelun taidon, jonka avulla voit tunnistaa teko\u00e4lyn tekem\u00e4t virheet. <\/li>\n\n\n\n<li>Tunnistat teko\u00e4lysovellusten eroja esimerkiksi tietosuojan ja tietoturvan n\u00e4k\u00f6kulmasta. Ymm\u00e4rr\u00e4t, ett\u00e4 on eri asia k\u00e4ytt\u00e4\u00e4 organisaation suojattuja ty\u00f6kaluja tai vapaasti internetiss\u00e4 saatavilla olevia sovelluksia. <\/li>\n\n\n\n<li>Arvioit sit\u00e4, mit\u00e4 tietoja teko\u00e4lysovellukset ker\u00e4\u00e4v\u00e4t, miten tietoja k\u00e4ytet\u00e4\u00e4n ja miss\u00e4 ne s\u00e4ilytet\u00e4\u00e4n. T\u00e4m\u00e4 on t\u00e4rke\u00e4\u00e4, jotta teko\u00e4ly\u00e4 voidaan k\u00e4ytt\u00e4\u00e4 vastuullisesti ja tehokkaasti.\u202f&nbsp;<\/li>\n<\/ul>\n\n\n\n<h2 class=\"wp-block-heading\"><strong>4. Eettinen osaaminen<\/strong>&nbsp; <\/h2>\n\n\n\n<ul class=\"wp-block-list\">\n<li>Tunnistat keskeiset eettiset periaatteet ja toimit teko\u00e4lyn kanssa n\u00e4iden eettisten periaatteiden mukaisesti. T\u00e4m\u00e4 sis\u00e4lt\u00e4\u00e4 esimerkiksi tietoturvan ja tietosuojan, hyv\u00e4n tieteellisen k\u00e4yt\u00e4nn\u00f6n, tekij\u00e4noikeuksien sek\u00e4 vastuullisuuden huomioimisen teko\u00e4lyn k\u00e4yt\u00f6ss\u00e4. <\/li>\n\n\n\n<li>K\u00e4yt\u00e4t teko\u00e4ly\u00e4 vastuullisesti, kest\u00e4v\u00e4sti ja avoimesti.&nbsp;&nbsp;<\/li>\n<\/ul>\n\n\n\n<div id=\"accordion-block_24e6aa97b1154df4989c54effc6cade0\" class=\"accordion block-accordion\">\n  <div class=\"block-accordion__element-header\">\n          <h2>Harjoita teko\u00e4lyn lukutaitoasi<\/h2>\n      <\/div>\n  <div class=\"block-accordion__accordions\">\n                  <div class=\"accordion-item\">\n          <h2 class=\"h6 accordion-title\">\n            <button id=\"accordion-header-1\" class=\"accordion-header\" aria-expanded=\"false\" aria-controls=\"accordion-panel-1\">\n              Kysy teko\u00e4lylt\u00e4 aiheesta, jonka tunnet kuin omat taskusi              <div class='plus-icon' itemprop='logo'><svg aria-hidden=\"true\" viewBox=\"0 0 16 16\" fill=\"none\" xmlns=\"http:\/\/www.w3.org\/2000\/svg\"><path d=\"M8.92 7.1V.06H7.2V7.1H.12v1.72H7.2v7.12h1.72V8.82H16V7.1H8.92z\" fill=\"#0D004C\"\/><\/svg><\/div>              <div class='minus-icon' itemprop='logo'><svg aria-hidden=\"true\" viewBox=\"0 0 14 2\" fill=\"none\" xmlns=\"http:\/\/www.w3.org\/2000\/svg\"><path d=\"M14 1.88H.88V.12H14v1.76z\" fill=\"#fff\"\/><\/svg><\/div>            <\/button>\n          <\/h2>\n          <div class=\"accordion-section-wrapper\">\n            <section id=\"accordion-panel-1\" class=\"accordion-panel\" aria-labelledby=\"accordion-header-1\">\n              <p>Siirry Jamkin Copilot-palveluun ja pyyd\u00e4 teko\u00e4ly\u00e4 kertomaan aiheesta, josta tied\u00e4t itse todella paljon. Erinomainen aihevaihtoehto olet sin\u00e4 itse.<\/p>\n<p><strong>Vaihe 1:<\/strong> Kysy &#8221;Kuka on xx?&#8221; ja t<span data-teams=\"true\">arkastele sitten teko\u00e4lyn tuottamaa vastausta aiheen asiantuntijana. On silmi\u00e4avaavaa huomata, miten teko\u00e4ly yhdistelee kirjaimia, sanoja ja lauseita sek\u00e4 painottaa sattumanvaraisia n\u00e4k\u00f6kulmia ilman kritiikki\u00e4. <\/span><\/p>\n<p><span data-teams=\"true\"><strong>Vaihe 2:<\/strong> Voit koettaa parantaa teko\u00e4lyn antamaa vastausta pyyt\u00e4m\u00e4ll\u00e4 tarkennuksia tai antamalla teko\u00e4lylle lis\u00e4tietoa. Keskustele teko\u00e4lyn kanssa aiheesta niin kauan, ett\u00e4 huomaat, miten erikoisia vastauksia teko\u00e4ly voikaan tuottaa ja miten vakuuttavilta n\u00e4m\u00e4 ep\u00e4totuudet voivatkaan vaikuttaa.<\/span><\/p>\n            <\/section>\n          <\/div>\n        <\/div>\n              <div class=\"accordion-item\">\n          <h2 class=\"h6 accordion-title\">\n            <button id=\"accordion-header-2\" class=\"accordion-header\" aria-expanded=\"false\" aria-controls=\"accordion-panel-2\">\n              Kysy teko\u00e4lylt\u00e4 aiheesta, jota et tunne lainkaan              <div class='plus-icon' itemprop='logo'><svg aria-hidden=\"true\" viewBox=\"0 0 16 16\" fill=\"none\" xmlns=\"http:\/\/www.w3.org\/2000\/svg\"><path d=\"M8.92 7.1V.06H7.2V7.1H.12v1.72H7.2v7.12h1.72V8.82H16V7.1H8.92z\" fill=\"#0D004C\"\/><\/svg><\/div>              <div class='minus-icon' itemprop='logo'><svg aria-hidden=\"true\" viewBox=\"0 0 14 2\" fill=\"none\" xmlns=\"http:\/\/www.w3.org\/2000\/svg\"><path d=\"M14 1.88H.88V.12H14v1.76z\" fill=\"#fff\"\/><\/svg><\/div>            <\/button>\n          <\/h2>\n          <div class=\"accordion-section-wrapper\">\n            <section id=\"accordion-panel-2\" class=\"accordion-panel\" aria-labelledby=\"accordion-header-2\">\n              <p><span data-teams=\"true\">Klikkaa Uusi keskustelu -painiketta ja voit aloittaa uudesta aiheesta puhtaalta p\u00f6yd\u00e4lt\u00e4 Copilotin kanssa. <\/span><\/p>\n<p><span data-teams=\"true\"><strong>Vaihe 1.<\/strong> Kysy teko\u00e4lylt\u00e4 aiheesta, jota et tunne lainkaan. Aihe voi olla esimerkiksi avaruusteknologia, aboriginaalikansojen perinteet, logaritmifunktioiden sovellusperiaatteet tai rakkauden olemus. <\/span>Abstraktiin kysymykseen rakkauden olemuksesta voit saada hetikin melko osuvan vastauksen, joka sopii muutamalla pienell\u00e4 muokkauksella vaikkapa valtaisan m\u00e4\u00e4r\u00e4n tykk\u00e4yksi\u00e4 sosiaalisessa mediassa ker\u00e4\u00e4v\u00e4n p\u00e4ivityksen sis\u00e4ll\u00f6ksi.<\/p>\n<p><strong>Vaihe 2:<\/strong> Logaritmifunktioiden sovellusperiaatteita koskevan vastauksen kanssa olemmekin sitten teko\u00e4lyn hy\u00f6dynt\u00e4misen ytimess\u00e4. Aiheen asiantuntijalle teko\u00e4lyn tuottama vastaus on <span data-teams=\"true\">aivan selv\u00e4\u00e4 teksti\u00e4, josta h\u00e4n pystyy erottelemaan paikkansapit\u00e4v\u00e4n tiedon ja humpuukin helposti. Ei-asiantuntijalla puolestaan on edess\u00e4\u00e4n teko\u00e4lyn tuottaman sis\u00e4ll\u00f6n kriittinen arviointi ja v\u00e4itteiden paikkansapit\u00e4vyyden tarkistaminen. T\u00e4h\u00e4n tarvitaan luotettavia l\u00e4hteit\u00e4 kuten vertaisarvioituja artikkeleita tai aihetta k\u00e4sittelev\u00e4\u00e4 kirjallisuutta.<\/span><\/p>\n            <\/section>\n          <\/div>\n        <\/div>\n              <div class=\"accordion-item\">\n          <h2 class=\"h6 accordion-title\">\n            <button id=\"accordion-header-3\" class=\"accordion-header\" aria-expanded=\"false\" aria-controls=\"accordion-panel-3\">\n              Ota teko\u00e4ly avuksi kukistamaan tyhj\u00e4n paperin kammoa              <div class='plus-icon' itemprop='logo'><svg aria-hidden=\"true\" viewBox=\"0 0 16 16\" fill=\"none\" xmlns=\"http:\/\/www.w3.org\/2000\/svg\"><path d=\"M8.92 7.1V.06H7.2V7.1H.12v1.72H7.2v7.12h1.72V8.82H16V7.1H8.92z\" fill=\"#0D004C\"\/><\/svg><\/div>              <div class='minus-icon' itemprop='logo'><svg aria-hidden=\"true\" viewBox=\"0 0 14 2\" fill=\"none\" xmlns=\"http:\/\/www.w3.org\/2000\/svg\"><path d=\"M14 1.88H.88V.12H14v1.76z\" fill=\"#fff\"\/><\/svg><\/div>            <\/button>\n          <\/h2>\n          <div class=\"accordion-section-wrapper\">\n            <section id=\"accordion-panel-3\" class=\"accordion-panel\" aria-labelledby=\"accordion-header-3\">\n              <p>Teko\u00e4ly ei\u00a0 ole ammattikorkeakoulukontekstissa tai oikeastaan miss\u00e4\u00e4n muuallakaan suora sis\u00e4ll\u00f6ntuottaja vaan ideoinnin avustaja, tyhj\u00e4n paperin kammon kukistaja, pulkkam\u00e4ess\u00e4 sinut liikkeelle pukkaava voima.<\/p>\n<p>Kun keskustelet teko\u00e4lyn kanssa:<\/p>\n<ul>\n<li>Kirjoita tarkkoja kehotteita ja selit\u00e4 yksityiskohtaisesti, mit\u00e4 haluat teko\u00e4lyn tekev\u00e4n.<\/li>\n<li>Anna teko\u00e4lylle rooli, jossa se vastaa: &#8221;Olet teko\u00e4lyn k\u00e4yt\u00f6n ammattilainen\/kokenut opinto-ohjaaja ammattikorkeakoulussa\/amk-opintojaan aloitteleva 45-vuotias perheellinen opiskelija.&#8221;<\/li>\n<li>Lis\u00e4\u00e4 kehotteeseen sanoja, joita haluat teko\u00e4lyn k\u00e4ytt\u00e4v\u00e4n vastauksessaan.<\/li>\n<\/ul>\n<p>Kun saat teko\u00e4lylt\u00e4 vastauksen:<\/p>\n<ul>\n<li>Tutki vastausta, kysy tarkentavia kysymyksi\u00e4 ja pyyd\u00e4 korjauksia, anna lis\u00e4tietoa.<\/li>\n<li>Tarkista teko\u00e4lyn tuottama sis\u00e4lt\u00f6 vertaamalla luotettaviin l\u00e4hteisiin. Viittaa n\u00e4ihin l\u00e4hteisiin, \u00e4l\u00e4 teko\u00e4lyyn.<\/li>\n<li>Kerro, miten olet k\u00e4ytt\u00e4nyt teko\u00e4ly\u00e4 lopputulokseen p\u00e4\u00e4st\u00e4ksesi.<\/li>\n<\/ul>\n            <\/section>\n          <\/div>\n        <\/div>\n            <\/div>\n<\/div>\n\n\n<p><\/p>\n","protected":false},"excerpt":{"rendered":"<p>Teko\u00e4lyn lukutaito on t\u00e4rke\u00e4 ty\u00f6el\u00e4m\u00e4taito ja osa t\u00e4m\u00e4n p\u00e4iv\u00e4n sivistyst\u00e4. Teko\u00e4lyn lukutaito tarkoittaa kyky\u00e4 ymm\u00e4rt\u00e4\u00e4, k\u00e4ytt\u00e4\u00e4, arvioida ja soveltaa teko\u00e4ly\u00e4 vastuullisesti, eettisesti ja kest\u00e4v\u00e4sti. Teko\u00e4lyn lukutaito koostuu tietoisuudesta, k\u00e4ytt\u00f6osaamisesta, arviointiosaamisesta ja eettisest\u00e4 osaamisesta. 1. Tietoisuus&nbsp; 2. K\u00e4ytt\u00f6osaaminen&nbsp; 3. Arviointiosaaminen&nbsp; 4. Eettinen osaaminen&nbsp;<\/p>\n","protected":false},"author":74,"featured_media":320,"parent":0,"menu_order":2,"comment_status":"closed","ping_status":"closed","template":"","meta":{"_acf_changed":false,"_relevanssi_hide_post":"","_relevanssi_hide_content":"","_relevanssi_pin_for_all":"","_relevanssi_pin_keywords":"","_relevanssi_unpin_keywords":"","_relevanssi_related_keywords":"","_relevanssi_related_include_ids":"","_relevanssi_related_exclude_ids":"","_relevanssi_related_no_append":"","_relevanssi_related_not_related":"","_relevanssi_related_posts":"1","_relevanssi_noindex_reason":"","footnotes":""},"categories":[26],"tags":[12,18,20,10],"class_list":["post-19","page","type-page","status-publish","has-post-thumbnail","hentry","category-tekoaly","tag-ai","tag-lukutaito","tag-tekijanoikeudet","tag-tekoaly"],"acf":[],"yoast_head":"<!-- This site is optimized with the Yoast SEO plugin v27.4 - https:\/\/yoast.com\/product\/yoast-seo-wordpress\/ -->\n<title>Teko\u00e4lyn lukutaito - Teko\u00e4lyn vastuullinen k\u00e4ytt\u00f6 Jamkissa<\/title>\n<meta name=\"robots\" content=\"index, follow, max-snippet:-1, max-image-preview:large, max-video-preview:-1\" \/>\n<link rel=\"canonical\" href=\"https:\/\/help.jamk.fi\/tekoaly\/lukutaito\/\" \/>\n<meta property=\"og:locale\" content=\"fi_FI\" \/>\n<meta property=\"og:type\" content=\"article\" \/>\n<meta property=\"og:title\" content=\"Teko\u00e4lyn lukutaito - Teko\u00e4lyn vastuullinen k\u00e4ytt\u00f6 Jamkissa\" \/>\n<meta property=\"og:description\" content=\"Teko\u00e4lyn lukutaito on t\u00e4rke\u00e4 ty\u00f6el\u00e4m\u00e4taito ja osa t\u00e4m\u00e4n p\u00e4iv\u00e4n sivistyst\u00e4. Teko\u00e4lyn lukutaito tarkoittaa kyky\u00e4 ymm\u00e4rt\u00e4\u00e4, k\u00e4ytt\u00e4\u00e4, arvioida ja soveltaa teko\u00e4ly\u00e4 vastuullisesti, eettisesti ja kest\u00e4v\u00e4sti. Teko\u00e4lyn lukutaito koostuu tietoisuudesta, k\u00e4ytt\u00f6osaamisesta, arviointiosaamisesta ja eettisest\u00e4 osaamisesta. 1. Tietoisuus&nbsp; 2. K\u00e4ytt\u00f6osaaminen&nbsp; 3. Arviointiosaaminen&nbsp; 4. Eettinen osaaminen&nbsp;\" \/>\n<meta property=\"og:url\" content=\"https:\/\/help.jamk.fi\/tekoaly\/lukutaito\/\" \/>\n<meta property=\"og:site_name\" content=\"Teko\u00e4lyn vastuullinen k\u00e4ytt\u00f6 Jamkissa\" \/>\n<meta property=\"article:modified_time\" content=\"2025-01-30T11:19:28+00:00\" \/>\n<meta property=\"og:image\" content=\"https:\/\/help.jamk.fi\/tekoaly\/wp-content\/uploads\/sites\/143\/2025\/01\/tekoalylukutaito_copilot_250129.jpg\" \/>\n\t<meta property=\"og:image:width\" content=\"1080\" \/>\n\t<meta property=\"og:image:height\" content=\"1080\" \/>\n\t<meta property=\"og:image:type\" content=\"image\/jpeg\" \/>\n<meta name=\"twitter:card\" content=\"summary_large_image\" \/>\n<meta name=\"twitter:label1\" content=\"Arvioitu lukuaika\" \/>\n\t<meta name=\"twitter:data1\" content=\"2 minuuttia\" \/>\n<script type=\"application\/ld+json\" class=\"yoast-schema-graph\">{\"@context\":\"https:\\\/\\\/schema.org\",\"@graph\":[{\"@type\":\"WebPage\",\"@id\":\"https:\\\/\\\/help.jamk.fi\\\/tekoaly\\\/lukutaito\\\/\",\"url\":\"https:\\\/\\\/help.jamk.fi\\\/tekoaly\\\/lukutaito\\\/\",\"name\":\"Teko\u00e4lyn lukutaito - Teko\u00e4lyn vastuullinen k\u00e4ytt\u00f6 Jamkissa\",\"isPartOf\":{\"@id\":\"https:\\\/\\\/help.jamk.fi\\\/tekoaly\\\/#website\"},\"primaryImageOfPage\":{\"@id\":\"https:\\\/\\\/help.jamk.fi\\\/tekoaly\\\/lukutaito\\\/#primaryimage\"},\"image\":{\"@id\":\"https:\\\/\\\/help.jamk.fi\\\/tekoaly\\\/lukutaito\\\/#primaryimage\"},\"thumbnailUrl\":\"https:\\\/\\\/help.jamk.fi\\\/tekoaly\\\/wp-content\\\/uploads\\\/sites\\\/143\\\/2025\\\/01\\\/tekoalylukutaito_copilot_250129.jpg\",\"datePublished\":\"2024-12-02T08:37:35+00:00\",\"dateModified\":\"2025-01-30T11:19:28+00:00\",\"breadcrumb\":{\"@id\":\"https:\\\/\\\/help.jamk.fi\\\/tekoaly\\\/lukutaito\\\/#breadcrumb\"},\"inLanguage\":\"fi\",\"potentialAction\":[{\"@type\":\"ReadAction\",\"target\":[\"https:\\\/\\\/help.jamk.fi\\\/tekoaly\\\/lukutaito\\\/\"]}]},{\"@type\":\"ImageObject\",\"inLanguage\":\"fi\",\"@id\":\"https:\\\/\\\/help.jamk.fi\\\/tekoaly\\\/lukutaito\\\/#primaryimage\",\"url\":\"https:\\\/\\\/help.jamk.fi\\\/tekoaly\\\/wp-content\\\/uploads\\\/sites\\\/143\\\/2025\\\/01\\\/tekoalylukutaito_copilot_250129.jpg\",\"contentUrl\":\"https:\\\/\\\/help.jamk.fi\\\/tekoaly\\\/wp-content\\\/uploads\\\/sites\\\/143\\\/2025\\\/01\\\/tekoalylukutaito_copilot_250129.jpg\",\"width\":1080,\"height\":1080,\"caption\":\"ihmisi\u00e4 tietokoneiden kanssa tilassa\"},{\"@type\":\"BreadcrumbList\",\"@id\":\"https:\\\/\\\/help.jamk.fi\\\/tekoaly\\\/lukutaito\\\/#breadcrumb\",\"itemListElement\":[{\"@type\":\"ListItem\",\"position\":1,\"name\":\"Home\",\"item\":\"https:\\\/\\\/help.jamk.fi\\\/tekoaly\\\/\"},{\"@type\":\"ListItem\",\"position\":2,\"name\":\"Teko\u00e4lyn lukutaito\"}]},{\"@type\":\"WebSite\",\"@id\":\"https:\\\/\\\/help.jamk.fi\\\/tekoaly\\\/#website\",\"url\":\"https:\\\/\\\/help.jamk.fi\\\/tekoaly\\\/\",\"name\":\"Teko\u00e4lyn vastuullinen k\u00e4ytt\u00f6 Jamkissa\",\"description\":\"Ohjeistusta ja esimerkkej\u00e4 teko\u00e4lyn hy\u00f6dynt\u00e4misest\u00e4\",\"potentialAction\":[{\"@type\":\"SearchAction\",\"target\":{\"@type\":\"EntryPoint\",\"urlTemplate\":\"https:\\\/\\\/help.jamk.fi\\\/tekoaly\\\/?s={search_term_string}\"},\"query-input\":{\"@type\":\"PropertyValueSpecification\",\"valueRequired\":true,\"valueName\":\"search_term_string\"}}],\"inLanguage\":\"fi\"}]}<\/script>\n<!-- \/ Yoast SEO plugin. -->","yoast_head_json":{"title":"Teko\u00e4lyn lukutaito - Teko\u00e4lyn vastuullinen k\u00e4ytt\u00f6 Jamkissa","robots":{"index":"index","follow":"follow","max-snippet":"max-snippet:-1","max-image-preview":"max-image-preview:large","max-video-preview":"max-video-preview:-1"},"canonical":"https:\/\/help.jamk.fi\/tekoaly\/lukutaito\/","og_locale":"fi_FI","og_type":"article","og_title":"Teko\u00e4lyn lukutaito - Teko\u00e4lyn vastuullinen k\u00e4ytt\u00f6 Jamkissa","og_description":"Teko\u00e4lyn lukutaito on t\u00e4rke\u00e4 ty\u00f6el\u00e4m\u00e4taito ja osa t\u00e4m\u00e4n p\u00e4iv\u00e4n sivistyst\u00e4. Teko\u00e4lyn lukutaito tarkoittaa kyky\u00e4 ymm\u00e4rt\u00e4\u00e4, k\u00e4ytt\u00e4\u00e4, arvioida ja soveltaa teko\u00e4ly\u00e4 vastuullisesti, eettisesti ja kest\u00e4v\u00e4sti. Teko\u00e4lyn lukutaito koostuu tietoisuudesta, k\u00e4ytt\u00f6osaamisesta, arviointiosaamisesta ja eettisest\u00e4 osaamisesta. 1. Tietoisuus&nbsp; 2. K\u00e4ytt\u00f6osaaminen&nbsp; 3. Arviointiosaaminen&nbsp; 4. Eettinen osaaminen&nbsp;","og_url":"https:\/\/help.jamk.fi\/tekoaly\/lukutaito\/","og_site_name":"Teko\u00e4lyn vastuullinen k\u00e4ytt\u00f6 Jamkissa","article_modified_time":"2025-01-30T11:19:28+00:00","og_image":[{"width":1080,"height":1080,"url":"https:\/\/help.jamk.fi\/tekoaly\/wp-content\/uploads\/sites\/143\/2025\/01\/tekoalylukutaito_copilot_250129.jpg","type":"image\/jpeg"}],"twitter_card":"summary_large_image","twitter_misc":{"Arvioitu lukuaika":"2 minuuttia"},"schema":{"@context":"https:\/\/schema.org","@graph":[{"@type":"WebPage","@id":"https:\/\/help.jamk.fi\/tekoaly\/lukutaito\/","url":"https:\/\/help.jamk.fi\/tekoaly\/lukutaito\/","name":"Teko\u00e4lyn lukutaito - Teko\u00e4lyn vastuullinen k\u00e4ytt\u00f6 Jamkissa","isPartOf":{"@id":"https:\/\/help.jamk.fi\/tekoaly\/#website"},"primaryImageOfPage":{"@id":"https:\/\/help.jamk.fi\/tekoaly\/lukutaito\/#primaryimage"},"image":{"@id":"https:\/\/help.jamk.fi\/tekoaly\/lukutaito\/#primaryimage"},"thumbnailUrl":"https:\/\/help.jamk.fi\/tekoaly\/wp-content\/uploads\/sites\/143\/2025\/01\/tekoalylukutaito_copilot_250129.jpg","datePublished":"2024-12-02T08:37:35+00:00","dateModified":"2025-01-30T11:19:28+00:00","breadcrumb":{"@id":"https:\/\/help.jamk.fi\/tekoaly\/lukutaito\/#breadcrumb"},"inLanguage":"fi","potentialAction":[{"@type":"ReadAction","target":["https:\/\/help.jamk.fi\/tekoaly\/lukutaito\/"]}]},{"@type":"ImageObject","inLanguage":"fi","@id":"https:\/\/help.jamk.fi\/tekoaly\/lukutaito\/#primaryimage","url":"https:\/\/help.jamk.fi\/tekoaly\/wp-content\/uploads\/sites\/143\/2025\/01\/tekoalylukutaito_copilot_250129.jpg","contentUrl":"https:\/\/help.jamk.fi\/tekoaly\/wp-content\/uploads\/sites\/143\/2025\/01\/tekoalylukutaito_copilot_250129.jpg","width":1080,"height":1080,"caption":"ihmisi\u00e4 tietokoneiden kanssa tilassa"},{"@type":"BreadcrumbList","@id":"https:\/\/help.jamk.fi\/tekoaly\/lukutaito\/#breadcrumb","itemListElement":[{"@type":"ListItem","position":1,"name":"Home","item":"https:\/\/help.jamk.fi\/tekoaly\/"},{"@type":"ListItem","position":2,"name":"Teko\u00e4lyn lukutaito"}]},{"@type":"WebSite","@id":"https:\/\/help.jamk.fi\/tekoaly\/#website","url":"https:\/\/help.jamk.fi\/tekoaly\/","name":"Teko\u00e4lyn vastuullinen k\u00e4ytt\u00f6 Jamkissa","description":"Ohjeistusta ja esimerkkej\u00e4 teko\u00e4lyn hy\u00f6dynt\u00e4misest\u00e4","potentialAction":[{"@type":"SearchAction","target":{"@type":"EntryPoint","urlTemplate":"https:\/\/help.jamk.fi\/tekoaly\/?s={search_term_string}"},"query-input":{"@type":"PropertyValueSpecification","valueRequired":true,"valueName":"search_term_string"}}],"inLanguage":"fi"}]}},"_links":{"self":[{"href":"https:\/\/help.jamk.fi\/tekoaly\/wp-json\/wp\/v2\/pages\/19","targetHints":{"allow":["GET"]}}],"collection":[{"href":"https:\/\/help.jamk.fi\/tekoaly\/wp-json\/wp\/v2\/pages"}],"about":[{"href":"https:\/\/help.jamk.fi\/tekoaly\/wp-json\/wp\/v2\/types\/page"}],"author":[{"embeddable":true,"href":"https:\/\/help.jamk.fi\/tekoaly\/wp-json\/wp\/v2\/users\/74"}],"replies":[{"embeddable":true,"href":"https:\/\/help.jamk.fi\/tekoaly\/wp-json\/wp\/v2\/comments?post=19"}],"version-history":[{"count":29,"href":"https:\/\/help.jamk.fi\/tekoaly\/wp-json\/wp\/v2\/pages\/19\/revisions"}],"predecessor-version":[{"id":446,"href":"https:\/\/help.jamk.fi\/tekoaly\/wp-json\/wp\/v2\/pages\/19\/revisions\/446"}],"wp:featuredmedia":[{"embeddable":true,"href":"https:\/\/help.jamk.fi\/tekoaly\/wp-json\/wp\/v2\/media\/320"}],"wp:attachment":[{"href":"https:\/\/help.jamk.fi\/tekoaly\/wp-json\/wp\/v2\/media?parent=19"}],"wp:term":[{"taxonomy":"category","embeddable":true,"href":"https:\/\/help.jamk.fi\/tekoaly\/wp-json\/wp\/v2\/categories?post=19"},{"taxonomy":"post_tag","embeddable":true,"href":"https:\/\/help.jamk.fi\/tekoaly\/wp-json\/wp\/v2\/tags?post=19"}],"curies":[{"name":"wp","href":"https:\/\/api.w.org\/{rel}","templated":true}]}}