{"id":210,"date":"2025-01-27T13:07:47","date_gmt":"2025-01-27T11:07:47","guid":{"rendered":"https:\/\/help.jamk.fi\/tekoaly\/?page_id=210"},"modified":"2025-02-04T10:45:56","modified_gmt":"2025-02-04T08:45:56","slug":"tekoaly-henkilostolle","status":"publish","type":"page","link":"https:\/\/help.jamk.fi\/tekoaly\/tekoaly-henkilostolle\/","title":{"rendered":"Teko\u00e4ly henkil\u00f6st\u00f6lle"},"content":{"rendered":"\n<p>Teko\u00e4ly on hyv\u00e4 apuri asiantuntijaty\u00f6ss\u00e4. Se on sis\u00e4\u00e4nrakennettuna monissa arjen palveluissa, esimerkiksi aikatauluttamiseen, k\u00e4\u00e4nn\u00f6spalveluihin, asiakas- ja tukipalveluihin liittyviss\u00e4 ohjelmissa. <\/p>\n\n\n\n<p>Teko\u00e4lypalveluiden k\u00e4ytt\u00f6\u00f6n liittyy riskins\u00e4, joten noudata Jamkin ohjeistusta. Jos esimerkiksi rakennat itse teko\u00e4lybotteja, hanki aiheesta tarpeeksi osaamista etuk\u00e4teen. Teko\u00e4lybotit voivat v\u00e4\u00e4rin tehtyin\u00e4 p\u00e4\u00e4st\u00e4 katsomaan ja k\u00e4ytt\u00e4m\u00e4\u00e4n tekij\u00e4ns\u00e4 materiaaleja. Kun tied\u00e4t, mit\u00e4 olet tekem\u00e4ss\u00e4, teko\u00e4ly on loistava ty\u00f6teht\u00e4vien tehostaja ja ideointiapu! <\/p>\n\n\n\n<p>Teko\u00e4lyn k\u00e4ytt\u00f6 lis\u00e4\u00e4 huomattavasti energiankulutusta, sill\u00e4 teko\u00e4lyn taustaprosessit vaativat paljon palvelimia toimiakseen. K\u00e4yt\u00e4 teko\u00e4ly\u00e4 vastuullisesti, vain tarpeen mukaan.<\/p>\n\n\n\n<p>TKI-toimijoille on laadittu Jamkissa oma teko\u00e4lyohjeistuksensa: <a href=\"https:\/\/jamkstudent.sharepoint.com\/sites\/Projektiohje-Elmo\/SitePages\/teko%C3%A4ly-tki-toiminnassa.aspx\">Teko\u00e4ly TKI-toiminnassa<\/a> (intra, vaatii kirjautumisen Jamk-tunnuksella).<\/p>\n\n\n  <div id=\"notice-box-block_a2c439c22c3a7cff37625d16ad5e9222\" class=\"block-notice-box block-notice-box\">\n          <h2 class=\"block-notice-box__heading\">K\u00e4yt\u00f6ss\u00e4si on Microsoft Copilot<\/h2>\n    \n    <p>Olet vastuussa teko\u00e4lylle antamastasi aineistosta sek\u00e4 teko\u00e4lyll\u00e4 tuottamastasi materiaalista.  Ulkopuolisiin teko\u00e4lypalveluihin sis\u00e4ltyy riskej\u00e4, mm. ei tiedet\u00e4 mihin teko\u00e4lylle sy\u00f6tetty materiaali tallentuu ja mihin sit\u00e4 jatkossa k\u00e4ytet\u00e4\u00e4n. K\u00e4yt\u00e4 ty\u00f6teht\u00e4viss\u00e4si vain Jamkin suosittelemia palveluita, teko\u00e4lyn osalta Microsoftin Copilot -palvelua Jamkin tunnuksellasi. T\u00e4ll\u00f6in Copilotin k\u00e4sittelem\u00e4 ja tuottama materiaali ei tallennu, eik\u00e4 sit\u00e4 k\u00e4ytet\u00e4 my\u00f6hemmin miss\u00e4\u00e4n muualla, esim. teko\u00e4lyn kouluttamisessa. Huomioi kuitenkin, ett\u00e4 Copilot integroituu moneen paikkaan. Kun k\u00e4sittelet arkaluontoista materiaalia, ole varovainen, ettei materiaali joudu teko\u00e4lypalveluun.<\/p>\n<p>Tutustu Copilot-ohjeeseen:<\/p>\n\n          <a class=\"button-primary-icon\" href=\"https:\/\/help.jamk.fi\/tekoaly\/microsoft-copilot\/\" target=\"\" >\n        Microsoft Copilot<i  ><svg aria-hidden=\"true\" viewBox=\"0 0 9 12\" fill=\"none\" xmlns=\"http:\/\/www.w3.org\/2000\/svg\"><path d=\"M1 1v10l7-5.026L1 1z\" stroke=\"#fff\"\/><\/svg><\/i>      <\/a>\n      <\/div>\n\n\n\n<p><\/p>\n\n\n\n<div id=\"accordion-block_ff0ed8cdcd20bb200749ac6bc7228218\" class=\"accordion block-accordion\">\n  <div class=\"block-accordion__element-header\">\n          <h2>Esimerkkej\u00e4 teko\u00e4lypalveluiden hy\u00f6dynt\u00e4misest\u00e4 asiantuntijaty\u00f6ss\u00e4:<\/h2>\n      <\/div>\n  <div class=\"block-accordion__accordions\">\n                  <div class=\"accordion-item\">\n          <h2 class=\"h6 accordion-title\">\n            <button id=\"accordion-header-1\" class=\"accordion-header\" aria-expanded=\"false\" aria-controls=\"accordion-panel-1\">\n              Tietojen analysointi ja raportointi              <div class='plus-icon' itemprop='logo'><svg aria-hidden=\"true\" viewBox=\"0 0 16 16\" fill=\"none\" xmlns=\"http:\/\/www.w3.org\/2000\/svg\"><path d=\"M8.92 7.1V.06H7.2V7.1H.12v1.72H7.2v7.12h1.72V8.82H16V7.1H8.92z\" fill=\"#0D004C\"\/><\/svg><\/div>              <div class='minus-icon' itemprop='logo'><svg aria-hidden=\"true\" viewBox=\"0 0 14 2\" fill=\"none\" xmlns=\"http:\/\/www.w3.org\/2000\/svg\"><path d=\"M14 1.88H.88V.12H14v1.76z\" fill=\"#fff\"\/><\/svg><\/div>            <\/button>\n          <\/h2>\n          <div class=\"accordion-section-wrapper\">\n            <section id=\"accordion-panel-1\" class=\"accordion-panel\" aria-labelledby=\"accordion-header-1\">\n              <p>Teko\u00e4ly analysoi suuria tietom\u00e4\u00e4ri\u00e4 nopeasti. Se tunnistaa trendej\u00e4 ja poikkeamia ja se voi luoda raportteja p\u00e4\u00e4t\u00f6ksenteon tueksi.<\/p>\n<h4>Esimerkki 1:<\/h4>\n<p>Jamkin suosittelema Howspace-fasilitointipalvelu, joka kokoaa k\u00e4ytt\u00e4j\u00e4n pyynn\u00f6st\u00e4 osallistujen tuotoksista erilaisia yhteenvetoja teko\u00e4lyn avulla. Satojen osallistujen tuotoksista saadaan automaattisilla toiminnoilla ja omilla promptauksilla nostettua teemoja jatkoty\u00f6st\u00f6\u00e4 varten.<\/p>\n<h4>Esimerkki 2:<\/h4>\n<p>Jamkin suosittelemalla Microsoft Copilotilla voi luoda tekstiaineistosta nopeasti graafeja ja taulukoita ilman Excel-ty\u00f6skentely\u00e4.<\/p>\n            <\/section>\n          <\/div>\n        <\/div>\n              <div class=\"accordion-item\">\n          <h2 class=\"h6 accordion-title\">\n            <button id=\"accordion-header-2\" class=\"accordion-header\" aria-expanded=\"false\" aria-controls=\"accordion-panel-2\">\n              Sis\u00e4ll\u00f6n luominen              <div class='plus-icon' itemprop='logo'><svg aria-hidden=\"true\" viewBox=\"0 0 16 16\" fill=\"none\" xmlns=\"http:\/\/www.w3.org\/2000\/svg\"><path d=\"M8.92 7.1V.06H7.2V7.1H.12v1.72H7.2v7.12h1.72V8.82H16V7.1H8.92z\" fill=\"#0D004C\"\/><\/svg><\/div>              <div class='minus-icon' itemprop='logo'><svg aria-hidden=\"true\" viewBox=\"0 0 14 2\" fill=\"none\" xmlns=\"http:\/\/www.w3.org\/2000\/svg\"><path d=\"M14 1.88H.88V.12H14v1.76z\" fill=\"#fff\"\/><\/svg><\/div>            <\/button>\n          <\/h2>\n          <div class=\"accordion-section-wrapper\">\n            <section id=\"accordion-panel-2\" class=\"accordion-panel\" aria-labelledby=\"accordion-header-2\">\n              <p>Teko\u00e4ly tuottaa luonnoksia, tekstej\u00e4 ja raportteja annetusta aiheesta, mik\u00e4 s\u00e4\u00e4st\u00e4\u00e4 aikaa ideoinnille ja luovalle ty\u00f6skentelylle.<\/p>\n<h4>Esimerkki 1:<\/h4>\n<p>Microsoft Copilot-palvelua voi n\u00e4pp\u00e4r\u00e4sti k\u00e4ytt\u00e4\u00e4 selaimessa sis\u00e4ll\u00f6n luomiseen erilaisia prompteja sille sy\u00f6tt\u00e4en. Teko\u00e4ly\u00e4 pyydet\u00e4\u00e4n muotoilemaan ideasta tietynlaista tai tiettyyn tarpeeseen vastaavaa sis\u00e4lt\u00f6\u00e4. Teko\u00e4lyn tuotosta voi jalostaa uusilla prompteilla.<\/p>\n<h4>Esimerkki 2:<\/h4>\n<p>Copilotilta voi tilata tietyst\u00e4 aiheesta tai aineistosta tenttikysymykset Moodle-kurssia varten. Oikeanlaisella promptilla kysymykset syntyv\u00e4t sellaisessa muodossa, ett\u00e4 ne voidaan vied\u00e4 sellaisenaan Moodleen. T\u00e4m\u00e4 s\u00e4\u00e4st\u00e4\u00e4 sek\u00e4 laadintaan ett\u00e4 tuottamiseen kuluvaa aikaa. Toki opettajan on ennen kysymysten k\u00e4ytt\u00e4mist\u00e4 tarkistettava kysymysten sopivuus ja tarvittaessa muokattava niit\u00e4.<\/p>\n            <\/section>\n          <\/div>\n        <\/div>\n              <div class=\"accordion-item\">\n          <h2 class=\"h6 accordion-title\">\n            <button id=\"accordion-header-3\" class=\"accordion-header\" aria-expanded=\"false\" aria-controls=\"accordion-panel-3\">\n              Termien selvent\u00e4minen              <div class='plus-icon' itemprop='logo'><svg aria-hidden=\"true\" viewBox=\"0 0 16 16\" fill=\"none\" xmlns=\"http:\/\/www.w3.org\/2000\/svg\"><path d=\"M8.92 7.1V.06H7.2V7.1H.12v1.72H7.2v7.12h1.72V8.82H16V7.1H8.92z\" fill=\"#0D004C\"\/><\/svg><\/div>              <div class='minus-icon' itemprop='logo'><svg aria-hidden=\"true\" viewBox=\"0 0 14 2\" fill=\"none\" xmlns=\"http:\/\/www.w3.org\/2000\/svg\"><path d=\"M14 1.88H.88V.12H14v1.76z\" fill=\"#fff\"\/><\/svg><\/div>            <\/button>\n          <\/h2>\n          <div class=\"accordion-section-wrapper\">\n            <section id=\"accordion-panel-3\" class=\"accordion-panel\" aria-labelledby=\"accordion-header-3\">\n              <p>Teko\u00e4ly tarjoaa selityksi\u00e4 ja esimerkkej\u00e4 vaikeista termeist\u00e4. Se muuntaa monimutkaista tieteellist\u00e4 tai teknist\u00e4 kielt\u00e4 yksinkertaisemmaksi ja ymm\u00e4rrett\u00e4v\u00e4mm\u00e4ksi. Vieraskieliset vaikeat termit k\u00e4\u00e4ntyv\u00e4t ja selittyv\u00e4t teko\u00e4lyll\u00e4.<\/p>\n<h4>Esimerkki 1:<\/h4>\n<p>Microsoft Copilotia pyydet\u00e4\u00e4n m\u00e4\u00e4rittelem\u00e4\u00e4n \u201dkontribuointi\u201d-termi. Teko\u00e4ly m\u00e4\u00e4rittelee termin seuraavasti: <em>\u201cKontribuointi tarkoittaa osallistumista tai panoksen antamista johonkin yhteiseen projektiin, teht\u00e4v\u00e4\u00e4n tai tavoitteeseen.\u201d<\/em> Lis\u00e4ksi se antaa synonyymeja termille: <em>\u201cKontribuointi tarkoittaa samaa kuin osallistuminen, panoksen antaminen tai avustaminen.\u201d<\/em> Teko\u00e4lylt\u00e4 voi pyyt\u00e4\u00e4 termist\u00e4 kontekstuaalisen selityksen vaikka koulutuksen kontekstissa tai esimerkiksi visualisoinnin tai k\u00e4\u00e4nn\u00f6ksen halutulle kielelle. Muistathan tarkistaa m\u00e4\u00e4ritelm\u00e4n luotettavasta l\u00e4hteest\u00e4 ja viitata t\u00e4h\u00e4n l\u00e4hteeseen.<\/p>\n            <\/section>\n          <\/div>\n        <\/div>\n              <div class=\"accordion-item\">\n          <h2 class=\"h6 accordion-title\">\n            <button id=\"accordion-header-4\" class=\"accordion-header\" aria-expanded=\"false\" aria-controls=\"accordion-panel-4\">\n              Kuvittaminen              <div class='plus-icon' itemprop='logo'><svg aria-hidden=\"true\" viewBox=\"0 0 16 16\" fill=\"none\" xmlns=\"http:\/\/www.w3.org\/2000\/svg\"><path d=\"M8.92 7.1V.06H7.2V7.1H.12v1.72H7.2v7.12h1.72V8.82H16V7.1H8.92z\" fill=\"#0D004C\"\/><\/svg><\/div>              <div class='minus-icon' itemprop='logo'><svg aria-hidden=\"true\" viewBox=\"0 0 14 2\" fill=\"none\" xmlns=\"http:\/\/www.w3.org\/2000\/svg\"><path d=\"M14 1.88H.88V.12H14v1.76z\" fill=\"#fff\"\/><\/svg><\/div>            <\/button>\n          <\/h2>\n          <div class=\"accordion-section-wrapper\">\n            <section id=\"accordion-panel-4\" class=\"accordion-panel\" aria-labelledby=\"accordion-header-4\">\n              <p>Teko\u00e4lyn avulla t\u00e4sm\u00e4aiheisten kuvien aikaansaaminen on nopeaa. Kuvapankkien selailun sijaan tarkasti kuvailevalla promptilla saa aikaiseksi kuvia halutuista aiheista. K\u00e4ytt\u00e4j\u00e4ll\u00e4 on oikeuden teko\u00e4lyn luomiin kuviin, joten niiden k\u00e4ytt\u00f6 kuvituksena on huoletonta. Kuvien julkaisun yhteydess\u00e4 on hyv\u00e4 kertoa, mill\u00e4 teko\u00e4lysovelluksella kuva on tehty.<\/p>\n<h4>Esimerkki 1:<\/h4>\n<p>Tarvitaan kuva, jossa nelj\u00e4 opiskelijaa ty\u00f6skentelee projektimaisesti tietokoneilla valoisassa luokkahuoneessa, taustalla taulu, jolle kiinnitetty post-it-lappuja. Luodaan prompti aiheesta Jamkin suosittelemassa Adobe Firefly -palvelussa. Firefly tekee muutaman vaihtoehtokuvan, joita voi promptia jalostamalla tuottaa lis\u00e4\u00e4.<\/p>\n<h4>Esimerkki 2:<\/h4>\n<p>Valmiiseen kuvaan halutaan vaihtaa taustaksi kaupunkimilj\u00f6\u00f6. Avataan kuva Jamkin suosittelemassa Adobe Photoshopissa, rajataan kuvasta tausta ja generative fill -toimintoon promptataan halutun taustan kuvaus. Photoshop tekee muutaman vaihtoehtokuvan, joita voi promptia muuttamalla tehd\u00e4 lis\u00e4\u00e4.<\/p>\n<p>&nbsp;<\/p>\n            <\/section>\n          <\/div>\n        <\/div>\n              <div class=\"accordion-item\">\n          <h2 class=\"h6 accordion-title\">\n            <button id=\"accordion-header-5\" class=\"accordion-header\" aria-expanded=\"false\" aria-controls=\"accordion-panel-5\">\n              Plagioinnin tarkastaminen              <div class='plus-icon' itemprop='logo'><svg aria-hidden=\"true\" viewBox=\"0 0 16 16\" fill=\"none\" xmlns=\"http:\/\/www.w3.org\/2000\/svg\"><path d=\"M8.92 7.1V.06H7.2V7.1H.12v1.72H7.2v7.12h1.72V8.82H16V7.1H8.92z\" fill=\"#0D004C\"\/><\/svg><\/div>              <div class='minus-icon' itemprop='logo'><svg aria-hidden=\"true\" viewBox=\"0 0 14 2\" fill=\"none\" xmlns=\"http:\/\/www.w3.org\/2000\/svg\"><path d=\"M14 1.88H.88V.12H14v1.76z\" fill=\"#fff\"\/><\/svg><\/div>            <\/button>\n          <\/h2>\n          <div class=\"accordion-section-wrapper\">\n            <section id=\"accordion-panel-5\" class=\"accordion-panel\" aria-labelledby=\"accordion-header-5\">\n              <p>Plagioinnintunnistusohjelmistojen teko\u00e4lytoiminnot kehittyv\u00e4t nopeasti. Oppimisymp\u00e4rist\u00f6n lis\u00e4osien avulla plagioinnin tarkastus onnistuu teht\u00e4v\u00e4palautusten yhteydess\u00e4. Plagioinnintunnistukset tunnistavat my\u00f6s teko\u00e4lyll\u00e4 tehty\u00e4 sis\u00e4lt\u00f6\u00e4.<\/p>\n<h4>Esimerkki 1:<\/h4>\n<p>Moodlen Turnitin-lis\u00e4osaa voi k\u00e4ytt\u00e4\u00e4 plagioinnintunnistamistarkastuksiin sek\u00e4 opiskelija ett\u00e4 opettaja. Teko\u00e4lyn k\u00e4ytt\u00f6\u00e4 mittaava raportti n\u00e4kyy vain opettajalle, mutta se on tallennettavissa pdf-muodossa Jamkin suosittelemasta Turnitin-palvelusta, jos se halutaan jakaa opiskelijalle.<\/p>\n            <\/section>\n          <\/div>\n        <\/div>\n            <\/div>\n<\/div>\n\n  <div id=\"notice-box-block_1f6a0bf540a6f98df006318e707d95dc\" class=\"block-notice-box block-notice-box\">\n    \n    <p>Opiskele lis\u00e4\u00e4 teko\u00e4lyst\u00e4 Eduhousen opetusvideoiden avulla. Kirjautumalla Jamkin verkkotunnuksilla p\u00e4\u00e4set katsomaan useita videoita aiheesta.<\/p>\n\n          <a class=\"button-primary-icon\" href=\"https:\/\/app.eduhouse.fi\/\" target=\"_blank\" rel=\"noopener nofollow\">\n        Eduhouse<i  ><svg aria-hidden=\"true\" viewBox=\"0 0 12 12\" fill=\"none\" xmlns=\"http:\/\/www.w3.org\/2000\/svg\"><path d=\"M9.23 11.17H.77V1.83h4.615V1H0v11h10V6.189h-.77v4.98z\" fill=\"#fff\"\/><path d=\"M7.002 0v.833h3.576L4 7.411 4.589 8l6.578-6.578v3.576H12V0H7.002z\" fill=\"#fff\"\/><\/svg><\/i>      <\/a>\n      <\/div>\n","protected":false},"excerpt":{"rendered":"<p>Teko\u00e4ly on hyv\u00e4 apuri asiantuntijaty\u00f6ss\u00e4. Se on sis\u00e4\u00e4nrakennettuna monissa arjen palveluissa, esimerkiksi aikatauluttamiseen, k\u00e4\u00e4nn\u00f6spalveluihin, asiakas- ja tukipalveluihin liittyviss\u00e4 ohjelmissa. Teko\u00e4lypalveluiden k\u00e4ytt\u00f6\u00f6n liittyy riskins\u00e4, joten noudata Jamkin ohjeistusta. Jos esimerkiksi rakennat itse teko\u00e4lybotteja, hanki aiheesta tarpeeksi osaamista etuk\u00e4teen. Teko\u00e4lybotit voivat v\u00e4\u00e4rin tehtyin\u00e4 p\u00e4\u00e4st\u00e4 katsomaan ja k\u00e4ytt\u00e4m\u00e4\u00e4n tekij\u00e4ns\u00e4 materiaaleja. Kun tied\u00e4t, mit\u00e4 olet tekem\u00e4ss\u00e4, teko\u00e4ly on loistava [&hellip;]<\/p>\n","protected":false},"author":74,"featured_media":331,"parent":0,"menu_order":3,"comment_status":"closed","ping_status":"closed","template":"","meta":{"_acf_changed":false,"_relevanssi_hide_post":"","_relevanssi_hide_content":"","_relevanssi_pin_for_all":"","_relevanssi_pin_keywords":"","_relevanssi_unpin_keywords":"","_relevanssi_related_keywords":"","_relevanssi_related_include_ids":"","_relevanssi_related_exclude_ids":"","_relevanssi_related_no_append":"","_relevanssi_related_not_related":"","_relevanssi_related_posts":"1","_relevanssi_noindex_reason":"","footnotes":""},"categories":[26],"tags":[12,59,57,30,55,67,28,61,63,10,65],"class_list":["post-210","page","type-page","status-publish","has-post-thumbnail","hentry","category-tekoaly","tag-ai","tag-analysointi","tag-asiantuntijatyo","tag-copilot","tag-henkilosto","tag-kuvitus","tag-plagioinnintunnistus","tag-raportointi","tag-sisallon-luominen","tag-tekoaly","tag-termit"],"acf":[],"yoast_head":"<!-- This site is optimized with the Yoast SEO plugin v27.4 - https:\/\/yoast.com\/product\/yoast-seo-wordpress\/ -->\n<title>Teko\u00e4ly henkil\u00f6st\u00f6lle - Teko\u00e4lyn vastuullinen k\u00e4ytt\u00f6 Jamkissa<\/title>\n<meta name=\"robots\" content=\"index, follow, max-snippet:-1, max-image-preview:large, max-video-preview:-1\" \/>\n<link rel=\"canonical\" href=\"https:\/\/help.jamk.fi\/tekoaly\/tekoaly-henkilostolle\/\" \/>\n<meta property=\"og:locale\" content=\"fi_FI\" \/>\n<meta property=\"og:type\" content=\"article\" \/>\n<meta property=\"og:title\" content=\"Teko\u00e4ly henkil\u00f6st\u00f6lle - Teko\u00e4lyn vastuullinen k\u00e4ytt\u00f6 Jamkissa\" \/>\n<meta property=\"og:description\" content=\"Teko\u00e4ly on hyv\u00e4 apuri asiantuntijaty\u00f6ss\u00e4. Se on sis\u00e4\u00e4nrakennettuna monissa arjen palveluissa, esimerkiksi aikatauluttamiseen, k\u00e4\u00e4nn\u00f6spalveluihin, asiakas- ja tukipalveluihin liittyviss\u00e4 ohjelmissa. Teko\u00e4lypalveluiden k\u00e4ytt\u00f6\u00f6n liittyy riskins\u00e4, joten noudata Jamkin ohjeistusta. Jos esimerkiksi rakennat itse teko\u00e4lybotteja, hanki aiheesta tarpeeksi osaamista etuk\u00e4teen. Teko\u00e4lybotit voivat v\u00e4\u00e4rin tehtyin\u00e4 p\u00e4\u00e4st\u00e4 katsomaan ja k\u00e4ytt\u00e4m\u00e4\u00e4n tekij\u00e4ns\u00e4 materiaaleja. Kun tied\u00e4t, mit\u00e4 olet tekem\u00e4ss\u00e4, teko\u00e4ly on loistava [&hellip;]\" \/>\n<meta property=\"og:url\" content=\"https:\/\/help.jamk.fi\/tekoaly\/tekoaly-henkilostolle\/\" \/>\n<meta property=\"og:site_name\" content=\"Teko\u00e4lyn vastuullinen k\u00e4ytt\u00f6 Jamkissa\" \/>\n<meta property=\"article:modified_time\" content=\"2025-02-04T08:45:56+00:00\" \/>\n<meta property=\"og:image\" content=\"https:\/\/help.jamk.fi\/tekoaly\/wp-content\/uploads\/sites\/143\/2025\/01\/tekoalytietotyossa2_copilot_250129.jpg\" \/>\n\t<meta property=\"og:image:width\" content=\"1080\" \/>\n\t<meta property=\"og:image:height\" content=\"1080\" \/>\n\t<meta property=\"og:image:type\" content=\"image\/jpeg\" \/>\n<meta name=\"twitter:card\" content=\"summary_large_image\" \/>\n<meta name=\"twitter:label1\" content=\"Arvioitu lukuaika\" \/>\n\t<meta name=\"twitter:data1\" content=\"1 minuutti\" \/>\n<script type=\"application\/ld+json\" class=\"yoast-schema-graph\">{\"@context\":\"https:\\\/\\\/schema.org\",\"@graph\":[{\"@type\":\"WebPage\",\"@id\":\"https:\\\/\\\/help.jamk.fi\\\/tekoaly\\\/tekoaly-henkilostolle\\\/\",\"url\":\"https:\\\/\\\/help.jamk.fi\\\/tekoaly\\\/tekoaly-henkilostolle\\\/\",\"name\":\"Teko\u00e4ly henkil\u00f6st\u00f6lle - Teko\u00e4lyn vastuullinen k\u00e4ytt\u00f6 Jamkissa\",\"isPartOf\":{\"@id\":\"https:\\\/\\\/help.jamk.fi\\\/tekoaly\\\/#website\"},\"primaryImageOfPage\":{\"@id\":\"https:\\\/\\\/help.jamk.fi\\\/tekoaly\\\/tekoaly-henkilostolle\\\/#primaryimage\"},\"image\":{\"@id\":\"https:\\\/\\\/help.jamk.fi\\\/tekoaly\\\/tekoaly-henkilostolle\\\/#primaryimage\"},\"thumbnailUrl\":\"https:\\\/\\\/help.jamk.fi\\\/tekoaly\\\/wp-content\\\/uploads\\\/sites\\\/143\\\/2025\\\/01\\\/tekoalytietotyossa2_copilot_250129.jpg\",\"datePublished\":\"2025-01-27T11:07:47+00:00\",\"dateModified\":\"2025-02-04T08:45:56+00:00\",\"breadcrumb\":{\"@id\":\"https:\\\/\\\/help.jamk.fi\\\/tekoaly\\\/tekoaly-henkilostolle\\\/#breadcrumb\"},\"inLanguage\":\"fi\",\"potentialAction\":[{\"@type\":\"ReadAction\",\"target\":[\"https:\\\/\\\/help.jamk.fi\\\/tekoaly\\\/tekoaly-henkilostolle\\\/\"]}]},{\"@type\":\"ImageObject\",\"inLanguage\":\"fi\",\"@id\":\"https:\\\/\\\/help.jamk.fi\\\/tekoaly\\\/tekoaly-henkilostolle\\\/#primaryimage\",\"url\":\"https:\\\/\\\/help.jamk.fi\\\/tekoaly\\\/wp-content\\\/uploads\\\/sites\\\/143\\\/2025\\\/01\\\/tekoalytietotyossa2_copilot_250129.jpg\",\"contentUrl\":\"https:\\\/\\\/help.jamk.fi\\\/tekoaly\\\/wp-content\\\/uploads\\\/sites\\\/143\\\/2025\\\/01\\\/tekoalytietotyossa2_copilot_250129.jpg\",\"width\":1080,\"height\":1080,\"caption\":\"Kuva tehty Ms Copilotilla 29.1.25\"},{\"@type\":\"BreadcrumbList\",\"@id\":\"https:\\\/\\\/help.jamk.fi\\\/tekoaly\\\/tekoaly-henkilostolle\\\/#breadcrumb\",\"itemListElement\":[{\"@type\":\"ListItem\",\"position\":1,\"name\":\"Home\",\"item\":\"https:\\\/\\\/help.jamk.fi\\\/tekoaly\\\/\"},{\"@type\":\"ListItem\",\"position\":2,\"name\":\"Teko\u00e4ly henkil\u00f6st\u00f6lle\"}]},{\"@type\":\"WebSite\",\"@id\":\"https:\\\/\\\/help.jamk.fi\\\/tekoaly\\\/#website\",\"url\":\"https:\\\/\\\/help.jamk.fi\\\/tekoaly\\\/\",\"name\":\"Teko\u00e4lyn vastuullinen k\u00e4ytt\u00f6 Jamkissa\",\"description\":\"Ohjeistusta ja esimerkkej\u00e4 teko\u00e4lyn hy\u00f6dynt\u00e4misest\u00e4\",\"potentialAction\":[{\"@type\":\"SearchAction\",\"target\":{\"@type\":\"EntryPoint\",\"urlTemplate\":\"https:\\\/\\\/help.jamk.fi\\\/tekoaly\\\/?s={search_term_string}\"},\"query-input\":{\"@type\":\"PropertyValueSpecification\",\"valueRequired\":true,\"valueName\":\"search_term_string\"}}],\"inLanguage\":\"fi\"}]}<\/script>\n<!-- \/ Yoast SEO plugin. -->","yoast_head_json":{"title":"Teko\u00e4ly henkil\u00f6st\u00f6lle - Teko\u00e4lyn vastuullinen k\u00e4ytt\u00f6 Jamkissa","robots":{"index":"index","follow":"follow","max-snippet":"max-snippet:-1","max-image-preview":"max-image-preview:large","max-video-preview":"max-video-preview:-1"},"canonical":"https:\/\/help.jamk.fi\/tekoaly\/tekoaly-henkilostolle\/","og_locale":"fi_FI","og_type":"article","og_title":"Teko\u00e4ly henkil\u00f6st\u00f6lle - Teko\u00e4lyn vastuullinen k\u00e4ytt\u00f6 Jamkissa","og_description":"Teko\u00e4ly on hyv\u00e4 apuri asiantuntijaty\u00f6ss\u00e4. Se on sis\u00e4\u00e4nrakennettuna monissa arjen palveluissa, esimerkiksi aikatauluttamiseen, k\u00e4\u00e4nn\u00f6spalveluihin, asiakas- ja tukipalveluihin liittyviss\u00e4 ohjelmissa. Teko\u00e4lypalveluiden k\u00e4ytt\u00f6\u00f6n liittyy riskins\u00e4, joten noudata Jamkin ohjeistusta. Jos esimerkiksi rakennat itse teko\u00e4lybotteja, hanki aiheesta tarpeeksi osaamista etuk\u00e4teen. Teko\u00e4lybotit voivat v\u00e4\u00e4rin tehtyin\u00e4 p\u00e4\u00e4st\u00e4 katsomaan ja k\u00e4ytt\u00e4m\u00e4\u00e4n tekij\u00e4ns\u00e4 materiaaleja. Kun tied\u00e4t, mit\u00e4 olet tekem\u00e4ss\u00e4, teko\u00e4ly on loistava [&hellip;]","og_url":"https:\/\/help.jamk.fi\/tekoaly\/tekoaly-henkilostolle\/","og_site_name":"Teko\u00e4lyn vastuullinen k\u00e4ytt\u00f6 Jamkissa","article_modified_time":"2025-02-04T08:45:56+00:00","og_image":[{"width":1080,"height":1080,"url":"https:\/\/help.jamk.fi\/tekoaly\/wp-content\/uploads\/sites\/143\/2025\/01\/tekoalytietotyossa2_copilot_250129.jpg","type":"image\/jpeg"}],"twitter_card":"summary_large_image","twitter_misc":{"Arvioitu lukuaika":"1 minuutti"},"schema":{"@context":"https:\/\/schema.org","@graph":[{"@type":"WebPage","@id":"https:\/\/help.jamk.fi\/tekoaly\/tekoaly-henkilostolle\/","url":"https:\/\/help.jamk.fi\/tekoaly\/tekoaly-henkilostolle\/","name":"Teko\u00e4ly henkil\u00f6st\u00f6lle - Teko\u00e4lyn vastuullinen k\u00e4ytt\u00f6 Jamkissa","isPartOf":{"@id":"https:\/\/help.jamk.fi\/tekoaly\/#website"},"primaryImageOfPage":{"@id":"https:\/\/help.jamk.fi\/tekoaly\/tekoaly-henkilostolle\/#primaryimage"},"image":{"@id":"https:\/\/help.jamk.fi\/tekoaly\/tekoaly-henkilostolle\/#primaryimage"},"thumbnailUrl":"https:\/\/help.jamk.fi\/tekoaly\/wp-content\/uploads\/sites\/143\/2025\/01\/tekoalytietotyossa2_copilot_250129.jpg","datePublished":"2025-01-27T11:07:47+00:00","dateModified":"2025-02-04T08:45:56+00:00","breadcrumb":{"@id":"https:\/\/help.jamk.fi\/tekoaly\/tekoaly-henkilostolle\/#breadcrumb"},"inLanguage":"fi","potentialAction":[{"@type":"ReadAction","target":["https:\/\/help.jamk.fi\/tekoaly\/tekoaly-henkilostolle\/"]}]},{"@type":"ImageObject","inLanguage":"fi","@id":"https:\/\/help.jamk.fi\/tekoaly\/tekoaly-henkilostolle\/#primaryimage","url":"https:\/\/help.jamk.fi\/tekoaly\/wp-content\/uploads\/sites\/143\/2025\/01\/tekoalytietotyossa2_copilot_250129.jpg","contentUrl":"https:\/\/help.jamk.fi\/tekoaly\/wp-content\/uploads\/sites\/143\/2025\/01\/tekoalytietotyossa2_copilot_250129.jpg","width":1080,"height":1080,"caption":"Kuva tehty Ms Copilotilla 29.1.25"},{"@type":"BreadcrumbList","@id":"https:\/\/help.jamk.fi\/tekoaly\/tekoaly-henkilostolle\/#breadcrumb","itemListElement":[{"@type":"ListItem","position":1,"name":"Home","item":"https:\/\/help.jamk.fi\/tekoaly\/"},{"@type":"ListItem","position":2,"name":"Teko\u00e4ly henkil\u00f6st\u00f6lle"}]},{"@type":"WebSite","@id":"https:\/\/help.jamk.fi\/tekoaly\/#website","url":"https:\/\/help.jamk.fi\/tekoaly\/","name":"Teko\u00e4lyn vastuullinen k\u00e4ytt\u00f6 Jamkissa","description":"Ohjeistusta ja esimerkkej\u00e4 teko\u00e4lyn hy\u00f6dynt\u00e4misest\u00e4","potentialAction":[{"@type":"SearchAction","target":{"@type":"EntryPoint","urlTemplate":"https:\/\/help.jamk.fi\/tekoaly\/?s={search_term_string}"},"query-input":{"@type":"PropertyValueSpecification","valueRequired":true,"valueName":"search_term_string"}}],"inLanguage":"fi"}]}},"_links":{"self":[{"href":"https:\/\/help.jamk.fi\/tekoaly\/wp-json\/wp\/v2\/pages\/210","targetHints":{"allow":["GET"]}}],"collection":[{"href":"https:\/\/help.jamk.fi\/tekoaly\/wp-json\/wp\/v2\/pages"}],"about":[{"href":"https:\/\/help.jamk.fi\/tekoaly\/wp-json\/wp\/v2\/types\/page"}],"author":[{"embeddable":true,"href":"https:\/\/help.jamk.fi\/tekoaly\/wp-json\/wp\/v2\/users\/74"}],"replies":[{"embeddable":true,"href":"https:\/\/help.jamk.fi\/tekoaly\/wp-json\/wp\/v2\/comments?post=210"}],"version-history":[{"count":16,"href":"https:\/\/help.jamk.fi\/tekoaly\/wp-json\/wp\/v2\/pages\/210\/revisions"}],"predecessor-version":[{"id":478,"href":"https:\/\/help.jamk.fi\/tekoaly\/wp-json\/wp\/v2\/pages\/210\/revisions\/478"}],"wp:featuredmedia":[{"embeddable":true,"href":"https:\/\/help.jamk.fi\/tekoaly\/wp-json\/wp\/v2\/media\/331"}],"wp:attachment":[{"href":"https:\/\/help.jamk.fi\/tekoaly\/wp-json\/wp\/v2\/media?parent=210"}],"wp:term":[{"taxonomy":"category","embeddable":true,"href":"https:\/\/help.jamk.fi\/tekoaly\/wp-json\/wp\/v2\/categories?post=210"},{"taxonomy":"post_tag","embeddable":true,"href":"https:\/\/help.jamk.fi\/tekoaly\/wp-json\/wp\/v2\/tags?post=210"}],"curies":[{"name":"wp","href":"https:\/\/api.w.org\/{rel}","templated":true}]}}