{"id":377,"date":"2025-01-30T10:37:20","date_gmt":"2025-01-30T08:37:20","guid":{"rendered":"https:\/\/help.jamk.fi\/tekoaly\/?page_id=377"},"modified":"2025-01-31T09:03:20","modified_gmt":"2025-01-31T07:03:20","slug":"ai-and-its-use-at-jamk","status":"publish","type":"page","link":"https:\/\/help.jamk.fi\/tekoaly\/en\/ai-and-its-use-at-jamk\/","title":{"rendered":"Responsible Use of AI at Jamk"},"content":{"rendered":"\n<p><\/p>\n\n\n\n<h2 class=\"wp-block-heading\">AI and Its Use at Jamk<\/h2>\n\n\n\n<p>Generative AI (GenAI) creates new content, including text, images, audio, and video, based on user inputs or prompts. AI is based on machine learning and deep learning, where AI models learn by utilizing large amounts of data. AI can facilitate many tasks, such as reviewing materials or brainstorming content, but it does not replace the user\u2019s own thinking. The material produced by AI is not always reliable, so its use requires knowledge of the subject area.<\/p>\n\n\n\n<p>This site contains guidelines and concrete examples for the responsible use of AI. <\/p>\n\n\n\n  <div id=\"page-lift-block_7efe5d3fd52ce9bae8d3e758cc2720d2\" class=\"block-page-lift block-page-lift\">\n          <h2 class=\"block-page-lift__heading\">Explore the content pages:<\/h2>\n    \n    <ul class=\"page-lift-list row\">\n                <li class=\"page-lift-list__item col-12 col-md-6 col-lg-4\">\n            <div class=\"page-lift__item-wrap\">\n                              <picture class=\"page-lift__image\">\n                                      <img loading=\"lazy\" decoding=\"async\" width=\"768\" height=\"768\" src=\"https:\/\/help.jamk.fi\/tekoaly\/wp-content\/uploads\/sites\/143\/2025\/01\/tekoalylukutaito_copilot_250129-768x768.jpg\" class=\"attachment-medium_large size-medium_large\" alt=\"ihmisi\u00e4 tietokoneiden kanssa tilassa\" srcset=\"https:\/\/help.jamk.fi\/tekoaly\/wp-content\/uploads\/sites\/143\/2025\/01\/tekoalylukutaito_copilot_250129-768x768.jpg 768w, https:\/\/help.jamk.fi\/tekoaly\/wp-content\/uploads\/sites\/143\/2025\/01\/tekoalylukutaito_copilot_250129-300x300.jpg 300w, https:\/\/help.jamk.fi\/tekoaly\/wp-content\/uploads\/sites\/143\/2025\/01\/tekoalylukutaito_copilot_250129-1024x1024.jpg 1024w, https:\/\/help.jamk.fi\/tekoaly\/wp-content\/uploads\/sites\/143\/2025\/01\/tekoalylukutaito_copilot_250129-150x150.jpg 150w, https:\/\/help.jamk.fi\/tekoaly\/wp-content\/uploads\/sites\/143\/2025\/01\/tekoalylukutaito_copilot_250129-100x100.jpg 100w, https:\/\/help.jamk.fi\/tekoaly\/wp-content\/uploads\/sites\/143\/2025\/01\/tekoalylukutaito_copilot_250129.jpg 1080w\" sizes=\"auto, (max-width: 768px) 100vw, 768px\" \/>                                  <\/picture>\n                            <div class=\"page-lift__text-wrap\">\n                                      <h3 class=\"page-lift__heading\">\n                      <a class=\"page-lift__link--heading\" href=\"https:\/\/help.jamk.fi\/tekoaly\/en\/ai-literacy\/\">AI Literacy<\/a>\n                    <\/h3>\n                   \n                                  <span class=\"page-lift__excerpt body-small\">AI literacy is an important working-life skill and part of today&#8217;s education.&hellip;<\/span>\n                                                <a class=\"page-lift__link small-text-button-icon\" href=\"\" aria-hidden=\"true\" tabindex=\"-1\">\n                  AI Literacy&nbsp;<i  ><svg aria-hidden=\"true\" viewBox=\"0 0 4 7\" fill=\"none\" xmlns=\"http:\/\/www.w3.org\/2000\/svg\"><path d=\"M1.696 7H0l2.208-3.312L0 .376h1.696l2.208 3.312L1.696 7z\" fill=\"#0D004C\"\/><\/svg><\/i>                <\/a>\n              <\/div>\n            <\/div>\n          <\/li>\n                <li class=\"page-lift-list__item col-12 col-md-6 col-lg-4\">\n            <div class=\"page-lift__item-wrap\">\n                              <picture class=\"page-lift__image\">\n                                      <img loading=\"lazy\" decoding=\"async\" width=\"768\" height=\"768\" src=\"https:\/\/help.jamk.fi\/tekoaly\/wp-content\/uploads\/sites\/143\/2025\/01\/tekoalytietotyossa2_copilot_250129-768x768.jpg\" class=\"attachment-medium_large size-medium_large\" alt=\"ihmiset ja robotti tietokoneella\" srcset=\"https:\/\/help.jamk.fi\/tekoaly\/wp-content\/uploads\/sites\/143\/2025\/01\/tekoalytietotyossa2_copilot_250129-768x768.jpg 768w, https:\/\/help.jamk.fi\/tekoaly\/wp-content\/uploads\/sites\/143\/2025\/01\/tekoalytietotyossa2_copilot_250129-300x300.jpg 300w, https:\/\/help.jamk.fi\/tekoaly\/wp-content\/uploads\/sites\/143\/2025\/01\/tekoalytietotyossa2_copilot_250129-1024x1024.jpg 1024w, https:\/\/help.jamk.fi\/tekoaly\/wp-content\/uploads\/sites\/143\/2025\/01\/tekoalytietotyossa2_copilot_250129-150x150.jpg 150w, https:\/\/help.jamk.fi\/tekoaly\/wp-content\/uploads\/sites\/143\/2025\/01\/tekoalytietotyossa2_copilot_250129-100x100.jpg 100w, https:\/\/help.jamk.fi\/tekoaly\/wp-content\/uploads\/sites\/143\/2025\/01\/tekoalytietotyossa2_copilot_250129.jpg 1080w\" sizes=\"auto, (max-width: 768px) 100vw, 768px\" \/>                                  <\/picture>\n                            <div class=\"page-lift__text-wrap\">\n                                      <h3 class=\"page-lift__heading\">\n                      <a class=\"page-lift__link--heading\" href=\"https:\/\/help.jamk.fi\/tekoaly\/en\/ai-for-staff\/\">AI for Staff<\/a>\n                    <\/h3>\n                   \n                                  <span class=\"page-lift__excerpt body-small\">AI is a good assistant in expert work. It is embedded in&hellip;<\/span>\n                                                <a class=\"page-lift__link small-text-button-icon\" href=\"\" aria-hidden=\"true\" tabindex=\"-1\">\n                  AI for Staff&nbsp;<i  ><svg aria-hidden=\"true\" viewBox=\"0 0 4 7\" fill=\"none\" xmlns=\"http:\/\/www.w3.org\/2000\/svg\"><path d=\"M1.696 7H0l2.208-3.312L0 .376h1.696l2.208 3.312L1.696 7z\" fill=\"#0D004C\"\/><\/svg><\/i>                <\/a>\n              <\/div>\n            <\/div>\n          <\/li>\n                <li class=\"page-lift-list__item col-12 col-md-6 col-lg-4\">\n            <div class=\"page-lift__item-wrap\">\n                              <picture class=\"page-lift__image\">\n                                      <img loading=\"lazy\" decoding=\"async\" width=\"768\" height=\"768\" src=\"https:\/\/help.jamk.fi\/tekoaly\/wp-content\/uploads\/sites\/143\/2025\/01\/tekoalyopiskelussa1_copilot_250129-copy-768x768.jpg\" class=\"attachment-medium_large size-medium_large\" alt=\"opiskelijoita robotin kanssa luokassa\" srcset=\"https:\/\/help.jamk.fi\/tekoaly\/wp-content\/uploads\/sites\/143\/2025\/01\/tekoalyopiskelussa1_copilot_250129-copy-768x768.jpg 768w, https:\/\/help.jamk.fi\/tekoaly\/wp-content\/uploads\/sites\/143\/2025\/01\/tekoalyopiskelussa1_copilot_250129-copy-300x300.jpg 300w, https:\/\/help.jamk.fi\/tekoaly\/wp-content\/uploads\/sites\/143\/2025\/01\/tekoalyopiskelussa1_copilot_250129-copy-1024x1024.jpg 1024w, https:\/\/help.jamk.fi\/tekoaly\/wp-content\/uploads\/sites\/143\/2025\/01\/tekoalyopiskelussa1_copilot_250129-copy-150x150.jpg 150w, https:\/\/help.jamk.fi\/tekoaly\/wp-content\/uploads\/sites\/143\/2025\/01\/tekoalyopiskelussa1_copilot_250129-copy-100x100.jpg 100w, https:\/\/help.jamk.fi\/tekoaly\/wp-content\/uploads\/sites\/143\/2025\/01\/tekoalyopiskelussa1_copilot_250129-copy.jpg 1080w\" sizes=\"auto, (max-width: 768px) 100vw, 768px\" \/>                                  <\/picture>\n                            <div class=\"page-lift__text-wrap\">\n                                      <h3 class=\"page-lift__heading\">\n                      <a class=\"page-lift__link--heading\" href=\"https:\/\/help.jamk.fi\/tekoaly\/en\/ai-for-students\/\">AI for Students<\/a>\n                    <\/h3>\n                   \n                                  <span class=\"page-lift__excerpt body-small\">Generative AI can be a valuable partner in studies. It offers quick&hellip;<\/span>\n                                                <a class=\"page-lift__link small-text-button-icon\" href=\"\" aria-hidden=\"true\" tabindex=\"-1\">\n                  AI for Students&nbsp;<i  ><svg aria-hidden=\"true\" viewBox=\"0 0 4 7\" fill=\"none\" xmlns=\"http:\/\/www.w3.org\/2000\/svg\"><path d=\"M1.696 7H0l2.208-3.312L0 .376h1.696l2.208 3.312L1.696 7z\" fill=\"#0D004C\"\/><\/svg><\/i>                <\/a>\n              <\/div>\n            <\/div>\n          <\/li>\n                <li class=\"page-lift-list__item col-12 col-md-6 col-lg-4\">\n            <div class=\"page-lift__item-wrap\">\n                              <picture class=\"page-lift__image\">\n                                      <img loading=\"lazy\" decoding=\"async\" width=\"768\" height=\"768\" src=\"https:\/\/help.jamk.fi\/tekoaly\/wp-content\/uploads\/sites\/143\/2025\/01\/tekoalyeettisyys_copilot_250129-1-768x768.jpg\" class=\"attachment-medium_large size-medium_large\" alt=\"Mies miettii etiikkaa tietokoneen edess\u00e4\" srcset=\"https:\/\/help.jamk.fi\/tekoaly\/wp-content\/uploads\/sites\/143\/2025\/01\/tekoalyeettisyys_copilot_250129-1-768x768.jpg 768w, https:\/\/help.jamk.fi\/tekoaly\/wp-content\/uploads\/sites\/143\/2025\/01\/tekoalyeettisyys_copilot_250129-1-300x300.jpg 300w, https:\/\/help.jamk.fi\/tekoaly\/wp-content\/uploads\/sites\/143\/2025\/01\/tekoalyeettisyys_copilot_250129-1-1024x1024.jpg 1024w, https:\/\/help.jamk.fi\/tekoaly\/wp-content\/uploads\/sites\/143\/2025\/01\/tekoalyeettisyys_copilot_250129-1-150x150.jpg 150w, https:\/\/help.jamk.fi\/tekoaly\/wp-content\/uploads\/sites\/143\/2025\/01\/tekoalyeettisyys_copilot_250129-1-100x100.jpg 100w, https:\/\/help.jamk.fi\/tekoaly\/wp-content\/uploads\/sites\/143\/2025\/01\/tekoalyeettisyys_copilot_250129-1.jpg 1080w\" sizes=\"auto, (max-width: 768px) 100vw, 768px\" \/>                                  <\/picture>\n                            <div class=\"page-lift__text-wrap\">\n                                      <h3 class=\"page-lift__heading\">\n                      <a class=\"page-lift__link--heading\" href=\"https:\/\/help.jamk.fi\/tekoaly\/en\/ethical-considerations-when-using-ai\/\">Ethical use of AI<\/a>\n                    <\/h3>\n                   \n                                  <span class=\"page-lift__excerpt body-small\">Ethical Considerations When Using AI At Jamk, the use of AI applications&hellip;<\/span>\n                                                <a class=\"page-lift__link small-text-button-icon\" href=\"\" aria-hidden=\"true\" tabindex=\"-1\">\n                  Ethical Use of AI&nbsp;<i  ><svg aria-hidden=\"true\" viewBox=\"0 0 4 7\" fill=\"none\" xmlns=\"http:\/\/www.w3.org\/2000\/svg\"><path d=\"M1.696 7H0l2.208-3.312L0 .376h1.696l2.208 3.312L1.696 7z\" fill=\"#0D004C\"\/><\/svg><\/i>                <\/a>\n              <\/div>\n            <\/div>\n          <\/li>\n                <li class=\"page-lift-list__item col-12 col-md-6 col-lg-4\">\n            <div class=\"page-lift__item-wrap\">\n                              <picture class=\"page-lift__image\">\n                                      <img loading=\"lazy\" decoding=\"async\" width=\"768\" height=\"769\" src=\"https:\/\/help.jamk.fi\/tekoaly\/wp-content\/uploads\/sites\/143\/2025\/01\/tekoalyopiskelussa2_copilot_250129-768x769.jpg\" class=\"attachment-medium_large size-medium_large\" alt=\"Opiskelijoita luokassa\" srcset=\"https:\/\/help.jamk.fi\/tekoaly\/wp-content\/uploads\/sites\/143\/2025\/01\/tekoalyopiskelussa2_copilot_250129-768x769.jpg 768w, https:\/\/help.jamk.fi\/tekoaly\/wp-content\/uploads\/sites\/143\/2025\/01\/tekoalyopiskelussa2_copilot_250129-300x300.jpg 300w, https:\/\/help.jamk.fi\/tekoaly\/wp-content\/uploads\/sites\/143\/2025\/01\/tekoalyopiskelussa2_copilot_250129-1024x1024.jpg 1024w, https:\/\/help.jamk.fi\/tekoaly\/wp-content\/uploads\/sites\/143\/2025\/01\/tekoalyopiskelussa2_copilot_250129-150x150.jpg 150w, https:\/\/help.jamk.fi\/tekoaly\/wp-content\/uploads\/sites\/143\/2025\/01\/tekoalyopiskelussa2_copilot_250129-100x100.jpg 100w, https:\/\/help.jamk.fi\/tekoaly\/wp-content\/uploads\/sites\/143\/2025\/01\/tekoalyopiskelussa2_copilot_250129.jpg 1079w\" sizes=\"auto, (max-width: 768px) 100vw, 768px\" \/>                                  <\/picture>\n                            <div class=\"page-lift__text-wrap\">\n                                      <h3 class=\"page-lift__heading\">\n                      <a class=\"page-lift__link--heading\" href=\"https:\/\/help.jamk.fi\/tekoaly\/en\/ai-in-learning-tasks\/\">AI in Learning Assignments<\/a>\n                    <\/h3>\n                   \n                                  <span class=\"page-lift__excerpt body-small\">AI can be used in learning assingments in many ways. It is&hellip;<\/span>\n                                                <a class=\"page-lift__link small-text-button-icon\" href=\"\" aria-hidden=\"true\" tabindex=\"-1\">\n                  AI in Learning Tasks&nbsp;<i  ><svg aria-hidden=\"true\" viewBox=\"0 0 4 7\" fill=\"none\" xmlns=\"http:\/\/www.w3.org\/2000\/svg\"><path d=\"M1.696 7H0l2.208-3.312L0 .376h1.696l2.208 3.312L1.696 7z\" fill=\"#0D004C\"\/><\/svg><\/i>                <\/a>\n              <\/div>\n            <\/div>\n          <\/li>\n                <li class=\"page-lift-list__item col-12 col-md-6 col-lg-4\">\n            <div class=\"page-lift__item-wrap\">\n                              <picture class=\"page-lift__image\">\n                                      <img loading=\"lazy\" decoding=\"async\" width=\"768\" height=\"768\" src=\"https:\/\/help.jamk.fi\/tekoaly\/wp-content\/uploads\/sites\/143\/2025\/01\/tekoalycopilot_copilot1_250129-768x768.jpg\" class=\"attachment-medium_large size-medium_large\" alt=\"kaksi opiskelijaa tietokoneen \u00e4\u00e4ress\u00e4\" srcset=\"https:\/\/help.jamk.fi\/tekoaly\/wp-content\/uploads\/sites\/143\/2025\/01\/tekoalycopilot_copilot1_250129-768x768.jpg 768w, https:\/\/help.jamk.fi\/tekoaly\/wp-content\/uploads\/sites\/143\/2025\/01\/tekoalycopilot_copilot1_250129-300x300.jpg 300w, https:\/\/help.jamk.fi\/tekoaly\/wp-content\/uploads\/sites\/143\/2025\/01\/tekoalycopilot_copilot1_250129-1024x1024.jpg 1024w, https:\/\/help.jamk.fi\/tekoaly\/wp-content\/uploads\/sites\/143\/2025\/01\/tekoalycopilot_copilot1_250129-150x150.jpg 150w, https:\/\/help.jamk.fi\/tekoaly\/wp-content\/uploads\/sites\/143\/2025\/01\/tekoalycopilot_copilot1_250129-100x100.jpg 100w, https:\/\/help.jamk.fi\/tekoaly\/wp-content\/uploads\/sites\/143\/2025\/01\/tekoalycopilot_copilot1_250129.jpg 1080w\" sizes=\"auto, (max-width: 768px) 100vw, 768px\" \/>                                  <\/picture>\n                            <div class=\"page-lift__text-wrap\">\n                                      <h3 class=\"page-lift__heading\">\n                      <a class=\"page-lift__link--heading\" href=\"https:\/\/help.jamk.fi\/tekoaly\/en\/microsoft-copilot-2\/\">Microsoft Copilot<\/a>\n                    <\/h3>\n                   \n                                  <span class=\"page-lift__excerpt body-small\">Microsoft Copilot is an advanced AI assistant that leverages advanced machine learning&hellip;<\/span>\n                                                <a class=\"page-lift__link small-text-button-icon\" href=\"\" aria-hidden=\"true\" tabindex=\"-1\">\n                  Microsoft Copilot&nbsp;<i  ><svg aria-hidden=\"true\" viewBox=\"0 0 4 7\" fill=\"none\" xmlns=\"http:\/\/www.w3.org\/2000\/svg\"><path d=\"M1.696 7H0l2.208-3.312L0 .376h1.696l2.208 3.312L1.696 7z\" fill=\"#0D004C\"\/><\/svg><\/i>                <\/a>\n              <\/div>\n            <\/div>\n          <\/li>\n          <\/ul>\n  <\/div>\n\n\n  <div id=\"notice-box-block_1c4d7272368965a63a88f23482d90035\" class=\"block-notice-box block-notice-box\">\n    \n    <p>Jamk\u2019s policy on the use of AI was published in the fall of 2023. The policy will be updated during 2025.<\/p>\n\n          <a class=\"button-primary-icon\" href=\"https:\/\/jamkstudent.sharepoint.com\/sites\/Jamkin-uutiset-Elmo\/SitePages\/en\/Linjaus-tekoalyn-hyodyntamisesta.aspx\" target=\"_blank\" rel=\"noopener nofollow\">\n        Policy &#8211; Utilisation of artificial intelligence approved at Jamk (intranet)<i  ><svg aria-hidden=\"true\" viewBox=\"0 0 12 12\" fill=\"none\" xmlns=\"http:\/\/www.w3.org\/2000\/svg\"><path d=\"M9.23 11.17H.77V1.83h4.615V1H0v11h10V6.189h-.77v4.98z\" fill=\"#fff\"\/><path d=\"M7.002 0v.833h3.576L4 7.411 4.589 8l6.578-6.578v3.576H12V0H7.002z\" fill=\"#fff\"\/><\/svg><\/i>      <\/a>\n      <\/div>\n","protected":false},"excerpt":{"rendered":"<p>AI and Its Use at Jamk Generative AI (GenAI) creates new content, including text, images, audio, and video, based on user inputs or prompts. AI is based on machine learning and deep learning, where AI models learn by utilizing large amounts of data. AI can facilitate many tasks, such as reviewing materials or brainstorming content, [&hellip;]<\/p>\n","protected":false},"author":74,"featured_media":0,"parent":0,"menu_order":0,"comment_status":"closed","ping_status":"closed","template":"templates\/template-full-width.php","meta":{"_acf_changed":false,"_relevanssi_hide_post":"","_relevanssi_hide_content":"","_relevanssi_pin_for_all":"","_relevanssi_pin_keywords":"","_relevanssi_unpin_keywords":"","_relevanssi_related_keywords":"","_relevanssi_related_include_ids":"","_relevanssi_related_exclude_ids":"","_relevanssi_related_no_append":"","_relevanssi_related_not_related":"","_relevanssi_related_posts":"1","_relevanssi_noindex_reason":"","footnotes":""},"categories":[],"tags":[46,49,51],"class_list":["post-377","page","type-page","status-publish","hentry","tag-ai-en","tag-copilot-en","tag-genai"],"acf":[],"yoast_head":"<!-- This site is optimized with the Yoast SEO plugin v27.4 - https:\/\/yoast.com\/product\/yoast-seo-wordpress\/ -->\n<title>Responsible Use of AI at Jamk - Teko\u00e4lyn vastuullinen k\u00e4ytt\u00f6 Jamkissa<\/title>\n<meta name=\"robots\" content=\"index, follow, max-snippet:-1, max-image-preview:large, max-video-preview:-1\" \/>\n<link rel=\"canonical\" href=\"https:\/\/help.jamk.fi\/tekoaly\/en\/ai-and-its-use-at-jamk\/\" \/>\n<meta property=\"og:locale\" content=\"fi_FI\" \/>\n<meta property=\"og:type\" content=\"article\" \/>\n<meta property=\"og:title\" content=\"Responsible Use of AI at Jamk - Teko\u00e4lyn vastuullinen k\u00e4ytt\u00f6 Jamkissa\" \/>\n<meta property=\"og:description\" content=\"AI and Its Use at Jamk Generative AI (GenAI) creates new content, including text, images, audio, and video, based on user inputs or prompts. AI is based on machine learning and deep learning, where AI models learn by utilizing large amounts of data. AI can facilitate many tasks, such as reviewing materials or brainstorming content, [&hellip;]\" \/>\n<meta property=\"og:url\" content=\"https:\/\/help.jamk.fi\/tekoaly\/en\/ai-and-its-use-at-jamk\/\" \/>\n<meta property=\"og:site_name\" content=\"Teko\u00e4lyn vastuullinen k\u00e4ytt\u00f6 Jamkissa\" \/>\n<meta property=\"article:modified_time\" content=\"2025-01-31T07:03:20+00:00\" \/>\n<meta name=\"twitter:card\" content=\"summary_large_image\" \/>\n<meta name=\"twitter:label1\" content=\"Arvioitu lukuaika\" \/>\n\t<meta name=\"twitter:data1\" content=\"1 minuutti\" \/>\n<script type=\"application\/ld+json\" class=\"yoast-schema-graph\">{\"@context\":\"https:\\\/\\\/schema.org\",\"@graph\":[{\"@type\":\"WebPage\",\"@id\":\"https:\\\/\\\/help.jamk.fi\\\/tekoaly\\\/en\\\/ai-and-its-use-at-jamk\\\/\",\"url\":\"https:\\\/\\\/help.jamk.fi\\\/tekoaly\\\/en\\\/ai-and-its-use-at-jamk\\\/\",\"name\":\"Responsible Use of AI at Jamk - Teko\u00e4lyn vastuullinen k\u00e4ytt\u00f6 Jamkissa\",\"isPartOf\":{\"@id\":\"https:\\\/\\\/help.jamk.fi\\\/tekoaly\\\/#website\"},\"datePublished\":\"2025-01-30T08:37:20+00:00\",\"dateModified\":\"2025-01-31T07:03:20+00:00\",\"breadcrumb\":{\"@id\":\"https:\\\/\\\/help.jamk.fi\\\/tekoaly\\\/en\\\/ai-and-its-use-at-jamk\\\/#breadcrumb\"},\"inLanguage\":\"fi\",\"potentialAction\":[{\"@type\":\"ReadAction\",\"target\":[\"https:\\\/\\\/help.jamk.fi\\\/tekoaly\\\/en\\\/ai-and-its-use-at-jamk\\\/\"]}]},{\"@type\":\"BreadcrumbList\",\"@id\":\"https:\\\/\\\/help.jamk.fi\\\/tekoaly\\\/en\\\/ai-and-its-use-at-jamk\\\/#breadcrumb\",\"itemListElement\":[{\"@type\":\"ListItem\",\"position\":1,\"name\":\"Home\",\"item\":\"https:\\\/\\\/help.jamk.fi\\\/tekoaly\\\/\"},{\"@type\":\"ListItem\",\"position\":2,\"name\":\"Responsible Use of AI at Jamk\"}]},{\"@type\":\"WebSite\",\"@id\":\"https:\\\/\\\/help.jamk.fi\\\/tekoaly\\\/#website\",\"url\":\"https:\\\/\\\/help.jamk.fi\\\/tekoaly\\\/\",\"name\":\"Teko\u00e4lyn vastuullinen k\u00e4ytt\u00f6 Jamkissa\",\"description\":\"Ohjeistusta ja esimerkkej\u00e4 teko\u00e4lyn hy\u00f6dynt\u00e4misest\u00e4\",\"potentialAction\":[{\"@type\":\"SearchAction\",\"target\":{\"@type\":\"EntryPoint\",\"urlTemplate\":\"https:\\\/\\\/help.jamk.fi\\\/tekoaly\\\/?s={search_term_string}\"},\"query-input\":{\"@type\":\"PropertyValueSpecification\",\"valueRequired\":true,\"valueName\":\"search_term_string\"}}],\"inLanguage\":\"fi\"}]}<\/script>\n<!-- \/ Yoast SEO plugin. -->","yoast_head_json":{"title":"Responsible Use of AI at Jamk - Teko\u00e4lyn vastuullinen k\u00e4ytt\u00f6 Jamkissa","robots":{"index":"index","follow":"follow","max-snippet":"max-snippet:-1","max-image-preview":"max-image-preview:large","max-video-preview":"max-video-preview:-1"},"canonical":"https:\/\/help.jamk.fi\/tekoaly\/en\/ai-and-its-use-at-jamk\/","og_locale":"fi_FI","og_type":"article","og_title":"Responsible Use of AI at Jamk - Teko\u00e4lyn vastuullinen k\u00e4ytt\u00f6 Jamkissa","og_description":"AI and Its Use at Jamk Generative AI (GenAI) creates new content, including text, images, audio, and video, based on user inputs or prompts. AI is based on machine learning and deep learning, where AI models learn by utilizing large amounts of data. AI can facilitate many tasks, such as reviewing materials or brainstorming content, [&hellip;]","og_url":"https:\/\/help.jamk.fi\/tekoaly\/en\/ai-and-its-use-at-jamk\/","og_site_name":"Teko\u00e4lyn vastuullinen k\u00e4ytt\u00f6 Jamkissa","article_modified_time":"2025-01-31T07:03:20+00:00","twitter_card":"summary_large_image","twitter_misc":{"Arvioitu lukuaika":"1 minuutti"},"schema":{"@context":"https:\/\/schema.org","@graph":[{"@type":"WebPage","@id":"https:\/\/help.jamk.fi\/tekoaly\/en\/ai-and-its-use-at-jamk\/","url":"https:\/\/help.jamk.fi\/tekoaly\/en\/ai-and-its-use-at-jamk\/","name":"Responsible Use of AI at Jamk - Teko\u00e4lyn vastuullinen k\u00e4ytt\u00f6 Jamkissa","isPartOf":{"@id":"https:\/\/help.jamk.fi\/tekoaly\/#website"},"datePublished":"2025-01-30T08:37:20+00:00","dateModified":"2025-01-31T07:03:20+00:00","breadcrumb":{"@id":"https:\/\/help.jamk.fi\/tekoaly\/en\/ai-and-its-use-at-jamk\/#breadcrumb"},"inLanguage":"fi","potentialAction":[{"@type":"ReadAction","target":["https:\/\/help.jamk.fi\/tekoaly\/en\/ai-and-its-use-at-jamk\/"]}]},{"@type":"BreadcrumbList","@id":"https:\/\/help.jamk.fi\/tekoaly\/en\/ai-and-its-use-at-jamk\/#breadcrumb","itemListElement":[{"@type":"ListItem","position":1,"name":"Home","item":"https:\/\/help.jamk.fi\/tekoaly\/"},{"@type":"ListItem","position":2,"name":"Responsible Use of AI at Jamk"}]},{"@type":"WebSite","@id":"https:\/\/help.jamk.fi\/tekoaly\/#website","url":"https:\/\/help.jamk.fi\/tekoaly\/","name":"Teko\u00e4lyn vastuullinen k\u00e4ytt\u00f6 Jamkissa","description":"Ohjeistusta ja esimerkkej\u00e4 teko\u00e4lyn hy\u00f6dynt\u00e4misest\u00e4","potentialAction":[{"@type":"SearchAction","target":{"@type":"EntryPoint","urlTemplate":"https:\/\/help.jamk.fi\/tekoaly\/?s={search_term_string}"},"query-input":{"@type":"PropertyValueSpecification","valueRequired":true,"valueName":"search_term_string"}}],"inLanguage":"fi"}]}},"_links":{"self":[{"href":"https:\/\/help.jamk.fi\/tekoaly\/wp-json\/wp\/v2\/pages\/377","targetHints":{"allow":["GET"]}}],"collection":[{"href":"https:\/\/help.jamk.fi\/tekoaly\/wp-json\/wp\/v2\/pages"}],"about":[{"href":"https:\/\/help.jamk.fi\/tekoaly\/wp-json\/wp\/v2\/types\/page"}],"author":[{"embeddable":true,"href":"https:\/\/help.jamk.fi\/tekoaly\/wp-json\/wp\/v2\/users\/74"}],"replies":[{"embeddable":true,"href":"https:\/\/help.jamk.fi\/tekoaly\/wp-json\/wp\/v2\/comments?post=377"}],"version-history":[{"count":10,"href":"https:\/\/help.jamk.fi\/tekoaly\/wp-json\/wp\/v2\/pages\/377\/revisions"}],"predecessor-version":[{"id":542,"href":"https:\/\/help.jamk.fi\/tekoaly\/wp-json\/wp\/v2\/pages\/377\/revisions\/542"}],"wp:attachment":[{"href":"https:\/\/help.jamk.fi\/tekoaly\/wp-json\/wp\/v2\/media?parent=377"}],"wp:term":[{"taxonomy":"category","embeddable":true,"href":"https:\/\/help.jamk.fi\/tekoaly\/wp-json\/wp\/v2\/categories?post=377"},{"taxonomy":"post_tag","embeddable":true,"href":"https:\/\/help.jamk.fi\/tekoaly\/wp-json\/wp\/v2\/tags?post=377"}],"curies":[{"name":"wp","href":"https:\/\/api.w.org\/{rel}","templated":true}]}}