{"id":399,"date":"2025-01-30T11:23:08","date_gmt":"2025-01-30T09:23:08","guid":{"rendered":"https:\/\/help.jamk.fi\/tekoaly\/?page_id=399"},"modified":"2025-01-31T08:29:37","modified_gmt":"2025-01-31T06:29:37","slug":"ai-for-staff","status":"publish","type":"page","link":"https:\/\/help.jamk.fi\/tekoaly\/en\/ai-for-staff\/","title":{"rendered":"AI for Staff"},"content":{"rendered":"\n<p><\/p>\n\n\n\n<p>AI is a good assistant in expert work. It is embedded in many everyday services, such as scheduling, translation services, customer and support services. Using AI services involves risks, so follow Jamk\u2019s guidelines. For example, if you are building AI bots yourself, acquire enough expertise on the subject in advance. AI bots, if done incorrectly, can access and use the creator\u2019s materials. When you know what you are doing, AI is a great enhancer of work tasks and a brainstorming aid!<\/p>\n\n\n\n<p>The use of AI significantly increases energy consumption, as the background processes of AI require many servers to operate. Use AI only as needed.<\/p>\n\n\n  <div id=\"notice-box-block_a801e97b4c688284186ad878d0991a59\" class=\"block-notice-box block-notice-box\">\n          <h2 class=\"block-notice-box__heading\">Using Microsoft Copilot<\/h2>\n    \n    <p>You are responsible for the material you provide to AI and the material you produce with AI. External AI services involve risks, such as not knowing where the material fed to AI is stored and how it will be used in the future. Use only the services recommended by Jamk in your work tasks, specifically Microsoft\u2019s Copilot service with your Jamk credentials. This way, the material processed and produced by Copilot is not stored or used elsewhere, e.g., in training AI. However, note that Copilot integrates into many places. When handling sensitive material, be careful not to let the material enter the AI service. <\/p>\n<p>Familiarize yourself with the Copilot guide: <\/p>\n\n          <a class=\"button-primary-icon\" href=\"https:\/\/help.jamk.fi\/tekoaly\/en\/microsoft-copilot-2\/\" target=\"\" >\n        Microsoft Copilot<i  ><svg aria-hidden=\"true\" viewBox=\"0 0 9 12\" fill=\"none\" xmlns=\"http:\/\/www.w3.org\/2000\/svg\"><path d=\"M1 1v10l7-5.026L1 1z\" stroke=\"#fff\"\/><\/svg><\/i>      <\/a>\n      <\/div>\n\n\n\n<div id=\"accordion-block_3ebfa1eedc223b715b7eea066a5b1cee\" class=\"accordion block-accordion\">\n  <div class=\"block-accordion__element-header\">\n          <h2>Examples of Utilizing AI Services in Expert Work:<\/h2>\n      <\/div>\n  <div class=\"block-accordion__accordions\">\n                  <div class=\"accordion-item\">\n          <h2 class=\"h6 accordion-title\">\n            <button id=\"accordion-header-1\" class=\"accordion-header\" aria-expanded=\"false\" aria-controls=\"accordion-panel-1\">\n              Data analysis and reporting              <div class='plus-icon' itemprop='logo'><svg aria-hidden=\"true\" viewBox=\"0 0 16 16\" fill=\"none\" xmlns=\"http:\/\/www.w3.org\/2000\/svg\"><path d=\"M8.92 7.1V.06H7.2V7.1H.12v1.72H7.2v7.12h1.72V8.82H16V7.1H8.92z\" fill=\"#0D004C\"\/><\/svg><\/div>              <div class='minus-icon' itemprop='logo'><svg aria-hidden=\"true\" viewBox=\"0 0 14 2\" fill=\"none\" xmlns=\"http:\/\/www.w3.org\/2000\/svg\"><path d=\"M14 1.88H.88V.12H14v1.76z\" fill=\"#fff\"\/><\/svg><\/div>            <\/button>\n          <\/h2>\n          <div class=\"accordion-section-wrapper\">\n            <section id=\"accordion-panel-1\" class=\"accordion-panel\" aria-labelledby=\"accordion-header-1\">\n              <p>AI analyzes large amounts of data quickly. It identifies trends and anomalies and can create reports to support decision-making.<\/p>\n<h4>Example 1:<\/h4>\n<p>Jamk recommends the Howspace facilitation service, which compiles various summaries from participants\u2019 outputs upon request using AI. Themes for further development can be extracted from the outputs of hundreds of participants using automatic functions and custom prompts.<\/p>\n<h4>Example 2:<\/h4>\n<p>With Microsoft\u2019s Copilot you can quickly create graphs and tables from text data without working in Excel.<\/p>\n            <\/section>\n          <\/div>\n        <\/div>\n              <div class=\"accordion-item\">\n          <h2 class=\"h6 accordion-title\">\n            <button id=\"accordion-header-2\" class=\"accordion-header\" aria-expanded=\"false\" aria-controls=\"accordion-panel-2\">\n              Content creation              <div class='plus-icon' itemprop='logo'><svg aria-hidden=\"true\" viewBox=\"0 0 16 16\" fill=\"none\" xmlns=\"http:\/\/www.w3.org\/2000\/svg\"><path d=\"M8.92 7.1V.06H7.2V7.1H.12v1.72H7.2v7.12h1.72V8.82H16V7.1H8.92z\" fill=\"#0D004C\"\/><\/svg><\/div>              <div class='minus-icon' itemprop='logo'><svg aria-hidden=\"true\" viewBox=\"0 0 14 2\" fill=\"none\" xmlns=\"http:\/\/www.w3.org\/2000\/svg\"><path d=\"M14 1.88H.88V.12H14v1.76z\" fill=\"#fff\"\/><\/svg><\/div>            <\/button>\n          <\/h2>\n          <div class=\"accordion-section-wrapper\">\n            <section id=\"accordion-panel-2\" class=\"accordion-panel\" aria-labelledby=\"accordion-header-2\">\n              <p>AI generates drafts, texts, and reports on a given topic, saving time for brainstorming and creative work.<\/p>\n<h4>Example 1:<\/h4>\n<p>The Microsoft Copilot service can be conveniently used in a browser to create content by feeding it various prompts. AI is asked to shape the idea into content that meets a specific need. The AI-generated output can be refined with new prompts.<\/p>\n<h4>Example 2:<\/h4>\n<p>You can request exam questions for a Moodle course from Copilot on a specific topic or material. With the right prompt, the questions are generated in a format that can be directly imported into Moodle. This saves time in both drafting and producing the questions. However, the teacher must review the suitability of the questions before using them and make any necessary adjustments.<\/p>\n            <\/section>\n          <\/div>\n        <\/div>\n              <div class=\"accordion-item\">\n          <h2 class=\"h6 accordion-title\">\n            <button id=\"accordion-header-3\" class=\"accordion-header\" aria-expanded=\"false\" aria-controls=\"accordion-panel-3\">\n              Clarifying terms              <div class='plus-icon' itemprop='logo'><svg aria-hidden=\"true\" viewBox=\"0 0 16 16\" fill=\"none\" xmlns=\"http:\/\/www.w3.org\/2000\/svg\"><path d=\"M8.92 7.1V.06H7.2V7.1H.12v1.72H7.2v7.12h1.72V8.82H16V7.1H8.92z\" fill=\"#0D004C\"\/><\/svg><\/div>              <div class='minus-icon' itemprop='logo'><svg aria-hidden=\"true\" viewBox=\"0 0 14 2\" fill=\"none\" xmlns=\"http:\/\/www.w3.org\/2000\/svg\"><path d=\"M14 1.88H.88V.12H14v1.76z\" fill=\"#fff\"\/><\/svg><\/div>            <\/button>\n          <\/h2>\n          <div class=\"accordion-section-wrapper\">\n            <section id=\"accordion-panel-3\" class=\"accordion-panel\" aria-labelledby=\"accordion-header-3\">\n              <p>AI provides explanations and examples of difficult terms. It converts complex scientific or technical language into simpler and more understandable terms. Difficult foreign terms are translated and explained by AI.<\/p>\n<h4>Example 1:<\/h4>\n<p>Microsoft Copilot is asked to define the term \u201c<em>contribution<\/em>.\u201d AI defines the term as follows: \u201c<em>Contribution means participating in or giving input to a common project, task, or goal<\/em>.\u201d Additionally, it provides synonyms for the term: \u201c<em>Contribution means the same as participation, giving input, or assisting.<\/em>\u201d You can ask AI for a contextual explanation of the term, for example, in the context of education or a visualization or translation into the desired language. Remember to verify the definition from a reliable source and cite this source.<\/p>\n            <\/section>\n          <\/div>\n        <\/div>\n              <div class=\"accordion-item\">\n          <h2 class=\"h6 accordion-title\">\n            <button id=\"accordion-header-4\" class=\"accordion-header\" aria-expanded=\"false\" aria-controls=\"accordion-panel-4\">\n              Illustrating              <div class='plus-icon' itemprop='logo'><svg aria-hidden=\"true\" viewBox=\"0 0 16 16\" fill=\"none\" xmlns=\"http:\/\/www.w3.org\/2000\/svg\"><path d=\"M8.92 7.1V.06H7.2V7.1H.12v1.72H7.2v7.12h1.72V8.82H16V7.1H8.92z\" fill=\"#0D004C\"\/><\/svg><\/div>              <div class='minus-icon' itemprop='logo'><svg aria-hidden=\"true\" viewBox=\"0 0 14 2\" fill=\"none\" xmlns=\"http:\/\/www.w3.org\/2000\/svg\"><path d=\"M14 1.88H.88V.12H14v1.76z\" fill=\"#fff\"\/><\/svg><\/div>            <\/button>\n          <\/h2>\n          <div class=\"accordion-section-wrapper\">\n            <section id=\"accordion-panel-4\" class=\"accordion-panel\" aria-labelledby=\"accordion-header-4\">\n              <p>Creating specific images with AI is quick. Instead of browsing image banks, you can generate images of desired topics with a precisely descriptive prompt. The user has rights to the images created by AI, making their use for illustrations worry-free. When publishing images, it\u2019s good to mention which AI application was used to create the image.<\/p>\n<h4>Example 1:<\/h4>\n<p>A picture is needed where four students are working on computers in a project-like manner in a bright classroom, with a board in the background with post-it notes attached. Create a prompt on this topic in the Adobe Firefly service recommended by Jamk. Firefly will create a few alternative images, which can be further refined with prompts.<\/p>\n<h4>Example 2:<\/h4>\n<p>The background of an existing image needs to be changed to an urban environment. Open the image in Adobe Photoshop recommended by Jamk, crop the background from the image, and use the generative fill function to prompt the description of the desired background. Photoshop will create a few alternative images, which can be further refined by changing the prompt.<\/p>\n            <\/section>\n          <\/div>\n        <\/div>\n              <div class=\"accordion-item\">\n          <h2 class=\"h6 accordion-title\">\n            <button id=\"accordion-header-5\" class=\"accordion-header\" aria-expanded=\"false\" aria-controls=\"accordion-panel-5\">\n              Checking for plagiarism              <div class='plus-icon' itemprop='logo'><svg aria-hidden=\"true\" viewBox=\"0 0 16 16\" fill=\"none\" xmlns=\"http:\/\/www.w3.org\/2000\/svg\"><path d=\"M8.92 7.1V.06H7.2V7.1H.12v1.72H7.2v7.12h1.72V8.82H16V7.1H8.92z\" fill=\"#0D004C\"\/><\/svg><\/div>              <div class='minus-icon' itemprop='logo'><svg aria-hidden=\"true\" viewBox=\"0 0 14 2\" fill=\"none\" xmlns=\"http:\/\/www.w3.org\/2000\/svg\"><path d=\"M14 1.88H.88V.12H14v1.76z\" fill=\"#fff\"\/><\/svg><\/div>            <\/button>\n          <\/h2>\n          <div class=\"accordion-section-wrapper\">\n            <section id=\"accordion-panel-5\" class=\"accordion-panel\" aria-labelledby=\"accordion-header-5\">\n              <div class=\"content user-select-text\" tabindex=\"0\" aria-description=\"\" aria-label=\"Sent by Copilot: Sure, here's the translation:\n\n---\n\nAI functions in plagiarism detection software are rapidly evolving. With the help of learning environment plugins, plagiarism checks can be performed when assignments are submitted. Plagiarism detection also identifies content created by AI.\n\nExample 1:\nThe Turnitin plugin for Moodle can be used for plagiarism checks by both students and teachers. The report measuring AI usage is visible only to the teacher, but it can be saved in PDF format from the Turnitin service recommended by Jamk if it needs to be shared with the student.\n\n---\n\nLet me know if you need any more help!\"><\/p>\n<div class=\"ac-container ac-adaptiveCard\">\n<div class=\"ac-textBlock\">\n<p>AI functions in plagiarism detection software are rapidly evolving. With the help of learning environment plugins, plagiarism checks can be performed when assignments are submitted. Plagiarism detection also identifies content created by AI.<\/p>\n<h4>Example 1:<\/h4>\n<p>The Turnitin plugin for Moodle can be used for plagiarism checks by both students and teachers. The report measuring AI usage is visible only to the teacher, but it can be saved in PDF format from the Turnitin service recommended by Jamk if it needs to be shared with the student.<\/p>\n<\/div>\n<\/div>\n<\/div>\n            <\/section>\n          <\/div>\n        <\/div>\n            <\/div>\n<\/div>","protected":false},"excerpt":{"rendered":"<p>AI is a good assistant in expert work. It is embedded in many everyday services, such as scheduling, translation services, customer and support services. Using AI services involves risks, so follow Jamk\u2019s guidelines. For example, if you are building AI bots yourself, acquire enough expertise on the subject in advance. AI bots, if done incorrectly, [&hellip;]<\/p>\n","protected":false},"author":74,"featured_media":331,"parent":0,"menu_order":3,"comment_status":"closed","ping_status":"closed","template":"","meta":{"_acf_changed":false,"_relevanssi_hide_post":"","_relevanssi_hide_content":"","_relevanssi_pin_for_all":"","_relevanssi_pin_keywords":"","_relevanssi_unpin_keywords":"","_relevanssi_related_keywords":"","_relevanssi_related_include_ids":"","_relevanssi_related_exclude_ids":"","_relevanssi_related_no_append":"","_relevanssi_related_not_related":"","_relevanssi_related_posts":"1","_relevanssi_noindex_reason":"","footnotes":""},"categories":[],"tags":[46,81,49,83,89,77,75,85,87,79],"class_list":["post-399","page","type-page","status-publish","has-post-thumbnail","hentry","tag-ai-en","tag-content","tag-copilot-en","tag-data-analysis","tag-expert","tag-illustrating","tag-plagiarism","tag-reporting","tag-staff","tag-terms"],"acf":[],"yoast_head":"<!-- This site is optimized with the Yoast SEO plugin v27.4 - https:\/\/yoast.com\/product\/yoast-seo-wordpress\/ -->\n<title>AI for Staff - Teko\u00e4lyn vastuullinen k\u00e4ytt\u00f6 Jamkissa<\/title>\n<meta name=\"robots\" content=\"index, follow, max-snippet:-1, max-image-preview:large, max-video-preview:-1\" \/>\n<link rel=\"canonical\" href=\"https:\/\/help.jamk.fi\/tekoaly\/en\/ai-for-staff\/\" \/>\n<meta property=\"og:locale\" content=\"fi_FI\" \/>\n<meta property=\"og:type\" content=\"article\" \/>\n<meta property=\"og:title\" content=\"AI for Staff - Teko\u00e4lyn vastuullinen k\u00e4ytt\u00f6 Jamkissa\" \/>\n<meta property=\"og:description\" content=\"AI is a good assistant in expert work. It is embedded in many everyday services, such as scheduling, translation services, customer and support services. Using AI services involves risks, so follow Jamk\u2019s guidelines. For example, if you are building AI bots yourself, acquire enough expertise on the subject in advance. AI bots, if done incorrectly, [&hellip;]\" \/>\n<meta property=\"og:url\" content=\"https:\/\/help.jamk.fi\/tekoaly\/en\/ai-for-staff\/\" \/>\n<meta property=\"og:site_name\" content=\"Teko\u00e4lyn vastuullinen k\u00e4ytt\u00f6 Jamkissa\" \/>\n<meta property=\"article:modified_time\" content=\"2025-01-31T06:29:37+00:00\" \/>\n<meta property=\"og:image\" content=\"https:\/\/help.jamk.fi\/tekoaly\/wp-content\/uploads\/sites\/143\/2025\/01\/tekoalytietotyossa2_copilot_250129.jpg\" \/>\n\t<meta property=\"og:image:width\" content=\"1080\" \/>\n\t<meta property=\"og:image:height\" content=\"1080\" \/>\n\t<meta property=\"og:image:type\" content=\"image\/jpeg\" \/>\n<meta name=\"twitter:card\" content=\"summary_large_image\" \/>\n<meta name=\"twitter:label1\" content=\"Arvioitu lukuaika\" \/>\n\t<meta name=\"twitter:data1\" content=\"1 minuutti\" \/>\n<script type=\"application\/ld+json\" class=\"yoast-schema-graph\">{\"@context\":\"https:\\\/\\\/schema.org\",\"@graph\":[{\"@type\":\"WebPage\",\"@id\":\"https:\\\/\\\/help.jamk.fi\\\/tekoaly\\\/en\\\/ai-for-staff\\\/\",\"url\":\"https:\\\/\\\/help.jamk.fi\\\/tekoaly\\\/en\\\/ai-for-staff\\\/\",\"name\":\"AI for Staff - Teko\u00e4lyn vastuullinen k\u00e4ytt\u00f6 Jamkissa\",\"isPartOf\":{\"@id\":\"https:\\\/\\\/help.jamk.fi\\\/tekoaly\\\/#website\"},\"primaryImageOfPage\":{\"@id\":\"https:\\\/\\\/help.jamk.fi\\\/tekoaly\\\/en\\\/ai-for-staff\\\/#primaryimage\"},\"image\":{\"@id\":\"https:\\\/\\\/help.jamk.fi\\\/tekoaly\\\/en\\\/ai-for-staff\\\/#primaryimage\"},\"thumbnailUrl\":\"https:\\\/\\\/help.jamk.fi\\\/tekoaly\\\/wp-content\\\/uploads\\\/sites\\\/143\\\/2025\\\/01\\\/tekoalytietotyossa2_copilot_250129.jpg\",\"datePublished\":\"2025-01-30T09:23:08+00:00\",\"dateModified\":\"2025-01-31T06:29:37+00:00\",\"breadcrumb\":{\"@id\":\"https:\\\/\\\/help.jamk.fi\\\/tekoaly\\\/en\\\/ai-for-staff\\\/#breadcrumb\"},\"inLanguage\":\"fi\",\"potentialAction\":[{\"@type\":\"ReadAction\",\"target\":[\"https:\\\/\\\/help.jamk.fi\\\/tekoaly\\\/en\\\/ai-for-staff\\\/\"]}]},{\"@type\":\"ImageObject\",\"inLanguage\":\"fi\",\"@id\":\"https:\\\/\\\/help.jamk.fi\\\/tekoaly\\\/en\\\/ai-for-staff\\\/#primaryimage\",\"url\":\"https:\\\/\\\/help.jamk.fi\\\/tekoaly\\\/wp-content\\\/uploads\\\/sites\\\/143\\\/2025\\\/01\\\/tekoalytietotyossa2_copilot_250129.jpg\",\"contentUrl\":\"https:\\\/\\\/help.jamk.fi\\\/tekoaly\\\/wp-content\\\/uploads\\\/sites\\\/143\\\/2025\\\/01\\\/tekoalytietotyossa2_copilot_250129.jpg\",\"width\":1080,\"height\":1080,\"caption\":\"Kuva tehty Ms Copilotilla 29.1.25\"},{\"@type\":\"BreadcrumbList\",\"@id\":\"https:\\\/\\\/help.jamk.fi\\\/tekoaly\\\/en\\\/ai-for-staff\\\/#breadcrumb\",\"itemListElement\":[{\"@type\":\"ListItem\",\"position\":1,\"name\":\"Home\",\"item\":\"https:\\\/\\\/help.jamk.fi\\\/tekoaly\\\/\"},{\"@type\":\"ListItem\",\"position\":2,\"name\":\"AI for Staff\"}]},{\"@type\":\"WebSite\",\"@id\":\"https:\\\/\\\/help.jamk.fi\\\/tekoaly\\\/#website\",\"url\":\"https:\\\/\\\/help.jamk.fi\\\/tekoaly\\\/\",\"name\":\"Teko\u00e4lyn vastuullinen k\u00e4ytt\u00f6 Jamkissa\",\"description\":\"Ohjeistusta ja esimerkkej\u00e4 teko\u00e4lyn hy\u00f6dynt\u00e4misest\u00e4\",\"potentialAction\":[{\"@type\":\"SearchAction\",\"target\":{\"@type\":\"EntryPoint\",\"urlTemplate\":\"https:\\\/\\\/help.jamk.fi\\\/tekoaly\\\/?s={search_term_string}\"},\"query-input\":{\"@type\":\"PropertyValueSpecification\",\"valueRequired\":true,\"valueName\":\"search_term_string\"}}],\"inLanguage\":\"fi\"}]}<\/script>\n<!-- \/ Yoast SEO plugin. -->","yoast_head_json":{"title":"AI for Staff - Teko\u00e4lyn vastuullinen k\u00e4ytt\u00f6 Jamkissa","robots":{"index":"index","follow":"follow","max-snippet":"max-snippet:-1","max-image-preview":"max-image-preview:large","max-video-preview":"max-video-preview:-1"},"canonical":"https:\/\/help.jamk.fi\/tekoaly\/en\/ai-for-staff\/","og_locale":"fi_FI","og_type":"article","og_title":"AI for Staff - Teko\u00e4lyn vastuullinen k\u00e4ytt\u00f6 Jamkissa","og_description":"AI is a good assistant in expert work. It is embedded in many everyday services, such as scheduling, translation services, customer and support services. Using AI services involves risks, so follow Jamk\u2019s guidelines. For example, if you are building AI bots yourself, acquire enough expertise on the subject in advance. AI bots, if done incorrectly, [&hellip;]","og_url":"https:\/\/help.jamk.fi\/tekoaly\/en\/ai-for-staff\/","og_site_name":"Teko\u00e4lyn vastuullinen k\u00e4ytt\u00f6 Jamkissa","article_modified_time":"2025-01-31T06:29:37+00:00","og_image":[{"width":1080,"height":1080,"url":"https:\/\/help.jamk.fi\/tekoaly\/wp-content\/uploads\/sites\/143\/2025\/01\/tekoalytietotyossa2_copilot_250129.jpg","type":"image\/jpeg"}],"twitter_card":"summary_large_image","twitter_misc":{"Arvioitu lukuaika":"1 minuutti"},"schema":{"@context":"https:\/\/schema.org","@graph":[{"@type":"WebPage","@id":"https:\/\/help.jamk.fi\/tekoaly\/en\/ai-for-staff\/","url":"https:\/\/help.jamk.fi\/tekoaly\/en\/ai-for-staff\/","name":"AI for Staff - Teko\u00e4lyn vastuullinen k\u00e4ytt\u00f6 Jamkissa","isPartOf":{"@id":"https:\/\/help.jamk.fi\/tekoaly\/#website"},"primaryImageOfPage":{"@id":"https:\/\/help.jamk.fi\/tekoaly\/en\/ai-for-staff\/#primaryimage"},"image":{"@id":"https:\/\/help.jamk.fi\/tekoaly\/en\/ai-for-staff\/#primaryimage"},"thumbnailUrl":"https:\/\/help.jamk.fi\/tekoaly\/wp-content\/uploads\/sites\/143\/2025\/01\/tekoalytietotyossa2_copilot_250129.jpg","datePublished":"2025-01-30T09:23:08+00:00","dateModified":"2025-01-31T06:29:37+00:00","breadcrumb":{"@id":"https:\/\/help.jamk.fi\/tekoaly\/en\/ai-for-staff\/#breadcrumb"},"inLanguage":"fi","potentialAction":[{"@type":"ReadAction","target":["https:\/\/help.jamk.fi\/tekoaly\/en\/ai-for-staff\/"]}]},{"@type":"ImageObject","inLanguage":"fi","@id":"https:\/\/help.jamk.fi\/tekoaly\/en\/ai-for-staff\/#primaryimage","url":"https:\/\/help.jamk.fi\/tekoaly\/wp-content\/uploads\/sites\/143\/2025\/01\/tekoalytietotyossa2_copilot_250129.jpg","contentUrl":"https:\/\/help.jamk.fi\/tekoaly\/wp-content\/uploads\/sites\/143\/2025\/01\/tekoalytietotyossa2_copilot_250129.jpg","width":1080,"height":1080,"caption":"Kuva tehty Ms Copilotilla 29.1.25"},{"@type":"BreadcrumbList","@id":"https:\/\/help.jamk.fi\/tekoaly\/en\/ai-for-staff\/#breadcrumb","itemListElement":[{"@type":"ListItem","position":1,"name":"Home","item":"https:\/\/help.jamk.fi\/tekoaly\/"},{"@type":"ListItem","position":2,"name":"AI for Staff"}]},{"@type":"WebSite","@id":"https:\/\/help.jamk.fi\/tekoaly\/#website","url":"https:\/\/help.jamk.fi\/tekoaly\/","name":"Teko\u00e4lyn vastuullinen k\u00e4ytt\u00f6 Jamkissa","description":"Ohjeistusta ja esimerkkej\u00e4 teko\u00e4lyn hy\u00f6dynt\u00e4misest\u00e4","potentialAction":[{"@type":"SearchAction","target":{"@type":"EntryPoint","urlTemplate":"https:\/\/help.jamk.fi\/tekoaly\/?s={search_term_string}"},"query-input":{"@type":"PropertyValueSpecification","valueRequired":true,"valueName":"search_term_string"}}],"inLanguage":"fi"}]}},"_links":{"self":[{"href":"https:\/\/help.jamk.fi\/tekoaly\/wp-json\/wp\/v2\/pages\/399","targetHints":{"allow":["GET"]}}],"collection":[{"href":"https:\/\/help.jamk.fi\/tekoaly\/wp-json\/wp\/v2\/pages"}],"about":[{"href":"https:\/\/help.jamk.fi\/tekoaly\/wp-json\/wp\/v2\/types\/page"}],"author":[{"embeddable":true,"href":"https:\/\/help.jamk.fi\/tekoaly\/wp-json\/wp\/v2\/users\/74"}],"replies":[{"embeddable":true,"href":"https:\/\/help.jamk.fi\/tekoaly\/wp-json\/wp\/v2\/comments?post=399"}],"version-history":[{"count":7,"href":"https:\/\/help.jamk.fi\/tekoaly\/wp-json\/wp\/v2\/pages\/399\/revisions"}],"predecessor-version":[{"id":460,"href":"https:\/\/help.jamk.fi\/tekoaly\/wp-json\/wp\/v2\/pages\/399\/revisions\/460"}],"wp:featuredmedia":[{"embeddable":true,"href":"https:\/\/help.jamk.fi\/tekoaly\/wp-json\/wp\/v2\/media\/331"}],"wp:attachment":[{"href":"https:\/\/help.jamk.fi\/tekoaly\/wp-json\/wp\/v2\/media?parent=399"}],"wp:term":[{"taxonomy":"category","embeddable":true,"href":"https:\/\/help.jamk.fi\/tekoaly\/wp-json\/wp\/v2\/categories?post=399"},{"taxonomy":"post_tag","embeddable":true,"href":"https:\/\/help.jamk.fi\/tekoaly\/wp-json\/wp\/v2\/tags?post=399"}],"curies":[{"name":"wp","href":"https:\/\/api.w.org\/{rel}","templated":true}]}}