{"id":415,"date":"2025-01-30T11:51:26","date_gmt":"2025-01-30T09:51:26","guid":{"rendered":"https:\/\/help.jamk.fi\/tekoaly\/?page_id=415"},"modified":"2025-12-19T14:11:58","modified_gmt":"2025-12-19T12:11:58","slug":"ethical-considerations-when-using-ai","status":"publish","type":"page","link":"https:\/\/help.jamk.fi\/tekoaly\/en\/ethical-considerations-when-using-ai\/","title":{"rendered":"Ethical use of AI"},"content":{"rendered":"\n<h2 class=\"wp-block-heading\">Ethical Considerations When Using AI<\/h2>\n\n\n\n<p>At Jamk, the use of AI applications requires that you recognize your responsibility as an author. When using AI applications, you must always consider ethical principles and applicable legislation.<\/p>\n\n\n\n<p>From an ethical perspective, the starting point for using AI is to transparently describe how and in what context it has been used, and how it affects your work, such as the preparation of plans or materials, theses, projects, or research. Do not present AI-generated content\u2014such as text, conclusions, sources, images, or tables\u2014as your own, to avoid misconduct.<\/p>\n\n\n\n<p>Both staff and students should use AI tools supported and verified by Jamk for information security.<\/p>\n\n\n\n<p>The use of AI should always be transparent and considered. Be aware of how AI processes data and where data may be transferred. AI services may transfer data outside the EU\/EEA area.<\/p>\n\n\n\n<div id=\"accordion-block_9f72a57a9b2350f437442977107b72ff\" class=\"accordion block-accordion\">\n  <div class=\"block-accordion__element-header\">\n      <\/div>\n  <div class=\"block-accordion__accordions\">\n                  <div class=\"accordion-item\">\n          <h2 class=\"h6 accordion-title\">\n            <button id=\"accordion-header-1\" class=\"accordion-header\" aria-expanded=\"false\" aria-controls=\"accordion-panel-1\">\n              Do You Recognize the Benefits, Harms, Risks, and Obligations?              <div class='plus-icon' itemprop='logo'><svg aria-hidden=\"true\" viewBox=\"0 0 16 16\" fill=\"none\" xmlns=\"http:\/\/www.w3.org\/2000\/svg\"><path d=\"M8.92 7.1V.06H7.2V7.1H.12v1.72H7.2v7.12h1.72V8.82H16V7.1H8.92z\" fill=\"#0D004C\"\/><\/svg><\/div>              <div class='minus-icon' itemprop='logo'><svg aria-hidden=\"true\" viewBox=\"0 0 14 2\" fill=\"none\" xmlns=\"http:\/\/www.w3.org\/2000\/svg\"><path d=\"M14 1.88H.88V.12H14v1.76z\" fill=\"#fff\"\/><\/svg><\/div>            <\/button>\n          <\/h2>\n          <div class=\"accordion-section-wrapper\">\n            <section id=\"accordion-panel-1\" class=\"accordion-panel\" aria-labelledby=\"accordion-header-1\">\n              <p><!-- wp:list --><\/p>\n<ul>\n<li style=\"list-style-type: none;\">\n<ul><!-- wp:list-item --><\/p>\n<li>Assess the potential benefits and harms of AI use for those involved in a thesis, project, or research, as well as for other stakeholders. For example, consider the perspectives of minors, guardians, relatives, company representatives, or staff, how does the use of AI applications affect them, or how do they perceive it?<\/li>\n<li>What positive contributions does AI use bring to your work? Is the use of AI necessary, and does it add value? Describe the added value.<\/li>\n<li>The greater the impact of AI use on others, the more critically its use should be considered. Such situations include, for example, the assessment of others\u2019 work or performance, decision making and the processing of personal data with generative AI.<\/li>\n<li>Do you recognize and manage the laws, obligations, regulations, and guidelines related to AI use, such as data protection regulations, the EU AI Act, copyright, and privacy protection?<\/li>\n<li>The carbon footprint of generative AI is significant.<\/li>\n<\/ul>\n<\/li>\n<\/ul>\n            <\/section>\n          <\/div>\n        <\/div>\n              <div class=\"accordion-item\">\n          <h2 class=\"h6 accordion-title\">\n            <button id=\"accordion-header-2\" class=\"accordion-header\" aria-expanded=\"false\" aria-controls=\"accordion-panel-2\">\n              Authorship and Copyright Limit the Use of AI              <div class='plus-icon' itemprop='logo'><svg aria-hidden=\"true\" viewBox=\"0 0 16 16\" fill=\"none\" xmlns=\"http:\/\/www.w3.org\/2000\/svg\"><path d=\"M8.92 7.1V.06H7.2V7.1H.12v1.72H7.2v7.12h1.72V8.82H16V7.1H8.92z\" fill=\"#0D004C\"\/><\/svg><\/div>              <div class='minus-icon' itemprop='logo'><svg aria-hidden=\"true\" viewBox=\"0 0 14 2\" fill=\"none\" xmlns=\"http:\/\/www.w3.org\/2000\/svg\"><path d=\"M14 1.88H.88V.12H14v1.76z\" fill=\"#fff\"\/><\/svg><\/div>            <\/button>\n          <\/h2>\n          <div class=\"accordion-section-wrapper\">\n            <section id=\"accordion-panel-2\" class=\"accordion-panel\" aria-labelledby=\"accordion-header-2\">\n              <p><!-- wp:list --><\/p>\n<ul>\n<li>Copyright is granted to a human and is the result of creative work. If there is no human creator, the work is not considered a protected work. AI is not a natural person and therefore cannot hold copyright.<\/li>\n<li>You hold copyright only if, for example, when creating an article, podcast, or poster, you have not infringed anyone else\u2019s copyright, including through the improper use of AI.<\/li>\n<li>Check publishers\u2019 terms of use when planning, for example, to create a summary of a scientific article using an AI application. Terms of use often prohibit text mining and the use of AI.<\/li>\n<li>AI may be used to analyze public and general-interest reports if the material is publicly available and not subject to copyright restrictions, terms of use, or exclusive rights that would prevent automatic analysis or data mining. Such materials include, for example, reports from ministries or municipalities.<\/li>\n<li>AI applications cannot determine whether they infringe copyright.\n<ul><!-- wp:list-item --><\/ul>\n<\/li>\n<\/ul>\n            <\/section>\n          <\/div>\n        <\/div>\n              <div class=\"accordion-item\">\n          <h2 class=\"h6 accordion-title\">\n            <button id=\"accordion-header-3\" class=\"accordion-header\" aria-expanded=\"false\" aria-controls=\"accordion-panel-3\">\n              AI in Data Collection and Analysis              <div class='plus-icon' itemprop='logo'><svg aria-hidden=\"true\" viewBox=\"0 0 16 16\" fill=\"none\" xmlns=\"http:\/\/www.w3.org\/2000\/svg\"><path d=\"M8.92 7.1V.06H7.2V7.1H.12v1.72H7.2v7.12h1.72V8.82H16V7.1H8.92z\" fill=\"#0D004C\"\/><\/svg><\/div>              <div class='minus-icon' itemprop='logo'><svg aria-hidden=\"true\" viewBox=\"0 0 14 2\" fill=\"none\" xmlns=\"http:\/\/www.w3.org\/2000\/svg\"><path d=\"M14 1.88H.88V.12H14v1.76z\" fill=\"#fff\"\/><\/svg><\/div>            <\/button>\n          <\/h2>\n          <div class=\"accordion-section-wrapper\">\n            <section id=\"accordion-panel-3\" class=\"accordion-panel\" aria-labelledby=\"accordion-header-3\">\n              <p><!-- wp:list --><\/p>\n<ul>\n<li>You should inform participants in theses, projects, or research if you utilize AI applications in data collection or analysis.<\/li>\n<li>You are responsible for describing as transparently as possible how the AI application is used, where data from the application is transferred, and how the material is processed by AI. Do not leave the responsibility of familiarizing oneself with the AI application&#8217;s or language model\u2019s operating principles (e.g., system privacy statements) to the research subject or participant.<\/li>\n<li>Is the data you input into AI used to train the language model? If so, you must be able to describe what kind of data has been used to train the application and how, for example, the results of a project or thesis have been achieved.<\/li>\n<li>Remember that you are always responsible for the accuracy of the results and must respect the rights of others.<\/li>\n<li>Respect autonomy and privacy when using AI. Inform participants or research subjects if you input personal data into AI and note this in privacy statements. As a rule, remove personal data from the data before submitting it to AI for analysis.\n<ul><!-- wp:list-item --><\/ul>\n<\/li>\n<\/ul>\n            <\/section>\n          <\/div>\n        <\/div>\n              <div class=\"accordion-item\">\n          <h2 class=\"h6 accordion-title\">\n            <button id=\"accordion-header-4\" class=\"accordion-header\" aria-expanded=\"false\" aria-controls=\"accordion-panel-4\">\n              AI in Reporting and Publishing              <div class='plus-icon' itemprop='logo'><svg aria-hidden=\"true\" viewBox=\"0 0 16 16\" fill=\"none\" xmlns=\"http:\/\/www.w3.org\/2000\/svg\"><path d=\"M8.92 7.1V.06H7.2V7.1H.12v1.72H7.2v7.12h1.72V8.82H16V7.1H8.92z\" fill=\"#0D004C\"\/><\/svg><\/div>              <div class='minus-icon' itemprop='logo'><svg aria-hidden=\"true\" viewBox=\"0 0 14 2\" fill=\"none\" xmlns=\"http:\/\/www.w3.org\/2000\/svg\"><path d=\"M14 1.88H.88V.12H14v1.76z\" fill=\"#fff\"\/><\/svg><\/div>            <\/button>\n          <\/h2>\n          <div class=\"accordion-section-wrapper\">\n            <section id=\"accordion-panel-4\" class=\"accordion-panel\" aria-labelledby=\"accordion-header-4\">\n              <ul>\n<li>Always describe the use of AI openly and use it transparently in assignments, theses, reports, and publications.<\/li>\n<li>Do not present AI-generated outputs such as images, tables, or text as your own. Otherwise, you may be guilty of misconduct, such as plagiarism or fabrication.<\/li>\n<li>Remember proper citation and referencing. If you use AI-generated text or images, either as-is or modified, cite them as you would any other source.<\/li>\n<li>AI-generated text, images, or material should be critically evaluated. Ensure that content produced with AI does not undermine fairness, reduce the reliability of information, increase discrimination, or reinforce biases.<\/li>\n<li>AI applications cannot guarantee that the information they produce will not harm people, nature, or the environment. Nor do they promise to respect human rights, such as privacy or safety. Therefore, it is the user\u2019s responsibility to ensure that the use of AI is ethically sustainable.<\/li>\n<li>You must be able to demonstrate how materials have been processed and how results have been achieved.<\/li>\n<\/ul>\n            <\/section>\n          <\/div>\n        <\/div>\n              <div class=\"accordion-item\">\n          <h2 class=\"h6 accordion-title\">\n            <button id=\"accordion-header-5\" class=\"accordion-header\" aria-expanded=\"false\" aria-controls=\"accordion-panel-5\">\n              Suspected Misconduct When Using AI              <div class='plus-icon' itemprop='logo'><svg aria-hidden=\"true\" viewBox=\"0 0 16 16\" fill=\"none\" xmlns=\"http:\/\/www.w3.org\/2000\/svg\"><path d=\"M8.92 7.1V.06H7.2V7.1H.12v1.72H7.2v7.12h1.72V8.82H16V7.1H8.92z\" fill=\"#0D004C\"\/><\/svg><\/div>              <div class='minus-icon' itemprop='logo'><svg aria-hidden=\"true\" viewBox=\"0 0 14 2\" fill=\"none\" xmlns=\"http:\/\/www.w3.org\/2000\/svg\"><path d=\"M14 1.88H.88V.12H14v1.76z\" fill=\"#fff\"\/><\/svg><\/div>            <\/button>\n          <\/h2>\n          <div class=\"accordion-section-wrapper\">\n            <section id=\"accordion-panel-5\" class=\"accordion-panel\" aria-labelledby=\"accordion-header-5\">\n              <ul>\n<li>The same principles of responsible conduct of research (RCR) apply to the use of AI as to all other activities.<\/li>\n<li>If ethical violations\u2014such as misconduct or disregard \u2014occur when using AI, a report must always be made in accordance with Jamk\u2019s ethical principles.<\/li>\n<li>Proven misconduct or disregard always has consequences, such as resubmission of work, a warning, or, in serious or repeated cases, temporary suspension of a student or, for staff, alleged violation of research integrity (so-called RI violation).<\/li>\n<\/ul>\n            <\/section>\n          <\/div>\n        <\/div>\n            <\/div>\n<\/div>\n\n\n<p><\/p>\n\n\n\n<h3 class=\"wp-block-heading\">For more information and instructions:<\/h3>\n\n\n\n<p>The Finnish National Board on Research Integrity (TENK) will publish recommendations for the ethical use of AI in summer 2026.<\/p>\n\n\n\n<p>We recommend utilizing the following guidelines when using AI. Both sites are also suitable for contexts beyond research:<\/p>\n\n\n\n<p><a href=\"https:\/\/www.helsinki.fi\/en\/research\/research-integrity\/ai-research\">The University of Helsinki\u2019s guidance on The Use of Generative AI in Research<\/a> includes a helpful \u201cDo Not \/Pay Attention\/Check\u201d list for generative AI.<\/p>\n\n\n\n<p><a href=\"https:\/\/www.tuni.fi\/en\/it-services\/handbook\/artificial-intelligence\/artificial-intelligence-and-research\">The guidelines of Tampere Universities<\/a> clearly highlight practical application at different research stages and the requirements set by legislation.<\/p>\n\n\n\n<p><strong>Jamk&#8217;s ethical guidelines:<\/strong><\/p>\n\n\n\n<p><a href=\"https:\/\/www.jamk.fi\/en\/for-students\/degree-student\/regulations-and-principles\">Jamk\u2019s Ethical Principles<\/a><\/p>\n\n\n\n<p>For students: <a href=\"https:\/\/jamkstudent.sharepoint.com\/sites\/Eettiset-periaatteet-Elmo\/SitePages\/en\/ethical-principles.aspx#misconduct-and-disregard-in-studies\">Ethical Principles and Research Ethics at Jamk<\/a> (intranet)<\/p>\n\n\n\n<p>For staff: <a href=\"https:\/\/jamkstudent.sharepoint.com\/sites\/Eettiset-periaatteet-Elmo\/SitePages\/en\/Eettiset-periaatteet-Jamkissa.aspx\">Ethical principles and Research Ethics at Jamk<\/a> (intranet)<\/p>\n\n\n\n<p><\/p>\n","protected":false},"excerpt":{"rendered":"<p>Ethical Considerations When Using AI At Jamk, the use of AI applications requires that you recognize your responsibility as an author. When using AI applications, you must always consider ethical principles and applicable legislation. From an ethical perspective, the starting point for using AI is to transparently describe how and in what context it has [&hellip;]<\/p>\n","protected":false},"author":74,"featured_media":315,"parent":0,"menu_order":3,"comment_status":"closed","ping_status":"closed","template":"","meta":{"_acf_changed":false,"_relevanssi_hide_post":"","_relevanssi_hide_content":"","_relevanssi_pin_for_all":"","_relevanssi_pin_keywords":"","_relevanssi_unpin_keywords":"","_relevanssi_related_keywords":"","_relevanssi_related_include_ids":"","_relevanssi_related_exclude_ids":"","_relevanssi_related_no_append":"","_relevanssi_related_not_related":"","_relevanssi_related_posts":"1","_relevanssi_noindex_reason":"","footnotes":""},"categories":[],"tags":[46,93],"class_list":["post-415","page","type-page","status-publish","has-post-thumbnail","hentry","tag-ai-en","tag-ethics"],"acf":[],"yoast_head":"<!-- This site is optimized with the Yoast SEO plugin v27.4 - https:\/\/yoast.com\/product\/yoast-seo-wordpress\/ -->\n<title>Ethical use of AI - Teko\u00e4lyn vastuullinen k\u00e4ytt\u00f6 Jamkissa<\/title>\n<meta name=\"robots\" content=\"index, follow, max-snippet:-1, max-image-preview:large, max-video-preview:-1\" \/>\n<link rel=\"canonical\" href=\"https:\/\/help.jamk.fi\/tekoaly\/en\/ethical-considerations-when-using-ai\/\" \/>\n<meta property=\"og:locale\" content=\"fi_FI\" \/>\n<meta property=\"og:type\" content=\"article\" \/>\n<meta property=\"og:title\" content=\"Ethical use of AI - Teko\u00e4lyn vastuullinen k\u00e4ytt\u00f6 Jamkissa\" \/>\n<meta property=\"og:description\" content=\"Ethical Considerations When Using AI At Jamk, the use of AI applications requires that you recognize your responsibility as an author. When using AI applications, you must always consider ethical principles and applicable legislation. From an ethical perspective, the starting point for using AI is to transparently describe how and in what context it has [&hellip;]\" \/>\n<meta property=\"og:url\" content=\"https:\/\/help.jamk.fi\/tekoaly\/en\/ethical-considerations-when-using-ai\/\" \/>\n<meta property=\"og:site_name\" content=\"Teko\u00e4lyn vastuullinen k\u00e4ytt\u00f6 Jamkissa\" \/>\n<meta property=\"article:modified_time\" content=\"2025-12-19T12:11:58+00:00\" \/>\n<meta property=\"og:image\" content=\"https:\/\/help.jamk.fi\/tekoaly\/wp-content\/uploads\/sites\/143\/2025\/01\/tekoalyeettisyys_copilot_250129-1.jpg\" \/>\n\t<meta property=\"og:image:width\" content=\"1080\" \/>\n\t<meta property=\"og:image:height\" content=\"1080\" \/>\n\t<meta property=\"og:image:type\" content=\"image\/jpeg\" \/>\n<meta name=\"twitter:card\" content=\"summary_large_image\" \/>\n<meta name=\"twitter:label1\" content=\"Arvioitu lukuaika\" \/>\n\t<meta name=\"twitter:data1\" content=\"2 minuuttia\" \/>\n<script type=\"application\/ld+json\" class=\"yoast-schema-graph\">{\"@context\":\"https:\\\/\\\/schema.org\",\"@graph\":[{\"@type\":\"WebPage\",\"@id\":\"https:\\\/\\\/help.jamk.fi\\\/tekoaly\\\/en\\\/ethical-considerations-when-using-ai\\\/\",\"url\":\"https:\\\/\\\/help.jamk.fi\\\/tekoaly\\\/en\\\/ethical-considerations-when-using-ai\\\/\",\"name\":\"Ethical use of AI - Teko\u00e4lyn vastuullinen k\u00e4ytt\u00f6 Jamkissa\",\"isPartOf\":{\"@id\":\"https:\\\/\\\/help.jamk.fi\\\/tekoaly\\\/#website\"},\"primaryImageOfPage\":{\"@id\":\"https:\\\/\\\/help.jamk.fi\\\/tekoaly\\\/en\\\/ethical-considerations-when-using-ai\\\/#primaryimage\"},\"image\":{\"@id\":\"https:\\\/\\\/help.jamk.fi\\\/tekoaly\\\/en\\\/ethical-considerations-when-using-ai\\\/#primaryimage\"},\"thumbnailUrl\":\"https:\\\/\\\/help.jamk.fi\\\/tekoaly\\\/wp-content\\\/uploads\\\/sites\\\/143\\\/2025\\\/01\\\/tekoalyeettisyys_copilot_250129-1.jpg\",\"datePublished\":\"2025-01-30T09:51:26+00:00\",\"dateModified\":\"2025-12-19T12:11:58+00:00\",\"breadcrumb\":{\"@id\":\"https:\\\/\\\/help.jamk.fi\\\/tekoaly\\\/en\\\/ethical-considerations-when-using-ai\\\/#breadcrumb\"},\"inLanguage\":\"fi\",\"potentialAction\":[{\"@type\":\"ReadAction\",\"target\":[\"https:\\\/\\\/help.jamk.fi\\\/tekoaly\\\/en\\\/ethical-considerations-when-using-ai\\\/\"]}]},{\"@type\":\"ImageObject\",\"inLanguage\":\"fi\",\"@id\":\"https:\\\/\\\/help.jamk.fi\\\/tekoaly\\\/en\\\/ethical-considerations-when-using-ai\\\/#primaryimage\",\"url\":\"https:\\\/\\\/help.jamk.fi\\\/tekoaly\\\/wp-content\\\/uploads\\\/sites\\\/143\\\/2025\\\/01\\\/tekoalyeettisyys_copilot_250129-1.jpg\",\"contentUrl\":\"https:\\\/\\\/help.jamk.fi\\\/tekoaly\\\/wp-content\\\/uploads\\\/sites\\\/143\\\/2025\\\/01\\\/tekoalyeettisyys_copilot_250129-1.jpg\",\"width\":1080,\"height\":1080,\"caption\":\"Mies miettii etiikkaa tietokoneen edess\u00e4\"},{\"@type\":\"BreadcrumbList\",\"@id\":\"https:\\\/\\\/help.jamk.fi\\\/tekoaly\\\/en\\\/ethical-considerations-when-using-ai\\\/#breadcrumb\",\"itemListElement\":[{\"@type\":\"ListItem\",\"position\":1,\"name\":\"Home\",\"item\":\"https:\\\/\\\/help.jamk.fi\\\/tekoaly\\\/\"},{\"@type\":\"ListItem\",\"position\":2,\"name\":\"Ethical use of AI\"}]},{\"@type\":\"WebSite\",\"@id\":\"https:\\\/\\\/help.jamk.fi\\\/tekoaly\\\/#website\",\"url\":\"https:\\\/\\\/help.jamk.fi\\\/tekoaly\\\/\",\"name\":\"Teko\u00e4lyn vastuullinen k\u00e4ytt\u00f6 Jamkissa\",\"description\":\"Ohjeistusta ja esimerkkej\u00e4 teko\u00e4lyn hy\u00f6dynt\u00e4misest\u00e4\",\"potentialAction\":[{\"@type\":\"SearchAction\",\"target\":{\"@type\":\"EntryPoint\",\"urlTemplate\":\"https:\\\/\\\/help.jamk.fi\\\/tekoaly\\\/?s={search_term_string}\"},\"query-input\":{\"@type\":\"PropertyValueSpecification\",\"valueRequired\":true,\"valueName\":\"search_term_string\"}}],\"inLanguage\":\"fi\"}]}<\/script>\n<!-- \/ Yoast SEO plugin. -->","yoast_head_json":{"title":"Ethical use of AI - Teko\u00e4lyn vastuullinen k\u00e4ytt\u00f6 Jamkissa","robots":{"index":"index","follow":"follow","max-snippet":"max-snippet:-1","max-image-preview":"max-image-preview:large","max-video-preview":"max-video-preview:-1"},"canonical":"https:\/\/help.jamk.fi\/tekoaly\/en\/ethical-considerations-when-using-ai\/","og_locale":"fi_FI","og_type":"article","og_title":"Ethical use of AI - Teko\u00e4lyn vastuullinen k\u00e4ytt\u00f6 Jamkissa","og_description":"Ethical Considerations When Using AI At Jamk, the use of AI applications requires that you recognize your responsibility as an author. When using AI applications, you must always consider ethical principles and applicable legislation. From an ethical perspective, the starting point for using AI is to transparently describe how and in what context it has [&hellip;]","og_url":"https:\/\/help.jamk.fi\/tekoaly\/en\/ethical-considerations-when-using-ai\/","og_site_name":"Teko\u00e4lyn vastuullinen k\u00e4ytt\u00f6 Jamkissa","article_modified_time":"2025-12-19T12:11:58+00:00","og_image":[{"width":1080,"height":1080,"url":"https:\/\/help.jamk.fi\/tekoaly\/wp-content\/uploads\/sites\/143\/2025\/01\/tekoalyeettisyys_copilot_250129-1.jpg","type":"image\/jpeg"}],"twitter_card":"summary_large_image","twitter_misc":{"Arvioitu lukuaika":"2 minuuttia"},"schema":{"@context":"https:\/\/schema.org","@graph":[{"@type":"WebPage","@id":"https:\/\/help.jamk.fi\/tekoaly\/en\/ethical-considerations-when-using-ai\/","url":"https:\/\/help.jamk.fi\/tekoaly\/en\/ethical-considerations-when-using-ai\/","name":"Ethical use of AI - Teko\u00e4lyn vastuullinen k\u00e4ytt\u00f6 Jamkissa","isPartOf":{"@id":"https:\/\/help.jamk.fi\/tekoaly\/#website"},"primaryImageOfPage":{"@id":"https:\/\/help.jamk.fi\/tekoaly\/en\/ethical-considerations-when-using-ai\/#primaryimage"},"image":{"@id":"https:\/\/help.jamk.fi\/tekoaly\/en\/ethical-considerations-when-using-ai\/#primaryimage"},"thumbnailUrl":"https:\/\/help.jamk.fi\/tekoaly\/wp-content\/uploads\/sites\/143\/2025\/01\/tekoalyeettisyys_copilot_250129-1.jpg","datePublished":"2025-01-30T09:51:26+00:00","dateModified":"2025-12-19T12:11:58+00:00","breadcrumb":{"@id":"https:\/\/help.jamk.fi\/tekoaly\/en\/ethical-considerations-when-using-ai\/#breadcrumb"},"inLanguage":"fi","potentialAction":[{"@type":"ReadAction","target":["https:\/\/help.jamk.fi\/tekoaly\/en\/ethical-considerations-when-using-ai\/"]}]},{"@type":"ImageObject","inLanguage":"fi","@id":"https:\/\/help.jamk.fi\/tekoaly\/en\/ethical-considerations-when-using-ai\/#primaryimage","url":"https:\/\/help.jamk.fi\/tekoaly\/wp-content\/uploads\/sites\/143\/2025\/01\/tekoalyeettisyys_copilot_250129-1.jpg","contentUrl":"https:\/\/help.jamk.fi\/tekoaly\/wp-content\/uploads\/sites\/143\/2025\/01\/tekoalyeettisyys_copilot_250129-1.jpg","width":1080,"height":1080,"caption":"Mies miettii etiikkaa tietokoneen edess\u00e4"},{"@type":"BreadcrumbList","@id":"https:\/\/help.jamk.fi\/tekoaly\/en\/ethical-considerations-when-using-ai\/#breadcrumb","itemListElement":[{"@type":"ListItem","position":1,"name":"Home","item":"https:\/\/help.jamk.fi\/tekoaly\/"},{"@type":"ListItem","position":2,"name":"Ethical use of AI"}]},{"@type":"WebSite","@id":"https:\/\/help.jamk.fi\/tekoaly\/#website","url":"https:\/\/help.jamk.fi\/tekoaly\/","name":"Teko\u00e4lyn vastuullinen k\u00e4ytt\u00f6 Jamkissa","description":"Ohjeistusta ja esimerkkej\u00e4 teko\u00e4lyn hy\u00f6dynt\u00e4misest\u00e4","potentialAction":[{"@type":"SearchAction","target":{"@type":"EntryPoint","urlTemplate":"https:\/\/help.jamk.fi\/tekoaly\/?s={search_term_string}"},"query-input":{"@type":"PropertyValueSpecification","valueRequired":true,"valueName":"search_term_string"}}],"inLanguage":"fi"}]}},"_links":{"self":[{"href":"https:\/\/help.jamk.fi\/tekoaly\/wp-json\/wp\/v2\/pages\/415","targetHints":{"allow":["GET"]}}],"collection":[{"href":"https:\/\/help.jamk.fi\/tekoaly\/wp-json\/wp\/v2\/pages"}],"about":[{"href":"https:\/\/help.jamk.fi\/tekoaly\/wp-json\/wp\/v2\/types\/page"}],"author":[{"embeddable":true,"href":"https:\/\/help.jamk.fi\/tekoaly\/wp-json\/wp\/v2\/users\/74"}],"replies":[{"embeddable":true,"href":"https:\/\/help.jamk.fi\/tekoaly\/wp-json\/wp\/v2\/comments?post=415"}],"version-history":[{"count":7,"href":"https:\/\/help.jamk.fi\/tekoaly\/wp-json\/wp\/v2\/pages\/415\/revisions"}],"predecessor-version":[{"id":544,"href":"https:\/\/help.jamk.fi\/tekoaly\/wp-json\/wp\/v2\/pages\/415\/revisions\/544"}],"wp:featuredmedia":[{"embeddable":true,"href":"https:\/\/help.jamk.fi\/tekoaly\/wp-json\/wp\/v2\/media\/315"}],"wp:attachment":[{"href":"https:\/\/help.jamk.fi\/tekoaly\/wp-json\/wp\/v2\/media?parent=415"}],"wp:term":[{"taxonomy":"category","embeddable":true,"href":"https:\/\/help.jamk.fi\/tekoaly\/wp-json\/wp\/v2\/categories?post=415"},{"taxonomy":"post_tag","embeddable":true,"href":"https:\/\/help.jamk.fi\/tekoaly\/wp-json\/wp\/v2\/tags?post=415"}],"curies":[{"name":"wp","href":"https:\/\/api.w.org\/{rel}","templated":true}]}}