{"id":65,"date":"2024-12-16T10:39:16","date_gmt":"2024-12-16T08:39:16","guid":{"rendered":"https:\/\/help.jamk.fi\/tekoaly\/?page_id=65"},"modified":"2026-03-03T13:59:23","modified_gmt":"2026-03-03T11:59:23","slug":"microsoft-copilot","status":"publish","type":"page","link":"https:\/\/help.jamk.fi\/tekoaly\/microsoft-copilot\/","title":{"rendered":"Microsoft Copilot"},"content":{"rendered":"\n<p>Microsoft Copilot on kehittynyt teko\u00e4lyavustaja, joka hy\u00f6dynt\u00e4\u00e4 edistynytt\u00e4 koneoppimista ja luonnollisen kielen k\u00e4sittely\u00e4. Copilotille voi antaa lausemuotoisia k\u00e4skyj\u00e4 ja komentoja, joiden avulla sit\u00e4 ohjataan suorittamaan komentoja ja avustamaan erilaisissa teht\u00e4viss\u00e4. Microsoft Copilot on valikoima generatiivisen teko\u00e4lyn agentteja, jotka on integroitu Microsoftin sovelluksiin, tuotteisiin ja palveluihin. Copilot on yleisnimitys kaikille Microsoftin kehitt\u00e4mille teko\u00e4lyavustimille. T\u00e4ss\u00e4 ohjeessa k\u00e4ymme l\u00e4pi Copilot Chat ja Copilot for Microsoft 365- tuotteita.<\/p>\n\n\n\n<h3 class=\"wp-block-heading\">Siirry aiheeseen:<\/h3>\n\n\n\n<ul class=\"wp-block-list\">\n<li><a href=\"#Copilot-chat\">Microsoft 365 Copilot Chat<\/a><\/li>\n\n\n\n<li><a href=\"#M365-copilot\">Lis\u00e4maksullinen Microsoft 365 Copilot -lisenssi<\/a><\/li>\n\n\n\n<li><a href=\"#edut\">Microsoft Copilotin tuomat edut<\/a><\/li>\n\n\n\n<li><a href=\"#koulutus\">Koulutusmateriaalit Copilotin k\u00e4ytt\u00f6\u00f6n<\/a><\/li>\n<\/ul>\n\n\n\n<h2 class=\"wp-block-heading\" id=\"Copilot-chat\">Microsoft 365 Copilot Chat<\/h2>\n\n\n\n<p>Microsoft 365 Copilot Chat on chat-tyyppinen keskustelualusta, jossa Copilot voi k\u00e4yd\u00e4 vuorovaikutteista keskustelua kanssasi, vastaten kysymyksiisi ja tarjoamalla tietoa eri aiheista. Copilotin k\u00e4ytt\u00e4m\u00e4n OpenAI:n GPT-4 -kielimallin lis\u00e4ksi se tukeutuu reaaliaikaisiin internet-hakuihin, mik\u00e4 parantaa vastauksien ajantasaisuutta. Kuvien luomiseen se k\u00e4ytt\u00e4\u00e4 DALL-E 3 -mallia.<\/p>\n\n\n<div id=\"info-lift-block_09c73d9b2570db1fb7676cc9ba931f07\" class=\"block-info-lift block-info-lift\">\n  <div class=\"row\">\n    <div class=\"col-12\">\n              <div class=\"block-info-lift__content\">\n          <div class=\"block-info-lift__content__icon\">\n            <span>!<\/span>\n          <\/div>\n          <p class=\"block-info-lift__content__text\">Muista aina varmistaa, ett\u00e4 olet kirjautuneena sis\u00e4\u00e4n organisaatiotilill\u00e4. Yksityisk\u00e4ytt\u00f6\u00f6n tarkoitettu Copilot Chat ei tarjoa vastaavaa tietosuojaa, kuin organisaatiotilill\u00e4 kirjautuneille.<\/p>\n        <\/div>\n          <\/div>\n  <\/div>\n<\/div>\n\n\n<p>Palvelua p\u00e4\u00e4see k\u00e4ytt\u00e4m\u00e4\u00e4n suoraan Edge -selaimen oikean yl\u00e4kulman Copilot -kuvakkeesta tai vaihtoehtoisesti mill\u00e4 tahansa selaimella menem\u00e4ll\u00e4 osoitteeseen&nbsp;<a href=\"https:\/\/copilot.cloud.microsoft\" target=\"_blank\" rel=\"noreferrer noopener\">m365.jamk.fi<\/a>. Muista varmistaa, ett\u00e4 olet kirjautuneena sis\u00e4\u00e4n Jamkin organisaatiotilill\u00e4, jotta saat Microsoftin tarjoaman yritystason tietosuojan k\u00e4ytt\u00f6\u00f6si. T\u00e4ll\u00f6in voit turvallisesti k\u00e4sitell\u00e4 organisaatiodataa ilman, ett\u00e4 sit\u00e4 k\u00e4ytet\u00e4\u00e4n mihink\u00e4\u00e4n muuhun, kuin k\u00e4ym\u00e4\u00e4si keskusteluun. Oikean yl\u00e4kulman kilpi -merkist\u00e4 voit varmistaa, ett\u00e4 k\u00e4yt\u00f6ss\u00e4 on Enterprise -versio, ja k\u00e4ytt\u00f6 on turvallista. Jamkin henkil\u00f6kunnan tietokoneille on asennettuna my\u00f6s Microsoft 365 Copilot -sovellus, mutta t\u00e4t\u00e4 k\u00e4ytett\u00e4ess\u00e4 varmista, ett\u00e4 olet kirjautuneena sis\u00e4\u00e4n sovellukseen Jamkin organisaatiotilill\u00e4.<\/p>\n\n\n\n<p><\/p>\n\n\n\n<figure data-wp-context=\"{&quot;imageId&quot;:&quot;69eeaca976dc1&quot;}\" data-wp-interactive=\"core\/image\" data-wp-key=\"69eeaca976dc1\" class=\"wp-block-image size-large is-resized wp-lightbox-container\"><img loading=\"lazy\" decoding=\"async\" width=\"543\" height=\"1024\" data-wp-class--hide=\"state.isContentHidden\" data-wp-class--show=\"state.isContentVisible\" data-wp-init=\"callbacks.setButtonStyles\" data-wp-on--click=\"actions.showLightbox\" data-wp-on--load=\"callbacks.setButtonStyles\" data-wp-on-window--resize=\"callbacks.setButtonStyles\" src=\"https:\/\/help.jamk.fi\/tekoaly\/wp-content\/uploads\/sites\/143\/2024\/12\/Copilot_edge-543x1024.png\" alt=\"Copilot kuvakkeen l\u00f6yd\u00e4t Edge-selaimen oiekasta yl\u00e4kulmasta. Kuvaakkeesta avautuu Copilot paneeli Edgen oikeaan reunaan. Oikean yl\u00e4kylman &quot;vihre\u00e4st\u00e4 kilvest\u00e4&quot; voit varmistaa, ett\u00e4 tietoja k\u00e4sitell\u00e4\u00e4n yritystason suojauksen mukaisesti. Paneliin alareunasta l\u00f6yd\u00e4t alueen, johon voit kirjoittaa komentoja Copilotille ja k\u00e4yd\u00e4 keskustelua Copilotin kanssa.\" class=\"wp-image-71\" style=\"width:249px;height:auto\" srcset=\"https:\/\/help.jamk.fi\/tekoaly\/wp-content\/uploads\/sites\/143\/2024\/12\/Copilot_edge-543x1024.png 543w, https:\/\/help.jamk.fi\/tekoaly\/wp-content\/uploads\/sites\/143\/2024\/12\/Copilot_edge-159x300.png 159w, https:\/\/help.jamk.fi\/tekoaly\/wp-content\/uploads\/sites\/143\/2024\/12\/Copilot_edge.png 576w\" sizes=\"auto, (max-width: 543px) 100vw, 543px\" \/><button\n\t\t\tclass=\"lightbox-trigger\"\n\t\t\ttype=\"button\"\n\t\t\taria-haspopup=\"dialog\"\n\t\t\taria-label=\"Suurenna\"\n\t\t\tdata-wp-init=\"callbacks.initTriggerButton\"\n\t\t\tdata-wp-on--click=\"actions.showLightbox\"\n\t\t\tdata-wp-style--right=\"state.imageButtonRight\"\n\t\t\tdata-wp-style--top=\"state.imageButtonTop\"\n\t\t>\n\t\t\t<svg xmlns=\"http:\/\/www.w3.org\/2000\/svg\" width=\"12\" height=\"12\" fill=\"none\" viewBox=\"0 0 12 12\">\n\t\t\t\t<path fill=\"#fff\" d=\"M2 0a2 2 0 0 0-2 2v2h1.5V2a.5.5 0 0 1 .5-.5h2V0H2Zm2 10.5H2a.5.5 0 0 1-.5-.5V8H0v2a2 2 0 0 0 2 2h2v-1.5ZM8 12v-1.5h2a.5.5 0 0 0 .5-.5V8H12v2a2 2 0 0 1-2 2H8Zm2-12a2 2 0 0 1 2 2v2h-1.5V2a.5.5 0 0 0-.5-.5H8V0h2Z\" \/>\n\t\t\t<\/svg>\n\t\t<\/button><figcaption class=\"wp-element-caption\">Copilot sivupalkki Edge-selaimessa<\/figcaption><\/figure>\n\n\n\n<p>Teko\u00e4lyavustimet tuovat mukanaan monia ty\u00f6t\u00e4 tehostavia toimintoja, jotka normaalisti vaatisivat paljon manuaalista ty\u00f6t\u00e4. Jamkin henkil\u00f6kunnan ja opiskelijoiden perus M365-lisenssiin sis\u00e4ltyy:<\/p>\n\n\n\n<ul class=\"wp-block-list\">\n<li>Copilot selaimessa ja Microsoft 365 Copilot -sovelukksessa<\/li>\n\n\n\n<li>Voit liitt\u00e4\u00e4 chat-keskusteluun OneDrive ja muita SharePoint-tiedostoja yhteyteen <\/li>\n\n\n\n<li>Tiedostojen, kuten PDF-tiedostojen tiivist\u00e4minen ja yhteenvedot<\/li>\n\n\n\n<li>Kuvien luominen<\/li>\n\n\n\n<li>Tietol\u00e4hteen\u00e4 k\u00e4ytt\u00e4minen reaaliaikaisen internet-haun avulla (muista tarkistaa l\u00e4hteet tiedon oikeellisuuden varmentamiseksi ja ole kriittinen!)<\/li>\n\n\n\n<li><strong>HUOM! Henkil\u00f6tietojen ja arkaluontoisen organisaatiodatan sy\u00f6tt\u00e4minen teko\u00e4lyavustimelle (my\u00f6s Copilotin) tulee tehd\u00e4 aina harkiten!<\/strong><\/li>\n<\/ul>\n\n\n\n<h2 class=\"wp-block-heading\" id=\"M365-copilot\">Lis\u00e4maksullinen Microsoft 365 Copilot -lisenssi<\/h2>\n\n\n\n<p>Copilot for M365 -lisenssi antaa sinulle ty\u00f6kalun, joka tuo teko\u00e4lyominaisuudet laajemmin Microsoft 365 -sovelluksiin ja ymp\u00e4rist\u00f6\u00f6n. Ty\u00f6kalun avulla saat M365 -ohjelmiin sivupaneelin tai lis\u00e4kent\u00e4n, josta voit k\u00e4skytt\u00e4\u00e4 teko\u00e4ly\u00e4 auttamaan sinua tiedostojen k\u00e4sittelyss\u00e4. <\/p>\n\n\n\n<p>Microsoft 365 Copilot -lisenssin voit hankkia itsellesi palvelupyynn\u00f6n kautta. J\u00e4t\u00e4 palvelupyynt\u00f6 oikean yl\u00e4kulman linkin kautta ICT-Hankinnat kategoriaan. Lisenssin hankintaan tulee olla esihenkil\u00f6n lupa. Lisenssi on maksetaan aina kerralla vuoden loppuun saakka, ja lisenssi tulee uusia vuoden vaiheessa. Saat erillisen ilmoituksen liittyen lisenssin uusiutumiseen.<\/p>\n\n\n\n<h3 class=\"wp-block-heading\">Lis\u00e4maksullisen version ominaisuuksia:<\/h3>\n\n\n\n<ul class=\"wp-block-list\">\n<li>Copilot voi auttaa sinua M365 -tiedostojen k\u00e4sittely\u00e4 suoraan sovelluksessa kuten Word,PowerPoint tai Outlookissa ilman, ett\u00e4 liit\u00e4t tiedostoa chat-keskusteluun<\/li>\n\n\n\n<li>Voit luoda Copilotin kanssa k\u00e4ydyist\u00e4 keskusteluista muistikirjoja ja jakaa niit\u00e4 muille<\/li>\n\n\n\n<li>Saatavilla Microsoftin omia agentteja ja lis\u00e4ksi voit luoda omia agentteja Copilot Studiossa\n<ul class=\"wp-block-list\">\n<li>Agenttien jakaminen mahdollista Teams Appina<\/li>\n<\/ul>\n<\/li>\n<\/ul>\n\n\n\n<h2 class=\"wp-block-heading\" id=\"edut\">Microsoft Copilotin tuomat edut<\/h2>\n\n\n\n<p><em>\u201dEik\u00f6 t\u00e4m\u00e4n saman voisi tehd\u00e4 ilmaiseksi toisella teko\u00e4lyll\u00e4, kuten vaikka ChatGPT:ll\u00e4?\u201d<\/em><\/p>\n\n\n\n<p>Internetist\u00e4 l\u00f6ytyy jatkuvasti kasvava m\u00e4\u00e4r\u00e4 erilaisia ty\u00f6kaluja, joissa on huikeita ominaisuuksia erilaisiin k\u00e4ytt\u00f6tarkoituksiin. Osa n\u00e4ist\u00e4 ovat maksullisia, mutta osaa voi k\u00e4ytt\u00e4\u00e4 t\u00e4ysin ilmaiseksi. Teko\u00e4lyavustimia k\u00e4ytett\u00e4ess\u00e4 on t\u00e4rke\u00e4\u00e4 pohtia, onko avustimen k\u00e4ytt\u00e4minen luotettavaa ja turvallista. On t\u00e4rke\u00e4\u00e4 selvitt\u00e4\u00e4 mihin tietoihin sill\u00e4 on p\u00e4\u00e4sy, miten se k\u00e4sittelee tietoa ja minne tiedot tallennetaan. Copilotin tarjoama yritystason tietosuoja on suunniteltu tukemaan organisaatioiden tarpeita ja varmistamaan, ett\u00e4 kaikki tiedot k\u00e4sitell\u00e4\u00e4n turvallisesti ja luottamuksellisesti.<\/p>\n\n\n\n<h3 class=\"wp-block-heading\">Tiedon oikeellisuus<\/h3>\n\n\n\n<p>Copilot k\u00e4ytt\u00e4\u00e4 opitun kielimallin lis\u00e4ksi verkkohakuja kehotteisiin vastaamiseen, joten sen pystyy tarjoamaan tietoa my\u00f6s ajankohtaisista asioista. Voit my\u00f6s tarjota Copilotille tiedostoja, joita se k\u00e4sittelee vastauksen muodostamisessa. N\u00e4in vastaus pysyy paremmin oikeassa kontekstissa ja saat juuri sinun aiheeseen liittyv\u00e4n vastauksen paremmin, kuin pelk\u00e4ll\u00e4 verkkohaulla tai opitulla kielimallilla.<\/p>\n\n\n\n<h3 class=\"wp-block-heading\">Tietosuoja<\/h3>\n\n\n\n<p>Teko\u00e4lymalleja kehitet\u00e4\u00e4n jatkuvasti, ja tehokkain tapa kehitt\u00e4\u00e4 ja opettaa kielimalleja on sy\u00f6tt\u00e4\u00e4 asiakkailta saatuja tietoja ja keskusteluja teko\u00e4lyn koulutusprosessiin. Microsoft kuitenkin takaa, ettei se k\u00e4yt\u00e4 organisaatiotilill\u00e4 k\u00e4ytyj\u00e4 keskusteluja tai sy\u00f6tettyj\u00e4 tietoja kielimallinsa kouluttamiseen. N\u00e4in voidaan varmistaa, ett\u00e4 organisaation data pysyy k\u00e4ytt\u00e4j\u00e4ll\u00e4 itsell\u00e4\u00e4n. Copilotin tietosuojaperiaatteisiin kuuluu:<\/p>\n\n\n\n<ul class=\"wp-block-list\">\n<li>Tietoja ei tallenneta eik\u00e4 k\u00e4ytet\u00e4 kielimallin kouluttamiseen. Sy\u00f6tetyt tiedot eiv\u00e4t ole muiden asiakkaiden k\u00e4ytett\u00e4viss\u00e4 eik\u00e4 niit\u00e4 k\u00e4ytet\u00e4 Microsoftin tai muun kolmannen osapuolen palvelun (kuten OpenAI:n) parantamiseen<\/li>\n\n\n\n<li>Microsoftilla ei ole p\u00e4\u00e4sy\u00e4 chat-keskusteluihisi eik\u00e4 se valvo keskusteluja. Keskusteluhistorian voit poistaa itse milloin vain (<em>Copilot valvoo palvelun loukkaavaa tai haitallista k\u00e4ytt\u00e4mist\u00e4 vain v\u00e4liaikaisen k\u00e4sittelyn avulla<\/em>)<\/li>\n\n\n\n<li>Copilot k\u00e4sittelee ainoastaan niit\u00e4 tietoja, joita sille tarjotaan ja joihin k\u00e4ytt\u00e4j\u00e4ll\u00e4 on k\u00e4ytt\u00f6oikeus. Jos k\u00e4ytt\u00e4j\u00e4ll\u00e4 on p\u00e4\u00e4sy luottamuksellisiin tietoihin ja k\u00e4ytt\u00e4j\u00e4 toimittaa tiedot Copilotille, on Copilotin mahdollisuus k\u00e4ytt\u00e4\u00e4 niit\u00e4. (<em>K\u00e4ytt\u00e4j\u00e4 on itsell\u00e4\u00e4n ensisijainen vastuu datasta, joita se tarjoaa Copilotille ja kuinka h\u00e4n Copilotin luomaa sis\u00e4lt\u00f6\u00e4 hy\u00f6dynt\u00e4\u00e4<\/em>)<\/li>\n<\/ul>\n\n\n\n<h3 class=\"wp-block-heading\"><strong>Interaktio<\/strong><\/h3>\n\n\n\n<p>Copilot for M365 -ty\u00f6kalu on suora integraatio M365 sovelluksiin, jonka avulla Copilot voi auttaa sinua muokkaamaan M365 -ohjelmien tiedostoja. Sinun ei siis tarvitse erikseen kopioida ja liitt\u00e4\u00e4 teko\u00e4lyn kanssa k\u00e4ytyj\u00e4 keskusteluja sovellusikkunasta toiseen tai seurata teko\u00e4lyn ohjeita, vaan Copilot tekee suoraan pyyt\u00e4m\u00e4si muutokset tiedostoosi.&nbsp;<\/p>\n\n\n\n<h2 class=\"wp-block-heading\" id=\"koulutus\">Koulutusmateriaalit Copilotin k\u00e4ytt\u00f6\u00f6n<\/h2>\n\n\n\n<p>L\u00f6yd\u00e4t kattavasti suomenkielisi\u00e4 koulutusvideoita Microsoft 365 Copilotin monipuoliseen ja tehokkaaseen k\u00e4ytt\u00f6\u00f6n <a href=\"https:\/\/app.eduhouse.fi\/palvelu\/kirjaudu\">EduHouse -palvelusta<\/a>.  EduHouse -palvelu on k\u00e4yt\u00f6ss\u00e4 koko Jamkin henkil\u00f6st\u00f6lle ja opiskelijoille. Palvelun k\u00e4ytt\u00f6\u00f6notto ei vaadi erillist\u00e4 rekister\u00f6itymist\u00e4, vaan p\u00e4\u00e4set kirjautumaan palveluun \u201cKirjaudu Microsoft-tilill\u00e4\u201d -painikkeesta ja kirjautumalla sis\u00e4\u00e4n Jamkin s\u00e4hk\u00f6postiosoitteella ja salasanalla. <\/p>\n","protected":false},"excerpt":{"rendered":"<p>Microsoft Copilot on kehittynyt teko\u00e4lyavustaja, joka hy\u00f6dynt\u00e4\u00e4 edistynytt\u00e4 koneoppimista ja luonnollisen kielen k\u00e4sittely\u00e4. Copilotille voi antaa lausemuotoisia k\u00e4skyj\u00e4 ja komentoja, joiden avulla sit\u00e4 ohjataan suorittamaan komentoja ja avustamaan erilaisissa teht\u00e4viss\u00e4. Microsoft Copilot on valikoima generatiivisen teko\u00e4lyn agentteja, jotka on integroitu Microsoftin sovelluksiin, tuotteisiin ja palveluihin. Copilot on yleisnimitys kaikille Microsoftin kehitt\u00e4mille teko\u00e4lyavustimille. T\u00e4ss\u00e4 ohjeessa k\u00e4ymme [&hellip;]<\/p>\n","protected":false},"author":66,"featured_media":333,"parent":0,"menu_order":5,"comment_status":"closed","ping_status":"closed","template":"","meta":{"_acf_changed":false,"_relevanssi_hide_post":"","_relevanssi_hide_content":"","_relevanssi_pin_for_all":"","_relevanssi_pin_keywords":"","_relevanssi_unpin_keywords":"","_relevanssi_related_keywords":"","_relevanssi_related_include_ids":"","_relevanssi_related_exclude_ids":"","_relevanssi_related_no_append":"","_relevanssi_related_not_related":"","_relevanssi_related_posts":"1","_relevanssi_noindex_reason":"","footnotes":""},"categories":[],"tags":[30,10],"class_list":["post-65","page","type-page","status-publish","has-post-thumbnail","hentry","tag-copilot","tag-tekoaly"],"acf":[],"yoast_head":"<!-- This site is optimized with the Yoast SEO plugin v27.4 - https:\/\/yoast.com\/product\/yoast-seo-wordpress\/ -->\n<title>Microsoft Copilot - Teko\u00e4lyn vastuullinen k\u00e4ytt\u00f6 Jamkissa<\/title>\n<meta name=\"robots\" content=\"index, follow, max-snippet:-1, max-image-preview:large, max-video-preview:-1\" \/>\n<link rel=\"canonical\" href=\"https:\/\/help.jamk.fi\/tekoaly\/microsoft-copilot\/\" \/>\n<meta property=\"og:locale\" content=\"fi_FI\" \/>\n<meta property=\"og:type\" content=\"article\" \/>\n<meta property=\"og:title\" content=\"Microsoft Copilot - Teko\u00e4lyn vastuullinen k\u00e4ytt\u00f6 Jamkissa\" \/>\n<meta property=\"og:description\" content=\"Microsoft Copilot on kehittynyt teko\u00e4lyavustaja, joka hy\u00f6dynt\u00e4\u00e4 edistynytt\u00e4 koneoppimista ja luonnollisen kielen k\u00e4sittely\u00e4. Copilotille voi antaa lausemuotoisia k\u00e4skyj\u00e4 ja komentoja, joiden avulla sit\u00e4 ohjataan suorittamaan komentoja ja avustamaan erilaisissa teht\u00e4viss\u00e4. Microsoft Copilot on valikoima generatiivisen teko\u00e4lyn agentteja, jotka on integroitu Microsoftin sovelluksiin, tuotteisiin ja palveluihin. Copilot on yleisnimitys kaikille Microsoftin kehitt\u00e4mille teko\u00e4lyavustimille. T\u00e4ss\u00e4 ohjeessa k\u00e4ymme [&hellip;]\" \/>\n<meta property=\"og:url\" content=\"https:\/\/help.jamk.fi\/tekoaly\/microsoft-copilot\/\" \/>\n<meta property=\"og:site_name\" content=\"Teko\u00e4lyn vastuullinen k\u00e4ytt\u00f6 Jamkissa\" \/>\n<meta property=\"article:modified_time\" content=\"2026-03-03T11:59:23+00:00\" \/>\n<meta property=\"og:image\" content=\"https:\/\/help.jamk.fi\/tekoaly\/wp-content\/uploads\/sites\/143\/2025\/01\/tekoalycopilot_copilot1_250129.jpg\" \/>\n\t<meta property=\"og:image:width\" content=\"1080\" \/>\n\t<meta property=\"og:image:height\" content=\"1080\" \/>\n\t<meta property=\"og:image:type\" content=\"image\/jpeg\" \/>\n<meta name=\"twitter:card\" content=\"summary_large_image\" \/>\n<meta name=\"twitter:label1\" content=\"Arvioitu lukuaika\" \/>\n\t<meta name=\"twitter:data1\" content=\"6 minuuttia\" \/>\n<script type=\"application\/ld+json\" class=\"yoast-schema-graph\">{\"@context\":\"https:\\\/\\\/schema.org\",\"@graph\":[{\"@type\":\"WebPage\",\"@id\":\"https:\\\/\\\/help.jamk.fi\\\/tekoaly\\\/microsoft-copilot\\\/\",\"url\":\"https:\\\/\\\/help.jamk.fi\\\/tekoaly\\\/microsoft-copilot\\\/\",\"name\":\"Microsoft Copilot - Teko\u00e4lyn vastuullinen k\u00e4ytt\u00f6 Jamkissa\",\"isPartOf\":{\"@id\":\"https:\\\/\\\/help.jamk.fi\\\/tekoaly\\\/#website\"},\"primaryImageOfPage\":{\"@id\":\"https:\\\/\\\/help.jamk.fi\\\/tekoaly\\\/microsoft-copilot\\\/#primaryimage\"},\"image\":{\"@id\":\"https:\\\/\\\/help.jamk.fi\\\/tekoaly\\\/microsoft-copilot\\\/#primaryimage\"},\"thumbnailUrl\":\"https:\\\/\\\/help.jamk.fi\\\/tekoaly\\\/wp-content\\\/uploads\\\/sites\\\/143\\\/2025\\\/01\\\/tekoalycopilot_copilot1_250129.jpg\",\"datePublished\":\"2024-12-16T08:39:16+00:00\",\"dateModified\":\"2026-03-03T11:59:23+00:00\",\"breadcrumb\":{\"@id\":\"https:\\\/\\\/help.jamk.fi\\\/tekoaly\\\/microsoft-copilot\\\/#breadcrumb\"},\"inLanguage\":\"fi\",\"potentialAction\":[{\"@type\":\"ReadAction\",\"target\":[\"https:\\\/\\\/help.jamk.fi\\\/tekoaly\\\/microsoft-copilot\\\/\"]}]},{\"@type\":\"ImageObject\",\"inLanguage\":\"fi\",\"@id\":\"https:\\\/\\\/help.jamk.fi\\\/tekoaly\\\/microsoft-copilot\\\/#primaryimage\",\"url\":\"https:\\\/\\\/help.jamk.fi\\\/tekoaly\\\/wp-content\\\/uploads\\\/sites\\\/143\\\/2025\\\/01\\\/tekoalycopilot_copilot1_250129.jpg\",\"contentUrl\":\"https:\\\/\\\/help.jamk.fi\\\/tekoaly\\\/wp-content\\\/uploads\\\/sites\\\/143\\\/2025\\\/01\\\/tekoalycopilot_copilot1_250129.jpg\",\"width\":1080,\"height\":1080,\"caption\":\"kaksi opiskelijaa tietokoneen \u00e4\u00e4ress\u00e4\"},{\"@type\":\"BreadcrumbList\",\"@id\":\"https:\\\/\\\/help.jamk.fi\\\/tekoaly\\\/microsoft-copilot\\\/#breadcrumb\",\"itemListElement\":[{\"@type\":\"ListItem\",\"position\":1,\"name\":\"Home\",\"item\":\"https:\\\/\\\/help.jamk.fi\\\/tekoaly\\\/\"},{\"@type\":\"ListItem\",\"position\":2,\"name\":\"Microsoft Copilot\"}]},{\"@type\":\"WebSite\",\"@id\":\"https:\\\/\\\/help.jamk.fi\\\/tekoaly\\\/#website\",\"url\":\"https:\\\/\\\/help.jamk.fi\\\/tekoaly\\\/\",\"name\":\"Teko\u00e4lyn vastuullinen k\u00e4ytt\u00f6 Jamkissa\",\"description\":\"Ohjeistusta ja esimerkkej\u00e4 teko\u00e4lyn hy\u00f6dynt\u00e4misest\u00e4\",\"potentialAction\":[{\"@type\":\"SearchAction\",\"target\":{\"@type\":\"EntryPoint\",\"urlTemplate\":\"https:\\\/\\\/help.jamk.fi\\\/tekoaly\\\/?s={search_term_string}\"},\"query-input\":{\"@type\":\"PropertyValueSpecification\",\"valueRequired\":true,\"valueName\":\"search_term_string\"}}],\"inLanguage\":\"fi\"}]}<\/script>\n<!-- \/ Yoast SEO plugin. -->","yoast_head_json":{"title":"Microsoft Copilot - Teko\u00e4lyn vastuullinen k\u00e4ytt\u00f6 Jamkissa","robots":{"index":"index","follow":"follow","max-snippet":"max-snippet:-1","max-image-preview":"max-image-preview:large","max-video-preview":"max-video-preview:-1"},"canonical":"https:\/\/help.jamk.fi\/tekoaly\/microsoft-copilot\/","og_locale":"fi_FI","og_type":"article","og_title":"Microsoft Copilot - Teko\u00e4lyn vastuullinen k\u00e4ytt\u00f6 Jamkissa","og_description":"Microsoft Copilot on kehittynyt teko\u00e4lyavustaja, joka hy\u00f6dynt\u00e4\u00e4 edistynytt\u00e4 koneoppimista ja luonnollisen kielen k\u00e4sittely\u00e4. Copilotille voi antaa lausemuotoisia k\u00e4skyj\u00e4 ja komentoja, joiden avulla sit\u00e4 ohjataan suorittamaan komentoja ja avustamaan erilaisissa teht\u00e4viss\u00e4. Microsoft Copilot on valikoima generatiivisen teko\u00e4lyn agentteja, jotka on integroitu Microsoftin sovelluksiin, tuotteisiin ja palveluihin. Copilot on yleisnimitys kaikille Microsoftin kehitt\u00e4mille teko\u00e4lyavustimille. T\u00e4ss\u00e4 ohjeessa k\u00e4ymme [&hellip;]","og_url":"https:\/\/help.jamk.fi\/tekoaly\/microsoft-copilot\/","og_site_name":"Teko\u00e4lyn vastuullinen k\u00e4ytt\u00f6 Jamkissa","article_modified_time":"2026-03-03T11:59:23+00:00","og_image":[{"width":1080,"height":1080,"url":"https:\/\/help.jamk.fi\/tekoaly\/wp-content\/uploads\/sites\/143\/2025\/01\/tekoalycopilot_copilot1_250129.jpg","type":"image\/jpeg"}],"twitter_card":"summary_large_image","twitter_misc":{"Arvioitu lukuaika":"6 minuuttia"},"schema":{"@context":"https:\/\/schema.org","@graph":[{"@type":"WebPage","@id":"https:\/\/help.jamk.fi\/tekoaly\/microsoft-copilot\/","url":"https:\/\/help.jamk.fi\/tekoaly\/microsoft-copilot\/","name":"Microsoft Copilot - Teko\u00e4lyn vastuullinen k\u00e4ytt\u00f6 Jamkissa","isPartOf":{"@id":"https:\/\/help.jamk.fi\/tekoaly\/#website"},"primaryImageOfPage":{"@id":"https:\/\/help.jamk.fi\/tekoaly\/microsoft-copilot\/#primaryimage"},"image":{"@id":"https:\/\/help.jamk.fi\/tekoaly\/microsoft-copilot\/#primaryimage"},"thumbnailUrl":"https:\/\/help.jamk.fi\/tekoaly\/wp-content\/uploads\/sites\/143\/2025\/01\/tekoalycopilot_copilot1_250129.jpg","datePublished":"2024-12-16T08:39:16+00:00","dateModified":"2026-03-03T11:59:23+00:00","breadcrumb":{"@id":"https:\/\/help.jamk.fi\/tekoaly\/microsoft-copilot\/#breadcrumb"},"inLanguage":"fi","potentialAction":[{"@type":"ReadAction","target":["https:\/\/help.jamk.fi\/tekoaly\/microsoft-copilot\/"]}]},{"@type":"ImageObject","inLanguage":"fi","@id":"https:\/\/help.jamk.fi\/tekoaly\/microsoft-copilot\/#primaryimage","url":"https:\/\/help.jamk.fi\/tekoaly\/wp-content\/uploads\/sites\/143\/2025\/01\/tekoalycopilot_copilot1_250129.jpg","contentUrl":"https:\/\/help.jamk.fi\/tekoaly\/wp-content\/uploads\/sites\/143\/2025\/01\/tekoalycopilot_copilot1_250129.jpg","width":1080,"height":1080,"caption":"kaksi opiskelijaa tietokoneen \u00e4\u00e4ress\u00e4"},{"@type":"BreadcrumbList","@id":"https:\/\/help.jamk.fi\/tekoaly\/microsoft-copilot\/#breadcrumb","itemListElement":[{"@type":"ListItem","position":1,"name":"Home","item":"https:\/\/help.jamk.fi\/tekoaly\/"},{"@type":"ListItem","position":2,"name":"Microsoft Copilot"}]},{"@type":"WebSite","@id":"https:\/\/help.jamk.fi\/tekoaly\/#website","url":"https:\/\/help.jamk.fi\/tekoaly\/","name":"Teko\u00e4lyn vastuullinen k\u00e4ytt\u00f6 Jamkissa","description":"Ohjeistusta ja esimerkkej\u00e4 teko\u00e4lyn hy\u00f6dynt\u00e4misest\u00e4","potentialAction":[{"@type":"SearchAction","target":{"@type":"EntryPoint","urlTemplate":"https:\/\/help.jamk.fi\/tekoaly\/?s={search_term_string}"},"query-input":{"@type":"PropertyValueSpecification","valueRequired":true,"valueName":"search_term_string"}}],"inLanguage":"fi"}]}},"_links":{"self":[{"href":"https:\/\/help.jamk.fi\/tekoaly\/wp-json\/wp\/v2\/pages\/65","targetHints":{"allow":["GET"]}}],"collection":[{"href":"https:\/\/help.jamk.fi\/tekoaly\/wp-json\/wp\/v2\/pages"}],"about":[{"href":"https:\/\/help.jamk.fi\/tekoaly\/wp-json\/wp\/v2\/types\/page"}],"author":[{"embeddable":true,"href":"https:\/\/help.jamk.fi\/tekoaly\/wp-json\/wp\/v2\/users\/66"}],"replies":[{"embeddable":true,"href":"https:\/\/help.jamk.fi\/tekoaly\/wp-json\/wp\/v2\/comments?post=65"}],"version-history":[{"count":24,"href":"https:\/\/help.jamk.fi\/tekoaly\/wp-json\/wp\/v2\/pages\/65\/revisions"}],"predecessor-version":[{"id":551,"href":"https:\/\/help.jamk.fi\/tekoaly\/wp-json\/wp\/v2\/pages\/65\/revisions\/551"}],"wp:featuredmedia":[{"embeddable":true,"href":"https:\/\/help.jamk.fi\/tekoaly\/wp-json\/wp\/v2\/media\/333"}],"wp:attachment":[{"href":"https:\/\/help.jamk.fi\/tekoaly\/wp-json\/wp\/v2\/media?parent=65"}],"wp:term":[{"taxonomy":"category","embeddable":true,"href":"https:\/\/help.jamk.fi\/tekoaly\/wp-json\/wp\/v2\/categories?post=65"},{"taxonomy":"post_tag","embeddable":true,"href":"https:\/\/help.jamk.fi\/tekoaly\/wp-json\/wp\/v2\/tags?post=65"}],"curies":[{"name":"wp","href":"https:\/\/api.w.org\/{rel}","templated":true}]}}