{"id":104,"date":"2022-06-16T07:31:16","date_gmt":"2022-06-16T04:31:16","guid":{"rendered":"https:\/\/help.jamk.fi\/tekstitaidot\/5-3-luvut\/"},"modified":"2025-03-21T16:01:42","modified_gmt":"2025-03-21T14:01:42","slug":"5-3-luvut","status":"publish","type":"page","link":"https:\/\/help.jamk.fi\/tekstitaidot\/fi\/4-tekstin-rakenne\/5-3-luvut\/","title":{"rendered":"4.3 Tekstin kokonaisrakenne"},"content":{"rendered":"\n<p>V\u00e4lilehdell\u00e4 4.2 k\u00e4siteltiin tekstikappaleiden rakennetta. Jotta tekstikokonaisuuden niin sanottu punainen lanka v\u00e4littyy lukijalle, teksti\u00e4 tulee j\u00e4sent\u00e4\u00e4 ja tekstikappaleita j\u00e4rjest\u00e4\u00e4 loogisesti. T\u00e4ll\u00e4 sivulla tarkastellaan tekstin kokonaisrakennetta.<\/p>\n\n\n\n<p><\/p>\n\n\n\n<h2 class=\"wp-block-heading\">Miten teksti rakennetaan?<\/h2>\n\n\n\n<p>Videolla tarkastellaan tekstin kokonaisrakenteen j\u00e4sentymist\u00e4. Katso video painamalla kuvaa tai <a href=\"https:\/\/panopto.jamk.fi\/Panopto\/Pages\/Viewer.aspx?id=be6802cc-03fc-4b66-ac0c-af3f006c6bdd\">&#8221;Miten teksti rakennetaan?&#8221;<\/a>.<\/p>\n\n\n\r\n<div id=\"embed-block_ab9cfa8d50790d65da790da9ad546be6\" class=\"embed block-embed\">\r\n      <div class=\"block-embed__wrapper\">\r\n\r\n      \r\n          <div class=\"block-embed__cookie-notice--wrapper\" id=\"cookie-notice\">\r\n              <div class=\"block-embed__cookie-notice--text\">\r\n                                    <p>Hyv\u00e4ksy v\u00e4ltt\u00e4m\u00e4tt\u00f6m\u00e4t ev\u00e4steet n\u00e4hd\u00e4ksesi upotetun sis\u00e4ll\u00f6n: preferences.<\/p>\r\n                  <a href=\"#\" class=\"ch2-open-settings-btn\"> Hyv\u00e4ksy v\u00e4ltt\u00e4m\u00e4tt\u00f6m\u00e4t ev\u00e4steet<\/a>\r\n              <\/div>\r\n              <div class=\"block-embed__cookie-reload-notice\">\r\n                  <p class=\"cookie-reload-text\">\r\n                    (Jos olet hyv\u00e4ksynyt ev\u00e4steet, mutta n\u00e4et silti t\u00e4m\u00e4n viestin, lataa sivu uudelleen.)                  <\/p>\r\n                  <a href=\"#\" onclick=\"location.reload(); return false;\">\r\n                    Lataa sivu uudelleen                  <\/a>\r\n              <\/div>\r\n          <\/div>\r\n\r\n      \r\n      <\/div>\r\n<\/div>\r\n\n\n\n<p><a href=\"https:\/\/help.jamk.fi\/tekstitaidot\/wp-content\/uploads\/sites\/63\/2023\/11\/Miten-teksti-rakennetaan.pdf\">Diaesitys pdf-tiedostona<\/a><\/p>\n","protected":false},"excerpt":{"rendered":"<p>V\u00e4lilehdell\u00e4 4.2 k\u00e4siteltiin tekstikappaleiden rakennetta. Jotta tekstikokonaisuuden niin sanottu punainen lanka v\u00e4littyy lukijalle, teksti\u00e4 tulee j\u00e4sent\u00e4\u00e4 ja tekstikappaleita j\u00e4rjest\u00e4\u00e4 loogisesti. T\u00e4ll\u00e4 sivulla tarkastellaan tekstin kokonaisrakennetta. Miten teksti rakennetaan? Videolla tarkastellaan tekstin kokonaisrakenteen j\u00e4sentymist\u00e4. Katso video painamalla kuvaa tai &#8221;Miten teksti rakennetaan?&#8221;. Diaesitys pdf-tiedostona<\/p>\n","protected":false},"author":93,"featured_media":0,"parent":44,"menu_order":53,"comment_status":"closed","ping_status":"closed","template":"","meta":{"_acf_changed":false,"_relevanssi_hide_post":"","_relevanssi_hide_content":"","_relevanssi_pin_for_all":"","_relevanssi_pin_keywords":"","_relevanssi_unpin_keywords":"","_relevanssi_related_keywords":"","_relevanssi_related_include_ids":"","_relevanssi_related_exclude_ids":"","_relevanssi_related_no_append":"","_relevanssi_related_not_related":"","_relevanssi_related_posts":"","_relevanssi_noindex_reason":"","footnotes":""},"categories":[1],"tags":[],"class_list":["post-104","page","type-page","status-publish","hentry","category-yleinen"],"acf":[],"yoast_head":"<!-- This site is optimized with the Yoast SEO plugin v27.4 - https:\/\/yoast.com\/product\/yoast-seo-wordpress\/ -->\n<title>4.3 Tekstin kokonaisrakenne - Tekstitaidot haltuun<\/title>\n<meta name=\"robots\" content=\"index, follow, max-snippet:-1, max-image-preview:large, max-video-preview:-1\" \/>\n<link rel=\"canonical\" href=\"https:\/\/help.jamk.fi\/tekstitaidot\/fi\/4-tekstin-rakenne\/5-3-luvut\/\" \/>\n<meta property=\"og:locale\" content=\"fi_FI\" \/>\n<meta property=\"og:type\" content=\"article\" \/>\n<meta property=\"og:title\" content=\"4.3 Tekstin kokonaisrakenne - Tekstitaidot haltuun\" \/>\n<meta property=\"og:description\" content=\"V\u00e4lilehdell\u00e4 4.2 k\u00e4siteltiin tekstikappaleiden rakennetta. Jotta tekstikokonaisuuden niin sanottu punainen lanka v\u00e4littyy lukijalle, teksti\u00e4 tulee j\u00e4sent\u00e4\u00e4 ja tekstikappaleita j\u00e4rjest\u00e4\u00e4 loogisesti. T\u00e4ll\u00e4 sivulla tarkastellaan tekstin kokonaisrakennetta. Miten teksti rakennetaan? Videolla tarkastellaan tekstin kokonaisrakenteen j\u00e4sentymist\u00e4. Katso video painamalla kuvaa tai &#8221;Miten teksti rakennetaan?&#8221;. Diaesitys pdf-tiedostona\" \/>\n<meta property=\"og:url\" content=\"https:\/\/help.jamk.fi\/tekstitaidot\/fi\/4-tekstin-rakenne\/5-3-luvut\/\" \/>\n<meta property=\"og:site_name\" content=\"Tekstitaidot haltuun\" \/>\n<meta property=\"article:modified_time\" content=\"2025-03-21T14:01:42+00:00\" \/>\n<meta name=\"twitter:card\" content=\"summary_large_image\" \/>\n<meta name=\"twitter:label1\" content=\"Arvioitu lukuaika\" \/>\n\t<meta name=\"twitter:data1\" content=\"1 minuutti\" \/>\n<script type=\"application\/ld+json\" class=\"yoast-schema-graph\">{\"@context\":\"https:\\\/\\\/schema.org\",\"@graph\":[{\"@type\":\"WebPage\",\"@id\":\"https:\\\/\\\/help.jamk.fi\\\/tekstitaidot\\\/fi\\\/4-tekstin-rakenne\\\/5-3-luvut\\\/\",\"url\":\"https:\\\/\\\/help.jamk.fi\\\/tekstitaidot\\\/fi\\\/4-tekstin-rakenne\\\/5-3-luvut\\\/\",\"name\":\"4.3 Tekstin kokonaisrakenne - Tekstitaidot haltuun\",\"isPartOf\":{\"@id\":\"https:\\\/\\\/help.jamk.fi\\\/tekstitaidot\\\/#website\"},\"datePublished\":\"2022-06-16T04:31:16+00:00\",\"dateModified\":\"2025-03-21T14:01:42+00:00\",\"breadcrumb\":{\"@id\":\"https:\\\/\\\/help.jamk.fi\\\/tekstitaidot\\\/fi\\\/4-tekstin-rakenne\\\/5-3-luvut\\\/#breadcrumb\"},\"inLanguage\":\"fi\",\"potentialAction\":[{\"@type\":\"ReadAction\",\"target\":[\"https:\\\/\\\/help.jamk.fi\\\/tekstitaidot\\\/fi\\\/4-tekstin-rakenne\\\/5-3-luvut\\\/\"]}]},{\"@type\":\"BreadcrumbList\",\"@id\":\"https:\\\/\\\/help.jamk.fi\\\/tekstitaidot\\\/fi\\\/4-tekstin-rakenne\\\/5-3-luvut\\\/#breadcrumb\",\"itemListElement\":[{\"@type\":\"ListItem\",\"position\":1,\"name\":\"Etusivu\",\"item\":\"https:\\\/\\\/help.jamk.fi\\\/tekstitaidot\\\/fi\\\/\"},{\"@type\":\"ListItem\",\"position\":2,\"name\":\"4 Tekstin rakenne\",\"item\":\"https:\\\/\\\/help.jamk.fi\\\/tekstitaidot\\\/fi\\\/4-tekstin-rakenne\\\/\"},{\"@type\":\"ListItem\",\"position\":3,\"name\":\"4.3 Tekstin kokonaisrakenne\"}]},{\"@type\":\"WebSite\",\"@id\":\"https:\\\/\\\/help.jamk.fi\\\/tekstitaidot\\\/#website\",\"url\":\"https:\\\/\\\/help.jamk.fi\\\/tekstitaidot\\\/\",\"name\":\"Tekstitaidot haltuun\",\"description\":\"\",\"potentialAction\":[{\"@type\":\"SearchAction\",\"target\":{\"@type\":\"EntryPoint\",\"urlTemplate\":\"https:\\\/\\\/help.jamk.fi\\\/tekstitaidot\\\/?s={search_term_string}\"},\"query-input\":{\"@type\":\"PropertyValueSpecification\",\"valueRequired\":true,\"valueName\":\"search_term_string\"}}],\"inLanguage\":\"fi\"}]}<\/script>\n<!-- \/ Yoast SEO plugin. -->","yoast_head_json":{"title":"4.3 Tekstin kokonaisrakenne - Tekstitaidot haltuun","robots":{"index":"index","follow":"follow","max-snippet":"max-snippet:-1","max-image-preview":"max-image-preview:large","max-video-preview":"max-video-preview:-1"},"canonical":"https:\/\/help.jamk.fi\/tekstitaidot\/fi\/4-tekstin-rakenne\/5-3-luvut\/","og_locale":"fi_FI","og_type":"article","og_title":"4.3 Tekstin kokonaisrakenne - Tekstitaidot haltuun","og_description":"V\u00e4lilehdell\u00e4 4.2 k\u00e4siteltiin tekstikappaleiden rakennetta. Jotta tekstikokonaisuuden niin sanottu punainen lanka v\u00e4littyy lukijalle, teksti\u00e4 tulee j\u00e4sent\u00e4\u00e4 ja tekstikappaleita j\u00e4rjest\u00e4\u00e4 loogisesti. T\u00e4ll\u00e4 sivulla tarkastellaan tekstin kokonaisrakennetta. Miten teksti rakennetaan? Videolla tarkastellaan tekstin kokonaisrakenteen j\u00e4sentymist\u00e4. Katso video painamalla kuvaa tai &#8221;Miten teksti rakennetaan?&#8221;. Diaesitys pdf-tiedostona","og_url":"https:\/\/help.jamk.fi\/tekstitaidot\/fi\/4-tekstin-rakenne\/5-3-luvut\/","og_site_name":"Tekstitaidot haltuun","article_modified_time":"2025-03-21T14:01:42+00:00","twitter_card":"summary_large_image","twitter_misc":{"Arvioitu lukuaika":"1 minuutti"},"schema":{"@context":"https:\/\/schema.org","@graph":[{"@type":"WebPage","@id":"https:\/\/help.jamk.fi\/tekstitaidot\/fi\/4-tekstin-rakenne\/5-3-luvut\/","url":"https:\/\/help.jamk.fi\/tekstitaidot\/fi\/4-tekstin-rakenne\/5-3-luvut\/","name":"4.3 Tekstin kokonaisrakenne - Tekstitaidot haltuun","isPartOf":{"@id":"https:\/\/help.jamk.fi\/tekstitaidot\/#website"},"datePublished":"2022-06-16T04:31:16+00:00","dateModified":"2025-03-21T14:01:42+00:00","breadcrumb":{"@id":"https:\/\/help.jamk.fi\/tekstitaidot\/fi\/4-tekstin-rakenne\/5-3-luvut\/#breadcrumb"},"inLanguage":"fi","potentialAction":[{"@type":"ReadAction","target":["https:\/\/help.jamk.fi\/tekstitaidot\/fi\/4-tekstin-rakenne\/5-3-luvut\/"]}]},{"@type":"BreadcrumbList","@id":"https:\/\/help.jamk.fi\/tekstitaidot\/fi\/4-tekstin-rakenne\/5-3-luvut\/#breadcrumb","itemListElement":[{"@type":"ListItem","position":1,"name":"Etusivu","item":"https:\/\/help.jamk.fi\/tekstitaidot\/fi\/"},{"@type":"ListItem","position":2,"name":"4 Tekstin rakenne","item":"https:\/\/help.jamk.fi\/tekstitaidot\/fi\/4-tekstin-rakenne\/"},{"@type":"ListItem","position":3,"name":"4.3 Tekstin kokonaisrakenne"}]},{"@type":"WebSite","@id":"https:\/\/help.jamk.fi\/tekstitaidot\/#website","url":"https:\/\/help.jamk.fi\/tekstitaidot\/","name":"Tekstitaidot haltuun","description":"","potentialAction":[{"@type":"SearchAction","target":{"@type":"EntryPoint","urlTemplate":"https:\/\/help.jamk.fi\/tekstitaidot\/?s={search_term_string}"},"query-input":{"@type":"PropertyValueSpecification","valueRequired":true,"valueName":"search_term_string"}}],"inLanguage":"fi"}]}},"_links":{"self":[{"href":"https:\/\/help.jamk.fi\/tekstitaidot\/wp-json\/wp\/v2\/pages\/104","targetHints":{"allow":["GET"]}}],"collection":[{"href":"https:\/\/help.jamk.fi\/tekstitaidot\/wp-json\/wp\/v2\/pages"}],"about":[{"href":"https:\/\/help.jamk.fi\/tekstitaidot\/wp-json\/wp\/v2\/types\/page"}],"author":[{"embeddable":true,"href":"https:\/\/help.jamk.fi\/tekstitaidot\/wp-json\/wp\/v2\/users\/93"}],"replies":[{"embeddable":true,"href":"https:\/\/help.jamk.fi\/tekstitaidot\/wp-json\/wp\/v2\/comments?post=104"}],"version-history":[{"count":11,"href":"https:\/\/help.jamk.fi\/tekstitaidot\/wp-json\/wp\/v2\/pages\/104\/revisions"}],"predecessor-version":[{"id":646,"href":"https:\/\/help.jamk.fi\/tekstitaidot\/wp-json\/wp\/v2\/pages\/104\/revisions\/646"}],"up":[{"embeddable":true,"href":"https:\/\/help.jamk.fi\/tekstitaidot\/wp-json\/wp\/v2\/pages\/44"}],"wp:attachment":[{"href":"https:\/\/help.jamk.fi\/tekstitaidot\/wp-json\/wp\/v2\/media?parent=104"}],"wp:term":[{"taxonomy":"category","embeddable":true,"href":"https:\/\/help.jamk.fi\/tekstitaidot\/wp-json\/wp\/v2\/categories?post=104"},{"taxonomy":"post_tag","embeddable":true,"href":"https:\/\/help.jamk.fi\/tekstitaidot\/wp-json\/wp\/v2\/tags?post=104"}],"curies":[{"name":"wp","href":"https:\/\/api.w.org\/{rel}","templated":true}]}}