{"id":11,"date":"2022-05-17T14:14:14","date_gmt":"2022-05-17T11:14:14","guid":{"rendered":"https:\/\/help.jamk.fi\/tekstitaidot\/2-lahteiden-tiedot-haltuun\/"},"modified":"2025-03-21T15:56:17","modified_gmt":"2025-03-21T13:56:17","slug":"2-lahteiden-tiedot-haltuun","status":"publish","type":"page","link":"https:\/\/help.jamk.fi\/tekstitaidot\/fi\/2-lahteiden-tiedot-haltuun\/","title":{"rendered":"2 L\u00e4hteiden tiedot haltuun"},"content":{"rendered":"\n<p>Ennen l\u00e4hteisiin pohjautuvaa kirjoittamista t\u00e4ytyy tutustua l\u00e4hdemateriaaliin huolella. T\u00e4ll\u00e4 sivulla keskityt\u00e4\u00e4n l\u00e4hteiden etsimiseen, lukemiseen ja muistiinpanojen tekemiseen.<\/p>\n\n\n\n<h2 class=\"wp-block-heading\">Miten tunnistat hyv\u00e4n l\u00e4hteen?<\/h2>\n\n\n\n<p>Videolla pohditaan, mink\u00e4laiset tekstit sopivat oppimisteht\u00e4vien l\u00e4hteiksi. Katso video painamalla kuvaa tai <a href=\"https:\/\/panopto.jamk.fi\/Panopto\/Pages\/Viewer.aspx?id=478c4cf1-d47f-4875-ae8d-af4f00bb7d92\">&#8221;Miten tunnistat hyv\u00e4n l\u00e4hteen?&#8221;<\/a>.<\/p>\n\n\n\r\n<div id=\"embed-block_53301ef9b8545c7d00b7229d69d6c6a1\" class=\"embed block-embed\">\r\n      <div class=\"block-embed__wrapper\">\r\n\r\n      \r\n          <div class=\"block-embed__cookie-notice--wrapper\" id=\"cookie-notice\">\r\n              <div class=\"block-embed__cookie-notice--text\">\r\n                                    <p>Hyv\u00e4ksy v\u00e4ltt\u00e4m\u00e4tt\u00f6m\u00e4t ev\u00e4steet n\u00e4hd\u00e4ksesi upotetun sis\u00e4ll\u00f6n: preferences.<\/p>\r\n                  <a href=\"#\" class=\"ch2-open-settings-btn\"> Hyv\u00e4ksy v\u00e4ltt\u00e4m\u00e4tt\u00f6m\u00e4t ev\u00e4steet<\/a>\r\n              <\/div>\r\n              <div class=\"block-embed__cookie-reload-notice\">\r\n                  <p class=\"cookie-reload-text\">\r\n                    (Jos olet hyv\u00e4ksynyt ev\u00e4steet, mutta n\u00e4et silti t\u00e4m\u00e4n viestin, lataa sivu uudelleen.)                  <\/p>\r\n                  <a href=\"#\" onclick=\"location.reload(); return false;\">\r\n                    Lataa sivu uudelleen                  <\/a>\r\n              <\/div>\r\n          <\/div>\r\n\r\n      \r\n      <\/div>\r\n<\/div>\r\n\n\n\n<p><\/p>\n\n\n\n<p><a href=\"https:\/\/help.jamk.fi\/tekstitaidot\/wp-content\/uploads\/sites\/63\/2023\/09\/Miten-tunnistat-hyvan-lahteen.pdf\">Diaesitys pdf-tiedostona<\/a><\/p>\n\n\n\n<h2 class=\"wp-block-heading\">Miten luet l\u00e4hdeteksti\u00e4?<\/h2>\n\n\n\n<p>Videolla neuvotaan, kuinka l\u00e4hdeteksti\u00e4 voi lukea erilaisten lukutekniikoiden avulla. Katso video painamalla kuvaa tai <a href=\"https:\/\/panopto.jamk.fi\/Panopto\/Pages\/Viewer.aspx?id=097b4ca6-8ac3-4281-a1f1-af4f00bb7dbc\">&#8221;Miten luet l\u00e4hdeteksti\u00e4?&#8221;<\/a>.<\/p>\n\n\n\r\n<div id=\"embed-block_508a95c3edf2a123f6994dca37886f9e\" class=\"embed block-embed\">\r\n      <div class=\"block-embed__wrapper\">\r\n\r\n      \r\n          <div class=\"block-embed__cookie-notice--wrapper\" id=\"cookie-notice\">\r\n              <div class=\"block-embed__cookie-notice--text\">\r\n                                    <p>Hyv\u00e4ksy v\u00e4ltt\u00e4m\u00e4tt\u00f6m\u00e4t ev\u00e4steet n\u00e4hd\u00e4ksesi upotetun sis\u00e4ll\u00f6n: preferences.<\/p>\r\n                  <a href=\"#\" class=\"ch2-open-settings-btn\"> Hyv\u00e4ksy v\u00e4ltt\u00e4m\u00e4tt\u00f6m\u00e4t ev\u00e4steet<\/a>\r\n              <\/div>\r\n              <div class=\"block-embed__cookie-reload-notice\">\r\n                  <p class=\"cookie-reload-text\">\r\n                    (Jos olet hyv\u00e4ksynyt ev\u00e4steet, mutta n\u00e4et silti t\u00e4m\u00e4n viestin, lataa sivu uudelleen.)                  <\/p>\r\n                  <a href=\"#\" onclick=\"location.reload(); return false;\">\r\n                    Lataa sivu uudelleen                  <\/a>\r\n              <\/div>\r\n          <\/div>\r\n\r\n      \r\n      <\/div>\r\n<\/div>\r\n\n\n\n<p><a href=\"https:\/\/help.jamk.fi\/tekstitaidot\/wp-content\/uploads\/sites\/63\/2023\/09\/Miten-luet-lahdetekstia.pdf\">Diaesitys pdf-tiedostona<\/a><\/p>\n\n\n\n<h2 class=\"wp-block-heading\">Miten teet muistiinpanoja l\u00e4hdemateriaalista?<\/h2>\n\n\n\n<p>Video opastaa erilaisten muistiinpanotekniikoiden k\u00e4ytt\u00f6\u00f6n. Katso video painamalla kuvaa tai <a href=\"https:\/\/panopto.jamk.fi\/Panopto\/Pages\/Viewer.aspx?id=db4b8ca0-3a4b-450a-9f00-af4f00bbf695\">&#8221;Miten teet muistiinpanoja l\u00e4hdemateriaalista?&#8221;<\/a>.<\/p>\n\n\n\r\n<div id=\"embed-block_e2075849413d34d82f9b79aed3b5eaec\" class=\"embed block-embed\">\r\n      <div class=\"block-embed__wrapper\">\r\n\r\n      \r\n          <div class=\"block-embed__cookie-notice--wrapper\" id=\"cookie-notice\">\r\n              <div class=\"block-embed__cookie-notice--text\">\r\n                                    <p>Hyv\u00e4ksy v\u00e4ltt\u00e4m\u00e4tt\u00f6m\u00e4t ev\u00e4steet n\u00e4hd\u00e4ksesi upotetun sis\u00e4ll\u00f6n: preferences.<\/p>\r\n                  <a href=\"#\" class=\"ch2-open-settings-btn\"> Hyv\u00e4ksy v\u00e4ltt\u00e4m\u00e4tt\u00f6m\u00e4t ev\u00e4steet<\/a>\r\n              <\/div>\r\n              <div class=\"block-embed__cookie-reload-notice\">\r\n                  <p class=\"cookie-reload-text\">\r\n                    (Jos olet hyv\u00e4ksynyt ev\u00e4steet, mutta n\u00e4et silti t\u00e4m\u00e4n viestin, lataa sivu uudelleen.)                  <\/p>\r\n                  <a href=\"#\" onclick=\"location.reload(); return false;\">\r\n                    Lataa sivu uudelleen                  <\/a>\r\n              <\/div>\r\n          <\/div>\r\n\r\n      \r\n      <\/div>\r\n<\/div>\r\n\n\n\n<p><a href=\"https:\/\/help.jamk.fi\/tekstitaidot\/wp-content\/uploads\/sites\/63\/2023\/11\/Miten-teet-muistiinpanoja-lahdemateriaalista.pdf\">Diaesitys pdf-tiedostona<\/a><\/p>\n","protected":false},"excerpt":{"rendered":"<p>Ennen l\u00e4hteisiin pohjautuvaa kirjoittamista t\u00e4ytyy tutustua l\u00e4hdemateriaaliin huolella. T\u00e4ll\u00e4 sivulla keskityt\u00e4\u00e4n l\u00e4hteiden etsimiseen, lukemiseen ja muistiinpanojen tekemiseen. Miten tunnistat hyv\u00e4n l\u00e4hteen? Videolla pohditaan, mink\u00e4laiset tekstit sopivat oppimisteht\u00e4vien l\u00e4hteiksi. Katso video painamalla kuvaa tai &#8221;Miten tunnistat hyv\u00e4n l\u00e4hteen?&#8221;. Diaesitys pdf-tiedostona Miten luet l\u00e4hdeteksti\u00e4? Videolla neuvotaan, kuinka l\u00e4hdeteksti\u00e4 voi lukea erilaisten lukutekniikoiden avulla. Katso video painamalla kuvaa [&hellip;]<\/p>\n","protected":false},"author":93,"featured_media":0,"parent":0,"menu_order":3,"comment_status":"closed","ping_status":"closed","template":"","meta":{"_acf_changed":false,"_relevanssi_hide_post":"","_relevanssi_hide_content":"","_relevanssi_pin_for_all":"","_relevanssi_pin_keywords":"","_relevanssi_unpin_keywords":"","_relevanssi_related_keywords":"","_relevanssi_related_include_ids":"","_relevanssi_related_exclude_ids":"","_relevanssi_related_no_append":"","_relevanssi_related_not_related":"","_relevanssi_related_posts":"","_relevanssi_noindex_reason":"","footnotes":""},"categories":[1],"tags":[],"class_list":["post-11","page","type-page","status-publish","hentry","category-yleinen"],"acf":[],"yoast_head":"<!-- This site is optimized with the Yoast SEO plugin v27.3 - https:\/\/yoast.com\/product\/yoast-seo-wordpress\/ -->\n<title>2 L\u00e4hteiden tiedot haltuun - Tekstitaidot haltuun<\/title>\n<meta name=\"robots\" content=\"index, follow, max-snippet:-1, max-image-preview:large, max-video-preview:-1\" \/>\n<link rel=\"canonical\" href=\"https:\/\/help.jamk.fi\/tekstitaidot\/fi\/2-lahteiden-tiedot-haltuun\/\" \/>\n<meta property=\"og:locale\" content=\"fi_FI\" \/>\n<meta property=\"og:type\" content=\"article\" \/>\n<meta property=\"og:title\" content=\"2 L\u00e4hteiden tiedot haltuun - Tekstitaidot haltuun\" \/>\n<meta property=\"og:description\" content=\"Ennen l\u00e4hteisiin pohjautuvaa kirjoittamista t\u00e4ytyy tutustua l\u00e4hdemateriaaliin huolella. T\u00e4ll\u00e4 sivulla keskityt\u00e4\u00e4n l\u00e4hteiden etsimiseen, lukemiseen ja muistiinpanojen tekemiseen. Miten tunnistat hyv\u00e4n l\u00e4hteen? Videolla pohditaan, mink\u00e4laiset tekstit sopivat oppimisteht\u00e4vien l\u00e4hteiksi. Katso video painamalla kuvaa tai &#8221;Miten tunnistat hyv\u00e4n l\u00e4hteen?&#8221;. Diaesitys pdf-tiedostona Miten luet l\u00e4hdeteksti\u00e4? Videolla neuvotaan, kuinka l\u00e4hdeteksti\u00e4 voi lukea erilaisten lukutekniikoiden avulla. Katso video painamalla kuvaa [&hellip;]\" \/>\n<meta property=\"og:url\" content=\"https:\/\/help.jamk.fi\/tekstitaidot\/fi\/2-lahteiden-tiedot-haltuun\/\" \/>\n<meta property=\"og:site_name\" content=\"Tekstitaidot haltuun\" \/>\n<meta property=\"article:modified_time\" content=\"2025-03-21T13:56:17+00:00\" \/>\n<meta name=\"twitter:card\" content=\"summary_large_image\" \/>\n<meta name=\"twitter:label1\" content=\"Arvioitu lukuaika\" \/>\n\t<meta name=\"twitter:data1\" content=\"1 minuutti\" \/>\n<script type=\"application\/ld+json\" class=\"yoast-schema-graph\">{\"@context\":\"https:\\\/\\\/schema.org\",\"@graph\":[{\"@type\":\"WebPage\",\"@id\":\"https:\\\/\\\/help.jamk.fi\\\/tekstitaidot\\\/fi\\\/2-lahteiden-tiedot-haltuun\\\/\",\"url\":\"https:\\\/\\\/help.jamk.fi\\\/tekstitaidot\\\/fi\\\/2-lahteiden-tiedot-haltuun\\\/\",\"name\":\"2 L\u00e4hteiden tiedot haltuun - Tekstitaidot haltuun\",\"isPartOf\":{\"@id\":\"https:\\\/\\\/help.jamk.fi\\\/tekstitaidot\\\/#website\"},\"datePublished\":\"2022-05-17T11:14:14+00:00\",\"dateModified\":\"2025-03-21T13:56:17+00:00\",\"breadcrumb\":{\"@id\":\"https:\\\/\\\/help.jamk.fi\\\/tekstitaidot\\\/fi\\\/2-lahteiden-tiedot-haltuun\\\/#breadcrumb\"},\"inLanguage\":\"fi\",\"potentialAction\":[{\"@type\":\"ReadAction\",\"target\":[\"https:\\\/\\\/help.jamk.fi\\\/tekstitaidot\\\/fi\\\/2-lahteiden-tiedot-haltuun\\\/\"]}]},{\"@type\":\"BreadcrumbList\",\"@id\":\"https:\\\/\\\/help.jamk.fi\\\/tekstitaidot\\\/fi\\\/2-lahteiden-tiedot-haltuun\\\/#breadcrumb\",\"itemListElement\":[{\"@type\":\"ListItem\",\"position\":1,\"name\":\"Etusivu\",\"item\":\"https:\\\/\\\/help.jamk.fi\\\/tekstitaidot\\\/fi\\\/\"},{\"@type\":\"ListItem\",\"position\":2,\"name\":\"2 L\u00e4hteiden tiedot haltuun\"}]},{\"@type\":\"WebSite\",\"@id\":\"https:\\\/\\\/help.jamk.fi\\\/tekstitaidot\\\/#website\",\"url\":\"https:\\\/\\\/help.jamk.fi\\\/tekstitaidot\\\/\",\"name\":\"Tekstitaidot haltuun\",\"description\":\"\",\"potentialAction\":[{\"@type\":\"SearchAction\",\"target\":{\"@type\":\"EntryPoint\",\"urlTemplate\":\"https:\\\/\\\/help.jamk.fi\\\/tekstitaidot\\\/?s={search_term_string}\"},\"query-input\":{\"@type\":\"PropertyValueSpecification\",\"valueRequired\":true,\"valueName\":\"search_term_string\"}}],\"inLanguage\":\"fi\"}]}<\/script>\n<!-- \/ Yoast SEO plugin. -->","yoast_head_json":{"title":"2 L\u00e4hteiden tiedot haltuun - Tekstitaidot haltuun","robots":{"index":"index","follow":"follow","max-snippet":"max-snippet:-1","max-image-preview":"max-image-preview:large","max-video-preview":"max-video-preview:-1"},"canonical":"https:\/\/help.jamk.fi\/tekstitaidot\/fi\/2-lahteiden-tiedot-haltuun\/","og_locale":"fi_FI","og_type":"article","og_title":"2 L\u00e4hteiden tiedot haltuun - Tekstitaidot haltuun","og_description":"Ennen l\u00e4hteisiin pohjautuvaa kirjoittamista t\u00e4ytyy tutustua l\u00e4hdemateriaaliin huolella. T\u00e4ll\u00e4 sivulla keskityt\u00e4\u00e4n l\u00e4hteiden etsimiseen, lukemiseen ja muistiinpanojen tekemiseen. Miten tunnistat hyv\u00e4n l\u00e4hteen? Videolla pohditaan, mink\u00e4laiset tekstit sopivat oppimisteht\u00e4vien l\u00e4hteiksi. Katso video painamalla kuvaa tai &#8221;Miten tunnistat hyv\u00e4n l\u00e4hteen?&#8221;. Diaesitys pdf-tiedostona Miten luet l\u00e4hdeteksti\u00e4? Videolla neuvotaan, kuinka l\u00e4hdeteksti\u00e4 voi lukea erilaisten lukutekniikoiden avulla. Katso video painamalla kuvaa [&hellip;]","og_url":"https:\/\/help.jamk.fi\/tekstitaidot\/fi\/2-lahteiden-tiedot-haltuun\/","og_site_name":"Tekstitaidot haltuun","article_modified_time":"2025-03-21T13:56:17+00:00","twitter_card":"summary_large_image","twitter_misc":{"Arvioitu lukuaika":"1 minuutti"},"schema":{"@context":"https:\/\/schema.org","@graph":[{"@type":"WebPage","@id":"https:\/\/help.jamk.fi\/tekstitaidot\/fi\/2-lahteiden-tiedot-haltuun\/","url":"https:\/\/help.jamk.fi\/tekstitaidot\/fi\/2-lahteiden-tiedot-haltuun\/","name":"2 L\u00e4hteiden tiedot haltuun - Tekstitaidot haltuun","isPartOf":{"@id":"https:\/\/help.jamk.fi\/tekstitaidot\/#website"},"datePublished":"2022-05-17T11:14:14+00:00","dateModified":"2025-03-21T13:56:17+00:00","breadcrumb":{"@id":"https:\/\/help.jamk.fi\/tekstitaidot\/fi\/2-lahteiden-tiedot-haltuun\/#breadcrumb"},"inLanguage":"fi","potentialAction":[{"@type":"ReadAction","target":["https:\/\/help.jamk.fi\/tekstitaidot\/fi\/2-lahteiden-tiedot-haltuun\/"]}]},{"@type":"BreadcrumbList","@id":"https:\/\/help.jamk.fi\/tekstitaidot\/fi\/2-lahteiden-tiedot-haltuun\/#breadcrumb","itemListElement":[{"@type":"ListItem","position":1,"name":"Etusivu","item":"https:\/\/help.jamk.fi\/tekstitaidot\/fi\/"},{"@type":"ListItem","position":2,"name":"2 L\u00e4hteiden tiedot haltuun"}]},{"@type":"WebSite","@id":"https:\/\/help.jamk.fi\/tekstitaidot\/#website","url":"https:\/\/help.jamk.fi\/tekstitaidot\/","name":"Tekstitaidot haltuun","description":"","potentialAction":[{"@type":"SearchAction","target":{"@type":"EntryPoint","urlTemplate":"https:\/\/help.jamk.fi\/tekstitaidot\/?s={search_term_string}"},"query-input":{"@type":"PropertyValueSpecification","valueRequired":true,"valueName":"search_term_string"}}],"inLanguage":"fi"}]}},"_links":{"self":[{"href":"https:\/\/help.jamk.fi\/tekstitaidot\/wp-json\/wp\/v2\/pages\/11","targetHints":{"allow":["GET"]}}],"collection":[{"href":"https:\/\/help.jamk.fi\/tekstitaidot\/wp-json\/wp\/v2\/pages"}],"about":[{"href":"https:\/\/help.jamk.fi\/tekstitaidot\/wp-json\/wp\/v2\/types\/page"}],"author":[{"embeddable":true,"href":"https:\/\/help.jamk.fi\/tekstitaidot\/wp-json\/wp\/v2\/users\/93"}],"replies":[{"embeddable":true,"href":"https:\/\/help.jamk.fi\/tekstitaidot\/wp-json\/wp\/v2\/comments?post=11"}],"version-history":[{"count":14,"href":"https:\/\/help.jamk.fi\/tekstitaidot\/wp-json\/wp\/v2\/pages\/11\/revisions"}],"predecessor-version":[{"id":641,"href":"https:\/\/help.jamk.fi\/tekstitaidot\/wp-json\/wp\/v2\/pages\/11\/revisions\/641"}],"wp:attachment":[{"href":"https:\/\/help.jamk.fi\/tekstitaidot\/wp-json\/wp\/v2\/media?parent=11"}],"wp:term":[{"taxonomy":"category","embeddable":true,"href":"https:\/\/help.jamk.fi\/tekstitaidot\/wp-json\/wp\/v2\/categories?post=11"},{"taxonomy":"post_tag","embeddable":true,"href":"https:\/\/help.jamk.fi\/tekstitaidot\/wp-json\/wp\/v2\/tags?post=11"}],"curies":[{"name":"wp","href":"https:\/\/api.w.org\/{rel}","templated":true}]}}