{"id":47,"date":"2022-05-18T07:55:16","date_gmt":"2022-05-18T04:55:16","guid":{"rendered":"https:\/\/help.jamk.fi\/tekstitaidot\/5-asiatyyli-ja-oikeinkirjoitus\/"},"modified":"2025-03-21T16:02:50","modified_gmt":"2025-03-21T14:02:50","slug":"5-asiatyyli-ja-oikeinkirjoitus","status":"publish","type":"page","link":"https:\/\/help.jamk.fi\/tekstitaidot\/fi\/5-asiatyyli-ja-oikeinkirjoitus\/","title":{"rendered":"5 Asiatyyli ja oikeinkirjoitus"},"content":{"rendered":"\n<p>Opiskeluteksteiss\u00e4 k\u00e4ytet\u00e4\u00e4n tyypillisesti neutraalia asiatyyli\u00e4, kun tekstin tarkoituksena on v\u00e4litt\u00e4\u00e4 tietoa selke\u00e4sti, t\u00e4sm\u00e4llisesti ja tehokkaasti. T\u00e4ll\u00f6in kielellisill\u00e4 valinnoilla pyrit\u00e4\u00e4n siihen, ett\u00e4 itse kieli olisi niin sanotusti l\u00e4pin\u00e4kyv\u00e4\u00e4 ja huomaamatonta, jottei se vie lukijan huomiota itse asiasta. T\u00e4ll\u00e4 sivulla keskityt\u00e4\u00e4n neutraalin asiatyylin piirteisiin sek\u00e4 oikeinkirjoitukseen.<\/p>\n\n\n\n<p><\/p>\n\n\n\n<h2 class=\"wp-block-heading\">Mill\u00e4 kielen keinoilla luodaan asiatyyli\u00e4?<\/h2>\n\n\n\n<p>Videolla esitell\u00e4\u00e4n neutraalin asiatyylin piirteit\u00e4 sek\u00e4 tyylirikkeit\u00e4. Katso video painamalla kuvaa tai <a href=\"https:\/\/panopto.jamk.fi\/Panopto\/Pages\/Viewer.aspx?id=c743ac0c-55a7-485d-8b90-af3900c4e66e\">&#8221;Mill\u00e4 kielen keinoilla luodaan asiatyyli\u00e4?&#8221;<\/a>.<\/p>\n\n\n\r\n<div id=\"embed-block_f8f3b88cc9c8cbef4f1405aadaa49321\" class=\"embed block-embed\">\r\n      <div class=\"block-embed__wrapper\">\r\n\r\n      \r\n          <div class=\"block-embed__cookie-notice--wrapper\" id=\"cookie-notice\">\r\n              <div class=\"block-embed__cookie-notice--text\">\r\n                                    <p>Hyv\u00e4ksy v\u00e4ltt\u00e4m\u00e4tt\u00f6m\u00e4t ev\u00e4steet n\u00e4hd\u00e4ksesi upotetun sis\u00e4ll\u00f6n: preferences.<\/p>\r\n                  <a href=\"#\" class=\"ch2-open-settings-btn\"> Hyv\u00e4ksy v\u00e4ltt\u00e4m\u00e4tt\u00f6m\u00e4t ev\u00e4steet<\/a>\r\n              <\/div>\r\n              <div class=\"block-embed__cookie-reload-notice\">\r\n                  <p class=\"cookie-reload-text\">\r\n                    (Jos olet hyv\u00e4ksynyt ev\u00e4steet, mutta n\u00e4et silti t\u00e4m\u00e4n viestin, lataa sivu uudelleen.)                  <\/p>\r\n                  <a href=\"#\" onclick=\"location.reload(); return false;\">\r\n                    Lataa sivu uudelleen                  <\/a>\r\n              <\/div>\r\n          <\/div>\r\n\r\n      \r\n      <\/div>\r\n<\/div>\r\n\n\n\n<p><a href=\"https:\/\/help.jamk.fi\/tekstitaidot\/wp-content\/uploads\/sites\/63\/2023\/11\/Milla-sanavalinnoilla-luodaan-asiatyylia.pdf\">Diaesitys pdf-tiedostona<\/a><\/p>\n\n\n\n<p><\/p>\n\n\n\n<h2 class=\"wp-block-heading\">Mit\u00e4 oikeinkirjoituksessa kannattaa ottaa huomioon?<\/h2>\n\n\n\n<p>Videolla esitell\u00e4\u00e4n yleisimpi\u00e4 oikeinkirjoituksen kompastuskivi\u00e4. Katso video painamalla kuvaa tai <a href=\"https:\/\/panopto.jamk.fi\/Panopto\/Pages\/Viewer.aspx?id=3014884c-2657-419b-affa-af3f00648d8d\">&#8221;Mit\u00e4 oikeinkirjoituksessa kannattaa ottaa huomioon?&#8221;<\/a>.<\/p>\n\n\n\r\n<div id=\"embed-block_989f3f7174ab745b29d16455c2d5a88f\" class=\"embed block-embed\">\r\n      <div class=\"block-embed__wrapper\">\r\n\r\n      \r\n          <div class=\"block-embed__cookie-notice--wrapper\" id=\"cookie-notice\">\r\n              <div class=\"block-embed__cookie-notice--text\">\r\n                                    <p>Hyv\u00e4ksy v\u00e4ltt\u00e4m\u00e4tt\u00f6m\u00e4t ev\u00e4steet n\u00e4hd\u00e4ksesi upotetun sis\u00e4ll\u00f6n: preferences.<\/p>\r\n                  <a href=\"#\" class=\"ch2-open-settings-btn\"> Hyv\u00e4ksy v\u00e4ltt\u00e4m\u00e4tt\u00f6m\u00e4t ev\u00e4steet<\/a>\r\n              <\/div>\r\n              <div class=\"block-embed__cookie-reload-notice\">\r\n                  <p class=\"cookie-reload-text\">\r\n                    (Jos olet hyv\u00e4ksynyt ev\u00e4steet, mutta n\u00e4et silti t\u00e4m\u00e4n viestin, lataa sivu uudelleen.)                  <\/p>\r\n                  <a href=\"#\" onclick=\"location.reload(); return false;\">\r\n                    Lataa sivu uudelleen                  <\/a>\r\n              <\/div>\r\n          <\/div>\r\n\r\n      \r\n      <\/div>\r\n<\/div>\r\n\n\n\n<p><a href=\"https:\/\/help.jamk.fi\/tekstitaidot\/wp-content\/uploads\/sites\/63\/2023\/09\/Mita-oikeinkirjoituksessa-kannattaa-ottaa-huomioon.pdf\">Diaesitys pdf-tiedostona<\/a><\/p>\n\n\n\n<p><\/p>\n\n\n\n<h2 class=\"wp-block-heading\">Tarkista oikeinkirjoitus:<\/h2>\n\n\n\n<p>Oikeinkirjoitus kannattaa tarkistaa esimerkiksi kootuista sanalistoista, jos oikeinkirjoituksesta ei ole varma tai kyseess\u00e4 on poikkeus tai erityiss\u00e4\u00e4nt\u00f6.<\/p>\n\n\n\n<p>Sanalistoissa kannattaa k\u00e4ytt\u00e4\u00e4 apuna <strong>Ctrl + F(ind) eli etsi-toimintoa<\/strong>, jolla saa nopeasti haettua tietyn sanan tai merkkijonon sivulta. Selaimessa Etsi-tekstikent\u00e4n saa auki painamalla Ctrl + F -pikan\u00e4pp\u00e4int\u00e4. Haettuun sanaan voi Etsi-tekstikent\u00e4n vieress\u00e4 olevilla nuolilla hakea seuraavaa tai edellist\u00e4 samankaltaisuutta sivulta.<\/p>\n\n\n\n<p><strong>Lakien ja s\u00e4\u00e4d\u00f6sten lyhenteet<\/strong><\/p>\n\n\n\n<ul class=\"wp-block-list\">\n<li><a href=\"https:\/\/www.edilex.fi\/_internal\/legislation-in-finnish\/abbreviations\">S\u00e4\u00e4d\u00f6sten lyhenteet (Edilex)<\/a><\/li>\n\n\n\n<li><a href=\"https:\/\/www.finlex.fi\/fi\/laki\/smur\/vakiintuneet\/\">Vakiintuneet s\u00e4\u00e4d\u00f6snimikkeet (Finlex)<\/a><\/li>\n<\/ul>\n\n\n\n<p><strong>Lyhenneluettelo<\/strong><\/p>\n\n\n\n<ul class=\"wp-block-list\">\n<li><a href=\"http:\/\/www.kielitoimistonohjepankki.fi\/haku\/lyhenneluettelo\/ohje\/435\">Lyhenneluettelo aakkosittain (Kielitoimisto)<\/a><\/li>\n\n\n\n<li><a href=\"https:\/\/www.kielikello.fi\/-\/lyhenneluettelo\">Lyhenneluettelo (Kielikello)<\/a><\/li>\n<\/ul>\n\n\n\n<p><strong>Virastojen oikeinkirjoitus<\/strong><\/p>\n\n\n\n<ul class=\"wp-block-list\">\n<li><a href=\"http:\/\/www.kielitoimistonohjepankki.fi\/ohje\/203\">Alkukirjain: viranomaisen, virastojen ja oppilaitosten nimet (Kielitoimisto)<\/a><\/li>\n\n\n\n<li><a href=\"https:\/\/www.kielikello.fi\/-\/julkishallinnon-nimien-oikeinkirjoitus\">Julkishallinnon nimien oikeinkirjoitus (Kielikello)<\/a><\/li>\n\n\n\n<li><a href=\"https:\/\/www.kielikello.fi\/-\/valtionhallinnon-nimien-alkukirjaimet\">Valtionhallinnon nimien alkukirjaimet (Kielikello)<\/a><\/li>\n<\/ul>\n\n\n\n<p><strong>Numeroiden taivuttaminen<\/strong><\/p>\n\n\n\n<ul class=\"wp-block-list\">\n<li><a href=\"http:\/\/www.kielitoimistonohjepankki.fi\/ohje\/268\">Peruslukujen taivuttaminen (Kielitoimisto)<\/a><\/li>\n\n\n\n<li><a href=\"http:\/\/www.kielitoimistonohjepankki.fi\/ohje\/260\">J\u00e4rjestyslukujen taivuttaminen (Kielitoimisto)<\/a><\/li>\n<\/ul>\n\n\n\n<p><strong>Yhdyssanojen oikeinkirjoitus<\/strong><\/p>\n\n\n\n<ul class=\"wp-block-list\">\n<li><a href=\"http:\/\/www.kielitoimistonohjepankki.fi\/ohje\/129\">Yhdyssana vai ei? (Kielitoimisto)<\/a><\/li>\n<\/ul>\n","protected":false},"excerpt":{"rendered":"<p>Opiskeluteksteiss\u00e4 k\u00e4ytet\u00e4\u00e4n tyypillisesti neutraalia asiatyyli\u00e4, kun tekstin tarkoituksena on v\u00e4litt\u00e4\u00e4 tietoa selke\u00e4sti, t\u00e4sm\u00e4llisesti ja tehokkaasti. T\u00e4ll\u00f6in kielellisill\u00e4 valinnoilla pyrit\u00e4\u00e4n siihen, ett\u00e4 itse kieli olisi niin sanotusti l\u00e4pin\u00e4kyv\u00e4\u00e4 ja huomaamatonta, jottei se vie lukijan huomiota itse asiasta. T\u00e4ll\u00e4 sivulla keskityt\u00e4\u00e4n neutraalin asiatyylin piirteisiin sek\u00e4 oikeinkirjoitukseen. Mill\u00e4 kielen keinoilla luodaan asiatyyli\u00e4? Videolla esitell\u00e4\u00e4n neutraalin asiatyylin piirteit\u00e4 sek\u00e4 [&hellip;]<\/p>\n","protected":false},"author":93,"featured_media":0,"parent":0,"menu_order":6,"comment_status":"closed","ping_status":"closed","template":"","meta":{"_acf_changed":false,"_relevanssi_hide_post":"","_relevanssi_hide_content":"","_relevanssi_pin_for_all":"","_relevanssi_pin_keywords":"","_relevanssi_unpin_keywords":"","_relevanssi_related_keywords":"","_relevanssi_related_include_ids":"","_relevanssi_related_exclude_ids":"","_relevanssi_related_no_append":"","_relevanssi_related_not_related":"","_relevanssi_related_posts":"","_relevanssi_noindex_reason":"","footnotes":""},"categories":[1],"tags":[],"class_list":["post-47","page","type-page","status-publish","hentry","category-yleinen"],"acf":[],"yoast_head":"<!-- This site is optimized with the Yoast SEO plugin v27.3 - https:\/\/yoast.com\/product\/yoast-seo-wordpress\/ -->\n<title>5 Asiatyyli ja oikeinkirjoitus - Tekstitaidot haltuun<\/title>\n<meta name=\"robots\" content=\"index, follow, max-snippet:-1, max-image-preview:large, max-video-preview:-1\" \/>\n<link rel=\"canonical\" href=\"https:\/\/help.jamk.fi\/tekstitaidot\/fi\/5-asiatyyli-ja-oikeinkirjoitus\/\" \/>\n<meta property=\"og:locale\" content=\"fi_FI\" \/>\n<meta property=\"og:type\" content=\"article\" \/>\n<meta property=\"og:title\" content=\"5 Asiatyyli ja oikeinkirjoitus - Tekstitaidot haltuun\" \/>\n<meta property=\"og:description\" content=\"Opiskeluteksteiss\u00e4 k\u00e4ytet\u00e4\u00e4n tyypillisesti neutraalia asiatyyli\u00e4, kun tekstin tarkoituksena on v\u00e4litt\u00e4\u00e4 tietoa selke\u00e4sti, t\u00e4sm\u00e4llisesti ja tehokkaasti. T\u00e4ll\u00f6in kielellisill\u00e4 valinnoilla pyrit\u00e4\u00e4n siihen, ett\u00e4 itse kieli olisi niin sanotusti l\u00e4pin\u00e4kyv\u00e4\u00e4 ja huomaamatonta, jottei se vie lukijan huomiota itse asiasta. T\u00e4ll\u00e4 sivulla keskityt\u00e4\u00e4n neutraalin asiatyylin piirteisiin sek\u00e4 oikeinkirjoitukseen. Mill\u00e4 kielen keinoilla luodaan asiatyyli\u00e4? Videolla esitell\u00e4\u00e4n neutraalin asiatyylin piirteit\u00e4 sek\u00e4 [&hellip;]\" \/>\n<meta property=\"og:url\" content=\"https:\/\/help.jamk.fi\/tekstitaidot\/fi\/5-asiatyyli-ja-oikeinkirjoitus\/\" \/>\n<meta property=\"og:site_name\" content=\"Tekstitaidot haltuun\" \/>\n<meta property=\"article:modified_time\" content=\"2025-03-21T14:02:50+00:00\" \/>\n<meta name=\"twitter:card\" content=\"summary_large_image\" \/>\n<meta name=\"twitter:label1\" content=\"Arvioitu lukuaika\" \/>\n\t<meta name=\"twitter:data1\" content=\"2 minuuttia\" \/>\n<script type=\"application\/ld+json\" class=\"yoast-schema-graph\">{\"@context\":\"https:\\\/\\\/schema.org\",\"@graph\":[{\"@type\":\"WebPage\",\"@id\":\"https:\\\/\\\/help.jamk.fi\\\/tekstitaidot\\\/fi\\\/5-asiatyyli-ja-oikeinkirjoitus\\\/\",\"url\":\"https:\\\/\\\/help.jamk.fi\\\/tekstitaidot\\\/fi\\\/5-asiatyyli-ja-oikeinkirjoitus\\\/\",\"name\":\"5 Asiatyyli ja oikeinkirjoitus - Tekstitaidot haltuun\",\"isPartOf\":{\"@id\":\"https:\\\/\\\/help.jamk.fi\\\/tekstitaidot\\\/#website\"},\"datePublished\":\"2022-05-18T04:55:16+00:00\",\"dateModified\":\"2025-03-21T14:02:50+00:00\",\"breadcrumb\":{\"@id\":\"https:\\\/\\\/help.jamk.fi\\\/tekstitaidot\\\/fi\\\/5-asiatyyli-ja-oikeinkirjoitus\\\/#breadcrumb\"},\"inLanguage\":\"fi\",\"potentialAction\":[{\"@type\":\"ReadAction\",\"target\":[\"https:\\\/\\\/help.jamk.fi\\\/tekstitaidot\\\/fi\\\/5-asiatyyli-ja-oikeinkirjoitus\\\/\"]}]},{\"@type\":\"BreadcrumbList\",\"@id\":\"https:\\\/\\\/help.jamk.fi\\\/tekstitaidot\\\/fi\\\/5-asiatyyli-ja-oikeinkirjoitus\\\/#breadcrumb\",\"itemListElement\":[{\"@type\":\"ListItem\",\"position\":1,\"name\":\"Etusivu\",\"item\":\"https:\\\/\\\/help.jamk.fi\\\/tekstitaidot\\\/fi\\\/\"},{\"@type\":\"ListItem\",\"position\":2,\"name\":\"5 Asiatyyli ja oikeinkirjoitus\"}]},{\"@type\":\"WebSite\",\"@id\":\"https:\\\/\\\/help.jamk.fi\\\/tekstitaidot\\\/#website\",\"url\":\"https:\\\/\\\/help.jamk.fi\\\/tekstitaidot\\\/\",\"name\":\"Tekstitaidot haltuun\",\"description\":\"\",\"potentialAction\":[{\"@type\":\"SearchAction\",\"target\":{\"@type\":\"EntryPoint\",\"urlTemplate\":\"https:\\\/\\\/help.jamk.fi\\\/tekstitaidot\\\/?s={search_term_string}\"},\"query-input\":{\"@type\":\"PropertyValueSpecification\",\"valueRequired\":true,\"valueName\":\"search_term_string\"}}],\"inLanguage\":\"fi\"}]}<\/script>\n<!-- \/ Yoast SEO plugin. -->","yoast_head_json":{"title":"5 Asiatyyli ja oikeinkirjoitus - Tekstitaidot haltuun","robots":{"index":"index","follow":"follow","max-snippet":"max-snippet:-1","max-image-preview":"max-image-preview:large","max-video-preview":"max-video-preview:-1"},"canonical":"https:\/\/help.jamk.fi\/tekstitaidot\/fi\/5-asiatyyli-ja-oikeinkirjoitus\/","og_locale":"fi_FI","og_type":"article","og_title":"5 Asiatyyli ja oikeinkirjoitus - Tekstitaidot haltuun","og_description":"Opiskeluteksteiss\u00e4 k\u00e4ytet\u00e4\u00e4n tyypillisesti neutraalia asiatyyli\u00e4, kun tekstin tarkoituksena on v\u00e4litt\u00e4\u00e4 tietoa selke\u00e4sti, t\u00e4sm\u00e4llisesti ja tehokkaasti. T\u00e4ll\u00f6in kielellisill\u00e4 valinnoilla pyrit\u00e4\u00e4n siihen, ett\u00e4 itse kieli olisi niin sanotusti l\u00e4pin\u00e4kyv\u00e4\u00e4 ja huomaamatonta, jottei se vie lukijan huomiota itse asiasta. T\u00e4ll\u00e4 sivulla keskityt\u00e4\u00e4n neutraalin asiatyylin piirteisiin sek\u00e4 oikeinkirjoitukseen. Mill\u00e4 kielen keinoilla luodaan asiatyyli\u00e4? Videolla esitell\u00e4\u00e4n neutraalin asiatyylin piirteit\u00e4 sek\u00e4 [&hellip;]","og_url":"https:\/\/help.jamk.fi\/tekstitaidot\/fi\/5-asiatyyli-ja-oikeinkirjoitus\/","og_site_name":"Tekstitaidot haltuun","article_modified_time":"2025-03-21T14:02:50+00:00","twitter_card":"summary_large_image","twitter_misc":{"Arvioitu lukuaika":"2 minuuttia"},"schema":{"@context":"https:\/\/schema.org","@graph":[{"@type":"WebPage","@id":"https:\/\/help.jamk.fi\/tekstitaidot\/fi\/5-asiatyyli-ja-oikeinkirjoitus\/","url":"https:\/\/help.jamk.fi\/tekstitaidot\/fi\/5-asiatyyli-ja-oikeinkirjoitus\/","name":"5 Asiatyyli ja oikeinkirjoitus - Tekstitaidot haltuun","isPartOf":{"@id":"https:\/\/help.jamk.fi\/tekstitaidot\/#website"},"datePublished":"2022-05-18T04:55:16+00:00","dateModified":"2025-03-21T14:02:50+00:00","breadcrumb":{"@id":"https:\/\/help.jamk.fi\/tekstitaidot\/fi\/5-asiatyyli-ja-oikeinkirjoitus\/#breadcrumb"},"inLanguage":"fi","potentialAction":[{"@type":"ReadAction","target":["https:\/\/help.jamk.fi\/tekstitaidot\/fi\/5-asiatyyli-ja-oikeinkirjoitus\/"]}]},{"@type":"BreadcrumbList","@id":"https:\/\/help.jamk.fi\/tekstitaidot\/fi\/5-asiatyyli-ja-oikeinkirjoitus\/#breadcrumb","itemListElement":[{"@type":"ListItem","position":1,"name":"Etusivu","item":"https:\/\/help.jamk.fi\/tekstitaidot\/fi\/"},{"@type":"ListItem","position":2,"name":"5 Asiatyyli ja oikeinkirjoitus"}]},{"@type":"WebSite","@id":"https:\/\/help.jamk.fi\/tekstitaidot\/#website","url":"https:\/\/help.jamk.fi\/tekstitaidot\/","name":"Tekstitaidot haltuun","description":"","potentialAction":[{"@type":"SearchAction","target":{"@type":"EntryPoint","urlTemplate":"https:\/\/help.jamk.fi\/tekstitaidot\/?s={search_term_string}"},"query-input":{"@type":"PropertyValueSpecification","valueRequired":true,"valueName":"search_term_string"}}],"inLanguage":"fi"}]}},"_links":{"self":[{"href":"https:\/\/help.jamk.fi\/tekstitaidot\/wp-json\/wp\/v2\/pages\/47","targetHints":{"allow":["GET"]}}],"collection":[{"href":"https:\/\/help.jamk.fi\/tekstitaidot\/wp-json\/wp\/v2\/pages"}],"about":[{"href":"https:\/\/help.jamk.fi\/tekstitaidot\/wp-json\/wp\/v2\/types\/page"}],"author":[{"embeddable":true,"href":"https:\/\/help.jamk.fi\/tekstitaidot\/wp-json\/wp\/v2\/users\/93"}],"replies":[{"embeddable":true,"href":"https:\/\/help.jamk.fi\/tekstitaidot\/wp-json\/wp\/v2\/comments?post=47"}],"version-history":[{"count":17,"href":"https:\/\/help.jamk.fi\/tekstitaidot\/wp-json\/wp\/v2\/pages\/47\/revisions"}],"predecessor-version":[{"id":647,"href":"https:\/\/help.jamk.fi\/tekstitaidot\/wp-json\/wp\/v2\/pages\/47\/revisions\/647"}],"wp:attachment":[{"href":"https:\/\/help.jamk.fi\/tekstitaidot\/wp-json\/wp\/v2\/media?parent=47"}],"wp:term":[{"taxonomy":"category","embeddable":true,"href":"https:\/\/help.jamk.fi\/tekstitaidot\/wp-json\/wp\/v2\/categories?post=47"},{"taxonomy":"post_tag","embeddable":true,"href":"https:\/\/help.jamk.fi\/tekstitaidot\/wp-json\/wp\/v2\/tags?post=47"}],"curies":[{"name":"wp","href":"https:\/\/api.w.org\/{rel}","templated":true}]}}