{"id":5,"date":"2022-05-17T06:12:57","date_gmt":"2022-05-17T03:12:57","guid":{"rendered":"https:\/\/help.jamk.fi\/tekstitaidot\/esimerkkisivu\/"},"modified":"2025-03-21T14:00:18","modified_gmt":"2025-03-21T12:00:18","slug":"esimerkkisivu","status":"publish","type":"page","link":"https:\/\/help.jamk.fi\/tekstitaidot\/fi\/","title":{"rendered":"Etusivu"},"content":{"rendered":"\n<div id=\"text-column-block_47c292f145b054d1c54fa46a8062fb46\" class=\"text-column block-text-column\">\n  <div class=\"block-text-column__wrapper\">\n                  <div class=\"row block-text-column__column-section\">\n          <div class=\"col-12 col-md-5 block-text-column__column-section--column\">\n            <div class=\"block-text-column__column-section--title-wrap\">\n                          <\/div>\n          <\/div>\n          <div class=\"col-12 col-md-7 block-text-column__column-section--column\">\n                          <div class=\"block-text-column__column-section--text_area\">\n                <p><!-- wp:paragraph --><\/p>\n<p>Ylemm\u00e4n ammattikorkeakoulututkinnon opiskelijat tarvitsevat monenlaisia tekstitaitoja opinnoissaan. Tekstitaitoihin kuuluu olennaisesti lukeminen ja kirjoittaminen. Lukemiseen kuuluu paitsi mekaaninen lukutaito my\u00f6s kyky arvioida lukemaansa ja k\u00e4ytt\u00e4\u00e4 sit\u00e4 hy\u00f6dyksi omissa teksteiss\u00e4\u00e4n. Kirjoittamiseen sis\u00e4ltyy niin tekstilajien hallintaa kuin asiatyylin k\u00e4ytt\u00f6\u00e4.<strong><br \/>\n<\/strong><br \/>\nT\u00e4m\u00e4 verkko-oppimateriaali on tarkoitettu ensisijaisesti Jyv\u00e4skyl\u00e4n ammattikorkeakoulun YAMK-opiskelijoiden tueksi. Oppimateriaali on tarkoitettu sek\u00e4 itseopiskeluun ett\u00e4 <em>Tekstitaidot haltuun &#8211; kehit\u00e4 YAMK-opinnoissa tarvittavia kirjoitustaitojasi, 5 op<\/em> -opintojaksokokonaisuuden kurssimateriaaliksi. Kyseinen opintojaksokokonaisuus koostuu seuraavista opintojaksoista:<\/p>\n<p><!-- \/wp:paragraph --> <!-- wp:list {\"ordered\":true} --><\/p>\n<ol>\n<li style=\"list-style-type: none;\">\n<ol><!-- wp:list-item --><\/p>\n<li><a href=\"https:\/\/opetussuunnitelmat.peppi.jamk.fi\/offerings\/17\/56128\/50990\" rel=\"noopener\">YAMK-opintojen tekstilajit tutuiksi 1 op<\/a><\/li>\n<li><a href=\"https:\/\/opetussuunnitelmat.peppi.jamk.fi\/offerings\/17\/56128\/50988?lang=fi\" rel=\"noopener\">Referointi ja l\u00e4hteiden k\u00e4ytt\u00f6 tutkivassa kirjoittamisessa, 2 op<\/a><\/li>\n<li><a href=\"https:\/\/opetussuunnitelmat.peppi.jamk.fi\/offerings\/10\/56128\/50989\" rel=\"noopener\">Hyv\u00e4n asiantuntijatekstin rakenne ja kieli, 2 op<\/a><\/li>\n<\/ol>\n<\/li>\n<\/ol>\n<p><!-- \/wp:list-item --><\/p>\n<p><!-- \/wp:list --> <!-- wp:paragraph --><\/p>\n<p>Opiskelija voi halutessaan osallistua joko kaikille tai tarvitsemilleen opintojaksoille. Opintojaksojen p\u00e4\u00e4paino on havainnollistavien teht\u00e4vien tekemisess\u00e4 ja niiden yhteisess\u00e4 tarkastelussa.<\/p>\n<p class=\"wp-block-heading\">T\u00e4m\u00e4 oppimateriaali on tuotettu Jyv\u00e4skyl\u00e4n ammattikorkeakoulun opiskelijoille ja henkil\u00f6kunnalle. Videot toimivat vain Jamkin tunnuksilla.<\/p>\n<p>Materiaalin ovat tuottaneet Tarja Ahopelto, Tiina Autio ja Anna Forssell (Kielikeskus).<\/p>\n<p><!-- \/wp:paragraph --><\/p>\n              <\/div>\n                      <\/div>\n        <\/div>\n            <\/div>\n<\/div>","protected":false},"excerpt":{"rendered":"","protected":false},"author":93,"featured_media":0,"parent":0,"menu_order":0,"comment_status":"closed","ping_status":"closed","template":"templates\/template-full-width.php","meta":{"_acf_changed":false,"_relevanssi_hide_post":"","_relevanssi_hide_content":"","_relevanssi_pin_for_all":"","_relevanssi_pin_keywords":"","_relevanssi_unpin_keywords":"","_relevanssi_related_keywords":"","_relevanssi_related_include_ids":"","_relevanssi_related_exclude_ids":"","_relevanssi_related_no_append":"","_relevanssi_related_not_related":"","_relevanssi_related_posts":"","_relevanssi_noindex_reason":"","footnotes":""},"categories":[],"tags":[],"class_list":["post-5","page","type-page","status-publish","hentry"],"acf":[],"yoast_head":"<!-- This site is optimized with the Yoast SEO plugin v27.3 - https:\/\/yoast.com\/product\/yoast-seo-wordpress\/ -->\n<title>Etusivu - Tekstitaidot haltuun<\/title>\n<meta name=\"robots\" content=\"index, follow, max-snippet:-1, max-image-preview:large, max-video-preview:-1\" \/>\n<link rel=\"canonical\" href=\"https:\/\/help.jamk.fi\/tekstitaidot\/fi\/\" \/>\n<meta property=\"og:locale\" content=\"fi_FI\" \/>\n<meta property=\"og:type\" content=\"article\" \/>\n<meta property=\"og:title\" content=\"Etusivu - Tekstitaidot haltuun\" \/>\n<meta property=\"og:url\" content=\"https:\/\/help.jamk.fi\/tekstitaidot\/fi\/\" \/>\n<meta property=\"og:site_name\" content=\"Tekstitaidot haltuun\" \/>\n<meta property=\"article:modified_time\" content=\"2025-03-21T12:00:18+00:00\" \/>\n<meta name=\"twitter:card\" content=\"summary_large_image\" \/>\n<script type=\"application\/ld+json\" class=\"yoast-schema-graph\">{\"@context\":\"https:\\\/\\\/schema.org\",\"@graph\":[{\"@type\":\"WebPage\",\"@id\":\"https:\\\/\\\/help.jamk.fi\\\/tekstitaidot\\\/fi\\\/\",\"url\":\"https:\\\/\\\/help.jamk.fi\\\/tekstitaidot\\\/fi\\\/\",\"name\":\"Etusivu - Tekstitaidot haltuun\",\"isPartOf\":{\"@id\":\"https:\\\/\\\/help.jamk.fi\\\/tekstitaidot\\\/#website\"},\"datePublished\":\"2022-05-17T03:12:57+00:00\",\"dateModified\":\"2025-03-21T12:00:18+00:00\",\"breadcrumb\":{\"@id\":\"https:\\\/\\\/help.jamk.fi\\\/tekstitaidot\\\/fi\\\/#breadcrumb\"},\"inLanguage\":\"fi\",\"potentialAction\":[{\"@type\":\"ReadAction\",\"target\":[\"https:\\\/\\\/help.jamk.fi\\\/tekstitaidot\\\/fi\\\/\"]}]},{\"@type\":\"BreadcrumbList\",\"@id\":\"https:\\\/\\\/help.jamk.fi\\\/tekstitaidot\\\/fi\\\/#breadcrumb\",\"itemListElement\":[{\"@type\":\"ListItem\",\"position\":1,\"name\":\"Etusivu\",\"item\":\"https:\\\/\\\/help.jamk.fi\\\/tekstitaidot\\\/fi\\\/\"},{\"@type\":\"ListItem\",\"position\":2,\"name\":\"Etusivu\"}]},{\"@type\":\"WebSite\",\"@id\":\"https:\\\/\\\/help.jamk.fi\\\/tekstitaidot\\\/#website\",\"url\":\"https:\\\/\\\/help.jamk.fi\\\/tekstitaidot\\\/\",\"name\":\"Tekstitaidot haltuun\",\"description\":\"\",\"potentialAction\":[{\"@type\":\"SearchAction\",\"target\":{\"@type\":\"EntryPoint\",\"urlTemplate\":\"https:\\\/\\\/help.jamk.fi\\\/tekstitaidot\\\/?s={search_term_string}\"},\"query-input\":{\"@type\":\"PropertyValueSpecification\",\"valueRequired\":true,\"valueName\":\"search_term_string\"}}],\"inLanguage\":\"fi\"}]}<\/script>\n<!-- \/ Yoast SEO plugin. -->","yoast_head_json":{"title":"Etusivu - Tekstitaidot haltuun","robots":{"index":"index","follow":"follow","max-snippet":"max-snippet:-1","max-image-preview":"max-image-preview:large","max-video-preview":"max-video-preview:-1"},"canonical":"https:\/\/help.jamk.fi\/tekstitaidot\/fi\/","og_locale":"fi_FI","og_type":"article","og_title":"Etusivu - Tekstitaidot haltuun","og_url":"https:\/\/help.jamk.fi\/tekstitaidot\/fi\/","og_site_name":"Tekstitaidot haltuun","article_modified_time":"2025-03-21T12:00:18+00:00","twitter_card":"summary_large_image","schema":{"@context":"https:\/\/schema.org","@graph":[{"@type":"WebPage","@id":"https:\/\/help.jamk.fi\/tekstitaidot\/fi\/","url":"https:\/\/help.jamk.fi\/tekstitaidot\/fi\/","name":"Etusivu - Tekstitaidot haltuun","isPartOf":{"@id":"https:\/\/help.jamk.fi\/tekstitaidot\/#website"},"datePublished":"2022-05-17T03:12:57+00:00","dateModified":"2025-03-21T12:00:18+00:00","breadcrumb":{"@id":"https:\/\/help.jamk.fi\/tekstitaidot\/fi\/#breadcrumb"},"inLanguage":"fi","potentialAction":[{"@type":"ReadAction","target":["https:\/\/help.jamk.fi\/tekstitaidot\/fi\/"]}]},{"@type":"BreadcrumbList","@id":"https:\/\/help.jamk.fi\/tekstitaidot\/fi\/#breadcrumb","itemListElement":[{"@type":"ListItem","position":1,"name":"Etusivu","item":"https:\/\/help.jamk.fi\/tekstitaidot\/fi\/"},{"@type":"ListItem","position":2,"name":"Etusivu"}]},{"@type":"WebSite","@id":"https:\/\/help.jamk.fi\/tekstitaidot\/#website","url":"https:\/\/help.jamk.fi\/tekstitaidot\/","name":"Tekstitaidot haltuun","description":"","potentialAction":[{"@type":"SearchAction","target":{"@type":"EntryPoint","urlTemplate":"https:\/\/help.jamk.fi\/tekstitaidot\/?s={search_term_string}"},"query-input":{"@type":"PropertyValueSpecification","valueRequired":true,"valueName":"search_term_string"}}],"inLanguage":"fi"}]}},"_links":{"self":[{"href":"https:\/\/help.jamk.fi\/tekstitaidot\/wp-json\/wp\/v2\/pages\/5","targetHints":{"allow":["GET"]}}],"collection":[{"href":"https:\/\/help.jamk.fi\/tekstitaidot\/wp-json\/wp\/v2\/pages"}],"about":[{"href":"https:\/\/help.jamk.fi\/tekstitaidot\/wp-json\/wp\/v2\/types\/page"}],"author":[{"embeddable":true,"href":"https:\/\/help.jamk.fi\/tekstitaidot\/wp-json\/wp\/v2\/users\/93"}],"replies":[{"embeddable":true,"href":"https:\/\/help.jamk.fi\/tekstitaidot\/wp-json\/wp\/v2\/comments?post=5"}],"version-history":[{"count":26,"href":"https:\/\/help.jamk.fi\/tekstitaidot\/wp-json\/wp\/v2\/pages\/5\/revisions"}],"predecessor-version":[{"id":624,"href":"https:\/\/help.jamk.fi\/tekstitaidot\/wp-json\/wp\/v2\/pages\/5\/revisions\/624"}],"wp:attachment":[{"href":"https:\/\/help.jamk.fi\/tekstitaidot\/wp-json\/wp\/v2\/media?parent=5"}],"wp:term":[{"taxonomy":"category","embeddable":true,"href":"https:\/\/help.jamk.fi\/tekstitaidot\/wp-json\/wp\/v2\/categories?post=5"},{"taxonomy":"post_tag","embeddable":true,"href":"https:\/\/help.jamk.fi\/tekstitaidot\/wp-json\/wp\/v2\/tags?post=5"}],"curies":[{"name":"wp","href":"https:\/\/api.w.org\/{rel}","templated":true}]}}