{"id":59,"date":"2022-05-18T07:55:35","date_gmt":"2022-05-18T04:55:35","guid":{"rendered":"https:\/\/help.jamk.fi\/tekstitaidot\/6-oman-tekstin-tarkastelu\/"},"modified":"2025-03-21T16:04:34","modified_gmt":"2025-03-21T14:04:34","slug":"6-oman-tekstin-tarkastelu","status":"publish","type":"page","link":"https:\/\/help.jamk.fi\/tekstitaidot\/fi\/6-oman-tekstin-tarkastelu\/","title":{"rendered":"6 Oman tekstin tarkastelu"},"content":{"rendered":"\n<p>Kirjoittaminen on omien ajatusten j\u00e4sent\u00e4mist\u00e4 ja n\u00e4kyv\u00e4ksi tekemist\u00e4. Kirjoitusprosessilla tarkoitetaankin karkeasti ajatteluprosessia, jonka aikana omia ajatuksia ty\u00f6stet\u00e4\u00e4n ja kehitet\u00e4\u00e4n. Omaa teksti\u00e4 onkin syyt\u00e4 tarkastella ja analysoida kirjoitusprosessin aikana. Teksti\u00e4 voidaan verrata jo julkaistuihin teksteihin tai palautteen avulla kuulla ulkopuolisen lukijan havaintoja siit\u00e4. T\u00e4ll\u00e4 sivulla keskityt\u00e4\u00e4n oman tekstin tarkasteluun muiden tekstej\u00e4 tutkimalla.<\/p>\n\n\n\n<p><\/p>\n\n\n\n<h2 class=\"wp-block-heading\">Miten hy\u00f6dynt\u00e4\u00e4 muiden tekstej\u00e4?<\/h2>\n\n\n\n<p>Yleisesti mentori tarkoittaa ohjaajaa, joka toimii nuoremman tukena. Mentoriteksti tarkoittaakin esimerkkiteksti\u00e4, joka auttaa kirjoittajaa.<\/p>\n\n\n\n<p>Videolla esitell\u00e4\u00e4n, miten teksti toimii mentorina. Katso video painamalla kuvaa tai <a href=\"https:\/\/panopto.jamk.fi\/Panopto\/Pages\/Viewer.aspx?id=edfd51ad-e0f7-4065-b4f4-af3f006c7a6b\">&#8221;Miten hy\u00f6dynt\u00e4\u00e4 muiden tekstej\u00e4?&#8221;<\/a>.<\/p>\n\n\n\r\n<div id=\"embed-block_82fb4c85798c639dbaea55ad6fe6be9a\" class=\"embed block-embed\">\r\n      <div class=\"block-embed__wrapper\">\r\n\r\n      \r\n          <div class=\"block-embed__cookie-notice--wrapper\" id=\"cookie-notice\">\r\n              <div class=\"block-embed__cookie-notice--text\">\r\n                                    <p>Hyv\u00e4ksy v\u00e4ltt\u00e4m\u00e4tt\u00f6m\u00e4t ev\u00e4steet n\u00e4hd\u00e4ksesi upotetun sis\u00e4ll\u00f6n: preferences.<\/p>\r\n                  <a href=\"#\" class=\"ch2-open-settings-btn\"> Hyv\u00e4ksy v\u00e4ltt\u00e4m\u00e4tt\u00f6m\u00e4t ev\u00e4steet<\/a>\r\n              <\/div>\r\n              <div class=\"block-embed__cookie-reload-notice\">\r\n                  <p class=\"cookie-reload-text\">\r\n                    (Jos olet hyv\u00e4ksynyt ev\u00e4steet, mutta n\u00e4et silti t\u00e4m\u00e4n viestin, lataa sivu uudelleen.)                  <\/p>\r\n                  <a href=\"#\" onclick=\"location.reload(); return false;\">\r\n                    Lataa sivu uudelleen                  <\/a>\r\n              <\/div>\r\n          <\/div>\r\n\r\n      \r\n      <\/div>\r\n<\/div>\r\n\n\n\n<p><a href=\"https:\/\/help.jamk.fi\/tekstitaidot\/wp-content\/uploads\/sites\/63\/2023\/09\/Miten-hyodyntaa-muiden-teksteja.pdf\">Diaesitys pdf-tiedostona<\/a><\/p>\n\n\n\n<p><\/p>\n\n\n\n<h2 class=\"wp-block-heading\">Miten hy\u00f6dynt\u00e4\u00e4 palautetta osana tekstin tarkastelua?<\/h2>\n\n\n\n<p>Videolla kerrotaan palautteen merkityksest\u00e4 osana kirjoitusprosessia. Katso video painamalla kuvaa tai <a href=\"https:\/\/panopto.jamk.fi\/Panopto\/Pages\/Viewer.aspx?id=a441f884-8793-4dbb-bfdf-af3f006c6bc1\">&#8221;Miten hy\u00f6dynt\u00e4\u00e4 palautetta osana tekstin tarkastelua?&#8221;<\/a>.<\/p>\n\n\n\r\n<div id=\"embed-block_02e57626cb526f0e2a3c6c84b5194838\" class=\"embed block-embed\">\r\n      <div class=\"block-embed__wrapper\">\r\n\r\n      \r\n          <div class=\"block-embed__cookie-notice--wrapper\" id=\"cookie-notice\">\r\n              <div class=\"block-embed__cookie-notice--text\">\r\n                                    <p>Hyv\u00e4ksy v\u00e4ltt\u00e4m\u00e4tt\u00f6m\u00e4t ev\u00e4steet n\u00e4hd\u00e4ksesi upotetun sis\u00e4ll\u00f6n: preferences.<\/p>\r\n                  <a href=\"#\" class=\"ch2-open-settings-btn\"> Hyv\u00e4ksy v\u00e4ltt\u00e4m\u00e4tt\u00f6m\u00e4t ev\u00e4steet<\/a>\r\n              <\/div>\r\n              <div class=\"block-embed__cookie-reload-notice\">\r\n                  <p class=\"cookie-reload-text\">\r\n                    (Jos olet hyv\u00e4ksynyt ev\u00e4steet, mutta n\u00e4et silti t\u00e4m\u00e4n viestin, lataa sivu uudelleen.)                  <\/p>\r\n                  <a href=\"#\" onclick=\"location.reload(); return false;\">\r\n                    Lataa sivu uudelleen                  <\/a>\r\n              <\/div>\r\n          <\/div>\r\n\r\n      \r\n      <\/div>\r\n<\/div>\r\n\n\n\n<p><a href=\"https:\/\/help.jamk.fi\/tekstitaidot\/wp-content\/uploads\/sites\/63\/2023\/09\/Miten-hyodyntaa-palautetta-osana-teksin-tarkastelua.pdf\">Diaesitys pdf-tiedostona<\/a><\/p>\n","protected":false},"excerpt":{"rendered":"<p>Kirjoittaminen on omien ajatusten j\u00e4sent\u00e4mist\u00e4 ja n\u00e4kyv\u00e4ksi tekemist\u00e4. Kirjoitusprosessilla tarkoitetaankin karkeasti ajatteluprosessia, jonka aikana omia ajatuksia ty\u00f6stet\u00e4\u00e4n ja kehitet\u00e4\u00e4n. Omaa teksti\u00e4 onkin syyt\u00e4 tarkastella ja analysoida kirjoitusprosessin aikana. Teksti\u00e4 voidaan verrata jo julkaistuihin teksteihin tai palautteen avulla kuulla ulkopuolisen lukijan havaintoja siit\u00e4. T\u00e4ll\u00e4 sivulla keskityt\u00e4\u00e4n oman tekstin tarkasteluun muiden tekstej\u00e4 tutkimalla. Miten hy\u00f6dynt\u00e4\u00e4 muiden tekstej\u00e4? [&hellip;]<\/p>\n","protected":false},"author":93,"featured_media":0,"parent":0,"menu_order":7,"comment_status":"closed","ping_status":"closed","template":"","meta":{"_acf_changed":false,"_relevanssi_hide_post":"","_relevanssi_hide_content":"","_relevanssi_pin_for_all":"","_relevanssi_pin_keywords":"","_relevanssi_unpin_keywords":"","_relevanssi_related_keywords":"","_relevanssi_related_include_ids":"","_relevanssi_related_exclude_ids":"","_relevanssi_related_no_append":"","_relevanssi_related_not_related":"","_relevanssi_related_posts":"","_relevanssi_noindex_reason":"","footnotes":""},"categories":[1],"tags":[],"class_list":["post-59","page","type-page","status-publish","hentry","category-yleinen"],"acf":[],"yoast_head":"<!-- This site is optimized with the Yoast SEO plugin v27.4 - https:\/\/yoast.com\/product\/yoast-seo-wordpress\/ -->\n<title>6 Oman tekstin tarkastelu - Tekstitaidot haltuun<\/title>\n<meta name=\"robots\" content=\"index, follow, max-snippet:-1, max-image-preview:large, max-video-preview:-1\" \/>\n<link rel=\"canonical\" href=\"https:\/\/help.jamk.fi\/tekstitaidot\/fi\/6-oman-tekstin-tarkastelu\/\" \/>\n<meta property=\"og:locale\" content=\"fi_FI\" \/>\n<meta property=\"og:type\" content=\"article\" \/>\n<meta property=\"og:title\" content=\"6 Oman tekstin tarkastelu - Tekstitaidot haltuun\" \/>\n<meta property=\"og:description\" content=\"Kirjoittaminen on omien ajatusten j\u00e4sent\u00e4mist\u00e4 ja n\u00e4kyv\u00e4ksi tekemist\u00e4. Kirjoitusprosessilla tarkoitetaankin karkeasti ajatteluprosessia, jonka aikana omia ajatuksia ty\u00f6stet\u00e4\u00e4n ja kehitet\u00e4\u00e4n. Omaa teksti\u00e4 onkin syyt\u00e4 tarkastella ja analysoida kirjoitusprosessin aikana. Teksti\u00e4 voidaan verrata jo julkaistuihin teksteihin tai palautteen avulla kuulla ulkopuolisen lukijan havaintoja siit\u00e4. T\u00e4ll\u00e4 sivulla keskityt\u00e4\u00e4n oman tekstin tarkasteluun muiden tekstej\u00e4 tutkimalla. Miten hy\u00f6dynt\u00e4\u00e4 muiden tekstej\u00e4? [&hellip;]\" \/>\n<meta property=\"og:url\" content=\"https:\/\/help.jamk.fi\/tekstitaidot\/fi\/6-oman-tekstin-tarkastelu\/\" \/>\n<meta property=\"og:site_name\" content=\"Tekstitaidot haltuun\" \/>\n<meta property=\"article:modified_time\" content=\"2025-03-21T14:04:34+00:00\" \/>\n<meta name=\"twitter:card\" content=\"summary_large_image\" \/>\n<meta name=\"twitter:label1\" content=\"Arvioitu lukuaika\" \/>\n\t<meta name=\"twitter:data1\" content=\"1 minuutti\" \/>\n<script type=\"application\/ld+json\" class=\"yoast-schema-graph\">{\"@context\":\"https:\\\/\\\/schema.org\",\"@graph\":[{\"@type\":\"WebPage\",\"@id\":\"https:\\\/\\\/help.jamk.fi\\\/tekstitaidot\\\/fi\\\/6-oman-tekstin-tarkastelu\\\/\",\"url\":\"https:\\\/\\\/help.jamk.fi\\\/tekstitaidot\\\/fi\\\/6-oman-tekstin-tarkastelu\\\/\",\"name\":\"6 Oman tekstin tarkastelu - Tekstitaidot haltuun\",\"isPartOf\":{\"@id\":\"https:\\\/\\\/help.jamk.fi\\\/tekstitaidot\\\/#website\"},\"datePublished\":\"2022-05-18T04:55:35+00:00\",\"dateModified\":\"2025-03-21T14:04:34+00:00\",\"breadcrumb\":{\"@id\":\"https:\\\/\\\/help.jamk.fi\\\/tekstitaidot\\\/fi\\\/6-oman-tekstin-tarkastelu\\\/#breadcrumb\"},\"inLanguage\":\"fi\",\"potentialAction\":[{\"@type\":\"ReadAction\",\"target\":[\"https:\\\/\\\/help.jamk.fi\\\/tekstitaidot\\\/fi\\\/6-oman-tekstin-tarkastelu\\\/\"]}]},{\"@type\":\"BreadcrumbList\",\"@id\":\"https:\\\/\\\/help.jamk.fi\\\/tekstitaidot\\\/fi\\\/6-oman-tekstin-tarkastelu\\\/#breadcrumb\",\"itemListElement\":[{\"@type\":\"ListItem\",\"position\":1,\"name\":\"Etusivu\",\"item\":\"https:\\\/\\\/help.jamk.fi\\\/tekstitaidot\\\/fi\\\/\"},{\"@type\":\"ListItem\",\"position\":2,\"name\":\"6 Oman tekstin tarkastelu\"}]},{\"@type\":\"WebSite\",\"@id\":\"https:\\\/\\\/help.jamk.fi\\\/tekstitaidot\\\/#website\",\"url\":\"https:\\\/\\\/help.jamk.fi\\\/tekstitaidot\\\/\",\"name\":\"Tekstitaidot haltuun\",\"description\":\"\",\"potentialAction\":[{\"@type\":\"SearchAction\",\"target\":{\"@type\":\"EntryPoint\",\"urlTemplate\":\"https:\\\/\\\/help.jamk.fi\\\/tekstitaidot\\\/?s={search_term_string}\"},\"query-input\":{\"@type\":\"PropertyValueSpecification\",\"valueRequired\":true,\"valueName\":\"search_term_string\"}}],\"inLanguage\":\"fi\"}]}<\/script>\n<!-- \/ Yoast SEO plugin. -->","yoast_head_json":{"title":"6 Oman tekstin tarkastelu - Tekstitaidot haltuun","robots":{"index":"index","follow":"follow","max-snippet":"max-snippet:-1","max-image-preview":"max-image-preview:large","max-video-preview":"max-video-preview:-1"},"canonical":"https:\/\/help.jamk.fi\/tekstitaidot\/fi\/6-oman-tekstin-tarkastelu\/","og_locale":"fi_FI","og_type":"article","og_title":"6 Oman tekstin tarkastelu - Tekstitaidot haltuun","og_description":"Kirjoittaminen on omien ajatusten j\u00e4sent\u00e4mist\u00e4 ja n\u00e4kyv\u00e4ksi tekemist\u00e4. Kirjoitusprosessilla tarkoitetaankin karkeasti ajatteluprosessia, jonka aikana omia ajatuksia ty\u00f6stet\u00e4\u00e4n ja kehitet\u00e4\u00e4n. Omaa teksti\u00e4 onkin syyt\u00e4 tarkastella ja analysoida kirjoitusprosessin aikana. Teksti\u00e4 voidaan verrata jo julkaistuihin teksteihin tai palautteen avulla kuulla ulkopuolisen lukijan havaintoja siit\u00e4. T\u00e4ll\u00e4 sivulla keskityt\u00e4\u00e4n oman tekstin tarkasteluun muiden tekstej\u00e4 tutkimalla. Miten hy\u00f6dynt\u00e4\u00e4 muiden tekstej\u00e4? [&hellip;]","og_url":"https:\/\/help.jamk.fi\/tekstitaidot\/fi\/6-oman-tekstin-tarkastelu\/","og_site_name":"Tekstitaidot haltuun","article_modified_time":"2025-03-21T14:04:34+00:00","twitter_card":"summary_large_image","twitter_misc":{"Arvioitu lukuaika":"1 minuutti"},"schema":{"@context":"https:\/\/schema.org","@graph":[{"@type":"WebPage","@id":"https:\/\/help.jamk.fi\/tekstitaidot\/fi\/6-oman-tekstin-tarkastelu\/","url":"https:\/\/help.jamk.fi\/tekstitaidot\/fi\/6-oman-tekstin-tarkastelu\/","name":"6 Oman tekstin tarkastelu - Tekstitaidot haltuun","isPartOf":{"@id":"https:\/\/help.jamk.fi\/tekstitaidot\/#website"},"datePublished":"2022-05-18T04:55:35+00:00","dateModified":"2025-03-21T14:04:34+00:00","breadcrumb":{"@id":"https:\/\/help.jamk.fi\/tekstitaidot\/fi\/6-oman-tekstin-tarkastelu\/#breadcrumb"},"inLanguage":"fi","potentialAction":[{"@type":"ReadAction","target":["https:\/\/help.jamk.fi\/tekstitaidot\/fi\/6-oman-tekstin-tarkastelu\/"]}]},{"@type":"BreadcrumbList","@id":"https:\/\/help.jamk.fi\/tekstitaidot\/fi\/6-oman-tekstin-tarkastelu\/#breadcrumb","itemListElement":[{"@type":"ListItem","position":1,"name":"Etusivu","item":"https:\/\/help.jamk.fi\/tekstitaidot\/fi\/"},{"@type":"ListItem","position":2,"name":"6 Oman tekstin tarkastelu"}]},{"@type":"WebSite","@id":"https:\/\/help.jamk.fi\/tekstitaidot\/#website","url":"https:\/\/help.jamk.fi\/tekstitaidot\/","name":"Tekstitaidot haltuun","description":"","potentialAction":[{"@type":"SearchAction","target":{"@type":"EntryPoint","urlTemplate":"https:\/\/help.jamk.fi\/tekstitaidot\/?s={search_term_string}"},"query-input":{"@type":"PropertyValueSpecification","valueRequired":true,"valueName":"search_term_string"}}],"inLanguage":"fi"}]}},"_links":{"self":[{"href":"https:\/\/help.jamk.fi\/tekstitaidot\/wp-json\/wp\/v2\/pages\/59","targetHints":{"allow":["GET"]}}],"collection":[{"href":"https:\/\/help.jamk.fi\/tekstitaidot\/wp-json\/wp\/v2\/pages"}],"about":[{"href":"https:\/\/help.jamk.fi\/tekstitaidot\/wp-json\/wp\/v2\/types\/page"}],"author":[{"embeddable":true,"href":"https:\/\/help.jamk.fi\/tekstitaidot\/wp-json\/wp\/v2\/users\/93"}],"replies":[{"embeddable":true,"href":"https:\/\/help.jamk.fi\/tekstitaidot\/wp-json\/wp\/v2\/comments?post=59"}],"version-history":[{"count":11,"href":"https:\/\/help.jamk.fi\/tekstitaidot\/wp-json\/wp\/v2\/pages\/59\/revisions"}],"predecessor-version":[{"id":648,"href":"https:\/\/help.jamk.fi\/tekstitaidot\/wp-json\/wp\/v2\/pages\/59\/revisions\/648"}],"wp:attachment":[{"href":"https:\/\/help.jamk.fi\/tekstitaidot\/wp-json\/wp\/v2\/media?parent=59"}],"wp:term":[{"taxonomy":"category","embeddable":true,"href":"https:\/\/help.jamk.fi\/tekstitaidot\/wp-json\/wp\/v2\/categories?post=59"},{"taxonomy":"post_tag","embeddable":true,"href":"https:\/\/help.jamk.fi\/tekstitaidot\/wp-json\/wp\/v2\/tags?post=59"}],"curies":[{"name":"wp","href":"https:\/\/api.w.org\/{rel}","templated":true}]}}