{"id":77,"date":"2022-05-31T06:24:25","date_gmt":"2022-05-31T03:24:25","guid":{"rendered":"https:\/\/help.jamk.fi\/tekstitaidot\/1-tekstilajit\/1-1-raportti-ja-essee\/"},"modified":"2025-03-21T14:51:35","modified_gmt":"2025-03-21T12:51:35","slug":"1-1-raportti-ja-essee","status":"publish","type":"page","link":"https:\/\/help.jamk.fi\/tekstitaidot\/fi\/1-tekstilajit\/1-1-raportti-ja-essee\/","title":{"rendered":"1.1 Raportti ja essee"},"content":{"rendered":"\n<p>YAMK-opinnoissa kirjoitetaan paljon raportteja ja esseit\u00e4. Arkikieless\u00e4 tekstilajit usein menev\u00e4t sekaisin, mutta kyseess\u00e4 on kuitenkin kaksi omantyyppist\u00e4 teksti\u00e4\u00e4n. T\u00e4ll\u00e4 sivulla esitell\u00e4\u00e4n kummankin tekstilajin keskeisimm\u00e4t piirteet, eri variaatiot sek\u00e4 yleisimm\u00e4t erot ja yhtenev\u00e4isyydet.<\/p>\n\n\n\n<h2 class=\"wp-block-heading\"><strong>Millainen raportti on tekstilajina?<\/strong><\/h2>\n\n\n\n<p>Videolla keskityt\u00e4\u00e4n raportin tunnusmerkkeihin. Katso video painamalla kuvaa tai <a href=\"https:\/\/panopto.jamk.fi\/Panopto\/Pages\/Viewer.aspx?id=6ed1e783-3f15-44a4-a31e-af4f00bad158\">&#8221;Millainen raportti on tekstilajina?&#8221;<\/a>.<\/p>\n\n\n\r\n<div id=\"embed-block_d2c159e9510b2c06120d8e087d5c7af2\" class=\"embed block-embed\">\r\n      <div class=\"block-embed__wrapper\">\r\n\r\n      \r\n          <div class=\"block-embed__cookie-notice--wrapper\" id=\"cookie-notice\">\r\n              <div class=\"block-embed__cookie-notice--text\">\r\n                                    <p>Hyv\u00e4ksy v\u00e4ltt\u00e4m\u00e4tt\u00f6m\u00e4t ev\u00e4steet n\u00e4hd\u00e4ksesi upotetun sis\u00e4ll\u00f6n: preferences.<\/p>\r\n                  <a href=\"#\" class=\"ch2-open-settings-btn\"> Hyv\u00e4ksy v\u00e4ltt\u00e4m\u00e4tt\u00f6m\u00e4t ev\u00e4steet<\/a>\r\n              <\/div>\r\n              <div class=\"block-embed__cookie-reload-notice\">\r\n                  <p class=\"cookie-reload-text\">\r\n                    (Jos olet hyv\u00e4ksynyt ev\u00e4steet, mutta n\u00e4et silti t\u00e4m\u00e4n viestin, lataa sivu uudelleen.)                  <\/p>\r\n                  <a href=\"#\" onclick=\"location.reload(); return false;\">\r\n                    Lataa sivu uudelleen                  <\/a>\r\n              <\/div>\r\n          <\/div>\r\n\r\n      \r\n      <\/div>\r\n<\/div>\r\n\n\n\n<p><a href=\"https:\/\/help.jamk.fi\/tekstitaidot\/wp-content\/uploads\/sites\/63\/2023\/11\/Millainen-raportti-on-tekstilajina-1.pdf\">Diaesitys pdf-tiedostona<\/a><\/p>\n\n\n\n<h2 class=\"wp-block-heading\"><strong>Millainen essee on tekstilajina?<\/strong><\/h2>\n\n\n\n<p>Videolla esitell\u00e4\u00e4n esseen keskeisimm\u00e4t piirteet. Katso video painamalla kuvaa tai <a href=\"https:\/\/panopto.jamk.fi\/Panopto\/Pages\/Viewer.aspx?id=59e9644f-97cf-41a4-b2e6-af4f00bad129\">&#8221;Millainen essee on tekstilajina?&#8221;<\/a>.<\/p>\n\n\n\r\n<div id=\"embed-block_e5bae592fae93e8b55aa08c9ff7ccffd\" class=\"embed block-embed\">\r\n      <div class=\"block-embed__wrapper\">\r\n\r\n      \r\n          <div class=\"block-embed__cookie-notice--wrapper\" id=\"cookie-notice\">\r\n              <div class=\"block-embed__cookie-notice--text\">\r\n                                    <p>Hyv\u00e4ksy v\u00e4ltt\u00e4m\u00e4tt\u00f6m\u00e4t ev\u00e4steet n\u00e4hd\u00e4ksesi upotetun sis\u00e4ll\u00f6n: preferences.<\/p>\r\n                  <a href=\"#\" class=\"ch2-open-settings-btn\"> Hyv\u00e4ksy v\u00e4ltt\u00e4m\u00e4tt\u00f6m\u00e4t ev\u00e4steet<\/a>\r\n              <\/div>\r\n              <div class=\"block-embed__cookie-reload-notice\">\r\n                  <p class=\"cookie-reload-text\">\r\n                    (Jos olet hyv\u00e4ksynyt ev\u00e4steet, mutta n\u00e4et silti t\u00e4m\u00e4n viestin, lataa sivu uudelleen.)                  <\/p>\r\n                  <a href=\"#\" onclick=\"location.reload(); return false;\">\r\n                    Lataa sivu uudelleen                  <\/a>\r\n              <\/div>\r\n          <\/div>\r\n\r\n      \r\n      <\/div>\r\n<\/div>\r\n\n\n\n<p><a href=\"https:\/\/help.jamk.fi\/tekstitaidot\/wp-content\/uploads\/sites\/63\/2023\/09\/Millainen-essee-on-tekstilajina.pdf\">Diaesitys pdf-tiedostona<\/a><\/p>\n\n\n\n<h2 class=\"wp-block-heading\"><strong>Mit\u00e4 yhteist\u00e4 ja eroa raportilla ja esseell\u00e4 on?<\/strong><\/h2>\n\n\n\n<p>Video keskittyy esitt\u00e4m\u00e4\u00e4n raportin ja esseen keskeisimm\u00e4t yhtenev\u00e4isyydet ja eroavaisuudet. Katso video painamalla kuvaa tai <a href=\"https:\/\/panopto.jamk.fi\/Panopto\/Pages\/Viewer.aspx?id=1d105264-84cf-4a04-acd2-af4f00bb7deb\">&#8221;Mit\u00e4 yhteist\u00e4 ja eroa raportilla ja esseell\u00e4 on?&#8221;<\/a>.<\/p>\n\n\n\r\n<div id=\"embed-block_da3bfeed691e559e3530e7386fed0133\" class=\"embed block-embed\">\r\n      <div class=\"block-embed__wrapper\">\r\n\r\n      \r\n          <div class=\"block-embed__cookie-notice--wrapper\" id=\"cookie-notice\">\r\n              <div class=\"block-embed__cookie-notice--text\">\r\n                                    <p>Hyv\u00e4ksy v\u00e4ltt\u00e4m\u00e4tt\u00f6m\u00e4t ev\u00e4steet n\u00e4hd\u00e4ksesi upotetun sis\u00e4ll\u00f6n: preferences.<\/p>\r\n                  <a href=\"#\" class=\"ch2-open-settings-btn\"> Hyv\u00e4ksy v\u00e4ltt\u00e4m\u00e4tt\u00f6m\u00e4t ev\u00e4steet<\/a>\r\n              <\/div>\r\n              <div class=\"block-embed__cookie-reload-notice\">\r\n                  <p class=\"cookie-reload-text\">\r\n                    (Jos olet hyv\u00e4ksynyt ev\u00e4steet, mutta n\u00e4et silti t\u00e4m\u00e4n viestin, lataa sivu uudelleen.)                  <\/p>\r\n                  <a href=\"#\" onclick=\"location.reload(); return false;\">\r\n                    Lataa sivu uudelleen                  <\/a>\r\n              <\/div>\r\n          <\/div>\r\n\r\n      \r\n      <\/div>\r\n<\/div>\r\n\n\n\n<p><a href=\"https:\/\/help.jamk.fi\/tekstitaidot\/wp-content\/uploads\/sites\/63\/2023\/09\/Mita-yhteista-ja-eroa-raportilla-ja-esseella-on.pdf\">Diaesitys pdf-tiedostona<\/a><\/p>\n","protected":false},"excerpt":{"rendered":"<p>YAMK-opinnoissa kirjoitetaan paljon raportteja ja esseit\u00e4. Arkikieless\u00e4 tekstilajit usein menev\u00e4t sekaisin, mutta kyseess\u00e4 on kuitenkin kaksi omantyyppist\u00e4 teksti\u00e4\u00e4n. T\u00e4ll\u00e4 sivulla esitell\u00e4\u00e4n kummankin tekstilajin keskeisimm\u00e4t piirteet, eri variaatiot sek\u00e4 yleisimm\u00e4t erot ja yhtenev\u00e4isyydet. Millainen raportti on tekstilajina? Videolla keskityt\u00e4\u00e4n raportin tunnusmerkkeihin. Katso video painamalla kuvaa tai &#8221;Millainen raportti on tekstilajina?&#8221;. Diaesitys pdf-tiedostona Millainen essee on tekstilajina? [&hellip;]<\/p>\n","protected":false},"author":93,"featured_media":0,"parent":8,"menu_order":0,"comment_status":"closed","ping_status":"closed","template":"","meta":{"_acf_changed":false,"_relevanssi_hide_post":"","_relevanssi_hide_content":"","_relevanssi_pin_for_all":"","_relevanssi_pin_keywords":"","_relevanssi_unpin_keywords":"","_relevanssi_related_keywords":"","_relevanssi_related_include_ids":"","_relevanssi_related_exclude_ids":"","_relevanssi_related_no_append":"","_relevanssi_related_not_related":"","_relevanssi_related_posts":"","_relevanssi_noindex_reason":"","footnotes":""},"categories":[1],"tags":[],"class_list":["post-77","page","type-page","status-publish","hentry","category-yleinen"],"acf":[],"yoast_head":"<!-- This site is optimized with the Yoast SEO plugin v27.4 - https:\/\/yoast.com\/product\/yoast-seo-wordpress\/ -->\n<title>1.1 Raportti ja essee - Tekstitaidot haltuun<\/title>\n<meta name=\"robots\" content=\"index, follow, max-snippet:-1, max-image-preview:large, max-video-preview:-1\" \/>\n<link rel=\"canonical\" href=\"https:\/\/help.jamk.fi\/tekstitaidot\/fi\/1-tekstilajit\/1-1-raportti-ja-essee\/\" \/>\n<meta property=\"og:locale\" content=\"fi_FI\" \/>\n<meta property=\"og:type\" content=\"article\" \/>\n<meta property=\"og:title\" content=\"1.1 Raportti ja essee - Tekstitaidot haltuun\" \/>\n<meta property=\"og:description\" content=\"YAMK-opinnoissa kirjoitetaan paljon raportteja ja esseit\u00e4. Arkikieless\u00e4 tekstilajit usein menev\u00e4t sekaisin, mutta kyseess\u00e4 on kuitenkin kaksi omantyyppist\u00e4 teksti\u00e4\u00e4n. T\u00e4ll\u00e4 sivulla esitell\u00e4\u00e4n kummankin tekstilajin keskeisimm\u00e4t piirteet, eri variaatiot sek\u00e4 yleisimm\u00e4t erot ja yhtenev\u00e4isyydet. Millainen raportti on tekstilajina? Videolla keskityt\u00e4\u00e4n raportin tunnusmerkkeihin. Katso video painamalla kuvaa tai &#8221;Millainen raportti on tekstilajina?&#8221;. Diaesitys pdf-tiedostona Millainen essee on tekstilajina? [&hellip;]\" \/>\n<meta property=\"og:url\" content=\"https:\/\/help.jamk.fi\/tekstitaidot\/fi\/1-tekstilajit\/1-1-raportti-ja-essee\/\" \/>\n<meta property=\"og:site_name\" content=\"Tekstitaidot haltuun\" \/>\n<meta property=\"article:modified_time\" content=\"2025-03-21T12:51:35+00:00\" \/>\n<meta name=\"twitter:card\" content=\"summary_large_image\" \/>\n<meta name=\"twitter:label1\" content=\"Arvioitu lukuaika\" \/>\n\t<meta name=\"twitter:data1\" content=\"1 minuutti\" \/>\n<script type=\"application\/ld+json\" class=\"yoast-schema-graph\">{\"@context\":\"https:\\\/\\\/schema.org\",\"@graph\":[{\"@type\":\"WebPage\",\"@id\":\"https:\\\/\\\/help.jamk.fi\\\/tekstitaidot\\\/fi\\\/1-tekstilajit\\\/1-1-raportti-ja-essee\\\/\",\"url\":\"https:\\\/\\\/help.jamk.fi\\\/tekstitaidot\\\/fi\\\/1-tekstilajit\\\/1-1-raportti-ja-essee\\\/\",\"name\":\"1.1 Raportti ja essee - Tekstitaidot haltuun\",\"isPartOf\":{\"@id\":\"https:\\\/\\\/help.jamk.fi\\\/tekstitaidot\\\/#website\"},\"datePublished\":\"2022-05-31T03:24:25+00:00\",\"dateModified\":\"2025-03-21T12:51:35+00:00\",\"breadcrumb\":{\"@id\":\"https:\\\/\\\/help.jamk.fi\\\/tekstitaidot\\\/fi\\\/1-tekstilajit\\\/1-1-raportti-ja-essee\\\/#breadcrumb\"},\"inLanguage\":\"fi\",\"potentialAction\":[{\"@type\":\"ReadAction\",\"target\":[\"https:\\\/\\\/help.jamk.fi\\\/tekstitaidot\\\/fi\\\/1-tekstilajit\\\/1-1-raportti-ja-essee\\\/\"]}]},{\"@type\":\"BreadcrumbList\",\"@id\":\"https:\\\/\\\/help.jamk.fi\\\/tekstitaidot\\\/fi\\\/1-tekstilajit\\\/1-1-raportti-ja-essee\\\/#breadcrumb\",\"itemListElement\":[{\"@type\":\"ListItem\",\"position\":1,\"name\":\"Etusivu\",\"item\":\"https:\\\/\\\/help.jamk.fi\\\/tekstitaidot\\\/fi\\\/\"},{\"@type\":\"ListItem\",\"position\":2,\"name\":\"1 Tekstilajit\",\"item\":\"https:\\\/\\\/help.jamk.fi\\\/tekstitaidot\\\/fi\\\/1-tekstilajit\\\/\"},{\"@type\":\"ListItem\",\"position\":3,\"name\":\"1.1 Raportti ja essee\"}]},{\"@type\":\"WebSite\",\"@id\":\"https:\\\/\\\/help.jamk.fi\\\/tekstitaidot\\\/#website\",\"url\":\"https:\\\/\\\/help.jamk.fi\\\/tekstitaidot\\\/\",\"name\":\"Tekstitaidot haltuun\",\"description\":\"\",\"potentialAction\":[{\"@type\":\"SearchAction\",\"target\":{\"@type\":\"EntryPoint\",\"urlTemplate\":\"https:\\\/\\\/help.jamk.fi\\\/tekstitaidot\\\/?s={search_term_string}\"},\"query-input\":{\"@type\":\"PropertyValueSpecification\",\"valueRequired\":true,\"valueName\":\"search_term_string\"}}],\"inLanguage\":\"fi\"}]}<\/script>\n<!-- \/ Yoast SEO plugin. -->","yoast_head_json":{"title":"1.1 Raportti ja essee - Tekstitaidot haltuun","robots":{"index":"index","follow":"follow","max-snippet":"max-snippet:-1","max-image-preview":"max-image-preview:large","max-video-preview":"max-video-preview:-1"},"canonical":"https:\/\/help.jamk.fi\/tekstitaidot\/fi\/1-tekstilajit\/1-1-raportti-ja-essee\/","og_locale":"fi_FI","og_type":"article","og_title":"1.1 Raportti ja essee - Tekstitaidot haltuun","og_description":"YAMK-opinnoissa kirjoitetaan paljon raportteja ja esseit\u00e4. Arkikieless\u00e4 tekstilajit usein menev\u00e4t sekaisin, mutta kyseess\u00e4 on kuitenkin kaksi omantyyppist\u00e4 teksti\u00e4\u00e4n. T\u00e4ll\u00e4 sivulla esitell\u00e4\u00e4n kummankin tekstilajin keskeisimm\u00e4t piirteet, eri variaatiot sek\u00e4 yleisimm\u00e4t erot ja yhtenev\u00e4isyydet. Millainen raportti on tekstilajina? Videolla keskityt\u00e4\u00e4n raportin tunnusmerkkeihin. Katso video painamalla kuvaa tai &#8221;Millainen raportti on tekstilajina?&#8221;. Diaesitys pdf-tiedostona Millainen essee on tekstilajina? [&hellip;]","og_url":"https:\/\/help.jamk.fi\/tekstitaidot\/fi\/1-tekstilajit\/1-1-raportti-ja-essee\/","og_site_name":"Tekstitaidot haltuun","article_modified_time":"2025-03-21T12:51:35+00:00","twitter_card":"summary_large_image","twitter_misc":{"Arvioitu lukuaika":"1 minuutti"},"schema":{"@context":"https:\/\/schema.org","@graph":[{"@type":"WebPage","@id":"https:\/\/help.jamk.fi\/tekstitaidot\/fi\/1-tekstilajit\/1-1-raportti-ja-essee\/","url":"https:\/\/help.jamk.fi\/tekstitaidot\/fi\/1-tekstilajit\/1-1-raportti-ja-essee\/","name":"1.1 Raportti ja essee - Tekstitaidot haltuun","isPartOf":{"@id":"https:\/\/help.jamk.fi\/tekstitaidot\/#website"},"datePublished":"2022-05-31T03:24:25+00:00","dateModified":"2025-03-21T12:51:35+00:00","breadcrumb":{"@id":"https:\/\/help.jamk.fi\/tekstitaidot\/fi\/1-tekstilajit\/1-1-raportti-ja-essee\/#breadcrumb"},"inLanguage":"fi","potentialAction":[{"@type":"ReadAction","target":["https:\/\/help.jamk.fi\/tekstitaidot\/fi\/1-tekstilajit\/1-1-raportti-ja-essee\/"]}]},{"@type":"BreadcrumbList","@id":"https:\/\/help.jamk.fi\/tekstitaidot\/fi\/1-tekstilajit\/1-1-raportti-ja-essee\/#breadcrumb","itemListElement":[{"@type":"ListItem","position":1,"name":"Etusivu","item":"https:\/\/help.jamk.fi\/tekstitaidot\/fi\/"},{"@type":"ListItem","position":2,"name":"1 Tekstilajit","item":"https:\/\/help.jamk.fi\/tekstitaidot\/fi\/1-tekstilajit\/"},{"@type":"ListItem","position":3,"name":"1.1 Raportti ja essee"}]},{"@type":"WebSite","@id":"https:\/\/help.jamk.fi\/tekstitaidot\/#website","url":"https:\/\/help.jamk.fi\/tekstitaidot\/","name":"Tekstitaidot haltuun","description":"","potentialAction":[{"@type":"SearchAction","target":{"@type":"EntryPoint","urlTemplate":"https:\/\/help.jamk.fi\/tekstitaidot\/?s={search_term_string}"},"query-input":{"@type":"PropertyValueSpecification","valueRequired":true,"valueName":"search_term_string"}}],"inLanguage":"fi"}]}},"_links":{"self":[{"href":"https:\/\/help.jamk.fi\/tekstitaidot\/wp-json\/wp\/v2\/pages\/77","targetHints":{"allow":["GET"]}}],"collection":[{"href":"https:\/\/help.jamk.fi\/tekstitaidot\/wp-json\/wp\/v2\/pages"}],"about":[{"href":"https:\/\/help.jamk.fi\/tekstitaidot\/wp-json\/wp\/v2\/types\/page"}],"author":[{"embeddable":true,"href":"https:\/\/help.jamk.fi\/tekstitaidot\/wp-json\/wp\/v2\/users\/93"}],"replies":[{"embeddable":true,"href":"https:\/\/help.jamk.fi\/tekstitaidot\/wp-json\/wp\/v2\/comments?post=77"}],"version-history":[{"count":20,"href":"https:\/\/help.jamk.fi\/tekstitaidot\/wp-json\/wp\/v2\/pages\/77\/revisions"}],"predecessor-version":[{"id":636,"href":"https:\/\/help.jamk.fi\/tekstitaidot\/wp-json\/wp\/v2\/pages\/77\/revisions\/636"}],"up":[{"embeddable":true,"href":"https:\/\/help.jamk.fi\/tekstitaidot\/wp-json\/wp\/v2\/pages\/8"}],"wp:attachment":[{"href":"https:\/\/help.jamk.fi\/tekstitaidot\/wp-json\/wp\/v2\/media?parent=77"}],"wp:term":[{"taxonomy":"category","embeddable":true,"href":"https:\/\/help.jamk.fi\/tekstitaidot\/wp-json\/wp\/v2\/categories?post=77"},{"taxonomy":"post_tag","embeddable":true,"href":"https:\/\/help.jamk.fi\/tekstitaidot\/wp-json\/wp\/v2\/tags?post=77"}],"curies":[{"name":"wp","href":"https:\/\/api.w.org\/{rel}","templated":true}]}}